{"id":14492,"date":"2025-06-14T12:27:37","date_gmt":"2025-06-14T12:27:37","guid":{"rendered":"https:\/\/homeproject.fr\/fr\/?post_type=product&#038;p=14492"},"modified":"2025-06-14T12:43:16","modified_gmt":"2025-06-14T12:43:16","slug":"fauteuil-contemporain-en-noyer-et-tissu-bouclette-nimbus-006-aska-gazzda","status":"publish","type":"product","link":"https:\/\/homeproject.fr\/fr\/produit\/fauteuil-contemporain-en-noyer-et-tissu-bouclette-nimbus-006-aska-gazzda\/","title":{"rendered":"Fauteuil contemporain en noyer et tissu bouclette Nimbus 006 Aska \u2013 Gazzda"},"content":{"rendered":"<div class=\"flex-1 overflow-hidden @container\/thread\">\n<div class=\"h-full\">\n<div class=\"react-scroll-to-bottom--css-avwfw-79elbk h-full\">\n<div class=\"react-scroll-to-bottom--css-avwfw-1n7m0yu\">\n<div class=\"flex flex-col text-sm md:pb-9\">\n<article class=\"w-full scroll-mb-[var(--thread-trailing-height,150px)] text-token-text-primary focus-visible:outline-2 focus-visible:outline-offset-[-4px]\" dir=\"auto\" data-testid=\"conversation-turn-13\" data-scroll-anchor=\"true\">\n<div class=\"m-auto text-base py-[18px] px-3 md:px-4 w-full md:px-5 lg:px-4 xl:px-5\">\n<div class=\"mx-auto flex flex-1 gap-4 text-base md:gap-5 lg:gap-6 md:max-w-3xl lg:max-w-[40rem] xl:max-w-[48rem]\">\n<div class=\"group\/conversation-turn relative flex w-full min-w-0 flex-col agent-turn\">\n<div class=\"flex-col gap-1 md:gap-3\">\n<div class=\"flex max-w-full flex-col flex-grow\">\n<div class=\"min-h-8 text-message flex w-full flex-col items-end gap-2 whitespace-normal break-words text-start [.text-message+&]:mt-5\" dir=\"auto\" data-message-author-role=\"assistant\" data-message-id=\"dc5cab26-9697-46d2-b6fe-c8745ded277b\" data-message-model-slug=\"gpt-4o\">\n<div class=\"flex w-full flex-col gap-1 empty:hidden first:pt-[3px]\">\n<div class=\"markdown prose w-full break-words dark:prose-invert light\">\n<p data-start=\"601\" data-end=\"888\">Pens\u00e9 par le designer <strong data-start=\"623\" data-end=\"644\">Salih Teskered\u017ei\u0107<\/strong>, le fauteuil Aska se distingue par ses lignes \u00e9pur\u00e9es, son design a\u00e9rien et sa silhouette sculpturale. La structure l\u00e9g\u00e8re et fine contraste avec la g\u00e9n\u00e9rosit\u00e9 de l\u2019assise et du dossier, cr\u00e9ant un parfait \u00e9quilibre entre esth\u00e9tique et confort.<\/p>\n<hr data-start=\"890\" data-end=\"893\" \/>\n<h3 data-start=\"895\" data-end=\"921\"><strong data-start=\"899\" data-end=\"921\">Caract\u00e9ristiques :<\/strong><\/h3>\n<ul data-start=\"922\" data-end=\"1334\">\n<li data-start=\"922\" data-end=\"958\">\n<p data-start=\"924\" data-end=\"958\"><strong data-start=\"924\" data-end=\"938\">Designer :<\/strong> Salih Teskered\u017ei\u0107<\/p>\n<\/li>\n<li data-start=\"959\" data-end=\"982\">\n<p data-start=\"961\" data-end=\"982\"><strong data-start=\"961\" data-end=\"973\">Marque :<\/strong> Gazzda<\/p>\n<\/li>\n<li data-start=\"983\" data-end=\"1029\">\n<p data-start=\"985\" data-end=\"1029\"><strong data-start=\"985\" data-end=\"1000\">Structure :<\/strong> Bois massif de noyer huil\u00e9<\/p>\n<\/li>\n<li data-start=\"1030\" data-end=\"1132\">\n<p data-start=\"1032\" data-end=\"1132\"><strong data-start=\"1032\" data-end=\"1055\">Assise et dossier :<\/strong> Rembourr\u00e9s, rev\u00eatement tissu bouclette haut de gamme (coloris blanc cass\u00e9)<\/p>\n<\/li>\n<li data-start=\"1133\" data-end=\"1206\">\n<p data-start=\"1135\" data-end=\"1206\"><strong data-start=\"1135\" data-end=\"1151\">Dimensions :<\/strong> L 80,5 cm x P 84,5 cm x H 84 cm \u2013 assise h.43 cm<\/p>\n<\/li>\n<\/ul>\n<p><img fetchpriority=\"high\" decoding=\"async\" class=\"alignnone size-full wp-image-14578\" src=\"https:\/\/homeproject.fr\/fr\/wp-content\/uploads\/2025\/06\/Aska-2D_2_Aska.jpg\" alt=\"\" width=\"323\" height=\"190\" srcset=\"https:\/\/homeproject.fr\/fr\/wp-content\/uploads\/2025\/06\/Aska-2D_2_Aska.jpg 323w, https:\/\/homeproject.fr\/fr\/wp-content\/uploads\/2025\/06\/Aska-2D_2_Aska-300x176.jpg 300w, https:\/\/homeproject.fr\/fr\/wp-content\/uploads\/2025\/06\/Aska-2D_2_Aska-18x12.jpg 18w\" sizes=\"(max-width: 323px) 100vw, 323px\" \/><\/p>\n<ul data-start=\"922\" data-end=\"1334\">\n<li data-start=\"1207\" data-end=\"1229\">\n<p data-start=\"1209\" data-end=\"1229\"><strong data-start=\"1209\" data-end=\"1220\">Poids :<\/strong> 13 kg<\/p>\n<\/li>\n<li data-start=\"1230\" data-end=\"1279\">\n<p data-start=\"1232\" data-end=\"1279\"><strong data-start=\"1232\" data-end=\"1249\">Fabrication :<\/strong> Europe (Bosnie-Herz\u00e9govine)<\/p>\n<\/li>\n<li data-start=\"1280\" data-end=\"1334\">\n<p data-start=\"1282\" data-end=\"1334\"><strong data-start=\"1282\" data-end=\"1293\">Usage :<\/strong> Int\u00e9rieur \u2013 salon, coin lecture, chambre<\/p>\n<\/li>\n<\/ul>\n<hr data-start=\"1336\" data-end=\"1339\" \/>\n<h3 data-start=\"1341\" data-end=\"1364\"><strong data-start=\"1345\" data-end=\"1364\">Les + produit :<\/strong><\/h3>\n<ul data-start=\"1365\" data-end=\"1671\">\n<li data-start=\"1365\" data-end=\"1423\">\n<p data-start=\"1367\" data-end=\"1423\">Design moderne et chaleureux inspir\u00e9 du style scandinave<\/p>\n<\/li>\n<li data-start=\"1424\" data-end=\"1493\">\n<p data-start=\"1426\" data-end=\"1493\">Confort optimal gr\u00e2ce au rembourrage moelleux et au dossier inclin\u00e9<\/p>\n<\/li>\n<li data-start=\"1494\" data-end=\"1555\">\n<p data-start=\"1496\" data-end=\"1555\">Bois de noyer certifi\u00e9 FSC, gage de durabilit\u00e9 et d\u2019\u00e9thique<\/p>\n<\/li>\n<li data-start=\"1556\" data-end=\"1588\">\n<p data-start=\"1558\" data-end=\"1588\">Fabrication artisanale soign\u00e9e<\/p>\n<\/li>\n<li data-start=\"1589\" data-end=\"1671\">\n<p data-start=\"1591\" data-end=\"1671\">S\u2019int\u00e8gre aussi bien dans un int\u00e9rieur contemporain, minimaliste que mid-century<\/p>\n<\/li>\n<\/ul>\n<hr data-start=\"1673\" data-end=\"1676\" \/>\n<h3 data-start=\"1678\" data-end=\"1700\"><strong data-start=\"1682\" data-end=\"1700\">Conseil d\u00e9co :<\/strong><\/h3>\n<p data-start=\"1701\" data-end=\"1968\">Associez le fauteuil <strong data-start=\"1722\" data-end=\"1730\">Aska<\/strong> \u00e0 une table basse en bois naturel et un tapis en laine aux tons neutres pour cr\u00e9er un coin d\u00e9tente \u00e9pur\u00e9 et accueillant. Il se marie parfaitement avec des murs clairs, du b\u00e9ton cir\u00e9 ou un habillage bois pour une ambiance zen et raffin\u00e9e.<\/p>\n<h4 data-start=\"494\" data-end=\"533\"><strong style=\"font-family: inherit; font-size: 30px;\">Vous avez des questions ?<\/strong><\/h4>\n<\/div>\n<\/div>\n<\/div>\n<\/div>\n<\/div>\n<\/div>\n<\/div>\n<\/div>\n<\/article>\n<\/div>\n<\/div>\n<\/div>\n<\/div>\n<\/div>\n<style id=\"wpforms-css-vars-3675\">\n\t\t\t\t#wpforms-3675 {\n\t\t\t\t\n\t\t\t}\n\t\t\t<\/style><div class=\"wpforms-container wpforms-container-full wpforms-render-modern\" id=\"wpforms-3675\"><form id=\"wpforms-form-3675\" class=\"wpforms-validate wpforms-form wpforms-ajax-form\" data-formid=\"3675\" method=\"post\" enctype=\"multipart\/form-data\" action=\"\/fr\/wp-json\/wp\/v2\/product\/14492\" data-token=\"2921a7ac3408d834be151983965c4ab3\" data-token-time=\"1777951837\"><noscript class=\"wpforms-error-noscript\">Veuillez activer JavaScript dans votre navigateur pour remplir ce formulaire.<\/noscript><div id=\"wpforms-error-noscript\" style=\"display: none;\">Veuillez activer JavaScript dans votre navigateur pour remplir ce formulaire.<\/div><div class=\"wpforms-field-container\"><div id=\"wpforms-3675-field_3-container\" class=\"wpforms-field wpforms-field-name\" data-field-id=\"3\"><fieldset><legend class=\"wpforms-field-label\">Nom <span class=\"wpforms-required-label\" aria-hidden=\"true\">*<\/span><\/legend><div class=\"wpforms-field-row wpforms-field-medium\"><div class=\"wpforms-field-row-block wpforms-first wpforms-one-half\"><input type=\"text\" id=\"wpforms-3675-field_3\" class=\"wpforms-field-name-first wpforms-field-required\" name=\"wpforms[fields][3][first]\" aria-errormessage=\"wpforms-3675-field_3-error\" required><label for=\"wpforms-3675-field_3\" class=\"wpforms-field-sublabel after\">Pr\u00e9nom<\/label><\/div><div class=\"wpforms-field-row-block wpforms-one-half\"><input type=\"text\" id=\"wpforms-3675-field_3-last\" class=\"wpforms-field-name-last wpforms-field-required\" name=\"wpforms[fields][3][last]\" aria-errormessage=\"wpforms-3675-field_3-last-error\" required><label for=\"wpforms-3675-field_3-last\" class=\"wpforms-field-sublabel after\">Nom<\/label><\/div><\/div><\/fieldset><\/div>\t\t<div id=\"wpforms-3675-field_1-container\"\n\t\t\tclass=\"wpforms-field wpforms-field-text\"\n\t\t\tdata-field-type=\"text\"\n\t\t\tdata-field-id=\"1\"\n\t\t\t>\n\t\t\t<label class=\"wpforms-field-label\" for=\"wpforms-3675-field_1\" >E-mail Message Nom<\/label>\n\t\t\t<input type=\"text\" id=\"wpforms-3675-field_1\" class=\"wpforms-field-medium\" name=\"wpforms[fields][1]\" >\n\t\t<\/div>\n\t\t<div id=\"wpforms-3675-field_4-container\" class=\"wpforms-field wpforms-field-email\" data-field-id=\"4\"><label class=\"wpforms-field-label\" for=\"wpforms-3675-field_4\">E-mail <span class=\"wpforms-required-label\" aria-hidden=\"true\">*<\/span><\/label><input type=\"email\" id=\"wpforms-3675-field_4\" class=\"wpforms-field-medium wpforms-field-required\" name=\"wpforms[fields][4]\" spellcheck=\"false\" aria-errormessage=\"wpforms-3675-field_4-error\" required><\/div><div id=\"wpforms-3675-field_5-container\" class=\"wpforms-field wpforms-field-textarea\" data-field-id=\"5\"><label class=\"wpforms-field-label\" for=\"wpforms-3675-field_5\">Message <span class=\"wpforms-required-label\" aria-hidden=\"true\">*<\/span><\/label><textarea id=\"wpforms-3675-field_5\" class=\"wpforms-field-medium wpforms-field-required\" name=\"wpforms[fields][5]\" aria-errormessage=\"wpforms-3675-field_5-error\" required><\/textarea><\/div><script>\n\t\t\t\t( function() {\n\t\t\t\t\tconst style = document.createElement( 'style' );\n\t\t\t\t\tstyle.appendChild( document.createTextNode( '#wpforms-3675-field_1-container { position: absolute !important; overflow: hidden !important; display: inline !important; height: 1px !important; width: 1px !important; z-index: -1000 !important; padding: 0 !important; } #wpforms-3675-field_1-container input { visibility: hidden; } #wpforms-conversational-form-page #wpforms-3675-field_1-container label { counter-increment: none; }' ) );\n\t\t\t\t\tdocument.head.appendChild( style );\n\t\t\t\t\tdocument.currentScript?.remove();\n\t\t\t\t} )();\n\t\t\t<\/script><\/div><!-- .wpforms-field-container --><div class=\"wpforms-submit-container\" ><input type=\"hidden\" name=\"wpforms[id]\" value=\"3675\"><input type=\"hidden\" name=\"page_title\" value=\"\"><input type=\"hidden\" name=\"page_url\" value=\"https:\/\/homeproject.fr\/fr\/wp-json\/wp\/v2\/product\/14492\"><input type=\"hidden\" name=\"url_referer\" value=\"\"><button type=\"submit\" name=\"wpforms[submit]\" id=\"wpforms-submit-3675\" class=\"wpforms-submit\" data-alt-text=\"Envoi...\" data-submit-text=\"Envoyer\" aria-live=\"assertive\" value=\"wpforms-submit\">Envoyer<\/button><img decoding=\"async\" src=\"https:\/\/homeproject.fr\/fr\/wp-content\/plugins\/wpforms-lite\/assets\/images\/submit-spin.svg\" class=\"wpforms-submit-spinner\" style=\"display: none;\" width=\"26\" height=\"26\" alt=\"Chargement en cours\"><\/div><\/form><\/div>  <!-- .wpforms-container -->\n","protected":false},"excerpt":{"rendered":"<p data-start=\"257\" data-end=\"599\">Offrez \u00e0 votre int\u00e9rieur une touche d&rsquo;\u00e9l\u00e9gance intemporelle avec le fauteuil <strong data-start=\"334\" data-end=\"342\">Aska<\/strong> de la marque <strong data-start=\"356\" data-end=\"366\">Gazzda<\/strong>. Con\u00e7u avec un sens du d\u00e9tail rare, ce fauteuil lounge allie la chaleur naturelle du bois de noyer massif \u00e0 la douceur enveloppante d\u2019un tissu bouclette blanc cass\u00e9 Nimbus 006, pour une assise \u00e0 la fois confortable et r\u00e9solument contemporaine.<\/p>\n<p data-start=\"601\" data-end=\"888\">Pens\u00e9 par le designer <strong data-start=\"623\" data-end=\"644\">Salih Teskered\u017ei\u0107<\/strong>, le fauteuil Aska se distingue par ses lignes \u00e9pur\u00e9es, son design a\u00e9rien et sa silhouette sculpturale. La structure l\u00e9g\u00e8re et fine contraste avec la g\u00e9n\u00e9rosit\u00e9 de l\u2019assise et du dossier, cr\u00e9ant un parfait \u00e9quilibre entre esth\u00e9tique et confort.<\/p>\n","protected":false},"featured_media":14573,"template":"","meta":{"_uf_show_specific_survey":0,"_uf_disable_surveys":false,"iawp_total_views":9},"product_brand":[525],"product_cat":[150],"product_tag":[],"class_list":{"0":"post-14492","1":"product","2":"type-product","3":"status-publish","4":"has-post-thumbnail","6":"product_brand-gazzda","7":"product_cat-fauteuils","8":"product_shipping_class-gros-colis-messagerie","9":"pa_collection-aska-par-gazzda","10":"pa_designer-salih-teskeredzic","11":"pa_marque-gazzda","12":"pa_materiau-bois","13":"pa_materiau-tissu","15":"first","16":"instock","17":"sale","18":"taxable","19":"shipping-taxable","20":"purchasable","21":"product-type-simple"},"yoast_head":"<!-- This site is optimized with the Yoast SEO plugin v27.5 - https:\/\/yoast.com\/product\/yoast-seo-wordpress\/ -->\n<title>Fauteuil contemporain en noyer et tissu bouclette Nimbus 006 Aska \u2013 Gazzda - Homeproject.fr<\/title>\n<meta name=\"description\" content=\"Fauteuil design en bois de noyer et tissu bouclette blanc Aska de Gazzda. \u00c9l\u00e9gant, confortable et fabriqu\u00e9 en Europe. \u00c0 d\u00e9couvrir sur HomeProject.fr.\" \/>\n<meta name=\"robots\" content=\"index, follow, max-snippet:-1, max-image-preview:large, max-video-preview:-1\" \/>\n<link rel=\"canonical\" href=\"https:\/\/homeproject.fr\/fr\/produit\/fauteuil-contemporain-en-noyer-et-tissu-bouclette-nimbus-006-aska-gazzda\/\" \/>\n<meta property=\"og:locale\" content=\"fr_FR\" \/>\n<meta property=\"og:type\" content=\"article\" \/>\n<meta property=\"og:title\" content=\"Fauteuil contemporain en noyer et tissu bouclette Nimbus 006 Aska \u2013 Gazzda - Homeproject.fr\" \/>\n<meta property=\"og:description\" content=\"Fauteuil design en bois de noyer et tissu bouclette blanc Aska de Gazzda. \u00c9l\u00e9gant, confortable et fabriqu\u00e9 en Europe. \u00c0 d\u00e9couvrir sur HomeProject.fr.\" \/>\n<meta property=\"og:url\" content=\"https:\/\/homeproject.fr\/fr\/produit\/fauteuil-contemporain-en-noyer-et-tissu-bouclette-nimbus-006-aska-gazzda\/\" \/>\n<meta property=\"og:site_name\" content=\"Homeproject.fr\" \/>\n<meta property=\"article:modified_time\" content=\"2025-06-14T12:43:16+00:00\" \/>\n<meta property=\"og:image\" content=\"https:\/\/homeproject.fr\/fr\/wp-content\/uploads\/2025\/06\/Fauteuil-contemporain-en-bois-noyer-et-tissu-bouclette-blanche-Gazzda-Aska-5.jpg\" \/>\n\t<meta property=\"og:image:width\" content=\"1500\" \/>\n\t<meta property=\"og:image:height\" content=\"1500\" \/>\n\t<meta property=\"og:image:type\" content=\"image\/jpeg\" \/>\n<meta name=\"twitter:card\" content=\"summary_large_image\" \/>\n<meta name=\"twitter:label1\" content=\"Dur\u00e9e de lecture estim\u00e9e\" \/>\n\t<meta name=\"twitter:data1\" content=\"2 minutes\" \/>\n<script type=\"application\/ld+json\" class=\"yoast-schema-graph\">{\"@context\":\"https:\\\/\\\/schema.org\",\"@graph\":[{\"@type\":\"WebPage\",\"@id\":\"https:\\\/\\\/homeproject.fr\\\/fr\\\/produit\\\/fauteuil-contemporain-en-noyer-et-tissu-bouclette-nimbus-006-aska-gazzda\\\/\",\"url\":\"https:\\\/\\\/homeproject.fr\\\/fr\\\/produit\\\/fauteuil-contemporain-en-noyer-et-tissu-bouclette-nimbus-006-aska-gazzda\\\/\",\"name\":\"Fauteuil contemporain en noyer et tissu bouclette Nimbus 006 Aska \u2013 Gazzda - Homeproject.fr\",\"isPartOf\":{\"@id\":\"https:\\\/\\\/homeproject.fr\\\/fr\\\/#website\"},\"primaryImageOfPage\":{\"@id\":\"https:\\\/\\\/homeproject.fr\\\/fr\\\/produit\\\/fauteuil-contemporain-en-noyer-et-tissu-bouclette-nimbus-006-aska-gazzda\\\/#primaryimage\"},\"image\":{\"@id\":\"https:\\\/\\\/homeproject.fr\\\/fr\\\/produit\\\/fauteuil-contemporain-en-noyer-et-tissu-bouclette-nimbus-006-aska-gazzda\\\/#primaryimage\"},\"thumbnailUrl\":\"https:\\\/\\\/homeproject.fr\\\/fr\\\/wp-content\\\/uploads\\\/2025\\\/06\\\/Fauteuil-contemporain-en-bois-noyer-et-tissu-bouclette-blanche-Gazzda-Aska-5.jpg\",\"datePublished\":\"2025-06-14T12:27:37+00:00\",\"dateModified\":\"2025-06-14T12:43:16+00:00\",\"description\":\"Fauteuil design en bois de noyer et tissu bouclette blanc Aska de Gazzda. \u00c9l\u00e9gant, confortable et fabriqu\u00e9 en Europe. \u00c0 d\u00e9couvrir sur HomeProject.fr.\",\"breadcrumb\":{\"@id\":\"https:\\\/\\\/homeproject.fr\\\/fr\\\/produit\\\/fauteuil-contemporain-en-noyer-et-tissu-bouclette-nimbus-006-aska-gazzda\\\/#breadcrumb\"},\"inLanguage\":\"fr-FR\",\"potentialAction\":[{\"@type\":\"ReadAction\",\"target\":[\"https:\\\/\\\/homeproject.fr\\\/fr\\\/produit\\\/fauteuil-contemporain-en-noyer-et-tissu-bouclette-nimbus-006-aska-gazzda\\\/\"]}]},{\"@type\":\"ImageObject\",\"inLanguage\":\"fr-FR\",\"@id\":\"https:\\\/\\\/homeproject.fr\\\/fr\\\/produit\\\/fauteuil-contemporain-en-noyer-et-tissu-bouclette-nimbus-006-aska-gazzda\\\/#primaryimage\",\"url\":\"https:\\\/\\\/homeproject.fr\\\/fr\\\/wp-content\\\/uploads\\\/2025\\\/06\\\/Fauteuil-contemporain-en-bois-noyer-et-tissu-bouclette-blanche-Gazzda-Aska-5.jpg\",\"contentUrl\":\"https:\\\/\\\/homeproject.fr\\\/fr\\\/wp-content\\\/uploads\\\/2025\\\/06\\\/Fauteuil-contemporain-en-bois-noyer-et-tissu-bouclette-blanche-Gazzda-Aska-5.jpg\",\"width\":1500,\"height\":1500},{\"@type\":\"BreadcrumbList\",\"@id\":\"https:\\\/\\\/homeproject.fr\\\/fr\\\/produit\\\/fauteuil-contemporain-en-noyer-et-tissu-bouclette-nimbus-006-aska-gazzda\\\/#breadcrumb\",\"itemListElement\":[{\"@type\":\"ListItem\",\"position\":1,\"name\":\"Accueil\",\"item\":\"https:\\\/\\\/homeproject.fr\\\/fr\\\/\"},{\"@type\":\"ListItem\",\"position\":2,\"name\":\"Boutique\",\"item\":\"https:\\\/\\\/homeproject.fr\\\/fr\\\/boutique\\\/\"},{\"@type\":\"ListItem\",\"position\":3,\"name\":\"Fauteuil contemporain en noyer et tissu bouclette Nimbus 006 Aska \u2013 Gazzda\"}]},{\"@type\":\"WebSite\",\"@id\":\"https:\\\/\\\/homeproject.fr\\\/fr\\\/#website\",\"url\":\"https:\\\/\\\/homeproject.fr\\\/fr\\\/\",\"name\":\"Homeproject.fr\",\"description\":\"Offrez l&#039;exceptionnel \u00e0 vos espaces \u00e0 vivre\",\"publisher\":{\"@id\":\"https:\\\/\\\/homeproject.fr\\\/fr\\\/#organization\"},\"potentialAction\":[{\"@type\":\"SearchAction\",\"target\":{\"@type\":\"EntryPoint\",\"urlTemplate\":\"https:\\\/\\\/homeproject.fr\\\/fr\\\/?s={search_term_string}\"},\"query-input\":{\"@type\":\"PropertyValueSpecification\",\"valueRequired\":true,\"valueName\":\"search_term_string\"}}],\"inLanguage\":\"fr-FR\"},{\"@type\":\"Organization\",\"@id\":\"https:\\\/\\\/homeproject.fr\\\/fr\\\/#organization\",\"name\":\"Homeproject.fr\",\"url\":\"https:\\\/\\\/homeproject.fr\\\/fr\\\/\",\"logo\":{\"@type\":\"ImageObject\",\"inLanguage\":\"fr-FR\",\"@id\":\"https:\\\/\\\/homeproject.fr\\\/fr\\\/#\\\/schema\\\/logo\\\/image\\\/\",\"url\":\"https:\\\/\\\/homeproject.fr\\\/fr\\\/wp-content\\\/uploads\\\/2024\\\/12\\\/Logo_HomeProject-noir-2.png\",\"contentUrl\":\"https:\\\/\\\/homeproject.fr\\\/fr\\\/wp-content\\\/uploads\\\/2024\\\/12\\\/Logo_HomeProject-noir-2.png\",\"width\":300,\"height\":91,\"caption\":\"Homeproject.fr\"},\"image\":{\"@id\":\"https:\\\/\\\/homeproject.fr\\\/fr\\\/#\\\/schema\\\/logo\\\/image\\\/\"}}]}<\/script>\n<!-- \/ Yoast SEO plugin. -->","yoast_head_json":{"title":"Fauteuil contemporain en noyer et tissu bouclette Nimbus 006 Aska \u2013 Gazzda - Homeproject.fr","description":"Fauteuil design en bois de noyer et tissu bouclette blanc Aska de Gazzda. \u00c9l\u00e9gant, confortable et fabriqu\u00e9 en Europe. \u00c0 d\u00e9couvrir sur HomeProject.fr.","robots":{"index":"index","follow":"follow","max-snippet":"max-snippet:-1","max-image-preview":"max-image-preview:large","max-video-preview":"max-video-preview:-1"},"canonical":"https:\/\/homeproject.fr\/fr\/produit\/fauteuil-contemporain-en-noyer-et-tissu-bouclette-nimbus-006-aska-gazzda\/","og_locale":"fr_FR","og_type":"article","og_title":"Fauteuil contemporain en noyer et tissu bouclette Nimbus 006 Aska \u2013 Gazzda - Homeproject.fr","og_description":"Fauteuil design en bois de noyer et tissu bouclette blanc Aska de Gazzda. \u00c9l\u00e9gant, confortable et fabriqu\u00e9 en Europe. \u00c0 d\u00e9couvrir sur HomeProject.fr.","og_url":"https:\/\/homeproject.fr\/fr\/produit\/fauteuil-contemporain-en-noyer-et-tissu-bouclette-nimbus-006-aska-gazzda\/","og_site_name":"Homeproject.fr","article_modified_time":"2025-06-14T12:43:16+00:00","og_image":[{"width":1500,"height":1500,"url":"https:\/\/homeproject.fr\/fr\/wp-content\/uploads\/2025\/06\/Fauteuil-contemporain-en-bois-noyer-et-tissu-bouclette-blanche-Gazzda-Aska-5.jpg","type":"image\/jpeg"}],"twitter_card":"summary_large_image","twitter_misc":{"Dur\u00e9e de lecture estim\u00e9e":"2 minutes"},"schema":{"@context":"https:\/\/schema.org","@graph":[{"@type":"WebPage","@id":"https:\/\/homeproject.fr\/fr\/produit\/fauteuil-contemporain-en-noyer-et-tissu-bouclette-nimbus-006-aska-gazzda\/","url":"https:\/\/homeproject.fr\/fr\/produit\/fauteuil-contemporain-en-noyer-et-tissu-bouclette-nimbus-006-aska-gazzda\/","name":"Fauteuil contemporain en noyer et tissu bouclette Nimbus 006 Aska \u2013 Gazzda - Homeproject.fr","isPartOf":{"@id":"https:\/\/homeproject.fr\/fr\/#website"},"primaryImageOfPage":{"@id":"https:\/\/homeproject.fr\/fr\/produit\/fauteuil-contemporain-en-noyer-et-tissu-bouclette-nimbus-006-aska-gazzda\/#primaryimage"},"image":{"@id":"https:\/\/homeproject.fr\/fr\/produit\/fauteuil-contemporain-en-noyer-et-tissu-bouclette-nimbus-006-aska-gazzda\/#primaryimage"},"thumbnailUrl":"https:\/\/homeproject.fr\/fr\/wp-content\/uploads\/2025\/06\/Fauteuil-contemporain-en-bois-noyer-et-tissu-bouclette-blanche-Gazzda-Aska-5.jpg","datePublished":"2025-06-14T12:27:37+00:00","dateModified":"2025-06-14T12:43:16+00:00","description":"Fauteuil design en bois de noyer et tissu bouclette blanc Aska de Gazzda. \u00c9l\u00e9gant, confortable et fabriqu\u00e9 en Europe. \u00c0 d\u00e9couvrir sur HomeProject.fr.","breadcrumb":{"@id":"https:\/\/homeproject.fr\/fr\/produit\/fauteuil-contemporain-en-noyer-et-tissu-bouclette-nimbus-006-aska-gazzda\/#breadcrumb"},"inLanguage":"fr-FR","potentialAction":[{"@type":"ReadAction","target":["https:\/\/homeproject.fr\/fr\/produit\/fauteuil-contemporain-en-noyer-et-tissu-bouclette-nimbus-006-aska-gazzda\/"]}]},{"@type":"ImageObject","inLanguage":"fr-FR","@id":"https:\/\/homeproject.fr\/fr\/produit\/fauteuil-contemporain-en-noyer-et-tissu-bouclette-nimbus-006-aska-gazzda\/#primaryimage","url":"https:\/\/homeproject.fr\/fr\/wp-content\/uploads\/2025\/06\/Fauteuil-contemporain-en-bois-noyer-et-tissu-bouclette-blanche-Gazzda-Aska-5.jpg","contentUrl":"https:\/\/homeproject.fr\/fr\/wp-content\/uploads\/2025\/06\/Fauteuil-contemporain-en-bois-noyer-et-tissu-bouclette-blanche-Gazzda-Aska-5.jpg","width":1500,"height":1500},{"@type":"BreadcrumbList","@id":"https:\/\/homeproject.fr\/fr\/produit\/fauteuil-contemporain-en-noyer-et-tissu-bouclette-nimbus-006-aska-gazzda\/#breadcrumb","itemListElement":[{"@type":"ListItem","position":1,"name":"Accueil","item":"https:\/\/homeproject.fr\/fr\/"},{"@type":"ListItem","position":2,"name":"Boutique","item":"https:\/\/homeproject.fr\/fr\/boutique\/"},{"@type":"ListItem","position":3,"name":"Fauteuil contemporain en noyer et tissu bouclette Nimbus 006 Aska \u2013 Gazzda"}]},{"@type":"WebSite","@id":"https:\/\/homeproject.fr\/fr\/#website","url":"https:\/\/homeproject.fr\/fr\/","name":"Homeproject.fr","description":"Offrez l&#039;exceptionnel \u00e0 vos espaces \u00e0 vivre","publisher":{"@id":"https:\/\/homeproject.fr\/fr\/#organization"},"potentialAction":[{"@type":"SearchAction","target":{"@type":"EntryPoint","urlTemplate":"https:\/\/homeproject.fr\/fr\/?s={search_term_string}"},"query-input":{"@type":"PropertyValueSpecification","valueRequired":true,"valueName":"search_term_string"}}],"inLanguage":"fr-FR"},{"@type":"Organization","@id":"https:\/\/homeproject.fr\/fr\/#organization","name":"Homeproject.fr","url":"https:\/\/homeproject.fr\/fr\/","logo":{"@type":"ImageObject","inLanguage":"fr-FR","@id":"https:\/\/homeproject.fr\/fr\/#\/schema\/logo\/image\/","url":"https:\/\/homeproject.fr\/fr\/wp-content\/uploads\/2024\/12\/Logo_HomeProject-noir-2.png","contentUrl":"https:\/\/homeproject.fr\/fr\/wp-content\/uploads\/2024\/12\/Logo_HomeProject-noir-2.png","width":300,"height":91,"caption":"Homeproject.fr"},"image":{"@id":"https:\/\/homeproject.fr\/fr\/#\/schema\/logo\/image\/"}}]}},"_links":{"self":[{"href":"https:\/\/homeproject.fr\/fr\/wp-json\/wp\/v2\/product\/14492","targetHints":{"allow":["GET"]}}],"collection":[{"href":"https:\/\/homeproject.fr\/fr\/wp-json\/wp\/v2\/product"}],"about":[{"href":"https:\/\/homeproject.fr\/fr\/wp-json\/wp\/v2\/types\/product"}],"version-history":[{"count":1,"href":"https:\/\/homeproject.fr\/fr\/wp-json\/wp\/v2\/product\/14492\/revisions"}],"predecessor-version":[{"id":14579,"href":"https:\/\/homeproject.fr\/fr\/wp-json\/wp\/v2\/product\/14492\/revisions\/14579"}],"wp:featuredmedia":[{"embeddable":true,"href":"https:\/\/homeproject.fr\/fr\/wp-json\/wp\/v2\/media\/14573"}],"wp:attachment":[{"href":"https:\/\/homeproject.fr\/fr\/wp-json\/wp\/v2\/media?parent=14492"}],"wp:term":[{"taxonomy":"product_brand","embeddable":true,"href":"https:\/\/homeproject.fr\/fr\/wp-json\/wp\/v2\/product_brand?post=14492"},{"taxonomy":"product_cat","embeddable":true,"href":"https:\/\/homeproject.fr\/fr\/wp-json\/wp\/v2\/product_cat?post=14492"},{"taxonomy":"product_tag","embeddable":true,"href":"https:\/\/homeproject.fr\/fr\/wp-json\/wp\/v2\/product_tag?post=14492"}],"curies":[{"name":"wp","href":"https:\/\/api.w.org\/{rel}","templated":true}]}}