{"id":14466,"date":"2025-06-08T18:39:55","date_gmt":"2025-06-08T18:39:55","guid":{"rendered":"https:\/\/homeproject.fr\/fr\/?post_type=product&#038;p=14466"},"modified":"2025-06-08T18:59:38","modified_gmt":"2025-06-08T18:59:38","slug":"fauteuil-exterieur-switch-fabric-diphano","status":"publish","type":"product","link":"https:\/\/homeproject.fr\/fr\/produit\/fauteuil-exterieur-switch-fabric-diphano\/","title":{"rendered":"Fauteuil ext\u00e9rieur Switch Fabric \u2013 Diphano"},"content":{"rendered":"<h3>Caract\u00e9ristiques techniques :<\/h3>\n<ul>\n<li>Structure : Aluminium blanc laqu\u00e9 \u00e0 la poudre, robuste et anticorrosion <span class=\"Apple-converted-space\">\u00a0<\/span><\/li>\n<li>Coussin : Tissu waterproof amovible, coloris \u201cseagull\u201d<\/li>\n<li>Fonctionnalit\u00e9s : Empilable, entretien facile, parfait pour usage ext\u00e9rieur<\/li>\n<li>Dimensions : L\u202f83\u202fcm \u00d7 P\u202f73\u202fcm \u00d7 H\u202f77\u202fcm <span class=\"Apple-converted-space\">\u00a0<\/span><\/li>\n<\/ul>\n<h3>Les + produits :<\/h3>\n<ul>\n<li>Design scandinave \u00e9pur\u00e9, cadre \u00e9clatant et assise douce pour un effet \u201ccocoon\u201d<\/li>\n<li>Coussin imperm\u00e9able facilement lavable pour un entretien sans contraintes<\/li>\n<li>Structure empilable, parfaite pour les espaces r\u00e9duits ou les usages collectifs<\/li>\n<\/ul>\n<p>Ce fauteuil est un choix id\u00e9al pour cr\u00e9er un coin d\u00e9tente chic et confortable sur une terrasse, dans un jardin ou au poolside. \u00c0 marier \u00e0 la collection compl\u00e8te Switch Fabric (2,5\u2011seater, lounger, tables basses) pour un ensemble harmonieux.<\/p>\n<p><strong style=\"font-family: inherit; font-size: 30px;\">Vous avez des questions ?<\/strong><\/p>\n<style id=\"wpforms-css-vars-3675\">\n\t\t\t\t#wpforms-3675 {\n\t\t\t\t\n\t\t\t}\n\t\t\t<\/style><div class=\"wpforms-container wpforms-container-full wpforms-render-modern\" id=\"wpforms-3675\"><form id=\"wpforms-form-3675\" class=\"wpforms-validate wpforms-form wpforms-ajax-form\" data-formid=\"3675\" method=\"post\" enctype=\"multipart\/form-data\" action=\"\/fr\/wp-json\/wp\/v2\/product\/14466\" data-token=\"3b32cced719d701d46405c3d9600b33b\" data-token-time=\"1778026016\"><noscript class=\"wpforms-error-noscript\">Veuillez activer JavaScript dans votre navigateur pour remplir ce formulaire.<\/noscript><div id=\"wpforms-error-noscript\" style=\"display: none;\">Veuillez activer JavaScript dans votre navigateur pour remplir ce formulaire.<\/div><div class=\"wpforms-field-container\">\t\t<div id=\"wpforms-3675-field_1-container\"\n\t\t\tclass=\"wpforms-field wpforms-field-text\"\n\t\t\tdata-field-type=\"text\"\n\t\t\tdata-field-id=\"1\"\n\t\t\t>\n\t\t\t<label class=\"wpforms-field-label\" for=\"wpforms-3675-field_1\" >Message E-mail Nom<\/label>\n\t\t\t<input type=\"text\" id=\"wpforms-3675-field_1\" class=\"wpforms-field-medium\" name=\"wpforms[fields][1]\" >\n\t\t<\/div>\n\t\t<div id=\"wpforms-3675-field_3-container\" class=\"wpforms-field wpforms-field-name\" data-field-id=\"3\"><fieldset><legend class=\"wpforms-field-label\">Nom <span class=\"wpforms-required-label\" aria-hidden=\"true\">*<\/span><\/legend><div class=\"wpforms-field-row wpforms-field-medium\"><div class=\"wpforms-field-row-block wpforms-first wpforms-one-half\"><input type=\"text\" id=\"wpforms-3675-field_3\" class=\"wpforms-field-name-first wpforms-field-required\" name=\"wpforms[fields][3][first]\" aria-errormessage=\"wpforms-3675-field_3-error\" required><label for=\"wpforms-3675-field_3\" class=\"wpforms-field-sublabel after\">Pr\u00e9nom<\/label><\/div><div class=\"wpforms-field-row-block wpforms-one-half\"><input type=\"text\" id=\"wpforms-3675-field_3-last\" class=\"wpforms-field-name-last wpforms-field-required\" name=\"wpforms[fields][3][last]\" aria-errormessage=\"wpforms-3675-field_3-last-error\" required><label for=\"wpforms-3675-field_3-last\" class=\"wpforms-field-sublabel after\">Nom<\/label><\/div><\/div><\/fieldset><\/div><div id=\"wpforms-3675-field_4-container\" class=\"wpforms-field wpforms-field-email\" data-field-id=\"4\"><label class=\"wpforms-field-label\" for=\"wpforms-3675-field_4\">E-mail <span class=\"wpforms-required-label\" aria-hidden=\"true\">*<\/span><\/label><input type=\"email\" id=\"wpforms-3675-field_4\" class=\"wpforms-field-medium wpforms-field-required\" name=\"wpforms[fields][4]\" spellcheck=\"false\" aria-errormessage=\"wpforms-3675-field_4-error\" required><\/div><div id=\"wpforms-3675-field_5-container\" class=\"wpforms-field wpforms-field-textarea\" data-field-id=\"5\"><label class=\"wpforms-field-label\" for=\"wpforms-3675-field_5\">Message <span class=\"wpforms-required-label\" aria-hidden=\"true\">*<\/span><\/label><textarea id=\"wpforms-3675-field_5\" class=\"wpforms-field-medium wpforms-field-required\" name=\"wpforms[fields][5]\" aria-errormessage=\"wpforms-3675-field_5-error\" required><\/textarea><\/div><script>\n\t\t\t\t( function() {\n\t\t\t\t\tconst style = document.createElement( 'style' );\n\t\t\t\t\tstyle.appendChild( document.createTextNode( '#wpforms-3675-field_1-container { position: absolute !important; overflow: hidden !important; display: inline !important; height: 1px !important; width: 1px !important; z-index: -1000 !important; padding: 0 !important; } #wpforms-3675-field_1-container input { visibility: hidden; } #wpforms-conversational-form-page #wpforms-3675-field_1-container label { counter-increment: none; }' ) );\n\t\t\t\t\tdocument.head.appendChild( style );\n\t\t\t\t\tdocument.currentScript?.remove();\n\t\t\t\t} )();\n\t\t\t<\/script><\/div><!-- .wpforms-field-container --><div class=\"wpforms-submit-container\" ><input type=\"hidden\" name=\"wpforms[id]\" value=\"3675\"><input type=\"hidden\" name=\"page_title\" value=\"\"><input type=\"hidden\" name=\"page_url\" value=\"https:\/\/homeproject.fr\/fr\/wp-json\/wp\/v2\/product\/14466\"><input type=\"hidden\" name=\"url_referer\" value=\"\"><button type=\"submit\" name=\"wpforms[submit]\" id=\"wpforms-submit-3675\" class=\"wpforms-submit\" data-alt-text=\"Envoi...\" data-submit-text=\"Envoyer\" aria-live=\"assertive\" value=\"wpforms-submit\">Envoyer<\/button><img decoding=\"async\" src=\"https:\/\/homeproject.fr\/fr\/wp-content\/plugins\/wpforms-lite\/assets\/images\/submit-spin.svg\" class=\"wpforms-submit-spinner\" style=\"display: none;\" width=\"26\" height=\"26\" alt=\"Chargement en cours\"><\/div><\/form><\/div>  <!-- .wpforms-container -->\n","protected":false},"excerpt":{"rendered":"<p><strong>Design scandinave, confort cocooning &amp; fonctionnalit\u00e9 outdoor<\/strong><\/p>\n<p>Le fauteuil <strong>Switch Fabric<\/strong> de Diphano allie \u00e9l\u00e9gance lumineuse et confort premium pour les espaces ext\u00e9rieurs. Sa structure en aluminium blanc satin\u00e9, soigneusement thermolaqu\u00e9e, apporte l\u00e9g\u00e8ret\u00e9 et modernit\u00e9 \u00e0 votre terrasse ou jardin<span class=\"Apple-converted-space\">\u00a0 <\/span>.<\/p>\n<p>L\u2019assise g\u00e9n\u00e9reuse, recouverte d\u2019un tissu d\u00e9perlant coloris seagull, est amovible pour faciliter l\u2019entretien et se r\u00e9v\u00e8le r\u00e9sistante aux intemp\u00e9ries gr\u00e2ce \u00e0 sa conception waterproof<span class=\"Apple-converted-space\">\u00a0 <\/span>. L\u2019ensemble s\u2019empile ais\u00e9ment, ce qui est id\u00e9al pour optimiser l\u2019espace lors d\u2019un usage professionnel ou r\u00e9sidentiel<\/p>\n","protected":false},"featured_media":14462,"template":"","meta":{"_uf_show_specific_survey":0,"_uf_disable_surveys":false,"iawp_total_views":10},"product_brand":[518],"product_cat":[168],"product_tag":[],"class_list":{"0":"post-14466","1":"product","2":"type-product","3":"status-publish","4":"has-post-thumbnail","6":"product_brand-diphano","7":"product_cat-fauteuils-exterieurs","8":"product_shipping_class-gros-colis-messagerie","9":"pa_collection-switch-fabric-par-diphano","10":"pa_marque-diphano","11":"pa_materiau-aluminium","12":"pa_materiau-tissu","14":"first","15":"instock","16":"taxable","17":"shipping-taxable","18":"purchasable","19":"product-type-simple"},"yoast_head":"<!-- This site is optimized with the Yoast SEO plugin v27.5 - https:\/\/yoast.com\/product\/yoast-seo-wordpress\/ -->\n<title>Fauteuil ext\u00e9rieur Switch Fabric \u2013 Diphano - Homeproject.fr<\/title>\n<meta name=\"robots\" content=\"index, follow, max-snippet:-1, max-image-preview:large, max-video-preview:-1\" \/>\n<link rel=\"canonical\" href=\"https:\/\/homeproject.fr\/fr\/produit\/fauteuil-exterieur-switch-fabric-diphano\/\" \/>\n<meta property=\"og:locale\" content=\"fr_FR\" \/>\n<meta property=\"og:type\" content=\"article\" \/>\n<meta property=\"og:title\" content=\"Fauteuil ext\u00e9rieur Switch Fabric \u2013 Diphano - Homeproject.fr\" \/>\n<meta property=\"og:description\" content=\"Design scandinave, confort cocooning &amp; fonctionnalit\u00e9 outdoor  Le fauteuil Switch Fabric de Diphano allie \u00e9l\u00e9gance lumineuse et confort premium pour les espaces ext\u00e9rieurs. Sa structure en aluminium blanc satin\u00e9, soigneusement thermolaqu\u00e9e, apporte l\u00e9g\u00e8ret\u00e9 et modernit\u00e9 \u00e0 votre terrasse ou jardin\u00a0 .  L\u2019assise g\u00e9n\u00e9reuse, recouverte d\u2019un tissu d\u00e9perlant coloris seagull, est amovible pour faciliter l\u2019entretien et se r\u00e9v\u00e8le r\u00e9sistante aux intemp\u00e9ries gr\u00e2ce \u00e0 sa conception waterproof\u00a0 . L\u2019ensemble s\u2019empile ais\u00e9ment, ce qui est id\u00e9al pour optimiser l\u2019espace lors d\u2019un usage professionnel ou r\u00e9sidentiel\" \/>\n<meta property=\"og:url\" content=\"https:\/\/homeproject.fr\/fr\/produit\/fauteuil-exterieur-switch-fabric-diphano\/\" \/>\n<meta property=\"og:site_name\" content=\"Homeproject.fr\" \/>\n<meta property=\"article:modified_time\" content=\"2025-06-08T18:59:38+00:00\" \/>\n<meta property=\"og:image\" content=\"https:\/\/homeproject.fr\/fr\/wp-content\/uploads\/2025\/06\/Fauteuil-de-jardin-haut-de-gamme-en-aluminium-blanc-et-tissu-beige-Diphano-Switch-Rope-3.jpg\" \/>\n\t<meta property=\"og:image:width\" content=\"1500\" \/>\n\t<meta property=\"og:image:height\" content=\"1500\" \/>\n\t<meta property=\"og:image:type\" content=\"image\/jpeg\" \/>\n<meta name=\"twitter:card\" content=\"summary_large_image\" \/>\n<meta name=\"twitter:label1\" content=\"Dur\u00e9e de lecture estim\u00e9e\" \/>\n\t<meta name=\"twitter:data1\" content=\"1 minute\" \/>\n<script type=\"application\/ld+json\" class=\"yoast-schema-graph\">{\"@context\":\"https:\\\/\\\/schema.org\",\"@graph\":[{\"@type\":\"WebPage\",\"@id\":\"https:\\\/\\\/homeproject.fr\\\/fr\\\/produit\\\/fauteuil-exterieur-switch-fabric-diphano\\\/\",\"url\":\"https:\\\/\\\/homeproject.fr\\\/fr\\\/produit\\\/fauteuil-exterieur-switch-fabric-diphano\\\/\",\"name\":\"Fauteuil ext\u00e9rieur Switch Fabric \u2013 Diphano - Homeproject.fr\",\"isPartOf\":{\"@id\":\"https:\\\/\\\/homeproject.fr\\\/fr\\\/#website\"},\"primaryImageOfPage\":{\"@id\":\"https:\\\/\\\/homeproject.fr\\\/fr\\\/produit\\\/fauteuil-exterieur-switch-fabric-diphano\\\/#primaryimage\"},\"image\":{\"@id\":\"https:\\\/\\\/homeproject.fr\\\/fr\\\/produit\\\/fauteuil-exterieur-switch-fabric-diphano\\\/#primaryimage\"},\"thumbnailUrl\":\"https:\\\/\\\/homeproject.fr\\\/fr\\\/wp-content\\\/uploads\\\/2025\\\/06\\\/Fauteuil-de-jardin-haut-de-gamme-en-aluminium-blanc-et-tissu-beige-Diphano-Switch-Rope-3.jpg\",\"datePublished\":\"2025-06-08T18:39:55+00:00\",\"dateModified\":\"2025-06-08T18:59:38+00:00\",\"breadcrumb\":{\"@id\":\"https:\\\/\\\/homeproject.fr\\\/fr\\\/produit\\\/fauteuil-exterieur-switch-fabric-diphano\\\/#breadcrumb\"},\"inLanguage\":\"fr-FR\",\"potentialAction\":[{\"@type\":\"ReadAction\",\"target\":[\"https:\\\/\\\/homeproject.fr\\\/fr\\\/produit\\\/fauteuil-exterieur-switch-fabric-diphano\\\/\"]}]},{\"@type\":\"ImageObject\",\"inLanguage\":\"fr-FR\",\"@id\":\"https:\\\/\\\/homeproject.fr\\\/fr\\\/produit\\\/fauteuil-exterieur-switch-fabric-diphano\\\/#primaryimage\",\"url\":\"https:\\\/\\\/homeproject.fr\\\/fr\\\/wp-content\\\/uploads\\\/2025\\\/06\\\/Fauteuil-de-jardin-haut-de-gamme-en-aluminium-blanc-et-tissu-beige-Diphano-Switch-Rope-3.jpg\",\"contentUrl\":\"https:\\\/\\\/homeproject.fr\\\/fr\\\/wp-content\\\/uploads\\\/2025\\\/06\\\/Fauteuil-de-jardin-haut-de-gamme-en-aluminium-blanc-et-tissu-beige-Diphano-Switch-Rope-3.jpg\",\"width\":1500,\"height\":1500},{\"@type\":\"BreadcrumbList\",\"@id\":\"https:\\\/\\\/homeproject.fr\\\/fr\\\/produit\\\/fauteuil-exterieur-switch-fabric-diphano\\\/#breadcrumb\",\"itemListElement\":[{\"@type\":\"ListItem\",\"position\":1,\"name\":\"Accueil\",\"item\":\"https:\\\/\\\/homeproject.fr\\\/fr\\\/\"},{\"@type\":\"ListItem\",\"position\":2,\"name\":\"Boutique\",\"item\":\"https:\\\/\\\/homeproject.fr\\\/fr\\\/boutique\\\/\"},{\"@type\":\"ListItem\",\"position\":3,\"name\":\"Fauteuil ext\u00e9rieur Switch Fabric \u2013 Diphano\"}]},{\"@type\":\"WebSite\",\"@id\":\"https:\\\/\\\/homeproject.fr\\\/fr\\\/#website\",\"url\":\"https:\\\/\\\/homeproject.fr\\\/fr\\\/\",\"name\":\"Homeproject.fr\",\"description\":\"Offrez l&#039;exceptionnel \u00e0 vos espaces \u00e0 vivre\",\"publisher\":{\"@id\":\"https:\\\/\\\/homeproject.fr\\\/fr\\\/#organization\"},\"potentialAction\":[{\"@type\":\"SearchAction\",\"target\":{\"@type\":\"EntryPoint\",\"urlTemplate\":\"https:\\\/\\\/homeproject.fr\\\/fr\\\/?s={search_term_string}\"},\"query-input\":{\"@type\":\"PropertyValueSpecification\",\"valueRequired\":true,\"valueName\":\"search_term_string\"}}],\"inLanguage\":\"fr-FR\"},{\"@type\":\"Organization\",\"@id\":\"https:\\\/\\\/homeproject.fr\\\/fr\\\/#organization\",\"name\":\"Homeproject.fr\",\"url\":\"https:\\\/\\\/homeproject.fr\\\/fr\\\/\",\"logo\":{\"@type\":\"ImageObject\",\"inLanguage\":\"fr-FR\",\"@id\":\"https:\\\/\\\/homeproject.fr\\\/fr\\\/#\\\/schema\\\/logo\\\/image\\\/\",\"url\":\"https:\\\/\\\/homeproject.fr\\\/fr\\\/wp-content\\\/uploads\\\/2024\\\/12\\\/Logo_HomeProject-noir-2.png\",\"contentUrl\":\"https:\\\/\\\/homeproject.fr\\\/fr\\\/wp-content\\\/uploads\\\/2024\\\/12\\\/Logo_HomeProject-noir-2.png\",\"width\":300,\"height\":91,\"caption\":\"Homeproject.fr\"},\"image\":{\"@id\":\"https:\\\/\\\/homeproject.fr\\\/fr\\\/#\\\/schema\\\/logo\\\/image\\\/\"}}]}<\/script>\n<!-- \/ Yoast SEO plugin. -->","yoast_head_json":{"title":"Fauteuil ext\u00e9rieur Switch Fabric \u2013 Diphano - Homeproject.fr","robots":{"index":"index","follow":"follow","max-snippet":"max-snippet:-1","max-image-preview":"max-image-preview:large","max-video-preview":"max-video-preview:-1"},"canonical":"https:\/\/homeproject.fr\/fr\/produit\/fauteuil-exterieur-switch-fabric-diphano\/","og_locale":"fr_FR","og_type":"article","og_title":"Fauteuil ext\u00e9rieur Switch Fabric \u2013 Diphano - Homeproject.fr","og_description":"Design scandinave, confort cocooning &amp; fonctionnalit\u00e9 outdoor  Le fauteuil Switch Fabric de Diphano allie \u00e9l\u00e9gance lumineuse et confort premium pour les espaces ext\u00e9rieurs. Sa structure en aluminium blanc satin\u00e9, soigneusement thermolaqu\u00e9e, apporte l\u00e9g\u00e8ret\u00e9 et modernit\u00e9 \u00e0 votre terrasse ou jardin\u00a0 .  L\u2019assise g\u00e9n\u00e9reuse, recouverte d\u2019un tissu d\u00e9perlant coloris seagull, est amovible pour faciliter l\u2019entretien et se r\u00e9v\u00e8le r\u00e9sistante aux intemp\u00e9ries gr\u00e2ce \u00e0 sa conception waterproof\u00a0 . L\u2019ensemble s\u2019empile ais\u00e9ment, ce qui est id\u00e9al pour optimiser l\u2019espace lors d\u2019un usage professionnel ou r\u00e9sidentiel","og_url":"https:\/\/homeproject.fr\/fr\/produit\/fauteuil-exterieur-switch-fabric-diphano\/","og_site_name":"Homeproject.fr","article_modified_time":"2025-06-08T18:59:38+00:00","og_image":[{"width":1500,"height":1500,"url":"https:\/\/homeproject.fr\/fr\/wp-content\/uploads\/2025\/06\/Fauteuil-de-jardin-haut-de-gamme-en-aluminium-blanc-et-tissu-beige-Diphano-Switch-Rope-3.jpg","type":"image\/jpeg"}],"twitter_card":"summary_large_image","twitter_misc":{"Dur\u00e9e de lecture estim\u00e9e":"1 minute"},"schema":{"@context":"https:\/\/schema.org","@graph":[{"@type":"WebPage","@id":"https:\/\/homeproject.fr\/fr\/produit\/fauteuil-exterieur-switch-fabric-diphano\/","url":"https:\/\/homeproject.fr\/fr\/produit\/fauteuil-exterieur-switch-fabric-diphano\/","name":"Fauteuil ext\u00e9rieur Switch Fabric \u2013 Diphano - Homeproject.fr","isPartOf":{"@id":"https:\/\/homeproject.fr\/fr\/#website"},"primaryImageOfPage":{"@id":"https:\/\/homeproject.fr\/fr\/produit\/fauteuil-exterieur-switch-fabric-diphano\/#primaryimage"},"image":{"@id":"https:\/\/homeproject.fr\/fr\/produit\/fauteuil-exterieur-switch-fabric-diphano\/#primaryimage"},"thumbnailUrl":"https:\/\/homeproject.fr\/fr\/wp-content\/uploads\/2025\/06\/Fauteuil-de-jardin-haut-de-gamme-en-aluminium-blanc-et-tissu-beige-Diphano-Switch-Rope-3.jpg","datePublished":"2025-06-08T18:39:55+00:00","dateModified":"2025-06-08T18:59:38+00:00","breadcrumb":{"@id":"https:\/\/homeproject.fr\/fr\/produit\/fauteuil-exterieur-switch-fabric-diphano\/#breadcrumb"},"inLanguage":"fr-FR","potentialAction":[{"@type":"ReadAction","target":["https:\/\/homeproject.fr\/fr\/produit\/fauteuil-exterieur-switch-fabric-diphano\/"]}]},{"@type":"ImageObject","inLanguage":"fr-FR","@id":"https:\/\/homeproject.fr\/fr\/produit\/fauteuil-exterieur-switch-fabric-diphano\/#primaryimage","url":"https:\/\/homeproject.fr\/fr\/wp-content\/uploads\/2025\/06\/Fauteuil-de-jardin-haut-de-gamme-en-aluminium-blanc-et-tissu-beige-Diphano-Switch-Rope-3.jpg","contentUrl":"https:\/\/homeproject.fr\/fr\/wp-content\/uploads\/2025\/06\/Fauteuil-de-jardin-haut-de-gamme-en-aluminium-blanc-et-tissu-beige-Diphano-Switch-Rope-3.jpg","width":1500,"height":1500},{"@type":"BreadcrumbList","@id":"https:\/\/homeproject.fr\/fr\/produit\/fauteuil-exterieur-switch-fabric-diphano\/#breadcrumb","itemListElement":[{"@type":"ListItem","position":1,"name":"Accueil","item":"https:\/\/homeproject.fr\/fr\/"},{"@type":"ListItem","position":2,"name":"Boutique","item":"https:\/\/homeproject.fr\/fr\/boutique\/"},{"@type":"ListItem","position":3,"name":"Fauteuil ext\u00e9rieur Switch Fabric \u2013 Diphano"}]},{"@type":"WebSite","@id":"https:\/\/homeproject.fr\/fr\/#website","url":"https:\/\/homeproject.fr\/fr\/","name":"Homeproject.fr","description":"Offrez l&#039;exceptionnel \u00e0 vos espaces \u00e0 vivre","publisher":{"@id":"https:\/\/homeproject.fr\/fr\/#organization"},"potentialAction":[{"@type":"SearchAction","target":{"@type":"EntryPoint","urlTemplate":"https:\/\/homeproject.fr\/fr\/?s={search_term_string}"},"query-input":{"@type":"PropertyValueSpecification","valueRequired":true,"valueName":"search_term_string"}}],"inLanguage":"fr-FR"},{"@type":"Organization","@id":"https:\/\/homeproject.fr\/fr\/#organization","name":"Homeproject.fr","url":"https:\/\/homeproject.fr\/fr\/","logo":{"@type":"ImageObject","inLanguage":"fr-FR","@id":"https:\/\/homeproject.fr\/fr\/#\/schema\/logo\/image\/","url":"https:\/\/homeproject.fr\/fr\/wp-content\/uploads\/2024\/12\/Logo_HomeProject-noir-2.png","contentUrl":"https:\/\/homeproject.fr\/fr\/wp-content\/uploads\/2024\/12\/Logo_HomeProject-noir-2.png","width":300,"height":91,"caption":"Homeproject.fr"},"image":{"@id":"https:\/\/homeproject.fr\/fr\/#\/schema\/logo\/image\/"}}]}},"_links":{"self":[{"href":"https:\/\/homeproject.fr\/fr\/wp-json\/wp\/v2\/product\/14466","targetHints":{"allow":["GET"]}}],"collection":[{"href":"https:\/\/homeproject.fr\/fr\/wp-json\/wp\/v2\/product"}],"about":[{"href":"https:\/\/homeproject.fr\/fr\/wp-json\/wp\/v2\/types\/product"}],"version-history":[{"count":3,"href":"https:\/\/homeproject.fr\/fr\/wp-json\/wp\/v2\/product\/14466\/revisions"}],"predecessor-version":[{"id":14469,"href":"https:\/\/homeproject.fr\/fr\/wp-json\/wp\/v2\/product\/14466\/revisions\/14469"}],"wp:featuredmedia":[{"embeddable":true,"href":"https:\/\/homeproject.fr\/fr\/wp-json\/wp\/v2\/media\/14462"}],"wp:attachment":[{"href":"https:\/\/homeproject.fr\/fr\/wp-json\/wp\/v2\/media?parent=14466"}],"wp:term":[{"taxonomy":"product_brand","embeddable":true,"href":"https:\/\/homeproject.fr\/fr\/wp-json\/wp\/v2\/product_brand?post=14466"},{"taxonomy":"product_cat","embeddable":true,"href":"https:\/\/homeproject.fr\/fr\/wp-json\/wp\/v2\/product_cat?post=14466"},{"taxonomy":"product_tag","embeddable":true,"href":"https:\/\/homeproject.fr\/fr\/wp-json\/wp\/v2\/product_tag?post=14466"}],"curies":[{"name":"wp","href":"https:\/\/api.w.org\/{rel}","templated":true}]}}