{"id":14454,"date":"2025-06-08T16:34:10","date_gmt":"2025-06-08T16:34:10","guid":{"rendered":"https:\/\/homeproject.fr\/fr\/?post_type=product&#038;p=14454"},"modified":"2025-06-08T16:42:40","modified_gmt":"2025-06-08T16:42:40","slug":"table-basse-easy-fit-side-table-b-42xr-mineral-blanche-diphano","status":"publish","type":"product","link":"https:\/\/homeproject.fr\/fr\/produit\/table-basse-easy-fit-side-table-b-42xr-mineral-blanche-diphano\/","title":{"rendered":"Table basse Easy\u202fFit Side Table B 42\u00d7R Min\u00e9ral Blanche &#8211; Diphano"},"content":{"rendered":"<h3><span style=\"font-family: inherit;\">Caract\u00e9ristiques techniques<\/span><\/h3>\n<ul>\n<li>Structure\u202f: aluminium profil\u00e9 rev\u00eatu de corde tress\u00e9e synth\u00e9tique, finition laqu\u00e9e \u00e0 la poudre durable<\/li>\n<li>Plateau\u202f: Trespa\u00ae haute performance (imperm\u00e9able, r\u00e9sistant aux UV)<\/li>\n<li>Dimensions\u202f: \u2205\u202f42\u202fcm, hauteur 45\u202fcm \u2013 id\u00e9ale pour si\u00e8ges Lounge & fauteuils Omer<\/li>\n<li>Poids plume\u202f: 3,3\u202fkg \u2013 facile \u00e0 d\u00e9placer selon vos envies<\/li>\n<\/ul>\n<h3>Points forts<\/h3>\n<ul>\n<li>Design \u00e9pur\u00e9 & intemporel, fid\u00e8le \u00e0 l\u2019esprit Diphano<\/li>\n<li>Mat\u00e9riaux outdoor r\u00e9sistants \u00e0 la pluie, soleil, chaleur<\/li>\n<li>Facile \u00e0 entretenir : un simple coup d\u2019\u00e9ponge suffit<\/li>\n<\/ul>\n<h3>Utilisation & entretien<\/h3>\n<p>D\u00e9placez-la ais\u00e9ment au gr\u00e9 de vos moments conviviaux : caf\u00e9 au bord de la piscine, ap\u00e9ro entre amis, s\u00e9ance lecture\u2026 Pour nettoyer : rincez et essuyez. Sur le plateau Trespa\u00ae, \u00e9vitez les produits abrasifs.<\/p>\n<h3>Avec quoi la composer\u202f?<\/h3>\n<p>Misez sur un ensemble lounge complet : la table basse Omer se marie \u00e0 merveille avec :<\/p>\n<ul>\n<li>les fauteuils Omer Lounge Chair<\/li>\n<li>les chaises & canap\u00e9s de la m\u00eame collection<\/li>\n<li>les poufs & tables d\u2019appoint Easy\u202fFit B\u202f54 ou Elite S\u202f80<\/li>\n<\/ul>\n<p>Cr\u00e9ez votre ensemble sur-mesure en jouant sur les hauteurs et mat\u00e9riaux \ud83e\udd0d<\/p>\n<p><strong style=\"font-family: inherit; font-size: 30px;\">Vous avez des questions ?<\/strong><\/p>\n<style id=\"wpforms-css-vars-3675\">\n\t\t\t\t#wpforms-3675 {\n\t\t\t\t\n\t\t\t}\n\t\t\t<\/style><div class=\"wpforms-container wpforms-container-full wpforms-render-modern\" id=\"wpforms-3675\"><form id=\"wpforms-form-3675\" class=\"wpforms-validate wpforms-form wpforms-ajax-form\" data-formid=\"3675\" method=\"post\" enctype=\"multipart\/form-data\" action=\"\/fr\/wp-json\/wp\/v2\/product\/14454\" data-token=\"40ada6e9151c970e4278e2da3e5409c5\" data-token-time=\"1777908467\"><noscript class=\"wpforms-error-noscript\">Veuillez activer JavaScript dans votre navigateur pour remplir ce formulaire.<\/noscript><div id=\"wpforms-error-noscript\" style=\"display: none;\">Veuillez activer JavaScript dans votre navigateur pour remplir ce formulaire.<\/div><div class=\"wpforms-field-container\">\t\t<div id=\"wpforms-3675-field_1-container\"\n\t\t\tclass=\"wpforms-field wpforms-field-text\"\n\t\t\tdata-field-type=\"text\"\n\t\t\tdata-field-id=\"1\"\n\t\t\t>\n\t\t\t<label class=\"wpforms-field-label\" for=\"wpforms-3675-field_1\" >E-mail Nom Message<\/label>\n\t\t\t<input type=\"text\" id=\"wpforms-3675-field_1\" class=\"wpforms-field-medium\" name=\"wpforms[fields][1]\" >\n\t\t<\/div>\n\t\t<div id=\"wpforms-3675-field_3-container\" class=\"wpforms-field wpforms-field-name\" data-field-id=\"3\"><fieldset><legend class=\"wpforms-field-label\">Nom <span class=\"wpforms-required-label\" aria-hidden=\"true\">*<\/span><\/legend><div class=\"wpforms-field-row wpforms-field-medium\"><div class=\"wpforms-field-row-block wpforms-first wpforms-one-half\"><input type=\"text\" id=\"wpforms-3675-field_3\" class=\"wpforms-field-name-first wpforms-field-required\" name=\"wpforms[fields][3][first]\" aria-errormessage=\"wpforms-3675-field_3-error\" required><label for=\"wpforms-3675-field_3\" class=\"wpforms-field-sublabel after\">Pr\u00e9nom<\/label><\/div><div class=\"wpforms-field-row-block wpforms-one-half\"><input type=\"text\" id=\"wpforms-3675-field_3-last\" class=\"wpforms-field-name-last wpforms-field-required\" name=\"wpforms[fields][3][last]\" aria-errormessage=\"wpforms-3675-field_3-last-error\" required><label for=\"wpforms-3675-field_3-last\" class=\"wpforms-field-sublabel after\">Nom<\/label><\/div><\/div><\/fieldset><\/div><div id=\"wpforms-3675-field_4-container\" class=\"wpforms-field wpforms-field-email\" data-field-id=\"4\"><label class=\"wpforms-field-label\" for=\"wpforms-3675-field_4\">E-mail <span class=\"wpforms-required-label\" aria-hidden=\"true\">*<\/span><\/label><input type=\"email\" id=\"wpforms-3675-field_4\" class=\"wpforms-field-medium wpforms-field-required\" name=\"wpforms[fields][4]\" spellcheck=\"false\" aria-errormessage=\"wpforms-3675-field_4-error\" required><\/div><div id=\"wpforms-3675-field_5-container\" class=\"wpforms-field wpforms-field-textarea\" data-field-id=\"5\"><label class=\"wpforms-field-label\" for=\"wpforms-3675-field_5\">Message <span class=\"wpforms-required-label\" aria-hidden=\"true\">*<\/span><\/label><textarea id=\"wpforms-3675-field_5\" class=\"wpforms-field-medium wpforms-field-required\" name=\"wpforms[fields][5]\" aria-errormessage=\"wpforms-3675-field_5-error\" required><\/textarea><\/div><script>\n\t\t\t\t( function() {\n\t\t\t\t\tconst style = document.createElement( 'style' );\n\t\t\t\t\tstyle.appendChild( document.createTextNode( '#wpforms-3675-field_1-container { position: absolute !important; overflow: hidden !important; display: inline !important; height: 1px !important; width: 1px !important; z-index: -1000 !important; padding: 0 !important; } #wpforms-3675-field_1-container input { visibility: hidden; } #wpforms-conversational-form-page #wpforms-3675-field_1-container label { counter-increment: none; }' ) );\n\t\t\t\t\tdocument.head.appendChild( style );\n\t\t\t\t\tdocument.currentScript?.remove();\n\t\t\t\t} )();\n\t\t\t<\/script><\/div><!-- .wpforms-field-container --><div class=\"wpforms-submit-container\" ><input type=\"hidden\" name=\"wpforms[id]\" value=\"3675\"><input type=\"hidden\" name=\"page_title\" value=\"\"><input type=\"hidden\" name=\"page_url\" value=\"https:\/\/homeproject.fr\/fr\/wp-json\/wp\/v2\/product\/14454\"><input type=\"hidden\" name=\"url_referer\" value=\"\"><button type=\"submit\" name=\"wpforms[submit]\" id=\"wpforms-submit-3675\" class=\"wpforms-submit\" data-alt-text=\"Envoi...\" data-submit-text=\"Envoyer\" aria-live=\"assertive\" value=\"wpforms-submit\">Envoyer<\/button><img decoding=\"async\" src=\"https:\/\/homeproject.fr\/fr\/wp-content\/plugins\/wpforms-lite\/assets\/images\/submit-spin.svg\" class=\"wpforms-submit-spinner\" style=\"display: none;\" width=\"26\" height=\"26\" alt=\"Chargement en cours\"><\/div><\/form><\/div>  <!-- .wpforms-container -->\n","protected":false},"excerpt":{"rendered":"<p>Ajoutez une touche d\u2019\u00e9l\u00e9gance \u00e0 votre espace ext\u00e9rieur avec la table basse Easy\u202fFit Side Table B 42\u00d7R de la collection Omer par Diphano. Con\u00e7ue pour sublimer votre terrasse ou coin lounge, cette table d\u2019appoint combine mat\u00e9riaux haut de gamme, design minimaliste et l\u00e9g\u00e8ret\u00e9. Son plateau en Trespa\u00ae r\u00e9sistant \u00e0 la m\u00e9t\u00e9o repose sur un pi\u00e9tement en aluminium thermo-laqu\u00e9 blanc et corde tress\u00e9e synth\u00e9tique Min\u00e9ral. Parfaite seule ou en duo avec le fauteuil Omer Lounge Chair, elle s\u2019int\u00e8gre harmonieusement \u00e0 l\u2019univers Outdoor chic et contemporain.<\/p>\n","protected":false},"featured_media":14407,"template":"","meta":{"_uf_show_specific_survey":0,"_uf_disable_surveys":false,"iawp_total_views":1},"product_brand":[518],"product_cat":[167],"product_tag":[],"class_list":{"0":"post-14454","1":"product","2":"type-product","3":"status-publish","4":"has-post-thumbnail","6":"product_brand-diphano","7":"product_cat-tables-basses-exterieures","8":"product_shipping_class-gros-colis-messagerie","9":"pa_collection-easy-fit-par-diphano","10":"pa_collection-omer-par-diphano","11":"pa_marque-diphano","12":"pa_materiau-aluminium","13":"pa_materiau-corde-tressee","15":"first","16":"instock","17":"taxable","18":"shipping-taxable","19":"purchasable","20":"product-type-simple"},"yoast_head":"<!-- This site is optimized with the Yoast SEO plugin v27.5 - https:\/\/yoast.com\/product\/yoast-seo-wordpress\/ -->\n<title>Table basse Easy\u202fFit Side Table B 42\u00d7R Min\u00e9ral Blanche - Diphano - Homeproject.fr<\/title>\n<meta name=\"robots\" content=\"index, follow, max-snippet:-1, max-image-preview:large, max-video-preview:-1\" \/>\n<link rel=\"canonical\" href=\"https:\/\/homeproject.fr\/fr\/produit\/table-basse-easy-fit-side-table-b-42xr-mineral-blanche-diphano\/\" \/>\n<meta property=\"og:locale\" content=\"fr_FR\" \/>\n<meta property=\"og:type\" content=\"article\" \/>\n<meta property=\"og:title\" content=\"Table basse Easy\u202fFit Side Table B 42\u00d7R Min\u00e9ral Blanche - Diphano - Homeproject.fr\" \/>\n<meta property=\"og:description\" content=\"Ajoutez une touche d\u2019\u00e9l\u00e9gance \u00e0 votre espace ext\u00e9rieur avec la table basse Easy\u202fFit Side Table B 42\u00d7R de la collection Omer par Diphano. Con\u00e7ue pour sublimer votre terrasse ou coin lounge, cette table d\u2019appoint combine mat\u00e9riaux haut de gamme, design minimaliste et l\u00e9g\u00e8ret\u00e9. Son plateau en Trespa\u00ae r\u00e9sistant \u00e0 la m\u00e9t\u00e9o repose sur un pi\u00e9tement en aluminium thermo-laqu\u00e9 blanc et corde tress\u00e9e synth\u00e9tique Min\u00e9ral. Parfaite seule ou en duo avec le fauteuil Omer Lounge Chair, elle s\u2019int\u00e8gre harmonieusement \u00e0 l\u2019univers Outdoor chic et contemporain.\" \/>\n<meta property=\"og:url\" content=\"https:\/\/homeproject.fr\/fr\/produit\/table-basse-easy-fit-side-table-b-42xr-mineral-blanche-diphano\/\" \/>\n<meta property=\"og:site_name\" content=\"Homeproject.fr\" \/>\n<meta property=\"article:modified_time\" content=\"2025-06-08T16:42:40+00:00\" \/>\n<meta property=\"og:image\" content=\"https:\/\/homeproject.fr\/fr\/wp-content\/uploads\/2025\/06\/Table-basse-exterieure-en-aluminium-blanc-et-corde-tressee-Omer-side-table-B-42xR-Diphano.jpg\" \/>\n\t<meta property=\"og:image:width\" content=\"1500\" \/>\n\t<meta property=\"og:image:height\" content=\"1500\" \/>\n\t<meta property=\"og:image:type\" content=\"image\/jpeg\" \/>\n<meta name=\"twitter:card\" content=\"summary_large_image\" \/>\n<meta name=\"twitter:label1\" content=\"Dur\u00e9e de lecture estim\u00e9e\" \/>\n\t<meta name=\"twitter:data1\" content=\"2 minutes\" \/>\n<script type=\"application\/ld+json\" class=\"yoast-schema-graph\">{\"@context\":\"https:\\\/\\\/schema.org\",\"@graph\":[{\"@type\":\"WebPage\",\"@id\":\"https:\\\/\\\/homeproject.fr\\\/fr\\\/produit\\\/table-basse-easy-fit-side-table-b-42xr-mineral-blanche-diphano\\\/\",\"url\":\"https:\\\/\\\/homeproject.fr\\\/fr\\\/produit\\\/table-basse-easy-fit-side-table-b-42xr-mineral-blanche-diphano\\\/\",\"name\":\"Table basse Easy\u202fFit Side Table B 42\u00d7R Min\u00e9ral Blanche - Diphano - Homeproject.fr\",\"isPartOf\":{\"@id\":\"https:\\\/\\\/homeproject.fr\\\/fr\\\/#website\"},\"primaryImageOfPage\":{\"@id\":\"https:\\\/\\\/homeproject.fr\\\/fr\\\/produit\\\/table-basse-easy-fit-side-table-b-42xr-mineral-blanche-diphano\\\/#primaryimage\"},\"image\":{\"@id\":\"https:\\\/\\\/homeproject.fr\\\/fr\\\/produit\\\/table-basse-easy-fit-side-table-b-42xr-mineral-blanche-diphano\\\/#primaryimage\"},\"thumbnailUrl\":\"https:\\\/\\\/homeproject.fr\\\/fr\\\/wp-content\\\/uploads\\\/2025\\\/06\\\/Table-basse-exterieure-en-aluminium-blanc-et-corde-tressee-Omer-side-table-B-42xR-Diphano.jpg\",\"datePublished\":\"2025-06-08T16:34:10+00:00\",\"dateModified\":\"2025-06-08T16:42:40+00:00\",\"breadcrumb\":{\"@id\":\"https:\\\/\\\/homeproject.fr\\\/fr\\\/produit\\\/table-basse-easy-fit-side-table-b-42xr-mineral-blanche-diphano\\\/#breadcrumb\"},\"inLanguage\":\"fr-FR\",\"potentialAction\":[{\"@type\":\"ReadAction\",\"target\":[\"https:\\\/\\\/homeproject.fr\\\/fr\\\/produit\\\/table-basse-easy-fit-side-table-b-42xr-mineral-blanche-diphano\\\/\"]}]},{\"@type\":\"ImageObject\",\"inLanguage\":\"fr-FR\",\"@id\":\"https:\\\/\\\/homeproject.fr\\\/fr\\\/produit\\\/table-basse-easy-fit-side-table-b-42xr-mineral-blanche-diphano\\\/#primaryimage\",\"url\":\"https:\\\/\\\/homeproject.fr\\\/fr\\\/wp-content\\\/uploads\\\/2025\\\/06\\\/Table-basse-exterieure-en-aluminium-blanc-et-corde-tressee-Omer-side-table-B-42xR-Diphano.jpg\",\"contentUrl\":\"https:\\\/\\\/homeproject.fr\\\/fr\\\/wp-content\\\/uploads\\\/2025\\\/06\\\/Table-basse-exterieure-en-aluminium-blanc-et-corde-tressee-Omer-side-table-B-42xR-Diphano.jpg\",\"width\":1500,\"height\":1500},{\"@type\":\"BreadcrumbList\",\"@id\":\"https:\\\/\\\/homeproject.fr\\\/fr\\\/produit\\\/table-basse-easy-fit-side-table-b-42xr-mineral-blanche-diphano\\\/#breadcrumb\",\"itemListElement\":[{\"@type\":\"ListItem\",\"position\":1,\"name\":\"Accueil\",\"item\":\"https:\\\/\\\/homeproject.fr\\\/fr\\\/\"},{\"@type\":\"ListItem\",\"position\":2,\"name\":\"Boutique\",\"item\":\"https:\\\/\\\/homeproject.fr\\\/fr\\\/boutique\\\/\"},{\"@type\":\"ListItem\",\"position\":3,\"name\":\"Table basse Easy\u202fFit Side Table B 42\u00d7R Min\u00e9ral Blanche &#8211; Diphano\"}]},{\"@type\":\"WebSite\",\"@id\":\"https:\\\/\\\/homeproject.fr\\\/fr\\\/#website\",\"url\":\"https:\\\/\\\/homeproject.fr\\\/fr\\\/\",\"name\":\"Homeproject.fr\",\"description\":\"Offrez l&#039;exceptionnel \u00e0 vos espaces \u00e0 vivre\",\"publisher\":{\"@id\":\"https:\\\/\\\/homeproject.fr\\\/fr\\\/#organization\"},\"potentialAction\":[{\"@type\":\"SearchAction\",\"target\":{\"@type\":\"EntryPoint\",\"urlTemplate\":\"https:\\\/\\\/homeproject.fr\\\/fr\\\/?s={search_term_string}\"},\"query-input\":{\"@type\":\"PropertyValueSpecification\",\"valueRequired\":true,\"valueName\":\"search_term_string\"}}],\"inLanguage\":\"fr-FR\"},{\"@type\":\"Organization\",\"@id\":\"https:\\\/\\\/homeproject.fr\\\/fr\\\/#organization\",\"name\":\"Homeproject.fr\",\"url\":\"https:\\\/\\\/homeproject.fr\\\/fr\\\/\",\"logo\":{\"@type\":\"ImageObject\",\"inLanguage\":\"fr-FR\",\"@id\":\"https:\\\/\\\/homeproject.fr\\\/fr\\\/#\\\/schema\\\/logo\\\/image\\\/\",\"url\":\"https:\\\/\\\/homeproject.fr\\\/fr\\\/wp-content\\\/uploads\\\/2024\\\/12\\\/Logo_HomeProject-noir-2.png\",\"contentUrl\":\"https:\\\/\\\/homeproject.fr\\\/fr\\\/wp-content\\\/uploads\\\/2024\\\/12\\\/Logo_HomeProject-noir-2.png\",\"width\":300,\"height\":91,\"caption\":\"Homeproject.fr\"},\"image\":{\"@id\":\"https:\\\/\\\/homeproject.fr\\\/fr\\\/#\\\/schema\\\/logo\\\/image\\\/\"}}]}<\/script>\n<!-- \/ Yoast SEO plugin. -->","yoast_head_json":{"title":"Table basse Easy\u202fFit Side Table B 42\u00d7R Min\u00e9ral Blanche - Diphano - Homeproject.fr","robots":{"index":"index","follow":"follow","max-snippet":"max-snippet:-1","max-image-preview":"max-image-preview:large","max-video-preview":"max-video-preview:-1"},"canonical":"https:\/\/homeproject.fr\/fr\/produit\/table-basse-easy-fit-side-table-b-42xr-mineral-blanche-diphano\/","og_locale":"fr_FR","og_type":"article","og_title":"Table basse Easy\u202fFit Side Table B 42\u00d7R Min\u00e9ral Blanche - Diphano - Homeproject.fr","og_description":"Ajoutez une touche d\u2019\u00e9l\u00e9gance \u00e0 votre espace ext\u00e9rieur avec la table basse Easy\u202fFit Side Table B 42\u00d7R de la collection Omer par Diphano. Con\u00e7ue pour sublimer votre terrasse ou coin lounge, cette table d\u2019appoint combine mat\u00e9riaux haut de gamme, design minimaliste et l\u00e9g\u00e8ret\u00e9. Son plateau en Trespa\u00ae r\u00e9sistant \u00e0 la m\u00e9t\u00e9o repose sur un pi\u00e9tement en aluminium thermo-laqu\u00e9 blanc et corde tress\u00e9e synth\u00e9tique Min\u00e9ral. Parfaite seule ou en duo avec le fauteuil Omer Lounge Chair, elle s\u2019int\u00e8gre harmonieusement \u00e0 l\u2019univers Outdoor chic et contemporain.","og_url":"https:\/\/homeproject.fr\/fr\/produit\/table-basse-easy-fit-side-table-b-42xr-mineral-blanche-diphano\/","og_site_name":"Homeproject.fr","article_modified_time":"2025-06-08T16:42:40+00:00","og_image":[{"width":1500,"height":1500,"url":"https:\/\/homeproject.fr\/fr\/wp-content\/uploads\/2025\/06\/Table-basse-exterieure-en-aluminium-blanc-et-corde-tressee-Omer-side-table-B-42xR-Diphano.jpg","type":"image\/jpeg"}],"twitter_card":"summary_large_image","twitter_misc":{"Dur\u00e9e de lecture estim\u00e9e":"2 minutes"},"schema":{"@context":"https:\/\/schema.org","@graph":[{"@type":"WebPage","@id":"https:\/\/homeproject.fr\/fr\/produit\/table-basse-easy-fit-side-table-b-42xr-mineral-blanche-diphano\/","url":"https:\/\/homeproject.fr\/fr\/produit\/table-basse-easy-fit-side-table-b-42xr-mineral-blanche-diphano\/","name":"Table basse Easy\u202fFit Side Table B 42\u00d7R Min\u00e9ral Blanche - Diphano - Homeproject.fr","isPartOf":{"@id":"https:\/\/homeproject.fr\/fr\/#website"},"primaryImageOfPage":{"@id":"https:\/\/homeproject.fr\/fr\/produit\/table-basse-easy-fit-side-table-b-42xr-mineral-blanche-diphano\/#primaryimage"},"image":{"@id":"https:\/\/homeproject.fr\/fr\/produit\/table-basse-easy-fit-side-table-b-42xr-mineral-blanche-diphano\/#primaryimage"},"thumbnailUrl":"https:\/\/homeproject.fr\/fr\/wp-content\/uploads\/2025\/06\/Table-basse-exterieure-en-aluminium-blanc-et-corde-tressee-Omer-side-table-B-42xR-Diphano.jpg","datePublished":"2025-06-08T16:34:10+00:00","dateModified":"2025-06-08T16:42:40+00:00","breadcrumb":{"@id":"https:\/\/homeproject.fr\/fr\/produit\/table-basse-easy-fit-side-table-b-42xr-mineral-blanche-diphano\/#breadcrumb"},"inLanguage":"fr-FR","potentialAction":[{"@type":"ReadAction","target":["https:\/\/homeproject.fr\/fr\/produit\/table-basse-easy-fit-side-table-b-42xr-mineral-blanche-diphano\/"]}]},{"@type":"ImageObject","inLanguage":"fr-FR","@id":"https:\/\/homeproject.fr\/fr\/produit\/table-basse-easy-fit-side-table-b-42xr-mineral-blanche-diphano\/#primaryimage","url":"https:\/\/homeproject.fr\/fr\/wp-content\/uploads\/2025\/06\/Table-basse-exterieure-en-aluminium-blanc-et-corde-tressee-Omer-side-table-B-42xR-Diphano.jpg","contentUrl":"https:\/\/homeproject.fr\/fr\/wp-content\/uploads\/2025\/06\/Table-basse-exterieure-en-aluminium-blanc-et-corde-tressee-Omer-side-table-B-42xR-Diphano.jpg","width":1500,"height":1500},{"@type":"BreadcrumbList","@id":"https:\/\/homeproject.fr\/fr\/produit\/table-basse-easy-fit-side-table-b-42xr-mineral-blanche-diphano\/#breadcrumb","itemListElement":[{"@type":"ListItem","position":1,"name":"Accueil","item":"https:\/\/homeproject.fr\/fr\/"},{"@type":"ListItem","position":2,"name":"Boutique","item":"https:\/\/homeproject.fr\/fr\/boutique\/"},{"@type":"ListItem","position":3,"name":"Table basse Easy\u202fFit Side Table B 42\u00d7R Min\u00e9ral Blanche &#8211; Diphano"}]},{"@type":"WebSite","@id":"https:\/\/homeproject.fr\/fr\/#website","url":"https:\/\/homeproject.fr\/fr\/","name":"Homeproject.fr","description":"Offrez l&#039;exceptionnel \u00e0 vos espaces \u00e0 vivre","publisher":{"@id":"https:\/\/homeproject.fr\/fr\/#organization"},"potentialAction":[{"@type":"SearchAction","target":{"@type":"EntryPoint","urlTemplate":"https:\/\/homeproject.fr\/fr\/?s={search_term_string}"},"query-input":{"@type":"PropertyValueSpecification","valueRequired":true,"valueName":"search_term_string"}}],"inLanguage":"fr-FR"},{"@type":"Organization","@id":"https:\/\/homeproject.fr\/fr\/#organization","name":"Homeproject.fr","url":"https:\/\/homeproject.fr\/fr\/","logo":{"@type":"ImageObject","inLanguage":"fr-FR","@id":"https:\/\/homeproject.fr\/fr\/#\/schema\/logo\/image\/","url":"https:\/\/homeproject.fr\/fr\/wp-content\/uploads\/2024\/12\/Logo_HomeProject-noir-2.png","contentUrl":"https:\/\/homeproject.fr\/fr\/wp-content\/uploads\/2024\/12\/Logo_HomeProject-noir-2.png","width":300,"height":91,"caption":"Homeproject.fr"},"image":{"@id":"https:\/\/homeproject.fr\/fr\/#\/schema\/logo\/image\/"}}]}},"_links":{"self":[{"href":"https:\/\/homeproject.fr\/fr\/wp-json\/wp\/v2\/product\/14454","targetHints":{"allow":["GET"]}}],"collection":[{"href":"https:\/\/homeproject.fr\/fr\/wp-json\/wp\/v2\/product"}],"about":[{"href":"https:\/\/homeproject.fr\/fr\/wp-json\/wp\/v2\/types\/product"}],"version-history":[{"count":1,"href":"https:\/\/homeproject.fr\/fr\/wp-json\/wp\/v2\/product\/14454\/revisions"}],"predecessor-version":[{"id":14455,"href":"https:\/\/homeproject.fr\/fr\/wp-json\/wp\/v2\/product\/14454\/revisions\/14455"}],"wp:featuredmedia":[{"embeddable":true,"href":"https:\/\/homeproject.fr\/fr\/wp-json\/wp\/v2\/media\/14407"}],"wp:attachment":[{"href":"https:\/\/homeproject.fr\/fr\/wp-json\/wp\/v2\/media?parent=14454"}],"wp:term":[{"taxonomy":"product_brand","embeddable":true,"href":"https:\/\/homeproject.fr\/fr\/wp-json\/wp\/v2\/product_brand?post=14454"},{"taxonomy":"product_cat","embeddable":true,"href":"https:\/\/homeproject.fr\/fr\/wp-json\/wp\/v2\/product_cat?post=14454"},{"taxonomy":"product_tag","embeddable":true,"href":"https:\/\/homeproject.fr\/fr\/wp-json\/wp\/v2\/product_tag?post=14454"}],"curies":[{"name":"wp","href":"https:\/\/api.w.org\/{rel}","templated":true}]}}