{"id":14417,"date":"2025-06-08T08:07:59","date_gmt":"2025-06-08T08:07:59","guid":{"rendered":"https:\/\/homeproject.fr\/fr\/?post_type=product&#038;p=14417"},"modified":"2025-06-08T08:49:46","modified_gmt":"2025-06-08T08:49:46","slug":"salon-de-jardin-omer-combo-finition-blanc-corde-tressee-mineral-diphano","status":"publish","type":"product","link":"https:\/\/homeproject.fr\/fr\/produit\/salon-de-jardin-omer-combo-finition-blanc-corde-tressee-mineral-diphano\/","title":{"rendered":"Salon de jardin Omer combo \u2013 Finition Blanc &#038; corde tress\u00e9e Mineral &#8211; Diphano"},"content":{"rendered":"<table cellspacing=\"0\" cellpadding=\"0\">\n<tbody>\n<tr>\n<td valign=\"top\">\u00c9l\u00e9ments<\/td>\n<td style=\"padding-left: 40px;\" valign=\"top\">D\u00e9tails<\/td>\n<\/tr>\n<tr>\n<td valign=\"top\">Composition<\/td>\n<td style=\"padding-left: 40px;\" valign=\"top\">1 canap\u00e9 2,5 places + 2 fauteuils lounge<\/td>\n<\/tr>\n<tr>\n<td valign=\"top\">Structure<\/td>\n<td style=\"padding-left: 40px;\" valign=\"top\">Aluminium thermolaqu\u00e9 blanc<\/td>\n<\/tr>\n<tr>\n<td valign=\"top\">Finition<\/td>\n<td style=\"padding-left: 40px;\" valign=\"top\">Cordage tress\u00e9 \u00e0 la main \u2013 coloris Mineral<\/td>\n<\/tr>\n<tr>\n<td valign=\"top\">Coussins<\/td>\n<td style=\"padding-left: 40px;\" valign=\"top\">Tissu outdoor waterproof \u2013 coloris Tundra<\/td>\n<\/tr>\n<tr>\n<td valign=\"top\">Assise empilable<\/td>\n<td style=\"padding-left: 40px;\" valign=\"top\">Oui \u2013 fauteuils empilables dans le canap\u00e9<\/td>\n<\/tr>\n<tr>\n<td valign=\"top\">Fixation<\/td>\n<td style=\"padding-left: 40px;\" valign=\"top\">Syst\u00e8me velcro int\u00e9gr\u00e9 pour maintenir les coussins en place<\/td>\n<\/tr>\n<tr>\n<td valign=\"top\">Entretien<\/td>\n<td style=\"padding-left: 40px;\" valign=\"top\">Facile \u2013 tissus d\u00e9houssables et lavables<\/td>\n<\/tr>\n<\/tbody>\n<\/table>\n<h3><span style=\"font-size: 16px;\">Les atouts du salon Omer White<\/span><\/h3>\n<ul>\n<li>\ud83c\udfa8 Esth\u00e9tique intemporelle : finition blanche lumineuse et cordage beige-gris pour une ambiance chic et naturelle.<\/li>\n<li>\ud83c\udf27\ufe0f R\u00e9sistant aux intemp\u00e9ries : tissus d\u00e9perlants, structure anticorrosion.<\/li>\n<li>\ud83e\ude91 Fonctionnel et pratique : empilable, l\u00e9ger, facile \u00e0 ranger en fin de saison.<\/li>\n<li>\u2699\ufe0f Pieds r\u00e9glables : stabilit\u00e9 assur\u00e9e m\u00eame sur sols irr\u00e9guliers.<\/li>\n<li>\ud83e\uddfc Facile \u00e0 entretenir : coussins amovibles et lavables, nettoyage rapide de la structure.<\/li>\n<\/ul>\n<h3>Pourquoi choisir Diphano sur homeproject.fr ?<\/h3>\n<p>En optant pour le salon Omer combo en finition white, vous faites le choix d\u2019un mobilier de jardin haut de gamme, pens\u00e9 pour durer. Disponible \u00e0 la vente sur homeproject.fr, ce mod\u00e8le conjugue design belge, qualit\u00e9 de fabrication et modularit\u00e9.<\/p>\n<p><strong style=\"font-family: inherit; font-size: 30px;\">Vous avez des questions ?<\/strong><\/p>\n<style id=\"wpforms-css-vars-3675\">\n\t\t\t\t#wpforms-3675 {\n\t\t\t\t\n\t\t\t}\n\t\t\t<\/style><div class=\"wpforms-container wpforms-container-full wpforms-render-modern\" id=\"wpforms-3675\"><form id=\"wpforms-form-3675\" class=\"wpforms-validate wpforms-form wpforms-ajax-form\" data-formid=\"3675\" method=\"post\" enctype=\"multipart\/form-data\" action=\"\/fr\/wp-json\/wp\/v2\/product\/14417\" data-token=\"86cfa3cd8fc4572532d762e2357ac556\" data-token-time=\"1777848397\"><noscript class=\"wpforms-error-noscript\">Veuillez activer JavaScript dans votre navigateur pour remplir ce formulaire.<\/noscript><div id=\"wpforms-error-noscript\" style=\"display: none;\">Veuillez activer JavaScript dans votre navigateur pour remplir ce formulaire.<\/div><div class=\"wpforms-field-container\"><div id=\"wpforms-3675-field_3-container\" class=\"wpforms-field wpforms-field-name\" data-field-id=\"3\"><fieldset><legend class=\"wpforms-field-label\">Nom <span class=\"wpforms-required-label\" aria-hidden=\"true\">*<\/span><\/legend><div class=\"wpforms-field-row wpforms-field-medium\"><div class=\"wpforms-field-row-block wpforms-first wpforms-one-half\"><input type=\"text\" id=\"wpforms-3675-field_3\" class=\"wpforms-field-name-first wpforms-field-required\" name=\"wpforms[fields][3][first]\" aria-errormessage=\"wpforms-3675-field_3-error\" required><label for=\"wpforms-3675-field_3\" class=\"wpforms-field-sublabel after\">Pr\u00e9nom<\/label><\/div><div class=\"wpforms-field-row-block wpforms-one-half\"><input type=\"text\" id=\"wpforms-3675-field_3-last\" class=\"wpforms-field-name-last wpforms-field-required\" name=\"wpforms[fields][3][last]\" aria-errormessage=\"wpforms-3675-field_3-last-error\" required><label for=\"wpforms-3675-field_3-last\" class=\"wpforms-field-sublabel after\">Nom<\/label><\/div><\/div><\/fieldset><\/div>\t\t<div id=\"wpforms-3675-field_1-container\"\n\t\t\tclass=\"wpforms-field wpforms-field-text\"\n\t\t\tdata-field-type=\"text\"\n\t\t\tdata-field-id=\"1\"\n\t\t\t>\n\t\t\t<label class=\"wpforms-field-label\" for=\"wpforms-3675-field_1\" >E-mail Nom Message<\/label>\n\t\t\t<input type=\"text\" id=\"wpforms-3675-field_1\" class=\"wpforms-field-medium\" name=\"wpforms[fields][1]\" >\n\t\t<\/div>\n\t\t<div id=\"wpforms-3675-field_4-container\" class=\"wpforms-field wpforms-field-email\" data-field-id=\"4\"><label class=\"wpforms-field-label\" for=\"wpforms-3675-field_4\">E-mail <span class=\"wpforms-required-label\" aria-hidden=\"true\">*<\/span><\/label><input type=\"email\" id=\"wpforms-3675-field_4\" class=\"wpforms-field-medium wpforms-field-required\" name=\"wpforms[fields][4]\" spellcheck=\"false\" aria-errormessage=\"wpforms-3675-field_4-error\" required><\/div><div id=\"wpforms-3675-field_5-container\" class=\"wpforms-field wpforms-field-textarea\" data-field-id=\"5\"><label class=\"wpforms-field-label\" for=\"wpforms-3675-field_5\">Message <span class=\"wpforms-required-label\" aria-hidden=\"true\">*<\/span><\/label><textarea id=\"wpforms-3675-field_5\" class=\"wpforms-field-medium wpforms-field-required\" name=\"wpforms[fields][5]\" aria-errormessage=\"wpforms-3675-field_5-error\" required><\/textarea><\/div><script>\n\t\t\t\t( function() {\n\t\t\t\t\tconst style = document.createElement( 'style' );\n\t\t\t\t\tstyle.appendChild( document.createTextNode( '#wpforms-3675-field_1-container { position: absolute !important; overflow: hidden !important; display: inline !important; height: 1px !important; width: 1px !important; z-index: -1000 !important; padding: 0 !important; } #wpforms-3675-field_1-container input { visibility: hidden; } #wpforms-conversational-form-page #wpforms-3675-field_1-container label { counter-increment: none; }' ) );\n\t\t\t\t\tdocument.head.appendChild( style );\n\t\t\t\t\tdocument.currentScript?.remove();\n\t\t\t\t} )();\n\t\t\t<\/script><\/div><!-- .wpforms-field-container --><div class=\"wpforms-submit-container\" ><input type=\"hidden\" name=\"wpforms[id]\" value=\"3675\"><input type=\"hidden\" name=\"page_title\" value=\"\"><input type=\"hidden\" name=\"page_url\" value=\"https:\/\/homeproject.fr\/fr\/wp-json\/wp\/v2\/product\/14417\"><input type=\"hidden\" name=\"url_referer\" value=\"\"><button type=\"submit\" name=\"wpforms[submit]\" id=\"wpforms-submit-3675\" class=\"wpforms-submit\" data-alt-text=\"Envoi...\" data-submit-text=\"Envoyer\" aria-live=\"assertive\" value=\"wpforms-submit\">Envoyer<\/button><img decoding=\"async\" src=\"https:\/\/homeproject.fr\/fr\/wp-content\/plugins\/wpforms-lite\/assets\/images\/submit-spin.svg\" class=\"wpforms-submit-spinner\" style=\"display: none;\" width=\"26\" height=\"26\" alt=\"Chargement en cours\"><\/div><\/form><\/div>  <!-- .wpforms-container -->\n","protected":false},"excerpt":{"rendered":"<p><strong>\u00c9l\u00e9gance minimaliste et confort durable pour vos ext\u00e9rieurs<\/strong><\/p>\n<p>Le salon de jardin <strong>Omer combo de Diphano<\/strong>, pr\u00e9sent\u00e9 ici dans sa version structure <strong>aluminium blanc<\/strong> et <strong>cordage tress\u00e9 mineral<\/strong>, incarne la puret\u00e9 du design contemporain outdoor. Avec ses lignes douces et son esth\u00e9tique minimaliste, il s\u2019int\u00e8gre harmonieusement dans tous les environnements, de la terrasse m\u00e9diterran\u00e9enne au patio urbain.<\/p>\n<p>Con\u00e7u pour associer style et fonctionnalit\u00e9, ce mod\u00e8le comprend <strong>deux fauteuils<\/strong> lounge empilables et un <strong>canap\u00e9 2,5 places<\/strong>, le tout accompagn\u00e9 de coussins outdoor en tissu Tundra, au toucher doux et \u00e0 la r\u00e9sistance remarquable face aux UV, \u00e0 la pluie et \u00e0 l\u2019humidit\u00e9.<\/p>\n","protected":false},"featured_media":14403,"template":"","meta":{"_uf_show_specific_survey":0,"_uf_disable_surveys":false,"iawp_total_views":3},"product_brand":[518],"product_cat":[166],"product_tag":[],"class_list":{"0":"post-14417","1":"product","2":"type-product","3":"status-publish","4":"has-post-thumbnail","6":"product_brand-diphano","7":"product_cat-salons-de-jardin","8":"product_shipping_class-gros-colis-messagerie","9":"pa_collection-omer-par-diphano","10":"pa_marque-diphano","11":"pa_materiau-aluminium","13":"first","14":"instock","15":"taxable","16":"shipping-taxable","17":"purchasable","18":"product-type-simple"},"yoast_head":"<!-- This site is optimized with the Yoast SEO plugin v27.5 - https:\/\/yoast.com\/product\/yoast-seo-wordpress\/ -->\n<title>Salon de jardin Omer combo \u2013 Finition Blanc &amp; corde tress\u00e9e Mineral - Diphano - Homeproject.fr<\/title>\n<meta name=\"robots\" content=\"index, follow, max-snippet:-1, max-image-preview:large, max-video-preview:-1\" \/>\n<link rel=\"canonical\" href=\"https:\/\/homeproject.fr\/fr\/produit\/salon-de-jardin-omer-combo-finition-blanc-corde-tressee-mineral-diphano\/\" \/>\n<meta property=\"og:locale\" content=\"fr_FR\" \/>\n<meta property=\"og:type\" content=\"article\" \/>\n<meta property=\"og:title\" content=\"Salon de jardin Omer combo \u2013 Finition Blanc &amp; corde tress\u00e9e Mineral - Diphano - Homeproject.fr\" \/>\n<meta property=\"og:description\" content=\"\u00c9l\u00e9gance minimaliste et confort durable pour vos ext\u00e9rieurs  Le salon de jardin Omer combo de Diphano, pr\u00e9sent\u00e9 ici dans sa version structure aluminium blanc et cordage tress\u00e9 mineral, incarne la puret\u00e9 du design contemporain outdoor. Avec ses lignes douces et son esth\u00e9tique minimaliste, il s\u2019int\u00e8gre harmonieusement dans tous les environnements, de la terrasse m\u00e9diterran\u00e9enne au patio urbain.  Con\u00e7u pour associer style et fonctionnalit\u00e9, ce mod\u00e8le comprend deux fauteuils lounge empilables et un canap\u00e9 2,5 places, le tout accompagn\u00e9 de coussins outdoor en tissu Tundra, au toucher doux et \u00e0 la r\u00e9sistance remarquable face aux UV, \u00e0 la pluie et \u00e0 l\u2019humidit\u00e9.\" \/>\n<meta property=\"og:url\" content=\"https:\/\/homeproject.fr\/fr\/produit\/salon-de-jardin-omer-combo-finition-blanc-corde-tressee-mineral-diphano\/\" \/>\n<meta property=\"og:site_name\" content=\"Homeproject.fr\" \/>\n<meta property=\"article:modified_time\" content=\"2025-06-08T08:49:46+00:00\" \/>\n<meta property=\"og:image\" content=\"https:\/\/homeproject.fr\/fr\/wp-content\/uploads\/2025\/06\/Salon-de-jardin-en-aluminium-blanc-et-corde-synthetique-Omer-Combo.jpg\" \/>\n\t<meta property=\"og:image:width\" content=\"1500\" \/>\n\t<meta property=\"og:image:height\" content=\"1500\" \/>\n\t<meta property=\"og:image:type\" content=\"image\/jpeg\" \/>\n<meta name=\"twitter:card\" content=\"summary_large_image\" \/>\n<meta name=\"twitter:label1\" content=\"Dur\u00e9e de lecture estim\u00e9e\" \/>\n\t<meta name=\"twitter:data1\" content=\"2 minutes\" \/>\n<script type=\"application\/ld+json\" class=\"yoast-schema-graph\">{\"@context\":\"https:\\\/\\\/schema.org\",\"@graph\":[{\"@type\":\"WebPage\",\"@id\":\"https:\\\/\\\/homeproject.fr\\\/fr\\\/produit\\\/salon-de-jardin-omer-combo-finition-blanc-corde-tressee-mineral-diphano\\\/\",\"url\":\"https:\\\/\\\/homeproject.fr\\\/fr\\\/produit\\\/salon-de-jardin-omer-combo-finition-blanc-corde-tressee-mineral-diphano\\\/\",\"name\":\"Salon de jardin Omer combo \u2013 Finition Blanc & corde tress\u00e9e Mineral - Diphano - Homeproject.fr\",\"isPartOf\":{\"@id\":\"https:\\\/\\\/homeproject.fr\\\/fr\\\/#website\"},\"primaryImageOfPage\":{\"@id\":\"https:\\\/\\\/homeproject.fr\\\/fr\\\/produit\\\/salon-de-jardin-omer-combo-finition-blanc-corde-tressee-mineral-diphano\\\/#primaryimage\"},\"image\":{\"@id\":\"https:\\\/\\\/homeproject.fr\\\/fr\\\/produit\\\/salon-de-jardin-omer-combo-finition-blanc-corde-tressee-mineral-diphano\\\/#primaryimage\"},\"thumbnailUrl\":\"https:\\\/\\\/homeproject.fr\\\/fr\\\/wp-content\\\/uploads\\\/2025\\\/06\\\/Salon-de-jardin-en-aluminium-blanc-et-corde-synthetique-Omer-Combo.jpg\",\"datePublished\":\"2025-06-08T08:07:59+00:00\",\"dateModified\":\"2025-06-08T08:49:46+00:00\",\"breadcrumb\":{\"@id\":\"https:\\\/\\\/homeproject.fr\\\/fr\\\/produit\\\/salon-de-jardin-omer-combo-finition-blanc-corde-tressee-mineral-diphano\\\/#breadcrumb\"},\"inLanguage\":\"fr-FR\",\"potentialAction\":[{\"@type\":\"ReadAction\",\"target\":[\"https:\\\/\\\/homeproject.fr\\\/fr\\\/produit\\\/salon-de-jardin-omer-combo-finition-blanc-corde-tressee-mineral-diphano\\\/\"]}]},{\"@type\":\"ImageObject\",\"inLanguage\":\"fr-FR\",\"@id\":\"https:\\\/\\\/homeproject.fr\\\/fr\\\/produit\\\/salon-de-jardin-omer-combo-finition-blanc-corde-tressee-mineral-diphano\\\/#primaryimage\",\"url\":\"https:\\\/\\\/homeproject.fr\\\/fr\\\/wp-content\\\/uploads\\\/2025\\\/06\\\/Salon-de-jardin-en-aluminium-blanc-et-corde-synthetique-Omer-Combo.jpg\",\"contentUrl\":\"https:\\\/\\\/homeproject.fr\\\/fr\\\/wp-content\\\/uploads\\\/2025\\\/06\\\/Salon-de-jardin-en-aluminium-blanc-et-corde-synthetique-Omer-Combo.jpg\",\"width\":1500,\"height\":1500},{\"@type\":\"BreadcrumbList\",\"@id\":\"https:\\\/\\\/homeproject.fr\\\/fr\\\/produit\\\/salon-de-jardin-omer-combo-finition-blanc-corde-tressee-mineral-diphano\\\/#breadcrumb\",\"itemListElement\":[{\"@type\":\"ListItem\",\"position\":1,\"name\":\"Accueil\",\"item\":\"https:\\\/\\\/homeproject.fr\\\/fr\\\/\"},{\"@type\":\"ListItem\",\"position\":2,\"name\":\"Boutique\",\"item\":\"https:\\\/\\\/homeproject.fr\\\/fr\\\/boutique\\\/\"},{\"@type\":\"ListItem\",\"position\":3,\"name\":\"Salon de jardin Omer combo \u2013 Finition Blanc &#038; corde tress\u00e9e Mineral &#8211; Diphano\"}]},{\"@type\":\"WebSite\",\"@id\":\"https:\\\/\\\/homeproject.fr\\\/fr\\\/#website\",\"url\":\"https:\\\/\\\/homeproject.fr\\\/fr\\\/\",\"name\":\"Homeproject.fr\",\"description\":\"Offrez l&#039;exceptionnel \u00e0 vos espaces \u00e0 vivre\",\"publisher\":{\"@id\":\"https:\\\/\\\/homeproject.fr\\\/fr\\\/#organization\"},\"potentialAction\":[{\"@type\":\"SearchAction\",\"target\":{\"@type\":\"EntryPoint\",\"urlTemplate\":\"https:\\\/\\\/homeproject.fr\\\/fr\\\/?s={search_term_string}\"},\"query-input\":{\"@type\":\"PropertyValueSpecification\",\"valueRequired\":true,\"valueName\":\"search_term_string\"}}],\"inLanguage\":\"fr-FR\"},{\"@type\":\"Organization\",\"@id\":\"https:\\\/\\\/homeproject.fr\\\/fr\\\/#organization\",\"name\":\"Homeproject.fr\",\"url\":\"https:\\\/\\\/homeproject.fr\\\/fr\\\/\",\"logo\":{\"@type\":\"ImageObject\",\"inLanguage\":\"fr-FR\",\"@id\":\"https:\\\/\\\/homeproject.fr\\\/fr\\\/#\\\/schema\\\/logo\\\/image\\\/\",\"url\":\"https:\\\/\\\/homeproject.fr\\\/fr\\\/wp-content\\\/uploads\\\/2024\\\/12\\\/Logo_HomeProject-noir-2.png\",\"contentUrl\":\"https:\\\/\\\/homeproject.fr\\\/fr\\\/wp-content\\\/uploads\\\/2024\\\/12\\\/Logo_HomeProject-noir-2.png\",\"width\":300,\"height\":91,\"caption\":\"Homeproject.fr\"},\"image\":{\"@id\":\"https:\\\/\\\/homeproject.fr\\\/fr\\\/#\\\/schema\\\/logo\\\/image\\\/\"}}]}<\/script>\n<!-- \/ Yoast SEO plugin. -->","yoast_head_json":{"title":"Salon de jardin Omer combo \u2013 Finition Blanc & corde tress\u00e9e Mineral - Diphano - Homeproject.fr","robots":{"index":"index","follow":"follow","max-snippet":"max-snippet:-1","max-image-preview":"max-image-preview:large","max-video-preview":"max-video-preview:-1"},"canonical":"https:\/\/homeproject.fr\/fr\/produit\/salon-de-jardin-omer-combo-finition-blanc-corde-tressee-mineral-diphano\/","og_locale":"fr_FR","og_type":"article","og_title":"Salon de jardin Omer combo \u2013 Finition Blanc & corde tress\u00e9e Mineral - Diphano - Homeproject.fr","og_description":"\u00c9l\u00e9gance minimaliste et confort durable pour vos ext\u00e9rieurs  Le salon de jardin Omer combo de Diphano, pr\u00e9sent\u00e9 ici dans sa version structure aluminium blanc et cordage tress\u00e9 mineral, incarne la puret\u00e9 du design contemporain outdoor. Avec ses lignes douces et son esth\u00e9tique minimaliste, il s\u2019int\u00e8gre harmonieusement dans tous les environnements, de la terrasse m\u00e9diterran\u00e9enne au patio urbain.  Con\u00e7u pour associer style et fonctionnalit\u00e9, ce mod\u00e8le comprend deux fauteuils lounge empilables et un canap\u00e9 2,5 places, le tout accompagn\u00e9 de coussins outdoor en tissu Tundra, au toucher doux et \u00e0 la r\u00e9sistance remarquable face aux UV, \u00e0 la pluie et \u00e0 l\u2019humidit\u00e9.","og_url":"https:\/\/homeproject.fr\/fr\/produit\/salon-de-jardin-omer-combo-finition-blanc-corde-tressee-mineral-diphano\/","og_site_name":"Homeproject.fr","article_modified_time":"2025-06-08T08:49:46+00:00","og_image":[{"width":1500,"height":1500,"url":"https:\/\/homeproject.fr\/fr\/wp-content\/uploads\/2025\/06\/Salon-de-jardin-en-aluminium-blanc-et-corde-synthetique-Omer-Combo.jpg","type":"image\/jpeg"}],"twitter_card":"summary_large_image","twitter_misc":{"Dur\u00e9e de lecture estim\u00e9e":"2 minutes"},"schema":{"@context":"https:\/\/schema.org","@graph":[{"@type":"WebPage","@id":"https:\/\/homeproject.fr\/fr\/produit\/salon-de-jardin-omer-combo-finition-blanc-corde-tressee-mineral-diphano\/","url":"https:\/\/homeproject.fr\/fr\/produit\/salon-de-jardin-omer-combo-finition-blanc-corde-tressee-mineral-diphano\/","name":"Salon de jardin Omer combo \u2013 Finition Blanc & corde tress\u00e9e Mineral - Diphano - Homeproject.fr","isPartOf":{"@id":"https:\/\/homeproject.fr\/fr\/#website"},"primaryImageOfPage":{"@id":"https:\/\/homeproject.fr\/fr\/produit\/salon-de-jardin-omer-combo-finition-blanc-corde-tressee-mineral-diphano\/#primaryimage"},"image":{"@id":"https:\/\/homeproject.fr\/fr\/produit\/salon-de-jardin-omer-combo-finition-blanc-corde-tressee-mineral-diphano\/#primaryimage"},"thumbnailUrl":"https:\/\/homeproject.fr\/fr\/wp-content\/uploads\/2025\/06\/Salon-de-jardin-en-aluminium-blanc-et-corde-synthetique-Omer-Combo.jpg","datePublished":"2025-06-08T08:07:59+00:00","dateModified":"2025-06-08T08:49:46+00:00","breadcrumb":{"@id":"https:\/\/homeproject.fr\/fr\/produit\/salon-de-jardin-omer-combo-finition-blanc-corde-tressee-mineral-diphano\/#breadcrumb"},"inLanguage":"fr-FR","potentialAction":[{"@type":"ReadAction","target":["https:\/\/homeproject.fr\/fr\/produit\/salon-de-jardin-omer-combo-finition-blanc-corde-tressee-mineral-diphano\/"]}]},{"@type":"ImageObject","inLanguage":"fr-FR","@id":"https:\/\/homeproject.fr\/fr\/produit\/salon-de-jardin-omer-combo-finition-blanc-corde-tressee-mineral-diphano\/#primaryimage","url":"https:\/\/homeproject.fr\/fr\/wp-content\/uploads\/2025\/06\/Salon-de-jardin-en-aluminium-blanc-et-corde-synthetique-Omer-Combo.jpg","contentUrl":"https:\/\/homeproject.fr\/fr\/wp-content\/uploads\/2025\/06\/Salon-de-jardin-en-aluminium-blanc-et-corde-synthetique-Omer-Combo.jpg","width":1500,"height":1500},{"@type":"BreadcrumbList","@id":"https:\/\/homeproject.fr\/fr\/produit\/salon-de-jardin-omer-combo-finition-blanc-corde-tressee-mineral-diphano\/#breadcrumb","itemListElement":[{"@type":"ListItem","position":1,"name":"Accueil","item":"https:\/\/homeproject.fr\/fr\/"},{"@type":"ListItem","position":2,"name":"Boutique","item":"https:\/\/homeproject.fr\/fr\/boutique\/"},{"@type":"ListItem","position":3,"name":"Salon de jardin Omer combo \u2013 Finition Blanc &#038; corde tress\u00e9e Mineral &#8211; Diphano"}]},{"@type":"WebSite","@id":"https:\/\/homeproject.fr\/fr\/#website","url":"https:\/\/homeproject.fr\/fr\/","name":"Homeproject.fr","description":"Offrez l&#039;exceptionnel \u00e0 vos espaces \u00e0 vivre","publisher":{"@id":"https:\/\/homeproject.fr\/fr\/#organization"},"potentialAction":[{"@type":"SearchAction","target":{"@type":"EntryPoint","urlTemplate":"https:\/\/homeproject.fr\/fr\/?s={search_term_string}"},"query-input":{"@type":"PropertyValueSpecification","valueRequired":true,"valueName":"search_term_string"}}],"inLanguage":"fr-FR"},{"@type":"Organization","@id":"https:\/\/homeproject.fr\/fr\/#organization","name":"Homeproject.fr","url":"https:\/\/homeproject.fr\/fr\/","logo":{"@type":"ImageObject","inLanguage":"fr-FR","@id":"https:\/\/homeproject.fr\/fr\/#\/schema\/logo\/image\/","url":"https:\/\/homeproject.fr\/fr\/wp-content\/uploads\/2024\/12\/Logo_HomeProject-noir-2.png","contentUrl":"https:\/\/homeproject.fr\/fr\/wp-content\/uploads\/2024\/12\/Logo_HomeProject-noir-2.png","width":300,"height":91,"caption":"Homeproject.fr"},"image":{"@id":"https:\/\/homeproject.fr\/fr\/#\/schema\/logo\/image\/"}}]}},"_links":{"self":[{"href":"https:\/\/homeproject.fr\/fr\/wp-json\/wp\/v2\/product\/14417","targetHints":{"allow":["GET"]}}],"collection":[{"href":"https:\/\/homeproject.fr\/fr\/wp-json\/wp\/v2\/product"}],"about":[{"href":"https:\/\/homeproject.fr\/fr\/wp-json\/wp\/v2\/types\/product"}],"version-history":[{"count":6,"href":"https:\/\/homeproject.fr\/fr\/wp-json\/wp\/v2\/product\/14417\/revisions"}],"predecessor-version":[{"id":14423,"href":"https:\/\/homeproject.fr\/fr\/wp-json\/wp\/v2\/product\/14417\/revisions\/14423"}],"wp:featuredmedia":[{"embeddable":true,"href":"https:\/\/homeproject.fr\/fr\/wp-json\/wp\/v2\/media\/14403"}],"wp:attachment":[{"href":"https:\/\/homeproject.fr\/fr\/wp-json\/wp\/v2\/media?parent=14417"}],"wp:term":[{"taxonomy":"product_brand","embeddable":true,"href":"https:\/\/homeproject.fr\/fr\/wp-json\/wp\/v2\/product_brand?post=14417"},{"taxonomy":"product_cat","embeddable":true,"href":"https:\/\/homeproject.fr\/fr\/wp-json\/wp\/v2\/product_cat?post=14417"},{"taxonomy":"product_tag","embeddable":true,"href":"https:\/\/homeproject.fr\/fr\/wp-json\/wp\/v2\/product_tag?post=14417"}],"curies":[{"name":"wp","href":"https:\/\/api.w.org\/{rel}","templated":true}]}}