{"id":14373,"date":"2025-06-07T16:09:53","date_gmt":"2025-06-07T16:09:53","guid":{"rendered":"https:\/\/homeproject.fr\/fr\/?post_type=product&#038;p=14373"},"modified":"2025-06-08T08:13:06","modified_gmt":"2025-06-08T08:13:06","slug":"canape-exterieur-omer-3-places-aluminium-lava-et-corde-graphite-diphano","status":"publish","type":"product","link":"https:\/\/homeproject.fr\/fr\/produit\/canape-exterieur-omer-3-places-aluminium-lava-et-corde-graphite-diphano\/","title":{"rendered":"Canap\u00e9 ext\u00e9rieur Omer 3 places aluminium lava et corde graphite \u2013 Diphano"},"content":{"rendered":"<h3>Caract\u00e9ristiques techniques<\/h3>\n<ul data-start=\"1062\" data-end=\"1499\">\n<li data-start=\"1062\" data-end=\"1107\">\n<p data-start=\"1064\" data-end=\"1107\"><strong data-start=\"1064\" data-end=\"1078\">Dimensions<\/strong> : L.188 x P.75 x H.65,2 cm<\/p>\n<\/li>\n<li data-start=\"1108\" data-end=\"1140\">\n<p data-start=\"1110\" data-end=\"1140\"><strong data-start=\"1110\" data-end=\"1130\">Hauteur d\u2019assise<\/strong> : 27 cm + coussin<\/p>\n<\/li>\n<li data-start=\"1141\" data-end=\"1200\">\n<p data-start=\"1143\" data-end=\"1200\"><strong data-start=\"1143\" data-end=\"1156\">Structure<\/strong> : aluminium thermolaqu\u00e9 anthracite <em data-start=\"1192\" data-end=\"1198\">lava<\/em><\/p>\n<\/li>\n<li data-start=\"1201\" data-end=\"1273\">\n<p data-start=\"1203\" data-end=\"1273\"><strong data-start=\"1203\" data-end=\"1223\">Finition dossier<\/strong> : corde synth\u00e9tique graphite, r\u00e9sistante aux UV<\/p>\n<\/li>\n<li data-start=\"1274\" data-end=\"1341\">\n<p data-start=\"1276\" data-end=\"1341\"><strong data-start=\"1276\" data-end=\"1288\">Coussins<\/strong> : tissu d\u00e9perlant coloris chestnut, velcro int\u00e9gr\u00e9<\/p>\n<\/li>\n<li data-start=\"1342\" data-end=\"1434\">\n<p data-start=\"1344\" data-end=\"1434\"><strong data-start=\"1344\" data-end=\"1364\">Caract\u00e9ristiques<\/strong> : <strong data-start=\"1367\" data-end=\"1380\">empilable<\/strong>, tissu <strong data-start=\"1388\" data-end=\"1403\">imperm\u00e9able<\/strong>, structure <strong data-start=\"1415\" data-end=\"1432\">anticorrosion<\/strong><\/p>\n<\/li>\n<\/ul>\n<p data-start=\"1501\" data-end=\"1675\">Ce canap\u00e9 bas 3 places s\u2019int\u00e8gre parfaitement dans une ambiance ext\u00e9rieure haut de gamme, que ce soit en bord de piscine, sur une terrasse moderne ou dans un jardin paysager.<\/p>\n<hr data-start=\"1798\" data-end=\"1801\" \/>\n<p><strong style=\"font-family: inherit; font-size: 30px;\">Vous avez des questions ?<\/strong><\/p>\n<style id=\"wpforms-css-vars-3675\">\n\t\t\t\t#wpforms-3675 {\n\t\t\t\t\n\t\t\t}\n\t\t\t<\/style><div class=\"wpforms-container wpforms-container-full wpforms-render-modern\" id=\"wpforms-3675\"><form id=\"wpforms-form-3675\" class=\"wpforms-validate wpforms-form wpforms-ajax-form\" data-formid=\"3675\" method=\"post\" enctype=\"multipart\/form-data\" action=\"\/fr\/wp-json\/wp\/v2\/product\/14373\" data-token=\"86cfa3cd8fc4572532d762e2357ac556\" data-token-time=\"1777845420\"><noscript class=\"wpforms-error-noscript\">Veuillez activer JavaScript dans votre navigateur pour remplir ce formulaire.<\/noscript><div id=\"wpforms-error-noscript\" style=\"display: none;\">Veuillez activer JavaScript dans votre navigateur pour remplir ce formulaire.<\/div><div class=\"wpforms-field-container\">\t\t<div id=\"wpforms-3675-field_1-container\"\n\t\t\tclass=\"wpforms-field wpforms-field-text\"\n\t\t\tdata-field-type=\"text\"\n\t\t\tdata-field-id=\"1\"\n\t\t\t>\n\t\t\t<label class=\"wpforms-field-label\" for=\"wpforms-3675-field_1\" >Message Nom E-mail<\/label>\n\t\t\t<input type=\"text\" id=\"wpforms-3675-field_1\" class=\"wpforms-field-medium\" name=\"wpforms[fields][1]\" >\n\t\t<\/div>\n\t\t<div id=\"wpforms-3675-field_3-container\" class=\"wpforms-field wpforms-field-name\" data-field-id=\"3\"><fieldset><legend class=\"wpforms-field-label\">Nom <span class=\"wpforms-required-label\" aria-hidden=\"true\">*<\/span><\/legend><div class=\"wpforms-field-row wpforms-field-medium\"><div class=\"wpforms-field-row-block wpforms-first wpforms-one-half\"><input type=\"text\" id=\"wpforms-3675-field_3\" class=\"wpforms-field-name-first wpforms-field-required\" name=\"wpforms[fields][3][first]\" aria-errormessage=\"wpforms-3675-field_3-error\" required><label for=\"wpforms-3675-field_3\" class=\"wpforms-field-sublabel after\">Pr\u00e9nom<\/label><\/div><div class=\"wpforms-field-row-block wpforms-one-half\"><input type=\"text\" id=\"wpforms-3675-field_3-last\" class=\"wpforms-field-name-last wpforms-field-required\" name=\"wpforms[fields][3][last]\" aria-errormessage=\"wpforms-3675-field_3-last-error\" required><label for=\"wpforms-3675-field_3-last\" class=\"wpforms-field-sublabel after\">Nom<\/label><\/div><\/div><\/fieldset><\/div><div id=\"wpforms-3675-field_4-container\" class=\"wpforms-field wpforms-field-email\" data-field-id=\"4\"><label class=\"wpforms-field-label\" for=\"wpforms-3675-field_4\">E-mail <span class=\"wpforms-required-label\" aria-hidden=\"true\">*<\/span><\/label><input type=\"email\" id=\"wpforms-3675-field_4\" class=\"wpforms-field-medium wpforms-field-required\" name=\"wpforms[fields][4]\" spellcheck=\"false\" aria-errormessage=\"wpforms-3675-field_4-error\" required><\/div><div id=\"wpforms-3675-field_5-container\" class=\"wpforms-field wpforms-field-textarea\" data-field-id=\"5\"><label class=\"wpforms-field-label\" for=\"wpforms-3675-field_5\">Message <span class=\"wpforms-required-label\" aria-hidden=\"true\">*<\/span><\/label><textarea id=\"wpforms-3675-field_5\" class=\"wpforms-field-medium wpforms-field-required\" name=\"wpforms[fields][5]\" aria-errormessage=\"wpforms-3675-field_5-error\" required><\/textarea><\/div><script>\n\t\t\t\t( function() {\n\t\t\t\t\tconst style = document.createElement( 'style' );\n\t\t\t\t\tstyle.appendChild( document.createTextNode( '#wpforms-3675-field_1-container { position: absolute !important; overflow: hidden !important; display: inline !important; height: 1px !important; width: 1px !important; z-index: -1000 !important; padding: 0 !important; } #wpforms-3675-field_1-container input { visibility: hidden; } #wpforms-conversational-form-page #wpforms-3675-field_1-container label { counter-increment: none; }' ) );\n\t\t\t\t\tdocument.head.appendChild( style );\n\t\t\t\t\tdocument.currentScript?.remove();\n\t\t\t\t} )();\n\t\t\t<\/script><\/div><!-- .wpforms-field-container --><div class=\"wpforms-submit-container\" ><input type=\"hidden\" name=\"wpforms[id]\" value=\"3675\"><input type=\"hidden\" name=\"page_title\" value=\"\"><input type=\"hidden\" name=\"page_url\" value=\"https:\/\/homeproject.fr\/fr\/wp-json\/wp\/v2\/product\/14373\"><input type=\"hidden\" name=\"url_referer\" value=\"\"><button type=\"submit\" name=\"wpforms[submit]\" id=\"wpforms-submit-3675\" class=\"wpforms-submit\" data-alt-text=\"Envoi...\" data-submit-text=\"Envoyer\" aria-live=\"assertive\" value=\"wpforms-submit\">Envoyer<\/button><img decoding=\"async\" src=\"https:\/\/homeproject.fr\/fr\/wp-content\/plugins\/wpforms-lite\/assets\/images\/submit-spin.svg\" class=\"wpforms-submit-spinner\" style=\"display: none;\" width=\"26\" height=\"26\" alt=\"Chargement en cours\"><\/div><\/form><\/div>  <!-- .wpforms-container -->\n","protected":false},"excerpt":{"rendered":"<p data-start=\"281\" data-end=\"353\"><strong data-start=\"281\" data-end=\"353\">Un design contemporain et accueillant pour vos moments \u00e0 l\u2019ext\u00e9rieur<\/strong><\/p>\n<p data-start=\"355\" data-end=\"744\">Avec son allure \u00e0 la fois \u00e9pur\u00e9e et chaleureuse, le <strong data-start=\"407\" data-end=\"431\">canap\u00e9 3 places Omer<\/strong> de <strong data-start=\"435\" data-end=\"446\">Diphano<\/strong> apporte une touche sophistiqu\u00e9e \u00e0 votre mobilier d\u2019ext\u00e9rieur. Sa structure en <strong data-start=\"525\" data-end=\"563\">aluminium thermolaqu\u00e9 coloris lava<\/strong>, associ\u00e9e \u00e0 une finition en <strong data-start=\"592\" data-end=\"610\">corde graphite<\/strong> tress\u00e9e main, lui conf\u00e8re une <strong data-start=\"641\" data-end=\"676\">esth\u00e9tique moderne et graphique<\/strong> tout en garantissant une <strong data-start=\"702\" data-end=\"743\">excellente r\u00e9sistance aux intemp\u00e9ries<\/strong>.<\/p>\n<p data-start=\"746\" data-end=\"1060\">Les <strong data-start=\"750\" data-end=\"771\">coussins g\u00e9n\u00e9reux<\/strong> en tissu outdoor coloris <strong data-start=\"797\" data-end=\"809\">chestnut<\/strong> assurent un confort enveloppant et une parfaite tenue gr\u00e2ce \u00e0 leur <strong data-start=\"877\" data-end=\"900\">fixation par velcro<\/strong>. Ce canap\u00e9 est aussi <strong data-start=\"922\" data-end=\"935\">empilable<\/strong>, ce qui en fait un choix pratique pour les professionnels de l\u2019h\u00f4tellerie ou les particuliers soucieux d\u2019optimiser l\u2019espace.<\/p>\n","protected":false},"featured_media":14374,"template":"","meta":{"_uf_show_specific_survey":0,"_uf_disable_surveys":false,"iawp_total_views":10},"product_brand":[518],"product_cat":[166],"product_tag":[],"class_list":{"0":"post-14373","1":"product","2":"type-product","3":"status-publish","4":"has-post-thumbnail","6":"product_brand-diphano","7":"product_cat-salons-de-jardin","8":"product_shipping_class-gros-colis-messagerie","9":"pa_collection-omer-par-diphano","10":"pa_marque-diphano","11":"pa_materiau-aluminium","13":"first","14":"instock","15":"taxable","16":"shipping-taxable","17":"purchasable","18":"product-type-simple"},"yoast_head":"<!-- This site is optimized with the Yoast SEO plugin v27.5 - https:\/\/yoast.com\/product\/yoast-seo-wordpress\/ -->\n<title>Canap\u00e9 ext\u00e9rieur Omer 3 places aluminium lava et corde graphite \u2013 Diphano - Homeproject.fr<\/title>\n<meta name=\"robots\" content=\"index, follow, max-snippet:-1, max-image-preview:large, max-video-preview:-1\" \/>\n<link rel=\"canonical\" href=\"https:\/\/homeproject.fr\/fr\/produit\/canape-exterieur-omer-3-places-aluminium-lava-et-corde-graphite-diphano\/\" \/>\n<meta property=\"og:locale\" content=\"fr_FR\" \/>\n<meta property=\"og:type\" content=\"article\" \/>\n<meta property=\"og:title\" content=\"Canap\u00e9 ext\u00e9rieur Omer 3 places aluminium lava et corde graphite \u2013 Diphano - Homeproject.fr\" \/>\n<meta property=\"og:description\" content=\"Un design contemporain et accueillant pour vos moments \u00e0 l\u2019ext\u00e9rieur Avec son allure \u00e0 la fois \u00e9pur\u00e9e et chaleureuse, le canap\u00e9 3 places Omer de Diphano apporte une touche sophistiqu\u00e9e \u00e0 votre mobilier d\u2019ext\u00e9rieur. Sa structure en aluminium thermolaqu\u00e9 coloris lava, associ\u00e9e \u00e0 une finition en corde graphite tress\u00e9e main, lui conf\u00e8re une esth\u00e9tique moderne et graphique tout en garantissant une excellente r\u00e9sistance aux intemp\u00e9ries. Les coussins g\u00e9n\u00e9reux en tissu outdoor coloris chestnut assurent un confort enveloppant et une parfaite tenue gr\u00e2ce \u00e0 leur fixation par velcro. Ce canap\u00e9 est aussi empilable, ce qui en fait un choix pratique pour les professionnels de l\u2019h\u00f4tellerie ou les particuliers soucieux d\u2019optimiser l\u2019espace.\" \/>\n<meta property=\"og:url\" content=\"https:\/\/homeproject.fr\/fr\/produit\/canape-exterieur-omer-3-places-aluminium-lava-et-corde-graphite-diphano\/\" \/>\n<meta property=\"og:site_name\" content=\"Homeproject.fr\" \/>\n<meta property=\"article:modified_time\" content=\"2025-06-08T08:13:06+00:00\" \/>\n<meta property=\"og:image\" content=\"https:\/\/homeproject.fr\/fr\/wp-content\/uploads\/2025\/06\/Canape-exterieur-en-aluminium-anthracite-lava-et-corde-synthetique-Omer-3-places-3.jpg\" \/>\n\t<meta property=\"og:image:width\" content=\"1500\" \/>\n\t<meta property=\"og:image:height\" content=\"1500\" \/>\n\t<meta property=\"og:image:type\" content=\"image\/jpeg\" \/>\n<meta name=\"twitter:card\" content=\"summary_large_image\" \/>\n<meta name=\"twitter:label1\" content=\"Dur\u00e9e de lecture estim\u00e9e\" \/>\n\t<meta name=\"twitter:data1\" content=\"1 minute\" \/>\n<script type=\"application\/ld+json\" class=\"yoast-schema-graph\">{\"@context\":\"https:\\\/\\\/schema.org\",\"@graph\":[{\"@type\":\"WebPage\",\"@id\":\"https:\\\/\\\/homeproject.fr\\\/fr\\\/produit\\\/canape-exterieur-omer-3-places-aluminium-lava-et-corde-graphite-diphano\\\/\",\"url\":\"https:\\\/\\\/homeproject.fr\\\/fr\\\/produit\\\/canape-exterieur-omer-3-places-aluminium-lava-et-corde-graphite-diphano\\\/\",\"name\":\"Canap\u00e9 ext\u00e9rieur Omer 3 places aluminium lava et corde graphite \u2013 Diphano - Homeproject.fr\",\"isPartOf\":{\"@id\":\"https:\\\/\\\/homeproject.fr\\\/fr\\\/#website\"},\"primaryImageOfPage\":{\"@id\":\"https:\\\/\\\/homeproject.fr\\\/fr\\\/produit\\\/canape-exterieur-omer-3-places-aluminium-lava-et-corde-graphite-diphano\\\/#primaryimage\"},\"image\":{\"@id\":\"https:\\\/\\\/homeproject.fr\\\/fr\\\/produit\\\/canape-exterieur-omer-3-places-aluminium-lava-et-corde-graphite-diphano\\\/#primaryimage\"},\"thumbnailUrl\":\"https:\\\/\\\/homeproject.fr\\\/fr\\\/wp-content\\\/uploads\\\/2025\\\/06\\\/Canape-exterieur-en-aluminium-anthracite-lava-et-corde-synthetique-Omer-3-places-3.jpg\",\"datePublished\":\"2025-06-07T16:09:53+00:00\",\"dateModified\":\"2025-06-08T08:13:06+00:00\",\"breadcrumb\":{\"@id\":\"https:\\\/\\\/homeproject.fr\\\/fr\\\/produit\\\/canape-exterieur-omer-3-places-aluminium-lava-et-corde-graphite-diphano\\\/#breadcrumb\"},\"inLanguage\":\"fr-FR\",\"potentialAction\":[{\"@type\":\"ReadAction\",\"target\":[\"https:\\\/\\\/homeproject.fr\\\/fr\\\/produit\\\/canape-exterieur-omer-3-places-aluminium-lava-et-corde-graphite-diphano\\\/\"]}]},{\"@type\":\"ImageObject\",\"inLanguage\":\"fr-FR\",\"@id\":\"https:\\\/\\\/homeproject.fr\\\/fr\\\/produit\\\/canape-exterieur-omer-3-places-aluminium-lava-et-corde-graphite-diphano\\\/#primaryimage\",\"url\":\"https:\\\/\\\/homeproject.fr\\\/fr\\\/wp-content\\\/uploads\\\/2025\\\/06\\\/Canape-exterieur-en-aluminium-anthracite-lava-et-corde-synthetique-Omer-3-places-3.jpg\",\"contentUrl\":\"https:\\\/\\\/homeproject.fr\\\/fr\\\/wp-content\\\/uploads\\\/2025\\\/06\\\/Canape-exterieur-en-aluminium-anthracite-lava-et-corde-synthetique-Omer-3-places-3.jpg\",\"width\":1500,\"height\":1500},{\"@type\":\"BreadcrumbList\",\"@id\":\"https:\\\/\\\/homeproject.fr\\\/fr\\\/produit\\\/canape-exterieur-omer-3-places-aluminium-lava-et-corde-graphite-diphano\\\/#breadcrumb\",\"itemListElement\":[{\"@type\":\"ListItem\",\"position\":1,\"name\":\"Accueil\",\"item\":\"https:\\\/\\\/homeproject.fr\\\/fr\\\/\"},{\"@type\":\"ListItem\",\"position\":2,\"name\":\"Boutique\",\"item\":\"https:\\\/\\\/homeproject.fr\\\/fr\\\/boutique\\\/\"},{\"@type\":\"ListItem\",\"position\":3,\"name\":\"Canap\u00e9 ext\u00e9rieur Omer 3 places aluminium lava et corde graphite \u2013 Diphano\"}]},{\"@type\":\"WebSite\",\"@id\":\"https:\\\/\\\/homeproject.fr\\\/fr\\\/#website\",\"url\":\"https:\\\/\\\/homeproject.fr\\\/fr\\\/\",\"name\":\"Homeproject.fr\",\"description\":\"Offrez l&#039;exceptionnel \u00e0 vos espaces \u00e0 vivre\",\"publisher\":{\"@id\":\"https:\\\/\\\/homeproject.fr\\\/fr\\\/#organization\"},\"potentialAction\":[{\"@type\":\"SearchAction\",\"target\":{\"@type\":\"EntryPoint\",\"urlTemplate\":\"https:\\\/\\\/homeproject.fr\\\/fr\\\/?s={search_term_string}\"},\"query-input\":{\"@type\":\"PropertyValueSpecification\",\"valueRequired\":true,\"valueName\":\"search_term_string\"}}],\"inLanguage\":\"fr-FR\"},{\"@type\":\"Organization\",\"@id\":\"https:\\\/\\\/homeproject.fr\\\/fr\\\/#organization\",\"name\":\"Homeproject.fr\",\"url\":\"https:\\\/\\\/homeproject.fr\\\/fr\\\/\",\"logo\":{\"@type\":\"ImageObject\",\"inLanguage\":\"fr-FR\",\"@id\":\"https:\\\/\\\/homeproject.fr\\\/fr\\\/#\\\/schema\\\/logo\\\/image\\\/\",\"url\":\"https:\\\/\\\/homeproject.fr\\\/fr\\\/wp-content\\\/uploads\\\/2024\\\/12\\\/Logo_HomeProject-noir-2.png\",\"contentUrl\":\"https:\\\/\\\/homeproject.fr\\\/fr\\\/wp-content\\\/uploads\\\/2024\\\/12\\\/Logo_HomeProject-noir-2.png\",\"width\":300,\"height\":91,\"caption\":\"Homeproject.fr\"},\"image\":{\"@id\":\"https:\\\/\\\/homeproject.fr\\\/fr\\\/#\\\/schema\\\/logo\\\/image\\\/\"}}]}<\/script>\n<!-- \/ Yoast SEO plugin. -->","yoast_head_json":{"title":"Canap\u00e9 ext\u00e9rieur Omer 3 places aluminium lava et corde graphite \u2013 Diphano - Homeproject.fr","robots":{"index":"index","follow":"follow","max-snippet":"max-snippet:-1","max-image-preview":"max-image-preview:large","max-video-preview":"max-video-preview:-1"},"canonical":"https:\/\/homeproject.fr\/fr\/produit\/canape-exterieur-omer-3-places-aluminium-lava-et-corde-graphite-diphano\/","og_locale":"fr_FR","og_type":"article","og_title":"Canap\u00e9 ext\u00e9rieur Omer 3 places aluminium lava et corde graphite \u2013 Diphano - Homeproject.fr","og_description":"Un design contemporain et accueillant pour vos moments \u00e0 l\u2019ext\u00e9rieur Avec son allure \u00e0 la fois \u00e9pur\u00e9e et chaleureuse, le canap\u00e9 3 places Omer de Diphano apporte une touche sophistiqu\u00e9e \u00e0 votre mobilier d\u2019ext\u00e9rieur. Sa structure en aluminium thermolaqu\u00e9 coloris lava, associ\u00e9e \u00e0 une finition en corde graphite tress\u00e9e main, lui conf\u00e8re une esth\u00e9tique moderne et graphique tout en garantissant une excellente r\u00e9sistance aux intemp\u00e9ries. Les coussins g\u00e9n\u00e9reux en tissu outdoor coloris chestnut assurent un confort enveloppant et une parfaite tenue gr\u00e2ce \u00e0 leur fixation par velcro. Ce canap\u00e9 est aussi empilable, ce qui en fait un choix pratique pour les professionnels de l\u2019h\u00f4tellerie ou les particuliers soucieux d\u2019optimiser l\u2019espace.","og_url":"https:\/\/homeproject.fr\/fr\/produit\/canape-exterieur-omer-3-places-aluminium-lava-et-corde-graphite-diphano\/","og_site_name":"Homeproject.fr","article_modified_time":"2025-06-08T08:13:06+00:00","og_image":[{"width":1500,"height":1500,"url":"https:\/\/homeproject.fr\/fr\/wp-content\/uploads\/2025\/06\/Canape-exterieur-en-aluminium-anthracite-lava-et-corde-synthetique-Omer-3-places-3.jpg","type":"image\/jpeg"}],"twitter_card":"summary_large_image","twitter_misc":{"Dur\u00e9e de lecture estim\u00e9e":"1 minute"},"schema":{"@context":"https:\/\/schema.org","@graph":[{"@type":"WebPage","@id":"https:\/\/homeproject.fr\/fr\/produit\/canape-exterieur-omer-3-places-aluminium-lava-et-corde-graphite-diphano\/","url":"https:\/\/homeproject.fr\/fr\/produit\/canape-exterieur-omer-3-places-aluminium-lava-et-corde-graphite-diphano\/","name":"Canap\u00e9 ext\u00e9rieur Omer 3 places aluminium lava et corde graphite \u2013 Diphano - Homeproject.fr","isPartOf":{"@id":"https:\/\/homeproject.fr\/fr\/#website"},"primaryImageOfPage":{"@id":"https:\/\/homeproject.fr\/fr\/produit\/canape-exterieur-omer-3-places-aluminium-lava-et-corde-graphite-diphano\/#primaryimage"},"image":{"@id":"https:\/\/homeproject.fr\/fr\/produit\/canape-exterieur-omer-3-places-aluminium-lava-et-corde-graphite-diphano\/#primaryimage"},"thumbnailUrl":"https:\/\/homeproject.fr\/fr\/wp-content\/uploads\/2025\/06\/Canape-exterieur-en-aluminium-anthracite-lava-et-corde-synthetique-Omer-3-places-3.jpg","datePublished":"2025-06-07T16:09:53+00:00","dateModified":"2025-06-08T08:13:06+00:00","breadcrumb":{"@id":"https:\/\/homeproject.fr\/fr\/produit\/canape-exterieur-omer-3-places-aluminium-lava-et-corde-graphite-diphano\/#breadcrumb"},"inLanguage":"fr-FR","potentialAction":[{"@type":"ReadAction","target":["https:\/\/homeproject.fr\/fr\/produit\/canape-exterieur-omer-3-places-aluminium-lava-et-corde-graphite-diphano\/"]}]},{"@type":"ImageObject","inLanguage":"fr-FR","@id":"https:\/\/homeproject.fr\/fr\/produit\/canape-exterieur-omer-3-places-aluminium-lava-et-corde-graphite-diphano\/#primaryimage","url":"https:\/\/homeproject.fr\/fr\/wp-content\/uploads\/2025\/06\/Canape-exterieur-en-aluminium-anthracite-lava-et-corde-synthetique-Omer-3-places-3.jpg","contentUrl":"https:\/\/homeproject.fr\/fr\/wp-content\/uploads\/2025\/06\/Canape-exterieur-en-aluminium-anthracite-lava-et-corde-synthetique-Omer-3-places-3.jpg","width":1500,"height":1500},{"@type":"BreadcrumbList","@id":"https:\/\/homeproject.fr\/fr\/produit\/canape-exterieur-omer-3-places-aluminium-lava-et-corde-graphite-diphano\/#breadcrumb","itemListElement":[{"@type":"ListItem","position":1,"name":"Accueil","item":"https:\/\/homeproject.fr\/fr\/"},{"@type":"ListItem","position":2,"name":"Boutique","item":"https:\/\/homeproject.fr\/fr\/boutique\/"},{"@type":"ListItem","position":3,"name":"Canap\u00e9 ext\u00e9rieur Omer 3 places aluminium lava et corde graphite \u2013 Diphano"}]},{"@type":"WebSite","@id":"https:\/\/homeproject.fr\/fr\/#website","url":"https:\/\/homeproject.fr\/fr\/","name":"Homeproject.fr","description":"Offrez l&#039;exceptionnel \u00e0 vos espaces \u00e0 vivre","publisher":{"@id":"https:\/\/homeproject.fr\/fr\/#organization"},"potentialAction":[{"@type":"SearchAction","target":{"@type":"EntryPoint","urlTemplate":"https:\/\/homeproject.fr\/fr\/?s={search_term_string}"},"query-input":{"@type":"PropertyValueSpecification","valueRequired":true,"valueName":"search_term_string"}}],"inLanguage":"fr-FR"},{"@type":"Organization","@id":"https:\/\/homeproject.fr\/fr\/#organization","name":"Homeproject.fr","url":"https:\/\/homeproject.fr\/fr\/","logo":{"@type":"ImageObject","inLanguage":"fr-FR","@id":"https:\/\/homeproject.fr\/fr\/#\/schema\/logo\/image\/","url":"https:\/\/homeproject.fr\/fr\/wp-content\/uploads\/2024\/12\/Logo_HomeProject-noir-2.png","contentUrl":"https:\/\/homeproject.fr\/fr\/wp-content\/uploads\/2024\/12\/Logo_HomeProject-noir-2.png","width":300,"height":91,"caption":"Homeproject.fr"},"image":{"@id":"https:\/\/homeproject.fr\/fr\/#\/schema\/logo\/image\/"}}]}},"_links":{"self":[{"href":"https:\/\/homeproject.fr\/fr\/wp-json\/wp\/v2\/product\/14373","targetHints":{"allow":["GET"]}}],"collection":[{"href":"https:\/\/homeproject.fr\/fr\/wp-json\/wp\/v2\/product"}],"about":[{"href":"https:\/\/homeproject.fr\/fr\/wp-json\/wp\/v2\/types\/product"}],"version-history":[{"count":1,"href":"https:\/\/homeproject.fr\/fr\/wp-json\/wp\/v2\/product\/14373\/revisions"}],"predecessor-version":[{"id":14385,"href":"https:\/\/homeproject.fr\/fr\/wp-json\/wp\/v2\/product\/14373\/revisions\/14385"}],"wp:featuredmedia":[{"embeddable":true,"href":"https:\/\/homeproject.fr\/fr\/wp-json\/wp\/v2\/media\/14374"}],"wp:attachment":[{"href":"https:\/\/homeproject.fr\/fr\/wp-json\/wp\/v2\/media?parent=14373"}],"wp:term":[{"taxonomy":"product_brand","embeddable":true,"href":"https:\/\/homeproject.fr\/fr\/wp-json\/wp\/v2\/product_brand?post=14373"},{"taxonomy":"product_cat","embeddable":true,"href":"https:\/\/homeproject.fr\/fr\/wp-json\/wp\/v2\/product_cat?post=14373"},{"taxonomy":"product_tag","embeddable":true,"href":"https:\/\/homeproject.fr\/fr\/wp-json\/wp\/v2\/product_tag?post=14373"}],"curies":[{"name":"wp","href":"https:\/\/api.w.org\/{rel}","templated":true}]}}