{"id":14363,"date":"2025-06-07T15:53:12","date_gmt":"2025-06-07T15:53:12","guid":{"rendered":"https:\/\/homeproject.fr\/fr\/?post_type=product&#038;p=14363"},"modified":"2025-06-07T15:57:09","modified_gmt":"2025-06-07T15:57:09","slug":"lot-de-2-fauteuils-exterieurs-omer-lounge-aluminium-blanc-et-corde-mineral-diphano","status":"publish","type":"product","link":"https:\/\/homeproject.fr\/fr\/produit\/lot-de-2-fauteuils-exterieurs-omer-lounge-aluminium-blanc-et-corde-mineral-diphano\/","title":{"rendered":"Lot de 2 fauteuils ext\u00e9rieurs Omer Lounge aluminium blanc et corde min\u00e9ral \u2013 Diphano"},"content":{"rendered":"<h4 data-start=\"936\" data-end=\"970\">Caract\u00e9ristiques techniques :<\/h4>\n<ul data-start=\"971\" data-end=\"1378\">\n<li style=\"list-style-type: none;\" data-start=\"971\" data-end=\"1016\">\n<ul data-start=\"967\" data-end=\"1267\">\n<li style=\"list-style-type: none;\" data-start=\"967\" data-end=\"1011\">\n<ul data-start=\"927\" data-end=\"1322\">\n<li data-start=\"927\" data-end=\"971\">\n<p data-start=\"929\" data-end=\"971\"><strong data-start=\"929\" data-end=\"943\">Dimensions<\/strong> : L.75 x P.75 x H.65,2 cm<\/p>\n<\/li>\n<li data-start=\"972\" data-end=\"1004\">\n<p data-start=\"974\" data-end=\"1004\"><strong data-start=\"974\" data-end=\"994\">Hauteur d\u2019assise<\/strong> : 27 cm + coussin<\/p>\n<\/li>\n<li data-start=\"1005\" data-end=\"1052\">\n<p data-start=\"1007\" data-end=\"1052\"><strong data-start=\"1007\" data-end=\"1020\">Structure<\/strong> : aluminium thermolaqu\u00e9 blanc<\/p>\n<\/li>\n<li data-start=\"1053\" data-end=\"1099\">\n<p data-start=\"1055\" data-end=\"1099\"><strong data-start=\"1055\" data-end=\"1067\">Finition<\/strong> : corde min\u00e9rale tress\u00e9e main<\/p>\n<\/li>\n<li data-start=\"1100\" data-end=\"1173\">\n<p data-start=\"1102\" data-end=\"1173\"><strong data-start=\"1102\" data-end=\"1114\">Coussins<\/strong> : tissu imperm\u00e9able, coloris tundra, <strong data-start=\"1152\" data-end=\"1171\">fixation velcro<\/strong><\/p>\n<\/li>\n<li data-start=\"1174\" data-end=\"1257\">\n<p data-start=\"1176\" data-end=\"1257\"><strong data-start=\"1176\" data-end=\"1196\">Caract\u00e9ristiques<\/strong> : <strong data-start=\"1199\" data-end=\"1212\">empilable<\/strong>, r\u00e9sistant aux intemp\u00e9ries, UV et humidit\u00e9<\/p>\n<\/li>\n<\/ul>\n<p data-start=\"1324\" data-end=\"1534\">Ce fauteuil bas de jardin design combine <strong data-start=\"1365\" data-end=\"1407\">l\u00e9g\u00e8ret\u00e9, fonctionnalit\u00e9 et durabilit\u00e9<\/strong>, pour un mobilier d\u2019ext\u00e9rieur aussi esth\u00e9tique que pratique. Id\u00e9al pour compl\u00e9ter un salon de jardin moderne et haut de gamme.<\/p>\n<\/li>\n<\/ul>\n<\/li>\n<\/ul>\n<hr data-start=\"1798\" data-end=\"1801\" \/>\n<p><strong style=\"font-family: inherit; font-size: 30px;\">Vous avez des questions ?<\/strong><\/p>\n<style id=\"wpforms-css-vars-3675\">\n\t\t\t\t#wpforms-3675 {\n\t\t\t\t\n\t\t\t}\n\t\t\t<\/style><div class=\"wpforms-container wpforms-container-full wpforms-render-modern\" id=\"wpforms-3675\"><form id=\"wpforms-form-3675\" class=\"wpforms-validate wpforms-form wpforms-ajax-form\" data-formid=\"3675\" method=\"post\" enctype=\"multipart\/form-data\" action=\"\/fr\/wp-json\/wp\/v2\/product\/14363\" data-token=\"3b32cced719d701d46405c3d9600b33b\" data-token-time=\"1778049729\"><noscript class=\"wpforms-error-noscript\">Veuillez activer JavaScript dans votre navigateur pour remplir ce formulaire.<\/noscript><div id=\"wpforms-error-noscript\" style=\"display: none;\">Veuillez activer JavaScript dans votre navigateur pour remplir ce formulaire.<\/div><div class=\"wpforms-field-container\"><div id=\"wpforms-3675-field_3-container\" class=\"wpforms-field wpforms-field-name\" data-field-id=\"3\"><fieldset><legend class=\"wpforms-field-label\">Nom <span class=\"wpforms-required-label\" aria-hidden=\"true\">*<\/span><\/legend><div class=\"wpforms-field-row wpforms-field-medium\"><div class=\"wpforms-field-row-block wpforms-first wpforms-one-half\"><input type=\"text\" id=\"wpforms-3675-field_3\" class=\"wpforms-field-name-first wpforms-field-required\" name=\"wpforms[fields][3][first]\" aria-errormessage=\"wpforms-3675-field_3-error\" required><label for=\"wpforms-3675-field_3\" class=\"wpforms-field-sublabel after\">Pr\u00e9nom<\/label><\/div><div class=\"wpforms-field-row-block wpforms-one-half\"><input type=\"text\" id=\"wpforms-3675-field_3-last\" class=\"wpforms-field-name-last wpforms-field-required\" name=\"wpforms[fields][3][last]\" aria-errormessage=\"wpforms-3675-field_3-last-error\" required><label for=\"wpforms-3675-field_3-last\" class=\"wpforms-field-sublabel after\">Nom<\/label><\/div><\/div><\/fieldset><\/div><div id=\"wpforms-3675-field_4-container\" class=\"wpforms-field wpforms-field-email\" data-field-id=\"4\"><label class=\"wpforms-field-label\" for=\"wpforms-3675-field_4\">E-mail <span class=\"wpforms-required-label\" aria-hidden=\"true\">*<\/span><\/label><input type=\"email\" id=\"wpforms-3675-field_4\" class=\"wpforms-field-medium wpforms-field-required\" name=\"wpforms[fields][4]\" spellcheck=\"false\" aria-errormessage=\"wpforms-3675-field_4-error\" required><\/div>\t\t<div id=\"wpforms-3675-field_1-container\"\n\t\t\tclass=\"wpforms-field wpforms-field-text\"\n\t\t\tdata-field-type=\"text\"\n\t\t\tdata-field-id=\"1\"\n\t\t\t>\n\t\t\t<label class=\"wpforms-field-label\" for=\"wpforms-3675-field_1\" >Nom Message E-mail<\/label>\n\t\t\t<input type=\"text\" id=\"wpforms-3675-field_1\" class=\"wpforms-field-medium\" name=\"wpforms[fields][1]\" >\n\t\t<\/div>\n\t\t<div id=\"wpforms-3675-field_5-container\" class=\"wpforms-field wpforms-field-textarea\" data-field-id=\"5\"><label class=\"wpforms-field-label\" for=\"wpforms-3675-field_5\">Message <span class=\"wpforms-required-label\" aria-hidden=\"true\">*<\/span><\/label><textarea id=\"wpforms-3675-field_5\" class=\"wpforms-field-medium wpforms-field-required\" name=\"wpforms[fields][5]\" aria-errormessage=\"wpforms-3675-field_5-error\" required><\/textarea><\/div><script>\n\t\t\t\t( function() {\n\t\t\t\t\tconst style = document.createElement( 'style' );\n\t\t\t\t\tstyle.appendChild( document.createTextNode( '#wpforms-3675-field_1-container { position: absolute !important; overflow: hidden !important; display: inline !important; height: 1px !important; width: 1px !important; z-index: -1000 !important; padding: 0 !important; } #wpforms-3675-field_1-container input { visibility: hidden; } #wpforms-conversational-form-page #wpforms-3675-field_1-container label { counter-increment: none; }' ) );\n\t\t\t\t\tdocument.head.appendChild( style );\n\t\t\t\t\tdocument.currentScript?.remove();\n\t\t\t\t} )();\n\t\t\t<\/script><\/div><!-- .wpforms-field-container --><div class=\"wpforms-submit-container\" ><input type=\"hidden\" name=\"wpforms[id]\" value=\"3675\"><input type=\"hidden\" name=\"page_title\" value=\"\"><input type=\"hidden\" name=\"page_url\" value=\"https:\/\/homeproject.fr\/fr\/wp-json\/wp\/v2\/product\/14363\"><input type=\"hidden\" name=\"url_referer\" value=\"\"><button type=\"submit\" name=\"wpforms[submit]\" id=\"wpforms-submit-3675\" class=\"wpforms-submit\" data-alt-text=\"Envoi...\" data-submit-text=\"Envoyer\" aria-live=\"assertive\" value=\"wpforms-submit\">Envoyer<\/button><img decoding=\"async\" src=\"https:\/\/homeproject.fr\/fr\/wp-content\/plugins\/wpforms-lite\/assets\/images\/submit-spin.svg\" class=\"wpforms-submit-spinner\" style=\"display: none;\" width=\"26\" height=\"26\" alt=\"Chargement en cours\"><\/div><\/form><\/div>  <!-- .wpforms-container -->\n","protected":false},"excerpt":{"rendered":"<p data-start=\"226\" data-end=\"287\"><strong data-start=\"226\" data-end=\"287\">\u00c9l\u00e9gance naturelle et confort premium pour vos ext\u00e9rieurs<\/strong><\/p>\n<p data-start=\"289\" data-end=\"632\">Apportez de la douceur et du style \u00e0 vos espaces ext\u00e9rieurs avec le <strong data-start=\"357\" data-end=\"381\">fauteuil lounge Omer<\/strong> sign\u00e9 <strong data-start=\"388\" data-end=\"399\">Diphano<\/strong>, ici d\u00e9clin\u00e9 avec une structure en <strong data-start=\"435\" data-end=\"454\">aluminium blanc<\/strong> associ\u00e9e \u00e0 un tressage en <strong data-start=\"481\" data-end=\"518\">corde synth\u00e9tique coloris min\u00e9ral<\/strong>. Une combinaison lumineuse et moderne, id\u00e9ale pour cr\u00e9er une ambiance chic et apaisante en terrasse ou au jardin.<\/p>\n<p data-start=\"634\" data-end=\"925\">Son assise profonde et ses <strong data-start=\"661\" data-end=\"705\">coussins en tissu outdoor coloris Tundra<\/strong>, au toucher agr\u00e9able et \u00e0 la finition d\u00e9perlante, vous assurent un confort optimal. Le dossier arrondi tapiss\u00e9 de corde tress\u00e9e offre un maintien doux et enveloppant, parfait pour les moments de relaxation en plein air.<\/p>\n","protected":false},"featured_media":14364,"template":"","meta":{"_uf_show_specific_survey":0,"_uf_disable_surveys":false,"iawp_total_views":8},"product_brand":[518],"product_cat":[168],"product_tag":[],"class_list":{"0":"post-14363","1":"product","2":"type-product","3":"status-publish","4":"has-post-thumbnail","6":"product_brand-diphano","7":"product_cat-fauteuils-exterieurs","8":"product_shipping_class-gros-colis-messagerie","9":"pa_collection-omer-par-diphano","10":"pa_marque-diphano","11":"pa_materiau-aluminium","13":"first","14":"instock","15":"taxable","16":"shipping-taxable","17":"purchasable","18":"product-type-simple"},"yoast_head":"<!-- This site is optimized with the Yoast SEO plugin v27.5 - https:\/\/yoast.com\/product\/yoast-seo-wordpress\/ -->\n<title>Lot de 2 fauteuils ext\u00e9rieurs Omer Lounge aluminium blanc et corde min\u00e9ral \u2013 Diphano - Homeproject.fr<\/title>\n<meta name=\"robots\" content=\"index, follow, max-snippet:-1, max-image-preview:large, max-video-preview:-1\" \/>\n<link rel=\"canonical\" href=\"https:\/\/homeproject.fr\/fr\/produit\/lot-de-2-fauteuils-exterieurs-omer-lounge-aluminium-blanc-et-corde-mineral-diphano\/\" \/>\n<meta property=\"og:locale\" content=\"fr_FR\" \/>\n<meta property=\"og:type\" content=\"article\" \/>\n<meta property=\"og:title\" content=\"Lot de 2 fauteuils ext\u00e9rieurs Omer Lounge aluminium blanc et corde min\u00e9ral \u2013 Diphano - Homeproject.fr\" \/>\n<meta property=\"og:description\" content=\"\u00c9l\u00e9gance naturelle et confort premium pour vos ext\u00e9rieurs Apportez de la douceur et du style \u00e0 vos espaces ext\u00e9rieurs avec le fauteuil lounge Omer sign\u00e9 Diphano, ici d\u00e9clin\u00e9 avec une structure en aluminium blanc associ\u00e9e \u00e0 un tressage en corde synth\u00e9tique coloris min\u00e9ral. Une combinaison lumineuse et moderne, id\u00e9ale pour cr\u00e9er une ambiance chic et apaisante en terrasse ou au jardin. Son assise profonde et ses coussins en tissu outdoor coloris Tundra, au toucher agr\u00e9able et \u00e0 la finition d\u00e9perlante, vous assurent un confort optimal. Le dossier arrondi tapiss\u00e9 de corde tress\u00e9e offre un maintien doux et enveloppant, parfait pour les moments de relaxation en plein air.\" \/>\n<meta property=\"og:url\" content=\"https:\/\/homeproject.fr\/fr\/produit\/lot-de-2-fauteuils-exterieurs-omer-lounge-aluminium-blanc-et-corde-mineral-diphano\/\" \/>\n<meta property=\"og:site_name\" content=\"Homeproject.fr\" \/>\n<meta property=\"article:modified_time\" content=\"2025-06-07T15:57:09+00:00\" \/>\n<meta property=\"og:image\" content=\"https:\/\/homeproject.fr\/fr\/wp-content\/uploads\/2025\/06\/Fauteuil-exterieur-en-aluminium-blanc-et-corde-synthetique-Omer-Lounge-Chair.jpg\" \/>\n\t<meta property=\"og:image:width\" content=\"1500\" \/>\n\t<meta property=\"og:image:height\" content=\"1500\" \/>\n\t<meta property=\"og:image:type\" content=\"image\/jpeg\" \/>\n<meta name=\"twitter:card\" content=\"summary_large_image\" \/>\n<meta name=\"twitter:label1\" content=\"Dur\u00e9e de lecture estim\u00e9e\" \/>\n\t<meta name=\"twitter:data1\" content=\"1 minute\" \/>\n<script type=\"application\/ld+json\" class=\"yoast-schema-graph\">{\"@context\":\"https:\\\/\\\/schema.org\",\"@graph\":[{\"@type\":\"WebPage\",\"@id\":\"https:\\\/\\\/homeproject.fr\\\/fr\\\/produit\\\/lot-de-2-fauteuils-exterieurs-omer-lounge-aluminium-blanc-et-corde-mineral-diphano\\\/\",\"url\":\"https:\\\/\\\/homeproject.fr\\\/fr\\\/produit\\\/lot-de-2-fauteuils-exterieurs-omer-lounge-aluminium-blanc-et-corde-mineral-diphano\\\/\",\"name\":\"Lot de 2 fauteuils ext\u00e9rieurs Omer Lounge aluminium blanc et corde min\u00e9ral \u2013 Diphano - Homeproject.fr\",\"isPartOf\":{\"@id\":\"https:\\\/\\\/homeproject.fr\\\/fr\\\/#website\"},\"primaryImageOfPage\":{\"@id\":\"https:\\\/\\\/homeproject.fr\\\/fr\\\/produit\\\/lot-de-2-fauteuils-exterieurs-omer-lounge-aluminium-blanc-et-corde-mineral-diphano\\\/#primaryimage\"},\"image\":{\"@id\":\"https:\\\/\\\/homeproject.fr\\\/fr\\\/produit\\\/lot-de-2-fauteuils-exterieurs-omer-lounge-aluminium-blanc-et-corde-mineral-diphano\\\/#primaryimage\"},\"thumbnailUrl\":\"https:\\\/\\\/homeproject.fr\\\/fr\\\/wp-content\\\/uploads\\\/2025\\\/06\\\/Fauteuil-exterieur-en-aluminium-blanc-et-corde-synthetique-Omer-Lounge-Chair.jpg\",\"datePublished\":\"2025-06-07T15:53:12+00:00\",\"dateModified\":\"2025-06-07T15:57:09+00:00\",\"breadcrumb\":{\"@id\":\"https:\\\/\\\/homeproject.fr\\\/fr\\\/produit\\\/lot-de-2-fauteuils-exterieurs-omer-lounge-aluminium-blanc-et-corde-mineral-diphano\\\/#breadcrumb\"},\"inLanguage\":\"fr-FR\",\"potentialAction\":[{\"@type\":\"ReadAction\",\"target\":[\"https:\\\/\\\/homeproject.fr\\\/fr\\\/produit\\\/lot-de-2-fauteuils-exterieurs-omer-lounge-aluminium-blanc-et-corde-mineral-diphano\\\/\"]}]},{\"@type\":\"ImageObject\",\"inLanguage\":\"fr-FR\",\"@id\":\"https:\\\/\\\/homeproject.fr\\\/fr\\\/produit\\\/lot-de-2-fauteuils-exterieurs-omer-lounge-aluminium-blanc-et-corde-mineral-diphano\\\/#primaryimage\",\"url\":\"https:\\\/\\\/homeproject.fr\\\/fr\\\/wp-content\\\/uploads\\\/2025\\\/06\\\/Fauteuil-exterieur-en-aluminium-blanc-et-corde-synthetique-Omer-Lounge-Chair.jpg\",\"contentUrl\":\"https:\\\/\\\/homeproject.fr\\\/fr\\\/wp-content\\\/uploads\\\/2025\\\/06\\\/Fauteuil-exterieur-en-aluminium-blanc-et-corde-synthetique-Omer-Lounge-Chair.jpg\",\"width\":1500,\"height\":1500},{\"@type\":\"BreadcrumbList\",\"@id\":\"https:\\\/\\\/homeproject.fr\\\/fr\\\/produit\\\/lot-de-2-fauteuils-exterieurs-omer-lounge-aluminium-blanc-et-corde-mineral-diphano\\\/#breadcrumb\",\"itemListElement\":[{\"@type\":\"ListItem\",\"position\":1,\"name\":\"Accueil\",\"item\":\"https:\\\/\\\/homeproject.fr\\\/fr\\\/\"},{\"@type\":\"ListItem\",\"position\":2,\"name\":\"Boutique\",\"item\":\"https:\\\/\\\/homeproject.fr\\\/fr\\\/boutique\\\/\"},{\"@type\":\"ListItem\",\"position\":3,\"name\":\"Lot de 2 fauteuils ext\u00e9rieurs Omer Lounge aluminium blanc et corde min\u00e9ral \u2013 Diphano\"}]},{\"@type\":\"WebSite\",\"@id\":\"https:\\\/\\\/homeproject.fr\\\/fr\\\/#website\",\"url\":\"https:\\\/\\\/homeproject.fr\\\/fr\\\/\",\"name\":\"Homeproject.fr\",\"description\":\"Offrez l&#039;exceptionnel \u00e0 vos espaces \u00e0 vivre\",\"publisher\":{\"@id\":\"https:\\\/\\\/homeproject.fr\\\/fr\\\/#organization\"},\"potentialAction\":[{\"@type\":\"SearchAction\",\"target\":{\"@type\":\"EntryPoint\",\"urlTemplate\":\"https:\\\/\\\/homeproject.fr\\\/fr\\\/?s={search_term_string}\"},\"query-input\":{\"@type\":\"PropertyValueSpecification\",\"valueRequired\":true,\"valueName\":\"search_term_string\"}}],\"inLanguage\":\"fr-FR\"},{\"@type\":\"Organization\",\"@id\":\"https:\\\/\\\/homeproject.fr\\\/fr\\\/#organization\",\"name\":\"Homeproject.fr\",\"url\":\"https:\\\/\\\/homeproject.fr\\\/fr\\\/\",\"logo\":{\"@type\":\"ImageObject\",\"inLanguage\":\"fr-FR\",\"@id\":\"https:\\\/\\\/homeproject.fr\\\/fr\\\/#\\\/schema\\\/logo\\\/image\\\/\",\"url\":\"https:\\\/\\\/homeproject.fr\\\/fr\\\/wp-content\\\/uploads\\\/2024\\\/12\\\/Logo_HomeProject-noir-2.png\",\"contentUrl\":\"https:\\\/\\\/homeproject.fr\\\/fr\\\/wp-content\\\/uploads\\\/2024\\\/12\\\/Logo_HomeProject-noir-2.png\",\"width\":300,\"height\":91,\"caption\":\"Homeproject.fr\"},\"image\":{\"@id\":\"https:\\\/\\\/homeproject.fr\\\/fr\\\/#\\\/schema\\\/logo\\\/image\\\/\"}}]}<\/script>\n<!-- \/ Yoast SEO plugin. -->","yoast_head_json":{"title":"Lot de 2 fauteuils ext\u00e9rieurs Omer Lounge aluminium blanc et corde min\u00e9ral \u2013 Diphano - Homeproject.fr","robots":{"index":"index","follow":"follow","max-snippet":"max-snippet:-1","max-image-preview":"max-image-preview:large","max-video-preview":"max-video-preview:-1"},"canonical":"https:\/\/homeproject.fr\/fr\/produit\/lot-de-2-fauteuils-exterieurs-omer-lounge-aluminium-blanc-et-corde-mineral-diphano\/","og_locale":"fr_FR","og_type":"article","og_title":"Lot de 2 fauteuils ext\u00e9rieurs Omer Lounge aluminium blanc et corde min\u00e9ral \u2013 Diphano - Homeproject.fr","og_description":"\u00c9l\u00e9gance naturelle et confort premium pour vos ext\u00e9rieurs Apportez de la douceur et du style \u00e0 vos espaces ext\u00e9rieurs avec le fauteuil lounge Omer sign\u00e9 Diphano, ici d\u00e9clin\u00e9 avec une structure en aluminium blanc associ\u00e9e \u00e0 un tressage en corde synth\u00e9tique coloris min\u00e9ral. Une combinaison lumineuse et moderne, id\u00e9ale pour cr\u00e9er une ambiance chic et apaisante en terrasse ou au jardin. Son assise profonde et ses coussins en tissu outdoor coloris Tundra, au toucher agr\u00e9able et \u00e0 la finition d\u00e9perlante, vous assurent un confort optimal. Le dossier arrondi tapiss\u00e9 de corde tress\u00e9e offre un maintien doux et enveloppant, parfait pour les moments de relaxation en plein air.","og_url":"https:\/\/homeproject.fr\/fr\/produit\/lot-de-2-fauteuils-exterieurs-omer-lounge-aluminium-blanc-et-corde-mineral-diphano\/","og_site_name":"Homeproject.fr","article_modified_time":"2025-06-07T15:57:09+00:00","og_image":[{"width":1500,"height":1500,"url":"https:\/\/homeproject.fr\/fr\/wp-content\/uploads\/2025\/06\/Fauteuil-exterieur-en-aluminium-blanc-et-corde-synthetique-Omer-Lounge-Chair.jpg","type":"image\/jpeg"}],"twitter_card":"summary_large_image","twitter_misc":{"Dur\u00e9e de lecture estim\u00e9e":"1 minute"},"schema":{"@context":"https:\/\/schema.org","@graph":[{"@type":"WebPage","@id":"https:\/\/homeproject.fr\/fr\/produit\/lot-de-2-fauteuils-exterieurs-omer-lounge-aluminium-blanc-et-corde-mineral-diphano\/","url":"https:\/\/homeproject.fr\/fr\/produit\/lot-de-2-fauteuils-exterieurs-omer-lounge-aluminium-blanc-et-corde-mineral-diphano\/","name":"Lot de 2 fauteuils ext\u00e9rieurs Omer Lounge aluminium blanc et corde min\u00e9ral \u2013 Diphano - Homeproject.fr","isPartOf":{"@id":"https:\/\/homeproject.fr\/fr\/#website"},"primaryImageOfPage":{"@id":"https:\/\/homeproject.fr\/fr\/produit\/lot-de-2-fauteuils-exterieurs-omer-lounge-aluminium-blanc-et-corde-mineral-diphano\/#primaryimage"},"image":{"@id":"https:\/\/homeproject.fr\/fr\/produit\/lot-de-2-fauteuils-exterieurs-omer-lounge-aluminium-blanc-et-corde-mineral-diphano\/#primaryimage"},"thumbnailUrl":"https:\/\/homeproject.fr\/fr\/wp-content\/uploads\/2025\/06\/Fauteuil-exterieur-en-aluminium-blanc-et-corde-synthetique-Omer-Lounge-Chair.jpg","datePublished":"2025-06-07T15:53:12+00:00","dateModified":"2025-06-07T15:57:09+00:00","breadcrumb":{"@id":"https:\/\/homeproject.fr\/fr\/produit\/lot-de-2-fauteuils-exterieurs-omer-lounge-aluminium-blanc-et-corde-mineral-diphano\/#breadcrumb"},"inLanguage":"fr-FR","potentialAction":[{"@type":"ReadAction","target":["https:\/\/homeproject.fr\/fr\/produit\/lot-de-2-fauteuils-exterieurs-omer-lounge-aluminium-blanc-et-corde-mineral-diphano\/"]}]},{"@type":"ImageObject","inLanguage":"fr-FR","@id":"https:\/\/homeproject.fr\/fr\/produit\/lot-de-2-fauteuils-exterieurs-omer-lounge-aluminium-blanc-et-corde-mineral-diphano\/#primaryimage","url":"https:\/\/homeproject.fr\/fr\/wp-content\/uploads\/2025\/06\/Fauteuil-exterieur-en-aluminium-blanc-et-corde-synthetique-Omer-Lounge-Chair.jpg","contentUrl":"https:\/\/homeproject.fr\/fr\/wp-content\/uploads\/2025\/06\/Fauteuil-exterieur-en-aluminium-blanc-et-corde-synthetique-Omer-Lounge-Chair.jpg","width":1500,"height":1500},{"@type":"BreadcrumbList","@id":"https:\/\/homeproject.fr\/fr\/produit\/lot-de-2-fauteuils-exterieurs-omer-lounge-aluminium-blanc-et-corde-mineral-diphano\/#breadcrumb","itemListElement":[{"@type":"ListItem","position":1,"name":"Accueil","item":"https:\/\/homeproject.fr\/fr\/"},{"@type":"ListItem","position":2,"name":"Boutique","item":"https:\/\/homeproject.fr\/fr\/boutique\/"},{"@type":"ListItem","position":3,"name":"Lot de 2 fauteuils ext\u00e9rieurs Omer Lounge aluminium blanc et corde min\u00e9ral \u2013 Diphano"}]},{"@type":"WebSite","@id":"https:\/\/homeproject.fr\/fr\/#website","url":"https:\/\/homeproject.fr\/fr\/","name":"Homeproject.fr","description":"Offrez l&#039;exceptionnel \u00e0 vos espaces \u00e0 vivre","publisher":{"@id":"https:\/\/homeproject.fr\/fr\/#organization"},"potentialAction":[{"@type":"SearchAction","target":{"@type":"EntryPoint","urlTemplate":"https:\/\/homeproject.fr\/fr\/?s={search_term_string}"},"query-input":{"@type":"PropertyValueSpecification","valueRequired":true,"valueName":"search_term_string"}}],"inLanguage":"fr-FR"},{"@type":"Organization","@id":"https:\/\/homeproject.fr\/fr\/#organization","name":"Homeproject.fr","url":"https:\/\/homeproject.fr\/fr\/","logo":{"@type":"ImageObject","inLanguage":"fr-FR","@id":"https:\/\/homeproject.fr\/fr\/#\/schema\/logo\/image\/","url":"https:\/\/homeproject.fr\/fr\/wp-content\/uploads\/2024\/12\/Logo_HomeProject-noir-2.png","contentUrl":"https:\/\/homeproject.fr\/fr\/wp-content\/uploads\/2024\/12\/Logo_HomeProject-noir-2.png","width":300,"height":91,"caption":"Homeproject.fr"},"image":{"@id":"https:\/\/homeproject.fr\/fr\/#\/schema\/logo\/image\/"}}]}},"_links":{"self":[{"href":"https:\/\/homeproject.fr\/fr\/wp-json\/wp\/v2\/product\/14363","targetHints":{"allow":["GET"]}}],"collection":[{"href":"https:\/\/homeproject.fr\/fr\/wp-json\/wp\/v2\/product"}],"about":[{"href":"https:\/\/homeproject.fr\/fr\/wp-json\/wp\/v2\/types\/product"}],"version-history":[{"count":1,"href":"https:\/\/homeproject.fr\/fr\/wp-json\/wp\/v2\/product\/14363\/revisions"}],"predecessor-version":[{"id":14372,"href":"https:\/\/homeproject.fr\/fr\/wp-json\/wp\/v2\/product\/14363\/revisions\/14372"}],"wp:featuredmedia":[{"embeddable":true,"href":"https:\/\/homeproject.fr\/fr\/wp-json\/wp\/v2\/media\/14364"}],"wp:attachment":[{"href":"https:\/\/homeproject.fr\/fr\/wp-json\/wp\/v2\/media?parent=14363"}],"wp:term":[{"taxonomy":"product_brand","embeddable":true,"href":"https:\/\/homeproject.fr\/fr\/wp-json\/wp\/v2\/product_brand?post=14363"},{"taxonomy":"product_cat","embeddable":true,"href":"https:\/\/homeproject.fr\/fr\/wp-json\/wp\/v2\/product_cat?post=14363"},{"taxonomy":"product_tag","embeddable":true,"href":"https:\/\/homeproject.fr\/fr\/wp-json\/wp\/v2\/product_tag?post=14363"}],"curies":[{"name":"wp","href":"https:\/\/api.w.org\/{rel}","templated":true}]}}