{"id":14330,"date":"2025-06-07T14:25:51","date_gmt":"2025-06-07T14:25:51","guid":{"rendered":"https:\/\/homeproject.fr\/fr\/?post_type=product&#038;p=14330"},"modified":"2025-06-07T14:32:21","modified_gmt":"2025-06-07T14:32:21","slug":"tabouret-bas-exterieur-omer-605-cm-aluminium-lava-corde-graphite-diphano","status":"publish","type":"product","link":"https:\/\/homeproject.fr\/fr\/produit\/tabouret-bas-exterieur-omer-605-cm-aluminium-lava-corde-graphite-diphano\/","title":{"rendered":"Tabouret bas ext\u00e9rieur Omer 60,5 cm \u2013 Aluminium lava &#038; corde graphite \u2013 Diphano"},"content":{"rendered":"<h4 data-start=\"925\" data-end=\"959\">Caract\u00e9ristiques techniques :<\/h4>\n<ul data-start=\"960\" data-end=\"1352\">\n<li data-start=\"960\" data-end=\"1012\">\n<p data-start=\"962\" data-end=\"1012\"><strong data-start=\"962\" data-end=\"977\">Structure :<\/strong> Aluminium thermolaqu\u00e9 coloris lava<\/p>\n<\/li>\n<li data-start=\"1013\" data-end=\"1091\">\n<p data-start=\"1015\" data-end=\"1091\"><strong data-start=\"1015\" data-end=\"1029\">Finition :<\/strong> Corde synth\u00e9tique graphite, r\u00e9sistante aux UV et \u00e0 l\u2019humidit\u00e9<\/p>\n<\/li>\n<li data-start=\"1092\" data-end=\"1164\">\n<p data-start=\"1094\" data-end=\"1164\"><strong data-start=\"1094\" data-end=\"1108\">Coussins :<\/strong> Tissu imperm\u00e9able coloris chestnut avec fixation velcro<\/p>\n<\/li>\n<li data-start=\"1165\" data-end=\"1292\">\n<p data-start=\"1167\" data-end=\"1185\"><strong data-start=\"1167\" data-end=\"1183\">Dimensions :<\/strong><\/p>\n<ul data-start=\"1188\" data-end=\"1292\">\n<li data-start=\"1188\" data-end=\"1207\">\n<p data-start=\"1190\" data-end=\"1207\">Largeur : 59 cm<\/p>\n<\/li>\n<li data-start=\"1210\" data-end=\"1232\">\n<p data-start=\"1212\" data-end=\"1232\">Profondeur : 56 cm<\/p>\n<\/li>\n<li data-start=\"1235\" data-end=\"1261\">\n<p data-start=\"1237\" data-end=\"1261\">Hauteur totale : 95 cm<\/p>\n<\/li>\n<li data-start=\"1264\" data-end=\"1292\">\n<p data-start=\"1266\" data-end=\"1292\">Hauteur d\u2019assise : 61 cm<\/p>\n<\/li>\n<\/ul>\n<\/li>\n<\/ul>\n<h4 data-start=\"1354\" data-end=\"1373\">Points forts :<\/h4>\n<ul data-start=\"1374\" data-end=\"1599\">\n<li data-start=\"1374\" data-end=\"1453\">\n<p data-start=\"1376\" data-end=\"1453\">Id\u00e9al pour les \u00eelots de cuisine, tables hautes ou espaces lounge semi-ouverts<\/p>\n<\/li>\n<li data-start=\"1454\" data-end=\"1501\">\n<p data-start=\"1456\" data-end=\"1501\">Dossier enveloppant pour un confort sup\u00e9rieur<\/p>\n<\/li>\n<li data-start=\"1502\" data-end=\"1546\">\n<p data-start=\"1504\" data-end=\"1546\">Repose-pieds int\u00e9gr\u00e9 pour plus d\u2019ergonomie<\/p>\n<\/li>\n<li data-start=\"1547\" data-end=\"1599\">\n<p data-start=\"1549\" data-end=\"1599\">Mat\u00e9riaux outdoor robustes et faciles \u00e0 entretenir<\/p>\n<\/li>\n<\/ul>\n<p data-start=\"1601\" data-end=\"1778\">Associez design et praticit\u00e9 avec le <strong data-start=\"1638\" data-end=\"1670\">tabouret bas Omer de Diphano<\/strong>, une assise premium pens\u00e9e pour des moments de d\u00e9tente \u00e9l\u00e9gants en terrasse, cuisine ext\u00e9rieure ou v\u00e9randa.<\/p>\n<hr data-start=\"1798\" data-end=\"1801\" \/>\n<p><strong style=\"font-family: inherit; font-size: 30px;\">Vous avez des questions ?<\/strong><\/p>\n<style id=\"wpforms-css-vars-3675\">\n\t\t\t\t#wpforms-3675 {\n\t\t\t\t\n\t\t\t}\n\t\t\t<\/style><div class=\"wpforms-container wpforms-container-full wpforms-render-modern\" id=\"wpforms-3675\"><form id=\"wpforms-form-3675\" class=\"wpforms-validate wpforms-form wpforms-ajax-form\" data-formid=\"3675\" method=\"post\" enctype=\"multipart\/form-data\" action=\"\/fr\/wp-json\/wp\/v2\/product\/14330\" data-token=\"40ada6e9151c970e4278e2da3e5409c5\" data-token-time=\"1777908472\"><noscript class=\"wpforms-error-noscript\">Veuillez activer JavaScript dans votre navigateur pour remplir ce formulaire.<\/noscript><div id=\"wpforms-error-noscript\" style=\"display: none;\">Veuillez activer JavaScript dans votre navigateur pour remplir ce formulaire.<\/div><div class=\"wpforms-field-container\"><div id=\"wpforms-3675-field_3-container\" class=\"wpforms-field wpforms-field-name\" data-field-id=\"3\"><fieldset><legend class=\"wpforms-field-label\">Nom <span class=\"wpforms-required-label\" aria-hidden=\"true\">*<\/span><\/legend><div class=\"wpforms-field-row wpforms-field-medium\"><div class=\"wpforms-field-row-block wpforms-first wpforms-one-half\"><input type=\"text\" id=\"wpforms-3675-field_3\" class=\"wpforms-field-name-first wpforms-field-required\" name=\"wpforms[fields][3][first]\" aria-errormessage=\"wpforms-3675-field_3-error\" required><label for=\"wpforms-3675-field_3\" class=\"wpforms-field-sublabel after\">Pr\u00e9nom<\/label><\/div><div class=\"wpforms-field-row-block wpforms-one-half\"><input type=\"text\" id=\"wpforms-3675-field_3-last\" class=\"wpforms-field-name-last wpforms-field-required\" name=\"wpforms[fields][3][last]\" aria-errormessage=\"wpforms-3675-field_3-last-error\" required><label for=\"wpforms-3675-field_3-last\" class=\"wpforms-field-sublabel after\">Nom<\/label><\/div><\/div><\/fieldset><\/div>\t\t<div id=\"wpforms-3675-field_1-container\"\n\t\t\tclass=\"wpforms-field wpforms-field-text\"\n\t\t\tdata-field-type=\"text\"\n\t\t\tdata-field-id=\"1\"\n\t\t\t>\n\t\t\t<label class=\"wpforms-field-label\" for=\"wpforms-3675-field_1\" >Message E-mail Nom<\/label>\n\t\t\t<input type=\"text\" id=\"wpforms-3675-field_1\" class=\"wpforms-field-medium\" name=\"wpforms[fields][1]\" >\n\t\t<\/div>\n\t\t<div id=\"wpforms-3675-field_4-container\" class=\"wpforms-field wpforms-field-email\" data-field-id=\"4\"><label class=\"wpforms-field-label\" for=\"wpforms-3675-field_4\">E-mail <span class=\"wpforms-required-label\" aria-hidden=\"true\">*<\/span><\/label><input type=\"email\" id=\"wpforms-3675-field_4\" class=\"wpforms-field-medium wpforms-field-required\" name=\"wpforms[fields][4]\" spellcheck=\"false\" aria-errormessage=\"wpforms-3675-field_4-error\" required><\/div><div id=\"wpforms-3675-field_5-container\" class=\"wpforms-field wpforms-field-textarea\" data-field-id=\"5\"><label class=\"wpforms-field-label\" for=\"wpforms-3675-field_5\">Message <span class=\"wpforms-required-label\" aria-hidden=\"true\">*<\/span><\/label><textarea id=\"wpforms-3675-field_5\" class=\"wpforms-field-medium wpforms-field-required\" name=\"wpforms[fields][5]\" aria-errormessage=\"wpforms-3675-field_5-error\" required><\/textarea><\/div><script>\n\t\t\t\t( function() {\n\t\t\t\t\tconst style = document.createElement( 'style' );\n\t\t\t\t\tstyle.appendChild( document.createTextNode( '#wpforms-3675-field_1-container { position: absolute !important; overflow: hidden !important; display: inline !important; height: 1px !important; width: 1px !important; z-index: -1000 !important; padding: 0 !important; } #wpforms-3675-field_1-container input { visibility: hidden; } #wpforms-conversational-form-page #wpforms-3675-field_1-container label { counter-increment: none; }' ) );\n\t\t\t\t\tdocument.head.appendChild( style );\n\t\t\t\t\tdocument.currentScript?.remove();\n\t\t\t\t} )();\n\t\t\t<\/script><\/div><!-- .wpforms-field-container --><div class=\"wpforms-submit-container\" ><input type=\"hidden\" name=\"wpforms[id]\" value=\"3675\"><input type=\"hidden\" name=\"page_title\" value=\"\"><input type=\"hidden\" name=\"page_url\" value=\"https:\/\/homeproject.fr\/fr\/wp-json\/wp\/v2\/product\/14330\"><input type=\"hidden\" name=\"url_referer\" value=\"\"><button type=\"submit\" name=\"wpforms[submit]\" id=\"wpforms-submit-3675\" class=\"wpforms-submit\" data-alt-text=\"Envoi...\" data-submit-text=\"Envoyer\" aria-live=\"assertive\" value=\"wpforms-submit\">Envoyer<\/button><img decoding=\"async\" src=\"https:\/\/homeproject.fr\/fr\/wp-content\/plugins\/wpforms-lite\/assets\/images\/submit-spin.svg\" class=\"wpforms-submit-spinner\" style=\"display: none;\" width=\"26\" height=\"26\" alt=\"Chargement en cours\"><\/div><\/form><\/div>  <!-- .wpforms-container -->\n","protected":false},"excerpt":{"rendered":"<p data-start=\"253\" data-end=\"567\">Le <strong data-start=\"256\" data-end=\"278\">tabouret Omer 60,5<\/strong> est la solution parfaite pour am\u00e9nager un coin bar ou repas bas, \u00e0 mi-chemin entre confort et \u00e9l\u00e9gance contemporaine. Con\u00e7u par <strong data-start=\"407\" data-end=\"418\">Diphano<\/strong>, ce tabouret bas combine <strong data-start=\"444\" data-end=\"463\">lignes modernes<\/strong>, <strong data-start=\"465\" data-end=\"492\">mat\u00e9riaux haut de gamme<\/strong> et <strong data-start=\"496\" data-end=\"524\">finishes outdoor premium<\/strong> pour une utilisation durable en ext\u00e9rieur.<\/p>\n<p data-start=\"569\" data-end=\"923\">Sa <strong data-start=\"572\" data-end=\"628\">structure en aluminium coloris lava (anthracite mat)<\/strong> assure l\u00e9g\u00e8ret\u00e9 et r\u00e9sistance, tandis que le <strong data-start=\"674\" data-end=\"706\">cordage synth\u00e9tique graphite<\/strong> tress\u00e9 \u00e0 la main offre un rendu graphique chic et a\u00e9r\u00e9. Le <strong data-start=\"766\" data-end=\"800\">coussin d\u2019assise et de dossier<\/strong>, en tissu waterproof coloris chestnut, est fix\u00e9 par <strong data-start=\"853\" data-end=\"863\">velcro<\/strong> pour un excellent maintien, m\u00eame en conditions ext\u00e9rieures.<\/p>\n","protected":false},"featured_media":14331,"template":"","meta":{"_uf_show_specific_survey":0,"_uf_disable_surveys":false,"iawp_total_views":1},"product_brand":[518],"product_cat":[486],"product_tag":[],"class_list":{"0":"post-14330","1":"product","2":"type-product","3":"status-publish","4":"has-post-thumbnail","6":"product_brand-diphano","7":"product_cat-tabourets-exterieurs","8":"product_shipping_class-gros-colis-messagerie","9":"pa_collection-omer-par-diphano","10":"pa_marque-diphano","11":"pa_materiau-aluminium","13":"first","14":"instock","15":"taxable","16":"shipping-taxable","17":"purchasable","18":"product-type-simple"},"yoast_head":"<!-- This site is optimized with the Yoast SEO plugin v27.5 - https:\/\/yoast.com\/product\/yoast-seo-wordpress\/ -->\n<title>Tabouret bas ext\u00e9rieur Omer 60,5 cm \u2013 Aluminium lava &amp; corde graphite \u2013 Diphano - Homeproject.fr<\/title>\n<meta name=\"robots\" content=\"index, follow, max-snippet:-1, max-image-preview:large, max-video-preview:-1\" \/>\n<link rel=\"canonical\" href=\"https:\/\/homeproject.fr\/fr\/produit\/tabouret-bas-exterieur-omer-605-cm-aluminium-lava-corde-graphite-diphano\/\" \/>\n<meta property=\"og:locale\" content=\"fr_FR\" \/>\n<meta property=\"og:type\" content=\"article\" \/>\n<meta property=\"og:title\" content=\"Tabouret bas ext\u00e9rieur Omer 60,5 cm \u2013 Aluminium lava &amp; corde graphite \u2013 Diphano - Homeproject.fr\" \/>\n<meta property=\"og:description\" content=\"Le tabouret Omer 60,5 est la solution parfaite pour am\u00e9nager un coin bar ou repas bas, \u00e0 mi-chemin entre confort et \u00e9l\u00e9gance contemporaine. Con\u00e7u par Diphano, ce tabouret bas combine lignes modernes, mat\u00e9riaux haut de gamme et finishes outdoor premium pour une utilisation durable en ext\u00e9rieur. Sa structure en aluminium coloris lava (anthracite mat) assure l\u00e9g\u00e8ret\u00e9 et r\u00e9sistance, tandis que le cordage synth\u00e9tique graphite tress\u00e9 \u00e0 la main offre un rendu graphique chic et a\u00e9r\u00e9. Le coussin d\u2019assise et de dossier, en tissu waterproof coloris chestnut, est fix\u00e9 par velcro pour un excellent maintien, m\u00eame en conditions ext\u00e9rieures.\" \/>\n<meta property=\"og:url\" content=\"https:\/\/homeproject.fr\/fr\/produit\/tabouret-bas-exterieur-omer-605-cm-aluminium-lava-corde-graphite-diphano\/\" \/>\n<meta property=\"og:site_name\" content=\"Homeproject.fr\" \/>\n<meta property=\"article:modified_time\" content=\"2025-06-07T14:32:21+00:00\" \/>\n<meta property=\"og:image\" content=\"https:\/\/homeproject.fr\/fr\/wp-content\/uploads\/2025\/06\/Tabouret-bas-en-aluminium-anthracite-lava-et-corde-synthetique-Omer.jpg\" \/>\n\t<meta property=\"og:image:width\" content=\"1500\" \/>\n\t<meta property=\"og:image:height\" content=\"1500\" \/>\n\t<meta property=\"og:image:type\" content=\"image\/jpeg\" \/>\n<meta name=\"twitter:card\" content=\"summary_large_image\" \/>\n<meta name=\"twitter:label1\" content=\"Dur\u00e9e de lecture estim\u00e9e\" \/>\n\t<meta name=\"twitter:data1\" content=\"1 minute\" \/>\n<script type=\"application\/ld+json\" class=\"yoast-schema-graph\">{\"@context\":\"https:\\\/\\\/schema.org\",\"@graph\":[{\"@type\":\"WebPage\",\"@id\":\"https:\\\/\\\/homeproject.fr\\\/fr\\\/produit\\\/tabouret-bas-exterieur-omer-605-cm-aluminium-lava-corde-graphite-diphano\\\/\",\"url\":\"https:\\\/\\\/homeproject.fr\\\/fr\\\/produit\\\/tabouret-bas-exterieur-omer-605-cm-aluminium-lava-corde-graphite-diphano\\\/\",\"name\":\"Tabouret bas ext\u00e9rieur Omer 60,5 cm \u2013 Aluminium lava & corde graphite \u2013 Diphano - Homeproject.fr\",\"isPartOf\":{\"@id\":\"https:\\\/\\\/homeproject.fr\\\/fr\\\/#website\"},\"primaryImageOfPage\":{\"@id\":\"https:\\\/\\\/homeproject.fr\\\/fr\\\/produit\\\/tabouret-bas-exterieur-omer-605-cm-aluminium-lava-corde-graphite-diphano\\\/#primaryimage\"},\"image\":{\"@id\":\"https:\\\/\\\/homeproject.fr\\\/fr\\\/produit\\\/tabouret-bas-exterieur-omer-605-cm-aluminium-lava-corde-graphite-diphano\\\/#primaryimage\"},\"thumbnailUrl\":\"https:\\\/\\\/homeproject.fr\\\/fr\\\/wp-content\\\/uploads\\\/2025\\\/06\\\/Tabouret-bas-en-aluminium-anthracite-lava-et-corde-synthetique-Omer.jpg\",\"datePublished\":\"2025-06-07T14:25:51+00:00\",\"dateModified\":\"2025-06-07T14:32:21+00:00\",\"breadcrumb\":{\"@id\":\"https:\\\/\\\/homeproject.fr\\\/fr\\\/produit\\\/tabouret-bas-exterieur-omer-605-cm-aluminium-lava-corde-graphite-diphano\\\/#breadcrumb\"},\"inLanguage\":\"fr-FR\",\"potentialAction\":[{\"@type\":\"ReadAction\",\"target\":[\"https:\\\/\\\/homeproject.fr\\\/fr\\\/produit\\\/tabouret-bas-exterieur-omer-605-cm-aluminium-lava-corde-graphite-diphano\\\/\"]}]},{\"@type\":\"ImageObject\",\"inLanguage\":\"fr-FR\",\"@id\":\"https:\\\/\\\/homeproject.fr\\\/fr\\\/produit\\\/tabouret-bas-exterieur-omer-605-cm-aluminium-lava-corde-graphite-diphano\\\/#primaryimage\",\"url\":\"https:\\\/\\\/homeproject.fr\\\/fr\\\/wp-content\\\/uploads\\\/2025\\\/06\\\/Tabouret-bas-en-aluminium-anthracite-lava-et-corde-synthetique-Omer.jpg\",\"contentUrl\":\"https:\\\/\\\/homeproject.fr\\\/fr\\\/wp-content\\\/uploads\\\/2025\\\/06\\\/Tabouret-bas-en-aluminium-anthracite-lava-et-corde-synthetique-Omer.jpg\",\"width\":1500,\"height\":1500},{\"@type\":\"BreadcrumbList\",\"@id\":\"https:\\\/\\\/homeproject.fr\\\/fr\\\/produit\\\/tabouret-bas-exterieur-omer-605-cm-aluminium-lava-corde-graphite-diphano\\\/#breadcrumb\",\"itemListElement\":[{\"@type\":\"ListItem\",\"position\":1,\"name\":\"Accueil\",\"item\":\"https:\\\/\\\/homeproject.fr\\\/fr\\\/\"},{\"@type\":\"ListItem\",\"position\":2,\"name\":\"Boutique\",\"item\":\"https:\\\/\\\/homeproject.fr\\\/fr\\\/boutique\\\/\"},{\"@type\":\"ListItem\",\"position\":3,\"name\":\"Tabouret bas ext\u00e9rieur Omer 60,5 cm \u2013 Aluminium lava &#038; corde graphite \u2013 Diphano\"}]},{\"@type\":\"WebSite\",\"@id\":\"https:\\\/\\\/homeproject.fr\\\/fr\\\/#website\",\"url\":\"https:\\\/\\\/homeproject.fr\\\/fr\\\/\",\"name\":\"Homeproject.fr\",\"description\":\"Offrez l&#039;exceptionnel \u00e0 vos espaces \u00e0 vivre\",\"publisher\":{\"@id\":\"https:\\\/\\\/homeproject.fr\\\/fr\\\/#organization\"},\"potentialAction\":[{\"@type\":\"SearchAction\",\"target\":{\"@type\":\"EntryPoint\",\"urlTemplate\":\"https:\\\/\\\/homeproject.fr\\\/fr\\\/?s={search_term_string}\"},\"query-input\":{\"@type\":\"PropertyValueSpecification\",\"valueRequired\":true,\"valueName\":\"search_term_string\"}}],\"inLanguage\":\"fr-FR\"},{\"@type\":\"Organization\",\"@id\":\"https:\\\/\\\/homeproject.fr\\\/fr\\\/#organization\",\"name\":\"Homeproject.fr\",\"url\":\"https:\\\/\\\/homeproject.fr\\\/fr\\\/\",\"logo\":{\"@type\":\"ImageObject\",\"inLanguage\":\"fr-FR\",\"@id\":\"https:\\\/\\\/homeproject.fr\\\/fr\\\/#\\\/schema\\\/logo\\\/image\\\/\",\"url\":\"https:\\\/\\\/homeproject.fr\\\/fr\\\/wp-content\\\/uploads\\\/2024\\\/12\\\/Logo_HomeProject-noir-2.png\",\"contentUrl\":\"https:\\\/\\\/homeproject.fr\\\/fr\\\/wp-content\\\/uploads\\\/2024\\\/12\\\/Logo_HomeProject-noir-2.png\",\"width\":300,\"height\":91,\"caption\":\"Homeproject.fr\"},\"image\":{\"@id\":\"https:\\\/\\\/homeproject.fr\\\/fr\\\/#\\\/schema\\\/logo\\\/image\\\/\"}}]}<\/script>\n<!-- \/ Yoast SEO plugin. -->","yoast_head_json":{"title":"Tabouret bas ext\u00e9rieur Omer 60,5 cm \u2013 Aluminium lava & corde graphite \u2013 Diphano - Homeproject.fr","robots":{"index":"index","follow":"follow","max-snippet":"max-snippet:-1","max-image-preview":"max-image-preview:large","max-video-preview":"max-video-preview:-1"},"canonical":"https:\/\/homeproject.fr\/fr\/produit\/tabouret-bas-exterieur-omer-605-cm-aluminium-lava-corde-graphite-diphano\/","og_locale":"fr_FR","og_type":"article","og_title":"Tabouret bas ext\u00e9rieur Omer 60,5 cm \u2013 Aluminium lava & corde graphite \u2013 Diphano - Homeproject.fr","og_description":"Le tabouret Omer 60,5 est la solution parfaite pour am\u00e9nager un coin bar ou repas bas, \u00e0 mi-chemin entre confort et \u00e9l\u00e9gance contemporaine. Con\u00e7u par Diphano, ce tabouret bas combine lignes modernes, mat\u00e9riaux haut de gamme et finishes outdoor premium pour une utilisation durable en ext\u00e9rieur. Sa structure en aluminium coloris lava (anthracite mat) assure l\u00e9g\u00e8ret\u00e9 et r\u00e9sistance, tandis que le cordage synth\u00e9tique graphite tress\u00e9 \u00e0 la main offre un rendu graphique chic et a\u00e9r\u00e9. Le coussin d\u2019assise et de dossier, en tissu waterproof coloris chestnut, est fix\u00e9 par velcro pour un excellent maintien, m\u00eame en conditions ext\u00e9rieures.","og_url":"https:\/\/homeproject.fr\/fr\/produit\/tabouret-bas-exterieur-omer-605-cm-aluminium-lava-corde-graphite-diphano\/","og_site_name":"Homeproject.fr","article_modified_time":"2025-06-07T14:32:21+00:00","og_image":[{"width":1500,"height":1500,"url":"https:\/\/homeproject.fr\/fr\/wp-content\/uploads\/2025\/06\/Tabouret-bas-en-aluminium-anthracite-lava-et-corde-synthetique-Omer.jpg","type":"image\/jpeg"}],"twitter_card":"summary_large_image","twitter_misc":{"Dur\u00e9e de lecture estim\u00e9e":"1 minute"},"schema":{"@context":"https:\/\/schema.org","@graph":[{"@type":"WebPage","@id":"https:\/\/homeproject.fr\/fr\/produit\/tabouret-bas-exterieur-omer-605-cm-aluminium-lava-corde-graphite-diphano\/","url":"https:\/\/homeproject.fr\/fr\/produit\/tabouret-bas-exterieur-omer-605-cm-aluminium-lava-corde-graphite-diphano\/","name":"Tabouret bas ext\u00e9rieur Omer 60,5 cm \u2013 Aluminium lava & corde graphite \u2013 Diphano - Homeproject.fr","isPartOf":{"@id":"https:\/\/homeproject.fr\/fr\/#website"},"primaryImageOfPage":{"@id":"https:\/\/homeproject.fr\/fr\/produit\/tabouret-bas-exterieur-omer-605-cm-aluminium-lava-corde-graphite-diphano\/#primaryimage"},"image":{"@id":"https:\/\/homeproject.fr\/fr\/produit\/tabouret-bas-exterieur-omer-605-cm-aluminium-lava-corde-graphite-diphano\/#primaryimage"},"thumbnailUrl":"https:\/\/homeproject.fr\/fr\/wp-content\/uploads\/2025\/06\/Tabouret-bas-en-aluminium-anthracite-lava-et-corde-synthetique-Omer.jpg","datePublished":"2025-06-07T14:25:51+00:00","dateModified":"2025-06-07T14:32:21+00:00","breadcrumb":{"@id":"https:\/\/homeproject.fr\/fr\/produit\/tabouret-bas-exterieur-omer-605-cm-aluminium-lava-corde-graphite-diphano\/#breadcrumb"},"inLanguage":"fr-FR","potentialAction":[{"@type":"ReadAction","target":["https:\/\/homeproject.fr\/fr\/produit\/tabouret-bas-exterieur-omer-605-cm-aluminium-lava-corde-graphite-diphano\/"]}]},{"@type":"ImageObject","inLanguage":"fr-FR","@id":"https:\/\/homeproject.fr\/fr\/produit\/tabouret-bas-exterieur-omer-605-cm-aluminium-lava-corde-graphite-diphano\/#primaryimage","url":"https:\/\/homeproject.fr\/fr\/wp-content\/uploads\/2025\/06\/Tabouret-bas-en-aluminium-anthracite-lava-et-corde-synthetique-Omer.jpg","contentUrl":"https:\/\/homeproject.fr\/fr\/wp-content\/uploads\/2025\/06\/Tabouret-bas-en-aluminium-anthracite-lava-et-corde-synthetique-Omer.jpg","width":1500,"height":1500},{"@type":"BreadcrumbList","@id":"https:\/\/homeproject.fr\/fr\/produit\/tabouret-bas-exterieur-omer-605-cm-aluminium-lava-corde-graphite-diphano\/#breadcrumb","itemListElement":[{"@type":"ListItem","position":1,"name":"Accueil","item":"https:\/\/homeproject.fr\/fr\/"},{"@type":"ListItem","position":2,"name":"Boutique","item":"https:\/\/homeproject.fr\/fr\/boutique\/"},{"@type":"ListItem","position":3,"name":"Tabouret bas ext\u00e9rieur Omer 60,5 cm \u2013 Aluminium lava &#038; corde graphite \u2013 Diphano"}]},{"@type":"WebSite","@id":"https:\/\/homeproject.fr\/fr\/#website","url":"https:\/\/homeproject.fr\/fr\/","name":"Homeproject.fr","description":"Offrez l&#039;exceptionnel \u00e0 vos espaces \u00e0 vivre","publisher":{"@id":"https:\/\/homeproject.fr\/fr\/#organization"},"potentialAction":[{"@type":"SearchAction","target":{"@type":"EntryPoint","urlTemplate":"https:\/\/homeproject.fr\/fr\/?s={search_term_string}"},"query-input":{"@type":"PropertyValueSpecification","valueRequired":true,"valueName":"search_term_string"}}],"inLanguage":"fr-FR"},{"@type":"Organization","@id":"https:\/\/homeproject.fr\/fr\/#organization","name":"Homeproject.fr","url":"https:\/\/homeproject.fr\/fr\/","logo":{"@type":"ImageObject","inLanguage":"fr-FR","@id":"https:\/\/homeproject.fr\/fr\/#\/schema\/logo\/image\/","url":"https:\/\/homeproject.fr\/fr\/wp-content\/uploads\/2024\/12\/Logo_HomeProject-noir-2.png","contentUrl":"https:\/\/homeproject.fr\/fr\/wp-content\/uploads\/2024\/12\/Logo_HomeProject-noir-2.png","width":300,"height":91,"caption":"Homeproject.fr"},"image":{"@id":"https:\/\/homeproject.fr\/fr\/#\/schema\/logo\/image\/"}}]}},"_links":{"self":[{"href":"https:\/\/homeproject.fr\/fr\/wp-json\/wp\/v2\/product\/14330","targetHints":{"allow":["GET"]}}],"collection":[{"href":"https:\/\/homeproject.fr\/fr\/wp-json\/wp\/v2\/product"}],"about":[{"href":"https:\/\/homeproject.fr\/fr\/wp-json\/wp\/v2\/types\/product"}],"version-history":[{"count":1,"href":"https:\/\/homeproject.fr\/fr\/wp-json\/wp\/v2\/product\/14330\/revisions"}],"predecessor-version":[{"id":14332,"href":"https:\/\/homeproject.fr\/fr\/wp-json\/wp\/v2\/product\/14330\/revisions\/14332"}],"wp:featuredmedia":[{"embeddable":true,"href":"https:\/\/homeproject.fr\/fr\/wp-json\/wp\/v2\/media\/14331"}],"wp:attachment":[{"href":"https:\/\/homeproject.fr\/fr\/wp-json\/wp\/v2\/media?parent=14330"}],"wp:term":[{"taxonomy":"product_brand","embeddable":true,"href":"https:\/\/homeproject.fr\/fr\/wp-json\/wp\/v2\/product_brand?post=14330"},{"taxonomy":"product_cat","embeddable":true,"href":"https:\/\/homeproject.fr\/fr\/wp-json\/wp\/v2\/product_cat?post=14330"},{"taxonomy":"product_tag","embeddable":true,"href":"https:\/\/homeproject.fr\/fr\/wp-json\/wp\/v2\/product_tag?post=14330"}],"curies":[{"name":"wp","href":"https:\/\/api.w.org\/{rel}","templated":true}]}}