{"id":14322,"date":"2025-06-07T14:17:34","date_gmt":"2025-06-07T14:17:34","guid":{"rendered":"https:\/\/homeproject.fr\/fr\/?post_type=product&#038;p=14322"},"modified":"2025-06-07T14:20:11","modified_gmt":"2025-06-07T14:20:11","slug":"tabouret-de-bar-exterieur-omer-aluminium-blanc-corde-mineral-diphano","status":"publish","type":"product","link":"https:\/\/homeproject.fr\/fr\/produit\/tabouret-de-bar-exterieur-omer-aluminium-blanc-corde-mineral-diphano\/","title":{"rendered":"Tabouret de bar ext\u00e9rieur Omer \u2013 Aluminium blanc &#038; corde min\u00e9ral \u2013 Diphano"},"content":{"rendered":"<h4 data-start=\"846\" data-end=\"880\">Caract\u00e9ristiques techniques :<\/h4>\n<ul data-start=\"881\" data-end=\"1332\">\n<li data-start=\"881\" data-end=\"926\">\n<p data-start=\"883\" data-end=\"926\"><strong data-start=\"883\" data-end=\"898\">Structure :<\/strong> Aluminium thermolaqu\u00e9 blanc<\/p>\n<\/li>\n<li data-start=\"927\" data-end=\"990\">\n<p data-start=\"929\" data-end=\"990\"><strong data-start=\"929\" data-end=\"945\">Rev\u00eatement :<\/strong> Corde synth\u00e9tique min\u00e9ral, tress\u00e9e \u00e0 la main<\/p>\n<\/li>\n<li data-start=\"991\" data-end=\"1090\">\n<p data-start=\"993\" data-end=\"1090\"><strong data-start=\"993\" data-end=\"1014\">Coussins inclus :<\/strong> Assise et dossier en tissu outdoor coloris tundra, imperm\u00e9able et d\u00e9perlant<\/p>\n<\/li>\n<li data-start=\"1091\" data-end=\"1134\">\n<p data-start=\"1093\" data-end=\"1134\"><strong data-start=\"1093\" data-end=\"1107\">Fixation :<\/strong> Velcro discret et efficace<\/p>\n<\/li>\n<li data-start=\"1135\" data-end=\"1267\">\n<p data-start=\"1137\" data-end=\"1155\"><strong data-start=\"1137\" data-end=\"1153\">Dimensions :<\/strong><\/p>\n<ul data-start=\"1158\" data-end=\"1267\">\n<li data-start=\"1158\" data-end=\"1179\">\n<p data-start=\"1160\" data-end=\"1179\">Largeur : 58,5 cm<\/p>\n<\/li>\n<li data-start=\"1182\" data-end=\"1204\">\n<p data-start=\"1184\" data-end=\"1204\">Profondeur : 56 cm<\/p>\n<\/li>\n<li data-start=\"1207\" data-end=\"1234\">\n<p data-start=\"1209\" data-end=\"1234\">Hauteur totale : 114 cm<\/p>\n<\/li>\n<li data-start=\"1237\" data-end=\"1267\">\n<p data-start=\"1239\" data-end=\"1267\">Hauteur d\u2019assise : 77,5 cm<\/p>\n<\/li>\n<\/ul>\n<\/li>\n<\/ul>\n<h4 data-start=\"1334\" data-end=\"1358\">Atouts du produit :<\/h4>\n<ul data-start=\"1359\" data-end=\"1606\">\n<li data-start=\"1359\" data-end=\"1429\">\n<p data-start=\"1361\" data-end=\"1429\">Design sobre et lumineux pour sublimer tous les styles d\u2019am\u00e9nagement<\/p>\n<\/li>\n<li data-start=\"1430\" data-end=\"1487\">\n<p data-start=\"1432\" data-end=\"1487\">Mat\u00e9riaux r\u00e9sistants aux UV, \u00e0 l\u2019eau et aux intemp\u00e9ries<\/p>\n<\/li>\n<li data-start=\"1488\" data-end=\"1536\">\n<p data-start=\"1490\" data-end=\"1536\">Confort enveloppant et maintien optimal du dos<\/p>\n<\/li>\n<li data-start=\"1537\" data-end=\"1606\">\n<p data-start=\"1539\" data-end=\"1606\">Entretien facile \u2013 id\u00e9al pour un usage professionnel ou r\u00e9sidentiel<\/p>\n<\/li>\n<\/ul>\n<p data-start=\"1608\" data-end=\"1745\">Avec le <strong data-start=\"1616\" data-end=\"1652\">tabouret Omer en aluminium blanc<\/strong>, cr\u00e9ez un <strong data-start=\"1663\" data-end=\"1696\">coin bar \u00e9l\u00e9gant et convivial<\/strong> o\u00f9 design et confort s\u2019unissent en toute saison.<\/p>\n<hr data-start=\"1747\" data-end=\"1750\" \/>\n<h4 data-start=\"864\" data-end=\"898\"><span style=\"font-size: 16px;\">.<\/span><\/h4>\n<hr data-start=\"1798\" data-end=\"1801\" \/>\n<p><strong style=\"font-family: inherit; font-size: 30px;\">Vous avez des questions ?<\/strong><\/p>\n<style id=\"wpforms-css-vars-3675\">\n\t\t\t\t#wpforms-3675 {\n\t\t\t\t\n\t\t\t}\n\t\t\t<\/style><div class=\"wpforms-container wpforms-container-full wpforms-render-modern\" id=\"wpforms-3675\"><form id=\"wpforms-form-3675\" class=\"wpforms-validate wpforms-form wpforms-ajax-form\" data-formid=\"3675\" method=\"post\" enctype=\"multipart\/form-data\" action=\"\/fr\/wp-json\/wp\/v2\/product\/14322\" data-token=\"40ada6e9151c970e4278e2da3e5409c5\" data-token-time=\"1777926484\"><noscript class=\"wpforms-error-noscript\">Veuillez activer JavaScript dans votre navigateur pour remplir ce formulaire.<\/noscript><div id=\"wpforms-error-noscript\" style=\"display: none;\">Veuillez activer JavaScript dans votre navigateur pour remplir ce formulaire.<\/div><div class=\"wpforms-field-container\">\t\t<div id=\"wpforms-3675-field_1-container\"\n\t\t\tclass=\"wpforms-field wpforms-field-text\"\n\t\t\tdata-field-type=\"text\"\n\t\t\tdata-field-id=\"1\"\n\t\t\t>\n\t\t\t<label class=\"wpforms-field-label\" for=\"wpforms-3675-field_1\" >Message Nom E-mail<\/label>\n\t\t\t<input type=\"text\" id=\"wpforms-3675-field_1\" class=\"wpforms-field-medium\" name=\"wpforms[fields][1]\" >\n\t\t<\/div>\n\t\t<div id=\"wpforms-3675-field_3-container\" class=\"wpforms-field wpforms-field-name\" data-field-id=\"3\"><fieldset><legend class=\"wpforms-field-label\">Nom <span class=\"wpforms-required-label\" aria-hidden=\"true\">*<\/span><\/legend><div class=\"wpforms-field-row wpforms-field-medium\"><div class=\"wpforms-field-row-block wpforms-first wpforms-one-half\"><input type=\"text\" id=\"wpforms-3675-field_3\" class=\"wpforms-field-name-first wpforms-field-required\" name=\"wpforms[fields][3][first]\" aria-errormessage=\"wpforms-3675-field_3-error\" required><label for=\"wpforms-3675-field_3\" class=\"wpforms-field-sublabel after\">Pr\u00e9nom<\/label><\/div><div class=\"wpforms-field-row-block wpforms-one-half\"><input type=\"text\" id=\"wpforms-3675-field_3-last\" class=\"wpforms-field-name-last wpforms-field-required\" name=\"wpforms[fields][3][last]\" aria-errormessage=\"wpforms-3675-field_3-last-error\" required><label for=\"wpforms-3675-field_3-last\" class=\"wpforms-field-sublabel after\">Nom<\/label><\/div><\/div><\/fieldset><\/div><div id=\"wpforms-3675-field_4-container\" class=\"wpforms-field wpforms-field-email\" data-field-id=\"4\"><label class=\"wpforms-field-label\" for=\"wpforms-3675-field_4\">E-mail <span class=\"wpforms-required-label\" aria-hidden=\"true\">*<\/span><\/label><input type=\"email\" id=\"wpforms-3675-field_4\" class=\"wpforms-field-medium wpforms-field-required\" name=\"wpforms[fields][4]\" spellcheck=\"false\" aria-errormessage=\"wpforms-3675-field_4-error\" required><\/div><div id=\"wpforms-3675-field_5-container\" class=\"wpforms-field wpforms-field-textarea\" data-field-id=\"5\"><label class=\"wpforms-field-label\" for=\"wpforms-3675-field_5\">Message <span class=\"wpforms-required-label\" aria-hidden=\"true\">*<\/span><\/label><textarea id=\"wpforms-3675-field_5\" class=\"wpforms-field-medium wpforms-field-required\" name=\"wpforms[fields][5]\" aria-errormessage=\"wpforms-3675-field_5-error\" required><\/textarea><\/div><script>\n\t\t\t\t( function() {\n\t\t\t\t\tconst style = document.createElement( 'style' );\n\t\t\t\t\tstyle.appendChild( document.createTextNode( '#wpforms-3675-field_1-container { position: absolute !important; overflow: hidden !important; display: inline !important; height: 1px !important; width: 1px !important; z-index: -1000 !important; padding: 0 !important; } #wpforms-3675-field_1-container input { visibility: hidden; } #wpforms-conversational-form-page #wpforms-3675-field_1-container label { counter-increment: none; }' ) );\n\t\t\t\t\tdocument.head.appendChild( style );\n\t\t\t\t\tdocument.currentScript?.remove();\n\t\t\t\t} )();\n\t\t\t<\/script><\/div><!-- .wpforms-field-container --><div class=\"wpforms-submit-container\" ><input type=\"hidden\" name=\"wpforms[id]\" value=\"3675\"><input type=\"hidden\" name=\"page_title\" value=\"\"><input type=\"hidden\" name=\"page_url\" value=\"https:\/\/homeproject.fr\/fr\/wp-json\/wp\/v2\/product\/14322\"><input type=\"hidden\" name=\"url_referer\" value=\"\"><button type=\"submit\" name=\"wpforms[submit]\" id=\"wpforms-submit-3675\" class=\"wpforms-submit\" data-alt-text=\"Envoi...\" data-submit-text=\"Envoyer\" aria-live=\"assertive\" value=\"wpforms-submit\">Envoyer<\/button><img decoding=\"async\" src=\"https:\/\/homeproject.fr\/fr\/wp-content\/plugins\/wpforms-lite\/assets\/images\/submit-spin.svg\" class=\"wpforms-submit-spinner\" style=\"display: none;\" width=\"26\" height=\"26\" alt=\"Chargement en cours\"><\/div><\/form><\/div>  <!-- .wpforms-container -->\n","protected":false},"excerpt":{"rendered":"<p data-start=\"244\" data-end=\"638\">Alliez raffinement et fonctionnalit\u00e9 avec le <strong data-start=\"289\" data-end=\"313\">tabouret de bar Omer<\/strong> sign\u00e9 <strong data-start=\"320\" data-end=\"331\">Diphano<\/strong>, un mod\u00e8le haut de gamme con\u00e7u pour sublimer vos espaces ext\u00e9rieurs comme int\u00e9rieurs. Avec sa structure \u00e9lanc\u00e9e en <strong data-start=\"447\" data-end=\"466\">aluminium blanc<\/strong>, son tressage fin en <strong data-start=\"488\" data-end=\"525\">corde synth\u00e9tique coloris min\u00e9ral<\/strong>, et son <strong data-start=\"534\" data-end=\"580\">coussin en tissu waterproof coloris tundra<\/strong>, ce tabouret allie <strong data-start=\"600\" data-end=\"637\">confort, esth\u00e9tisme et r\u00e9sistance<\/strong>.<\/p>\n<p data-start=\"640\" data-end=\"844\">Le dossier courb\u00e9, la hauteur d\u2019assise confortable (77,5 cm) et le repose-pieds int\u00e9gr\u00e9 en font un <strong data-start=\"739\" data-end=\"843\">si\u00e8ge id\u00e9al pour les bars de jardin, les cuisines d\u2019ext\u00e9rieur ou les terrasses de style contemporain<\/strong>.<\/p>\n","protected":false},"featured_media":14323,"template":"","meta":{"_uf_show_specific_survey":0,"_uf_disable_surveys":false,"iawp_total_views":9},"product_brand":[518],"product_cat":[486],"product_tag":[],"class_list":{"0":"post-14322","1":"product","2":"type-product","3":"status-publish","4":"has-post-thumbnail","6":"product_brand-diphano","7":"product_cat-tabourets-exterieurs","8":"product_shipping_class-gros-colis-messagerie","9":"pa_collection-omer-par-diphano","10":"pa_marque-diphano","11":"pa_materiau-aluminium","13":"first","14":"instock","15":"taxable","16":"shipping-taxable","17":"purchasable","18":"product-type-simple"},"yoast_head":"<!-- This site is optimized with the Yoast SEO plugin v27.5 - https:\/\/yoast.com\/product\/yoast-seo-wordpress\/ -->\n<title>Tabouret de bar ext\u00e9rieur Omer \u2013 Aluminium blanc &amp; corde min\u00e9ral \u2013 Diphano - Homeproject.fr<\/title>\n<meta name=\"robots\" content=\"index, follow, max-snippet:-1, max-image-preview:large, max-video-preview:-1\" \/>\n<link rel=\"canonical\" href=\"https:\/\/homeproject.fr\/fr\/produit\/tabouret-de-bar-exterieur-omer-aluminium-blanc-corde-mineral-diphano\/\" \/>\n<meta property=\"og:locale\" content=\"fr_FR\" \/>\n<meta property=\"og:type\" content=\"article\" \/>\n<meta property=\"og:title\" content=\"Tabouret de bar ext\u00e9rieur Omer \u2013 Aluminium blanc &amp; corde min\u00e9ral \u2013 Diphano - Homeproject.fr\" \/>\n<meta property=\"og:description\" content=\"Alliez raffinement et fonctionnalit\u00e9 avec le tabouret de bar Omer sign\u00e9 Diphano, un mod\u00e8le haut de gamme con\u00e7u pour sublimer vos espaces ext\u00e9rieurs comme int\u00e9rieurs. Avec sa structure \u00e9lanc\u00e9e en aluminium blanc, son tressage fin en corde synth\u00e9tique coloris min\u00e9ral, et son coussin en tissu waterproof coloris tundra, ce tabouret allie confort, esth\u00e9tisme et r\u00e9sistance. Le dossier courb\u00e9, la hauteur d\u2019assise confortable (77,5 cm) et le repose-pieds int\u00e9gr\u00e9 en font un si\u00e8ge id\u00e9al pour les bars de jardin, les cuisines d\u2019ext\u00e9rieur ou les terrasses de style contemporain.\" \/>\n<meta property=\"og:url\" content=\"https:\/\/homeproject.fr\/fr\/produit\/tabouret-de-bar-exterieur-omer-aluminium-blanc-corde-mineral-diphano\/\" \/>\n<meta property=\"og:site_name\" content=\"Homeproject.fr\" \/>\n<meta property=\"article:modified_time\" content=\"2025-06-07T14:20:11+00:00\" \/>\n<meta property=\"og:image\" content=\"https:\/\/homeproject.fr\/fr\/wp-content\/uploads\/2025\/06\/Tabouret-de-bar-en-aluminium-blanc-et-corde-synthetique-Omer.jpg\" \/>\n\t<meta property=\"og:image:width\" content=\"1500\" \/>\n\t<meta property=\"og:image:height\" content=\"1500\" \/>\n\t<meta property=\"og:image:type\" content=\"image\/jpeg\" \/>\n<meta name=\"twitter:card\" content=\"summary_large_image\" \/>\n<meta name=\"twitter:label1\" content=\"Dur\u00e9e de lecture estim\u00e9e\" \/>\n\t<meta name=\"twitter:data1\" content=\"1 minute\" \/>\n<script type=\"application\/ld+json\" class=\"yoast-schema-graph\">{\"@context\":\"https:\\\/\\\/schema.org\",\"@graph\":[{\"@type\":\"WebPage\",\"@id\":\"https:\\\/\\\/homeproject.fr\\\/fr\\\/produit\\\/tabouret-de-bar-exterieur-omer-aluminium-blanc-corde-mineral-diphano\\\/\",\"url\":\"https:\\\/\\\/homeproject.fr\\\/fr\\\/produit\\\/tabouret-de-bar-exterieur-omer-aluminium-blanc-corde-mineral-diphano\\\/\",\"name\":\"Tabouret de bar ext\u00e9rieur Omer \u2013 Aluminium blanc & corde min\u00e9ral \u2013 Diphano - Homeproject.fr\",\"isPartOf\":{\"@id\":\"https:\\\/\\\/homeproject.fr\\\/fr\\\/#website\"},\"primaryImageOfPage\":{\"@id\":\"https:\\\/\\\/homeproject.fr\\\/fr\\\/produit\\\/tabouret-de-bar-exterieur-omer-aluminium-blanc-corde-mineral-diphano\\\/#primaryimage\"},\"image\":{\"@id\":\"https:\\\/\\\/homeproject.fr\\\/fr\\\/produit\\\/tabouret-de-bar-exterieur-omer-aluminium-blanc-corde-mineral-diphano\\\/#primaryimage\"},\"thumbnailUrl\":\"https:\\\/\\\/homeproject.fr\\\/fr\\\/wp-content\\\/uploads\\\/2025\\\/06\\\/Tabouret-de-bar-en-aluminium-blanc-et-corde-synthetique-Omer.jpg\",\"datePublished\":\"2025-06-07T14:17:34+00:00\",\"dateModified\":\"2025-06-07T14:20:11+00:00\",\"breadcrumb\":{\"@id\":\"https:\\\/\\\/homeproject.fr\\\/fr\\\/produit\\\/tabouret-de-bar-exterieur-omer-aluminium-blanc-corde-mineral-diphano\\\/#breadcrumb\"},\"inLanguage\":\"fr-FR\",\"potentialAction\":[{\"@type\":\"ReadAction\",\"target\":[\"https:\\\/\\\/homeproject.fr\\\/fr\\\/produit\\\/tabouret-de-bar-exterieur-omer-aluminium-blanc-corde-mineral-diphano\\\/\"]}]},{\"@type\":\"ImageObject\",\"inLanguage\":\"fr-FR\",\"@id\":\"https:\\\/\\\/homeproject.fr\\\/fr\\\/produit\\\/tabouret-de-bar-exterieur-omer-aluminium-blanc-corde-mineral-diphano\\\/#primaryimage\",\"url\":\"https:\\\/\\\/homeproject.fr\\\/fr\\\/wp-content\\\/uploads\\\/2025\\\/06\\\/Tabouret-de-bar-en-aluminium-blanc-et-corde-synthetique-Omer.jpg\",\"contentUrl\":\"https:\\\/\\\/homeproject.fr\\\/fr\\\/wp-content\\\/uploads\\\/2025\\\/06\\\/Tabouret-de-bar-en-aluminium-blanc-et-corde-synthetique-Omer.jpg\",\"width\":1500,\"height\":1500},{\"@type\":\"BreadcrumbList\",\"@id\":\"https:\\\/\\\/homeproject.fr\\\/fr\\\/produit\\\/tabouret-de-bar-exterieur-omer-aluminium-blanc-corde-mineral-diphano\\\/#breadcrumb\",\"itemListElement\":[{\"@type\":\"ListItem\",\"position\":1,\"name\":\"Accueil\",\"item\":\"https:\\\/\\\/homeproject.fr\\\/fr\\\/\"},{\"@type\":\"ListItem\",\"position\":2,\"name\":\"Boutique\",\"item\":\"https:\\\/\\\/homeproject.fr\\\/fr\\\/boutique\\\/\"},{\"@type\":\"ListItem\",\"position\":3,\"name\":\"Tabouret de bar ext\u00e9rieur Omer \u2013 Aluminium blanc &#038; corde min\u00e9ral \u2013 Diphano\"}]},{\"@type\":\"WebSite\",\"@id\":\"https:\\\/\\\/homeproject.fr\\\/fr\\\/#website\",\"url\":\"https:\\\/\\\/homeproject.fr\\\/fr\\\/\",\"name\":\"Homeproject.fr\",\"description\":\"Offrez l&#039;exceptionnel \u00e0 vos espaces \u00e0 vivre\",\"publisher\":{\"@id\":\"https:\\\/\\\/homeproject.fr\\\/fr\\\/#organization\"},\"potentialAction\":[{\"@type\":\"SearchAction\",\"target\":{\"@type\":\"EntryPoint\",\"urlTemplate\":\"https:\\\/\\\/homeproject.fr\\\/fr\\\/?s={search_term_string}\"},\"query-input\":{\"@type\":\"PropertyValueSpecification\",\"valueRequired\":true,\"valueName\":\"search_term_string\"}}],\"inLanguage\":\"fr-FR\"},{\"@type\":\"Organization\",\"@id\":\"https:\\\/\\\/homeproject.fr\\\/fr\\\/#organization\",\"name\":\"Homeproject.fr\",\"url\":\"https:\\\/\\\/homeproject.fr\\\/fr\\\/\",\"logo\":{\"@type\":\"ImageObject\",\"inLanguage\":\"fr-FR\",\"@id\":\"https:\\\/\\\/homeproject.fr\\\/fr\\\/#\\\/schema\\\/logo\\\/image\\\/\",\"url\":\"https:\\\/\\\/homeproject.fr\\\/fr\\\/wp-content\\\/uploads\\\/2024\\\/12\\\/Logo_HomeProject-noir-2.png\",\"contentUrl\":\"https:\\\/\\\/homeproject.fr\\\/fr\\\/wp-content\\\/uploads\\\/2024\\\/12\\\/Logo_HomeProject-noir-2.png\",\"width\":300,\"height\":91,\"caption\":\"Homeproject.fr\"},\"image\":{\"@id\":\"https:\\\/\\\/homeproject.fr\\\/fr\\\/#\\\/schema\\\/logo\\\/image\\\/\"}}]}<\/script>\n<!-- \/ Yoast SEO plugin. -->","yoast_head_json":{"title":"Tabouret de bar ext\u00e9rieur Omer \u2013 Aluminium blanc & corde min\u00e9ral \u2013 Diphano - Homeproject.fr","robots":{"index":"index","follow":"follow","max-snippet":"max-snippet:-1","max-image-preview":"max-image-preview:large","max-video-preview":"max-video-preview:-1"},"canonical":"https:\/\/homeproject.fr\/fr\/produit\/tabouret-de-bar-exterieur-omer-aluminium-blanc-corde-mineral-diphano\/","og_locale":"fr_FR","og_type":"article","og_title":"Tabouret de bar ext\u00e9rieur Omer \u2013 Aluminium blanc & corde min\u00e9ral \u2013 Diphano - Homeproject.fr","og_description":"Alliez raffinement et fonctionnalit\u00e9 avec le tabouret de bar Omer sign\u00e9 Diphano, un mod\u00e8le haut de gamme con\u00e7u pour sublimer vos espaces ext\u00e9rieurs comme int\u00e9rieurs. Avec sa structure \u00e9lanc\u00e9e en aluminium blanc, son tressage fin en corde synth\u00e9tique coloris min\u00e9ral, et son coussin en tissu waterproof coloris tundra, ce tabouret allie confort, esth\u00e9tisme et r\u00e9sistance. Le dossier courb\u00e9, la hauteur d\u2019assise confortable (77,5 cm) et le repose-pieds int\u00e9gr\u00e9 en font un si\u00e8ge id\u00e9al pour les bars de jardin, les cuisines d\u2019ext\u00e9rieur ou les terrasses de style contemporain.","og_url":"https:\/\/homeproject.fr\/fr\/produit\/tabouret-de-bar-exterieur-omer-aluminium-blanc-corde-mineral-diphano\/","og_site_name":"Homeproject.fr","article_modified_time":"2025-06-07T14:20:11+00:00","og_image":[{"width":1500,"height":1500,"url":"https:\/\/homeproject.fr\/fr\/wp-content\/uploads\/2025\/06\/Tabouret-de-bar-en-aluminium-blanc-et-corde-synthetique-Omer.jpg","type":"image\/jpeg"}],"twitter_card":"summary_large_image","twitter_misc":{"Dur\u00e9e de lecture estim\u00e9e":"1 minute"},"schema":{"@context":"https:\/\/schema.org","@graph":[{"@type":"WebPage","@id":"https:\/\/homeproject.fr\/fr\/produit\/tabouret-de-bar-exterieur-omer-aluminium-blanc-corde-mineral-diphano\/","url":"https:\/\/homeproject.fr\/fr\/produit\/tabouret-de-bar-exterieur-omer-aluminium-blanc-corde-mineral-diphano\/","name":"Tabouret de bar ext\u00e9rieur Omer \u2013 Aluminium blanc & corde min\u00e9ral \u2013 Diphano - Homeproject.fr","isPartOf":{"@id":"https:\/\/homeproject.fr\/fr\/#website"},"primaryImageOfPage":{"@id":"https:\/\/homeproject.fr\/fr\/produit\/tabouret-de-bar-exterieur-omer-aluminium-blanc-corde-mineral-diphano\/#primaryimage"},"image":{"@id":"https:\/\/homeproject.fr\/fr\/produit\/tabouret-de-bar-exterieur-omer-aluminium-blanc-corde-mineral-diphano\/#primaryimage"},"thumbnailUrl":"https:\/\/homeproject.fr\/fr\/wp-content\/uploads\/2025\/06\/Tabouret-de-bar-en-aluminium-blanc-et-corde-synthetique-Omer.jpg","datePublished":"2025-06-07T14:17:34+00:00","dateModified":"2025-06-07T14:20:11+00:00","breadcrumb":{"@id":"https:\/\/homeproject.fr\/fr\/produit\/tabouret-de-bar-exterieur-omer-aluminium-blanc-corde-mineral-diphano\/#breadcrumb"},"inLanguage":"fr-FR","potentialAction":[{"@type":"ReadAction","target":["https:\/\/homeproject.fr\/fr\/produit\/tabouret-de-bar-exterieur-omer-aluminium-blanc-corde-mineral-diphano\/"]}]},{"@type":"ImageObject","inLanguage":"fr-FR","@id":"https:\/\/homeproject.fr\/fr\/produit\/tabouret-de-bar-exterieur-omer-aluminium-blanc-corde-mineral-diphano\/#primaryimage","url":"https:\/\/homeproject.fr\/fr\/wp-content\/uploads\/2025\/06\/Tabouret-de-bar-en-aluminium-blanc-et-corde-synthetique-Omer.jpg","contentUrl":"https:\/\/homeproject.fr\/fr\/wp-content\/uploads\/2025\/06\/Tabouret-de-bar-en-aluminium-blanc-et-corde-synthetique-Omer.jpg","width":1500,"height":1500},{"@type":"BreadcrumbList","@id":"https:\/\/homeproject.fr\/fr\/produit\/tabouret-de-bar-exterieur-omer-aluminium-blanc-corde-mineral-diphano\/#breadcrumb","itemListElement":[{"@type":"ListItem","position":1,"name":"Accueil","item":"https:\/\/homeproject.fr\/fr\/"},{"@type":"ListItem","position":2,"name":"Boutique","item":"https:\/\/homeproject.fr\/fr\/boutique\/"},{"@type":"ListItem","position":3,"name":"Tabouret de bar ext\u00e9rieur Omer \u2013 Aluminium blanc &#038; corde min\u00e9ral \u2013 Diphano"}]},{"@type":"WebSite","@id":"https:\/\/homeproject.fr\/fr\/#website","url":"https:\/\/homeproject.fr\/fr\/","name":"Homeproject.fr","description":"Offrez l&#039;exceptionnel \u00e0 vos espaces \u00e0 vivre","publisher":{"@id":"https:\/\/homeproject.fr\/fr\/#organization"},"potentialAction":[{"@type":"SearchAction","target":{"@type":"EntryPoint","urlTemplate":"https:\/\/homeproject.fr\/fr\/?s={search_term_string}"},"query-input":{"@type":"PropertyValueSpecification","valueRequired":true,"valueName":"search_term_string"}}],"inLanguage":"fr-FR"},{"@type":"Organization","@id":"https:\/\/homeproject.fr\/fr\/#organization","name":"Homeproject.fr","url":"https:\/\/homeproject.fr\/fr\/","logo":{"@type":"ImageObject","inLanguage":"fr-FR","@id":"https:\/\/homeproject.fr\/fr\/#\/schema\/logo\/image\/","url":"https:\/\/homeproject.fr\/fr\/wp-content\/uploads\/2024\/12\/Logo_HomeProject-noir-2.png","contentUrl":"https:\/\/homeproject.fr\/fr\/wp-content\/uploads\/2024\/12\/Logo_HomeProject-noir-2.png","width":300,"height":91,"caption":"Homeproject.fr"},"image":{"@id":"https:\/\/homeproject.fr\/fr\/#\/schema\/logo\/image\/"}}]}},"_links":{"self":[{"href":"https:\/\/homeproject.fr\/fr\/wp-json\/wp\/v2\/product\/14322","targetHints":{"allow":["GET"]}}],"collection":[{"href":"https:\/\/homeproject.fr\/fr\/wp-json\/wp\/v2\/product"}],"about":[{"href":"https:\/\/homeproject.fr\/fr\/wp-json\/wp\/v2\/types\/product"}],"version-history":[{"count":2,"href":"https:\/\/homeproject.fr\/fr\/wp-json\/wp\/v2\/product\/14322\/revisions"}],"predecessor-version":[{"id":14328,"href":"https:\/\/homeproject.fr\/fr\/wp-json\/wp\/v2\/product\/14322\/revisions\/14328"}],"wp:featuredmedia":[{"embeddable":true,"href":"https:\/\/homeproject.fr\/fr\/wp-json\/wp\/v2\/media\/14323"}],"wp:attachment":[{"href":"https:\/\/homeproject.fr\/fr\/wp-json\/wp\/v2\/media?parent=14322"}],"wp:term":[{"taxonomy":"product_brand","embeddable":true,"href":"https:\/\/homeproject.fr\/fr\/wp-json\/wp\/v2\/product_brand?post=14322"},{"taxonomy":"product_cat","embeddable":true,"href":"https:\/\/homeproject.fr\/fr\/wp-json\/wp\/v2\/product_cat?post=14322"},{"taxonomy":"product_tag","embeddable":true,"href":"https:\/\/homeproject.fr\/fr\/wp-json\/wp\/v2\/product_tag?post=14322"}],"curies":[{"name":"wp","href":"https:\/\/api.w.org\/{rel}","templated":true}]}}