{"id":14314,"date":"2025-06-07T14:09:10","date_gmt":"2025-06-07T14:09:10","guid":{"rendered":"https:\/\/homeproject.fr\/fr\/?post_type=product&#038;p=14314"},"modified":"2025-06-07T14:12:10","modified_gmt":"2025-06-07T14:12:10","slug":"tabouret-de-bar-exterieur-omer-aluminium-lava-corde-graphite-diphano","status":"publish","type":"product","link":"https:\/\/homeproject.fr\/fr\/produit\/tabouret-de-bar-exterieur-omer-aluminium-lava-corde-graphite-diphano\/","title":{"rendered":"Tabouret de bar ext\u00e9rieur Omer \u2013 Aluminium lava &#038; corde graphite \u2013 Diphano"},"content":{"rendered":"<h4 data-start=\"864\" data-end=\"898\">Caract\u00e9ristiques techniques :<\/h4>\n<ul data-start=\"899\" data-end=\"1305\">\n<li data-start=\"899\" data-end=\"951\">\n<p data-start=\"901\" data-end=\"951\"><strong data-start=\"901\" data-end=\"916\">Structure :<\/strong> Aluminium thermolaqu\u00e9 coloris lava<\/p>\n<\/li>\n<li data-start=\"952\" data-end=\"1031\">\n<p data-start=\"954\" data-end=\"1031\"><strong data-start=\"954\" data-end=\"968\">Finition :<\/strong> Corde tress\u00e9e en fibre synth\u00e9tique graphite, r\u00e9sistante aux UV<\/p>\n<\/li>\n<li data-start=\"1032\" data-end=\"1112\">\n<p data-start=\"1034\" data-end=\"1112\"><strong data-start=\"1034\" data-end=\"1048\">Coussins :<\/strong> Assise et dossier en tissu waterproof chestnut, fixation velcro<\/p>\n<\/li>\n<li data-start=\"1113\" data-end=\"1245\">\n<p data-start=\"1115\" data-end=\"1133\"><strong data-start=\"1115\" data-end=\"1131\">Dimensions :<\/strong><\/p>\n<ul data-start=\"1136\" data-end=\"1245\">\n<li data-start=\"1136\" data-end=\"1157\">\n<p data-start=\"1138\" data-end=\"1157\">Largeur : 58,5 cm<\/p>\n<\/li>\n<li data-start=\"1160\" data-end=\"1182\">\n<p data-start=\"1162\" data-end=\"1182\">Profondeur : 56 cm<\/p>\n<\/li>\n<li data-start=\"1185\" data-end=\"1212\">\n<p data-start=\"1187\" data-end=\"1212\">Hauteur totale : 114 cm<\/p>\n<\/li>\n<li data-start=\"1215\" data-end=\"1245\">\n<p data-start=\"1217\" data-end=\"1245\">Hauteur d\u2019assise : 77,5 cm<\/p>\n<\/li>\n<\/ul>\n<\/li>\n<\/ul>\n<h4 data-start=\"1307\" data-end=\"1327\">Les + produit :<\/h4>\n<ul data-start=\"1328\" data-end=\"1536\">\n<li data-start=\"1328\" data-end=\"1367\">\n<p data-start=\"1330\" data-end=\"1367\">Design haut dossier ultra confortable<\/p>\n<\/li>\n<li data-start=\"1368\" data-end=\"1420\">\n<p data-start=\"1370\" data-end=\"1420\">Mat\u00e9riaux outdoor premium : anti-humidit\u00e9, anti-UV<\/p>\n<\/li>\n<li data-start=\"1421\" data-end=\"1485\">\n<p data-start=\"1423\" data-end=\"1485\">Id\u00e9al pour les bars de jardin, terrasses, cuisines ext\u00e9rieures<\/p>\n<\/li>\n<li data-start=\"1486\" data-end=\"1536\">\n<p data-start=\"1488\" data-end=\"1536\">Facile \u00e0 entretenir, structure l\u00e9g\u00e8re et robuste<\/p>\n<\/li>\n<\/ul>\n<p data-start=\"1538\" data-end=\"1717\">Alliez esth\u00e9tisme et fonctionnalit\u00e9 avec le <strong data-start=\"1582\" data-end=\"1606\">tabouret de bar Omer<\/strong>, parfait pour cr\u00e9er une atmosph\u00e8re chic et d\u00e9tendue autour de votre coin bar, en ext\u00e9rieur comme en int\u00e9rieur.<\/p>\n<hr data-start=\"1798\" data-end=\"1801\" \/>\n<p><strong style=\"font-family: inherit; font-size: 30px;\">Vous avez des questions ?<\/strong><\/p>\n<style id=\"wpforms-css-vars-3675\">\n\t\t\t\t#wpforms-3675 {\n\t\t\t\t\n\t\t\t}\n\t\t\t<\/style><div class=\"wpforms-container wpforms-container-full wpforms-render-modern\" id=\"wpforms-3675\"><form id=\"wpforms-form-3675\" class=\"wpforms-validate wpforms-form wpforms-ajax-form\" data-formid=\"3675\" method=\"post\" enctype=\"multipart\/form-data\" action=\"\/fr\/wp-json\/wp\/v2\/product\/14314\" data-token=\"3b32cced719d701d46405c3d9600b33b\" data-token-time=\"1778026014\"><noscript class=\"wpforms-error-noscript\">Veuillez activer JavaScript dans votre navigateur pour remplir ce formulaire.<\/noscript><div id=\"wpforms-error-noscript\" style=\"display: none;\">Veuillez activer JavaScript dans votre navigateur pour remplir ce formulaire.<\/div><div class=\"wpforms-field-container\"><div id=\"wpforms-3675-field_3-container\" class=\"wpforms-field wpforms-field-name\" data-field-id=\"3\"><fieldset><legend class=\"wpforms-field-label\">Nom <span class=\"wpforms-required-label\" aria-hidden=\"true\">*<\/span><\/legend><div class=\"wpforms-field-row wpforms-field-medium\"><div class=\"wpforms-field-row-block wpforms-first wpforms-one-half\"><input type=\"text\" id=\"wpforms-3675-field_3\" class=\"wpforms-field-name-first wpforms-field-required\" name=\"wpforms[fields][3][first]\" aria-errormessage=\"wpforms-3675-field_3-error\" required><label for=\"wpforms-3675-field_3\" class=\"wpforms-field-sublabel after\">Pr\u00e9nom<\/label><\/div><div class=\"wpforms-field-row-block wpforms-one-half\"><input type=\"text\" id=\"wpforms-3675-field_3-last\" class=\"wpforms-field-name-last wpforms-field-required\" name=\"wpforms[fields][3][last]\" aria-errormessage=\"wpforms-3675-field_3-last-error\" required><label for=\"wpforms-3675-field_3-last\" class=\"wpforms-field-sublabel after\">Nom<\/label><\/div><\/div><\/fieldset><\/div><div id=\"wpforms-3675-field_4-container\" class=\"wpforms-field wpforms-field-email\" data-field-id=\"4\"><label class=\"wpforms-field-label\" for=\"wpforms-3675-field_4\">E-mail <span class=\"wpforms-required-label\" aria-hidden=\"true\">*<\/span><\/label><input type=\"email\" id=\"wpforms-3675-field_4\" class=\"wpforms-field-medium wpforms-field-required\" name=\"wpforms[fields][4]\" spellcheck=\"false\" aria-errormessage=\"wpforms-3675-field_4-error\" required><\/div>\t\t<div id=\"wpforms-3675-field_1-container\"\n\t\t\tclass=\"wpforms-field wpforms-field-text\"\n\t\t\tdata-field-type=\"text\"\n\t\t\tdata-field-id=\"1\"\n\t\t\t>\n\t\t\t<label class=\"wpforms-field-label\" for=\"wpforms-3675-field_1\" >E-mail Message Nom<\/label>\n\t\t\t<input type=\"text\" id=\"wpforms-3675-field_1\" class=\"wpforms-field-medium\" name=\"wpforms[fields][1]\" >\n\t\t<\/div>\n\t\t<div id=\"wpforms-3675-field_5-container\" class=\"wpforms-field wpforms-field-textarea\" data-field-id=\"5\"><label class=\"wpforms-field-label\" for=\"wpforms-3675-field_5\">Message <span class=\"wpforms-required-label\" aria-hidden=\"true\">*<\/span><\/label><textarea id=\"wpforms-3675-field_5\" class=\"wpforms-field-medium wpforms-field-required\" name=\"wpforms[fields][5]\" aria-errormessage=\"wpforms-3675-field_5-error\" required><\/textarea><\/div><script>\n\t\t\t\t( function() {\n\t\t\t\t\tconst style = document.createElement( 'style' );\n\t\t\t\t\tstyle.appendChild( document.createTextNode( '#wpforms-3675-field_1-container { position: absolute !important; overflow: hidden !important; display: inline !important; height: 1px !important; width: 1px !important; z-index: -1000 !important; padding: 0 !important; } #wpforms-3675-field_1-container input { visibility: hidden; } #wpforms-conversational-form-page #wpforms-3675-field_1-container label { counter-increment: none; }' ) );\n\t\t\t\t\tdocument.head.appendChild( style );\n\t\t\t\t\tdocument.currentScript?.remove();\n\t\t\t\t} )();\n\t\t\t<\/script><\/div><!-- .wpforms-field-container --><div class=\"wpforms-submit-container\" ><input type=\"hidden\" name=\"wpforms[id]\" value=\"3675\"><input type=\"hidden\" name=\"page_title\" value=\"\"><input type=\"hidden\" name=\"page_url\" value=\"https:\/\/homeproject.fr\/fr\/wp-json\/wp\/v2\/product\/14314\"><input type=\"hidden\" name=\"url_referer\" value=\"\"><button type=\"submit\" name=\"wpforms[submit]\" id=\"wpforms-submit-3675\" class=\"wpforms-submit\" data-alt-text=\"Envoi...\" data-submit-text=\"Envoyer\" aria-live=\"assertive\" value=\"wpforms-submit\">Envoyer<\/button><img decoding=\"async\" src=\"https:\/\/homeproject.fr\/fr\/wp-content\/plugins\/wpforms-lite\/assets\/images\/submit-spin.svg\" class=\"wpforms-submit-spinner\" style=\"display: none;\" width=\"26\" height=\"26\" alt=\"Chargement en cours\"><\/div><\/form><\/div>  <!-- .wpforms-container -->\n","protected":false},"excerpt":{"rendered":"<p data-start=\"220\" data-end=\"439\">\u00c9levez le style de vos espaces ext\u00e9rieurs avec le <strong data-start=\"270\" data-end=\"294\">tabouret de bar Omer<\/strong> sign\u00e9 <strong data-start=\"301\" data-end=\"312\">Diphano<\/strong>, une assise haut de gamme pens\u00e9e pour conjuguer <strong data-start=\"361\" data-end=\"384\">design contemporain<\/strong>, <strong data-start=\"386\" data-end=\"412\">confort d\u2019assise \u00e9lev\u00e9<\/strong> et <strong data-start=\"416\" data-end=\"438\">r\u00e9sistance outdoor<\/strong>.<\/p>\n<p data-start=\"441\" data-end=\"862\">Avec sa <strong data-start=\"449\" data-end=\"497\">structure en aluminium lava (anthracite mat)<\/strong>, son tressage raffin\u00e9 en <strong data-start=\"523\" data-end=\"553\">corde synth\u00e9tique graphite<\/strong>, et ses <strong data-start=\"562\" data-end=\"603\">coussins en tissu waterproof chestnut<\/strong>, ce tabouret de bar offre un look \u00e9l\u00e9gant et une excellente tenue en ext\u00e9rieur. Le dossier enveloppant et le repose-pieds int\u00e9gr\u00e9 assurent un maintien optimal pour vos moments de convivialit\u00e9 en terrasse, au bord d\u2019une piscine ou autour d\u2019un bar d\u2019ext\u00e9rieur.<\/p>\n","protected":false},"featured_media":14316,"template":"","meta":{"_uf_show_specific_survey":0,"_uf_disable_surveys":false,"iawp_total_views":9},"product_brand":[518],"product_cat":[486],"product_tag":[],"class_list":{"0":"post-14314","1":"product","2":"type-product","3":"status-publish","4":"has-post-thumbnail","6":"product_brand-diphano","7":"product_cat-tabourets-exterieurs","8":"product_shipping_class-gros-colis-messagerie","9":"pa_collection-omer-par-diphano","10":"pa_marque-diphano","11":"pa_materiau-aluminium","13":"first","14":"instock","15":"taxable","16":"shipping-taxable","17":"purchasable","18":"product-type-simple"},"yoast_head":"<!-- This site is optimized with the Yoast SEO plugin v27.5 - https:\/\/yoast.com\/product\/yoast-seo-wordpress\/ -->\n<title>Tabouret de bar ext\u00e9rieur Omer \u2013 Aluminium lava &amp; corde graphite \u2013 Diphano - Homeproject.fr<\/title>\n<meta name=\"robots\" content=\"index, follow, max-snippet:-1, max-image-preview:large, max-video-preview:-1\" \/>\n<link rel=\"canonical\" href=\"https:\/\/homeproject.fr\/fr\/produit\/tabouret-de-bar-exterieur-omer-aluminium-lava-corde-graphite-diphano\/\" \/>\n<meta property=\"og:locale\" content=\"fr_FR\" \/>\n<meta property=\"og:type\" content=\"article\" \/>\n<meta property=\"og:title\" content=\"Tabouret de bar ext\u00e9rieur Omer \u2013 Aluminium lava &amp; corde graphite \u2013 Diphano - Homeproject.fr\" \/>\n<meta property=\"og:description\" content=\"\u00c9levez le style de vos espaces ext\u00e9rieurs avec le tabouret de bar Omer sign\u00e9 Diphano, une assise haut de gamme pens\u00e9e pour conjuguer design contemporain, confort d\u2019assise \u00e9lev\u00e9 et r\u00e9sistance outdoor. Avec sa structure en aluminium lava (anthracite mat), son tressage raffin\u00e9 en corde synth\u00e9tique graphite, et ses coussins en tissu waterproof chestnut, ce tabouret de bar offre un look \u00e9l\u00e9gant et une excellente tenue en ext\u00e9rieur. Le dossier enveloppant et le repose-pieds int\u00e9gr\u00e9 assurent un maintien optimal pour vos moments de convivialit\u00e9 en terrasse, au bord d\u2019une piscine ou autour d\u2019un bar d\u2019ext\u00e9rieur.\" \/>\n<meta property=\"og:url\" content=\"https:\/\/homeproject.fr\/fr\/produit\/tabouret-de-bar-exterieur-omer-aluminium-lava-corde-graphite-diphano\/\" \/>\n<meta property=\"og:site_name\" content=\"Homeproject.fr\" \/>\n<meta property=\"article:modified_time\" content=\"2025-06-07T14:12:10+00:00\" \/>\n<meta property=\"og:image\" content=\"https:\/\/homeproject.fr\/fr\/wp-content\/uploads\/2025\/06\/Tabouret-de-bar-en-aluminium-anthracite-lava-et-corde-synthetique-Omer.jpg\" \/>\n\t<meta property=\"og:image:width\" content=\"1500\" \/>\n\t<meta property=\"og:image:height\" content=\"1500\" \/>\n\t<meta property=\"og:image:type\" content=\"image\/jpeg\" \/>\n<meta name=\"twitter:card\" content=\"summary_large_image\" \/>\n<meta name=\"twitter:label1\" content=\"Dur\u00e9e de lecture estim\u00e9e\" \/>\n\t<meta name=\"twitter:data1\" content=\"1 minute\" \/>\n<script type=\"application\/ld+json\" class=\"yoast-schema-graph\">{\"@context\":\"https:\\\/\\\/schema.org\",\"@graph\":[{\"@type\":\"WebPage\",\"@id\":\"https:\\\/\\\/homeproject.fr\\\/fr\\\/produit\\\/tabouret-de-bar-exterieur-omer-aluminium-lava-corde-graphite-diphano\\\/\",\"url\":\"https:\\\/\\\/homeproject.fr\\\/fr\\\/produit\\\/tabouret-de-bar-exterieur-omer-aluminium-lava-corde-graphite-diphano\\\/\",\"name\":\"Tabouret de bar ext\u00e9rieur Omer \u2013 Aluminium lava & corde graphite \u2013 Diphano - Homeproject.fr\",\"isPartOf\":{\"@id\":\"https:\\\/\\\/homeproject.fr\\\/fr\\\/#website\"},\"primaryImageOfPage\":{\"@id\":\"https:\\\/\\\/homeproject.fr\\\/fr\\\/produit\\\/tabouret-de-bar-exterieur-omer-aluminium-lava-corde-graphite-diphano\\\/#primaryimage\"},\"image\":{\"@id\":\"https:\\\/\\\/homeproject.fr\\\/fr\\\/produit\\\/tabouret-de-bar-exterieur-omer-aluminium-lava-corde-graphite-diphano\\\/#primaryimage\"},\"thumbnailUrl\":\"https:\\\/\\\/homeproject.fr\\\/fr\\\/wp-content\\\/uploads\\\/2025\\\/06\\\/Tabouret-de-bar-en-aluminium-anthracite-lava-et-corde-synthetique-Omer.jpg\",\"datePublished\":\"2025-06-07T14:09:10+00:00\",\"dateModified\":\"2025-06-07T14:12:10+00:00\",\"breadcrumb\":{\"@id\":\"https:\\\/\\\/homeproject.fr\\\/fr\\\/produit\\\/tabouret-de-bar-exterieur-omer-aluminium-lava-corde-graphite-diphano\\\/#breadcrumb\"},\"inLanguage\":\"fr-FR\",\"potentialAction\":[{\"@type\":\"ReadAction\",\"target\":[\"https:\\\/\\\/homeproject.fr\\\/fr\\\/produit\\\/tabouret-de-bar-exterieur-omer-aluminium-lava-corde-graphite-diphano\\\/\"]}]},{\"@type\":\"ImageObject\",\"inLanguage\":\"fr-FR\",\"@id\":\"https:\\\/\\\/homeproject.fr\\\/fr\\\/produit\\\/tabouret-de-bar-exterieur-omer-aluminium-lava-corde-graphite-diphano\\\/#primaryimage\",\"url\":\"https:\\\/\\\/homeproject.fr\\\/fr\\\/wp-content\\\/uploads\\\/2025\\\/06\\\/Tabouret-de-bar-en-aluminium-anthracite-lava-et-corde-synthetique-Omer.jpg\",\"contentUrl\":\"https:\\\/\\\/homeproject.fr\\\/fr\\\/wp-content\\\/uploads\\\/2025\\\/06\\\/Tabouret-de-bar-en-aluminium-anthracite-lava-et-corde-synthetique-Omer.jpg\",\"width\":1500,\"height\":1500},{\"@type\":\"BreadcrumbList\",\"@id\":\"https:\\\/\\\/homeproject.fr\\\/fr\\\/produit\\\/tabouret-de-bar-exterieur-omer-aluminium-lava-corde-graphite-diphano\\\/#breadcrumb\",\"itemListElement\":[{\"@type\":\"ListItem\",\"position\":1,\"name\":\"Accueil\",\"item\":\"https:\\\/\\\/homeproject.fr\\\/fr\\\/\"},{\"@type\":\"ListItem\",\"position\":2,\"name\":\"Boutique\",\"item\":\"https:\\\/\\\/homeproject.fr\\\/fr\\\/boutique\\\/\"},{\"@type\":\"ListItem\",\"position\":3,\"name\":\"Tabouret de bar ext\u00e9rieur Omer \u2013 Aluminium lava &#038; corde graphite \u2013 Diphano\"}]},{\"@type\":\"WebSite\",\"@id\":\"https:\\\/\\\/homeproject.fr\\\/fr\\\/#website\",\"url\":\"https:\\\/\\\/homeproject.fr\\\/fr\\\/\",\"name\":\"Homeproject.fr\",\"description\":\"Offrez l&#039;exceptionnel \u00e0 vos espaces \u00e0 vivre\",\"publisher\":{\"@id\":\"https:\\\/\\\/homeproject.fr\\\/fr\\\/#organization\"},\"potentialAction\":[{\"@type\":\"SearchAction\",\"target\":{\"@type\":\"EntryPoint\",\"urlTemplate\":\"https:\\\/\\\/homeproject.fr\\\/fr\\\/?s={search_term_string}\"},\"query-input\":{\"@type\":\"PropertyValueSpecification\",\"valueRequired\":true,\"valueName\":\"search_term_string\"}}],\"inLanguage\":\"fr-FR\"},{\"@type\":\"Organization\",\"@id\":\"https:\\\/\\\/homeproject.fr\\\/fr\\\/#organization\",\"name\":\"Homeproject.fr\",\"url\":\"https:\\\/\\\/homeproject.fr\\\/fr\\\/\",\"logo\":{\"@type\":\"ImageObject\",\"inLanguage\":\"fr-FR\",\"@id\":\"https:\\\/\\\/homeproject.fr\\\/fr\\\/#\\\/schema\\\/logo\\\/image\\\/\",\"url\":\"https:\\\/\\\/homeproject.fr\\\/fr\\\/wp-content\\\/uploads\\\/2024\\\/12\\\/Logo_HomeProject-noir-2.png\",\"contentUrl\":\"https:\\\/\\\/homeproject.fr\\\/fr\\\/wp-content\\\/uploads\\\/2024\\\/12\\\/Logo_HomeProject-noir-2.png\",\"width\":300,\"height\":91,\"caption\":\"Homeproject.fr\"},\"image\":{\"@id\":\"https:\\\/\\\/homeproject.fr\\\/fr\\\/#\\\/schema\\\/logo\\\/image\\\/\"}}]}<\/script>\n<!-- \/ Yoast SEO plugin. -->","yoast_head_json":{"title":"Tabouret de bar ext\u00e9rieur Omer \u2013 Aluminium lava & corde graphite \u2013 Diphano - Homeproject.fr","robots":{"index":"index","follow":"follow","max-snippet":"max-snippet:-1","max-image-preview":"max-image-preview:large","max-video-preview":"max-video-preview:-1"},"canonical":"https:\/\/homeproject.fr\/fr\/produit\/tabouret-de-bar-exterieur-omer-aluminium-lava-corde-graphite-diphano\/","og_locale":"fr_FR","og_type":"article","og_title":"Tabouret de bar ext\u00e9rieur Omer \u2013 Aluminium lava & corde graphite \u2013 Diphano - Homeproject.fr","og_description":"\u00c9levez le style de vos espaces ext\u00e9rieurs avec le tabouret de bar Omer sign\u00e9 Diphano, une assise haut de gamme pens\u00e9e pour conjuguer design contemporain, confort d\u2019assise \u00e9lev\u00e9 et r\u00e9sistance outdoor. Avec sa structure en aluminium lava (anthracite mat), son tressage raffin\u00e9 en corde synth\u00e9tique graphite, et ses coussins en tissu waterproof chestnut, ce tabouret de bar offre un look \u00e9l\u00e9gant et une excellente tenue en ext\u00e9rieur. Le dossier enveloppant et le repose-pieds int\u00e9gr\u00e9 assurent un maintien optimal pour vos moments de convivialit\u00e9 en terrasse, au bord d\u2019une piscine ou autour d\u2019un bar d\u2019ext\u00e9rieur.","og_url":"https:\/\/homeproject.fr\/fr\/produit\/tabouret-de-bar-exterieur-omer-aluminium-lava-corde-graphite-diphano\/","og_site_name":"Homeproject.fr","article_modified_time":"2025-06-07T14:12:10+00:00","og_image":[{"width":1500,"height":1500,"url":"https:\/\/homeproject.fr\/fr\/wp-content\/uploads\/2025\/06\/Tabouret-de-bar-en-aluminium-anthracite-lava-et-corde-synthetique-Omer.jpg","type":"image\/jpeg"}],"twitter_card":"summary_large_image","twitter_misc":{"Dur\u00e9e de lecture estim\u00e9e":"1 minute"},"schema":{"@context":"https:\/\/schema.org","@graph":[{"@type":"WebPage","@id":"https:\/\/homeproject.fr\/fr\/produit\/tabouret-de-bar-exterieur-omer-aluminium-lava-corde-graphite-diphano\/","url":"https:\/\/homeproject.fr\/fr\/produit\/tabouret-de-bar-exterieur-omer-aluminium-lava-corde-graphite-diphano\/","name":"Tabouret de bar ext\u00e9rieur Omer \u2013 Aluminium lava & corde graphite \u2013 Diphano - Homeproject.fr","isPartOf":{"@id":"https:\/\/homeproject.fr\/fr\/#website"},"primaryImageOfPage":{"@id":"https:\/\/homeproject.fr\/fr\/produit\/tabouret-de-bar-exterieur-omer-aluminium-lava-corde-graphite-diphano\/#primaryimage"},"image":{"@id":"https:\/\/homeproject.fr\/fr\/produit\/tabouret-de-bar-exterieur-omer-aluminium-lava-corde-graphite-diphano\/#primaryimage"},"thumbnailUrl":"https:\/\/homeproject.fr\/fr\/wp-content\/uploads\/2025\/06\/Tabouret-de-bar-en-aluminium-anthracite-lava-et-corde-synthetique-Omer.jpg","datePublished":"2025-06-07T14:09:10+00:00","dateModified":"2025-06-07T14:12:10+00:00","breadcrumb":{"@id":"https:\/\/homeproject.fr\/fr\/produit\/tabouret-de-bar-exterieur-omer-aluminium-lava-corde-graphite-diphano\/#breadcrumb"},"inLanguage":"fr-FR","potentialAction":[{"@type":"ReadAction","target":["https:\/\/homeproject.fr\/fr\/produit\/tabouret-de-bar-exterieur-omer-aluminium-lava-corde-graphite-diphano\/"]}]},{"@type":"ImageObject","inLanguage":"fr-FR","@id":"https:\/\/homeproject.fr\/fr\/produit\/tabouret-de-bar-exterieur-omer-aluminium-lava-corde-graphite-diphano\/#primaryimage","url":"https:\/\/homeproject.fr\/fr\/wp-content\/uploads\/2025\/06\/Tabouret-de-bar-en-aluminium-anthracite-lava-et-corde-synthetique-Omer.jpg","contentUrl":"https:\/\/homeproject.fr\/fr\/wp-content\/uploads\/2025\/06\/Tabouret-de-bar-en-aluminium-anthracite-lava-et-corde-synthetique-Omer.jpg","width":1500,"height":1500},{"@type":"BreadcrumbList","@id":"https:\/\/homeproject.fr\/fr\/produit\/tabouret-de-bar-exterieur-omer-aluminium-lava-corde-graphite-diphano\/#breadcrumb","itemListElement":[{"@type":"ListItem","position":1,"name":"Accueil","item":"https:\/\/homeproject.fr\/fr\/"},{"@type":"ListItem","position":2,"name":"Boutique","item":"https:\/\/homeproject.fr\/fr\/boutique\/"},{"@type":"ListItem","position":3,"name":"Tabouret de bar ext\u00e9rieur Omer \u2013 Aluminium lava &#038; corde graphite \u2013 Diphano"}]},{"@type":"WebSite","@id":"https:\/\/homeproject.fr\/fr\/#website","url":"https:\/\/homeproject.fr\/fr\/","name":"Homeproject.fr","description":"Offrez l&#039;exceptionnel \u00e0 vos espaces \u00e0 vivre","publisher":{"@id":"https:\/\/homeproject.fr\/fr\/#organization"},"potentialAction":[{"@type":"SearchAction","target":{"@type":"EntryPoint","urlTemplate":"https:\/\/homeproject.fr\/fr\/?s={search_term_string}"},"query-input":{"@type":"PropertyValueSpecification","valueRequired":true,"valueName":"search_term_string"}}],"inLanguage":"fr-FR"},{"@type":"Organization","@id":"https:\/\/homeproject.fr\/fr\/#organization","name":"Homeproject.fr","url":"https:\/\/homeproject.fr\/fr\/","logo":{"@type":"ImageObject","inLanguage":"fr-FR","@id":"https:\/\/homeproject.fr\/fr\/#\/schema\/logo\/image\/","url":"https:\/\/homeproject.fr\/fr\/wp-content\/uploads\/2024\/12\/Logo_HomeProject-noir-2.png","contentUrl":"https:\/\/homeproject.fr\/fr\/wp-content\/uploads\/2024\/12\/Logo_HomeProject-noir-2.png","width":300,"height":91,"caption":"Homeproject.fr"},"image":{"@id":"https:\/\/homeproject.fr\/fr\/#\/schema\/logo\/image\/"}}]}},"_links":{"self":[{"href":"https:\/\/homeproject.fr\/fr\/wp-json\/wp\/v2\/product\/14314","targetHints":{"allow":["GET"]}}],"collection":[{"href":"https:\/\/homeproject.fr\/fr\/wp-json\/wp\/v2\/product"}],"about":[{"href":"https:\/\/homeproject.fr\/fr\/wp-json\/wp\/v2\/types\/product"}],"version-history":[{"count":1,"href":"https:\/\/homeproject.fr\/fr\/wp-json\/wp\/v2\/product\/14314\/revisions"}],"predecessor-version":[{"id":14315,"href":"https:\/\/homeproject.fr\/fr\/wp-json\/wp\/v2\/product\/14314\/revisions\/14315"}],"wp:featuredmedia":[{"embeddable":true,"href":"https:\/\/homeproject.fr\/fr\/wp-json\/wp\/v2\/media\/14316"}],"wp:attachment":[{"href":"https:\/\/homeproject.fr\/fr\/wp-json\/wp\/v2\/media?parent=14314"}],"wp:term":[{"taxonomy":"product_brand","embeddable":true,"href":"https:\/\/homeproject.fr\/fr\/wp-json\/wp\/v2\/product_brand?post=14314"},{"taxonomy":"product_cat","embeddable":true,"href":"https:\/\/homeproject.fr\/fr\/wp-json\/wp\/v2\/product_cat?post=14314"},{"taxonomy":"product_tag","embeddable":true,"href":"https:\/\/homeproject.fr\/fr\/wp-json\/wp\/v2\/product_tag?post=14314"}],"curies":[{"name":"wp","href":"https:\/\/api.w.org\/{rel}","templated":true}]}}