{"id":13783,"date":"2025-06-07T13:28:39","date_gmt":"2025-06-07T13:28:39","guid":{"rendered":"https:\/\/homeproject.fr\/fr\/?post_type=product&#038;p=13783"},"modified":"2025-06-07T13:48:57","modified_gmt":"2025-06-07T13:48:57","slug":"lot-de-2-fauteuils-de-repas-exterieurs-omer-aluminium-lava-corde-graphite-diphano","status":"publish","type":"product","link":"https:\/\/homeproject.fr\/fr\/produit\/lot-de-2-fauteuils-de-repas-exterieurs-omer-aluminium-lava-corde-graphite-diphano\/","title":{"rendered":"Lot de 2 fauteuils de repas ext\u00e9rieurs Omer \u2013 Aluminium lava &#038; corde graphite \u2013 Diphano"},"content":{"rendered":"<h4 data-start=\"1010\" data-end=\"1044\">Caract\u00e9ristiques techniques :<\/h4>\n<ul data-start=\"1045\" data-end=\"1379\">\n<li data-start=\"1045\" data-end=\"1103\">\n<p data-start=\"1047\" data-end=\"1103\"><strong data-start=\"1047\" data-end=\"1062\">Structure :<\/strong> Aluminium finition lava (anthracite mat)<\/p>\n<\/li>\n<li data-start=\"1104\" data-end=\"1167\">\n<p data-start=\"1106\" data-end=\"1167\"><strong data-start=\"1106\" data-end=\"1122\">Rev\u00eatement :<\/strong> Corde synth\u00e9tique graphite r\u00e9sistante aux UV<\/p>\n<\/li>\n<li data-start=\"1168\" data-end=\"1240\">\n<p data-start=\"1170\" data-end=\"1240\"><strong data-start=\"1170\" data-end=\"1184\">Coussins :<\/strong> Tissu waterproof coloris chestnut, avec fixation velcro<\/p>\n<\/li>\n<li data-start=\"1241\" data-end=\"1285\">\n<p data-start=\"1243\" data-end=\"1285\"><strong data-start=\"1243\" data-end=\"1259\">Dimensions :<\/strong> L 60 x P 62,5 x H 76 cm<\/p>\n<\/li>\n<li data-start=\"1286\" data-end=\"1318\">\n<p data-start=\"1288\" data-end=\"1318\"><strong data-start=\"1288\" data-end=\"1310\">Hauteur d\u2019assise :<\/strong> 43,5 cm<\/p>\n<\/li>\n<\/ul>\n<h4 data-start=\"1381\" data-end=\"1400\">Points forts :<\/h4>\n<ul data-start=\"1401\" data-end=\"1594\">\n<li data-start=\"1401\" data-end=\"1435\">\n<p data-start=\"1403\" data-end=\"1435\">Design minimaliste et intemporel<\/p>\n<\/li>\n<li data-start=\"1436\" data-end=\"1498\">\n<p data-start=\"1438\" data-end=\"1498\">Mat\u00e9riaux outdoor r\u00e9sistants \u00e0 l\u2019humidit\u00e9 et aux intemp\u00e9ries<\/p>\n<\/li>\n<li data-start=\"1499\" data-end=\"1545\">\n<p data-start=\"1501\" data-end=\"1545\">Confort enveloppant gr\u00e2ce au dossier incurv\u00e9<\/p>\n<\/li>\n<li data-start=\"1546\" data-end=\"1594\">\n<p data-start=\"1548\" data-end=\"1594\">Fauteuil l\u00e9ger, empilable et facile \u00e0 d\u00e9placer<\/p>\n<\/li>\n<\/ul>\n<p data-start=\"1596\" data-end=\"1796\">Le <strong data-start=\"1599\" data-end=\"1625\">fauteuil de repas Omer<\/strong> s\u2019int\u00e8gre parfaitement \u00e0 tous les univers de mobilier d\u2019ext\u00e9rieur haut de gamme. Associez-le \u00e0 une table Diphano pour une ambiance chic et harmonieuse sur votre terrasse.<\/p>\n<hr data-start=\"1798\" data-end=\"1801\" \/>\n<p><strong style=\"font-family: inherit; font-size: 30px;\">Vous avez des questions ?<\/strong><\/p>\n<style id=\"wpforms-css-vars-3675\">\n\t\t\t\t#wpforms-3675 {\n\t\t\t\t\n\t\t\t}\n\t\t\t<\/style><div class=\"wpforms-container wpforms-container-full wpforms-render-modern\" id=\"wpforms-3675\"><form id=\"wpforms-form-3675\" class=\"wpforms-validate wpforms-form wpforms-ajax-form\" data-formid=\"3675\" method=\"post\" enctype=\"multipart\/form-data\" action=\"\/fr\/wp-json\/wp\/v2\/product\/13783\" data-token=\"2921a7ac3408d834be151983965c4ab3\" data-token-time=\"1777941923\"><noscript class=\"wpforms-error-noscript\">Veuillez activer JavaScript dans votre navigateur pour remplir ce formulaire.<\/noscript><div id=\"wpforms-error-noscript\" style=\"display: none;\">Veuillez activer JavaScript dans votre navigateur pour remplir ce formulaire.<\/div><div class=\"wpforms-field-container\"><div id=\"wpforms-3675-field_3-container\" class=\"wpforms-field wpforms-field-name\" data-field-id=\"3\"><fieldset><legend class=\"wpforms-field-label\">Nom <span class=\"wpforms-required-label\" aria-hidden=\"true\">*<\/span><\/legend><div class=\"wpforms-field-row wpforms-field-medium\"><div class=\"wpforms-field-row-block wpforms-first wpforms-one-half\"><input type=\"text\" id=\"wpforms-3675-field_3\" class=\"wpforms-field-name-first wpforms-field-required\" name=\"wpforms[fields][3][first]\" aria-errormessage=\"wpforms-3675-field_3-error\" required><label for=\"wpforms-3675-field_3\" class=\"wpforms-field-sublabel after\">Pr\u00e9nom<\/label><\/div><div class=\"wpforms-field-row-block wpforms-one-half\"><input type=\"text\" id=\"wpforms-3675-field_3-last\" class=\"wpforms-field-name-last wpforms-field-required\" name=\"wpforms[fields][3][last]\" aria-errormessage=\"wpforms-3675-field_3-last-error\" required><label for=\"wpforms-3675-field_3-last\" class=\"wpforms-field-sublabel after\">Nom<\/label><\/div><\/div><\/fieldset><\/div>\t\t<div id=\"wpforms-3675-field_1-container\"\n\t\t\tclass=\"wpforms-field wpforms-field-text\"\n\t\t\tdata-field-type=\"text\"\n\t\t\tdata-field-id=\"1\"\n\t\t\t>\n\t\t\t<label class=\"wpforms-field-label\" for=\"wpforms-3675-field_1\" >E-mail Nom Message<\/label>\n\t\t\t<input type=\"text\" id=\"wpforms-3675-field_1\" class=\"wpforms-field-medium\" name=\"wpforms[fields][1]\" >\n\t\t<\/div>\n\t\t<div id=\"wpforms-3675-field_4-container\" class=\"wpforms-field wpforms-field-email\" data-field-id=\"4\"><label class=\"wpforms-field-label\" for=\"wpforms-3675-field_4\">E-mail <span class=\"wpforms-required-label\" aria-hidden=\"true\">*<\/span><\/label><input type=\"email\" id=\"wpforms-3675-field_4\" class=\"wpforms-field-medium wpforms-field-required\" name=\"wpforms[fields][4]\" spellcheck=\"false\" aria-errormessage=\"wpforms-3675-field_4-error\" required><\/div><div id=\"wpforms-3675-field_5-container\" class=\"wpforms-field wpforms-field-textarea\" data-field-id=\"5\"><label class=\"wpforms-field-label\" for=\"wpforms-3675-field_5\">Message <span class=\"wpforms-required-label\" aria-hidden=\"true\">*<\/span><\/label><textarea id=\"wpforms-3675-field_5\" class=\"wpforms-field-medium wpforms-field-required\" name=\"wpforms[fields][5]\" aria-errormessage=\"wpforms-3675-field_5-error\" required><\/textarea><\/div><script>\n\t\t\t\t( function() {\n\t\t\t\t\tconst style = document.createElement( 'style' );\n\t\t\t\t\tstyle.appendChild( document.createTextNode( '#wpforms-3675-field_1-container { position: absolute !important; overflow: hidden !important; display: inline !important; height: 1px !important; width: 1px !important; z-index: -1000 !important; padding: 0 !important; } #wpforms-3675-field_1-container input { visibility: hidden; } #wpforms-conversational-form-page #wpforms-3675-field_1-container label { counter-increment: none; }' ) );\n\t\t\t\t\tdocument.head.appendChild( style );\n\t\t\t\t\tdocument.currentScript?.remove();\n\t\t\t\t} )();\n\t\t\t<\/script><\/div><!-- .wpforms-field-container --><div class=\"wpforms-submit-container\" ><input type=\"hidden\" name=\"wpforms[id]\" value=\"3675\"><input type=\"hidden\" name=\"page_title\" value=\"\"><input type=\"hidden\" name=\"page_url\" value=\"https:\/\/homeproject.fr\/fr\/wp-json\/wp\/v2\/product\/13783\"><input type=\"hidden\" name=\"url_referer\" value=\"\"><button type=\"submit\" name=\"wpforms[submit]\" id=\"wpforms-submit-3675\" class=\"wpforms-submit\" data-alt-text=\"Envoi...\" data-submit-text=\"Envoyer\" aria-live=\"assertive\" value=\"wpforms-submit\">Envoyer<\/button><img decoding=\"async\" src=\"https:\/\/homeproject.fr\/fr\/wp-content\/plugins\/wpforms-lite\/assets\/images\/submit-spin.svg\" class=\"wpforms-submit-spinner\" style=\"display: none;\" width=\"26\" height=\"26\" alt=\"Chargement en cours\"><\/div><\/form><\/div>  <!-- .wpforms-container -->\n","protected":false},"excerpt":{"rendered":"<p data-start=\"223\" data-end=\"490\">Apportez une touche d\u2019\u00e9l\u00e9gance et de modernit\u00e9 \u00e0 votre espace repas ext\u00e9rieur avec le <strong data-start=\"309\" data-end=\"336\">fauteuil de jardin Omer<\/strong> sign\u00e9 <strong data-start=\"343\" data-end=\"354\">Diphano<\/strong>. Ce mod\u00e8le allie <strong data-start=\"372\" data-end=\"395\">design contemporain<\/strong>, <strong data-start=\"397\" data-end=\"416\">confort optimal<\/strong> et <strong data-start=\"420\" data-end=\"447\">mat\u00e9riaux haut de gamme<\/strong> pour une utilisation durable en ext\u00e9rieur.<\/p>\n<p data-start=\"492\" data-end=\"854\">Sa <strong data-start=\"495\" data-end=\"547\">structure en aluminium coloris lava (anthracite)<\/strong> assure robustesse et l\u00e9g\u00e8ret\u00e9, tandis que son rev\u00eatement en <strong data-start=\"608\" data-end=\"638\">corde synth\u00e9tique graphite<\/strong> tress\u00e9e cr\u00e9e une silhouette a\u00e9rienne, \u00e0 la fois moderne et chaleureuse. L\u2019assise est agr\u00e9ment\u00e9e d\u2019un <strong data-start=\"740\" data-end=\"777\">coussin moelleux coloris chestnut<\/strong>, r\u00e9sistant \u00e0 l\u2019eau, d\u00e9perlant et fix\u00e9 par <strong data-start=\"820\" data-end=\"830\">velcro<\/strong> pour plus de praticit\u00e9.<\/p>\n<p data-start=\"856\" data-end=\"1008\">Id\u00e9al pour accompagner une table de repas sur une terrasse, un balcon ou dans un jardin contemporain, ce fauteuil conjugue esth\u00e9tique et fonctionnalit\u00e9.<\/p>\n","protected":false},"featured_media":14288,"template":"","meta":{"_uf_show_specific_survey":0,"_uf_disable_surveys":false,"iawp_total_views":3},"product_brand":[518],"product_cat":[164],"product_tag":[],"class_list":{"0":"post-13783","1":"product","2":"type-product","3":"status-publish","4":"has-post-thumbnail","6":"product_brand-diphano","7":"product_cat-chaises-exterieures","8":"product_shipping_class-gros-colis-messagerie","9":"pa_collection-omer-par-diphano","10":"pa_marque-diphano","11":"pa_materiau-aluminium","13":"first","14":"instock","15":"taxable","16":"shipping-taxable","17":"purchasable","18":"product-type-simple"},"yoast_head":"<!-- This site is optimized with the Yoast SEO plugin v27.5 - https:\/\/yoast.com\/product\/yoast-seo-wordpress\/ -->\n<title>Lot de 2 fauteuils de repas ext\u00e9rieurs Omer \u2013 Aluminium lava &amp; corde graphite \u2013 Diphano - Homeproject.fr<\/title>\n<meta name=\"robots\" content=\"index, follow, max-snippet:-1, max-image-preview:large, max-video-preview:-1\" \/>\n<link rel=\"canonical\" href=\"https:\/\/homeproject.fr\/fr\/produit\/lot-de-2-fauteuils-de-repas-exterieurs-omer-aluminium-lava-corde-graphite-diphano\/\" \/>\n<meta property=\"og:locale\" content=\"fr_FR\" \/>\n<meta property=\"og:type\" content=\"article\" \/>\n<meta property=\"og:title\" content=\"Lot de 2 fauteuils de repas ext\u00e9rieurs Omer \u2013 Aluminium lava &amp; corde graphite \u2013 Diphano - Homeproject.fr\" \/>\n<meta property=\"og:description\" content=\"Apportez une touche d\u2019\u00e9l\u00e9gance et de modernit\u00e9 \u00e0 votre espace repas ext\u00e9rieur avec le fauteuil de jardin Omer sign\u00e9 Diphano. Ce mod\u00e8le allie design contemporain, confort optimal et mat\u00e9riaux haut de gamme pour une utilisation durable en ext\u00e9rieur. Sa structure en aluminium coloris lava (anthracite) assure robustesse et l\u00e9g\u00e8ret\u00e9, tandis que son rev\u00eatement en corde synth\u00e9tique graphite tress\u00e9e cr\u00e9e une silhouette a\u00e9rienne, \u00e0 la fois moderne et chaleureuse. L\u2019assise est agr\u00e9ment\u00e9e d\u2019un coussin moelleux coloris chestnut, r\u00e9sistant \u00e0 l\u2019eau, d\u00e9perlant et fix\u00e9 par velcro pour plus de praticit\u00e9. Id\u00e9al pour accompagner une table de repas sur une terrasse, un balcon ou dans un jardin contemporain, ce fauteuil conjugue esth\u00e9tique et fonctionnalit\u00e9.\" \/>\n<meta property=\"og:url\" content=\"https:\/\/homeproject.fr\/fr\/produit\/lot-de-2-fauteuils-de-repas-exterieurs-omer-aluminium-lava-corde-graphite-diphano\/\" \/>\n<meta property=\"og:site_name\" content=\"Homeproject.fr\" \/>\n<meta property=\"article:modified_time\" content=\"2025-06-07T13:48:57+00:00\" \/>\n<meta property=\"og:image\" content=\"https:\/\/homeproject.fr\/fr\/wp-content\/uploads\/2025\/06\/Fauteuil-de-repas-en-aluminium-anthracite-lava-et-corde-synthetique-Omer.jpg\" \/>\n\t<meta property=\"og:image:width\" content=\"1500\" \/>\n\t<meta property=\"og:image:height\" content=\"1500\" \/>\n\t<meta property=\"og:image:type\" content=\"image\/jpeg\" \/>\n<meta name=\"twitter:card\" content=\"summary_large_image\" \/>\n<meta name=\"twitter:label1\" content=\"Dur\u00e9e de lecture estim\u00e9e\" \/>\n\t<meta name=\"twitter:data1\" content=\"1 minute\" \/>\n<script type=\"application\/ld+json\" class=\"yoast-schema-graph\">{\"@context\":\"https:\\\/\\\/schema.org\",\"@graph\":[{\"@type\":\"WebPage\",\"@id\":\"https:\\\/\\\/homeproject.fr\\\/fr\\\/produit\\\/lot-de-2-fauteuils-de-repas-exterieurs-omer-aluminium-lava-corde-graphite-diphano\\\/\",\"url\":\"https:\\\/\\\/homeproject.fr\\\/fr\\\/produit\\\/lot-de-2-fauteuils-de-repas-exterieurs-omer-aluminium-lava-corde-graphite-diphano\\\/\",\"name\":\"Lot de 2 fauteuils de repas ext\u00e9rieurs Omer \u2013 Aluminium lava & corde graphite \u2013 Diphano - Homeproject.fr\",\"isPartOf\":{\"@id\":\"https:\\\/\\\/homeproject.fr\\\/fr\\\/#website\"},\"primaryImageOfPage\":{\"@id\":\"https:\\\/\\\/homeproject.fr\\\/fr\\\/produit\\\/lot-de-2-fauteuils-de-repas-exterieurs-omer-aluminium-lava-corde-graphite-diphano\\\/#primaryimage\"},\"image\":{\"@id\":\"https:\\\/\\\/homeproject.fr\\\/fr\\\/produit\\\/lot-de-2-fauteuils-de-repas-exterieurs-omer-aluminium-lava-corde-graphite-diphano\\\/#primaryimage\"},\"thumbnailUrl\":\"https:\\\/\\\/homeproject.fr\\\/fr\\\/wp-content\\\/uploads\\\/2025\\\/06\\\/Fauteuil-de-repas-en-aluminium-anthracite-lava-et-corde-synthetique-Omer.jpg\",\"datePublished\":\"2025-06-07T13:28:39+00:00\",\"dateModified\":\"2025-06-07T13:48:57+00:00\",\"breadcrumb\":{\"@id\":\"https:\\\/\\\/homeproject.fr\\\/fr\\\/produit\\\/lot-de-2-fauteuils-de-repas-exterieurs-omer-aluminium-lava-corde-graphite-diphano\\\/#breadcrumb\"},\"inLanguage\":\"fr-FR\",\"potentialAction\":[{\"@type\":\"ReadAction\",\"target\":[\"https:\\\/\\\/homeproject.fr\\\/fr\\\/produit\\\/lot-de-2-fauteuils-de-repas-exterieurs-omer-aluminium-lava-corde-graphite-diphano\\\/\"]}]},{\"@type\":\"ImageObject\",\"inLanguage\":\"fr-FR\",\"@id\":\"https:\\\/\\\/homeproject.fr\\\/fr\\\/produit\\\/lot-de-2-fauteuils-de-repas-exterieurs-omer-aluminium-lava-corde-graphite-diphano\\\/#primaryimage\",\"url\":\"https:\\\/\\\/homeproject.fr\\\/fr\\\/wp-content\\\/uploads\\\/2025\\\/06\\\/Fauteuil-de-repas-en-aluminium-anthracite-lava-et-corde-synthetique-Omer.jpg\",\"contentUrl\":\"https:\\\/\\\/homeproject.fr\\\/fr\\\/wp-content\\\/uploads\\\/2025\\\/06\\\/Fauteuil-de-repas-en-aluminium-anthracite-lava-et-corde-synthetique-Omer.jpg\",\"width\":1500,\"height\":1500},{\"@type\":\"BreadcrumbList\",\"@id\":\"https:\\\/\\\/homeproject.fr\\\/fr\\\/produit\\\/lot-de-2-fauteuils-de-repas-exterieurs-omer-aluminium-lava-corde-graphite-diphano\\\/#breadcrumb\",\"itemListElement\":[{\"@type\":\"ListItem\",\"position\":1,\"name\":\"Accueil\",\"item\":\"https:\\\/\\\/homeproject.fr\\\/fr\\\/\"},{\"@type\":\"ListItem\",\"position\":2,\"name\":\"Boutique\",\"item\":\"https:\\\/\\\/homeproject.fr\\\/fr\\\/boutique\\\/\"},{\"@type\":\"ListItem\",\"position\":3,\"name\":\"Lot de 2 fauteuils de repas ext\u00e9rieurs Omer \u2013 Aluminium lava &#038; corde graphite \u2013 Diphano\"}]},{\"@type\":\"WebSite\",\"@id\":\"https:\\\/\\\/homeproject.fr\\\/fr\\\/#website\",\"url\":\"https:\\\/\\\/homeproject.fr\\\/fr\\\/\",\"name\":\"Homeproject.fr\",\"description\":\"Offrez l&#039;exceptionnel \u00e0 vos espaces \u00e0 vivre\",\"publisher\":{\"@id\":\"https:\\\/\\\/homeproject.fr\\\/fr\\\/#organization\"},\"potentialAction\":[{\"@type\":\"SearchAction\",\"target\":{\"@type\":\"EntryPoint\",\"urlTemplate\":\"https:\\\/\\\/homeproject.fr\\\/fr\\\/?s={search_term_string}\"},\"query-input\":{\"@type\":\"PropertyValueSpecification\",\"valueRequired\":true,\"valueName\":\"search_term_string\"}}],\"inLanguage\":\"fr-FR\"},{\"@type\":\"Organization\",\"@id\":\"https:\\\/\\\/homeproject.fr\\\/fr\\\/#organization\",\"name\":\"Homeproject.fr\",\"url\":\"https:\\\/\\\/homeproject.fr\\\/fr\\\/\",\"logo\":{\"@type\":\"ImageObject\",\"inLanguage\":\"fr-FR\",\"@id\":\"https:\\\/\\\/homeproject.fr\\\/fr\\\/#\\\/schema\\\/logo\\\/image\\\/\",\"url\":\"https:\\\/\\\/homeproject.fr\\\/fr\\\/wp-content\\\/uploads\\\/2024\\\/12\\\/Logo_HomeProject-noir-2.png\",\"contentUrl\":\"https:\\\/\\\/homeproject.fr\\\/fr\\\/wp-content\\\/uploads\\\/2024\\\/12\\\/Logo_HomeProject-noir-2.png\",\"width\":300,\"height\":91,\"caption\":\"Homeproject.fr\"},\"image\":{\"@id\":\"https:\\\/\\\/homeproject.fr\\\/fr\\\/#\\\/schema\\\/logo\\\/image\\\/\"}}]}<\/script>\n<!-- \/ Yoast SEO plugin. -->","yoast_head_json":{"title":"Lot de 2 fauteuils de repas ext\u00e9rieurs Omer \u2013 Aluminium lava & corde graphite \u2013 Diphano - Homeproject.fr","robots":{"index":"index","follow":"follow","max-snippet":"max-snippet:-1","max-image-preview":"max-image-preview:large","max-video-preview":"max-video-preview:-1"},"canonical":"https:\/\/homeproject.fr\/fr\/produit\/lot-de-2-fauteuils-de-repas-exterieurs-omer-aluminium-lava-corde-graphite-diphano\/","og_locale":"fr_FR","og_type":"article","og_title":"Lot de 2 fauteuils de repas ext\u00e9rieurs Omer \u2013 Aluminium lava & corde graphite \u2013 Diphano - Homeproject.fr","og_description":"Apportez une touche d\u2019\u00e9l\u00e9gance et de modernit\u00e9 \u00e0 votre espace repas ext\u00e9rieur avec le fauteuil de jardin Omer sign\u00e9 Diphano. Ce mod\u00e8le allie design contemporain, confort optimal et mat\u00e9riaux haut de gamme pour une utilisation durable en ext\u00e9rieur. Sa structure en aluminium coloris lava (anthracite) assure robustesse et l\u00e9g\u00e8ret\u00e9, tandis que son rev\u00eatement en corde synth\u00e9tique graphite tress\u00e9e cr\u00e9e une silhouette a\u00e9rienne, \u00e0 la fois moderne et chaleureuse. L\u2019assise est agr\u00e9ment\u00e9e d\u2019un coussin moelleux coloris chestnut, r\u00e9sistant \u00e0 l\u2019eau, d\u00e9perlant et fix\u00e9 par velcro pour plus de praticit\u00e9. Id\u00e9al pour accompagner une table de repas sur une terrasse, un balcon ou dans un jardin contemporain, ce fauteuil conjugue esth\u00e9tique et fonctionnalit\u00e9.","og_url":"https:\/\/homeproject.fr\/fr\/produit\/lot-de-2-fauteuils-de-repas-exterieurs-omer-aluminium-lava-corde-graphite-diphano\/","og_site_name":"Homeproject.fr","article_modified_time":"2025-06-07T13:48:57+00:00","og_image":[{"width":1500,"height":1500,"url":"https:\/\/homeproject.fr\/fr\/wp-content\/uploads\/2025\/06\/Fauteuil-de-repas-en-aluminium-anthracite-lava-et-corde-synthetique-Omer.jpg","type":"image\/jpeg"}],"twitter_card":"summary_large_image","twitter_misc":{"Dur\u00e9e de lecture estim\u00e9e":"1 minute"},"schema":{"@context":"https:\/\/schema.org","@graph":[{"@type":"WebPage","@id":"https:\/\/homeproject.fr\/fr\/produit\/lot-de-2-fauteuils-de-repas-exterieurs-omer-aluminium-lava-corde-graphite-diphano\/","url":"https:\/\/homeproject.fr\/fr\/produit\/lot-de-2-fauteuils-de-repas-exterieurs-omer-aluminium-lava-corde-graphite-diphano\/","name":"Lot de 2 fauteuils de repas ext\u00e9rieurs Omer \u2013 Aluminium lava & corde graphite \u2013 Diphano - Homeproject.fr","isPartOf":{"@id":"https:\/\/homeproject.fr\/fr\/#website"},"primaryImageOfPage":{"@id":"https:\/\/homeproject.fr\/fr\/produit\/lot-de-2-fauteuils-de-repas-exterieurs-omer-aluminium-lava-corde-graphite-diphano\/#primaryimage"},"image":{"@id":"https:\/\/homeproject.fr\/fr\/produit\/lot-de-2-fauteuils-de-repas-exterieurs-omer-aluminium-lava-corde-graphite-diphano\/#primaryimage"},"thumbnailUrl":"https:\/\/homeproject.fr\/fr\/wp-content\/uploads\/2025\/06\/Fauteuil-de-repas-en-aluminium-anthracite-lava-et-corde-synthetique-Omer.jpg","datePublished":"2025-06-07T13:28:39+00:00","dateModified":"2025-06-07T13:48:57+00:00","breadcrumb":{"@id":"https:\/\/homeproject.fr\/fr\/produit\/lot-de-2-fauteuils-de-repas-exterieurs-omer-aluminium-lava-corde-graphite-diphano\/#breadcrumb"},"inLanguage":"fr-FR","potentialAction":[{"@type":"ReadAction","target":["https:\/\/homeproject.fr\/fr\/produit\/lot-de-2-fauteuils-de-repas-exterieurs-omer-aluminium-lava-corde-graphite-diphano\/"]}]},{"@type":"ImageObject","inLanguage":"fr-FR","@id":"https:\/\/homeproject.fr\/fr\/produit\/lot-de-2-fauteuils-de-repas-exterieurs-omer-aluminium-lava-corde-graphite-diphano\/#primaryimage","url":"https:\/\/homeproject.fr\/fr\/wp-content\/uploads\/2025\/06\/Fauteuil-de-repas-en-aluminium-anthracite-lava-et-corde-synthetique-Omer.jpg","contentUrl":"https:\/\/homeproject.fr\/fr\/wp-content\/uploads\/2025\/06\/Fauteuil-de-repas-en-aluminium-anthracite-lava-et-corde-synthetique-Omer.jpg","width":1500,"height":1500},{"@type":"BreadcrumbList","@id":"https:\/\/homeproject.fr\/fr\/produit\/lot-de-2-fauteuils-de-repas-exterieurs-omer-aluminium-lava-corde-graphite-diphano\/#breadcrumb","itemListElement":[{"@type":"ListItem","position":1,"name":"Accueil","item":"https:\/\/homeproject.fr\/fr\/"},{"@type":"ListItem","position":2,"name":"Boutique","item":"https:\/\/homeproject.fr\/fr\/boutique\/"},{"@type":"ListItem","position":3,"name":"Lot de 2 fauteuils de repas ext\u00e9rieurs Omer \u2013 Aluminium lava &#038; corde graphite \u2013 Diphano"}]},{"@type":"WebSite","@id":"https:\/\/homeproject.fr\/fr\/#website","url":"https:\/\/homeproject.fr\/fr\/","name":"Homeproject.fr","description":"Offrez l&#039;exceptionnel \u00e0 vos espaces \u00e0 vivre","publisher":{"@id":"https:\/\/homeproject.fr\/fr\/#organization"},"potentialAction":[{"@type":"SearchAction","target":{"@type":"EntryPoint","urlTemplate":"https:\/\/homeproject.fr\/fr\/?s={search_term_string}"},"query-input":{"@type":"PropertyValueSpecification","valueRequired":true,"valueName":"search_term_string"}}],"inLanguage":"fr-FR"},{"@type":"Organization","@id":"https:\/\/homeproject.fr\/fr\/#organization","name":"Homeproject.fr","url":"https:\/\/homeproject.fr\/fr\/","logo":{"@type":"ImageObject","inLanguage":"fr-FR","@id":"https:\/\/homeproject.fr\/fr\/#\/schema\/logo\/image\/","url":"https:\/\/homeproject.fr\/fr\/wp-content\/uploads\/2024\/12\/Logo_HomeProject-noir-2.png","contentUrl":"https:\/\/homeproject.fr\/fr\/wp-content\/uploads\/2024\/12\/Logo_HomeProject-noir-2.png","width":300,"height":91,"caption":"Homeproject.fr"},"image":{"@id":"https:\/\/homeproject.fr\/fr\/#\/schema\/logo\/image\/"}}]}},"_links":{"self":[{"href":"https:\/\/homeproject.fr\/fr\/wp-json\/wp\/v2\/product\/13783","targetHints":{"allow":["GET"]}}],"collection":[{"href":"https:\/\/homeproject.fr\/fr\/wp-json\/wp\/v2\/product"}],"about":[{"href":"https:\/\/homeproject.fr\/fr\/wp-json\/wp\/v2\/types\/product"}],"version-history":[{"count":1,"href":"https:\/\/homeproject.fr\/fr\/wp-json\/wp\/v2\/product\/13783\/revisions"}],"predecessor-version":[{"id":14297,"href":"https:\/\/homeproject.fr\/fr\/wp-json\/wp\/v2\/product\/13783\/revisions\/14297"}],"wp:featuredmedia":[{"embeddable":true,"href":"https:\/\/homeproject.fr\/fr\/wp-json\/wp\/v2\/media\/14288"}],"wp:attachment":[{"href":"https:\/\/homeproject.fr\/fr\/wp-json\/wp\/v2\/media?parent=13783"}],"wp:term":[{"taxonomy":"product_brand","embeddable":true,"href":"https:\/\/homeproject.fr\/fr\/wp-json\/wp\/v2\/product_brand?post=13783"},{"taxonomy":"product_cat","embeddable":true,"href":"https:\/\/homeproject.fr\/fr\/wp-json\/wp\/v2\/product_cat?post=13783"},{"taxonomy":"product_tag","embeddable":true,"href":"https:\/\/homeproject.fr\/fr\/wp-json\/wp\/v2\/product_tag?post=13783"}],"curies":[{"name":"wp","href":"https:\/\/api.w.org\/{rel}","templated":true}]}}