{"id":13756,"date":"2025-06-07T11:49:21","date_gmt":"2025-06-07T11:49:21","guid":{"rendered":"https:\/\/homeproject.fr\/fr\/?post_type=product&#038;p=13756"},"modified":"2025-06-07T11:52:24","modified_gmt":"2025-06-07T11:52:24","slug":"carrelage-mutina-azulej-estrela-grigio-20x20-par-patricia-urquiola","status":"publish","type":"product","link":"https:\/\/homeproject.fr\/fr\/produit\/carrelage-mutina-azulej-estrela-grigio-20x20-par-patricia-urquiola\/","title":{"rendered":"Carrelage Mutina Azulej Estrela Grigio 20&#215;20 par Patricia Urquiola"},"content":{"rendered":"<p><strong><a href=\"https:\/\/homeproject.fr\/fr\/produit\/echantillon-carrelage-mutina-azulej-estrela-grigio-20x20\/\">Commander un \u00e9chantillon<\/a><\/strong><\/p>\n<h3 data-start=\"1003\" data-end=\"1036\">Caract\u00e9ristiques techniques :<\/h3>\n<ul data-start=\"1037\" data-end=\"1398\">\n<li data-start=\"1037\" data-end=\"1068\">\n<p data-start=\"1039\" data-end=\"1068\"><strong data-start=\"1039\" data-end=\"1053\">Dimensions<\/strong> : 20 x 20 cm<\/p>\n<\/li>\n<li data-start=\"1069\" data-end=\"1094\">\n<p data-start=\"1071\" data-end=\"1094\"><strong data-start=\"1071\" data-end=\"1084\">\u00c9paisseur<\/strong> : 10 mm<\/p>\n<\/li>\n<li data-start=\"1095\" data-end=\"1133\">\n<p data-start=\"1097\" data-end=\"1133\"><strong data-start=\"1097\" data-end=\"1109\">Mat\u00e9riau<\/strong> : Gr\u00e8s c\u00e9rame \u00e9maill\u00e9<\/p>\n<\/li>\n<li data-start=\"1134\" data-end=\"1157\">\n<p data-start=\"1136\" data-end=\"1157\"><strong data-start=\"1136\" data-end=\"1148\">Finition<\/strong> : Mate<\/p>\n<\/li>\n<li data-start=\"1158\" data-end=\"1216\">\n<p data-start=\"1160\" data-end=\"1216\"><strong data-start=\"1160\" data-end=\"1172\">Couleurs<\/strong> : Fond gris clair avec motif brun-rouille<\/p>\n<\/li>\n<li data-start=\"1217\" data-end=\"1256\">\n<p data-start=\"1219\" data-end=\"1256\"><strong data-start=\"1219\" data-end=\"1227\">Pose<\/strong> : Sols et murs \u2013 int\u00e9rieur<\/p>\n<\/li>\n<li data-start=\"1257\" data-end=\"1320\">\n<p data-start=\"1259\" data-end=\"1320\"><strong data-start=\"1259\" data-end=\"1268\">Style<\/strong> : Carreau ciment revisit\u00e9, motif graphique floral<\/p>\n<\/li>\n<li data-start=\"1321\" data-end=\"1369\">\n<p data-start=\"1323\" data-end=\"1369\"><strong data-start=\"1323\" data-end=\"1335\">Designer<\/strong> : Patricia Urquiola pour Mutina<\/p>\n<\/li>\n<li data-start=\"1370\" data-end=\"1398\">\n<p data-start=\"1372\" data-end=\"1398\"><strong data-start=\"1372\" data-end=\"1387\">Fabrication<\/strong> : Italie<\/p>\n<\/li>\n<\/ul>\n<p data-start=\"1400\" data-end=\"1583\">Ce carreau design s\u00e9duit par son <strong data-start=\"1433\" data-end=\"1450\">intemporalit\u00e9<\/strong>, son <strong data-start=\"1456\" data-end=\"1480\">r\u00e9sultat visuel fort<\/strong>, et sa <strong data-start=\"1488\" data-end=\"1512\">durabilit\u00e9 technique<\/strong>. Avec Mutina, chaque surface devient un terrain d\u2019expression cr\u00e9ative.<\/p>\n<hr data-start=\"1628\" data-end=\"1631\" \/>\n<h3>Design par Patricia Urquiola<\/h3>\n<p>Patricia Urquiola est une designer et architecte espagnole mondialement reconnue pour son approche innovante, po\u00e9tique et polyvalente du design contemporain. N\u00e9e \u00e0 Oviedo, en Espagne, en 1961, elle a \u00e9tudi\u00e9 l\u2019architecture \u00e0 l\u2019\u00c9cole polytechnique de Madrid avant de poursuivre sa formation \u00e0 l\u2019\u00c9cole polytechnique de Milan, o\u00f9 elle a obtenu son dipl\u00f4me sous la direction du c\u00e9l\u00e8bre designer Achille Castiglioni.<\/p>\n<p><strong>Un style unique et une approche multidisciplinaire<\/strong><\/p>\n<p>Le travail de Patricia Urquiola se distingue par un m\u00e9lange audacieux de modernit\u00e9 et de tradition, associant des influences culturelles vari\u00e9es \u00e0 une recherche constante d\u2019innovation technique. Ses cr\u00e9ations se caract\u00e9risent par des formes organiques, des textures riches et des couleurs chaleureuses, souvent inspir\u00e9es par la nature et l\u2019artisanat.<\/p>\n<p>Urquiola excelle dans plusieurs disciplines, allant du design de meubles \u00e0 l\u2019architecture d\u2019int\u00e9rieur, en passant par les objets du quotidien, les textiles, et m\u00eame les carrelages, comme ceux qu\u2019elle a r\u00e9alis\u00e9s pour la marque italienne Mutina.<\/p>\n<h3><strong style=\"font-family: inherit; font-size: 30px;\">Vous avez des questions ?<\/strong><\/h3>\n<style id=\"wpforms-css-vars-3675\">\n\t\t\t\t#wpforms-3675 {\n\t\t\t\t\n\t\t\t}\n\t\t\t<\/style><div class=\"wpforms-container wpforms-container-full wpforms-render-modern\" id=\"wpforms-3675\"><form id=\"wpforms-form-3675\" class=\"wpforms-validate wpforms-form wpforms-ajax-form\" data-formid=\"3675\" method=\"post\" enctype=\"multipart\/form-data\" action=\"\/fr\/wp-json\/wp\/v2\/product\/13756\" data-token=\"86cfa3cd8fc4572532d762e2357ac556\" data-token-time=\"1777850863\"><noscript class=\"wpforms-error-noscript\">Veuillez activer JavaScript dans votre navigateur pour remplir ce formulaire.<\/noscript><div id=\"wpforms-error-noscript\" style=\"display: none;\">Veuillez activer JavaScript dans votre navigateur pour remplir ce formulaire.<\/div><div class=\"wpforms-field-container\"><div id=\"wpforms-3675-field_3-container\" class=\"wpforms-field wpforms-field-name\" data-field-id=\"3\"><fieldset><legend class=\"wpforms-field-label\">Nom <span class=\"wpforms-required-label\" aria-hidden=\"true\">*<\/span><\/legend><div class=\"wpforms-field-row wpforms-field-medium\"><div class=\"wpforms-field-row-block wpforms-first wpforms-one-half\"><input type=\"text\" id=\"wpforms-3675-field_3\" class=\"wpforms-field-name-first wpforms-field-required\" name=\"wpforms[fields][3][first]\" aria-errormessage=\"wpforms-3675-field_3-error\" required><label for=\"wpforms-3675-field_3\" class=\"wpforms-field-sublabel after\">Pr\u00e9nom<\/label><\/div><div class=\"wpforms-field-row-block wpforms-one-half\"><input type=\"text\" id=\"wpforms-3675-field_3-last\" class=\"wpforms-field-name-last wpforms-field-required\" name=\"wpforms[fields][3][last]\" aria-errormessage=\"wpforms-3675-field_3-last-error\" required><label for=\"wpforms-3675-field_3-last\" class=\"wpforms-field-sublabel after\">Nom<\/label><\/div><\/div><\/fieldset><\/div><div id=\"wpforms-3675-field_4-container\" class=\"wpforms-field wpforms-field-email\" data-field-id=\"4\"><label class=\"wpforms-field-label\" for=\"wpforms-3675-field_4\">E-mail <span class=\"wpforms-required-label\" aria-hidden=\"true\">*<\/span><\/label><input type=\"email\" id=\"wpforms-3675-field_4\" class=\"wpforms-field-medium wpforms-field-required\" name=\"wpforms[fields][4]\" spellcheck=\"false\" aria-errormessage=\"wpforms-3675-field_4-error\" required><\/div>\t\t<div id=\"wpforms-3675-field_1-container\"\n\t\t\tclass=\"wpforms-field wpforms-field-text\"\n\t\t\tdata-field-type=\"text\"\n\t\t\tdata-field-id=\"1\"\n\t\t\t>\n\t\t\t<label class=\"wpforms-field-label\" for=\"wpforms-3675-field_1\" >Message E-mail Nom<\/label>\n\t\t\t<input type=\"text\" id=\"wpforms-3675-field_1\" class=\"wpforms-field-medium\" name=\"wpforms[fields][1]\" >\n\t\t<\/div>\n\t\t<div id=\"wpforms-3675-field_5-container\" class=\"wpforms-field wpforms-field-textarea\" data-field-id=\"5\"><label class=\"wpforms-field-label\" for=\"wpforms-3675-field_5\">Message <span class=\"wpforms-required-label\" aria-hidden=\"true\">*<\/span><\/label><textarea id=\"wpforms-3675-field_5\" class=\"wpforms-field-medium wpforms-field-required\" name=\"wpforms[fields][5]\" aria-errormessage=\"wpforms-3675-field_5-error\" required><\/textarea><\/div><script>\n\t\t\t\t( function() {\n\t\t\t\t\tconst style = document.createElement( 'style' );\n\t\t\t\t\tstyle.appendChild( document.createTextNode( '#wpforms-3675-field_1-container { position: absolute !important; overflow: hidden !important; display: inline !important; height: 1px !important; width: 1px !important; z-index: -1000 !important; padding: 0 !important; } #wpforms-3675-field_1-container input { visibility: hidden; } #wpforms-conversational-form-page #wpforms-3675-field_1-container label { counter-increment: none; }' ) );\n\t\t\t\t\tdocument.head.appendChild( style );\n\t\t\t\t\tdocument.currentScript?.remove();\n\t\t\t\t} )();\n\t\t\t<\/script><\/div><!-- .wpforms-field-container --><div class=\"wpforms-submit-container\" ><input type=\"hidden\" name=\"wpforms[id]\" value=\"3675\"><input type=\"hidden\" name=\"page_title\" value=\"\"><input type=\"hidden\" name=\"page_url\" value=\"https:\/\/homeproject.fr\/fr\/wp-json\/wp\/v2\/product\/13756\"><input type=\"hidden\" name=\"url_referer\" value=\"\"><button type=\"submit\" name=\"wpforms[submit]\" id=\"wpforms-submit-3675\" class=\"wpforms-submit\" data-alt-text=\"Envoi...\" data-submit-text=\"Envoyer\" aria-live=\"assertive\" value=\"wpforms-submit\">Envoyer<\/button><img decoding=\"async\" src=\"https:\/\/homeproject.fr\/fr\/wp-content\/plugins\/wpforms-lite\/assets\/images\/submit-spin.svg\" class=\"wpforms-submit-spinner\" style=\"display: none;\" width=\"26\" height=\"26\" alt=\"Chargement en cours\"><\/div><\/form><\/div>  <!-- .wpforms-container -->\n","protected":false},"excerpt":{"rendered":"<p data-start=\"252\" data-end=\"679\">Le mod\u00e8le <strong data-start=\"262\" data-end=\"280\">Estrela Grigio<\/strong> de la collection <strong data-start=\"298\" data-end=\"308\">Azulej<\/strong> sign\u00e9e <strong data-start=\"316\" data-end=\"337\">Patricia Urquiola<\/strong> pour <strong data-start=\"343\" data-end=\"353\">Mutina<\/strong> revisite l\u2019esprit du carreau de ciment traditionnel avec une touche contemporaine audacieuse. Ce <strong data-start=\"451\" data-end=\"477\">carreau en gr\u00e8s c\u00e9rame<\/strong>, au format <strong data-start=\"489\" data-end=\"501\">20&#215;20 cm<\/strong>, se distingue par son <strong data-start=\"524\" data-end=\"552\">motif g\u00e9om\u00e9trique floral<\/strong> r\u00e9p\u00e9t\u00e9 avec finesse, dans une palette de <strong data-start=\"594\" data-end=\"620\">gris et de brun cuivr\u00e9<\/strong>, subtilement patin\u00e9e pour un effet vintage et sophistiqu\u00e9.<\/p>\n<p data-start=\"681\" data-end=\"1001\">Pens\u00e9 pour \u00eatre utilis\u00e9 seul ou en combinaison avec d\u2019autres motifs de la gamme Azulej, <strong data-start=\"769\" data-end=\"787\">Estrela Grigio<\/strong> habille aussi bien les <strong data-start=\"811\" data-end=\"832\">sols que les murs<\/strong>, en int\u00e9rieur. Il s\u2019adapte parfaitement aux cuisines, salles de bain, entr\u00e9es ou encore aux espaces commerciaux souhaitant affirmer une <strong data-start=\"969\" data-end=\"1000\">identit\u00e9 forte et graphique<\/strong>.<\/p>\n","protected":false},"featured_media":13754,"template":"","meta":{"_uf_show_specific_survey":0,"_uf_disable_surveys":false,"iawp_total_views":55},"product_brand":[],"product_cat":[20,124],"product_tag":[],"class_list":{"0":"post-13756","1":"product","2":"type-product","3":"status-publish","4":"has-post-thumbnail","6":"product_cat-carrelage","7":"product_cat-effet-carreau-ciment","8":"product_shipping_class-carrelage","9":"pa_collection-azulej-par-mutina","10":"pa_designer-patricia-urquiola","11":"pa_dimensions-nominales-20x20","12":"pa_effet-carreau-ciment","13":"pa_epaisseur-10mm","14":"pa_marque-mutina","15":"pa_materiau-gres-cerame-emaille","17":"first","18":"instock","19":"sale","20":"taxable","21":"shipping-taxable","22":"purchasable","23":"product-type-simple"},"yoast_head":"<!-- This site is optimized with the Yoast SEO plugin v27.5 - https:\/\/yoast.com\/product\/yoast-seo-wordpress\/ -->\n<title>Carrelage Mutina Azulej Estrela Grigio 20x20 par Patricia Urquiola - Homeproject.fr<\/title>\n<meta name=\"robots\" content=\"index, follow, max-snippet:-1, max-image-preview:large, max-video-preview:-1\" \/>\n<link rel=\"canonical\" href=\"https:\/\/homeproject.fr\/fr\/produit\/carrelage-mutina-azulej-estrela-grigio-20x20-par-patricia-urquiola\/\" \/>\n<meta property=\"og:locale\" content=\"fr_FR\" \/>\n<meta property=\"og:type\" content=\"article\" \/>\n<meta property=\"og:title\" content=\"Carrelage Mutina Azulej Estrela Grigio 20x20 par Patricia Urquiola - Homeproject.fr\" \/>\n<meta property=\"og:description\" content=\"Le mod\u00e8le Estrela Grigio de la collection Azulej sign\u00e9e Patricia Urquiola pour Mutina revisite l\u2019esprit du carreau de ciment traditionnel avec une touche contemporaine audacieuse. Ce carreau en gr\u00e8s c\u00e9rame, au format 20x20 cm, se distingue par son motif g\u00e9om\u00e9trique floral r\u00e9p\u00e9t\u00e9 avec finesse, dans une palette de gris et de brun cuivr\u00e9, subtilement patin\u00e9e pour un effet vintage et sophistiqu\u00e9. Pens\u00e9 pour \u00eatre utilis\u00e9 seul ou en combinaison avec d\u2019autres motifs de la gamme Azulej, Estrela Grigio habille aussi bien les sols que les murs, en int\u00e9rieur. Il s\u2019adapte parfaitement aux cuisines, salles de bain, entr\u00e9es ou encore aux espaces commerciaux souhaitant affirmer une identit\u00e9 forte et graphique.\" \/>\n<meta property=\"og:url\" content=\"https:\/\/homeproject.fr\/fr\/produit\/carrelage-mutina-azulej-estrela-grigio-20x20-par-patricia-urquiola\/\" \/>\n<meta property=\"og:site_name\" content=\"Homeproject.fr\" \/>\n<meta property=\"article:modified_time\" content=\"2025-06-07T11:52:24+00:00\" \/>\n<meta property=\"og:image\" content=\"https:\/\/homeproject.fr\/fr\/wp-content\/uploads\/2025\/06\/Carrelage-effet-carreau-ciment-en-gres-cerame-dessine-par-Patricia-Urquiola-pour-Mutina-Azulej-Estrela-Grigio-4.jpg\" \/>\n\t<meta property=\"og:image:width\" content=\"1500\" \/>\n\t<meta property=\"og:image:height\" content=\"1500\" \/>\n\t<meta property=\"og:image:type\" content=\"image\/jpeg\" \/>\n<meta name=\"twitter:card\" content=\"summary_large_image\" \/>\n<meta name=\"twitter:label1\" content=\"Dur\u00e9e de lecture estim\u00e9e\" \/>\n\t<meta name=\"twitter:data1\" content=\"2 minutes\" \/>\n<script type=\"application\/ld+json\" class=\"yoast-schema-graph\">{\"@context\":\"https:\\\/\\\/schema.org\",\"@graph\":[{\"@type\":\"WebPage\",\"@id\":\"https:\\\/\\\/homeproject.fr\\\/fr\\\/produit\\\/carrelage-mutina-azulej-estrela-grigio-20x20-par-patricia-urquiola\\\/\",\"url\":\"https:\\\/\\\/homeproject.fr\\\/fr\\\/produit\\\/carrelage-mutina-azulej-estrela-grigio-20x20-par-patricia-urquiola\\\/\",\"name\":\"Carrelage Mutina Azulej Estrela Grigio 20x20 par Patricia Urquiola - Homeproject.fr\",\"isPartOf\":{\"@id\":\"https:\\\/\\\/homeproject.fr\\\/fr\\\/#website\"},\"primaryImageOfPage\":{\"@id\":\"https:\\\/\\\/homeproject.fr\\\/fr\\\/produit\\\/carrelage-mutina-azulej-estrela-grigio-20x20-par-patricia-urquiola\\\/#primaryimage\"},\"image\":{\"@id\":\"https:\\\/\\\/homeproject.fr\\\/fr\\\/produit\\\/carrelage-mutina-azulej-estrela-grigio-20x20-par-patricia-urquiola\\\/#primaryimage\"},\"thumbnailUrl\":\"https:\\\/\\\/homeproject.fr\\\/fr\\\/wp-content\\\/uploads\\\/2025\\\/06\\\/Carrelage-effet-carreau-ciment-en-gres-cerame-dessine-par-Patricia-Urquiola-pour-Mutina-Azulej-Estrela-Grigio-4.jpg\",\"datePublished\":\"2025-06-07T11:49:21+00:00\",\"dateModified\":\"2025-06-07T11:52:24+00:00\",\"breadcrumb\":{\"@id\":\"https:\\\/\\\/homeproject.fr\\\/fr\\\/produit\\\/carrelage-mutina-azulej-estrela-grigio-20x20-par-patricia-urquiola\\\/#breadcrumb\"},\"inLanguage\":\"fr-FR\",\"potentialAction\":[{\"@type\":\"ReadAction\",\"target\":[\"https:\\\/\\\/homeproject.fr\\\/fr\\\/produit\\\/carrelage-mutina-azulej-estrela-grigio-20x20-par-patricia-urquiola\\\/\"]}]},{\"@type\":\"ImageObject\",\"inLanguage\":\"fr-FR\",\"@id\":\"https:\\\/\\\/homeproject.fr\\\/fr\\\/produit\\\/carrelage-mutina-azulej-estrela-grigio-20x20-par-patricia-urquiola\\\/#primaryimage\",\"url\":\"https:\\\/\\\/homeproject.fr\\\/fr\\\/wp-content\\\/uploads\\\/2025\\\/06\\\/Carrelage-effet-carreau-ciment-en-gres-cerame-dessine-par-Patricia-Urquiola-pour-Mutina-Azulej-Estrela-Grigio-4.jpg\",\"contentUrl\":\"https:\\\/\\\/homeproject.fr\\\/fr\\\/wp-content\\\/uploads\\\/2025\\\/06\\\/Carrelage-effet-carreau-ciment-en-gres-cerame-dessine-par-Patricia-Urquiola-pour-Mutina-Azulej-Estrela-Grigio-4.jpg\",\"width\":1500,\"height\":1500},{\"@type\":\"BreadcrumbList\",\"@id\":\"https:\\\/\\\/homeproject.fr\\\/fr\\\/produit\\\/carrelage-mutina-azulej-estrela-grigio-20x20-par-patricia-urquiola\\\/#breadcrumb\",\"itemListElement\":[{\"@type\":\"ListItem\",\"position\":1,\"name\":\"Accueil\",\"item\":\"https:\\\/\\\/homeproject.fr\\\/fr\\\/\"},{\"@type\":\"ListItem\",\"position\":2,\"name\":\"Boutique\",\"item\":\"https:\\\/\\\/homeproject.fr\\\/fr\\\/boutique\\\/\"},{\"@type\":\"ListItem\",\"position\":3,\"name\":\"Carrelage Mutina Azulej Estrela Grigio 20&#215;20 par Patricia Urquiola\"}]},{\"@type\":\"WebSite\",\"@id\":\"https:\\\/\\\/homeproject.fr\\\/fr\\\/#website\",\"url\":\"https:\\\/\\\/homeproject.fr\\\/fr\\\/\",\"name\":\"Homeproject.fr\",\"description\":\"Offrez l&#039;exceptionnel \u00e0 vos espaces \u00e0 vivre\",\"publisher\":{\"@id\":\"https:\\\/\\\/homeproject.fr\\\/fr\\\/#organization\"},\"potentialAction\":[{\"@type\":\"SearchAction\",\"target\":{\"@type\":\"EntryPoint\",\"urlTemplate\":\"https:\\\/\\\/homeproject.fr\\\/fr\\\/?s={search_term_string}\"},\"query-input\":{\"@type\":\"PropertyValueSpecification\",\"valueRequired\":true,\"valueName\":\"search_term_string\"}}],\"inLanguage\":\"fr-FR\"},{\"@type\":\"Organization\",\"@id\":\"https:\\\/\\\/homeproject.fr\\\/fr\\\/#organization\",\"name\":\"Homeproject.fr\",\"url\":\"https:\\\/\\\/homeproject.fr\\\/fr\\\/\",\"logo\":{\"@type\":\"ImageObject\",\"inLanguage\":\"fr-FR\",\"@id\":\"https:\\\/\\\/homeproject.fr\\\/fr\\\/#\\\/schema\\\/logo\\\/image\\\/\",\"url\":\"https:\\\/\\\/homeproject.fr\\\/fr\\\/wp-content\\\/uploads\\\/2024\\\/12\\\/Logo_HomeProject-noir-2.png\",\"contentUrl\":\"https:\\\/\\\/homeproject.fr\\\/fr\\\/wp-content\\\/uploads\\\/2024\\\/12\\\/Logo_HomeProject-noir-2.png\",\"width\":300,\"height\":91,\"caption\":\"Homeproject.fr\"},\"image\":{\"@id\":\"https:\\\/\\\/homeproject.fr\\\/fr\\\/#\\\/schema\\\/logo\\\/image\\\/\"}}]}<\/script>\n<!-- \/ Yoast SEO plugin. -->","yoast_head_json":{"title":"Carrelage Mutina Azulej Estrela Grigio 20x20 par Patricia Urquiola - Homeproject.fr","robots":{"index":"index","follow":"follow","max-snippet":"max-snippet:-1","max-image-preview":"max-image-preview:large","max-video-preview":"max-video-preview:-1"},"canonical":"https:\/\/homeproject.fr\/fr\/produit\/carrelage-mutina-azulej-estrela-grigio-20x20-par-patricia-urquiola\/","og_locale":"fr_FR","og_type":"article","og_title":"Carrelage Mutina Azulej Estrela Grigio 20x20 par Patricia Urquiola - Homeproject.fr","og_description":"Le mod\u00e8le Estrela Grigio de la collection Azulej sign\u00e9e Patricia Urquiola pour Mutina revisite l\u2019esprit du carreau de ciment traditionnel avec une touche contemporaine audacieuse. Ce carreau en gr\u00e8s c\u00e9rame, au format 20x20 cm, se distingue par son motif g\u00e9om\u00e9trique floral r\u00e9p\u00e9t\u00e9 avec finesse, dans une palette de gris et de brun cuivr\u00e9, subtilement patin\u00e9e pour un effet vintage et sophistiqu\u00e9. Pens\u00e9 pour \u00eatre utilis\u00e9 seul ou en combinaison avec d\u2019autres motifs de la gamme Azulej, Estrela Grigio habille aussi bien les sols que les murs, en int\u00e9rieur. Il s\u2019adapte parfaitement aux cuisines, salles de bain, entr\u00e9es ou encore aux espaces commerciaux souhaitant affirmer une identit\u00e9 forte et graphique.","og_url":"https:\/\/homeproject.fr\/fr\/produit\/carrelage-mutina-azulej-estrela-grigio-20x20-par-patricia-urquiola\/","og_site_name":"Homeproject.fr","article_modified_time":"2025-06-07T11:52:24+00:00","og_image":[{"width":1500,"height":1500,"url":"https:\/\/homeproject.fr\/fr\/wp-content\/uploads\/2025\/06\/Carrelage-effet-carreau-ciment-en-gres-cerame-dessine-par-Patricia-Urquiola-pour-Mutina-Azulej-Estrela-Grigio-4.jpg","type":"image\/jpeg"}],"twitter_card":"summary_large_image","twitter_misc":{"Dur\u00e9e de lecture estim\u00e9e":"2 minutes"},"schema":{"@context":"https:\/\/schema.org","@graph":[{"@type":"WebPage","@id":"https:\/\/homeproject.fr\/fr\/produit\/carrelage-mutina-azulej-estrela-grigio-20x20-par-patricia-urquiola\/","url":"https:\/\/homeproject.fr\/fr\/produit\/carrelage-mutina-azulej-estrela-grigio-20x20-par-patricia-urquiola\/","name":"Carrelage Mutina Azulej Estrela Grigio 20x20 par Patricia Urquiola - Homeproject.fr","isPartOf":{"@id":"https:\/\/homeproject.fr\/fr\/#website"},"primaryImageOfPage":{"@id":"https:\/\/homeproject.fr\/fr\/produit\/carrelage-mutina-azulej-estrela-grigio-20x20-par-patricia-urquiola\/#primaryimage"},"image":{"@id":"https:\/\/homeproject.fr\/fr\/produit\/carrelage-mutina-azulej-estrela-grigio-20x20-par-patricia-urquiola\/#primaryimage"},"thumbnailUrl":"https:\/\/homeproject.fr\/fr\/wp-content\/uploads\/2025\/06\/Carrelage-effet-carreau-ciment-en-gres-cerame-dessine-par-Patricia-Urquiola-pour-Mutina-Azulej-Estrela-Grigio-4.jpg","datePublished":"2025-06-07T11:49:21+00:00","dateModified":"2025-06-07T11:52:24+00:00","breadcrumb":{"@id":"https:\/\/homeproject.fr\/fr\/produit\/carrelage-mutina-azulej-estrela-grigio-20x20-par-patricia-urquiola\/#breadcrumb"},"inLanguage":"fr-FR","potentialAction":[{"@type":"ReadAction","target":["https:\/\/homeproject.fr\/fr\/produit\/carrelage-mutina-azulej-estrela-grigio-20x20-par-patricia-urquiola\/"]}]},{"@type":"ImageObject","inLanguage":"fr-FR","@id":"https:\/\/homeproject.fr\/fr\/produit\/carrelage-mutina-azulej-estrela-grigio-20x20-par-patricia-urquiola\/#primaryimage","url":"https:\/\/homeproject.fr\/fr\/wp-content\/uploads\/2025\/06\/Carrelage-effet-carreau-ciment-en-gres-cerame-dessine-par-Patricia-Urquiola-pour-Mutina-Azulej-Estrela-Grigio-4.jpg","contentUrl":"https:\/\/homeproject.fr\/fr\/wp-content\/uploads\/2025\/06\/Carrelage-effet-carreau-ciment-en-gres-cerame-dessine-par-Patricia-Urquiola-pour-Mutina-Azulej-Estrela-Grigio-4.jpg","width":1500,"height":1500},{"@type":"BreadcrumbList","@id":"https:\/\/homeproject.fr\/fr\/produit\/carrelage-mutina-azulej-estrela-grigio-20x20-par-patricia-urquiola\/#breadcrumb","itemListElement":[{"@type":"ListItem","position":1,"name":"Accueil","item":"https:\/\/homeproject.fr\/fr\/"},{"@type":"ListItem","position":2,"name":"Boutique","item":"https:\/\/homeproject.fr\/fr\/boutique\/"},{"@type":"ListItem","position":3,"name":"Carrelage Mutina Azulej Estrela Grigio 20&#215;20 par Patricia Urquiola"}]},{"@type":"WebSite","@id":"https:\/\/homeproject.fr\/fr\/#website","url":"https:\/\/homeproject.fr\/fr\/","name":"Homeproject.fr","description":"Offrez l&#039;exceptionnel \u00e0 vos espaces \u00e0 vivre","publisher":{"@id":"https:\/\/homeproject.fr\/fr\/#organization"},"potentialAction":[{"@type":"SearchAction","target":{"@type":"EntryPoint","urlTemplate":"https:\/\/homeproject.fr\/fr\/?s={search_term_string}"},"query-input":{"@type":"PropertyValueSpecification","valueRequired":true,"valueName":"search_term_string"}}],"inLanguage":"fr-FR"},{"@type":"Organization","@id":"https:\/\/homeproject.fr\/fr\/#organization","name":"Homeproject.fr","url":"https:\/\/homeproject.fr\/fr\/","logo":{"@type":"ImageObject","inLanguage":"fr-FR","@id":"https:\/\/homeproject.fr\/fr\/#\/schema\/logo\/image\/","url":"https:\/\/homeproject.fr\/fr\/wp-content\/uploads\/2024\/12\/Logo_HomeProject-noir-2.png","contentUrl":"https:\/\/homeproject.fr\/fr\/wp-content\/uploads\/2024\/12\/Logo_HomeProject-noir-2.png","width":300,"height":91,"caption":"Homeproject.fr"},"image":{"@id":"https:\/\/homeproject.fr\/fr\/#\/schema\/logo\/image\/"}}]}},"_links":{"self":[{"href":"https:\/\/homeproject.fr\/fr\/wp-json\/wp\/v2\/product\/13756","targetHints":{"allow":["GET"]}}],"collection":[{"href":"https:\/\/homeproject.fr\/fr\/wp-json\/wp\/v2\/product"}],"about":[{"href":"https:\/\/homeproject.fr\/fr\/wp-json\/wp\/v2\/types\/product"}],"version-history":[{"count":1,"href":"https:\/\/homeproject.fr\/fr\/wp-json\/wp\/v2\/product\/13756\/revisions"}],"predecessor-version":[{"id":13760,"href":"https:\/\/homeproject.fr\/fr\/wp-json\/wp\/v2\/product\/13756\/revisions\/13760"}],"wp:featuredmedia":[{"embeddable":true,"href":"https:\/\/homeproject.fr\/fr\/wp-json\/wp\/v2\/media\/13754"}],"wp:attachment":[{"href":"https:\/\/homeproject.fr\/fr\/wp-json\/wp\/v2\/media?parent=13756"}],"wp:term":[{"taxonomy":"product_brand","embeddable":true,"href":"https:\/\/homeproject.fr\/fr\/wp-json\/wp\/v2\/product_brand?post=13756"},{"taxonomy":"product_cat","embeddable":true,"href":"https:\/\/homeproject.fr\/fr\/wp-json\/wp\/v2\/product_cat?post=13756"},{"taxonomy":"product_tag","embeddable":true,"href":"https:\/\/homeproject.fr\/fr\/wp-json\/wp\/v2\/product_tag?post=13756"}],"curies":[{"name":"wp","href":"https:\/\/api.w.org\/{rel}","templated":true}]}}