{"id":13724,"date":"2025-06-07T10:13:49","date_gmt":"2025-06-07T10:13:49","guid":{"rendered":"https:\/\/homeproject.fr\/fr\/?post_type=product&#038;p=13724"},"modified":"2025-06-07T10:30:00","modified_gmt":"2025-06-07T10:30:00","slug":"carreau-artisanal-en-terre-cuite-emaillee-6x25-cm-classico-vert-pastel","status":"publish","type":"product","link":"https:\/\/homeproject.fr\/fr\/produit\/carreau-artisanal-en-terre-cuite-emaillee-6x25-cm-classico-vert-pastel\/","title":{"rendered":"Carreau artisanal en Terre Cuite \u00c9maill\u00e9e 6&#215;25 cm \u2013 Classico Vert Pastel"},"content":{"rendered":"<p><strong><a href=\"https:\/\/homeproject.fr\/fr\/produit\/echantillon-terre-cuite-emaillee-classico-vert-pastel-6x25\/\">Commander un \u00e9chantillon<\/a><\/strong><\/p>\n<div class=\"flex max-w-full flex-col flex-grow\">\n<div class=\"min-h-8 text-message flex w-full flex-col items-end gap-2 whitespace-normal break-words text-start [.text-message+&]:mt-5\" dir=\"auto\" data-message-author-role=\"assistant\" data-message-id=\"fd2864f8-4d08-4e5b-8c3b-190065db2f0e\" data-message-model-slug=\"gpt-4o\">\n<div class=\"flex w-full flex-col gap-1 empty:hidden first:pt-[3px]\">\n<div class=\"markdown prose w-full break-words dark:prose-invert light\">\n<h3 data-start=\"971\" data-end=\"1025\">\u2705 <strong data-start=\"977\" data-end=\"1025\">Les points forts de la collection Classico :<\/strong><\/h3>\n<ul data-start=\"1026\" data-end=\"1397\">\n<li data-start=\"1026\" data-end=\"1114\">\n<p data-start=\"1028\" data-end=\"1114\"><strong data-start=\"1028\" data-end=\"1063\">Terre cuite artisanale \u00e9maill\u00e9e<\/strong> : chaque carreau est unique, \u00e0 la texture vivante.<\/p>\n<\/li>\n<li data-start=\"1115\" data-end=\"1177\">\n<p data-start=\"1117\" data-end=\"1177\"><strong data-start=\"1117\" data-end=\"1143\">Finition mate raffin\u00e9e<\/strong> : pour un rendu sobre et \u00e9l\u00e9gant.<\/p>\n<\/li>\n<li data-start=\"1178\" data-end=\"1264\">\n<p data-start=\"1180\" data-end=\"1264\"><strong data-start=\"1180\" data-end=\"1213\">Couleurs pastel intemporelles<\/strong> : faciles \u00e0 assortir dans tous types d\u2019int\u00e9rieurs.<\/p>\n<\/li>\n<li data-start=\"1265\" data-end=\"1325\">\n<p data-start=\"1267\" data-end=\"1325\"><strong data-start=\"1267\" data-end=\"1289\">Pose facile<\/strong> : colle classique, format maniable.<\/p>\n<\/li>\n<li data-start=\"1326\" data-end=\"1397\">\n<p data-start=\"1328\" data-end=\"1397\"><strong data-start=\"1328\" data-end=\"1371\">Parfait pour cuisines et salles de bain<\/strong> : r\u00e9sistant \u00e0 l\u2019humidit\u00e9.<\/p>\n<\/li>\n<\/ul>\n<h3 data-start=\"1399\" data-end=\"1439\">\ud83d\udcd0 <strong data-start=\"1406\" data-end=\"1439\">Caract\u00e9ristiques techniques :<\/strong><\/h3>\n<ul data-start=\"1440\" data-end=\"1802\">\n<li data-start=\"1440\" data-end=\"1464\">\n<p data-start=\"1442\" data-end=\"1464\"><strong data-start=\"1442\" data-end=\"1452\">Format<\/strong> : 6\u00d725 cm<\/p>\n<\/li>\n<li data-start=\"1465\" data-end=\"1492\">\n<p data-start=\"1467\" data-end=\"1492\"><strong data-start=\"1467\" data-end=\"1480\">\u00c9paisseur<\/strong> : 14 mm<\/p>\n<\/li>\n<li data-start=\"1493\" data-end=\"1523\">\n<p data-start=\"1495\" data-end=\"1523\"><strong data-start=\"1495\" data-end=\"1507\">Finition<\/strong> : Mate<\/p>\n<\/li>\n<li data-start=\"1524\" data-end=\"1553\">\n<p data-start=\"1526\" data-end=\"1553\"><strong data-start=\"1526\" data-end=\"1537\">Couleur<\/strong> : Vert pastel<\/p>\n<\/li>\n<li data-start=\"1554\" data-end=\"1600\">\n<p data-start=\"1556\" data-end=\"1600\"><strong data-start=\"1556\" data-end=\"1565\">Style<\/strong> : Rustique, artisanal, fait main<\/p>\n<\/li>\n<li data-start=\"1651\" data-end=\"1700\">\n<p data-start=\"1653\" data-end=\"1700\"><strong data-start=\"1653\" data-end=\"1668\">Utilisation<\/strong> : Sol et Murs \u2013 Int\u00e9rieur uniquement<\/p>\n<\/li>\n<li data-start=\"1701\" data-end=\"1753\">\n<p data-start=\"1703\" data-end=\"1753\"><strong data-start=\"1703\" data-end=\"1726\">Pi\u00e8ces recommand\u00e9es<\/strong> : Cuisine, Salle de bain<\/p>\n<\/li>\n<li data-start=\"1754\" data-end=\"1776\">\n<p data-start=\"1756\" data-end=\"1776\"><strong data-start=\"1756\" data-end=\"1768\">Rectifi\u00e9<\/strong> : Non<\/p>\n<\/li>\n<\/ul>\n<h4 class=\"\" data-start=\"1028\" data-end=\"1062\"><strong style=\"font-family: inherit; font-size: 30px;\">Vous avez des questions ?<\/strong><\/h4>\n<\/div>\n<\/div>\n<\/div>\n<\/div>\n<style id=\"wpforms-css-vars-3675\">\n\t\t\t\t#wpforms-3675 {\n\t\t\t\t\n\t\t\t}\n\t\t\t<\/style><div class=\"wpforms-container wpforms-container-full wpforms-render-modern\" id=\"wpforms-3675\"><form id=\"wpforms-form-3675\" class=\"wpforms-validate wpforms-form wpforms-ajax-form\" data-formid=\"3675\" method=\"post\" enctype=\"multipart\/form-data\" action=\"\/fr\/wp-json\/wp\/v2\/product\/13724\" data-token=\"40ada6e9151c970e4278e2da3e5409c5\" data-token-time=\"1777916212\"><noscript class=\"wpforms-error-noscript\">Veuillez activer JavaScript dans votre navigateur pour remplir ce formulaire.<\/noscript><div id=\"wpforms-error-noscript\" style=\"display: none;\">Veuillez activer JavaScript dans votre navigateur pour remplir ce formulaire.<\/div><div class=\"wpforms-field-container\"><div id=\"wpforms-3675-field_3-container\" class=\"wpforms-field wpforms-field-name\" data-field-id=\"3\"><fieldset><legend class=\"wpforms-field-label\">Nom <span class=\"wpforms-required-label\" aria-hidden=\"true\">*<\/span><\/legend><div class=\"wpforms-field-row wpforms-field-medium\"><div class=\"wpforms-field-row-block wpforms-first wpforms-one-half\"><input type=\"text\" id=\"wpforms-3675-field_3\" class=\"wpforms-field-name-first wpforms-field-required\" name=\"wpforms[fields][3][first]\" aria-errormessage=\"wpforms-3675-field_3-error\" required><label for=\"wpforms-3675-field_3\" class=\"wpforms-field-sublabel after\">Pr\u00e9nom<\/label><\/div><div class=\"wpforms-field-row-block wpforms-one-half\"><input type=\"text\" id=\"wpforms-3675-field_3-last\" class=\"wpforms-field-name-last wpforms-field-required\" name=\"wpforms[fields][3][last]\" aria-errormessage=\"wpforms-3675-field_3-last-error\" required><label for=\"wpforms-3675-field_3-last\" class=\"wpforms-field-sublabel after\">Nom<\/label><\/div><\/div><\/fieldset><\/div><div id=\"wpforms-3675-field_4-container\" class=\"wpforms-field wpforms-field-email\" data-field-id=\"4\"><label class=\"wpforms-field-label\" for=\"wpforms-3675-field_4\">E-mail <span class=\"wpforms-required-label\" aria-hidden=\"true\">*<\/span><\/label><input type=\"email\" id=\"wpforms-3675-field_4\" class=\"wpforms-field-medium wpforms-field-required\" name=\"wpforms[fields][4]\" spellcheck=\"false\" aria-errormessage=\"wpforms-3675-field_4-error\" required><\/div>\t\t<div id=\"wpforms-3675-field_1-container\"\n\t\t\tclass=\"wpforms-field wpforms-field-text\"\n\t\t\tdata-field-type=\"text\"\n\t\t\tdata-field-id=\"1\"\n\t\t\t>\n\t\t\t<label class=\"wpforms-field-label\" for=\"wpforms-3675-field_1\" >Nom E-mail Message<\/label>\n\t\t\t<input type=\"text\" id=\"wpforms-3675-field_1\" class=\"wpforms-field-medium\" name=\"wpforms[fields][1]\" >\n\t\t<\/div>\n\t\t<div id=\"wpforms-3675-field_5-container\" class=\"wpforms-field wpforms-field-textarea\" data-field-id=\"5\"><label class=\"wpforms-field-label\" for=\"wpforms-3675-field_5\">Message <span class=\"wpforms-required-label\" aria-hidden=\"true\">*<\/span><\/label><textarea id=\"wpforms-3675-field_5\" class=\"wpforms-field-medium wpforms-field-required\" name=\"wpforms[fields][5]\" aria-errormessage=\"wpforms-3675-field_5-error\" required><\/textarea><\/div><script>\n\t\t\t\t( function() {\n\t\t\t\t\tconst style = document.createElement( 'style' );\n\t\t\t\t\tstyle.appendChild( document.createTextNode( '#wpforms-3675-field_1-container { position: absolute !important; overflow: hidden !important; display: inline !important; height: 1px !important; width: 1px !important; z-index: -1000 !important; padding: 0 !important; } #wpforms-3675-field_1-container input { visibility: hidden; } #wpforms-conversational-form-page #wpforms-3675-field_1-container label { counter-increment: none; }' ) );\n\t\t\t\t\tdocument.head.appendChild( style );\n\t\t\t\t\tdocument.currentScript?.remove();\n\t\t\t\t} )();\n\t\t\t<\/script><\/div><!-- .wpforms-field-container --><div class=\"wpforms-submit-container\" ><input type=\"hidden\" name=\"wpforms[id]\" value=\"3675\"><input type=\"hidden\" name=\"page_title\" value=\"\"><input type=\"hidden\" name=\"page_url\" value=\"https:\/\/homeproject.fr\/fr\/wp-json\/wp\/v2\/product\/13724\"><input type=\"hidden\" name=\"url_referer\" value=\"\"><button type=\"submit\" name=\"wpforms[submit]\" id=\"wpforms-submit-3675\" class=\"wpforms-submit\" data-alt-text=\"Envoi...\" data-submit-text=\"Envoyer\" aria-live=\"assertive\" value=\"wpforms-submit\">Envoyer<\/button><img decoding=\"async\" src=\"https:\/\/homeproject.fr\/fr\/wp-content\/plugins\/wpforms-lite\/assets\/images\/submit-spin.svg\" class=\"wpforms-submit-spinner\" style=\"display: none;\" width=\"26\" height=\"26\" alt=\"Chargement en cours\"><\/div><\/form><\/div>  <!-- .wpforms-container -->\n","protected":false},"excerpt":{"rendered":"<p data-start=\"268\" data-end=\"359\"><strong data-start=\"268\" data-end=\"359\">Une touche artisanale et color\u00e9e pour sublimer vos sols et murs de salle de bain ou de cuisine.<\/strong><\/p>\n<p data-start=\"361\" data-end=\"783\">Le carreau <strong data-start=\"372\" data-end=\"404\">Classico vert pastel 6&#215;25 cm<\/strong> est un <strong data-start=\"412\" data-end=\"442\">rev\u00eatement artisanal<\/strong> en <strong data-start=\"446\" data-end=\"470\">terre cuite \u00e9maill\u00e9e<\/strong>, enti\u00e8rement fa\u00e7onn\u00e9 \u00e0 la main. Son <strong data-start=\"507\" data-end=\"537\">\u00e9maillage doux au fini mat<\/strong> et sa teinte vert pastel apportent une <strong data-start=\"577\" data-end=\"605\">note fra\u00eeche et \u00e9l\u00e9gante<\/strong> \u00e0 votre d\u00e9coration int\u00e9rieure. Fabriqu\u00e9 dans le respect des traditions, il allie l\u2019<strong data-start=\"689\" data-end=\"713\">esth\u00e9tique naturelle<\/strong> de la terre cuite \u00e0 une <strong data-start=\"738\" data-end=\"763\">palette contemporaine<\/strong> de couleurs pastel.<\/p>\n<p data-start=\"785\" data-end=\"969\">Id\u00e9al pour habiller les murs de la <strong data-start=\"820\" data-end=\"831\">cuisine<\/strong> ou de la <strong data-start=\"841\" data-end=\"858\">salle de bain<\/strong>, ce format <strong data-start=\"870\" data-end=\"880\">listel<\/strong> permet des poses vari\u00e9es : en chevron, \u00e0 l\u2019horizontale ou verticale, ou encore en frise.<\/p>\n","protected":false},"featured_media":13722,"template":"","meta":{"_uf_show_specific_survey":0,"_uf_disable_surveys":false,"iawp_total_views":16},"product_brand":[],"product_cat":[20,502],"product_tag":[],"class_list":{"0":"post-13724","1":"product","2":"type-product","3":"status-publish","4":"has-post-thumbnail","6":"product_cat-carrelage","7":"product_cat-terre-cuite","8":"product_shipping_class-carrelage","9":"pa_collection-classico","10":"pa_dimensions-nominales-6x25","11":"pa_effet-artisanal","12":"pa_effet-terre-cuite","13":"pa_epaisseur-14-mm","14":"pa_materiau-terre-cuite","16":"first","17":"instock","18":"sale","19":"taxable","20":"shipping-taxable","21":"purchasable","22":"product-type-simple"},"yoast_head":"<!-- This site is optimized with the Yoast SEO plugin v27.5 - https:\/\/yoast.com\/product\/yoast-seo-wordpress\/ -->\n<title>Carreau artisanal en Terre Cuite \u00c9maill\u00e9e 6x25 cm \u2013 Classico Vert Pastel - Homeproject.fr<\/title>\n<meta name=\"robots\" content=\"index, follow, max-snippet:-1, max-image-preview:large, max-video-preview:-1\" \/>\n<link rel=\"canonical\" href=\"https:\/\/homeproject.fr\/fr\/produit\/carreau-artisanal-en-terre-cuite-emaillee-6x25-cm-classico-vert-pastel\/\" \/>\n<meta property=\"og:locale\" content=\"fr_FR\" \/>\n<meta property=\"og:type\" content=\"article\" \/>\n<meta property=\"og:title\" content=\"Carreau artisanal en Terre Cuite \u00c9maill\u00e9e 6x25 cm \u2013 Classico Vert Pastel - Homeproject.fr\" \/>\n<meta property=\"og:description\" content=\"Une touche artisanale et color\u00e9e pour sublimer vos sols et murs de salle de bain ou de cuisine. Le carreau Classico vert pastel 6x25 cm est un rev\u00eatement artisanal en terre cuite \u00e9maill\u00e9e, enti\u00e8rement fa\u00e7onn\u00e9 \u00e0 la main. Son \u00e9maillage doux au fini mat et sa teinte vert pastel apportent une note fra\u00eeche et \u00e9l\u00e9gante \u00e0 votre d\u00e9coration int\u00e9rieure. Fabriqu\u00e9 dans le respect des traditions, il allie l\u2019esth\u00e9tique naturelle de la terre cuite \u00e0 une palette contemporaine de couleurs pastel. Id\u00e9al pour habiller les murs de la cuisine ou de la salle de bain, ce format listel permet des poses vari\u00e9es : en chevron, \u00e0 l\u2019horizontale ou verticale, ou encore en frise.\" \/>\n<meta property=\"og:url\" content=\"https:\/\/homeproject.fr\/fr\/produit\/carreau-artisanal-en-terre-cuite-emaillee-6x25-cm-classico-vert-pastel\/\" \/>\n<meta property=\"og:site_name\" content=\"Homeproject.fr\" \/>\n<meta property=\"article:modified_time\" content=\"2025-06-07T10:30:00+00:00\" \/>\n<meta property=\"og:image\" content=\"https:\/\/homeproject.fr\/fr\/wp-content\/uploads\/2025\/06\/Carrelage-artisanal-en-terre-cuite-coloree-vert-pastel-Classico-6x25-1.jpg\" \/>\n\t<meta property=\"og:image:width\" content=\"1100\" \/>\n\t<meta property=\"og:image:height\" content=\"1100\" \/>\n\t<meta property=\"og:image:type\" content=\"image\/jpeg\" \/>\n<meta name=\"twitter:card\" content=\"summary_large_image\" \/>\n<meta name=\"twitter:label1\" content=\"Dur\u00e9e de lecture estim\u00e9e\" \/>\n\t<meta name=\"twitter:data1\" content=\"1 minute\" \/>\n<script type=\"application\/ld+json\" class=\"yoast-schema-graph\">{\"@context\":\"https:\\\/\\\/schema.org\",\"@graph\":[{\"@type\":\"WebPage\",\"@id\":\"https:\\\/\\\/homeproject.fr\\\/fr\\\/produit\\\/carreau-artisanal-en-terre-cuite-emaillee-6x25-cm-classico-vert-pastel\\\/\",\"url\":\"https:\\\/\\\/homeproject.fr\\\/fr\\\/produit\\\/carreau-artisanal-en-terre-cuite-emaillee-6x25-cm-classico-vert-pastel\\\/\",\"name\":\"Carreau artisanal en Terre Cuite \u00c9maill\u00e9e 6x25 cm \u2013 Classico Vert Pastel - Homeproject.fr\",\"isPartOf\":{\"@id\":\"https:\\\/\\\/homeproject.fr\\\/fr\\\/#website\"},\"primaryImageOfPage\":{\"@id\":\"https:\\\/\\\/homeproject.fr\\\/fr\\\/produit\\\/carreau-artisanal-en-terre-cuite-emaillee-6x25-cm-classico-vert-pastel\\\/#primaryimage\"},\"image\":{\"@id\":\"https:\\\/\\\/homeproject.fr\\\/fr\\\/produit\\\/carreau-artisanal-en-terre-cuite-emaillee-6x25-cm-classico-vert-pastel\\\/#primaryimage\"},\"thumbnailUrl\":\"https:\\\/\\\/homeproject.fr\\\/fr\\\/wp-content\\\/uploads\\\/2025\\\/06\\\/Carrelage-artisanal-en-terre-cuite-coloree-vert-pastel-Classico-6x25-1.jpg\",\"datePublished\":\"2025-06-07T10:13:49+00:00\",\"dateModified\":\"2025-06-07T10:30:00+00:00\",\"breadcrumb\":{\"@id\":\"https:\\\/\\\/homeproject.fr\\\/fr\\\/produit\\\/carreau-artisanal-en-terre-cuite-emaillee-6x25-cm-classico-vert-pastel\\\/#breadcrumb\"},\"inLanguage\":\"fr-FR\",\"potentialAction\":[{\"@type\":\"ReadAction\",\"target\":[\"https:\\\/\\\/homeproject.fr\\\/fr\\\/produit\\\/carreau-artisanal-en-terre-cuite-emaillee-6x25-cm-classico-vert-pastel\\\/\"]}]},{\"@type\":\"ImageObject\",\"inLanguage\":\"fr-FR\",\"@id\":\"https:\\\/\\\/homeproject.fr\\\/fr\\\/produit\\\/carreau-artisanal-en-terre-cuite-emaillee-6x25-cm-classico-vert-pastel\\\/#primaryimage\",\"url\":\"https:\\\/\\\/homeproject.fr\\\/fr\\\/wp-content\\\/uploads\\\/2025\\\/06\\\/Carrelage-artisanal-en-terre-cuite-coloree-vert-pastel-Classico-6x25-1.jpg\",\"contentUrl\":\"https:\\\/\\\/homeproject.fr\\\/fr\\\/wp-content\\\/uploads\\\/2025\\\/06\\\/Carrelage-artisanal-en-terre-cuite-coloree-vert-pastel-Classico-6x25-1.jpg\",\"width\":1100,\"height\":1100},{\"@type\":\"BreadcrumbList\",\"@id\":\"https:\\\/\\\/homeproject.fr\\\/fr\\\/produit\\\/carreau-artisanal-en-terre-cuite-emaillee-6x25-cm-classico-vert-pastel\\\/#breadcrumb\",\"itemListElement\":[{\"@type\":\"ListItem\",\"position\":1,\"name\":\"Accueil\",\"item\":\"https:\\\/\\\/homeproject.fr\\\/fr\\\/\"},{\"@type\":\"ListItem\",\"position\":2,\"name\":\"Boutique\",\"item\":\"https:\\\/\\\/homeproject.fr\\\/fr\\\/boutique\\\/\"},{\"@type\":\"ListItem\",\"position\":3,\"name\":\"Carreau artisanal en Terre Cuite \u00c9maill\u00e9e 6&#215;25 cm \u2013 Classico Vert Pastel\"}]},{\"@type\":\"WebSite\",\"@id\":\"https:\\\/\\\/homeproject.fr\\\/fr\\\/#website\",\"url\":\"https:\\\/\\\/homeproject.fr\\\/fr\\\/\",\"name\":\"Homeproject.fr\",\"description\":\"Offrez l&#039;exceptionnel \u00e0 vos espaces \u00e0 vivre\",\"publisher\":{\"@id\":\"https:\\\/\\\/homeproject.fr\\\/fr\\\/#organization\"},\"potentialAction\":[{\"@type\":\"SearchAction\",\"target\":{\"@type\":\"EntryPoint\",\"urlTemplate\":\"https:\\\/\\\/homeproject.fr\\\/fr\\\/?s={search_term_string}\"},\"query-input\":{\"@type\":\"PropertyValueSpecification\",\"valueRequired\":true,\"valueName\":\"search_term_string\"}}],\"inLanguage\":\"fr-FR\"},{\"@type\":\"Organization\",\"@id\":\"https:\\\/\\\/homeproject.fr\\\/fr\\\/#organization\",\"name\":\"Homeproject.fr\",\"url\":\"https:\\\/\\\/homeproject.fr\\\/fr\\\/\",\"logo\":{\"@type\":\"ImageObject\",\"inLanguage\":\"fr-FR\",\"@id\":\"https:\\\/\\\/homeproject.fr\\\/fr\\\/#\\\/schema\\\/logo\\\/image\\\/\",\"url\":\"https:\\\/\\\/homeproject.fr\\\/fr\\\/wp-content\\\/uploads\\\/2024\\\/12\\\/Logo_HomeProject-noir-2.png\",\"contentUrl\":\"https:\\\/\\\/homeproject.fr\\\/fr\\\/wp-content\\\/uploads\\\/2024\\\/12\\\/Logo_HomeProject-noir-2.png\",\"width\":300,\"height\":91,\"caption\":\"Homeproject.fr\"},\"image\":{\"@id\":\"https:\\\/\\\/homeproject.fr\\\/fr\\\/#\\\/schema\\\/logo\\\/image\\\/\"}}]}<\/script>\n<!-- \/ Yoast SEO plugin. -->","yoast_head_json":{"title":"Carreau artisanal en Terre Cuite \u00c9maill\u00e9e 6x25 cm \u2013 Classico Vert Pastel - Homeproject.fr","robots":{"index":"index","follow":"follow","max-snippet":"max-snippet:-1","max-image-preview":"max-image-preview:large","max-video-preview":"max-video-preview:-1"},"canonical":"https:\/\/homeproject.fr\/fr\/produit\/carreau-artisanal-en-terre-cuite-emaillee-6x25-cm-classico-vert-pastel\/","og_locale":"fr_FR","og_type":"article","og_title":"Carreau artisanal en Terre Cuite \u00c9maill\u00e9e 6x25 cm \u2013 Classico Vert Pastel - Homeproject.fr","og_description":"Une touche artisanale et color\u00e9e pour sublimer vos sols et murs de salle de bain ou de cuisine. Le carreau Classico vert pastel 6x25 cm est un rev\u00eatement artisanal en terre cuite \u00e9maill\u00e9e, enti\u00e8rement fa\u00e7onn\u00e9 \u00e0 la main. Son \u00e9maillage doux au fini mat et sa teinte vert pastel apportent une note fra\u00eeche et \u00e9l\u00e9gante \u00e0 votre d\u00e9coration int\u00e9rieure. Fabriqu\u00e9 dans le respect des traditions, il allie l\u2019esth\u00e9tique naturelle de la terre cuite \u00e0 une palette contemporaine de couleurs pastel. Id\u00e9al pour habiller les murs de la cuisine ou de la salle de bain, ce format listel permet des poses vari\u00e9es : en chevron, \u00e0 l\u2019horizontale ou verticale, ou encore en frise.","og_url":"https:\/\/homeproject.fr\/fr\/produit\/carreau-artisanal-en-terre-cuite-emaillee-6x25-cm-classico-vert-pastel\/","og_site_name":"Homeproject.fr","article_modified_time":"2025-06-07T10:30:00+00:00","og_image":[{"width":1100,"height":1100,"url":"https:\/\/homeproject.fr\/fr\/wp-content\/uploads\/2025\/06\/Carrelage-artisanal-en-terre-cuite-coloree-vert-pastel-Classico-6x25-1.jpg","type":"image\/jpeg"}],"twitter_card":"summary_large_image","twitter_misc":{"Dur\u00e9e de lecture estim\u00e9e":"1 minute"},"schema":{"@context":"https:\/\/schema.org","@graph":[{"@type":"WebPage","@id":"https:\/\/homeproject.fr\/fr\/produit\/carreau-artisanal-en-terre-cuite-emaillee-6x25-cm-classico-vert-pastel\/","url":"https:\/\/homeproject.fr\/fr\/produit\/carreau-artisanal-en-terre-cuite-emaillee-6x25-cm-classico-vert-pastel\/","name":"Carreau artisanal en Terre Cuite \u00c9maill\u00e9e 6x25 cm \u2013 Classico Vert Pastel - Homeproject.fr","isPartOf":{"@id":"https:\/\/homeproject.fr\/fr\/#website"},"primaryImageOfPage":{"@id":"https:\/\/homeproject.fr\/fr\/produit\/carreau-artisanal-en-terre-cuite-emaillee-6x25-cm-classico-vert-pastel\/#primaryimage"},"image":{"@id":"https:\/\/homeproject.fr\/fr\/produit\/carreau-artisanal-en-terre-cuite-emaillee-6x25-cm-classico-vert-pastel\/#primaryimage"},"thumbnailUrl":"https:\/\/homeproject.fr\/fr\/wp-content\/uploads\/2025\/06\/Carrelage-artisanal-en-terre-cuite-coloree-vert-pastel-Classico-6x25-1.jpg","datePublished":"2025-06-07T10:13:49+00:00","dateModified":"2025-06-07T10:30:00+00:00","breadcrumb":{"@id":"https:\/\/homeproject.fr\/fr\/produit\/carreau-artisanal-en-terre-cuite-emaillee-6x25-cm-classico-vert-pastel\/#breadcrumb"},"inLanguage":"fr-FR","potentialAction":[{"@type":"ReadAction","target":["https:\/\/homeproject.fr\/fr\/produit\/carreau-artisanal-en-terre-cuite-emaillee-6x25-cm-classico-vert-pastel\/"]}]},{"@type":"ImageObject","inLanguage":"fr-FR","@id":"https:\/\/homeproject.fr\/fr\/produit\/carreau-artisanal-en-terre-cuite-emaillee-6x25-cm-classico-vert-pastel\/#primaryimage","url":"https:\/\/homeproject.fr\/fr\/wp-content\/uploads\/2025\/06\/Carrelage-artisanal-en-terre-cuite-coloree-vert-pastel-Classico-6x25-1.jpg","contentUrl":"https:\/\/homeproject.fr\/fr\/wp-content\/uploads\/2025\/06\/Carrelage-artisanal-en-terre-cuite-coloree-vert-pastel-Classico-6x25-1.jpg","width":1100,"height":1100},{"@type":"BreadcrumbList","@id":"https:\/\/homeproject.fr\/fr\/produit\/carreau-artisanal-en-terre-cuite-emaillee-6x25-cm-classico-vert-pastel\/#breadcrumb","itemListElement":[{"@type":"ListItem","position":1,"name":"Accueil","item":"https:\/\/homeproject.fr\/fr\/"},{"@type":"ListItem","position":2,"name":"Boutique","item":"https:\/\/homeproject.fr\/fr\/boutique\/"},{"@type":"ListItem","position":3,"name":"Carreau artisanal en Terre Cuite \u00c9maill\u00e9e 6&#215;25 cm \u2013 Classico Vert Pastel"}]},{"@type":"WebSite","@id":"https:\/\/homeproject.fr\/fr\/#website","url":"https:\/\/homeproject.fr\/fr\/","name":"Homeproject.fr","description":"Offrez l&#039;exceptionnel \u00e0 vos espaces \u00e0 vivre","publisher":{"@id":"https:\/\/homeproject.fr\/fr\/#organization"},"potentialAction":[{"@type":"SearchAction","target":{"@type":"EntryPoint","urlTemplate":"https:\/\/homeproject.fr\/fr\/?s={search_term_string}"},"query-input":{"@type":"PropertyValueSpecification","valueRequired":true,"valueName":"search_term_string"}}],"inLanguage":"fr-FR"},{"@type":"Organization","@id":"https:\/\/homeproject.fr\/fr\/#organization","name":"Homeproject.fr","url":"https:\/\/homeproject.fr\/fr\/","logo":{"@type":"ImageObject","inLanguage":"fr-FR","@id":"https:\/\/homeproject.fr\/fr\/#\/schema\/logo\/image\/","url":"https:\/\/homeproject.fr\/fr\/wp-content\/uploads\/2024\/12\/Logo_HomeProject-noir-2.png","contentUrl":"https:\/\/homeproject.fr\/fr\/wp-content\/uploads\/2024\/12\/Logo_HomeProject-noir-2.png","width":300,"height":91,"caption":"Homeproject.fr"},"image":{"@id":"https:\/\/homeproject.fr\/fr\/#\/schema\/logo\/image\/"}}]}},"_links":{"self":[{"href":"https:\/\/homeproject.fr\/fr\/wp-json\/wp\/v2\/product\/13724","targetHints":{"allow":["GET"]}}],"collection":[{"href":"https:\/\/homeproject.fr\/fr\/wp-json\/wp\/v2\/product"}],"about":[{"href":"https:\/\/homeproject.fr\/fr\/wp-json\/wp\/v2\/types\/product"}],"version-history":[{"count":2,"href":"https:\/\/homeproject.fr\/fr\/wp-json\/wp\/v2\/product\/13724\/revisions"}],"predecessor-version":[{"id":13728,"href":"https:\/\/homeproject.fr\/fr\/wp-json\/wp\/v2\/product\/13724\/revisions\/13728"}],"wp:featuredmedia":[{"embeddable":true,"href":"https:\/\/homeproject.fr\/fr\/wp-json\/wp\/v2\/media\/13722"}],"wp:attachment":[{"href":"https:\/\/homeproject.fr\/fr\/wp-json\/wp\/v2\/media?parent=13724"}],"wp:term":[{"taxonomy":"product_brand","embeddable":true,"href":"https:\/\/homeproject.fr\/fr\/wp-json\/wp\/v2\/product_brand?post=13724"},{"taxonomy":"product_cat","embeddable":true,"href":"https:\/\/homeproject.fr\/fr\/wp-json\/wp\/v2\/product_cat?post=13724"},{"taxonomy":"product_tag","embeddable":true,"href":"https:\/\/homeproject.fr\/fr\/wp-json\/wp\/v2\/product_tag?post=13724"}],"curies":[{"name":"wp","href":"https:\/\/api.w.org\/{rel}","templated":true}]}}