{"id":13675,"date":"2025-06-07T08:19:57","date_gmt":"2025-06-07T08:19:57","guid":{"rendered":"https:\/\/homeproject.fr\/fr\/?post_type=product&#038;p=13675"},"modified":"2025-06-07T08:26:54","modified_gmt":"2025-06-07T08:26:54","slug":"carreau-hexagonal-en-terre-cuite-artisanale-20x23-cm-serie-ecologica","status":"publish","type":"product","link":"https:\/\/homeproject.fr\/fr\/produit\/carreau-hexagonal-en-terre-cuite-artisanale-20x23-cm-serie-ecologica\/","title":{"rendered":"Carreau Hexagonal en Terre Cuite Artisanale 20&#215;23 cm \u2013 S\u00e9rie Ecologica"},"content":{"rendered":"<p><strong><a href=\"https:\/\/homeproject.fr\/fr\/produit\/echantillon-terre-cuite-artisanale-hexagone-20x23-cm-serie-ecologica\/\">Commander un \u00e9chantillon<\/a><\/strong><\/p>\n<div class=\"flex max-w-full flex-col flex-grow\">\n<div class=\"min-h-8 text-message flex w-full flex-col items-end gap-2 whitespace-normal break-words text-start [.text-message+&]:mt-5\" dir=\"auto\" data-message-author-role=\"assistant\" data-message-id=\"fd2864f8-4d08-4e5b-8c3b-190065db2f0e\" data-message-model-slug=\"gpt-4o\">\n<div class=\"flex w-full flex-col gap-1 empty:hidden first:pt-[3px]\">\n<div class=\"markdown prose w-full break-words dark:prose-invert light\">\n<h3 data-start=\"874\" data-end=\"902\">\u2705 <strong data-start=\"880\" data-end=\"902\">Les points forts :<\/strong><\/h3>\n<ul data-start=\"903\" data-end=\"1275\">\n<li data-start=\"903\" data-end=\"1002\">\n<p data-start=\"905\" data-end=\"1002\"><strong data-start=\"905\" data-end=\"928\">Fait main en Italie<\/strong> : chaque carreau est unique, avec des irr\u00e9gularit\u00e9s pleines de caract\u00e8re.<\/p>\n<\/li>\n<li data-start=\"1003\" data-end=\"1091\">\n<p data-start=\"1005\" data-end=\"1091\"><strong data-start=\"1005\" data-end=\"1023\">Traitement BIO<\/strong> : imperm\u00e9able et r\u00e9sistant aux taches, pour un entretien simplifi\u00e9.<\/p>\n<\/li>\n<li data-start=\"1092\" data-end=\"1181\">\n<p data-start=\"1094\" data-end=\"1181\"><strong data-start=\"1094\" data-end=\"1112\">Pose facilit\u00e9e<\/strong> : compatible avec les colles standard utilis\u00e9es pour le gr\u00e8s c\u00e9rame.<\/p>\n<\/li>\n<li data-start=\"1182\" data-end=\"1275\">\n<p data-start=\"1184\" data-end=\"1275\"><strong data-start=\"1184\" data-end=\"1211\">Durable et traditionnel<\/strong> : produit selon les m\u00e9thodes artisanales<\/p>\n<\/li>\n<\/ul>\n<h3 data-start=\"1277\" data-end=\"1317\">\ud83d\udcd0 <strong data-start=\"1284\" data-end=\"1317\">Caract\u00e9ristiques techniques :<\/strong><\/h3>\n<ul data-start=\"1318\" data-end=\"1746\">\n<li data-start=\"1318\" data-end=\"1369\">\n<p data-start=\"1320\" data-end=\"1369\"><strong data-start=\"1320\" data-end=\"1330\">Format<\/strong> : Hexagone \u2013 c\u00f4t\u00e9 11,5 cm (\u2248 20\u00d723 cm)<\/p>\n<\/li>\n<li data-start=\"1370\" data-end=\"1393\">\n<p data-start=\"1372\" data-end=\"1393\"><strong data-start=\"1372\" data-end=\"1385\">\u00c9paisseur<\/strong> : 20 mm<\/p>\n<\/li>\n<li data-start=\"1394\" data-end=\"1422\">\n<p data-start=\"1396\" data-end=\"1422\"><strong data-start=\"1396\" data-end=\"1408\">Finition<\/strong> : Mat<\/p>\n<\/li>\n<li data-start=\"1423\" data-end=\"1451\">\n<p data-start=\"1425\" data-end=\"1451\"><strong data-start=\"1425\" data-end=\"1436\">Couleur<\/strong> : Rose naturel<\/p>\n<\/li>\n<li data-start=\"1452\" data-end=\"1496\">\n<p data-start=\"1454\" data-end=\"1496\"><strong data-start=\"1454\" data-end=\"1463\">Style<\/strong> : Rustique, artisanal, fait main<\/p>\n<\/li>\n<li data-start=\"1544\" data-end=\"1600\">\n<p data-start=\"1546\" data-end=\"1600\"><strong data-start=\"1546\" data-end=\"1561\">Utilisation<\/strong> : Sols et murs \u2013 Int\u00e9rieur & Ext\u00e9rieur<\/p>\n<\/li>\n<li data-start=\"1601\" data-end=\"1667\">\n<p data-start=\"1603\" data-end=\"1667\"><strong data-start=\"1603\" data-end=\"1626\">Pi\u00e8ces recommand\u00e9es<\/strong> : Cuisine, Salle de bain, Chambre, Salon<\/p>\n<\/li>\n<li data-start=\"1668\" data-end=\"1688\">\n<p data-start=\"1670\" data-end=\"1688\"><strong data-start=\"1670\" data-end=\"1682\">Rectifi\u00e9<\/strong> : Non<\/p>\n<\/li>\n<\/ul>\n<h4 class=\"\" data-start=\"1028\" data-end=\"1062\"><strong style=\"font-family: inherit; font-size: 30px;\">Vous avez des questions ?<\/strong><\/h4>\n<\/div>\n<\/div>\n<\/div>\n<\/div>\n<style id=\"wpforms-css-vars-3675\">\n\t\t\t\t#wpforms-3675 {\n\t\t\t\t\n\t\t\t}\n\t\t\t<\/style><div class=\"wpforms-container wpforms-container-full wpforms-render-modern\" id=\"wpforms-3675\"><form id=\"wpforms-form-3675\" class=\"wpforms-validate wpforms-form wpforms-ajax-form\" data-formid=\"3675\" method=\"post\" enctype=\"multipart\/form-data\" action=\"\/fr\/wp-json\/wp\/v2\/product\/13675\" data-token=\"40ada6e9151c970e4278e2da3e5409c5\" data-token-time=\"1777938425\"><noscript class=\"wpforms-error-noscript\">Veuillez activer JavaScript dans votre navigateur pour remplir ce formulaire.<\/noscript><div id=\"wpforms-error-noscript\" style=\"display: none;\">Veuillez activer JavaScript dans votre navigateur pour remplir ce formulaire.<\/div><div class=\"wpforms-field-container\">\t\t<div id=\"wpforms-3675-field_1-container\"\n\t\t\tclass=\"wpforms-field wpforms-field-text\"\n\t\t\tdata-field-type=\"text\"\n\t\t\tdata-field-id=\"1\"\n\t\t\t>\n\t\t\t<label class=\"wpforms-field-label\" for=\"wpforms-3675-field_1\" >E-mail Message Nom<\/label>\n\t\t\t<input type=\"text\" id=\"wpforms-3675-field_1\" class=\"wpforms-field-medium\" name=\"wpforms[fields][1]\" >\n\t\t<\/div>\n\t\t<div id=\"wpforms-3675-field_3-container\" class=\"wpforms-field wpforms-field-name\" data-field-id=\"3\"><fieldset><legend class=\"wpforms-field-label\">Nom <span class=\"wpforms-required-label\" aria-hidden=\"true\">*<\/span><\/legend><div class=\"wpforms-field-row wpforms-field-medium\"><div class=\"wpforms-field-row-block wpforms-first wpforms-one-half\"><input type=\"text\" id=\"wpforms-3675-field_3\" class=\"wpforms-field-name-first wpforms-field-required\" name=\"wpforms[fields][3][first]\" aria-errormessage=\"wpforms-3675-field_3-error\" required><label for=\"wpforms-3675-field_3\" class=\"wpforms-field-sublabel after\">Pr\u00e9nom<\/label><\/div><div class=\"wpforms-field-row-block wpforms-one-half\"><input type=\"text\" id=\"wpforms-3675-field_3-last\" class=\"wpforms-field-name-last wpforms-field-required\" name=\"wpforms[fields][3][last]\" aria-errormessage=\"wpforms-3675-field_3-last-error\" required><label for=\"wpforms-3675-field_3-last\" class=\"wpforms-field-sublabel after\">Nom<\/label><\/div><\/div><\/fieldset><\/div><div id=\"wpforms-3675-field_4-container\" class=\"wpforms-field wpforms-field-email\" data-field-id=\"4\"><label class=\"wpforms-field-label\" for=\"wpforms-3675-field_4\">E-mail <span class=\"wpforms-required-label\" aria-hidden=\"true\">*<\/span><\/label><input type=\"email\" id=\"wpforms-3675-field_4\" class=\"wpforms-field-medium wpforms-field-required\" name=\"wpforms[fields][4]\" spellcheck=\"false\" aria-errormessage=\"wpforms-3675-field_4-error\" required><\/div><div id=\"wpforms-3675-field_5-container\" class=\"wpforms-field wpforms-field-textarea\" data-field-id=\"5\"><label class=\"wpforms-field-label\" for=\"wpforms-3675-field_5\">Message <span class=\"wpforms-required-label\" aria-hidden=\"true\">*<\/span><\/label><textarea id=\"wpforms-3675-field_5\" class=\"wpforms-field-medium wpforms-field-required\" name=\"wpforms[fields][5]\" aria-errormessage=\"wpforms-3675-field_5-error\" required><\/textarea><\/div><script>\n\t\t\t\t( function() {\n\t\t\t\t\tconst style = document.createElement( 'style' );\n\t\t\t\t\tstyle.appendChild( document.createTextNode( '#wpforms-3675-field_1-container { position: absolute !important; overflow: hidden !important; display: inline !important; height: 1px !important; width: 1px !important; z-index: -1000 !important; padding: 0 !important; } #wpforms-3675-field_1-container input { visibility: hidden; } #wpforms-conversational-form-page #wpforms-3675-field_1-container label { counter-increment: none; }' ) );\n\t\t\t\t\tdocument.head.appendChild( style );\n\t\t\t\t\tdocument.currentScript?.remove();\n\t\t\t\t} )();\n\t\t\t<\/script><\/div><!-- .wpforms-field-container --><div class=\"wpforms-submit-container\" ><input type=\"hidden\" name=\"wpforms[id]\" value=\"3675\"><input type=\"hidden\" name=\"page_title\" value=\"\"><input type=\"hidden\" name=\"page_url\" value=\"https:\/\/homeproject.fr\/fr\/wp-json\/wp\/v2\/product\/13675\"><input type=\"hidden\" name=\"url_referer\" value=\"\"><button type=\"submit\" name=\"wpforms[submit]\" id=\"wpforms-submit-3675\" class=\"wpforms-submit\" data-alt-text=\"Envoi...\" data-submit-text=\"Envoyer\" aria-live=\"assertive\" value=\"wpforms-submit\">Envoyer<\/button><img decoding=\"async\" src=\"https:\/\/homeproject.fr\/fr\/wp-content\/plugins\/wpforms-lite\/assets\/images\/submit-spin.svg\" class=\"wpforms-submit-spinner\" style=\"display: none;\" width=\"26\" height=\"26\" alt=\"Chargement en cours\"><\/div><\/form><\/div>  <!-- .wpforms-container -->\n","protected":false},"excerpt":{"rendered":"<p data-start=\"259\" data-end=\"352\"><strong data-start=\"259\" data-end=\"352\">Authenticit\u00e9 et charme italien r\u00e9unis dans un carreau en terre cuite hexagonal fait main.<\/strong><\/p>\n<p data-start=\"354\" data-end=\"675\">Fabriqu\u00e9 enti\u00e8rement \u00e0 la main en Italie, le carreau <strong data-start=\"407\" data-end=\"429\">hexagonal 20&#215;23 cm<\/strong> (c\u00f4t\u00e9 11,5 cm) de la gamme <strong data-start=\"457\" data-end=\"470\">Ecologica<\/strong> allie esth\u00e9tique rustique et haute performance. Gr\u00e2ce \u00e0 son <strong data-start=\"531\" data-end=\"559\">traitement BIO antitache<\/strong>, il convient aussi bien aux espaces <strong data-start=\"596\" data-end=\"624\">int\u00e9rieurs qu&rsquo;ext\u00e9rieurs<\/strong>, tout en \u00e9tant <strong data-start=\"640\" data-end=\"658\">facile \u00e0 poser<\/strong> et \u00e0 entretenir.<\/p>\n<p data-start=\"677\" data-end=\"872\">Id\u00e9al pour cr\u00e9er des ambiances chaleureuses et intemporelles, ce format hexagonal permet des compositions originales, adapt\u00e9es \u00e0 tous types de pi\u00e8ces : cuisine, salle de bain, s\u00e9jour ou terrasse.<\/p>\n","protected":false},"featured_media":13676,"template":"","meta":{"_uf_show_specific_survey":0,"_uf_disable_surveys":false,"iawp_total_views":29},"product_brand":[],"product_cat":[20,502],"product_tag":[],"class_list":{"0":"post-13675","1":"product","2":"type-product","3":"status-publish","4":"has-post-thumbnail","6":"product_cat-carrelage","7":"product_cat-terre-cuite","8":"product_shipping_class-carrelage","9":"pa_collection-ecologica","10":"pa_dimensions-nominales-20x23","11":"pa_effet-artisanal","12":"pa_effet-terre-cuite","13":"pa_epaisseur-20-mm","14":"pa_materiau-terre-cuite","16":"first","17":"instock","18":"sale","19":"taxable","20":"shipping-taxable","21":"purchasable","22":"product-type-simple"},"yoast_head":"<!-- This site is optimized with the Yoast SEO plugin v27.5 - https:\/\/yoast.com\/product\/yoast-seo-wordpress\/ -->\n<title>Carreau Hexagonal en Terre Cuite Artisanale 20x23 cm \u2013 S\u00e9rie Ecologica - Homeproject.fr<\/title>\n<meta name=\"robots\" content=\"index, follow, max-snippet:-1, max-image-preview:large, max-video-preview:-1\" \/>\n<link rel=\"canonical\" href=\"https:\/\/homeproject.fr\/fr\/produit\/carreau-hexagonal-en-terre-cuite-artisanale-20x23-cm-serie-ecologica\/\" \/>\n<meta property=\"og:locale\" content=\"fr_FR\" \/>\n<meta property=\"og:type\" content=\"article\" \/>\n<meta property=\"og:title\" content=\"Carreau Hexagonal en Terre Cuite Artisanale 20x23 cm \u2013 S\u00e9rie Ecologica - Homeproject.fr\" \/>\n<meta property=\"og:description\" content=\"Authenticit\u00e9 et charme italien r\u00e9unis dans un carreau en terre cuite hexagonal fait main. Fabriqu\u00e9 enti\u00e8rement \u00e0 la main en Italie, le carreau hexagonal 20x23 cm (c\u00f4t\u00e9 11,5 cm) de la gamme Ecologica allie esth\u00e9tique rustique et haute performance. Gr\u00e2ce \u00e0 son traitement BIO antitache, il convient aussi bien aux espaces int\u00e9rieurs qu&#039;ext\u00e9rieurs, tout en \u00e9tant facile \u00e0 poser et \u00e0 entretenir. Id\u00e9al pour cr\u00e9er des ambiances chaleureuses et intemporelles, ce format hexagonal permet des compositions originales, adapt\u00e9es \u00e0 tous types de pi\u00e8ces : cuisine, salle de bain, s\u00e9jour ou terrasse.\" \/>\n<meta property=\"og:url\" content=\"https:\/\/homeproject.fr\/fr\/produit\/carreau-hexagonal-en-terre-cuite-artisanale-20x23-cm-serie-ecologica\/\" \/>\n<meta property=\"og:site_name\" content=\"Homeproject.fr\" \/>\n<meta property=\"article:modified_time\" content=\"2025-06-07T08:26:54+00:00\" \/>\n<meta property=\"og:image\" content=\"https:\/\/homeproject.fr\/fr\/wp-content\/uploads\/2025\/06\/Terre-cuite-faite-a-la-main-hexagone-artisanale-Ecologica-Bio-Rombo-20x23-2.jpg\" \/>\n\t<meta property=\"og:image:width\" content=\"1100\" \/>\n\t<meta property=\"og:image:height\" content=\"1100\" \/>\n\t<meta property=\"og:image:type\" content=\"image\/jpeg\" \/>\n<meta name=\"twitter:card\" content=\"summary_large_image\" \/>\n<meta name=\"twitter:label1\" content=\"Dur\u00e9e de lecture estim\u00e9e\" \/>\n\t<meta name=\"twitter:data1\" content=\"1 minute\" \/>\n<script type=\"application\/ld+json\" class=\"yoast-schema-graph\">{\"@context\":\"https:\\\/\\\/schema.org\",\"@graph\":[{\"@type\":\"WebPage\",\"@id\":\"https:\\\/\\\/homeproject.fr\\\/fr\\\/produit\\\/carreau-hexagonal-en-terre-cuite-artisanale-20x23-cm-serie-ecologica\\\/\",\"url\":\"https:\\\/\\\/homeproject.fr\\\/fr\\\/produit\\\/carreau-hexagonal-en-terre-cuite-artisanale-20x23-cm-serie-ecologica\\\/\",\"name\":\"Carreau Hexagonal en Terre Cuite Artisanale 20x23 cm \u2013 S\u00e9rie Ecologica - Homeproject.fr\",\"isPartOf\":{\"@id\":\"https:\\\/\\\/homeproject.fr\\\/fr\\\/#website\"},\"primaryImageOfPage\":{\"@id\":\"https:\\\/\\\/homeproject.fr\\\/fr\\\/produit\\\/carreau-hexagonal-en-terre-cuite-artisanale-20x23-cm-serie-ecologica\\\/#primaryimage\"},\"image\":{\"@id\":\"https:\\\/\\\/homeproject.fr\\\/fr\\\/produit\\\/carreau-hexagonal-en-terre-cuite-artisanale-20x23-cm-serie-ecologica\\\/#primaryimage\"},\"thumbnailUrl\":\"https:\\\/\\\/homeproject.fr\\\/fr\\\/wp-content\\\/uploads\\\/2025\\\/06\\\/Terre-cuite-faite-a-la-main-hexagone-artisanale-Ecologica-Bio-Rombo-20x23-2.jpg\",\"datePublished\":\"2025-06-07T08:19:57+00:00\",\"dateModified\":\"2025-06-07T08:26:54+00:00\",\"breadcrumb\":{\"@id\":\"https:\\\/\\\/homeproject.fr\\\/fr\\\/produit\\\/carreau-hexagonal-en-terre-cuite-artisanale-20x23-cm-serie-ecologica\\\/#breadcrumb\"},\"inLanguage\":\"fr-FR\",\"potentialAction\":[{\"@type\":\"ReadAction\",\"target\":[\"https:\\\/\\\/homeproject.fr\\\/fr\\\/produit\\\/carreau-hexagonal-en-terre-cuite-artisanale-20x23-cm-serie-ecologica\\\/\"]}]},{\"@type\":\"ImageObject\",\"inLanguage\":\"fr-FR\",\"@id\":\"https:\\\/\\\/homeproject.fr\\\/fr\\\/produit\\\/carreau-hexagonal-en-terre-cuite-artisanale-20x23-cm-serie-ecologica\\\/#primaryimage\",\"url\":\"https:\\\/\\\/homeproject.fr\\\/fr\\\/wp-content\\\/uploads\\\/2025\\\/06\\\/Terre-cuite-faite-a-la-main-hexagone-artisanale-Ecologica-Bio-Rombo-20x23-2.jpg\",\"contentUrl\":\"https:\\\/\\\/homeproject.fr\\\/fr\\\/wp-content\\\/uploads\\\/2025\\\/06\\\/Terre-cuite-faite-a-la-main-hexagone-artisanale-Ecologica-Bio-Rombo-20x23-2.jpg\",\"width\":1100,\"height\":1100},{\"@type\":\"BreadcrumbList\",\"@id\":\"https:\\\/\\\/homeproject.fr\\\/fr\\\/produit\\\/carreau-hexagonal-en-terre-cuite-artisanale-20x23-cm-serie-ecologica\\\/#breadcrumb\",\"itemListElement\":[{\"@type\":\"ListItem\",\"position\":1,\"name\":\"Accueil\",\"item\":\"https:\\\/\\\/homeproject.fr\\\/fr\\\/\"},{\"@type\":\"ListItem\",\"position\":2,\"name\":\"Boutique\",\"item\":\"https:\\\/\\\/homeproject.fr\\\/fr\\\/boutique\\\/\"},{\"@type\":\"ListItem\",\"position\":3,\"name\":\"Carreau Hexagonal en Terre Cuite Artisanale 20&#215;23 cm \u2013 S\u00e9rie Ecologica\"}]},{\"@type\":\"WebSite\",\"@id\":\"https:\\\/\\\/homeproject.fr\\\/fr\\\/#website\",\"url\":\"https:\\\/\\\/homeproject.fr\\\/fr\\\/\",\"name\":\"Homeproject.fr\",\"description\":\"Offrez l&#039;exceptionnel \u00e0 vos espaces \u00e0 vivre\",\"publisher\":{\"@id\":\"https:\\\/\\\/homeproject.fr\\\/fr\\\/#organization\"},\"potentialAction\":[{\"@type\":\"SearchAction\",\"target\":{\"@type\":\"EntryPoint\",\"urlTemplate\":\"https:\\\/\\\/homeproject.fr\\\/fr\\\/?s={search_term_string}\"},\"query-input\":{\"@type\":\"PropertyValueSpecification\",\"valueRequired\":true,\"valueName\":\"search_term_string\"}}],\"inLanguage\":\"fr-FR\"},{\"@type\":\"Organization\",\"@id\":\"https:\\\/\\\/homeproject.fr\\\/fr\\\/#organization\",\"name\":\"Homeproject.fr\",\"url\":\"https:\\\/\\\/homeproject.fr\\\/fr\\\/\",\"logo\":{\"@type\":\"ImageObject\",\"inLanguage\":\"fr-FR\",\"@id\":\"https:\\\/\\\/homeproject.fr\\\/fr\\\/#\\\/schema\\\/logo\\\/image\\\/\",\"url\":\"https:\\\/\\\/homeproject.fr\\\/fr\\\/wp-content\\\/uploads\\\/2024\\\/12\\\/Logo_HomeProject-noir-2.png\",\"contentUrl\":\"https:\\\/\\\/homeproject.fr\\\/fr\\\/wp-content\\\/uploads\\\/2024\\\/12\\\/Logo_HomeProject-noir-2.png\",\"width\":300,\"height\":91,\"caption\":\"Homeproject.fr\"},\"image\":{\"@id\":\"https:\\\/\\\/homeproject.fr\\\/fr\\\/#\\\/schema\\\/logo\\\/image\\\/\"}}]}<\/script>\n<!-- \/ Yoast SEO plugin. -->","yoast_head_json":{"title":"Carreau Hexagonal en Terre Cuite Artisanale 20x23 cm \u2013 S\u00e9rie Ecologica - Homeproject.fr","robots":{"index":"index","follow":"follow","max-snippet":"max-snippet:-1","max-image-preview":"max-image-preview:large","max-video-preview":"max-video-preview:-1"},"canonical":"https:\/\/homeproject.fr\/fr\/produit\/carreau-hexagonal-en-terre-cuite-artisanale-20x23-cm-serie-ecologica\/","og_locale":"fr_FR","og_type":"article","og_title":"Carreau Hexagonal en Terre Cuite Artisanale 20x23 cm \u2013 S\u00e9rie Ecologica - Homeproject.fr","og_description":"Authenticit\u00e9 et charme italien r\u00e9unis dans un carreau en terre cuite hexagonal fait main. Fabriqu\u00e9 enti\u00e8rement \u00e0 la main en Italie, le carreau hexagonal 20x23 cm (c\u00f4t\u00e9 11,5 cm) de la gamme Ecologica allie esth\u00e9tique rustique et haute performance. Gr\u00e2ce \u00e0 son traitement BIO antitache, il convient aussi bien aux espaces int\u00e9rieurs qu'ext\u00e9rieurs, tout en \u00e9tant facile \u00e0 poser et \u00e0 entretenir. Id\u00e9al pour cr\u00e9er des ambiances chaleureuses et intemporelles, ce format hexagonal permet des compositions originales, adapt\u00e9es \u00e0 tous types de pi\u00e8ces : cuisine, salle de bain, s\u00e9jour ou terrasse.","og_url":"https:\/\/homeproject.fr\/fr\/produit\/carreau-hexagonal-en-terre-cuite-artisanale-20x23-cm-serie-ecologica\/","og_site_name":"Homeproject.fr","article_modified_time":"2025-06-07T08:26:54+00:00","og_image":[{"width":1100,"height":1100,"url":"https:\/\/homeproject.fr\/fr\/wp-content\/uploads\/2025\/06\/Terre-cuite-faite-a-la-main-hexagone-artisanale-Ecologica-Bio-Rombo-20x23-2.jpg","type":"image\/jpeg"}],"twitter_card":"summary_large_image","twitter_misc":{"Dur\u00e9e de lecture estim\u00e9e":"1 minute"},"schema":{"@context":"https:\/\/schema.org","@graph":[{"@type":"WebPage","@id":"https:\/\/homeproject.fr\/fr\/produit\/carreau-hexagonal-en-terre-cuite-artisanale-20x23-cm-serie-ecologica\/","url":"https:\/\/homeproject.fr\/fr\/produit\/carreau-hexagonal-en-terre-cuite-artisanale-20x23-cm-serie-ecologica\/","name":"Carreau Hexagonal en Terre Cuite Artisanale 20x23 cm \u2013 S\u00e9rie Ecologica - Homeproject.fr","isPartOf":{"@id":"https:\/\/homeproject.fr\/fr\/#website"},"primaryImageOfPage":{"@id":"https:\/\/homeproject.fr\/fr\/produit\/carreau-hexagonal-en-terre-cuite-artisanale-20x23-cm-serie-ecologica\/#primaryimage"},"image":{"@id":"https:\/\/homeproject.fr\/fr\/produit\/carreau-hexagonal-en-terre-cuite-artisanale-20x23-cm-serie-ecologica\/#primaryimage"},"thumbnailUrl":"https:\/\/homeproject.fr\/fr\/wp-content\/uploads\/2025\/06\/Terre-cuite-faite-a-la-main-hexagone-artisanale-Ecologica-Bio-Rombo-20x23-2.jpg","datePublished":"2025-06-07T08:19:57+00:00","dateModified":"2025-06-07T08:26:54+00:00","breadcrumb":{"@id":"https:\/\/homeproject.fr\/fr\/produit\/carreau-hexagonal-en-terre-cuite-artisanale-20x23-cm-serie-ecologica\/#breadcrumb"},"inLanguage":"fr-FR","potentialAction":[{"@type":"ReadAction","target":["https:\/\/homeproject.fr\/fr\/produit\/carreau-hexagonal-en-terre-cuite-artisanale-20x23-cm-serie-ecologica\/"]}]},{"@type":"ImageObject","inLanguage":"fr-FR","@id":"https:\/\/homeproject.fr\/fr\/produit\/carreau-hexagonal-en-terre-cuite-artisanale-20x23-cm-serie-ecologica\/#primaryimage","url":"https:\/\/homeproject.fr\/fr\/wp-content\/uploads\/2025\/06\/Terre-cuite-faite-a-la-main-hexagone-artisanale-Ecologica-Bio-Rombo-20x23-2.jpg","contentUrl":"https:\/\/homeproject.fr\/fr\/wp-content\/uploads\/2025\/06\/Terre-cuite-faite-a-la-main-hexagone-artisanale-Ecologica-Bio-Rombo-20x23-2.jpg","width":1100,"height":1100},{"@type":"BreadcrumbList","@id":"https:\/\/homeproject.fr\/fr\/produit\/carreau-hexagonal-en-terre-cuite-artisanale-20x23-cm-serie-ecologica\/#breadcrumb","itemListElement":[{"@type":"ListItem","position":1,"name":"Accueil","item":"https:\/\/homeproject.fr\/fr\/"},{"@type":"ListItem","position":2,"name":"Boutique","item":"https:\/\/homeproject.fr\/fr\/boutique\/"},{"@type":"ListItem","position":3,"name":"Carreau Hexagonal en Terre Cuite Artisanale 20&#215;23 cm \u2013 S\u00e9rie Ecologica"}]},{"@type":"WebSite","@id":"https:\/\/homeproject.fr\/fr\/#website","url":"https:\/\/homeproject.fr\/fr\/","name":"Homeproject.fr","description":"Offrez l&#039;exceptionnel \u00e0 vos espaces \u00e0 vivre","publisher":{"@id":"https:\/\/homeproject.fr\/fr\/#organization"},"potentialAction":[{"@type":"SearchAction","target":{"@type":"EntryPoint","urlTemplate":"https:\/\/homeproject.fr\/fr\/?s={search_term_string}"},"query-input":{"@type":"PropertyValueSpecification","valueRequired":true,"valueName":"search_term_string"}}],"inLanguage":"fr-FR"},{"@type":"Organization","@id":"https:\/\/homeproject.fr\/fr\/#organization","name":"Homeproject.fr","url":"https:\/\/homeproject.fr\/fr\/","logo":{"@type":"ImageObject","inLanguage":"fr-FR","@id":"https:\/\/homeproject.fr\/fr\/#\/schema\/logo\/image\/","url":"https:\/\/homeproject.fr\/fr\/wp-content\/uploads\/2024\/12\/Logo_HomeProject-noir-2.png","contentUrl":"https:\/\/homeproject.fr\/fr\/wp-content\/uploads\/2024\/12\/Logo_HomeProject-noir-2.png","width":300,"height":91,"caption":"Homeproject.fr"},"image":{"@id":"https:\/\/homeproject.fr\/fr\/#\/schema\/logo\/image\/"}}]}},"_links":{"self":[{"href":"https:\/\/homeproject.fr\/fr\/wp-json\/wp\/v2\/product\/13675","targetHints":{"allow":["GET"]}}],"collection":[{"href":"https:\/\/homeproject.fr\/fr\/wp-json\/wp\/v2\/product"}],"about":[{"href":"https:\/\/homeproject.fr\/fr\/wp-json\/wp\/v2\/types\/product"}],"version-history":[{"count":1,"href":"https:\/\/homeproject.fr\/fr\/wp-json\/wp\/v2\/product\/13675\/revisions"}],"predecessor-version":[{"id":13677,"href":"https:\/\/homeproject.fr\/fr\/wp-json\/wp\/v2\/product\/13675\/revisions\/13677"}],"wp:featuredmedia":[{"embeddable":true,"href":"https:\/\/homeproject.fr\/fr\/wp-json\/wp\/v2\/media\/13676"}],"wp:attachment":[{"href":"https:\/\/homeproject.fr\/fr\/wp-json\/wp\/v2\/media?parent=13675"}],"wp:term":[{"taxonomy":"product_brand","embeddable":true,"href":"https:\/\/homeproject.fr\/fr\/wp-json\/wp\/v2\/product_brand?post=13675"},{"taxonomy":"product_cat","embeddable":true,"href":"https:\/\/homeproject.fr\/fr\/wp-json\/wp\/v2\/product_cat?post=13675"},{"taxonomy":"product_tag","embeddable":true,"href":"https:\/\/homeproject.fr\/fr\/wp-json\/wp\/v2\/product_tag?post=13675"}],"curies":[{"name":"wp","href":"https:\/\/api.w.org\/{rel}","templated":true}]}}