{"id":13656,"date":"2025-06-07T07:57:33","date_gmt":"2025-06-07T07:57:33","guid":{"rendered":"https:\/\/homeproject.fr\/fr\/?post_type=product&#038;p=13656"},"modified":"2025-06-07T08:08:04","modified_gmt":"2025-06-07T08:08:04","slug":"carreau-en-terre-cuite-artisanale-rombo-13x235-cm-serie-ecologica","status":"publish","type":"product","link":"https:\/\/homeproject.fr\/fr\/produit\/carreau-en-terre-cuite-artisanale-rombo-13x235-cm-serie-ecologica\/","title":{"rendered":"Carreau en Terre Cuite Artisanale Rombo 13&#215;23,5 cm \u2013 S\u00e9rie Ecologica"},"content":{"rendered":"<p><strong><a href=\"https:\/\/homeproject.fr\/fr\/produit\/echantillon-terre-cuite-artisanale-rombo-13x235-cm-serie-ecologica\/\">Commander un \u00e9chantillon<\/a><\/strong><\/p>\n<div class=\"flex max-w-full flex-col flex-grow\">\n<div class=\"min-h-8 text-message flex w-full flex-col items-end gap-2 whitespace-normal break-words text-start [.text-message+&]:mt-5\" dir=\"auto\" data-message-author-role=\"assistant\" data-message-id=\"fd2864f8-4d08-4e5b-8c3b-190065db2f0e\" data-message-model-slug=\"gpt-4o\">\n<div class=\"flex w-full flex-col gap-1 empty:hidden first:pt-[3px]\">\n<div class=\"markdown prose w-full break-words dark:prose-invert light\">\n<h3 data-start=\"748\" data-end=\"793\">\u2705 <strong data-start=\"754\" data-end=\"793\">Les avantages du Rombo 13\u00d723,5 cm :<\/strong><\/h3>\n<ul data-start=\"794\" data-end=\"1154\">\n<li data-start=\"794\" data-end=\"879\">\n<p data-start=\"796\" data-end=\"879\"><strong data-start=\"796\" data-end=\"819\">Fait main en Italie<\/strong> : chaque pi\u00e8ce est unique, \u00e0 l\u2019aspect chaleureux et vivant.<\/p>\n<\/li>\n<li data-start=\"880\" data-end=\"951\">\n<p data-start=\"882\" data-end=\"951\"><strong data-start=\"882\" data-end=\"903\">Pr\u00e9traitement BIO<\/strong> : imperm\u00e9abilis\u00e9, antitache, facile \u00e0 nettoyer.<\/p>\n<\/li>\n<li data-start=\"952\" data-end=\"1064\">\n<p data-start=\"954\" data-end=\"1064\"><strong data-start=\"954\" data-end=\"981\">Installation simplifi\u00e9e<\/strong> : pose traditionnelle avec colle \u00e0 carrelage standard (comme pour du gr\u00e8s c\u00e9rame).<\/p>\n<\/li>\n<li data-start=\"1065\" data-end=\"1154\">\n<p data-start=\"1067\" data-end=\"1154\"><strong data-start=\"1067\" data-end=\"1090\">R\u00e9sistance optimale<\/strong> : convient aux zones de passage intense, durable et intemporel.<\/p>\n<\/li>\n<\/ul>\n<h3 data-start=\"1156\" data-end=\"1196\">\ud83d\udcd0 <strong data-start=\"1163\" data-end=\"1196\">Caract\u00e9ristiques techniques :<\/strong><\/h3>\n<ul data-start=\"1197\" data-end=\"1596\">\n<li data-start=\"1197\" data-end=\"1230\">\n<p data-start=\"1199\" data-end=\"1230\"><strong data-start=\"1199\" data-end=\"1209\">Format<\/strong> : Losange 13\u00d723,5 cm<\/p>\n<\/li>\n<li data-start=\"1231\" data-end=\"1254\">\n<p data-start=\"1233\" data-end=\"1254\"><strong data-start=\"1233\" data-end=\"1246\">\u00c9paisseur<\/strong> : 20 mm<\/p>\n<\/li>\n<li data-start=\"1255\" data-end=\"1283\">\n<p data-start=\"1257\" data-end=\"1283\"><strong data-start=\"1257\" data-end=\"1269\">Finition<\/strong> : Mate<\/p>\n<\/li>\n<li data-start=\"1284\" data-end=\"1312\">\n<p data-start=\"1286\" data-end=\"1312\"><strong data-start=\"1286\" data-end=\"1297\">Couleur<\/strong> : Rose naturel<\/p>\n<\/li>\n<li data-start=\"1313\" data-end=\"1346\">\n<p data-start=\"1315\" data-end=\"1346\"><strong data-start=\"1315\" data-end=\"1324\">Style<\/strong> : Rustique, artisanal<\/p>\n<\/li>\n<li data-start=\"1365\" data-end=\"1393\">\n<p data-start=\"1367\" data-end=\"1393\"><strong data-start=\"1367\" data-end=\"1381\">Collection<\/strong> : Ecologica<\/p>\n<\/li>\n<li data-start=\"1394\" data-end=\"1450\">\n<p data-start=\"1396\" data-end=\"1450\"><strong data-start=\"1396\" data-end=\"1411\">Utilisation<\/strong> : Sols et murs \u2013 Int\u00e9rieur & Ext\u00e9rieur<\/p>\n<\/li>\n<li data-start=\"1451\" data-end=\"1517\">\n<p data-start=\"1453\" data-end=\"1517\"><strong data-start=\"1453\" data-end=\"1476\">Pi\u00e8ces recommand\u00e9es<\/strong> : Cuisine, Salle de bain, Chambre, Salon<\/p>\n<\/li>\n<li data-start=\"1518\" data-end=\"1538\">\n<p data-start=\"1520\" data-end=\"1538\"><strong data-start=\"1520\" data-end=\"1532\">Rectifi\u00e9<\/strong> : Non<\/p>\n<\/li>\n<\/ul>\n<h4 class=\"\" data-start=\"1028\" data-end=\"1062\"><strong style=\"font-family: inherit; font-size: 30px;\">Vous avez des questions ?<\/strong><\/h4>\n<\/div>\n<\/div>\n<\/div>\n<\/div>\n<style id=\"wpforms-css-vars-3675\">\n\t\t\t\t#wpforms-3675 {\n\t\t\t\t\n\t\t\t}\n\t\t\t<\/style><div class=\"wpforms-container wpforms-container-full wpforms-render-modern\" id=\"wpforms-3675\"><form id=\"wpforms-form-3675\" class=\"wpforms-validate wpforms-form wpforms-ajax-form\" data-formid=\"3675\" method=\"post\" enctype=\"multipart\/form-data\" action=\"\/fr\/wp-json\/wp\/v2\/product\/13656\" data-token=\"31e49380f0f606313872a4c94eb2ab41\" data-token-time=\"1778142973\"><noscript class=\"wpforms-error-noscript\">Veuillez activer JavaScript dans votre navigateur pour remplir ce formulaire.<\/noscript><div id=\"wpforms-error-noscript\" style=\"display: none;\">Veuillez activer JavaScript dans votre navigateur pour remplir ce formulaire.<\/div><div class=\"wpforms-field-container\"><div id=\"wpforms-3675-field_3-container\" class=\"wpforms-field wpforms-field-name\" data-field-id=\"3\"><fieldset><legend class=\"wpforms-field-label\">Nom <span class=\"wpforms-required-label\" aria-hidden=\"true\">*<\/span><\/legend><div class=\"wpforms-field-row wpforms-field-medium\"><div class=\"wpforms-field-row-block wpforms-first wpforms-one-half\"><input type=\"text\" id=\"wpforms-3675-field_3\" class=\"wpforms-field-name-first wpforms-field-required\" name=\"wpforms[fields][3][first]\" aria-errormessage=\"wpforms-3675-field_3-error\" required><label for=\"wpforms-3675-field_3\" class=\"wpforms-field-sublabel after\">Pr\u00e9nom<\/label><\/div><div class=\"wpforms-field-row-block wpforms-one-half\"><input type=\"text\" id=\"wpforms-3675-field_3-last\" class=\"wpforms-field-name-last wpforms-field-required\" name=\"wpforms[fields][3][last]\" aria-errormessage=\"wpforms-3675-field_3-last-error\" required><label for=\"wpforms-3675-field_3-last\" class=\"wpforms-field-sublabel after\">Nom<\/label><\/div><\/div><\/fieldset><\/div>\t\t<div id=\"wpforms-3675-field_1-container\"\n\t\t\tclass=\"wpforms-field wpforms-field-text\"\n\t\t\tdata-field-type=\"text\"\n\t\t\tdata-field-id=\"1\"\n\t\t\t>\n\t\t\t<label class=\"wpforms-field-label\" for=\"wpforms-3675-field_1\" >Nom Message E-mail<\/label>\n\t\t\t<input type=\"text\" id=\"wpforms-3675-field_1\" class=\"wpforms-field-medium\" name=\"wpforms[fields][1]\" >\n\t\t<\/div>\n\t\t<div id=\"wpforms-3675-field_4-container\" class=\"wpforms-field wpforms-field-email\" data-field-id=\"4\"><label class=\"wpforms-field-label\" for=\"wpforms-3675-field_4\">E-mail <span class=\"wpforms-required-label\" aria-hidden=\"true\">*<\/span><\/label><input type=\"email\" id=\"wpforms-3675-field_4\" class=\"wpforms-field-medium wpforms-field-required\" name=\"wpforms[fields][4]\" spellcheck=\"false\" aria-errormessage=\"wpforms-3675-field_4-error\" required><\/div><div id=\"wpforms-3675-field_5-container\" class=\"wpforms-field wpforms-field-textarea\" data-field-id=\"5\"><label class=\"wpforms-field-label\" for=\"wpforms-3675-field_5\">Message <span class=\"wpforms-required-label\" aria-hidden=\"true\">*<\/span><\/label><textarea id=\"wpforms-3675-field_5\" class=\"wpforms-field-medium wpforms-field-required\" name=\"wpforms[fields][5]\" aria-errormessage=\"wpforms-3675-field_5-error\" required><\/textarea><\/div><script>\n\t\t\t\t( function() {\n\t\t\t\t\tconst style = document.createElement( 'style' );\n\t\t\t\t\tstyle.appendChild( document.createTextNode( '#wpforms-3675-field_1-container { position: absolute !important; overflow: hidden !important; display: inline !important; height: 1px !important; width: 1px !important; z-index: -1000 !important; padding: 0 !important; } #wpforms-3675-field_1-container input { visibility: hidden; } #wpforms-conversational-form-page #wpforms-3675-field_1-container label { counter-increment: none; }' ) );\n\t\t\t\t\tdocument.head.appendChild( style );\n\t\t\t\t\tdocument.currentScript?.remove();\n\t\t\t\t} )();\n\t\t\t<\/script><\/div><!-- .wpforms-field-container --><div class=\"wpforms-submit-container\" ><input type=\"hidden\" name=\"wpforms[id]\" value=\"3675\"><input type=\"hidden\" name=\"page_title\" value=\"\"><input type=\"hidden\" name=\"page_url\" value=\"https:\/\/homeproject.fr\/fr\/wp-json\/wp\/v2\/product\/13656\"><input type=\"hidden\" name=\"url_referer\" value=\"\"><button type=\"submit\" name=\"wpforms[submit]\" id=\"wpforms-submit-3675\" class=\"wpforms-submit\" data-alt-text=\"Envoi...\" data-submit-text=\"Envoyer\" aria-live=\"assertive\" value=\"wpforms-submit\">Envoyer<\/button><img decoding=\"async\" src=\"https:\/\/homeproject.fr\/fr\/wp-content\/plugins\/wpforms-lite\/assets\/images\/submit-spin.svg\" class=\"wpforms-submit-spinner\" style=\"display: none;\" width=\"26\" height=\"26\" alt=\"Chargement en cours\"><\/div><\/form><\/div>  <!-- .wpforms-container -->\n","protected":false},"excerpt":{"rendered":"<p data-start=\"261\" data-end=\"387\"><strong data-start=\"261\" data-end=\"385\">Apportez une touche authentique et chaleureuse \u00e0 vos espaces avec ce carreau en terre cuite losange fait main en Italie.<\/strong><\/p>\n<p data-start=\"389\" data-end=\"746\">La terre cuite <strong data-start=\"404\" data-end=\"424\">Rombo 13&#215;23,5 cm<\/strong> de la collection <strong data-start=\"442\" data-end=\"455\">Ecologica<\/strong> est fa\u00e7onn\u00e9e artisanalement selon les traditions italiennes. Gr\u00e2ce \u00e0 son <strong data-start=\"529\" data-end=\"557\">traitement BIO antitache<\/strong>, ce carreau rustique est parfaitement adapt\u00e9 \u00e0 une utilisation <strong data-start=\"621\" data-end=\"656\">en int\u00e9rieur comme en ext\u00e9rieur<\/strong>, que ce soit pour un sol de cuisine, un mur de salle de bain ou une terrasse ensoleill\u00e9e.<\/p>\n","protected":false},"featured_media":13659,"template":"","meta":{"_uf_show_specific_survey":0,"_uf_disable_surveys":false,"iawp_total_views":54},"product_brand":[],"product_cat":[20,502],"product_tag":[],"class_list":{"0":"post-13656","1":"product","2":"type-product","3":"status-publish","4":"has-post-thumbnail","6":"product_cat-carrelage","7":"product_cat-terre-cuite","8":"product_shipping_class-carrelage","9":"pa_collection-ecologica","10":"pa_dimensions-nominales-13x235","11":"pa_effet-artisanal","12":"pa_effet-terre-cuite","13":"pa_epaisseur-20-mm","14":"pa_materiau-terre-cuite","16":"first","17":"instock","18":"sale","19":"taxable","20":"shipping-taxable","21":"purchasable","22":"product-type-simple"},"yoast_head":"<!-- This site is optimized with the Yoast SEO plugin v27.5 - https:\/\/yoast.com\/product\/yoast-seo-wordpress\/ -->\n<title>Carreau en Terre Cuite Artisanale Rombo 13x23,5 cm \u2013 S\u00e9rie Ecologica - Homeproject.fr<\/title>\n<meta name=\"robots\" content=\"index, follow, max-snippet:-1, max-image-preview:large, max-video-preview:-1\" \/>\n<link rel=\"canonical\" href=\"https:\/\/homeproject.fr\/fr\/produit\/carreau-en-terre-cuite-artisanale-rombo-13x235-cm-serie-ecologica\/\" \/>\n<meta property=\"og:locale\" content=\"fr_FR\" \/>\n<meta property=\"og:type\" content=\"article\" \/>\n<meta property=\"og:title\" content=\"Carreau en Terre Cuite Artisanale Rombo 13x23,5 cm \u2013 S\u00e9rie Ecologica - Homeproject.fr\" \/>\n<meta property=\"og:description\" content=\"Apportez une touche authentique et chaleureuse \u00e0 vos espaces avec ce carreau en terre cuite losange fait main en Italie. La terre cuite Rombo 13x23,5 cm de la collection Ecologica est fa\u00e7onn\u00e9e artisanalement selon les traditions italiennes. Gr\u00e2ce \u00e0 son traitement BIO antitache, ce carreau rustique est parfaitement adapt\u00e9 \u00e0 une utilisation en int\u00e9rieur comme en ext\u00e9rieur, que ce soit pour un sol de cuisine, un mur de salle de bain ou une terrasse ensoleill\u00e9e.\" \/>\n<meta property=\"og:url\" content=\"https:\/\/homeproject.fr\/fr\/produit\/carreau-en-terre-cuite-artisanale-rombo-13x235-cm-serie-ecologica\/\" \/>\n<meta property=\"og:site_name\" content=\"Homeproject.fr\" \/>\n<meta property=\"article:modified_time\" content=\"2025-06-07T08:08:04+00:00\" \/>\n<meta property=\"og:image\" content=\"https:\/\/homeproject.fr\/fr\/wp-content\/uploads\/2025\/06\/Terre-cuite-faite-a-la-main-losange-motif-cube-artisanale-Ecologica-Bio-Rombo-13x23-5-3.jpg\" \/>\n\t<meta property=\"og:image:width\" content=\"1400\" \/>\n\t<meta property=\"og:image:height\" content=\"1400\" \/>\n\t<meta property=\"og:image:type\" content=\"image\/jpeg\" \/>\n<meta name=\"twitter:card\" content=\"summary_large_image\" \/>\n<meta name=\"twitter:label1\" content=\"Dur\u00e9e de lecture estim\u00e9e\" \/>\n\t<meta name=\"twitter:data1\" content=\"1 minute\" \/>\n<script type=\"application\/ld+json\" class=\"yoast-schema-graph\">{\"@context\":\"https:\\\/\\\/schema.org\",\"@graph\":[{\"@type\":\"WebPage\",\"@id\":\"https:\\\/\\\/homeproject.fr\\\/fr\\\/produit\\\/carreau-en-terre-cuite-artisanale-rombo-13x235-cm-serie-ecologica\\\/\",\"url\":\"https:\\\/\\\/homeproject.fr\\\/fr\\\/produit\\\/carreau-en-terre-cuite-artisanale-rombo-13x235-cm-serie-ecologica\\\/\",\"name\":\"Carreau en Terre Cuite Artisanale Rombo 13x23,5 cm \u2013 S\u00e9rie Ecologica - Homeproject.fr\",\"isPartOf\":{\"@id\":\"https:\\\/\\\/homeproject.fr\\\/fr\\\/#website\"},\"primaryImageOfPage\":{\"@id\":\"https:\\\/\\\/homeproject.fr\\\/fr\\\/produit\\\/carreau-en-terre-cuite-artisanale-rombo-13x235-cm-serie-ecologica\\\/#primaryimage\"},\"image\":{\"@id\":\"https:\\\/\\\/homeproject.fr\\\/fr\\\/produit\\\/carreau-en-terre-cuite-artisanale-rombo-13x235-cm-serie-ecologica\\\/#primaryimage\"},\"thumbnailUrl\":\"https:\\\/\\\/homeproject.fr\\\/fr\\\/wp-content\\\/uploads\\\/2025\\\/06\\\/Terre-cuite-faite-a-la-main-losange-motif-cube-artisanale-Ecologica-Bio-Rombo-13x23-5-3.jpg\",\"datePublished\":\"2025-06-07T07:57:33+00:00\",\"dateModified\":\"2025-06-07T08:08:04+00:00\",\"breadcrumb\":{\"@id\":\"https:\\\/\\\/homeproject.fr\\\/fr\\\/produit\\\/carreau-en-terre-cuite-artisanale-rombo-13x235-cm-serie-ecologica\\\/#breadcrumb\"},\"inLanguage\":\"fr-FR\",\"potentialAction\":[{\"@type\":\"ReadAction\",\"target\":[\"https:\\\/\\\/homeproject.fr\\\/fr\\\/produit\\\/carreau-en-terre-cuite-artisanale-rombo-13x235-cm-serie-ecologica\\\/\"]}]},{\"@type\":\"ImageObject\",\"inLanguage\":\"fr-FR\",\"@id\":\"https:\\\/\\\/homeproject.fr\\\/fr\\\/produit\\\/carreau-en-terre-cuite-artisanale-rombo-13x235-cm-serie-ecologica\\\/#primaryimage\",\"url\":\"https:\\\/\\\/homeproject.fr\\\/fr\\\/wp-content\\\/uploads\\\/2025\\\/06\\\/Terre-cuite-faite-a-la-main-losange-motif-cube-artisanale-Ecologica-Bio-Rombo-13x23-5-3.jpg\",\"contentUrl\":\"https:\\\/\\\/homeproject.fr\\\/fr\\\/wp-content\\\/uploads\\\/2025\\\/06\\\/Terre-cuite-faite-a-la-main-losange-motif-cube-artisanale-Ecologica-Bio-Rombo-13x23-5-3.jpg\",\"width\":1400,\"height\":1400},{\"@type\":\"BreadcrumbList\",\"@id\":\"https:\\\/\\\/homeproject.fr\\\/fr\\\/produit\\\/carreau-en-terre-cuite-artisanale-rombo-13x235-cm-serie-ecologica\\\/#breadcrumb\",\"itemListElement\":[{\"@type\":\"ListItem\",\"position\":1,\"name\":\"Accueil\",\"item\":\"https:\\\/\\\/homeproject.fr\\\/fr\\\/\"},{\"@type\":\"ListItem\",\"position\":2,\"name\":\"Boutique\",\"item\":\"https:\\\/\\\/homeproject.fr\\\/fr\\\/boutique\\\/\"},{\"@type\":\"ListItem\",\"position\":3,\"name\":\"Carreau en Terre Cuite Artisanale Rombo 13&#215;23,5 cm \u2013 S\u00e9rie Ecologica\"}]},{\"@type\":\"WebSite\",\"@id\":\"https:\\\/\\\/homeproject.fr\\\/fr\\\/#website\",\"url\":\"https:\\\/\\\/homeproject.fr\\\/fr\\\/\",\"name\":\"Homeproject.fr\",\"description\":\"Offrez l&#039;exceptionnel \u00e0 vos espaces \u00e0 vivre\",\"publisher\":{\"@id\":\"https:\\\/\\\/homeproject.fr\\\/fr\\\/#organization\"},\"potentialAction\":[{\"@type\":\"SearchAction\",\"target\":{\"@type\":\"EntryPoint\",\"urlTemplate\":\"https:\\\/\\\/homeproject.fr\\\/fr\\\/?s={search_term_string}\"},\"query-input\":{\"@type\":\"PropertyValueSpecification\",\"valueRequired\":true,\"valueName\":\"search_term_string\"}}],\"inLanguage\":\"fr-FR\"},{\"@type\":\"Organization\",\"@id\":\"https:\\\/\\\/homeproject.fr\\\/fr\\\/#organization\",\"name\":\"Homeproject.fr\",\"url\":\"https:\\\/\\\/homeproject.fr\\\/fr\\\/\",\"logo\":{\"@type\":\"ImageObject\",\"inLanguage\":\"fr-FR\",\"@id\":\"https:\\\/\\\/homeproject.fr\\\/fr\\\/#\\\/schema\\\/logo\\\/image\\\/\",\"url\":\"https:\\\/\\\/homeproject.fr\\\/fr\\\/wp-content\\\/uploads\\\/2024\\\/12\\\/Logo_HomeProject-noir-2.png\",\"contentUrl\":\"https:\\\/\\\/homeproject.fr\\\/fr\\\/wp-content\\\/uploads\\\/2024\\\/12\\\/Logo_HomeProject-noir-2.png\",\"width\":300,\"height\":91,\"caption\":\"Homeproject.fr\"},\"image\":{\"@id\":\"https:\\\/\\\/homeproject.fr\\\/fr\\\/#\\\/schema\\\/logo\\\/image\\\/\"}}]}<\/script>\n<!-- \/ Yoast SEO plugin. -->","yoast_head_json":{"title":"Carreau en Terre Cuite Artisanale Rombo 13x23,5 cm \u2013 S\u00e9rie Ecologica - Homeproject.fr","robots":{"index":"index","follow":"follow","max-snippet":"max-snippet:-1","max-image-preview":"max-image-preview:large","max-video-preview":"max-video-preview:-1"},"canonical":"https:\/\/homeproject.fr\/fr\/produit\/carreau-en-terre-cuite-artisanale-rombo-13x235-cm-serie-ecologica\/","og_locale":"fr_FR","og_type":"article","og_title":"Carreau en Terre Cuite Artisanale Rombo 13x23,5 cm \u2013 S\u00e9rie Ecologica - Homeproject.fr","og_description":"Apportez une touche authentique et chaleureuse \u00e0 vos espaces avec ce carreau en terre cuite losange fait main en Italie. La terre cuite Rombo 13x23,5 cm de la collection Ecologica est fa\u00e7onn\u00e9e artisanalement selon les traditions italiennes. Gr\u00e2ce \u00e0 son traitement BIO antitache, ce carreau rustique est parfaitement adapt\u00e9 \u00e0 une utilisation en int\u00e9rieur comme en ext\u00e9rieur, que ce soit pour un sol de cuisine, un mur de salle de bain ou une terrasse ensoleill\u00e9e.","og_url":"https:\/\/homeproject.fr\/fr\/produit\/carreau-en-terre-cuite-artisanale-rombo-13x235-cm-serie-ecologica\/","og_site_name":"Homeproject.fr","article_modified_time":"2025-06-07T08:08:04+00:00","og_image":[{"width":1400,"height":1400,"url":"https:\/\/homeproject.fr\/fr\/wp-content\/uploads\/2025\/06\/Terre-cuite-faite-a-la-main-losange-motif-cube-artisanale-Ecologica-Bio-Rombo-13x23-5-3.jpg","type":"image\/jpeg"}],"twitter_card":"summary_large_image","twitter_misc":{"Dur\u00e9e de lecture estim\u00e9e":"1 minute"},"schema":{"@context":"https:\/\/schema.org","@graph":[{"@type":"WebPage","@id":"https:\/\/homeproject.fr\/fr\/produit\/carreau-en-terre-cuite-artisanale-rombo-13x235-cm-serie-ecologica\/","url":"https:\/\/homeproject.fr\/fr\/produit\/carreau-en-terre-cuite-artisanale-rombo-13x235-cm-serie-ecologica\/","name":"Carreau en Terre Cuite Artisanale Rombo 13x23,5 cm \u2013 S\u00e9rie Ecologica - Homeproject.fr","isPartOf":{"@id":"https:\/\/homeproject.fr\/fr\/#website"},"primaryImageOfPage":{"@id":"https:\/\/homeproject.fr\/fr\/produit\/carreau-en-terre-cuite-artisanale-rombo-13x235-cm-serie-ecologica\/#primaryimage"},"image":{"@id":"https:\/\/homeproject.fr\/fr\/produit\/carreau-en-terre-cuite-artisanale-rombo-13x235-cm-serie-ecologica\/#primaryimage"},"thumbnailUrl":"https:\/\/homeproject.fr\/fr\/wp-content\/uploads\/2025\/06\/Terre-cuite-faite-a-la-main-losange-motif-cube-artisanale-Ecologica-Bio-Rombo-13x23-5-3.jpg","datePublished":"2025-06-07T07:57:33+00:00","dateModified":"2025-06-07T08:08:04+00:00","breadcrumb":{"@id":"https:\/\/homeproject.fr\/fr\/produit\/carreau-en-terre-cuite-artisanale-rombo-13x235-cm-serie-ecologica\/#breadcrumb"},"inLanguage":"fr-FR","potentialAction":[{"@type":"ReadAction","target":["https:\/\/homeproject.fr\/fr\/produit\/carreau-en-terre-cuite-artisanale-rombo-13x235-cm-serie-ecologica\/"]}]},{"@type":"ImageObject","inLanguage":"fr-FR","@id":"https:\/\/homeproject.fr\/fr\/produit\/carreau-en-terre-cuite-artisanale-rombo-13x235-cm-serie-ecologica\/#primaryimage","url":"https:\/\/homeproject.fr\/fr\/wp-content\/uploads\/2025\/06\/Terre-cuite-faite-a-la-main-losange-motif-cube-artisanale-Ecologica-Bio-Rombo-13x23-5-3.jpg","contentUrl":"https:\/\/homeproject.fr\/fr\/wp-content\/uploads\/2025\/06\/Terre-cuite-faite-a-la-main-losange-motif-cube-artisanale-Ecologica-Bio-Rombo-13x23-5-3.jpg","width":1400,"height":1400},{"@type":"BreadcrumbList","@id":"https:\/\/homeproject.fr\/fr\/produit\/carreau-en-terre-cuite-artisanale-rombo-13x235-cm-serie-ecologica\/#breadcrumb","itemListElement":[{"@type":"ListItem","position":1,"name":"Accueil","item":"https:\/\/homeproject.fr\/fr\/"},{"@type":"ListItem","position":2,"name":"Boutique","item":"https:\/\/homeproject.fr\/fr\/boutique\/"},{"@type":"ListItem","position":3,"name":"Carreau en Terre Cuite Artisanale Rombo 13&#215;23,5 cm \u2013 S\u00e9rie Ecologica"}]},{"@type":"WebSite","@id":"https:\/\/homeproject.fr\/fr\/#website","url":"https:\/\/homeproject.fr\/fr\/","name":"Homeproject.fr","description":"Offrez l&#039;exceptionnel \u00e0 vos espaces \u00e0 vivre","publisher":{"@id":"https:\/\/homeproject.fr\/fr\/#organization"},"potentialAction":[{"@type":"SearchAction","target":{"@type":"EntryPoint","urlTemplate":"https:\/\/homeproject.fr\/fr\/?s={search_term_string}"},"query-input":{"@type":"PropertyValueSpecification","valueRequired":true,"valueName":"search_term_string"}}],"inLanguage":"fr-FR"},{"@type":"Organization","@id":"https:\/\/homeproject.fr\/fr\/#organization","name":"Homeproject.fr","url":"https:\/\/homeproject.fr\/fr\/","logo":{"@type":"ImageObject","inLanguage":"fr-FR","@id":"https:\/\/homeproject.fr\/fr\/#\/schema\/logo\/image\/","url":"https:\/\/homeproject.fr\/fr\/wp-content\/uploads\/2024\/12\/Logo_HomeProject-noir-2.png","contentUrl":"https:\/\/homeproject.fr\/fr\/wp-content\/uploads\/2024\/12\/Logo_HomeProject-noir-2.png","width":300,"height":91,"caption":"Homeproject.fr"},"image":{"@id":"https:\/\/homeproject.fr\/fr\/#\/schema\/logo\/image\/"}}]}},"_links":{"self":[{"href":"https:\/\/homeproject.fr\/fr\/wp-json\/wp\/v2\/product\/13656","targetHints":{"allow":["GET"]}}],"collection":[{"href":"https:\/\/homeproject.fr\/fr\/wp-json\/wp\/v2\/product"}],"about":[{"href":"https:\/\/homeproject.fr\/fr\/wp-json\/wp\/v2\/types\/product"}],"version-history":[{"count":1,"href":"https:\/\/homeproject.fr\/fr\/wp-json\/wp\/v2\/product\/13656\/revisions"}],"predecessor-version":[{"id":13665,"href":"https:\/\/homeproject.fr\/fr\/wp-json\/wp\/v2\/product\/13656\/revisions\/13665"}],"wp:featuredmedia":[{"embeddable":true,"href":"https:\/\/homeproject.fr\/fr\/wp-json\/wp\/v2\/media\/13659"}],"wp:attachment":[{"href":"https:\/\/homeproject.fr\/fr\/wp-json\/wp\/v2\/media?parent=13656"}],"wp:term":[{"taxonomy":"product_brand","embeddable":true,"href":"https:\/\/homeproject.fr\/fr\/wp-json\/wp\/v2\/product_brand?post=13656"},{"taxonomy":"product_cat","embeddable":true,"href":"https:\/\/homeproject.fr\/fr\/wp-json\/wp\/v2\/product_cat?post=13656"},{"taxonomy":"product_tag","embeddable":true,"href":"https:\/\/homeproject.fr\/fr\/wp-json\/wp\/v2\/product_tag?post=13656"}],"curies":[{"name":"wp","href":"https:\/\/api.w.org\/{rel}","templated":true}]}}