{"id":13626,"date":"2025-05-30T12:28:56","date_gmt":"2025-05-30T12:28:56","guid":{"rendered":"https:\/\/homeproject.fr\/fr\/?post_type=product&#038;p=13626"},"modified":"2025-05-30T12:59:55","modified_gmt":"2025-05-30T12:59:55","slug":"tabouret-reglable-design-lapalma-lem-epoxy-blanc-assise-fenix-blanc","status":"publish","type":"product","link":"https:\/\/homeproject.fr\/fr\/produit\/tabouret-reglable-design-lapalma-lem-epoxy-blanc-assise-fenix-blanc\/","title":{"rendered":"Tabouret r\u00e9glable design Lapalma LEM \u2013 \u00c9poxy blanc &#038; assise Fenix blanc"},"content":{"rendered":"<h4 data-start=\"578\" data-end=\"617\"><strong data-start=\"583\" data-end=\"617\">Caract\u00e9ristiques principales :<\/strong><\/h4>\n<ul data-start=\"618\" data-end=\"1008\">\n<li data-start=\"618\" data-end=\"683\">\n<p data-start=\"620\" data-end=\"683\"><strong data-start=\"620\" data-end=\"632\">Mod\u00e8le :<\/strong> Lapalma Lem S79 (fixe) \/ S80 (r\u00e9glable en hauteur)<\/p>\n<\/li>\n<li data-start=\"684\" data-end=\"728\">\n<p data-start=\"686\" data-end=\"728\"><strong data-start=\"686\" data-end=\"701\">Structure :<\/strong> Acier laqu\u00e9 \u00e9poxy blanc mat<\/p>\n<\/li>\n<li data-start=\"729\" data-end=\"822\">\n<p data-start=\"731\" data-end=\"822\"><strong data-start=\"731\" data-end=\"743\">Assise :<\/strong> Panneau multiplis habill\u00e9 de <strong data-start=\"773\" data-end=\"797\">Fenix blanc ultra-mat<\/strong> (antitrace et r\u00e9sistant)<\/p>\n<\/li>\n<li data-start=\"823\" data-end=\"866\">\n<p data-start=\"825\" data-end=\"866\"><strong data-start=\"825\" data-end=\"849\">Repose-pieds int\u00e9gr\u00e9<\/strong> en acier assorti<\/p>\n<\/li>\n<li data-start=\"867\" data-end=\"937\">\n<p data-start=\"869\" data-end=\"937\"><strong data-start=\"869\" data-end=\"883\">Base ronde<\/strong> avec patins antid\u00e9rapants pour une parfaite stabilit\u00e9<\/p>\n<\/li>\n<li data-start=\"938\" data-end=\"1008\">\n<p data-start=\"940\" data-end=\"1008\"><strong data-start=\"940\" data-end=\"968\">R\u00e9glage en hauteur<\/strong> par v\u00e9rin \u00e0 gaz\u00a0 : S80 de 66 \u00e0 79 cm environ et S79 de 65 \u00e0<\/p>\n<\/li>\n<\/ul>\n<h4 data-start=\"1010\" data-end=\"1066\"><strong data-start=\"1015\" data-end=\"1066\">Un tabouret haut au style minimal et intemporel<\/strong><\/h4>\n<p data-start=\"1067\" data-end=\"1403\">Le tabouret Lem s\u00e9duit par sa <strong data-start=\"1097\" data-end=\"1118\">silhouette fluide<\/strong> et son <strong data-start=\"1126\" data-end=\"1145\">design suspendu<\/strong>, qui lui conf\u00e8rent une impression de l\u00e9g\u00e8ret\u00e9 tout en assurant une excellente stabilit\u00e9. Gr\u00e2ce \u00e0 son assise incurv\u00e9e et son repose-pieds enveloppant, il garantit un <strong data-start=\"1311\" data-end=\"1337\">grand confort d\u2019assise<\/strong>, id\u00e9al pour un \u00eelot de cuisine, un bar ou un espace de coworking.<\/p>\n<h4 data-start=\"1405\" data-end=\"1459\"><strong data-start=\"1410\" data-end=\"1459\">Mat\u00e9riaux haut de gamme et finitions soign\u00e9es<\/strong><\/h4>\n<p data-start=\"1460\" data-end=\"1718\">L\u2019association du <strong data-start=\"1477\" data-end=\"1501\">m\u00e9tal \u00e9poxy blanc mat<\/strong> et du <strong data-start=\"1508\" data-end=\"1522\">Fenix blanc <\/strong>offre un rendu \u00e0 la fois sobre, raffin\u00e9 et facile d\u2019entretien. Le Fenix est un mat\u00e9riau innovant, doux au toucher, r\u00e9sistant aux rayures et \u00e0 la chaleur, parfait pour un usage quotidien intensif.<\/p>\n<hr data-start=\"1720\" data-end=\"1723\" \/>\n<h3 data-start=\"1725\" data-end=\"1775\"><strong data-start=\"1729\" data-end=\"1775\">Pourquoi choisir le tabouret Lapalma Lem ?<\/strong><\/h3>\n<ul data-start=\"1776\" data-end=\"1991\">\n<li data-start=\"1776\" data-end=\"1830\">\n<p data-start=\"1778\" data-end=\"1830\">\u2714\ufe0f <strong data-start=\"1781\" data-end=\"1806\">Fabrication italienne<\/strong> de qualit\u00e9 sup\u00e9rieure<\/p>\n<\/li>\n<li data-start=\"1831\" data-end=\"1878\">\n<p data-start=\"1833\" data-end=\"1878\">\u2714\ufe0f Design prim\u00e9, reconnu internationalement<\/p>\n<\/li>\n<li data-start=\"1879\" data-end=\"1947\">\n<p data-start=\"1881\" data-end=\"1947\">\u2714\ufe0f Parfait pour une <strong data-start=\"1901\" data-end=\"1945\">d\u00e9coration contemporaine<\/strong><\/p>\n<\/li>\n<li data-start=\"1948\" data-end=\"1991\">\n<p data-start=\"1950\" data-end=\"1991\">\u2714\ufe0f Disponible en version fixe ou r\u00e9glable<\/p>\n<\/li>\n<\/ul>\n<hr data-start=\"1993\" data-end=\"1996\" \/>\n<p data-start=\"1998\" data-end=\"2016\"><strong data-start=\"1998\" data-end=\"2014\">Dimensions :<\/strong><\/p>\n<ul data-start=\"2017\" data-end=\"2111\">\n<li data-start=\"2017\" data-end=\"2070\">\n<p data-start=\"2019\" data-end=\"2070\">Hauteur d\u2019assise : 66 \u00e0 79 cm (S80) \/ 55 \u00e0 65 cm (S79)<\/p>\n<\/li>\n<li data-start=\"2071\" data-end=\"2090\">\n<p data-start=\"2073\" data-end=\"2090\">Largeur : 37 cm<\/p>\n<\/li>\n<li data-start=\"2091\" data-end=\"2111\">\n<p data-start=\"2093\" data-end=\"2111\">Profondeur : 42 cm<\/p>\n<\/li>\n<li data-start=\"2091\" data-end=\"2111\"><strong>S79<\/strong><\/li>\n<\/ul>\n<p><img fetchpriority=\"high\" decoding=\"async\" class=\"alignnone wp-image-13622\" src=\"https:\/\/homeproject.fr\/fr\/wp-content\/uploads\/2025\/05\/dessin-lapalma-lem-S79-1024x707.jpg\" alt=\"\" width=\"800\" height=\"553\" srcset=\"https:\/\/homeproject.fr\/fr\/wp-content\/uploads\/2025\/05\/dessin-lapalma-lem-S79-1024x707.jpg 1024w, https:\/\/homeproject.fr\/fr\/wp-content\/uploads\/2025\/05\/dessin-lapalma-lem-S79-840x580.jpg 840w, https:\/\/homeproject.fr\/fr\/wp-content\/uploads\/2025\/05\/dessin-lapalma-lem-S79-300x207.jpg 300w, https:\/\/homeproject.fr\/fr\/wp-content\/uploads\/2025\/05\/dessin-lapalma-lem-S79-768x531.jpg 768w, https:\/\/homeproject.fr\/fr\/wp-content\/uploads\/2025\/05\/dessin-lapalma-lem-S79-18x12.jpg 18w, https:\/\/homeproject.fr\/fr\/wp-content\/uploads\/2025\/05\/dessin-lapalma-lem-S79-580x400.jpg 580w, https:\/\/homeproject.fr\/fr\/wp-content\/uploads\/2025\/05\/dessin-lapalma-lem-S79-100x68.jpg 100w, https:\/\/homeproject.fr\/fr\/wp-content\/uploads\/2025\/05\/dessin-lapalma-lem-S79.jpg 1100w\" sizes=\"(max-width: 800px) 100vw, 800px\" \/><\/p>\n<ul>\n<li><strong>S80<\/strong><\/li>\n<\/ul>\n<p><img decoding=\"async\" class=\"alignnone wp-image-13623\" src=\"https:\/\/homeproject.fr\/fr\/wp-content\/uploads\/2025\/05\/dessin-lapalma-lem-S80.webp\" alt=\"\" width=\"800\" height=\"553\" srcset=\"https:\/\/homeproject.fr\/fr\/wp-content\/uploads\/2025\/05\/dessin-lapalma-lem-S80.webp 1100w, https:\/\/homeproject.fr\/fr\/wp-content\/uploads\/2025\/05\/dessin-lapalma-lem-S80-840x580.webp 840w, https:\/\/homeproject.fr\/fr\/wp-content\/uploads\/2025\/05\/dessin-lapalma-lem-S80-300x207.webp 300w, https:\/\/homeproject.fr\/fr\/wp-content\/uploads\/2025\/05\/dessin-lapalma-lem-S80-1024x707.webp 1024w, https:\/\/homeproject.fr\/fr\/wp-content\/uploads\/2025\/05\/dessin-lapalma-lem-S80-768x531.webp 768w, https:\/\/homeproject.fr\/fr\/wp-content\/uploads\/2025\/05\/dessin-lapalma-lem-S80-18x12.webp 18w, https:\/\/homeproject.fr\/fr\/wp-content\/uploads\/2025\/05\/dessin-lapalma-lem-S80-580x400.webp 580w, https:\/\/homeproject.fr\/fr\/wp-content\/uploads\/2025\/05\/dessin-lapalma-lem-S80-100x68.webp 100w\" sizes=\"(max-width: 800px) 100vw, 800px\" \/><\/p>\n<h3><strong style=\"font-family: inherit; font-size: 30px;\">Vous avez des questions ?<\/strong><\/h3>\n<style id=\"wpforms-css-vars-3675\">\n\t\t\t\t#wpforms-3675 {\n\t\t\t\t\n\t\t\t}\n\t\t\t<\/style><div class=\"wpforms-container wpforms-container-full wpforms-render-modern\" id=\"wpforms-3675\"><form id=\"wpforms-form-3675\" class=\"wpforms-validate wpforms-form wpforms-ajax-form\" data-formid=\"3675\" method=\"post\" enctype=\"multipart\/form-data\" action=\"\/fr\/wp-json\/wp\/v2\/product\/13626\" data-token=\"2921a7ac3408d834be151983965c4ab3\" data-token-time=\"1777948662\"><noscript class=\"wpforms-error-noscript\">Veuillez activer JavaScript dans votre navigateur pour remplir ce formulaire.<\/noscript><div id=\"wpforms-error-noscript\" style=\"display: none;\">Veuillez activer JavaScript dans votre navigateur pour remplir ce formulaire.<\/div><div class=\"wpforms-field-container\"><div id=\"wpforms-3675-field_3-container\" class=\"wpforms-field wpforms-field-name\" data-field-id=\"3\"><fieldset><legend class=\"wpforms-field-label\">Nom <span class=\"wpforms-required-label\" aria-hidden=\"true\">*<\/span><\/legend><div class=\"wpforms-field-row wpforms-field-medium\"><div class=\"wpforms-field-row-block wpforms-first wpforms-one-half\"><input type=\"text\" id=\"wpforms-3675-field_3\" class=\"wpforms-field-name-first wpforms-field-required\" name=\"wpforms[fields][3][first]\" aria-errormessage=\"wpforms-3675-field_3-error\" required><label for=\"wpforms-3675-field_3\" class=\"wpforms-field-sublabel after\">Pr\u00e9nom<\/label><\/div><div class=\"wpforms-field-row-block wpforms-one-half\"><input type=\"text\" id=\"wpforms-3675-field_3-last\" class=\"wpforms-field-name-last wpforms-field-required\" name=\"wpforms[fields][3][last]\" aria-errormessage=\"wpforms-3675-field_3-last-error\" required><label for=\"wpforms-3675-field_3-last\" class=\"wpforms-field-sublabel after\">Nom<\/label><\/div><\/div><\/fieldset><\/div><div id=\"wpforms-3675-field_4-container\" class=\"wpforms-field wpforms-field-email\" data-field-id=\"4\"><label class=\"wpforms-field-label\" for=\"wpforms-3675-field_4\">E-mail <span class=\"wpforms-required-label\" aria-hidden=\"true\">*<\/span><\/label><input type=\"email\" id=\"wpforms-3675-field_4\" class=\"wpforms-field-medium wpforms-field-required\" name=\"wpforms[fields][4]\" spellcheck=\"false\" aria-errormessage=\"wpforms-3675-field_4-error\" required><\/div>\t\t<div id=\"wpforms-3675-field_1-container\"\n\t\t\tclass=\"wpforms-field wpforms-field-text\"\n\t\t\tdata-field-type=\"text\"\n\t\t\tdata-field-id=\"1\"\n\t\t\t>\n\t\t\t<label class=\"wpforms-field-label\" for=\"wpforms-3675-field_1\" >Message Nom E-mail<\/label>\n\t\t\t<input type=\"text\" id=\"wpforms-3675-field_1\" class=\"wpforms-field-medium\" name=\"wpforms[fields][1]\" >\n\t\t<\/div>\n\t\t<div id=\"wpforms-3675-field_5-container\" class=\"wpforms-field wpforms-field-textarea\" data-field-id=\"5\"><label class=\"wpforms-field-label\" for=\"wpforms-3675-field_5\">Message <span class=\"wpforms-required-label\" aria-hidden=\"true\">*<\/span><\/label><textarea id=\"wpforms-3675-field_5\" class=\"wpforms-field-medium wpforms-field-required\" name=\"wpforms[fields][5]\" aria-errormessage=\"wpforms-3675-field_5-error\" required><\/textarea><\/div><script>\n\t\t\t\t( function() {\n\t\t\t\t\tconst style = document.createElement( 'style' );\n\t\t\t\t\tstyle.appendChild( document.createTextNode( '#wpforms-3675-field_1-container { position: absolute !important; overflow: hidden !important; display: inline !important; height: 1px !important; width: 1px !important; z-index: -1000 !important; padding: 0 !important; } #wpforms-3675-field_1-container input { visibility: hidden; } #wpforms-conversational-form-page #wpforms-3675-field_1-container label { counter-increment: none; }' ) );\n\t\t\t\t\tdocument.head.appendChild( style );\n\t\t\t\t\tdocument.currentScript?.remove();\n\t\t\t\t} )();\n\t\t\t<\/script><\/div><!-- .wpforms-field-container --><div class=\"wpforms-submit-container\" ><input type=\"hidden\" name=\"wpforms[id]\" value=\"3675\"><input type=\"hidden\" name=\"page_title\" value=\"\"><input type=\"hidden\" name=\"page_url\" value=\"https:\/\/homeproject.fr\/fr\/wp-json\/wp\/v2\/product\/13626\"><input type=\"hidden\" name=\"url_referer\" value=\"\"><button type=\"submit\" name=\"wpforms[submit]\" id=\"wpforms-submit-3675\" class=\"wpforms-submit\" data-alt-text=\"Envoi...\" data-submit-text=\"Envoyer\" aria-live=\"assertive\" value=\"wpforms-submit\">Envoyer<\/button><img decoding=\"async\" src=\"https:\/\/homeproject.fr\/fr\/wp-content\/plugins\/wpforms-lite\/assets\/images\/submit-spin.svg\" class=\"wpforms-submit-spinner\" style=\"display: none;\" width=\"26\" height=\"26\" alt=\"Chargement en cours\"><\/div><\/form><\/div>  <!-- .wpforms-container -->\n","protected":false},"excerpt":{"rendered":"<p>Apportez une touche de design italien \u00e0 votre int\u00e9rieur avec le <strong data-start=\"367\" data-end=\"391\">tabouret Lapalma Lem<\/strong> en version <strong data-start=\"403\" data-end=\"438\">\u00e9poxy blanc et assise Fenix blanc<\/strong>. Ic\u00f4ne du mobilier contemporain, ce mod\u00e8le \u00e9l\u00e9gant sign\u00e9 <strong data-start=\"496\" data-end=\"507\">Lapalma<\/strong> s\u00e9duit par ses lignes \u00e9pur\u00e9es et son ergonomie parfaitement \u00e9tudi\u00e9e.<\/p>\n","protected":false},"featured_media":13629,"template":"","meta":{"_uf_show_specific_survey":0,"_uf_disable_surveys":false,"iawp_total_views":24},"product_brand":[],"product_cat":[149],"product_tag":[],"class_list":{"0":"post-13626","1":"product","2":"type-product","3":"status-publish","4":"has-post-thumbnail","6":"product_cat-tabourets","7":"product_shipping_class-gros-colis-messagerie","8":"pa_collection-lem","9":"pa_designer-shin-tomoko-azumi","10":"pa_marque-lapalma","11":"pa_materiau-acier","12":"pa_materiau-fenix","14":"first","15":"instock","16":"taxable","17":"shipping-taxable","18":"purchasable","19":"product-type-variable"},"yoast_head":"<!-- This site is optimized with the Yoast SEO plugin v27.5 - https:\/\/yoast.com\/product\/yoast-seo-wordpress\/ -->\n<title>Tabouret r\u00e9glable design Lapalma LEM \u2013 \u00c9poxy blanc &amp; assise Fenix blanc - Homeproject.fr<\/title>\n<meta name=\"robots\" content=\"index, follow, max-snippet:-1, max-image-preview:large, max-video-preview:-1\" \/>\n<link rel=\"canonical\" href=\"https:\/\/homeproject.fr\/fr\/produit\/tabouret-reglable-design-lapalma-lem-epoxy-blanc-assise-fenix-blanc\/\" \/>\n<meta property=\"og:locale\" content=\"fr_FR\" \/>\n<meta property=\"og:type\" content=\"article\" \/>\n<meta property=\"og:title\" content=\"Tabouret r\u00e9glable design Lapalma LEM \u2013 \u00c9poxy blanc &amp; assise Fenix blanc - Homeproject.fr\" \/>\n<meta property=\"og:description\" content=\"Apportez une touche de design italien \u00e0 votre int\u00e9rieur avec le tabouret Lapalma Lem en version \u00e9poxy blanc et assise Fenix blanc. Ic\u00f4ne du mobilier contemporain, ce mod\u00e8le \u00e9l\u00e9gant sign\u00e9 Lapalma s\u00e9duit par ses lignes \u00e9pur\u00e9es et son ergonomie parfaitement \u00e9tudi\u00e9e.\" \/>\n<meta property=\"og:url\" content=\"https:\/\/homeproject.fr\/fr\/produit\/tabouret-reglable-design-lapalma-lem-epoxy-blanc-assise-fenix-blanc\/\" \/>\n<meta property=\"og:site_name\" content=\"Homeproject.fr\" \/>\n<meta property=\"article:modified_time\" content=\"2025-05-30T12:59:55+00:00\" \/>\n<meta property=\"og:image\" content=\"https:\/\/homeproject.fr\/fr\/wp-content\/uploads\/2025\/05\/Tabouret-reglable-haut-de-gamme-Lapalma-Lem-epoxy-blanc-et-assise-blanche-4.jpg\" \/>\n\t<meta property=\"og:image:width\" content=\"1500\" \/>\n\t<meta property=\"og:image:height\" content=\"1500\" \/>\n\t<meta property=\"og:image:type\" content=\"image\/jpeg\" \/>\n<meta name=\"twitter:card\" content=\"summary_large_image\" \/>\n<meta name=\"twitter:label1\" content=\"Dur\u00e9e de lecture estim\u00e9e\" \/>\n\t<meta name=\"twitter:data1\" content=\"2 minutes\" \/>\n<script type=\"application\/ld+json\" class=\"yoast-schema-graph\">{\"@context\":\"https:\\\/\\\/schema.org\",\"@graph\":[{\"@type\":\"WebPage\",\"@id\":\"https:\\\/\\\/homeproject.fr\\\/fr\\\/produit\\\/tabouret-reglable-design-lapalma-lem-epoxy-blanc-assise-fenix-blanc\\\/\",\"url\":\"https:\\\/\\\/homeproject.fr\\\/fr\\\/produit\\\/tabouret-reglable-design-lapalma-lem-epoxy-blanc-assise-fenix-blanc\\\/\",\"name\":\"Tabouret r\u00e9glable design Lapalma LEM \u2013 \u00c9poxy blanc & assise Fenix blanc - Homeproject.fr\",\"isPartOf\":{\"@id\":\"https:\\\/\\\/homeproject.fr\\\/fr\\\/#website\"},\"primaryImageOfPage\":{\"@id\":\"https:\\\/\\\/homeproject.fr\\\/fr\\\/produit\\\/tabouret-reglable-design-lapalma-lem-epoxy-blanc-assise-fenix-blanc\\\/#primaryimage\"},\"image\":{\"@id\":\"https:\\\/\\\/homeproject.fr\\\/fr\\\/produit\\\/tabouret-reglable-design-lapalma-lem-epoxy-blanc-assise-fenix-blanc\\\/#primaryimage\"},\"thumbnailUrl\":\"https:\\\/\\\/homeproject.fr\\\/fr\\\/wp-content\\\/uploads\\\/2025\\\/05\\\/Tabouret-reglable-haut-de-gamme-Lapalma-Lem-epoxy-blanc-et-assise-blanche-4.jpg\",\"datePublished\":\"2025-05-30T12:28:56+00:00\",\"dateModified\":\"2025-05-30T12:59:55+00:00\",\"breadcrumb\":{\"@id\":\"https:\\\/\\\/homeproject.fr\\\/fr\\\/produit\\\/tabouret-reglable-design-lapalma-lem-epoxy-blanc-assise-fenix-blanc\\\/#breadcrumb\"},\"inLanguage\":\"fr-FR\",\"potentialAction\":[{\"@type\":\"ReadAction\",\"target\":[\"https:\\\/\\\/homeproject.fr\\\/fr\\\/produit\\\/tabouret-reglable-design-lapalma-lem-epoxy-blanc-assise-fenix-blanc\\\/\"]}]},{\"@type\":\"ImageObject\",\"inLanguage\":\"fr-FR\",\"@id\":\"https:\\\/\\\/homeproject.fr\\\/fr\\\/produit\\\/tabouret-reglable-design-lapalma-lem-epoxy-blanc-assise-fenix-blanc\\\/#primaryimage\",\"url\":\"https:\\\/\\\/homeproject.fr\\\/fr\\\/wp-content\\\/uploads\\\/2025\\\/05\\\/Tabouret-reglable-haut-de-gamme-Lapalma-Lem-epoxy-blanc-et-assise-blanche-4.jpg\",\"contentUrl\":\"https:\\\/\\\/homeproject.fr\\\/fr\\\/wp-content\\\/uploads\\\/2025\\\/05\\\/Tabouret-reglable-haut-de-gamme-Lapalma-Lem-epoxy-blanc-et-assise-blanche-4.jpg\",\"width\":1500,\"height\":1500},{\"@type\":\"BreadcrumbList\",\"@id\":\"https:\\\/\\\/homeproject.fr\\\/fr\\\/produit\\\/tabouret-reglable-design-lapalma-lem-epoxy-blanc-assise-fenix-blanc\\\/#breadcrumb\",\"itemListElement\":[{\"@type\":\"ListItem\",\"position\":1,\"name\":\"Accueil\",\"item\":\"https:\\\/\\\/homeproject.fr\\\/fr\\\/\"},{\"@type\":\"ListItem\",\"position\":2,\"name\":\"Boutique\",\"item\":\"https:\\\/\\\/homeproject.fr\\\/fr\\\/boutique\\\/\"},{\"@type\":\"ListItem\",\"position\":3,\"name\":\"Tabouret r\u00e9glable design Lapalma LEM \u2013 \u00c9poxy blanc &#038; assise Fenix blanc\"}]},{\"@type\":\"WebSite\",\"@id\":\"https:\\\/\\\/homeproject.fr\\\/fr\\\/#website\",\"url\":\"https:\\\/\\\/homeproject.fr\\\/fr\\\/\",\"name\":\"Homeproject.fr\",\"description\":\"Offrez l&#039;exceptionnel \u00e0 vos espaces \u00e0 vivre\",\"publisher\":{\"@id\":\"https:\\\/\\\/homeproject.fr\\\/fr\\\/#organization\"},\"potentialAction\":[{\"@type\":\"SearchAction\",\"target\":{\"@type\":\"EntryPoint\",\"urlTemplate\":\"https:\\\/\\\/homeproject.fr\\\/fr\\\/?s={search_term_string}\"},\"query-input\":{\"@type\":\"PropertyValueSpecification\",\"valueRequired\":true,\"valueName\":\"search_term_string\"}}],\"inLanguage\":\"fr-FR\"},{\"@type\":\"Organization\",\"@id\":\"https:\\\/\\\/homeproject.fr\\\/fr\\\/#organization\",\"name\":\"Homeproject.fr\",\"url\":\"https:\\\/\\\/homeproject.fr\\\/fr\\\/\",\"logo\":{\"@type\":\"ImageObject\",\"inLanguage\":\"fr-FR\",\"@id\":\"https:\\\/\\\/homeproject.fr\\\/fr\\\/#\\\/schema\\\/logo\\\/image\\\/\",\"url\":\"https:\\\/\\\/homeproject.fr\\\/fr\\\/wp-content\\\/uploads\\\/2024\\\/12\\\/Logo_HomeProject-noir-2.png\",\"contentUrl\":\"https:\\\/\\\/homeproject.fr\\\/fr\\\/wp-content\\\/uploads\\\/2024\\\/12\\\/Logo_HomeProject-noir-2.png\",\"width\":300,\"height\":91,\"caption\":\"Homeproject.fr\"},\"image\":{\"@id\":\"https:\\\/\\\/homeproject.fr\\\/fr\\\/#\\\/schema\\\/logo\\\/image\\\/\"}}]}<\/script>\n<!-- \/ Yoast SEO plugin. -->","yoast_head_json":{"title":"Tabouret r\u00e9glable design Lapalma LEM \u2013 \u00c9poxy blanc & assise Fenix blanc - Homeproject.fr","robots":{"index":"index","follow":"follow","max-snippet":"max-snippet:-1","max-image-preview":"max-image-preview:large","max-video-preview":"max-video-preview:-1"},"canonical":"https:\/\/homeproject.fr\/fr\/produit\/tabouret-reglable-design-lapalma-lem-epoxy-blanc-assise-fenix-blanc\/","og_locale":"fr_FR","og_type":"article","og_title":"Tabouret r\u00e9glable design Lapalma LEM \u2013 \u00c9poxy blanc & assise Fenix blanc - Homeproject.fr","og_description":"Apportez une touche de design italien \u00e0 votre int\u00e9rieur avec le tabouret Lapalma Lem en version \u00e9poxy blanc et assise Fenix blanc. Ic\u00f4ne du mobilier contemporain, ce mod\u00e8le \u00e9l\u00e9gant sign\u00e9 Lapalma s\u00e9duit par ses lignes \u00e9pur\u00e9es et son ergonomie parfaitement \u00e9tudi\u00e9e.","og_url":"https:\/\/homeproject.fr\/fr\/produit\/tabouret-reglable-design-lapalma-lem-epoxy-blanc-assise-fenix-blanc\/","og_site_name":"Homeproject.fr","article_modified_time":"2025-05-30T12:59:55+00:00","og_image":[{"width":1500,"height":1500,"url":"https:\/\/homeproject.fr\/fr\/wp-content\/uploads\/2025\/05\/Tabouret-reglable-haut-de-gamme-Lapalma-Lem-epoxy-blanc-et-assise-blanche-4.jpg","type":"image\/jpeg"}],"twitter_card":"summary_large_image","twitter_misc":{"Dur\u00e9e de lecture estim\u00e9e":"2 minutes"},"schema":{"@context":"https:\/\/schema.org","@graph":[{"@type":"WebPage","@id":"https:\/\/homeproject.fr\/fr\/produit\/tabouret-reglable-design-lapalma-lem-epoxy-blanc-assise-fenix-blanc\/","url":"https:\/\/homeproject.fr\/fr\/produit\/tabouret-reglable-design-lapalma-lem-epoxy-blanc-assise-fenix-blanc\/","name":"Tabouret r\u00e9glable design Lapalma LEM \u2013 \u00c9poxy blanc & assise Fenix blanc - Homeproject.fr","isPartOf":{"@id":"https:\/\/homeproject.fr\/fr\/#website"},"primaryImageOfPage":{"@id":"https:\/\/homeproject.fr\/fr\/produit\/tabouret-reglable-design-lapalma-lem-epoxy-blanc-assise-fenix-blanc\/#primaryimage"},"image":{"@id":"https:\/\/homeproject.fr\/fr\/produit\/tabouret-reglable-design-lapalma-lem-epoxy-blanc-assise-fenix-blanc\/#primaryimage"},"thumbnailUrl":"https:\/\/homeproject.fr\/fr\/wp-content\/uploads\/2025\/05\/Tabouret-reglable-haut-de-gamme-Lapalma-Lem-epoxy-blanc-et-assise-blanche-4.jpg","datePublished":"2025-05-30T12:28:56+00:00","dateModified":"2025-05-30T12:59:55+00:00","breadcrumb":{"@id":"https:\/\/homeproject.fr\/fr\/produit\/tabouret-reglable-design-lapalma-lem-epoxy-blanc-assise-fenix-blanc\/#breadcrumb"},"inLanguage":"fr-FR","potentialAction":[{"@type":"ReadAction","target":["https:\/\/homeproject.fr\/fr\/produit\/tabouret-reglable-design-lapalma-lem-epoxy-blanc-assise-fenix-blanc\/"]}]},{"@type":"ImageObject","inLanguage":"fr-FR","@id":"https:\/\/homeproject.fr\/fr\/produit\/tabouret-reglable-design-lapalma-lem-epoxy-blanc-assise-fenix-blanc\/#primaryimage","url":"https:\/\/homeproject.fr\/fr\/wp-content\/uploads\/2025\/05\/Tabouret-reglable-haut-de-gamme-Lapalma-Lem-epoxy-blanc-et-assise-blanche-4.jpg","contentUrl":"https:\/\/homeproject.fr\/fr\/wp-content\/uploads\/2025\/05\/Tabouret-reglable-haut-de-gamme-Lapalma-Lem-epoxy-blanc-et-assise-blanche-4.jpg","width":1500,"height":1500},{"@type":"BreadcrumbList","@id":"https:\/\/homeproject.fr\/fr\/produit\/tabouret-reglable-design-lapalma-lem-epoxy-blanc-assise-fenix-blanc\/#breadcrumb","itemListElement":[{"@type":"ListItem","position":1,"name":"Accueil","item":"https:\/\/homeproject.fr\/fr\/"},{"@type":"ListItem","position":2,"name":"Boutique","item":"https:\/\/homeproject.fr\/fr\/boutique\/"},{"@type":"ListItem","position":3,"name":"Tabouret r\u00e9glable design Lapalma LEM \u2013 \u00c9poxy blanc &#038; assise Fenix blanc"}]},{"@type":"WebSite","@id":"https:\/\/homeproject.fr\/fr\/#website","url":"https:\/\/homeproject.fr\/fr\/","name":"Homeproject.fr","description":"Offrez l&#039;exceptionnel \u00e0 vos espaces \u00e0 vivre","publisher":{"@id":"https:\/\/homeproject.fr\/fr\/#organization"},"potentialAction":[{"@type":"SearchAction","target":{"@type":"EntryPoint","urlTemplate":"https:\/\/homeproject.fr\/fr\/?s={search_term_string}"},"query-input":{"@type":"PropertyValueSpecification","valueRequired":true,"valueName":"search_term_string"}}],"inLanguage":"fr-FR"},{"@type":"Organization","@id":"https:\/\/homeproject.fr\/fr\/#organization","name":"Homeproject.fr","url":"https:\/\/homeproject.fr\/fr\/","logo":{"@type":"ImageObject","inLanguage":"fr-FR","@id":"https:\/\/homeproject.fr\/fr\/#\/schema\/logo\/image\/","url":"https:\/\/homeproject.fr\/fr\/wp-content\/uploads\/2024\/12\/Logo_HomeProject-noir-2.png","contentUrl":"https:\/\/homeproject.fr\/fr\/wp-content\/uploads\/2024\/12\/Logo_HomeProject-noir-2.png","width":300,"height":91,"caption":"Homeproject.fr"},"image":{"@id":"https:\/\/homeproject.fr\/fr\/#\/schema\/logo\/image\/"}}]}},"_links":{"self":[{"href":"https:\/\/homeproject.fr\/fr\/wp-json\/wp\/v2\/product\/13626","targetHints":{"allow":["GET"]}}],"collection":[{"href":"https:\/\/homeproject.fr\/fr\/wp-json\/wp\/v2\/product"}],"about":[{"href":"https:\/\/homeproject.fr\/fr\/wp-json\/wp\/v2\/types\/product"}],"version-history":[{"count":2,"href":"https:\/\/homeproject.fr\/fr\/wp-json\/wp\/v2\/product\/13626\/revisions"}],"predecessor-version":[{"id":13634,"href":"https:\/\/homeproject.fr\/fr\/wp-json\/wp\/v2\/product\/13626\/revisions\/13634"}],"wp:featuredmedia":[{"embeddable":true,"href":"https:\/\/homeproject.fr\/fr\/wp-json\/wp\/v2\/media\/13629"}],"wp:attachment":[{"href":"https:\/\/homeproject.fr\/fr\/wp-json\/wp\/v2\/media?parent=13626"}],"wp:term":[{"taxonomy":"product_brand","embeddable":true,"href":"https:\/\/homeproject.fr\/fr\/wp-json\/wp\/v2\/product_brand?post=13626"},{"taxonomy":"product_cat","embeddable":true,"href":"https:\/\/homeproject.fr\/fr\/wp-json\/wp\/v2\/product_cat?post=13626"},{"taxonomy":"product_tag","embeddable":true,"href":"https:\/\/homeproject.fr\/fr\/wp-json\/wp\/v2\/product_tag?post=13626"}],"curies":[{"name":"wp","href":"https:\/\/api.w.org\/{rel}","templated":true}]}}