{"id":13565,"date":"2025-04-07T14:50:42","date_gmt":"2025-04-07T14:50:42","guid":{"rendered":"https:\/\/homeproject.fr\/fr\/?post_type=product&#038;p=13565"},"modified":"2025-04-07T14:58:27","modified_gmt":"2025-04-07T14:58:27","slug":"parquet-contrecolle-chene-decora-y25-naturalizzato-labor-legno-15mm","status":"publish","type":"product","link":"https:\/\/homeproject.fr\/fr\/produit\/parquet-contrecolle-chene-decora-y25-naturalizzato-labor-legno-15mm\/","title":{"rendered":"Parquet contrecoll\u00e9 ch\u00eane DECORA Y25 Naturalizzato \u2013 Labor Legno 15mm"},"content":{"rendered":"<p><strong><a href=\"https:\/\/homeproject.fr\/fr\/produit\/echantillon-parquet-contrecolle-labor-legno-decora-y25-naturalizzato\/\">Commander un \u00e9chantillon<\/a><\/strong><\/p>\n<div class=\"flex max-w-full flex-col flex-grow\">\n<div class=\"min-h-8 text-message flex w-full flex-col items-end gap-2 whitespace-normal break-words text-start [.text-message+&amp;]:mt-5\" dir=\"auto\" data-message-author-role=\"assistant\" data-message-id=\"fd2864f8-4d08-4e5b-8c3b-190065db2f0e\" data-message-model-slug=\"gpt-4o\">\n<div class=\"flex w-full flex-col gap-1 empty:hidden first:pt-[3px]\">\n<div class=\"markdown prose w-full break-words dark:prose-invert light\">\n<h3 class=\"\" data-start=\"1081\" data-end=\"1114\">Caract\u00e9ristiques techniques<\/h3>\n<ul data-start=\"1116\" data-end=\"1926\">\n<li class=\"\" data-start=\"1116\" data-end=\"1160\">\n<p class=\"\" data-start=\"1118\" data-end=\"1160\"><strong data-start=\"1118\" data-end=\"1131\">Essence :<\/strong> Ch\u00eane europ\u00e9en<\/p>\n<\/li>\n<li class=\"\" data-start=\"1161\" data-end=\"1232\">\n<p class=\"\" data-start=\"1163\" data-end=\"1232\"><strong data-start=\"1163\" data-end=\"1177\">Finition :<\/strong> Bross\u00e9, vernis \u00e0 base d&rsquo;eau \u00e0 effet naturel<\/p>\n<\/li>\n<li class=\"\" data-start=\"1161\" data-end=\"1232\">\n<p class=\"\" data-start=\"1163\" data-end=\"1232\"><strong data-start=\"1235\" data-end=\"1256\">Type de produit :<\/strong> Parquet contrecoll\u00e9<\/p>\n<\/li>\n<li class=\"\" data-start=\"1741\" data-end=\"1773\">\n<p class=\"\" data-start=\"1743\" data-end=\"1773\"><strong data-start=\"1743\" data-end=\"1771\">Compatible sol chauffant<\/strong><\/p>\n<\/li>\n<li data-start=\"1741\" data-end=\"1773\">Assemblage rainure et languette sur les 4 cot\u00e9s<\/li>\n<li data-start=\"1741\" data-end=\"1773\">\u00a0Parement bois noble d&rsquo;\u00e9paisseur 3,5mm<\/li>\n<li data-start=\"1741\" data-end=\"1773\">\u00a0Support contreplaqu\u00e9<\/li>\n<li data-start=\"1741\" data-end=\"1773\">Chanfrein p\u00e9riph\u00e9rique<\/li>\n<li data-start=\"1741\" data-end=\"1773\">Pose coll\u00e9e ou flottante<\/li>\n<li data-start=\"1741\" data-end=\"1773\">\u00a0Collage vinylique<\/li>\n<\/ul>\n<\/div>\n<p>L\u2019humidit\u00e9 ambiante d\u2019utilisation du produit doit \u00eatre comprise entre 45% et 60% \u00a0et une temp\u00e9rature de l\u2019air d\u2019environ 20\u00b0C<\/p>\n<p>N.B. Le bois est un mat\u00e9riau naturel, chaque planche est unique par cons\u00e9quent, les lames de parquet peuvent \u00eatre diff\u00e9rentes les unes des autres en terme de couleur et de texture.<\/p>\n<div class=\"markdown prose w-full break-words dark:prose-invert light\">\n<p>L\u2019utilisation de scotch sur les finitions artisanales peut endommager la surface.<\/p>\n<\/div>\n<\/div>\n<\/div>\n<\/div>\n<div class=\"flex max-w-full flex-col flex-grow\">\n<div class=\"min-h-8 text-message flex w-full flex-col items-end gap-2 whitespace-normal break-words text-start [.text-message+&amp;]:mt-5\" dir=\"auto\" data-message-author-role=\"assistant\" data-message-id=\"fd2864f8-4d08-4e5b-8c3b-190065db2f0e\" data-message-model-slug=\"gpt-4o\">\n<div class=\"flex w-full flex-col gap-1 empty:hidden first:pt-[3px]\">\n<div class=\"markdown prose w-full break-words dark:prose-invert light\">\n<h3>Dimensions :<\/h3>\n<p>Epaisseur 15mm<\/p>\n<p>Largeur : 185 &#8211; 230 mm<\/p>\n<p>Longueur 1400\/3000mm (75%) \u2014 500\/1390mm (25%)<\/p>\n<h4 class=\"\" data-start=\"1028\" data-end=\"1062\"><strong style=\"font-family: inherit; font-size: 30px;\">Vous avez des questions ?<\/strong><\/h4>\n<\/div>\n<\/div>\n<\/div>\n<\/div>\n<style id=\"wpforms-css-vars-3675\">\n\t\t\t\t#wpforms-3675 {\n\t\t\t\t\n\t\t\t}\n\t\t\t<\/style><div class=\"wpforms-container wpforms-container-full wpforms-render-modern\" id=\"wpforms-3675\"><form id=\"wpforms-form-3675\" class=\"wpforms-validate wpforms-form wpforms-ajax-form\" data-formid=\"3675\" method=\"post\" enctype=\"multipart\/form-data\" action=\"\/fr\/wp-json\/wp\/v2\/product\/13565\" data-token=\"61a757da810f90bb9b7a9e476d087382\" data-token-time=\"1776519137\"><noscript class=\"wpforms-error-noscript\">Veuillez activer JavaScript dans votre navigateur pour remplir ce formulaire.<\/noscript><div id=\"wpforms-error-noscript\" style=\"display: none;\">Veuillez activer JavaScript dans votre navigateur pour remplir ce formulaire.<\/div><div class=\"wpforms-field-container\"><div id=\"wpforms-3675-field_3-container\" class=\"wpforms-field wpforms-field-name\" data-field-id=\"3\"><fieldset><legend class=\"wpforms-field-label\">Nom <span class=\"wpforms-required-label\" aria-hidden=\"true\">*<\/span><\/legend><div class=\"wpforms-field-row wpforms-field-medium\"><div class=\"wpforms-field-row-block wpforms-first wpforms-one-half\"><input type=\"text\" id=\"wpforms-3675-field_3\" class=\"wpforms-field-name-first wpforms-field-required\" name=\"wpforms[fields][3][first]\" aria-errormessage=\"wpforms-3675-field_3-error\" required><label for=\"wpforms-3675-field_3\" class=\"wpforms-field-sublabel after\">Pr\u00e9nom<\/label><\/div><div class=\"wpforms-field-row-block wpforms-one-half\"><input type=\"text\" id=\"wpforms-3675-field_3-last\" class=\"wpforms-field-name-last wpforms-field-required\" name=\"wpforms[fields][3][last]\" aria-errormessage=\"wpforms-3675-field_3-last-error\" required><label for=\"wpforms-3675-field_3-last\" class=\"wpforms-field-sublabel after\">Nom<\/label><\/div><\/div><\/fieldset><\/div><div id=\"wpforms-3675-field_4-container\" class=\"wpforms-field wpforms-field-email\" data-field-id=\"4\"><label class=\"wpforms-field-label\" for=\"wpforms-3675-field_4\">E-mail <span class=\"wpforms-required-label\" aria-hidden=\"true\">*<\/span><\/label><input type=\"email\" id=\"wpforms-3675-field_4\" class=\"wpforms-field-medium wpforms-field-required\" name=\"wpforms[fields][4]\" spellcheck=\"false\" aria-errormessage=\"wpforms-3675-field_4-error\" required><\/div>\t\t<div id=\"wpforms-3675-field_1-container\"\n\t\t\tclass=\"wpforms-field wpforms-field-text\"\n\t\t\tdata-field-type=\"text\"\n\t\t\tdata-field-id=\"1\"\n\t\t\t>\n\t\t\t<label class=\"wpforms-field-label\" for=\"wpforms-3675-field_1\" >E-mail Message Nom<\/label>\n\t\t\t<input type=\"text\" id=\"wpforms-3675-field_1\" class=\"wpforms-field-medium\" name=\"wpforms[fields][1]\" >\n\t\t<\/div>\n\t\t<div id=\"wpforms-3675-field_5-container\" class=\"wpforms-field wpforms-field-textarea\" data-field-id=\"5\"><label class=\"wpforms-field-label\" for=\"wpforms-3675-field_5\">Message <span class=\"wpforms-required-label\" aria-hidden=\"true\">*<\/span><\/label><textarea id=\"wpforms-3675-field_5\" class=\"wpforms-field-medium wpforms-field-required\" name=\"wpforms[fields][5]\" aria-errormessage=\"wpforms-3675-field_5-error\" required><\/textarea><\/div><script>\n\t\t\t\t( function() {\n\t\t\t\t\tconst style = document.createElement( 'style' );\n\t\t\t\t\tstyle.appendChild( document.createTextNode( '#wpforms-3675-field_1-container { position: absolute !important; overflow: hidden !important; display: inline !important; height: 1px !important; width: 1px !important; z-index: -1000 !important; padding: 0 !important; } #wpforms-3675-field_1-container input { visibility: hidden; } #wpforms-conversational-form-page #wpforms-3675-field_1-container label { counter-increment: none; }' ) );\n\t\t\t\t\tdocument.head.appendChild( style );\n\t\t\t\t\tdocument.currentScript?.remove();\n\t\t\t\t} )();\n\t\t\t<\/script><\/div><!-- .wpforms-field-container --><div class=\"wpforms-submit-container\" ><input type=\"hidden\" name=\"wpforms[id]\" value=\"3675\"><input type=\"hidden\" name=\"page_title\" value=\"\"><input type=\"hidden\" name=\"page_url\" value=\"https:\/\/homeproject.fr\/fr\/wp-json\/wp\/v2\/product\/13565\"><input type=\"hidden\" name=\"url_referer\" value=\"\"><button type=\"submit\" name=\"wpforms[submit]\" id=\"wpforms-submit-3675\" class=\"wpforms-submit\" data-alt-text=\"Envoi...\" data-submit-text=\"Envoyer\" aria-live=\"assertive\" value=\"wpforms-submit\">Envoyer<\/button><img decoding=\"async\" src=\"https:\/\/homeproject.fr\/fr\/wp-content\/plugins\/wpforms-lite\/assets\/images\/submit-spin.svg\" class=\"wpforms-submit-spinner\" style=\"display: none;\" width=\"26\" height=\"26\" alt=\"Chargement en cours\"><\/div><\/form><\/div>  <!-- .wpforms-container -->\n","protected":false},"excerpt":{"rendered":"<p class=\"\" data-start=\"81\" data-end=\"560\">Apportez une touche de naturel et de chaleur \u00e0 votre int\u00e9rieur avec le parquet contrecoll\u00e9 en ch\u00eane Decora <strong data-start=\"273\" data-end=\"294\">Y25 Naturalizzato<\/strong>. Con\u00e7u \u00e0 partir de bois de ch\u00eane europ\u00e9en de haute qualit\u00e9, ce rev\u00eatement met en valeur les nuances claires et les n\u0153uds du bois pour un effet authentique et intemporel. Sa finition mate subtilement bross\u00e9e r\u00e9v\u00e8le toute la richesse du veinage naturel.<\/p>\n<p class=\"\" data-start=\"562\" data-end=\"805\">Id\u00e9al pour les espaces modernes ou classiques, ce parquet s\u2019installe facilement en pose flottante ou coll\u00e9e. Durable et facile \u00e0 entretenir, il est parfait pour toutes les pi\u00e8ces de vie, y compris les cuisines ouvertes ou les s\u00e9jours lumineux.<\/p>\n<p class=\"\" data-start=\"296\" data-end=\"633\"><strong>Des remises quantitatives s\u2019appliquent automatiquement dans le panier<\/strong><\/p>\n","protected":false},"featured_media":13568,"template":"","meta":{"_uf_show_specific_survey":0,"_uf_disable_surveys":false,"iawp_total_views":71},"product_brand":[],"product_cat":[134,24],"product_tag":[],"class_list":{"0":"post-13565","1":"product","2":"type-product","3":"status-publish","4":"has-post-thumbnail","6":"product_cat-contrecolle","7":"product_cat-parquet","8":"product_shipping_class-carrelage","9":"pa_collection-decora","10":"pa_epaisseur-15-mm","11":"pa_materiau-bois","13":"first","14":"instock","15":"sale","16":"taxable","17":"shipping-taxable","18":"purchasable","19":"product-type-variable"},"yoast_head":"<!-- This site is optimized with the Yoast SEO plugin v27.4 - https:\/\/yoast.com\/product\/yoast-seo-wordpress\/ -->\n<title>Parquet contrecoll\u00e9 ch\u00eane DECORA Y25 Naturalizzato \u2013 Labor Legno 15mm - Homeproject.fr<\/title>\n<meta name=\"robots\" content=\"index, follow, max-snippet:-1, max-image-preview:large, max-video-preview:-1\" \/>\n<link rel=\"canonical\" href=\"https:\/\/homeproject.fr\/fr\/produit\/parquet-contrecolle-chene-decora-y25-naturalizzato-labor-legno-15mm\/\" \/>\n<meta property=\"og:locale\" content=\"fr_FR\" \/>\n<meta property=\"og:type\" content=\"article\" \/>\n<meta property=\"og:title\" content=\"Parquet contrecoll\u00e9 ch\u00eane DECORA Y25 Naturalizzato \u2013 Labor Legno 15mm - Homeproject.fr\" \/>\n<meta property=\"og:description\" content=\"Apportez une touche de naturel et de chaleur \u00e0 votre int\u00e9rieur avec le parquet contrecoll\u00e9 en ch\u00eane Decora Y25 Naturalizzato. Con\u00e7u \u00e0 partir de bois de ch\u00eane europ\u00e9en de haute qualit\u00e9, ce rev\u00eatement met en valeur les nuances claires et les n\u0153uds du bois pour un effet authentique et intemporel. Sa finition mate subtilement bross\u00e9e r\u00e9v\u00e8le toute la richesse du veinage naturel. Id\u00e9al pour les espaces modernes ou classiques, ce parquet s\u2019installe facilement en pose flottante ou coll\u00e9e. Durable et facile \u00e0 entretenir, il est parfait pour toutes les pi\u00e8ces de vie, y compris les cuisines ouvertes ou les s\u00e9jours lumineux. Des remises quantitatives s\u2019appliquent automatiquement dans le panier\" \/>\n<meta property=\"og:url\" content=\"https:\/\/homeproject.fr\/fr\/produit\/parquet-contrecolle-chene-decora-y25-naturalizzato-labor-legno-15mm\/\" \/>\n<meta property=\"og:site_name\" content=\"Homeproject.fr\" \/>\n<meta property=\"article:modified_time\" content=\"2025-04-07T14:58:27+00:00\" \/>\n<meta property=\"og:image\" content=\"https:\/\/homeproject.fr\/fr\/wp-content\/uploads\/2025\/04\/Parquet-contrecolle-chene-naturel-Decora-Y25-Naturalizzato.jpg\" \/>\n\t<meta property=\"og:image:width\" content=\"1500\" \/>\n\t<meta property=\"og:image:height\" content=\"1500\" \/>\n\t<meta property=\"og:image:type\" content=\"image\/jpeg\" \/>\n<meta name=\"twitter:card\" content=\"summary_large_image\" \/>\n<meta name=\"twitter:label1\" content=\"Dur\u00e9e de lecture estim\u00e9e\" \/>\n\t<meta name=\"twitter:data1\" content=\"1 minute\" \/>\n<script type=\"application\/ld+json\" class=\"yoast-schema-graph\">{\"@context\":\"https:\\\/\\\/schema.org\",\"@graph\":[{\"@type\":\"WebPage\",\"@id\":\"https:\\\/\\\/homeproject.fr\\\/fr\\\/produit\\\/parquet-contrecolle-chene-decora-y25-naturalizzato-labor-legno-15mm\\\/\",\"url\":\"https:\\\/\\\/homeproject.fr\\\/fr\\\/produit\\\/parquet-contrecolle-chene-decora-y25-naturalizzato-labor-legno-15mm\\\/\",\"name\":\"Parquet contrecoll\u00e9 ch\u00eane DECORA Y25 Naturalizzato \u2013 Labor Legno 15mm - Homeproject.fr\",\"isPartOf\":{\"@id\":\"https:\\\/\\\/homeproject.fr\\\/fr\\\/#website\"},\"primaryImageOfPage\":{\"@id\":\"https:\\\/\\\/homeproject.fr\\\/fr\\\/produit\\\/parquet-contrecolle-chene-decora-y25-naturalizzato-labor-legno-15mm\\\/#primaryimage\"},\"image\":{\"@id\":\"https:\\\/\\\/homeproject.fr\\\/fr\\\/produit\\\/parquet-contrecolle-chene-decora-y25-naturalizzato-labor-legno-15mm\\\/#primaryimage\"},\"thumbnailUrl\":\"https:\\\/\\\/homeproject.fr\\\/fr\\\/wp-content\\\/uploads\\\/2025\\\/04\\\/Parquet-contrecolle-chene-naturel-Decora-Y25-Naturalizzato.jpg\",\"datePublished\":\"2025-04-07T14:50:42+00:00\",\"dateModified\":\"2025-04-07T14:58:27+00:00\",\"breadcrumb\":{\"@id\":\"https:\\\/\\\/homeproject.fr\\\/fr\\\/produit\\\/parquet-contrecolle-chene-decora-y25-naturalizzato-labor-legno-15mm\\\/#breadcrumb\"},\"inLanguage\":\"fr-FR\",\"potentialAction\":[{\"@type\":\"ReadAction\",\"target\":[\"https:\\\/\\\/homeproject.fr\\\/fr\\\/produit\\\/parquet-contrecolle-chene-decora-y25-naturalizzato-labor-legno-15mm\\\/\"]}]},{\"@type\":\"ImageObject\",\"inLanguage\":\"fr-FR\",\"@id\":\"https:\\\/\\\/homeproject.fr\\\/fr\\\/produit\\\/parquet-contrecolle-chene-decora-y25-naturalizzato-labor-legno-15mm\\\/#primaryimage\",\"url\":\"https:\\\/\\\/homeproject.fr\\\/fr\\\/wp-content\\\/uploads\\\/2025\\\/04\\\/Parquet-contrecolle-chene-naturel-Decora-Y25-Naturalizzato.jpg\",\"contentUrl\":\"https:\\\/\\\/homeproject.fr\\\/fr\\\/wp-content\\\/uploads\\\/2025\\\/04\\\/Parquet-contrecolle-chene-naturel-Decora-Y25-Naturalizzato.jpg\",\"width\":1500,\"height\":1500},{\"@type\":\"BreadcrumbList\",\"@id\":\"https:\\\/\\\/homeproject.fr\\\/fr\\\/produit\\\/parquet-contrecolle-chene-decora-y25-naturalizzato-labor-legno-15mm\\\/#breadcrumb\",\"itemListElement\":[{\"@type\":\"ListItem\",\"position\":1,\"name\":\"Accueil\",\"item\":\"https:\\\/\\\/homeproject.fr\\\/fr\\\/\"},{\"@type\":\"ListItem\",\"position\":2,\"name\":\"Boutique\",\"item\":\"https:\\\/\\\/homeproject.fr\\\/fr\\\/boutique\\\/\"},{\"@type\":\"ListItem\",\"position\":3,\"name\":\"Parquet contrecoll\u00e9 ch\u00eane DECORA Y25 Naturalizzato \u2013 Labor Legno 15mm\"}]},{\"@type\":\"WebSite\",\"@id\":\"https:\\\/\\\/homeproject.fr\\\/fr\\\/#website\",\"url\":\"https:\\\/\\\/homeproject.fr\\\/fr\\\/\",\"name\":\"Homeproject.fr\",\"description\":\"Offrez l&#039;exceptionnel \u00e0 vos espaces \u00e0 vivre\",\"publisher\":{\"@id\":\"https:\\\/\\\/homeproject.fr\\\/fr\\\/#organization\"},\"potentialAction\":[{\"@type\":\"SearchAction\",\"target\":{\"@type\":\"EntryPoint\",\"urlTemplate\":\"https:\\\/\\\/homeproject.fr\\\/fr\\\/?s={search_term_string}\"},\"query-input\":{\"@type\":\"PropertyValueSpecification\",\"valueRequired\":true,\"valueName\":\"search_term_string\"}}],\"inLanguage\":\"fr-FR\"},{\"@type\":\"Organization\",\"@id\":\"https:\\\/\\\/homeproject.fr\\\/fr\\\/#organization\",\"name\":\"Homeproject.fr\",\"url\":\"https:\\\/\\\/homeproject.fr\\\/fr\\\/\",\"logo\":{\"@type\":\"ImageObject\",\"inLanguage\":\"fr-FR\",\"@id\":\"https:\\\/\\\/homeproject.fr\\\/fr\\\/#\\\/schema\\\/logo\\\/image\\\/\",\"url\":\"https:\\\/\\\/homeproject.fr\\\/fr\\\/wp-content\\\/uploads\\\/2024\\\/12\\\/Logo_HomeProject-noir-2.png\",\"contentUrl\":\"https:\\\/\\\/homeproject.fr\\\/fr\\\/wp-content\\\/uploads\\\/2024\\\/12\\\/Logo_HomeProject-noir-2.png\",\"width\":300,\"height\":91,\"caption\":\"Homeproject.fr\"},\"image\":{\"@id\":\"https:\\\/\\\/homeproject.fr\\\/fr\\\/#\\\/schema\\\/logo\\\/image\\\/\"}}]}<\/script>\n<!-- \/ Yoast SEO plugin. -->","yoast_head_json":{"title":"Parquet contrecoll\u00e9 ch\u00eane DECORA Y25 Naturalizzato \u2013 Labor Legno 15mm - Homeproject.fr","robots":{"index":"index","follow":"follow","max-snippet":"max-snippet:-1","max-image-preview":"max-image-preview:large","max-video-preview":"max-video-preview:-1"},"canonical":"https:\/\/homeproject.fr\/fr\/produit\/parquet-contrecolle-chene-decora-y25-naturalizzato-labor-legno-15mm\/","og_locale":"fr_FR","og_type":"article","og_title":"Parquet contrecoll\u00e9 ch\u00eane DECORA Y25 Naturalizzato \u2013 Labor Legno 15mm - Homeproject.fr","og_description":"Apportez une touche de naturel et de chaleur \u00e0 votre int\u00e9rieur avec le parquet contrecoll\u00e9 en ch\u00eane Decora Y25 Naturalizzato. Con\u00e7u \u00e0 partir de bois de ch\u00eane europ\u00e9en de haute qualit\u00e9, ce rev\u00eatement met en valeur les nuances claires et les n\u0153uds du bois pour un effet authentique et intemporel. Sa finition mate subtilement bross\u00e9e r\u00e9v\u00e8le toute la richesse du veinage naturel. Id\u00e9al pour les espaces modernes ou classiques, ce parquet s\u2019installe facilement en pose flottante ou coll\u00e9e. Durable et facile \u00e0 entretenir, il est parfait pour toutes les pi\u00e8ces de vie, y compris les cuisines ouvertes ou les s\u00e9jours lumineux. Des remises quantitatives s\u2019appliquent automatiquement dans le panier","og_url":"https:\/\/homeproject.fr\/fr\/produit\/parquet-contrecolle-chene-decora-y25-naturalizzato-labor-legno-15mm\/","og_site_name":"Homeproject.fr","article_modified_time":"2025-04-07T14:58:27+00:00","og_image":[{"width":1500,"height":1500,"url":"https:\/\/homeproject.fr\/fr\/wp-content\/uploads\/2025\/04\/Parquet-contrecolle-chene-naturel-Decora-Y25-Naturalizzato.jpg","type":"image\/jpeg"}],"twitter_card":"summary_large_image","twitter_misc":{"Dur\u00e9e de lecture estim\u00e9e":"1 minute"},"schema":{"@context":"https:\/\/schema.org","@graph":[{"@type":"WebPage","@id":"https:\/\/homeproject.fr\/fr\/produit\/parquet-contrecolle-chene-decora-y25-naturalizzato-labor-legno-15mm\/","url":"https:\/\/homeproject.fr\/fr\/produit\/parquet-contrecolle-chene-decora-y25-naturalizzato-labor-legno-15mm\/","name":"Parquet contrecoll\u00e9 ch\u00eane DECORA Y25 Naturalizzato \u2013 Labor Legno 15mm - Homeproject.fr","isPartOf":{"@id":"https:\/\/homeproject.fr\/fr\/#website"},"primaryImageOfPage":{"@id":"https:\/\/homeproject.fr\/fr\/produit\/parquet-contrecolle-chene-decora-y25-naturalizzato-labor-legno-15mm\/#primaryimage"},"image":{"@id":"https:\/\/homeproject.fr\/fr\/produit\/parquet-contrecolle-chene-decora-y25-naturalizzato-labor-legno-15mm\/#primaryimage"},"thumbnailUrl":"https:\/\/homeproject.fr\/fr\/wp-content\/uploads\/2025\/04\/Parquet-contrecolle-chene-naturel-Decora-Y25-Naturalizzato.jpg","datePublished":"2025-04-07T14:50:42+00:00","dateModified":"2025-04-07T14:58:27+00:00","breadcrumb":{"@id":"https:\/\/homeproject.fr\/fr\/produit\/parquet-contrecolle-chene-decora-y25-naturalizzato-labor-legno-15mm\/#breadcrumb"},"inLanguage":"fr-FR","potentialAction":[{"@type":"ReadAction","target":["https:\/\/homeproject.fr\/fr\/produit\/parquet-contrecolle-chene-decora-y25-naturalizzato-labor-legno-15mm\/"]}]},{"@type":"ImageObject","inLanguage":"fr-FR","@id":"https:\/\/homeproject.fr\/fr\/produit\/parquet-contrecolle-chene-decora-y25-naturalizzato-labor-legno-15mm\/#primaryimage","url":"https:\/\/homeproject.fr\/fr\/wp-content\/uploads\/2025\/04\/Parquet-contrecolle-chene-naturel-Decora-Y25-Naturalizzato.jpg","contentUrl":"https:\/\/homeproject.fr\/fr\/wp-content\/uploads\/2025\/04\/Parquet-contrecolle-chene-naturel-Decora-Y25-Naturalizzato.jpg","width":1500,"height":1500},{"@type":"BreadcrumbList","@id":"https:\/\/homeproject.fr\/fr\/produit\/parquet-contrecolle-chene-decora-y25-naturalizzato-labor-legno-15mm\/#breadcrumb","itemListElement":[{"@type":"ListItem","position":1,"name":"Accueil","item":"https:\/\/homeproject.fr\/fr\/"},{"@type":"ListItem","position":2,"name":"Boutique","item":"https:\/\/homeproject.fr\/fr\/boutique\/"},{"@type":"ListItem","position":3,"name":"Parquet contrecoll\u00e9 ch\u00eane DECORA Y25 Naturalizzato \u2013 Labor Legno 15mm"}]},{"@type":"WebSite","@id":"https:\/\/homeproject.fr\/fr\/#website","url":"https:\/\/homeproject.fr\/fr\/","name":"Homeproject.fr","description":"Offrez l&#039;exceptionnel \u00e0 vos espaces \u00e0 vivre","publisher":{"@id":"https:\/\/homeproject.fr\/fr\/#organization"},"potentialAction":[{"@type":"SearchAction","target":{"@type":"EntryPoint","urlTemplate":"https:\/\/homeproject.fr\/fr\/?s={search_term_string}"},"query-input":{"@type":"PropertyValueSpecification","valueRequired":true,"valueName":"search_term_string"}}],"inLanguage":"fr-FR"},{"@type":"Organization","@id":"https:\/\/homeproject.fr\/fr\/#organization","name":"Homeproject.fr","url":"https:\/\/homeproject.fr\/fr\/","logo":{"@type":"ImageObject","inLanguage":"fr-FR","@id":"https:\/\/homeproject.fr\/fr\/#\/schema\/logo\/image\/","url":"https:\/\/homeproject.fr\/fr\/wp-content\/uploads\/2024\/12\/Logo_HomeProject-noir-2.png","contentUrl":"https:\/\/homeproject.fr\/fr\/wp-content\/uploads\/2024\/12\/Logo_HomeProject-noir-2.png","width":300,"height":91,"caption":"Homeproject.fr"},"image":{"@id":"https:\/\/homeproject.fr\/fr\/#\/schema\/logo\/image\/"}}]}},"_links":{"self":[{"href":"https:\/\/homeproject.fr\/fr\/wp-json\/wp\/v2\/product\/13565","targetHints":{"allow":["GET"]}}],"collection":[{"href":"https:\/\/homeproject.fr\/fr\/wp-json\/wp\/v2\/product"}],"about":[{"href":"https:\/\/homeproject.fr\/fr\/wp-json\/wp\/v2\/types\/product"}],"version-history":[{"count":1,"href":"https:\/\/homeproject.fr\/fr\/wp-json\/wp\/v2\/product\/13565\/revisions"}],"predecessor-version":[{"id":13575,"href":"https:\/\/homeproject.fr\/fr\/wp-json\/wp\/v2\/product\/13565\/revisions\/13575"}],"wp:featuredmedia":[{"embeddable":true,"href":"https:\/\/homeproject.fr\/fr\/wp-json\/wp\/v2\/media\/13568"}],"wp:attachment":[{"href":"https:\/\/homeproject.fr\/fr\/wp-json\/wp\/v2\/media?parent=13565"}],"wp:term":[{"taxonomy":"product_brand","embeddable":true,"href":"https:\/\/homeproject.fr\/fr\/wp-json\/wp\/v2\/product_brand?post=13565"},{"taxonomy":"product_cat","embeddable":true,"href":"https:\/\/homeproject.fr\/fr\/wp-json\/wp\/v2\/product_cat?post=13565"},{"taxonomy":"product_tag","embeddable":true,"href":"https:\/\/homeproject.fr\/fr\/wp-json\/wp\/v2\/product_tag?post=13565"}],"curies":[{"name":"wp","href":"https:\/\/api.w.org\/{rel}","templated":true}]}}