{"id":13093,"date":"2025-03-22T16:03:04","date_gmt":"2025-03-22T16:03:04","guid":{"rendered":"https:\/\/homeproject.fr\/fr\/?post_type=product&#038;p=13093"},"modified":"2025-03-22T16:07:31","modified_gmt":"2025-03-22T16:07:31","slug":"carrelage-uni-vert-effet-carreau-ciment-habana-forest-20x20-cm","status":"publish","type":"product","link":"https:\/\/homeproject.fr\/fr\/produit\/carrelage-uni-vert-effet-carreau-ciment-habana-forest-20x20-cm\/","title":{"rendered":"Carrelage uni vert effet carreau ciment \u2013 Habana Forest \u2013 20&#215;20 cm"},"content":{"rendered":"<p><strong><a href=\"https:\/\/homeproject.fr\/fr\/produit\/echantillon-carrelage-habana-forest\/\">Commander un \u00e9chantillon<\/a><\/strong><\/p>\n<div class=\"flex max-w-full flex-col flex-grow\">\n<div class=\"min-h-8 text-message flex w-full flex-col items-end gap-2 whitespace-normal break-words text-start [.text-message+&]:mt-5\" dir=\"auto\" data-message-author-role=\"assistant\" data-message-id=\"fd2864f8-4d08-4e5b-8c3b-190065db2f0e\" data-message-model-slug=\"gpt-4o\">\n<div class=\"flex w-full flex-col gap-1 empty:hidden first:pt-[3px]\">\n<div class=\"markdown prose w-full break-words dark:prose-invert light\">\n<h4 class=\"\" data-start=\"1028\" data-end=\"1062\">Caract\u00e9ristiques techniques :<\/h4>\n<ul data-start=\"1063\" data-end=\"1479\">\n<li class=\"\" data-start=\"1063\" data-end=\"1100\">\n<p class=\"\" data-start=\"1065\" data-end=\"1100\"><strong data-start=\"1065\" data-end=\"1081\">Dimensions :<\/strong> 20 x 20 x 0,8 cm<\/p>\n<\/li>\n<li class=\"\" data-start=\"1101\" data-end=\"1152\">\n<p class=\"\" data-start=\"1103\" data-end=\"1152\"><strong data-start=\"1103\" data-end=\"1117\">Mat\u00e9riau :<\/strong> Gr\u00e8s c\u00e9rame \u00e9maill\u00e9<\/p>\n<\/li>\n<li class=\"\" data-start=\"1153\" data-end=\"1184\">\n<p class=\"\" data-start=\"1155\" data-end=\"1184\"><strong data-start=\"1155\" data-end=\"1168\">Couleur :<\/strong> Vert \u201cForest\u201d<\/p>\n<\/li>\n<li class=\"\" data-start=\"1185\" data-end=\"1208\">\n<p class=\"\" data-start=\"1187\" data-end=\"1208\"><strong data-start=\"1187\" data-end=\"1201\">Finition :<\/strong> Mate<\/p>\n<\/li>\n<li class=\"\" data-start=\"1209\" data-end=\"1232\">\n<p class=\"\" data-start=\"1211\" data-end=\"1232\"><strong data-start=\"1211\" data-end=\"1224\">Surface :<\/strong> Lisse<\/p>\n<\/li>\n<li class=\"\" data-start=\"1233\" data-end=\"1290\">\n<p class=\"\" data-start=\"1235\" data-end=\"1290\"><strong data-start=\"1235\" data-end=\"1245\">Pose :<\/strong> mur et sol \/ int\u00e9rieur \u2013 ext\u00e9rieur<\/p>\n<\/li>\n<li class=\"\" data-start=\"1291\" data-end=\"1330\">\n<p class=\"\" data-start=\"1293\" data-end=\"1330\"><strong data-start=\"1293\" data-end=\"1323\">R\u00e9sistance au glissement :<\/strong> R10B<\/p>\n<\/li>\n<li class=\"\" data-start=\"1331\" data-end=\"1365\">\n<p class=\"\" data-start=\"1333\" data-end=\"1365\"><strong data-start=\"1333\" data-end=\"1355\">Absorption d\u2019eau :<\/strong> \u2264 0,5 %<\/p>\n<\/li>\n<li class=\"\" data-start=\"1366\" data-end=\"1390\">\n<p class=\"\" data-start=\"1368\" data-end=\"1390\"><strong data-start=\"1368\" data-end=\"1383\">\u00c9paisseur :<\/strong> 8 mm<\/p>\n<\/li>\n<li class=\"\" data-start=\"1391\" data-end=\"1422\">\n<p class=\"\" data-start=\"1393\" data-end=\"1422\"><strong data-start=\"1393\" data-end=\"1415\">Joint recommand\u00e9 :<\/strong> 3 mm<\/p>\n<\/li>\n<\/ul>\n<hr class=\"\" data-start=\"1481\" data-end=\"1484\" \/>\n<h4 class=\"\" data-start=\"1486\" data-end=\"1502\">Avantages :<\/h4>\n<ul data-start=\"1503\" data-end=\"1731\">\n<li class=\"\" data-start=\"1503\" data-end=\"1538\">\n<p class=\"\" data-start=\"1505\" data-end=\"1538\">Couleur intemporelle et naturelle<\/p>\n<\/li>\n<li class=\"\" data-start=\"1539\" data-end=\"1606\">\n<p class=\"\" data-start=\"1541\" data-end=\"1606\">Facile \u00e0 assortir avec les mod\u00e8les \u00e0 motifs de la m\u00eame collection<\/p>\n<\/li>\n<li class=\"\" data-start=\"1607\" data-end=\"1683\">\n<p class=\"\" data-start=\"1609\" data-end=\"1683\">Format 20\u00d720 cm id\u00e9al pour cuisines, salles de bains, cr\u00e9dences ou entr\u00e9es<\/p>\n<\/li>\n<li class=\"\" data-start=\"1684\" data-end=\"1731\">\n<p class=\"\" data-start=\"1686\" data-end=\"1731\">Haute r\u00e9sistance aux contraintes du quotidien<\/p>\n<\/li>\n<\/ul>\n<h4 class=\"\" data-start=\"1050\" data-end=\"1084\"><strong style=\"font-family: inherit; font-size: 30px;\">Vous avez des questions ?<\/strong><\/h4>\n<\/div>\n<\/div>\n<\/div>\n<\/div>\n<style id=\"wpforms-css-vars-3675\">\n\t\t\t\t#wpforms-3675 {\n\t\t\t\t\n\t\t\t}\n\t\t\t<\/style><div class=\"wpforms-container wpforms-container-full wpforms-render-modern\" id=\"wpforms-3675\"><form id=\"wpforms-form-3675\" class=\"wpforms-validate wpforms-form wpforms-ajax-form\" data-formid=\"3675\" method=\"post\" enctype=\"multipart\/form-data\" action=\"\/fr\/wp-json\/wp\/v2\/product\/13093\" data-token=\"2921a7ac3408d834be151983965c4ab3\" data-token-time=\"1777948282\"><noscript class=\"wpforms-error-noscript\">Veuillez activer JavaScript dans votre navigateur pour remplir ce formulaire.<\/noscript><div id=\"wpforms-error-noscript\" style=\"display: none;\">Veuillez activer JavaScript dans votre navigateur pour remplir ce formulaire.<\/div><div class=\"wpforms-field-container\"><div id=\"wpforms-3675-field_3-container\" class=\"wpforms-field wpforms-field-name\" data-field-id=\"3\"><fieldset><legend class=\"wpforms-field-label\">Nom <span class=\"wpforms-required-label\" aria-hidden=\"true\">*<\/span><\/legend><div class=\"wpforms-field-row wpforms-field-medium\"><div class=\"wpforms-field-row-block wpforms-first wpforms-one-half\"><input type=\"text\" id=\"wpforms-3675-field_3\" class=\"wpforms-field-name-first wpforms-field-required\" name=\"wpforms[fields][3][first]\" aria-errormessage=\"wpforms-3675-field_3-error\" required><label for=\"wpforms-3675-field_3\" class=\"wpforms-field-sublabel after\">Pr\u00e9nom<\/label><\/div><div class=\"wpforms-field-row-block wpforms-one-half\"><input type=\"text\" id=\"wpforms-3675-field_3-last\" class=\"wpforms-field-name-last wpforms-field-required\" name=\"wpforms[fields][3][last]\" aria-errormessage=\"wpforms-3675-field_3-last-error\" required><label for=\"wpforms-3675-field_3-last\" class=\"wpforms-field-sublabel after\">Nom<\/label><\/div><\/div><\/fieldset><\/div><div id=\"wpforms-3675-field_4-container\" class=\"wpforms-field wpforms-field-email\" data-field-id=\"4\"><label class=\"wpforms-field-label\" for=\"wpforms-3675-field_4\">E-mail <span class=\"wpforms-required-label\" aria-hidden=\"true\">*<\/span><\/label><input type=\"email\" id=\"wpforms-3675-field_4\" class=\"wpforms-field-medium wpforms-field-required\" name=\"wpforms[fields][4]\" spellcheck=\"false\" aria-errormessage=\"wpforms-3675-field_4-error\" required><\/div>\t\t<div id=\"wpforms-3675-field_1-container\"\n\t\t\tclass=\"wpforms-field wpforms-field-text\"\n\t\t\tdata-field-type=\"text\"\n\t\t\tdata-field-id=\"1\"\n\t\t\t>\n\t\t\t<label class=\"wpforms-field-label\" for=\"wpforms-3675-field_1\" >E-mail Nom Message<\/label>\n\t\t\t<input type=\"text\" id=\"wpforms-3675-field_1\" class=\"wpforms-field-medium\" name=\"wpforms[fields][1]\" >\n\t\t<\/div>\n\t\t<div id=\"wpforms-3675-field_5-container\" class=\"wpforms-field wpforms-field-textarea\" data-field-id=\"5\"><label class=\"wpforms-field-label\" for=\"wpforms-3675-field_5\">Message <span class=\"wpforms-required-label\" aria-hidden=\"true\">*<\/span><\/label><textarea id=\"wpforms-3675-field_5\" class=\"wpforms-field-medium wpforms-field-required\" name=\"wpforms[fields][5]\" aria-errormessage=\"wpforms-3675-field_5-error\" required><\/textarea><\/div><script>\n\t\t\t\t( function() {\n\t\t\t\t\tconst style = document.createElement( 'style' );\n\t\t\t\t\tstyle.appendChild( document.createTextNode( '#wpforms-3675-field_1-container { position: absolute !important; overflow: hidden !important; display: inline !important; height: 1px !important; width: 1px !important; z-index: -1000 !important; padding: 0 !important; } #wpforms-3675-field_1-container input { visibility: hidden; } #wpforms-conversational-form-page #wpforms-3675-field_1-container label { counter-increment: none; }' ) );\n\t\t\t\t\tdocument.head.appendChild( style );\n\t\t\t\t\tdocument.currentScript?.remove();\n\t\t\t\t} )();\n\t\t\t<\/script><\/div><!-- .wpforms-field-container --><div class=\"wpforms-submit-container\" ><input type=\"hidden\" name=\"wpforms[id]\" value=\"3675\"><input type=\"hidden\" name=\"page_title\" value=\"\"><input type=\"hidden\" name=\"page_url\" value=\"https:\/\/homeproject.fr\/fr\/wp-json\/wp\/v2\/product\/13093\"><input type=\"hidden\" name=\"url_referer\" value=\"\"><button type=\"submit\" name=\"wpforms[submit]\" id=\"wpforms-submit-3675\" class=\"wpforms-submit\" data-alt-text=\"Envoi...\" data-submit-text=\"Envoyer\" aria-live=\"assertive\" value=\"wpforms-submit\">Envoyer<\/button><img decoding=\"async\" src=\"https:\/\/homeproject.fr\/fr\/wp-content\/plugins\/wpforms-lite\/assets\/images\/submit-spin.svg\" class=\"wpforms-submit-spinner\" style=\"display: none;\" width=\"26\" height=\"26\" alt=\"Chargement en cours\"><\/div><\/form><\/div>  <!-- .wpforms-container -->\n","protected":false},"excerpt":{"rendered":"<p class=\"\" data-start=\"220\" data-end=\"480\">Apportez une note douce, naturelle et vintage \u00e0 vos espaces avec le <strong data-start=\"288\" data-end=\"315\">carrelage Habana Forest<\/strong>. Ce carreau de 20&#215;20 cm au <strong data-start=\"343\" data-end=\"381\">coloris vert profond et chaleureux<\/strong> est id\u00e9al pour cr\u00e9er une atmosph\u00e8re apaisante et sophistiqu\u00e9e dans toutes les pi\u00e8ces de la maison.<\/p>\n<p class=\"\" data-start=\"482\" data-end=\"773\">Inspir\u00e9 des <strong data-start=\"494\" data-end=\"530\">carreaux de ciment traditionnels<\/strong>, ce mod\u00e8le uni se marie parfaitement avec les carreaux d\u00e9cor\u00e9s de la <strong data-start=\"600\" data-end=\"621\">collection Habana<\/strong>. Il peut \u00eatre utilis\u00e9 en <strong data-start=\"647\" data-end=\"661\">total look<\/strong> pour un effet monochrome \u00e9l\u00e9gant ou en <strong data-start=\"701\" data-end=\"726\">composition graphique<\/strong> pour mettre en valeur des motifs g\u00e9om\u00e9triques.<\/p>\n<p class=\"\" data-start=\"775\" data-end=\"1021\">Fabriqu\u00e9 en <strong data-start=\"787\" data-end=\"810\">gr\u00e8s c\u00e9rame \u00e9maill\u00e9<\/strong>, ce carreau est adapt\u00e9 \u00e0 une pose au <strong data-start=\"848\" data-end=\"865\">sol et au mur<\/strong>, en int\u00e9rieur comme en ext\u00e9rieur prot\u00e9g\u00e9. Sa <strong data-start=\"911\" data-end=\"972\">r\u00e9sistance \u00e0 l\u2019humidit\u00e9, au gel et aux produits chimiques<\/strong> en fait un choix durable et facile \u00e0 entretenir.<\/p>\n","protected":false},"featured_media":13091,"template":"","meta":{"_uf_show_specific_survey":0,"_uf_disable_surveys":false,"iawp_total_views":24},"product_brand":[],"product_cat":[20,124,125],"product_tag":[],"class_list":{"0":"post-13093","1":"product","2":"type-product","3":"status-publish","4":"has-post-thumbnail","6":"product_cat-carrelage","7":"product_cat-effet-carreau-ciment","8":"product_cat-motifs","9":"product_shipping_class-carrelage","10":"pa_collection-habana-par-cevica","11":"pa_dimensions-nominales-20x20","12":"pa_effet-carreau-ciment","13":"pa_effet-vintage","14":"pa_epaisseur-8mm","15":"pa_materiau-gres-cerame-emaille","17":"first","18":"instock","19":"sale","20":"taxable","21":"shipping-taxable","22":"purchasable","23":"product-type-simple"},"yoast_head":"<!-- This site is optimized with the Yoast SEO plugin v27.5 - https:\/\/yoast.com\/product\/yoast-seo-wordpress\/ -->\n<title>Carrelage uni vert effet carreau ciment \u2013 Habana Forest \u2013 20x20 cm - Homeproject.fr<\/title>\n<meta name=\"robots\" content=\"index, follow, max-snippet:-1, max-image-preview:large, max-video-preview:-1\" \/>\n<link rel=\"canonical\" href=\"https:\/\/homeproject.fr\/fr\/produit\/carrelage-uni-vert-effet-carreau-ciment-habana-forest-20x20-cm\/\" \/>\n<meta property=\"og:locale\" content=\"fr_FR\" \/>\n<meta property=\"og:type\" content=\"article\" \/>\n<meta property=\"og:title\" content=\"Carrelage uni vert effet carreau ciment \u2013 Habana Forest \u2013 20x20 cm - Homeproject.fr\" \/>\n<meta property=\"og:description\" content=\"Apportez une note douce, naturelle et vintage \u00e0 vos espaces avec le carrelage Habana Forest. Ce carreau de 20x20 cm au coloris vert profond et chaleureux est id\u00e9al pour cr\u00e9er une atmosph\u00e8re apaisante et sophistiqu\u00e9e dans toutes les pi\u00e8ces de la maison. Inspir\u00e9 des carreaux de ciment traditionnels, ce mod\u00e8le uni se marie parfaitement avec les carreaux d\u00e9cor\u00e9s de la collection Habana. Il peut \u00eatre utilis\u00e9 en total look pour un effet monochrome \u00e9l\u00e9gant ou en composition graphique pour mettre en valeur des motifs g\u00e9om\u00e9triques. Fabriqu\u00e9 en gr\u00e8s c\u00e9rame \u00e9maill\u00e9, ce carreau est adapt\u00e9 \u00e0 une pose au sol et au mur, en int\u00e9rieur comme en ext\u00e9rieur prot\u00e9g\u00e9. Sa r\u00e9sistance \u00e0 l\u2019humidit\u00e9, au gel et aux produits chimiques en fait un choix durable et facile \u00e0 entretenir.\" \/>\n<meta property=\"og:url\" content=\"https:\/\/homeproject.fr\/fr\/produit\/carrelage-uni-vert-effet-carreau-ciment-habana-forest-20x20-cm\/\" \/>\n<meta property=\"og:site_name\" content=\"Homeproject.fr\" \/>\n<meta property=\"article:modified_time\" content=\"2025-03-22T16:07:31+00:00\" \/>\n<meta property=\"og:image\" content=\"https:\/\/homeproject.fr\/fr\/wp-content\/uploads\/2025\/03\/Carrelage-effet-carreau-ciment-uni-Habana-Forest.jpg\" \/>\n\t<meta property=\"og:image:width\" content=\"1500\" \/>\n\t<meta property=\"og:image:height\" content=\"1500\" \/>\n\t<meta property=\"og:image:type\" content=\"image\/jpeg\" \/>\n<meta name=\"twitter:card\" content=\"summary_large_image\" \/>\n<meta name=\"twitter:label1\" content=\"Dur\u00e9e de lecture estim\u00e9e\" \/>\n\t<meta name=\"twitter:data1\" content=\"1 minute\" \/>\n<script type=\"application\/ld+json\" class=\"yoast-schema-graph\">{\"@context\":\"https:\\\/\\\/schema.org\",\"@graph\":[{\"@type\":\"WebPage\",\"@id\":\"https:\\\/\\\/homeproject.fr\\\/fr\\\/produit\\\/carrelage-uni-vert-effet-carreau-ciment-habana-forest-20x20-cm\\\/\",\"url\":\"https:\\\/\\\/homeproject.fr\\\/fr\\\/produit\\\/carrelage-uni-vert-effet-carreau-ciment-habana-forest-20x20-cm\\\/\",\"name\":\"Carrelage uni vert effet carreau ciment \u2013 Habana Forest \u2013 20x20 cm - Homeproject.fr\",\"isPartOf\":{\"@id\":\"https:\\\/\\\/homeproject.fr\\\/fr\\\/#website\"},\"primaryImageOfPage\":{\"@id\":\"https:\\\/\\\/homeproject.fr\\\/fr\\\/produit\\\/carrelage-uni-vert-effet-carreau-ciment-habana-forest-20x20-cm\\\/#primaryimage\"},\"image\":{\"@id\":\"https:\\\/\\\/homeproject.fr\\\/fr\\\/produit\\\/carrelage-uni-vert-effet-carreau-ciment-habana-forest-20x20-cm\\\/#primaryimage\"},\"thumbnailUrl\":\"https:\\\/\\\/homeproject.fr\\\/fr\\\/wp-content\\\/uploads\\\/2025\\\/03\\\/Carrelage-effet-carreau-ciment-uni-Habana-Forest.jpg\",\"datePublished\":\"2025-03-22T16:03:04+00:00\",\"dateModified\":\"2025-03-22T16:07:31+00:00\",\"breadcrumb\":{\"@id\":\"https:\\\/\\\/homeproject.fr\\\/fr\\\/produit\\\/carrelage-uni-vert-effet-carreau-ciment-habana-forest-20x20-cm\\\/#breadcrumb\"},\"inLanguage\":\"fr-FR\",\"potentialAction\":[{\"@type\":\"ReadAction\",\"target\":[\"https:\\\/\\\/homeproject.fr\\\/fr\\\/produit\\\/carrelage-uni-vert-effet-carreau-ciment-habana-forest-20x20-cm\\\/\"]}]},{\"@type\":\"ImageObject\",\"inLanguage\":\"fr-FR\",\"@id\":\"https:\\\/\\\/homeproject.fr\\\/fr\\\/produit\\\/carrelage-uni-vert-effet-carreau-ciment-habana-forest-20x20-cm\\\/#primaryimage\",\"url\":\"https:\\\/\\\/homeproject.fr\\\/fr\\\/wp-content\\\/uploads\\\/2025\\\/03\\\/Carrelage-effet-carreau-ciment-uni-Habana-Forest.jpg\",\"contentUrl\":\"https:\\\/\\\/homeproject.fr\\\/fr\\\/wp-content\\\/uploads\\\/2025\\\/03\\\/Carrelage-effet-carreau-ciment-uni-Habana-Forest.jpg\",\"width\":1500,\"height\":1500},{\"@type\":\"BreadcrumbList\",\"@id\":\"https:\\\/\\\/homeproject.fr\\\/fr\\\/produit\\\/carrelage-uni-vert-effet-carreau-ciment-habana-forest-20x20-cm\\\/#breadcrumb\",\"itemListElement\":[{\"@type\":\"ListItem\",\"position\":1,\"name\":\"Accueil\",\"item\":\"https:\\\/\\\/homeproject.fr\\\/fr\\\/\"},{\"@type\":\"ListItem\",\"position\":2,\"name\":\"Boutique\",\"item\":\"https:\\\/\\\/homeproject.fr\\\/fr\\\/boutique\\\/\"},{\"@type\":\"ListItem\",\"position\":3,\"name\":\"Carrelage uni vert effet carreau ciment \u2013 Habana Forest \u2013 20&#215;20 cm\"}]},{\"@type\":\"WebSite\",\"@id\":\"https:\\\/\\\/homeproject.fr\\\/fr\\\/#website\",\"url\":\"https:\\\/\\\/homeproject.fr\\\/fr\\\/\",\"name\":\"Homeproject.fr\",\"description\":\"Offrez l&#039;exceptionnel \u00e0 vos espaces \u00e0 vivre\",\"publisher\":{\"@id\":\"https:\\\/\\\/homeproject.fr\\\/fr\\\/#organization\"},\"potentialAction\":[{\"@type\":\"SearchAction\",\"target\":{\"@type\":\"EntryPoint\",\"urlTemplate\":\"https:\\\/\\\/homeproject.fr\\\/fr\\\/?s={search_term_string}\"},\"query-input\":{\"@type\":\"PropertyValueSpecification\",\"valueRequired\":true,\"valueName\":\"search_term_string\"}}],\"inLanguage\":\"fr-FR\"},{\"@type\":\"Organization\",\"@id\":\"https:\\\/\\\/homeproject.fr\\\/fr\\\/#organization\",\"name\":\"Homeproject.fr\",\"url\":\"https:\\\/\\\/homeproject.fr\\\/fr\\\/\",\"logo\":{\"@type\":\"ImageObject\",\"inLanguage\":\"fr-FR\",\"@id\":\"https:\\\/\\\/homeproject.fr\\\/fr\\\/#\\\/schema\\\/logo\\\/image\\\/\",\"url\":\"https:\\\/\\\/homeproject.fr\\\/fr\\\/wp-content\\\/uploads\\\/2024\\\/12\\\/Logo_HomeProject-noir-2.png\",\"contentUrl\":\"https:\\\/\\\/homeproject.fr\\\/fr\\\/wp-content\\\/uploads\\\/2024\\\/12\\\/Logo_HomeProject-noir-2.png\",\"width\":300,\"height\":91,\"caption\":\"Homeproject.fr\"},\"image\":{\"@id\":\"https:\\\/\\\/homeproject.fr\\\/fr\\\/#\\\/schema\\\/logo\\\/image\\\/\"}}]}<\/script>\n<!-- \/ Yoast SEO plugin. -->","yoast_head_json":{"title":"Carrelage uni vert effet carreau ciment \u2013 Habana Forest \u2013 20x20 cm - Homeproject.fr","robots":{"index":"index","follow":"follow","max-snippet":"max-snippet:-1","max-image-preview":"max-image-preview:large","max-video-preview":"max-video-preview:-1"},"canonical":"https:\/\/homeproject.fr\/fr\/produit\/carrelage-uni-vert-effet-carreau-ciment-habana-forest-20x20-cm\/","og_locale":"fr_FR","og_type":"article","og_title":"Carrelage uni vert effet carreau ciment \u2013 Habana Forest \u2013 20x20 cm - Homeproject.fr","og_description":"Apportez une note douce, naturelle et vintage \u00e0 vos espaces avec le carrelage Habana Forest. Ce carreau de 20x20 cm au coloris vert profond et chaleureux est id\u00e9al pour cr\u00e9er une atmosph\u00e8re apaisante et sophistiqu\u00e9e dans toutes les pi\u00e8ces de la maison. Inspir\u00e9 des carreaux de ciment traditionnels, ce mod\u00e8le uni se marie parfaitement avec les carreaux d\u00e9cor\u00e9s de la collection Habana. Il peut \u00eatre utilis\u00e9 en total look pour un effet monochrome \u00e9l\u00e9gant ou en composition graphique pour mettre en valeur des motifs g\u00e9om\u00e9triques. Fabriqu\u00e9 en gr\u00e8s c\u00e9rame \u00e9maill\u00e9, ce carreau est adapt\u00e9 \u00e0 une pose au sol et au mur, en int\u00e9rieur comme en ext\u00e9rieur prot\u00e9g\u00e9. Sa r\u00e9sistance \u00e0 l\u2019humidit\u00e9, au gel et aux produits chimiques en fait un choix durable et facile \u00e0 entretenir.","og_url":"https:\/\/homeproject.fr\/fr\/produit\/carrelage-uni-vert-effet-carreau-ciment-habana-forest-20x20-cm\/","og_site_name":"Homeproject.fr","article_modified_time":"2025-03-22T16:07:31+00:00","og_image":[{"width":1500,"height":1500,"url":"https:\/\/homeproject.fr\/fr\/wp-content\/uploads\/2025\/03\/Carrelage-effet-carreau-ciment-uni-Habana-Forest.jpg","type":"image\/jpeg"}],"twitter_card":"summary_large_image","twitter_misc":{"Dur\u00e9e de lecture estim\u00e9e":"1 minute"},"schema":{"@context":"https:\/\/schema.org","@graph":[{"@type":"WebPage","@id":"https:\/\/homeproject.fr\/fr\/produit\/carrelage-uni-vert-effet-carreau-ciment-habana-forest-20x20-cm\/","url":"https:\/\/homeproject.fr\/fr\/produit\/carrelage-uni-vert-effet-carreau-ciment-habana-forest-20x20-cm\/","name":"Carrelage uni vert effet carreau ciment \u2013 Habana Forest \u2013 20x20 cm - Homeproject.fr","isPartOf":{"@id":"https:\/\/homeproject.fr\/fr\/#website"},"primaryImageOfPage":{"@id":"https:\/\/homeproject.fr\/fr\/produit\/carrelage-uni-vert-effet-carreau-ciment-habana-forest-20x20-cm\/#primaryimage"},"image":{"@id":"https:\/\/homeproject.fr\/fr\/produit\/carrelage-uni-vert-effet-carreau-ciment-habana-forest-20x20-cm\/#primaryimage"},"thumbnailUrl":"https:\/\/homeproject.fr\/fr\/wp-content\/uploads\/2025\/03\/Carrelage-effet-carreau-ciment-uni-Habana-Forest.jpg","datePublished":"2025-03-22T16:03:04+00:00","dateModified":"2025-03-22T16:07:31+00:00","breadcrumb":{"@id":"https:\/\/homeproject.fr\/fr\/produit\/carrelage-uni-vert-effet-carreau-ciment-habana-forest-20x20-cm\/#breadcrumb"},"inLanguage":"fr-FR","potentialAction":[{"@type":"ReadAction","target":["https:\/\/homeproject.fr\/fr\/produit\/carrelage-uni-vert-effet-carreau-ciment-habana-forest-20x20-cm\/"]}]},{"@type":"ImageObject","inLanguage":"fr-FR","@id":"https:\/\/homeproject.fr\/fr\/produit\/carrelage-uni-vert-effet-carreau-ciment-habana-forest-20x20-cm\/#primaryimage","url":"https:\/\/homeproject.fr\/fr\/wp-content\/uploads\/2025\/03\/Carrelage-effet-carreau-ciment-uni-Habana-Forest.jpg","contentUrl":"https:\/\/homeproject.fr\/fr\/wp-content\/uploads\/2025\/03\/Carrelage-effet-carreau-ciment-uni-Habana-Forest.jpg","width":1500,"height":1500},{"@type":"BreadcrumbList","@id":"https:\/\/homeproject.fr\/fr\/produit\/carrelage-uni-vert-effet-carreau-ciment-habana-forest-20x20-cm\/#breadcrumb","itemListElement":[{"@type":"ListItem","position":1,"name":"Accueil","item":"https:\/\/homeproject.fr\/fr\/"},{"@type":"ListItem","position":2,"name":"Boutique","item":"https:\/\/homeproject.fr\/fr\/boutique\/"},{"@type":"ListItem","position":3,"name":"Carrelage uni vert effet carreau ciment \u2013 Habana Forest \u2013 20&#215;20 cm"}]},{"@type":"WebSite","@id":"https:\/\/homeproject.fr\/fr\/#website","url":"https:\/\/homeproject.fr\/fr\/","name":"Homeproject.fr","description":"Offrez l&#039;exceptionnel \u00e0 vos espaces \u00e0 vivre","publisher":{"@id":"https:\/\/homeproject.fr\/fr\/#organization"},"potentialAction":[{"@type":"SearchAction","target":{"@type":"EntryPoint","urlTemplate":"https:\/\/homeproject.fr\/fr\/?s={search_term_string}"},"query-input":{"@type":"PropertyValueSpecification","valueRequired":true,"valueName":"search_term_string"}}],"inLanguage":"fr-FR"},{"@type":"Organization","@id":"https:\/\/homeproject.fr\/fr\/#organization","name":"Homeproject.fr","url":"https:\/\/homeproject.fr\/fr\/","logo":{"@type":"ImageObject","inLanguage":"fr-FR","@id":"https:\/\/homeproject.fr\/fr\/#\/schema\/logo\/image\/","url":"https:\/\/homeproject.fr\/fr\/wp-content\/uploads\/2024\/12\/Logo_HomeProject-noir-2.png","contentUrl":"https:\/\/homeproject.fr\/fr\/wp-content\/uploads\/2024\/12\/Logo_HomeProject-noir-2.png","width":300,"height":91,"caption":"Homeproject.fr"},"image":{"@id":"https:\/\/homeproject.fr\/fr\/#\/schema\/logo\/image\/"}}]}},"_links":{"self":[{"href":"https:\/\/homeproject.fr\/fr\/wp-json\/wp\/v2\/product\/13093","targetHints":{"allow":["GET"]}}],"collection":[{"href":"https:\/\/homeproject.fr\/fr\/wp-json\/wp\/v2\/product"}],"about":[{"href":"https:\/\/homeproject.fr\/fr\/wp-json\/wp\/v2\/types\/product"}],"version-history":[{"count":1,"href":"https:\/\/homeproject.fr\/fr\/wp-json\/wp\/v2\/product\/13093\/revisions"}],"predecessor-version":[{"id":13094,"href":"https:\/\/homeproject.fr\/fr\/wp-json\/wp\/v2\/product\/13093\/revisions\/13094"}],"wp:featuredmedia":[{"embeddable":true,"href":"https:\/\/homeproject.fr\/fr\/wp-json\/wp\/v2\/media\/13091"}],"wp:attachment":[{"href":"https:\/\/homeproject.fr\/fr\/wp-json\/wp\/v2\/media?parent=13093"}],"wp:term":[{"taxonomy":"product_brand","embeddable":true,"href":"https:\/\/homeproject.fr\/fr\/wp-json\/wp\/v2\/product_brand?post=13093"},{"taxonomy":"product_cat","embeddable":true,"href":"https:\/\/homeproject.fr\/fr\/wp-json\/wp\/v2\/product_cat?post=13093"},{"taxonomy":"product_tag","embeddable":true,"href":"https:\/\/homeproject.fr\/fr\/wp-json\/wp\/v2\/product_tag?post=13093"}],"curies":[{"name":"wp","href":"https:\/\/api.w.org\/{rel}","templated":true}]}}