{"id":13087,"date":"2025-03-22T14:09:39","date_gmt":"2025-03-22T14:09:39","guid":{"rendered":"https:\/\/homeproject.fr\/fr\/?post_type=product&#038;p=13087"},"modified":"2025-03-22T16:05:12","modified_gmt":"2025-03-22T16:05:12","slug":"carrelage-effet-carreau-ciment-a-motifs-geometriques-verts-et-blancs-habana-decor-n6-20x20-cm","status":"publish","type":"product","link":"https:\/\/homeproject.fr\/fr\/produit\/carrelage-effet-carreau-ciment-a-motifs-geometriques-verts-et-blancs-habana-decor-n6-20x20-cm\/","title":{"rendered":"Carrelage effet carreau ciment \u00e0 motifs g\u00e9om\u00e9triques verts et blancs \u2013 Habana d\u00e9cor N6 \u2013 20&#215;20 cm"},"content":{"rendered":"<p><strong><a href=\"https:\/\/homeproject.fr\/fr\/produit\/echantillon-carrelage-habana-decor-n6\/\">Commander un \u00e9chantillon<\/a><\/strong><\/p>\n<div class=\"flex max-w-full flex-col flex-grow\">\n<div class=\"min-h-8 text-message flex w-full flex-col items-end gap-2 whitespace-normal break-words text-start [.text-message+&]:mt-5\" dir=\"auto\" data-message-author-role=\"assistant\" data-message-id=\"fd2864f8-4d08-4e5b-8c3b-190065db2f0e\" data-message-model-slug=\"gpt-4o\">\n<div class=\"flex w-full flex-col gap-1 empty:hidden first:pt-[3px]\">\n<div class=\"markdown prose w-full break-words dark:prose-invert light\">\n<h4 class=\"\" data-start=\"1050\" data-end=\"1084\">Caract\u00e9ristiques techniques :<\/h4>\n<ul data-start=\"1085\" data-end=\"1627\">\n<li class=\"\" data-start=\"1085\" data-end=\"1122\">\n<p class=\"\" data-start=\"1087\" data-end=\"1122\"><strong data-start=\"1087\" data-end=\"1103\">Dimensions :<\/strong> 20 x 20 x 0,8 cm<\/p>\n<\/li>\n<li class=\"\" data-start=\"1123\" data-end=\"1180\">\n<p class=\"\" data-start=\"1125\" data-end=\"1180\"><strong data-start=\"1125\" data-end=\"1139\">Mat\u00e9riau :<\/strong> Gr\u00e8s c\u00e9rame<\/p>\n<\/li>\n<li class=\"\" data-start=\"1181\" data-end=\"1204\">\n<p class=\"\" data-start=\"1183\" data-end=\"1204\"><strong data-start=\"1183\" data-end=\"1197\">Finition :<\/strong> Mate<\/p>\n<\/li>\n<li class=\"\" data-start=\"1205\" data-end=\"1228\">\n<p class=\"\" data-start=\"1207\" data-end=\"1228\"><strong data-start=\"1207\" data-end=\"1220\">Surface :<\/strong> Lisse<\/p>\n<\/li>\n<li class=\"\" data-start=\"1229\" data-end=\"1261\">\n<p class=\"\" data-start=\"1231\" data-end=\"1261\"><strong data-start=\"1231\" data-end=\"1245\">Couleurs :<\/strong> Vert et blanc<\/p>\n<\/li>\n<li class=\"\" data-start=\"1262\" data-end=\"1301\">\n<p class=\"\" data-start=\"1264\" data-end=\"1301\"><strong data-start=\"1264\" data-end=\"1294\">R\u00e9sistance au glissement :<\/strong> R10B<\/p>\n<\/li>\n<li class=\"\" data-start=\"1302\" data-end=\"1345\">\n<p class=\"\" data-start=\"1304\" data-end=\"1345\"><strong data-start=\"1304\" data-end=\"1333\">R\u00e9sistance \u00e0 la flexion :<\/strong> >35 N\/mm\u00b2<\/p>\n<\/li>\n<li class=\"\" data-start=\"1346\" data-end=\"1379\">\n<p class=\"\" data-start=\"1348\" data-end=\"1379\"><strong data-start=\"1348\" data-end=\"1370\">Absorption d\u2019eau :<\/strong> \u2264 0,5%<\/p>\n<\/li>\n<li class=\"\" data-start=\"1380\" data-end=\"1440\">\n<p class=\"\" data-start=\"1382\" data-end=\"1440\"><strong data-start=\"1382\" data-end=\"1438\">R\u00e9siste au gel, aux taches et aux produits chimiques<\/strong><\/p>\n<\/li>\n<li class=\"\" data-start=\"1441\" data-end=\"1465\">\n<p class=\"\" data-start=\"1443\" data-end=\"1465\"><strong data-start=\"1443\" data-end=\"1458\">\u00c9paisseur :<\/strong> 8 mm<\/p>\n<\/li>\n<li class=\"\" data-start=\"1466\" data-end=\"1538\">\n<p class=\"\" data-start=\"1468\" data-end=\"1538\"><strong data-start=\"1468\" data-end=\"1478\">Pose :<\/strong> mur et sol \/ int\u00e9rieur \u2013 ext\u00e9rieur<\/p>\n<\/li>\n<li class=\"\" data-start=\"1539\" data-end=\"1572\">\n<p class=\"\" data-start=\"1541\" data-end=\"1572\"><strong data-start=\"1541\" data-end=\"1565\">Joints recommand\u00e9s :<\/strong> 3 mm<\/p>\n<\/li>\n<\/ul>\n<hr class=\"\" data-start=\"1629\" data-end=\"1632\" \/>\n<h4 class=\"\" data-start=\"1634\" data-end=\"1653\">Points forts :<\/h4>\n<ul data-start=\"1654\" data-end=\"1882\">\n<li class=\"\" data-start=\"1654\" data-end=\"1710\">\n<p class=\"\" data-start=\"1656\" data-end=\"1710\">Motif graphique r\u00e9tro chic pour un effet visuel unique<\/p>\n<\/li>\n<li class=\"\" data-start=\"1711\" data-end=\"1775\">\n<p class=\"\" data-start=\"1713\" data-end=\"1775\">Id\u00e9al pour cr\u00e9er des compositions modernes au sol comme au mur<\/p>\n<\/li>\n<li class=\"\" data-start=\"1776\" data-end=\"1823\">\n<p class=\"\" data-start=\"1778\" data-end=\"1823\">Excellente durabilit\u00e9 et facilit\u00e9 d\u2019entretien<\/p>\n<\/li>\n<li class=\"\" data-start=\"1824\" data-end=\"1882\">\n<p class=\"\" data-start=\"1826\" data-end=\"1882\">Pose facile avec n\u2019importe quel mortier colle de type C2<\/p>\n<\/li>\n<\/ul>\n<h4 data-start=\"694\" data-end=\"721\"><strong style=\"font-family: inherit; font-size: 30px;\">Vous avez des questions ?<\/strong><\/h4>\n<\/div>\n<\/div>\n<\/div>\n<\/div>\n<style id=\"wpforms-css-vars-3675\">\n\t\t\t\t#wpforms-3675 {\n\t\t\t\t\n\t\t\t}\n\t\t\t<\/style><div class=\"wpforms-container wpforms-container-full wpforms-render-modern\" id=\"wpforms-3675\"><form id=\"wpforms-form-3675\" class=\"wpforms-validate wpforms-form wpforms-ajax-form\" data-formid=\"3675\" method=\"post\" enctype=\"multipart\/form-data\" action=\"\/fr\/wp-json\/wp\/v2\/product\/13087\" data-token=\"2921a7ac3408d834be151983965c4ab3\" data-token-time=\"1777951297\"><noscript class=\"wpforms-error-noscript\">Veuillez activer JavaScript dans votre navigateur pour remplir ce formulaire.<\/noscript><div id=\"wpforms-error-noscript\" style=\"display: none;\">Veuillez activer JavaScript dans votre navigateur pour remplir ce formulaire.<\/div><div class=\"wpforms-field-container\"><div id=\"wpforms-3675-field_3-container\" class=\"wpforms-field wpforms-field-name\" data-field-id=\"3\"><fieldset><legend class=\"wpforms-field-label\">Nom <span class=\"wpforms-required-label\" aria-hidden=\"true\">*<\/span><\/legend><div class=\"wpforms-field-row wpforms-field-medium\"><div class=\"wpforms-field-row-block wpforms-first wpforms-one-half\"><input type=\"text\" id=\"wpforms-3675-field_3\" class=\"wpforms-field-name-first wpforms-field-required\" name=\"wpforms[fields][3][first]\" aria-errormessage=\"wpforms-3675-field_3-error\" required><label for=\"wpforms-3675-field_3\" class=\"wpforms-field-sublabel after\">Pr\u00e9nom<\/label><\/div><div class=\"wpforms-field-row-block wpforms-one-half\"><input type=\"text\" id=\"wpforms-3675-field_3-last\" class=\"wpforms-field-name-last wpforms-field-required\" name=\"wpforms[fields][3][last]\" aria-errormessage=\"wpforms-3675-field_3-last-error\" required><label for=\"wpforms-3675-field_3-last\" class=\"wpforms-field-sublabel after\">Nom<\/label><\/div><\/div><\/fieldset><\/div><div id=\"wpforms-3675-field_4-container\" class=\"wpforms-field wpforms-field-email\" data-field-id=\"4\"><label class=\"wpforms-field-label\" for=\"wpforms-3675-field_4\">E-mail <span class=\"wpforms-required-label\" aria-hidden=\"true\">*<\/span><\/label><input type=\"email\" id=\"wpforms-3675-field_4\" class=\"wpforms-field-medium wpforms-field-required\" name=\"wpforms[fields][4]\" spellcheck=\"false\" aria-errormessage=\"wpforms-3675-field_4-error\" required><\/div>\t\t<div id=\"wpforms-3675-field_1-container\"\n\t\t\tclass=\"wpforms-field wpforms-field-text\"\n\t\t\tdata-field-type=\"text\"\n\t\t\tdata-field-id=\"1\"\n\t\t\t>\n\t\t\t<label class=\"wpforms-field-label\" for=\"wpforms-3675-field_1\" >Nom Message E-mail<\/label>\n\t\t\t<input type=\"text\" id=\"wpforms-3675-field_1\" class=\"wpforms-field-medium\" name=\"wpforms[fields][1]\" >\n\t\t<\/div>\n\t\t<div id=\"wpforms-3675-field_5-container\" class=\"wpforms-field wpforms-field-textarea\" data-field-id=\"5\"><label class=\"wpforms-field-label\" for=\"wpforms-3675-field_5\">Message <span class=\"wpforms-required-label\" aria-hidden=\"true\">*<\/span><\/label><textarea id=\"wpforms-3675-field_5\" class=\"wpforms-field-medium wpforms-field-required\" name=\"wpforms[fields][5]\" aria-errormessage=\"wpforms-3675-field_5-error\" required><\/textarea><\/div><script>\n\t\t\t\t( function() {\n\t\t\t\t\tconst style = document.createElement( 'style' );\n\t\t\t\t\tstyle.appendChild( document.createTextNode( '#wpforms-3675-field_1-container { position: absolute !important; overflow: hidden !important; display: inline !important; height: 1px !important; width: 1px !important; z-index: -1000 !important; padding: 0 !important; } #wpforms-3675-field_1-container input { visibility: hidden; } #wpforms-conversational-form-page #wpforms-3675-field_1-container label { counter-increment: none; }' ) );\n\t\t\t\t\tdocument.head.appendChild( style );\n\t\t\t\t\tdocument.currentScript?.remove();\n\t\t\t\t} )();\n\t\t\t<\/script><\/div><!-- .wpforms-field-container --><div class=\"wpforms-submit-container\" ><input type=\"hidden\" name=\"wpforms[id]\" value=\"3675\"><input type=\"hidden\" name=\"page_title\" value=\"\"><input type=\"hidden\" name=\"page_url\" value=\"https:\/\/homeproject.fr\/fr\/wp-json\/wp\/v2\/product\/13087\"><input type=\"hidden\" name=\"url_referer\" value=\"\"><button type=\"submit\" name=\"wpforms[submit]\" id=\"wpforms-submit-3675\" class=\"wpforms-submit\" data-alt-text=\"Envoi...\" data-submit-text=\"Envoyer\" aria-live=\"assertive\" value=\"wpforms-submit\">Envoyer<\/button><img decoding=\"async\" src=\"https:\/\/homeproject.fr\/fr\/wp-content\/plugins\/wpforms-lite\/assets\/images\/submit-spin.svg\" class=\"wpforms-submit-spinner\" style=\"display: none;\" width=\"26\" height=\"26\" alt=\"Chargement en cours\"><\/div><\/form><\/div>  <!-- .wpforms-container -->\n","protected":false},"excerpt":{"rendered":"<p class=\"\" data-start=\"275\" data-end=\"583\">Apportez une touche graphique et contemporaine \u00e0 vos sols ou murs avec le <strong data-start=\"349\" data-end=\"378\">carrelage Habana d\u00e9cor N6<\/strong>. Inspir\u00e9 du style r\u00e9tro des carreaux de ciment, ce carreau en gr\u00e8s c\u00e9rame au <strong data-start=\"456\" data-end=\"491\">motif g\u00e9om\u00e9trique vert et blanc<\/strong> cr\u00e9e un effet de mouvement et de profondeur, id\u00e9al pour structurer un espace avec \u00e9l\u00e9gance.<\/p>\n<p class=\"\" data-start=\"585\" data-end=\"908\">Fabriqu\u00e9 en <strong data-start=\"597\" data-end=\"620\">porcelaine \u00e9maill\u00e9e<\/strong>, il convient parfaitement en <strong data-start=\"650\" data-end=\"680\">rev\u00eatement mural ou en sol<\/strong>, en int\u00e9rieur comme en ext\u00e9rieur couvert. Gr\u00e2ce \u00e0 sa <strong data-start=\"734\" data-end=\"800\">r\u00e9sistance \u00e0 l\u2019eau, aux taches, au gel et aux chocs thermiques<\/strong>, il est adapt\u00e9 aux pi\u00e8ces \u00e0 fort passage comme les cuisines, salles de bains, couloirs ou m\u00eame les entr\u00e9es.<\/p>\n<p class=\"\" data-start=\"910\" data-end=\"1043\">Le motif demi-lune du mod\u00e8le N6 peut \u00eatre pos\u00e9 en quinconce ou en patchwork pour des compositions visuelles originales et dynamiques.<\/p>\n","protected":false},"featured_media":13083,"template":"","meta":{"_uf_show_specific_survey":0,"_uf_disable_surveys":false,"iawp_total_views":113},"product_brand":[],"product_cat":[20,124,125],"product_tag":[],"class_list":{"0":"post-13087","1":"product","2":"type-product","3":"status-publish","4":"has-post-thumbnail","6":"product_cat-carrelage","7":"product_cat-effet-carreau-ciment","8":"product_cat-motifs","9":"product_shipping_class-carrelage","10":"pa_collection-habana-par-cevica","11":"pa_dimensions-nominales-20x20","12":"pa_effet-carreau-ciment","13":"pa_effet-geometrique","14":"pa_effet-vintage","15":"pa_epaisseur-8mm","16":"pa_materiau-gres-cerame-emaille","18":"first","19":"instock","20":"sale","21":"taxable","22":"shipping-taxable","23":"purchasable","24":"product-type-simple"},"yoast_head":"<!-- This site is optimized with the Yoast SEO plugin v27.5 - https:\/\/yoast.com\/product\/yoast-seo-wordpress\/ -->\n<title>Carrelage effet carreau ciment \u00e0 motifs g\u00e9om\u00e9triques verts et blancs \u2013 Habana d\u00e9cor N6 \u2013 20x20 cm - Homeproject.fr<\/title>\n<meta name=\"robots\" content=\"index, follow, max-snippet:-1, max-image-preview:large, max-video-preview:-1\" \/>\n<link rel=\"canonical\" href=\"https:\/\/homeproject.fr\/fr\/produit\/carrelage-effet-carreau-ciment-a-motifs-geometriques-verts-et-blancs-habana-decor-n6-20x20-cm\/\" \/>\n<meta property=\"og:locale\" content=\"fr_FR\" \/>\n<meta property=\"og:type\" content=\"article\" \/>\n<meta property=\"og:title\" content=\"Carrelage effet carreau ciment \u00e0 motifs g\u00e9om\u00e9triques verts et blancs \u2013 Habana d\u00e9cor N6 \u2013 20x20 cm - Homeproject.fr\" \/>\n<meta property=\"og:description\" content=\"Apportez une touche graphique et contemporaine \u00e0 vos sols ou murs avec le carrelage Habana d\u00e9cor N6. Inspir\u00e9 du style r\u00e9tro des carreaux de ciment, ce carreau en gr\u00e8s c\u00e9rame au motif g\u00e9om\u00e9trique vert et blanc cr\u00e9e un effet de mouvement et de profondeur, id\u00e9al pour structurer un espace avec \u00e9l\u00e9gance. Fabriqu\u00e9 en porcelaine \u00e9maill\u00e9e, il convient parfaitement en rev\u00eatement mural ou en sol, en int\u00e9rieur comme en ext\u00e9rieur couvert. Gr\u00e2ce \u00e0 sa r\u00e9sistance \u00e0 l\u2019eau, aux taches, au gel et aux chocs thermiques, il est adapt\u00e9 aux pi\u00e8ces \u00e0 fort passage comme les cuisines, salles de bains, couloirs ou m\u00eame les entr\u00e9es. Le motif demi-lune du mod\u00e8le N6 peut \u00eatre pos\u00e9 en quinconce ou en patchwork pour des compositions visuelles originales et dynamiques.\" \/>\n<meta property=\"og:url\" content=\"https:\/\/homeproject.fr\/fr\/produit\/carrelage-effet-carreau-ciment-a-motifs-geometriques-verts-et-blancs-habana-decor-n6-20x20-cm\/\" \/>\n<meta property=\"og:site_name\" content=\"Homeproject.fr\" \/>\n<meta property=\"article:modified_time\" content=\"2025-03-22T16:05:12+00:00\" \/>\n<meta property=\"og:image\" content=\"https:\/\/homeproject.fr\/fr\/wp-content\/uploads\/2025\/03\/Carrelage-effet-carreau-ciment-a-motifs-geometriques-vert-et-blanc-Habana-decor-N6.jpg\" \/>\n\t<meta property=\"og:image:width\" content=\"1500\" \/>\n\t<meta property=\"og:image:height\" content=\"1500\" \/>\n\t<meta property=\"og:image:type\" content=\"image\/jpeg\" \/>\n<meta name=\"twitter:card\" content=\"summary_large_image\" \/>\n<meta name=\"twitter:label1\" content=\"Dur\u00e9e de lecture estim\u00e9e\" \/>\n\t<meta name=\"twitter:data1\" content=\"1 minute\" \/>\n<script type=\"application\/ld+json\" class=\"yoast-schema-graph\">{\"@context\":\"https:\\\/\\\/schema.org\",\"@graph\":[{\"@type\":\"WebPage\",\"@id\":\"https:\\\/\\\/homeproject.fr\\\/fr\\\/produit\\\/carrelage-effet-carreau-ciment-a-motifs-geometriques-verts-et-blancs-habana-decor-n6-20x20-cm\\\/\",\"url\":\"https:\\\/\\\/homeproject.fr\\\/fr\\\/produit\\\/carrelage-effet-carreau-ciment-a-motifs-geometriques-verts-et-blancs-habana-decor-n6-20x20-cm\\\/\",\"name\":\"Carrelage effet carreau ciment \u00e0 motifs g\u00e9om\u00e9triques verts et blancs \u2013 Habana d\u00e9cor N6 \u2013 20x20 cm - Homeproject.fr\",\"isPartOf\":{\"@id\":\"https:\\\/\\\/homeproject.fr\\\/fr\\\/#website\"},\"primaryImageOfPage\":{\"@id\":\"https:\\\/\\\/homeproject.fr\\\/fr\\\/produit\\\/carrelage-effet-carreau-ciment-a-motifs-geometriques-verts-et-blancs-habana-decor-n6-20x20-cm\\\/#primaryimage\"},\"image\":{\"@id\":\"https:\\\/\\\/homeproject.fr\\\/fr\\\/produit\\\/carrelage-effet-carreau-ciment-a-motifs-geometriques-verts-et-blancs-habana-decor-n6-20x20-cm\\\/#primaryimage\"},\"thumbnailUrl\":\"https:\\\/\\\/homeproject.fr\\\/fr\\\/wp-content\\\/uploads\\\/2025\\\/03\\\/Carrelage-effet-carreau-ciment-a-motifs-geometriques-vert-et-blanc-Habana-decor-N6.jpg\",\"datePublished\":\"2025-03-22T14:09:39+00:00\",\"dateModified\":\"2025-03-22T16:05:12+00:00\",\"breadcrumb\":{\"@id\":\"https:\\\/\\\/homeproject.fr\\\/fr\\\/produit\\\/carrelage-effet-carreau-ciment-a-motifs-geometriques-verts-et-blancs-habana-decor-n6-20x20-cm\\\/#breadcrumb\"},\"inLanguage\":\"fr-FR\",\"potentialAction\":[{\"@type\":\"ReadAction\",\"target\":[\"https:\\\/\\\/homeproject.fr\\\/fr\\\/produit\\\/carrelage-effet-carreau-ciment-a-motifs-geometriques-verts-et-blancs-habana-decor-n6-20x20-cm\\\/\"]}]},{\"@type\":\"ImageObject\",\"inLanguage\":\"fr-FR\",\"@id\":\"https:\\\/\\\/homeproject.fr\\\/fr\\\/produit\\\/carrelage-effet-carreau-ciment-a-motifs-geometriques-verts-et-blancs-habana-decor-n6-20x20-cm\\\/#primaryimage\",\"url\":\"https:\\\/\\\/homeproject.fr\\\/fr\\\/wp-content\\\/uploads\\\/2025\\\/03\\\/Carrelage-effet-carreau-ciment-a-motifs-geometriques-vert-et-blanc-Habana-decor-N6.jpg\",\"contentUrl\":\"https:\\\/\\\/homeproject.fr\\\/fr\\\/wp-content\\\/uploads\\\/2025\\\/03\\\/Carrelage-effet-carreau-ciment-a-motifs-geometriques-vert-et-blanc-Habana-decor-N6.jpg\",\"width\":1500,\"height\":1500},{\"@type\":\"BreadcrumbList\",\"@id\":\"https:\\\/\\\/homeproject.fr\\\/fr\\\/produit\\\/carrelage-effet-carreau-ciment-a-motifs-geometriques-verts-et-blancs-habana-decor-n6-20x20-cm\\\/#breadcrumb\",\"itemListElement\":[{\"@type\":\"ListItem\",\"position\":1,\"name\":\"Accueil\",\"item\":\"https:\\\/\\\/homeproject.fr\\\/fr\\\/\"},{\"@type\":\"ListItem\",\"position\":2,\"name\":\"Boutique\",\"item\":\"https:\\\/\\\/homeproject.fr\\\/fr\\\/boutique\\\/\"},{\"@type\":\"ListItem\",\"position\":3,\"name\":\"Carrelage effet carreau ciment \u00e0 motifs g\u00e9om\u00e9triques verts et blancs \u2013 Habana d\u00e9cor N6 \u2013 20&#215;20 cm\"}]},{\"@type\":\"WebSite\",\"@id\":\"https:\\\/\\\/homeproject.fr\\\/fr\\\/#website\",\"url\":\"https:\\\/\\\/homeproject.fr\\\/fr\\\/\",\"name\":\"Homeproject.fr\",\"description\":\"Offrez l&#039;exceptionnel \u00e0 vos espaces \u00e0 vivre\",\"publisher\":{\"@id\":\"https:\\\/\\\/homeproject.fr\\\/fr\\\/#organization\"},\"potentialAction\":[{\"@type\":\"SearchAction\",\"target\":{\"@type\":\"EntryPoint\",\"urlTemplate\":\"https:\\\/\\\/homeproject.fr\\\/fr\\\/?s={search_term_string}\"},\"query-input\":{\"@type\":\"PropertyValueSpecification\",\"valueRequired\":true,\"valueName\":\"search_term_string\"}}],\"inLanguage\":\"fr-FR\"},{\"@type\":\"Organization\",\"@id\":\"https:\\\/\\\/homeproject.fr\\\/fr\\\/#organization\",\"name\":\"Homeproject.fr\",\"url\":\"https:\\\/\\\/homeproject.fr\\\/fr\\\/\",\"logo\":{\"@type\":\"ImageObject\",\"inLanguage\":\"fr-FR\",\"@id\":\"https:\\\/\\\/homeproject.fr\\\/fr\\\/#\\\/schema\\\/logo\\\/image\\\/\",\"url\":\"https:\\\/\\\/homeproject.fr\\\/fr\\\/wp-content\\\/uploads\\\/2024\\\/12\\\/Logo_HomeProject-noir-2.png\",\"contentUrl\":\"https:\\\/\\\/homeproject.fr\\\/fr\\\/wp-content\\\/uploads\\\/2024\\\/12\\\/Logo_HomeProject-noir-2.png\",\"width\":300,\"height\":91,\"caption\":\"Homeproject.fr\"},\"image\":{\"@id\":\"https:\\\/\\\/homeproject.fr\\\/fr\\\/#\\\/schema\\\/logo\\\/image\\\/\"}}]}<\/script>\n<!-- \/ Yoast SEO plugin. -->","yoast_head_json":{"title":"Carrelage effet carreau ciment \u00e0 motifs g\u00e9om\u00e9triques verts et blancs \u2013 Habana d\u00e9cor N6 \u2013 20x20 cm - Homeproject.fr","robots":{"index":"index","follow":"follow","max-snippet":"max-snippet:-1","max-image-preview":"max-image-preview:large","max-video-preview":"max-video-preview:-1"},"canonical":"https:\/\/homeproject.fr\/fr\/produit\/carrelage-effet-carreau-ciment-a-motifs-geometriques-verts-et-blancs-habana-decor-n6-20x20-cm\/","og_locale":"fr_FR","og_type":"article","og_title":"Carrelage effet carreau ciment \u00e0 motifs g\u00e9om\u00e9triques verts et blancs \u2013 Habana d\u00e9cor N6 \u2013 20x20 cm - Homeproject.fr","og_description":"Apportez une touche graphique et contemporaine \u00e0 vos sols ou murs avec le carrelage Habana d\u00e9cor N6. Inspir\u00e9 du style r\u00e9tro des carreaux de ciment, ce carreau en gr\u00e8s c\u00e9rame au motif g\u00e9om\u00e9trique vert et blanc cr\u00e9e un effet de mouvement et de profondeur, id\u00e9al pour structurer un espace avec \u00e9l\u00e9gance. Fabriqu\u00e9 en porcelaine \u00e9maill\u00e9e, il convient parfaitement en rev\u00eatement mural ou en sol, en int\u00e9rieur comme en ext\u00e9rieur couvert. Gr\u00e2ce \u00e0 sa r\u00e9sistance \u00e0 l\u2019eau, aux taches, au gel et aux chocs thermiques, il est adapt\u00e9 aux pi\u00e8ces \u00e0 fort passage comme les cuisines, salles de bains, couloirs ou m\u00eame les entr\u00e9es. Le motif demi-lune du mod\u00e8le N6 peut \u00eatre pos\u00e9 en quinconce ou en patchwork pour des compositions visuelles originales et dynamiques.","og_url":"https:\/\/homeproject.fr\/fr\/produit\/carrelage-effet-carreau-ciment-a-motifs-geometriques-verts-et-blancs-habana-decor-n6-20x20-cm\/","og_site_name":"Homeproject.fr","article_modified_time":"2025-03-22T16:05:12+00:00","og_image":[{"width":1500,"height":1500,"url":"https:\/\/homeproject.fr\/fr\/wp-content\/uploads\/2025\/03\/Carrelage-effet-carreau-ciment-a-motifs-geometriques-vert-et-blanc-Habana-decor-N6.jpg","type":"image\/jpeg"}],"twitter_card":"summary_large_image","twitter_misc":{"Dur\u00e9e de lecture estim\u00e9e":"1 minute"},"schema":{"@context":"https:\/\/schema.org","@graph":[{"@type":"WebPage","@id":"https:\/\/homeproject.fr\/fr\/produit\/carrelage-effet-carreau-ciment-a-motifs-geometriques-verts-et-blancs-habana-decor-n6-20x20-cm\/","url":"https:\/\/homeproject.fr\/fr\/produit\/carrelage-effet-carreau-ciment-a-motifs-geometriques-verts-et-blancs-habana-decor-n6-20x20-cm\/","name":"Carrelage effet carreau ciment \u00e0 motifs g\u00e9om\u00e9triques verts et blancs \u2013 Habana d\u00e9cor N6 \u2013 20x20 cm - Homeproject.fr","isPartOf":{"@id":"https:\/\/homeproject.fr\/fr\/#website"},"primaryImageOfPage":{"@id":"https:\/\/homeproject.fr\/fr\/produit\/carrelage-effet-carreau-ciment-a-motifs-geometriques-verts-et-blancs-habana-decor-n6-20x20-cm\/#primaryimage"},"image":{"@id":"https:\/\/homeproject.fr\/fr\/produit\/carrelage-effet-carreau-ciment-a-motifs-geometriques-verts-et-blancs-habana-decor-n6-20x20-cm\/#primaryimage"},"thumbnailUrl":"https:\/\/homeproject.fr\/fr\/wp-content\/uploads\/2025\/03\/Carrelage-effet-carreau-ciment-a-motifs-geometriques-vert-et-blanc-Habana-decor-N6.jpg","datePublished":"2025-03-22T14:09:39+00:00","dateModified":"2025-03-22T16:05:12+00:00","breadcrumb":{"@id":"https:\/\/homeproject.fr\/fr\/produit\/carrelage-effet-carreau-ciment-a-motifs-geometriques-verts-et-blancs-habana-decor-n6-20x20-cm\/#breadcrumb"},"inLanguage":"fr-FR","potentialAction":[{"@type":"ReadAction","target":["https:\/\/homeproject.fr\/fr\/produit\/carrelage-effet-carreau-ciment-a-motifs-geometriques-verts-et-blancs-habana-decor-n6-20x20-cm\/"]}]},{"@type":"ImageObject","inLanguage":"fr-FR","@id":"https:\/\/homeproject.fr\/fr\/produit\/carrelage-effet-carreau-ciment-a-motifs-geometriques-verts-et-blancs-habana-decor-n6-20x20-cm\/#primaryimage","url":"https:\/\/homeproject.fr\/fr\/wp-content\/uploads\/2025\/03\/Carrelage-effet-carreau-ciment-a-motifs-geometriques-vert-et-blanc-Habana-decor-N6.jpg","contentUrl":"https:\/\/homeproject.fr\/fr\/wp-content\/uploads\/2025\/03\/Carrelage-effet-carreau-ciment-a-motifs-geometriques-vert-et-blanc-Habana-decor-N6.jpg","width":1500,"height":1500},{"@type":"BreadcrumbList","@id":"https:\/\/homeproject.fr\/fr\/produit\/carrelage-effet-carreau-ciment-a-motifs-geometriques-verts-et-blancs-habana-decor-n6-20x20-cm\/#breadcrumb","itemListElement":[{"@type":"ListItem","position":1,"name":"Accueil","item":"https:\/\/homeproject.fr\/fr\/"},{"@type":"ListItem","position":2,"name":"Boutique","item":"https:\/\/homeproject.fr\/fr\/boutique\/"},{"@type":"ListItem","position":3,"name":"Carrelage effet carreau ciment \u00e0 motifs g\u00e9om\u00e9triques verts et blancs \u2013 Habana d\u00e9cor N6 \u2013 20&#215;20 cm"}]},{"@type":"WebSite","@id":"https:\/\/homeproject.fr\/fr\/#website","url":"https:\/\/homeproject.fr\/fr\/","name":"Homeproject.fr","description":"Offrez l&#039;exceptionnel \u00e0 vos espaces \u00e0 vivre","publisher":{"@id":"https:\/\/homeproject.fr\/fr\/#organization"},"potentialAction":[{"@type":"SearchAction","target":{"@type":"EntryPoint","urlTemplate":"https:\/\/homeproject.fr\/fr\/?s={search_term_string}"},"query-input":{"@type":"PropertyValueSpecification","valueRequired":true,"valueName":"search_term_string"}}],"inLanguage":"fr-FR"},{"@type":"Organization","@id":"https:\/\/homeproject.fr\/fr\/#organization","name":"Homeproject.fr","url":"https:\/\/homeproject.fr\/fr\/","logo":{"@type":"ImageObject","inLanguage":"fr-FR","@id":"https:\/\/homeproject.fr\/fr\/#\/schema\/logo\/image\/","url":"https:\/\/homeproject.fr\/fr\/wp-content\/uploads\/2024\/12\/Logo_HomeProject-noir-2.png","contentUrl":"https:\/\/homeproject.fr\/fr\/wp-content\/uploads\/2024\/12\/Logo_HomeProject-noir-2.png","width":300,"height":91,"caption":"Homeproject.fr"},"image":{"@id":"https:\/\/homeproject.fr\/fr\/#\/schema\/logo\/image\/"}}]}},"_links":{"self":[{"href":"https:\/\/homeproject.fr\/fr\/wp-json\/wp\/v2\/product\/13087","targetHints":{"allow":["GET"]}}],"collection":[{"href":"https:\/\/homeproject.fr\/fr\/wp-json\/wp\/v2\/product"}],"about":[{"href":"https:\/\/homeproject.fr\/fr\/wp-json\/wp\/v2\/types\/product"}],"version-history":[{"count":1,"href":"https:\/\/homeproject.fr\/fr\/wp-json\/wp\/v2\/product\/13087\/revisions"}],"predecessor-version":[{"id":13089,"href":"https:\/\/homeproject.fr\/fr\/wp-json\/wp\/v2\/product\/13087\/revisions\/13089"}],"wp:featuredmedia":[{"embeddable":true,"href":"https:\/\/homeproject.fr\/fr\/wp-json\/wp\/v2\/media\/13083"}],"wp:attachment":[{"href":"https:\/\/homeproject.fr\/fr\/wp-json\/wp\/v2\/media?parent=13087"}],"wp:term":[{"taxonomy":"product_brand","embeddable":true,"href":"https:\/\/homeproject.fr\/fr\/wp-json\/wp\/v2\/product_brand?post=13087"},{"taxonomy":"product_cat","embeddable":true,"href":"https:\/\/homeproject.fr\/fr\/wp-json\/wp\/v2\/product_cat?post=13087"},{"taxonomy":"product_tag","embeddable":true,"href":"https:\/\/homeproject.fr\/fr\/wp-json\/wp\/v2\/product_tag?post=13087"}],"curies":[{"name":"wp","href":"https:\/\/api.w.org\/{rel}","templated":true}]}}