{"id":13077,"date":"2025-03-22T13:49:58","date_gmt":"2025-03-22T13:49:58","guid":{"rendered":"https:\/\/homeproject.fr\/fr\/?post_type=product&#038;p=13077"},"modified":"2025-03-22T13:55:46","modified_gmt":"2025-03-22T13:55:46","slug":"claustra-carre-en-gres-extrude-effet-terre-cuite-cvcl4-15x15","status":"publish","type":"product","link":"https:\/\/homeproject.fr\/fr\/produit\/claustra-carre-en-gres-extrude-effet-terre-cuite-cvcl4-15x15\/","title":{"rendered":"Claustra carr\u00e9 en gr\u00e8s extrud\u00e9 effet Terre Cuite CVCL4 15&#215;15"},"content":{"rendered":"<p class=\"\" data-start=\"674\" data-end=\"708\"><strong data-start=\"674\" data-end=\"708\">Caract\u00e9ristiques principales :<\/strong><\/p>\n<ul data-start=\"709\" data-end=\"1141\">\n<li class=\"\" data-start=\"709\" data-end=\"778\">\n<p class=\"\" data-start=\"711\" data-end=\"778\">Dimensions : 15 x 15 x 10 cm (tol\u00e9rance de fabrication de 2 \u00e0 4 mm)<br \/>\n<img fetchpriority=\"high\" decoding=\"async\" class=\"alignnone size-full wp-image-13078\" src=\"https:\/\/homeproject.fr\/fr\/wp-content\/uploads\/2025\/03\/CVCL4-schema.jpg\" alt=\"\" width=\"358\" height=\"200\" srcset=\"https:\/\/homeproject.fr\/fr\/wp-content\/uploads\/2025\/03\/CVCL4-schema.jpg 358w, https:\/\/homeproject.fr\/fr\/wp-content\/uploads\/2025\/03\/CVCL4-schema-300x168.jpg 300w, https:\/\/homeproject.fr\/fr\/wp-content\/uploads\/2025\/03\/CVCL4-schema-18x10.jpg 18w\" sizes=\"(max-width: 358px) 100vw, 358px\" \/><\/p>\n<\/li>\n<li class=\"\" data-start=\"709\" data-end=\"778\">\n<p class=\"\" data-start=\"711\" data-end=\"778\">Mat\u00e9riau : gr\u00e8s extrud\u00e9 \u00e9maill\u00e9 \u00e0 faible absorption d\u2019eau<\/p>\n<\/li>\n<li class=\"\" data-start=\"831\" data-end=\"875\">\n<p class=\"\" data-start=\"833\" data-end=\"875\">Finition : aspect brut, teinte ocre claire<\/p>\n<\/li>\n<li class=\"\" data-start=\"876\" data-end=\"992\">\n<p class=\"\" data-start=\"878\" data-end=\"992\">Fabrication artisanale : chaque pi\u00e8ce est unique, avec de l\u00e9g\u00e8res irr\u00e9gularit\u00e9s qui t\u00e9moignent de son authenticit\u00e9<\/p>\n<\/li>\n<li class=\"\" data-start=\"993\" data-end=\"1095\">\n<p class=\"\" data-start=\"995\" data-end=\"1095\">Usage : mur d\u00e9coratif, s\u00e9paration d\u2019espaces, brise-vue, fa\u00e7ade ajour\u00e9e, habillage de bar ou comptoir<\/p>\n<\/li>\n<li class=\"\" data-start=\"1096\" data-end=\"1141\">\n<p class=\"\" data-start=\"1098\" data-end=\"1141\">Utilisation en int\u00e9rieur comme en ext\u00e9rieur (hors zones \u00e0 forte humidit\u00e9 et aux conditions extr\u00eames)<\/p>\n<\/li>\n<\/ul>\n<p class=\"\" data-start=\"1143\" data-end=\"1174\"><strong data-start=\"1143\" data-end=\"1174\">Avantages du mod\u00e8le CVCL4 :<\/strong><\/p>\n<ul data-start=\"1175\" data-end=\"1524\">\n<li class=\"\" data-start=\"1175\" data-end=\"1295\">\n<p class=\"\" data-start=\"1177\" data-end=\"1295\"><strong data-start=\"1177\" data-end=\"1207\">Esth\u00e9tique m\u00e9diterran\u00e9enne<\/strong> : son design simple et graphique s\u2019adapte \u00e0 tous les styles, du contemporain au boh\u00e8me.<\/p>\n<\/li>\n<li class=\"\" data-start=\"1296\" data-end=\"1418\">\n<p class=\"\" data-start=\"1298\" data-end=\"1418\"><strong data-start=\"1298\" data-end=\"1316\">Fonctionnalit\u00e9<\/strong> : offre intimit\u00e9 et ventilation naturelle, tout en cr\u00e9ant des jeux d\u2019ombres lumineux tr\u00e8s d\u00e9coratifs.<\/p>\n<\/li>\n<li class=\"\" data-start=\"1419\" data-end=\"1524\">\n<p class=\"\" data-start=\"1421\" data-end=\"1524\"><strong data-start=\"1421\" data-end=\"1445\">\u00c9cologique & durable<\/strong> : mat\u00e9riau naturel, respectueux de l\u2019environnement, \u00e0 forte inertie thermique.<\/p>\n<\/li>\n<\/ul>\n<p class=\"\" data-start=\"1526\" data-end=\"1715\">\ud83d\udca1 <strong data-start=\"1529\" data-end=\"1548\">Conseil de pose<\/strong> : il est recommand\u00e9 de ne pas pr\u00e9monter les modules avant leur r\u00e9ception afin de tenir compte des tol\u00e9rances dimensionnelles inh\u00e9rentes \u00e0 leur fabrication artisanale.<\/p>\n<hr class=\"\" data-start=\"1717\" data-end=\"1720\" \/>\n<h3 class=\"\" data-start=\"1722\" data-end=\"1766\"><strong data-start=\"1726\" data-end=\"1766\">Pourquoi choisir le claustra CVCL4 ?<\/strong><\/h3>\n<p class=\"\" data-start=\"1767\" data-end=\"2108\">Ce claustra est un choix id\u00e9al pour qui souhaite structurer un espace avec \u00e9l\u00e9gance, que ce soit pour un <strong data-start=\"1887\" data-end=\"1914\">mur d\u00e9coratif de fa\u00e7ade<\/strong>, une <strong data-start=\"1920\" data-end=\"1945\">cloison dans un patio<\/strong> ou une <strong data-start=\"1953\" data-end=\"1985\">d\u00e9coration murale int\u00e9rieure<\/strong>. Facile \u00e0 int\u00e9grer et \u00e0 assembler, il donne imm\u00e9diatement du caract\u00e8re \u00e0 votre projet tout en restant sobre et intemporel.<\/p>\n<hr class=\"\" data-start=\"2203\" data-end=\"2206\" \/>\n<p class=\"\" data-start=\"2208\" data-end=\"2364\"><strong data-start=\"2208\" data-end=\"2275\">\u27a1 Disponible sur commande \u2013 Livraison rapide partout en France.<\/strong><br data-start=\"2275\" data-end=\"2278\" \/><strong data-start=\"2278\" data-end=\"2364\">\ud83d\udcac Besoin d\u2019un devis ou d\u2019un conseil projet ? Contactez notre \u00e9quipe HomeProject.fr<\/strong><\/p>\n<p><strong style=\"font-family: inherit; font-size: 30px;\">Vous avez des questions ?<\/strong><\/p>\n<style id=\"wpforms-css-vars-3675\">\n\t\t\t\t#wpforms-3675 {\n\t\t\t\t\n\t\t\t}\n\t\t\t<\/style><div class=\"wpforms-container wpforms-container-full wpforms-render-modern\" id=\"wpforms-3675\"><form id=\"wpforms-form-3675\" class=\"wpforms-validate wpforms-form wpforms-ajax-form\" data-formid=\"3675\" method=\"post\" enctype=\"multipart\/form-data\" action=\"\/fr\/wp-json\/wp\/v2\/product\/13077\" data-token=\"2921a7ac3408d834be151983965c4ab3\" data-token-time=\"1777944572\"><noscript class=\"wpforms-error-noscript\">Veuillez activer JavaScript dans votre navigateur pour remplir ce formulaire.<\/noscript><div id=\"wpforms-error-noscript\" style=\"display: none;\">Veuillez activer JavaScript dans votre navigateur pour remplir ce formulaire.<\/div><div class=\"wpforms-field-container\">\t\t<div id=\"wpforms-3675-field_1-container\"\n\t\t\tclass=\"wpforms-field wpforms-field-text\"\n\t\t\tdata-field-type=\"text\"\n\t\t\tdata-field-id=\"1\"\n\t\t\t>\n\t\t\t<label class=\"wpforms-field-label\" for=\"wpforms-3675-field_1\" >Nom Message E-mail<\/label>\n\t\t\t<input type=\"text\" id=\"wpforms-3675-field_1\" class=\"wpforms-field-medium\" name=\"wpforms[fields][1]\" >\n\t\t<\/div>\n\t\t<div id=\"wpforms-3675-field_3-container\" class=\"wpforms-field wpforms-field-name\" data-field-id=\"3\"><fieldset><legend class=\"wpforms-field-label\">Nom <span class=\"wpforms-required-label\" aria-hidden=\"true\">*<\/span><\/legend><div class=\"wpforms-field-row wpforms-field-medium\"><div class=\"wpforms-field-row-block wpforms-first wpforms-one-half\"><input type=\"text\" id=\"wpforms-3675-field_3\" class=\"wpforms-field-name-first wpforms-field-required\" name=\"wpforms[fields][3][first]\" aria-errormessage=\"wpforms-3675-field_3-error\" required><label for=\"wpforms-3675-field_3\" class=\"wpforms-field-sublabel after\">Pr\u00e9nom<\/label><\/div><div class=\"wpforms-field-row-block wpforms-one-half\"><input type=\"text\" id=\"wpforms-3675-field_3-last\" class=\"wpforms-field-name-last wpforms-field-required\" name=\"wpforms[fields][3][last]\" aria-errormessage=\"wpforms-3675-field_3-last-error\" required><label for=\"wpforms-3675-field_3-last\" class=\"wpforms-field-sublabel after\">Nom<\/label><\/div><\/div><\/fieldset><\/div><div id=\"wpforms-3675-field_4-container\" class=\"wpforms-field wpforms-field-email\" data-field-id=\"4\"><label class=\"wpforms-field-label\" for=\"wpforms-3675-field_4\">E-mail <span class=\"wpforms-required-label\" aria-hidden=\"true\">*<\/span><\/label><input type=\"email\" id=\"wpforms-3675-field_4\" class=\"wpforms-field-medium wpforms-field-required\" name=\"wpforms[fields][4]\" spellcheck=\"false\" aria-errormessage=\"wpforms-3675-field_4-error\" required><\/div><div id=\"wpforms-3675-field_5-container\" class=\"wpforms-field wpforms-field-textarea\" data-field-id=\"5\"><label class=\"wpforms-field-label\" for=\"wpforms-3675-field_5\">Message <span class=\"wpforms-required-label\" aria-hidden=\"true\">*<\/span><\/label><textarea id=\"wpforms-3675-field_5\" class=\"wpforms-field-medium wpforms-field-required\" name=\"wpforms[fields][5]\" aria-errormessage=\"wpforms-3675-field_5-error\" required><\/textarea><\/div><script>\n\t\t\t\t( function() {\n\t\t\t\t\tconst style = document.createElement( 'style' );\n\t\t\t\t\tstyle.appendChild( document.createTextNode( '#wpforms-3675-field_1-container { position: absolute !important; overflow: hidden !important; display: inline !important; height: 1px !important; width: 1px !important; z-index: -1000 !important; padding: 0 !important; } #wpforms-3675-field_1-container input { visibility: hidden; } #wpforms-conversational-form-page #wpforms-3675-field_1-container label { counter-increment: none; }' ) );\n\t\t\t\t\tdocument.head.appendChild( style );\n\t\t\t\t\tdocument.currentScript?.remove();\n\t\t\t\t} )();\n\t\t\t<\/script><\/div><!-- .wpforms-field-container --><div class=\"wpforms-submit-container\" ><input type=\"hidden\" name=\"wpforms[id]\" value=\"3675\"><input type=\"hidden\" name=\"page_title\" value=\"\"><input type=\"hidden\" name=\"page_url\" value=\"https:\/\/homeproject.fr\/fr\/wp-json\/wp\/v2\/product\/13077\"><input type=\"hidden\" name=\"url_referer\" value=\"\"><button type=\"submit\" name=\"wpforms[submit]\" id=\"wpforms-submit-3675\" class=\"wpforms-submit\" data-alt-text=\"Envoi...\" data-submit-text=\"Envoyer\" aria-live=\"assertive\" value=\"wpforms-submit\">Envoyer<\/button><img decoding=\"async\" src=\"https:\/\/homeproject.fr\/fr\/wp-content\/plugins\/wpforms-lite\/assets\/images\/submit-spin.svg\" class=\"wpforms-submit-spinner\" style=\"display: none;\" width=\"26\" height=\"26\" alt=\"Chargement en cours\"><\/div><\/form><\/div>  <!-- .wpforms-container -->\n","protected":false},"excerpt":{"rendered":"<p class=\"\" data-start=\"239\" data-end=\"552\">Apportez \u00e0 vos espaces un style m\u00e9diterran\u00e9en chic avec le <strong>claustra<\/strong> mural en gr\u00e8s effet terre cuite naturelle <strong>CVCL4<\/strong>. Fabriqu\u00e9 artisanalement, ce module ajour\u00e9 carr\u00e9 de 15 x 15 x 10 cm est id\u00e9al pour structurer l\u2019espace tout en laissant passer la lumi\u00e8re et l\u2019air. Parfait pour vos projets d\u2019am\u00e9nagement int\u00e9rieur ou ext\u00e9rieur, le mod\u00e8le CVCL3 s\u00e9duit par sa forme g\u00e9om\u00e9trique <strong>minimaliste<\/strong> et sa finition brute <strong>authentique<\/strong>.<\/p>\n","protected":false},"featured_media":13079,"template":"","meta":{"_uf_show_specific_survey":0,"_uf_disable_surveys":false,"iawp_total_views":60},"product_brand":[],"product_cat":[20,194],"product_tag":[],"class_list":{"0":"post-13077","1":"product","2":"type-product","3":"status-publish","4":"has-post-thumbnail","6":"product_cat-carrelage","7":"product_cat-claustras","8":"product_shipping_class-carrelage","9":"pa_dimensions-nominales-15x15","10":"pa_effet-claustra","11":"pa_epaisseur-100mm","13":"first","14":"instock","15":"taxable","16":"shipping-taxable","17":"purchasable","18":"product-type-simple"},"yoast_head":"<!-- This site is optimized with the Yoast SEO plugin v27.5 - https:\/\/yoast.com\/product\/yoast-seo-wordpress\/ -->\n<title>Claustra carr\u00e9 en gr\u00e8s extrud\u00e9 effet Terre Cuite CVCL4 15x15 - Homeproject.fr<\/title>\n<meta name=\"robots\" content=\"index, follow, max-snippet:-1, max-image-preview:large, max-video-preview:-1\" \/>\n<link rel=\"canonical\" href=\"https:\/\/homeproject.fr\/fr\/produit\/claustra-carre-en-gres-extrude-effet-terre-cuite-cvcl4-15x15\/\" \/>\n<meta property=\"og:locale\" content=\"fr_FR\" \/>\n<meta property=\"og:type\" content=\"article\" \/>\n<meta property=\"og:title\" content=\"Claustra carr\u00e9 en gr\u00e8s extrud\u00e9 effet Terre Cuite CVCL4 15x15 - Homeproject.fr\" \/>\n<meta property=\"og:description\" content=\"Apportez \u00e0 vos espaces un style m\u00e9diterran\u00e9en chic avec le claustra mural en gr\u00e8s effet terre cuite naturelle CVCL4. Fabriqu\u00e9 artisanalement, ce module ajour\u00e9 carr\u00e9 de 15 x 15 x 10 cm est id\u00e9al pour structurer l\u2019espace tout en laissant passer la lumi\u00e8re et l\u2019air. Parfait pour vos projets d\u2019am\u00e9nagement int\u00e9rieur ou ext\u00e9rieur, le mod\u00e8le CVCL3 s\u00e9duit par sa forme g\u00e9om\u00e9trique minimaliste et sa finition brute authentique.\" \/>\n<meta property=\"og:url\" content=\"https:\/\/homeproject.fr\/fr\/produit\/claustra-carre-en-gres-extrude-effet-terre-cuite-cvcl4-15x15\/\" \/>\n<meta property=\"og:site_name\" content=\"Homeproject.fr\" \/>\n<meta property=\"article:modified_time\" content=\"2025-03-22T13:55:46+00:00\" \/>\n<meta property=\"og:image\" content=\"https:\/\/homeproject.fr\/fr\/wp-content\/uploads\/2025\/03\/Claustra-mural-en-gres-aspect-terre-cuite-naturelle-carree-CVCL4.jpg\" \/>\n\t<meta property=\"og:image:width\" content=\"1500\" \/>\n\t<meta property=\"og:image:height\" content=\"1500\" \/>\n\t<meta property=\"og:image:type\" content=\"image\/jpeg\" \/>\n<meta name=\"twitter:card\" content=\"summary_large_image\" \/>\n<meta name=\"twitter:label1\" content=\"Dur\u00e9e de lecture estim\u00e9e\" \/>\n\t<meta name=\"twitter:data1\" content=\"2 minutes\" \/>\n<script type=\"application\/ld+json\" class=\"yoast-schema-graph\">{\"@context\":\"https:\\\/\\\/schema.org\",\"@graph\":[{\"@type\":\"WebPage\",\"@id\":\"https:\\\/\\\/homeproject.fr\\\/fr\\\/produit\\\/claustra-carre-en-gres-extrude-effet-terre-cuite-cvcl4-15x15\\\/\",\"url\":\"https:\\\/\\\/homeproject.fr\\\/fr\\\/produit\\\/claustra-carre-en-gres-extrude-effet-terre-cuite-cvcl4-15x15\\\/\",\"name\":\"Claustra carr\u00e9 en gr\u00e8s extrud\u00e9 effet Terre Cuite CVCL4 15x15 - Homeproject.fr\",\"isPartOf\":{\"@id\":\"https:\\\/\\\/homeproject.fr\\\/fr\\\/#website\"},\"primaryImageOfPage\":{\"@id\":\"https:\\\/\\\/homeproject.fr\\\/fr\\\/produit\\\/claustra-carre-en-gres-extrude-effet-terre-cuite-cvcl4-15x15\\\/#primaryimage\"},\"image\":{\"@id\":\"https:\\\/\\\/homeproject.fr\\\/fr\\\/produit\\\/claustra-carre-en-gres-extrude-effet-terre-cuite-cvcl4-15x15\\\/#primaryimage\"},\"thumbnailUrl\":\"https:\\\/\\\/homeproject.fr\\\/fr\\\/wp-content\\\/uploads\\\/2025\\\/03\\\/Claustra-mural-en-gres-aspect-terre-cuite-naturelle-carree-CVCL4.jpg\",\"datePublished\":\"2025-03-22T13:49:58+00:00\",\"dateModified\":\"2025-03-22T13:55:46+00:00\",\"breadcrumb\":{\"@id\":\"https:\\\/\\\/homeproject.fr\\\/fr\\\/produit\\\/claustra-carre-en-gres-extrude-effet-terre-cuite-cvcl4-15x15\\\/#breadcrumb\"},\"inLanguage\":\"fr-FR\",\"potentialAction\":[{\"@type\":\"ReadAction\",\"target\":[\"https:\\\/\\\/homeproject.fr\\\/fr\\\/produit\\\/claustra-carre-en-gres-extrude-effet-terre-cuite-cvcl4-15x15\\\/\"]}]},{\"@type\":\"ImageObject\",\"inLanguage\":\"fr-FR\",\"@id\":\"https:\\\/\\\/homeproject.fr\\\/fr\\\/produit\\\/claustra-carre-en-gres-extrude-effet-terre-cuite-cvcl4-15x15\\\/#primaryimage\",\"url\":\"https:\\\/\\\/homeproject.fr\\\/fr\\\/wp-content\\\/uploads\\\/2025\\\/03\\\/Claustra-mural-en-gres-aspect-terre-cuite-naturelle-carree-CVCL4.jpg\",\"contentUrl\":\"https:\\\/\\\/homeproject.fr\\\/fr\\\/wp-content\\\/uploads\\\/2025\\\/03\\\/Claustra-mural-en-gres-aspect-terre-cuite-naturelle-carree-CVCL4.jpg\",\"width\":1500,\"height\":1500},{\"@type\":\"BreadcrumbList\",\"@id\":\"https:\\\/\\\/homeproject.fr\\\/fr\\\/produit\\\/claustra-carre-en-gres-extrude-effet-terre-cuite-cvcl4-15x15\\\/#breadcrumb\",\"itemListElement\":[{\"@type\":\"ListItem\",\"position\":1,\"name\":\"Accueil\",\"item\":\"https:\\\/\\\/homeproject.fr\\\/fr\\\/\"},{\"@type\":\"ListItem\",\"position\":2,\"name\":\"Boutique\",\"item\":\"https:\\\/\\\/homeproject.fr\\\/fr\\\/boutique\\\/\"},{\"@type\":\"ListItem\",\"position\":3,\"name\":\"Claustra carr\u00e9 en gr\u00e8s extrud\u00e9 effet Terre Cuite CVCL4 15&#215;15\"}]},{\"@type\":\"WebSite\",\"@id\":\"https:\\\/\\\/homeproject.fr\\\/fr\\\/#website\",\"url\":\"https:\\\/\\\/homeproject.fr\\\/fr\\\/\",\"name\":\"Homeproject.fr\",\"description\":\"Offrez l&#039;exceptionnel \u00e0 vos espaces \u00e0 vivre\",\"publisher\":{\"@id\":\"https:\\\/\\\/homeproject.fr\\\/fr\\\/#organization\"},\"potentialAction\":[{\"@type\":\"SearchAction\",\"target\":{\"@type\":\"EntryPoint\",\"urlTemplate\":\"https:\\\/\\\/homeproject.fr\\\/fr\\\/?s={search_term_string}\"},\"query-input\":{\"@type\":\"PropertyValueSpecification\",\"valueRequired\":true,\"valueName\":\"search_term_string\"}}],\"inLanguage\":\"fr-FR\"},{\"@type\":\"Organization\",\"@id\":\"https:\\\/\\\/homeproject.fr\\\/fr\\\/#organization\",\"name\":\"Homeproject.fr\",\"url\":\"https:\\\/\\\/homeproject.fr\\\/fr\\\/\",\"logo\":{\"@type\":\"ImageObject\",\"inLanguage\":\"fr-FR\",\"@id\":\"https:\\\/\\\/homeproject.fr\\\/fr\\\/#\\\/schema\\\/logo\\\/image\\\/\",\"url\":\"https:\\\/\\\/homeproject.fr\\\/fr\\\/wp-content\\\/uploads\\\/2024\\\/12\\\/Logo_HomeProject-noir-2.png\",\"contentUrl\":\"https:\\\/\\\/homeproject.fr\\\/fr\\\/wp-content\\\/uploads\\\/2024\\\/12\\\/Logo_HomeProject-noir-2.png\",\"width\":300,\"height\":91,\"caption\":\"Homeproject.fr\"},\"image\":{\"@id\":\"https:\\\/\\\/homeproject.fr\\\/fr\\\/#\\\/schema\\\/logo\\\/image\\\/\"}}]}<\/script>\n<!-- \/ Yoast SEO plugin. -->","yoast_head_json":{"title":"Claustra carr\u00e9 en gr\u00e8s extrud\u00e9 effet Terre Cuite CVCL4 15x15 - Homeproject.fr","robots":{"index":"index","follow":"follow","max-snippet":"max-snippet:-1","max-image-preview":"max-image-preview:large","max-video-preview":"max-video-preview:-1"},"canonical":"https:\/\/homeproject.fr\/fr\/produit\/claustra-carre-en-gres-extrude-effet-terre-cuite-cvcl4-15x15\/","og_locale":"fr_FR","og_type":"article","og_title":"Claustra carr\u00e9 en gr\u00e8s extrud\u00e9 effet Terre Cuite CVCL4 15x15 - Homeproject.fr","og_description":"Apportez \u00e0 vos espaces un style m\u00e9diterran\u00e9en chic avec le claustra mural en gr\u00e8s effet terre cuite naturelle CVCL4. Fabriqu\u00e9 artisanalement, ce module ajour\u00e9 carr\u00e9 de 15 x 15 x 10 cm est id\u00e9al pour structurer l\u2019espace tout en laissant passer la lumi\u00e8re et l\u2019air. Parfait pour vos projets d\u2019am\u00e9nagement int\u00e9rieur ou ext\u00e9rieur, le mod\u00e8le CVCL3 s\u00e9duit par sa forme g\u00e9om\u00e9trique minimaliste et sa finition brute authentique.","og_url":"https:\/\/homeproject.fr\/fr\/produit\/claustra-carre-en-gres-extrude-effet-terre-cuite-cvcl4-15x15\/","og_site_name":"Homeproject.fr","article_modified_time":"2025-03-22T13:55:46+00:00","og_image":[{"width":1500,"height":1500,"url":"https:\/\/homeproject.fr\/fr\/wp-content\/uploads\/2025\/03\/Claustra-mural-en-gres-aspect-terre-cuite-naturelle-carree-CVCL4.jpg","type":"image\/jpeg"}],"twitter_card":"summary_large_image","twitter_misc":{"Dur\u00e9e de lecture estim\u00e9e":"2 minutes"},"schema":{"@context":"https:\/\/schema.org","@graph":[{"@type":"WebPage","@id":"https:\/\/homeproject.fr\/fr\/produit\/claustra-carre-en-gres-extrude-effet-terre-cuite-cvcl4-15x15\/","url":"https:\/\/homeproject.fr\/fr\/produit\/claustra-carre-en-gres-extrude-effet-terre-cuite-cvcl4-15x15\/","name":"Claustra carr\u00e9 en gr\u00e8s extrud\u00e9 effet Terre Cuite CVCL4 15x15 - Homeproject.fr","isPartOf":{"@id":"https:\/\/homeproject.fr\/fr\/#website"},"primaryImageOfPage":{"@id":"https:\/\/homeproject.fr\/fr\/produit\/claustra-carre-en-gres-extrude-effet-terre-cuite-cvcl4-15x15\/#primaryimage"},"image":{"@id":"https:\/\/homeproject.fr\/fr\/produit\/claustra-carre-en-gres-extrude-effet-terre-cuite-cvcl4-15x15\/#primaryimage"},"thumbnailUrl":"https:\/\/homeproject.fr\/fr\/wp-content\/uploads\/2025\/03\/Claustra-mural-en-gres-aspect-terre-cuite-naturelle-carree-CVCL4.jpg","datePublished":"2025-03-22T13:49:58+00:00","dateModified":"2025-03-22T13:55:46+00:00","breadcrumb":{"@id":"https:\/\/homeproject.fr\/fr\/produit\/claustra-carre-en-gres-extrude-effet-terre-cuite-cvcl4-15x15\/#breadcrumb"},"inLanguage":"fr-FR","potentialAction":[{"@type":"ReadAction","target":["https:\/\/homeproject.fr\/fr\/produit\/claustra-carre-en-gres-extrude-effet-terre-cuite-cvcl4-15x15\/"]}]},{"@type":"ImageObject","inLanguage":"fr-FR","@id":"https:\/\/homeproject.fr\/fr\/produit\/claustra-carre-en-gres-extrude-effet-terre-cuite-cvcl4-15x15\/#primaryimage","url":"https:\/\/homeproject.fr\/fr\/wp-content\/uploads\/2025\/03\/Claustra-mural-en-gres-aspect-terre-cuite-naturelle-carree-CVCL4.jpg","contentUrl":"https:\/\/homeproject.fr\/fr\/wp-content\/uploads\/2025\/03\/Claustra-mural-en-gres-aspect-terre-cuite-naturelle-carree-CVCL4.jpg","width":1500,"height":1500},{"@type":"BreadcrumbList","@id":"https:\/\/homeproject.fr\/fr\/produit\/claustra-carre-en-gres-extrude-effet-terre-cuite-cvcl4-15x15\/#breadcrumb","itemListElement":[{"@type":"ListItem","position":1,"name":"Accueil","item":"https:\/\/homeproject.fr\/fr\/"},{"@type":"ListItem","position":2,"name":"Boutique","item":"https:\/\/homeproject.fr\/fr\/boutique\/"},{"@type":"ListItem","position":3,"name":"Claustra carr\u00e9 en gr\u00e8s extrud\u00e9 effet Terre Cuite CVCL4 15&#215;15"}]},{"@type":"WebSite","@id":"https:\/\/homeproject.fr\/fr\/#website","url":"https:\/\/homeproject.fr\/fr\/","name":"Homeproject.fr","description":"Offrez l&#039;exceptionnel \u00e0 vos espaces \u00e0 vivre","publisher":{"@id":"https:\/\/homeproject.fr\/fr\/#organization"},"potentialAction":[{"@type":"SearchAction","target":{"@type":"EntryPoint","urlTemplate":"https:\/\/homeproject.fr\/fr\/?s={search_term_string}"},"query-input":{"@type":"PropertyValueSpecification","valueRequired":true,"valueName":"search_term_string"}}],"inLanguage":"fr-FR"},{"@type":"Organization","@id":"https:\/\/homeproject.fr\/fr\/#organization","name":"Homeproject.fr","url":"https:\/\/homeproject.fr\/fr\/","logo":{"@type":"ImageObject","inLanguage":"fr-FR","@id":"https:\/\/homeproject.fr\/fr\/#\/schema\/logo\/image\/","url":"https:\/\/homeproject.fr\/fr\/wp-content\/uploads\/2024\/12\/Logo_HomeProject-noir-2.png","contentUrl":"https:\/\/homeproject.fr\/fr\/wp-content\/uploads\/2024\/12\/Logo_HomeProject-noir-2.png","width":300,"height":91,"caption":"Homeproject.fr"},"image":{"@id":"https:\/\/homeproject.fr\/fr\/#\/schema\/logo\/image\/"}}]}},"_links":{"self":[{"href":"https:\/\/homeproject.fr\/fr\/wp-json\/wp\/v2\/product\/13077","targetHints":{"allow":["GET"]}}],"collection":[{"href":"https:\/\/homeproject.fr\/fr\/wp-json\/wp\/v2\/product"}],"about":[{"href":"https:\/\/homeproject.fr\/fr\/wp-json\/wp\/v2\/types\/product"}],"version-history":[{"count":1,"href":"https:\/\/homeproject.fr\/fr\/wp-json\/wp\/v2\/product\/13077\/revisions"}],"predecessor-version":[{"id":13081,"href":"https:\/\/homeproject.fr\/fr\/wp-json\/wp\/v2\/product\/13077\/revisions\/13081"}],"wp:featuredmedia":[{"embeddable":true,"href":"https:\/\/homeproject.fr\/fr\/wp-json\/wp\/v2\/media\/13079"}],"wp:attachment":[{"href":"https:\/\/homeproject.fr\/fr\/wp-json\/wp\/v2\/media?parent=13077"}],"wp:term":[{"taxonomy":"product_brand","embeddable":true,"href":"https:\/\/homeproject.fr\/fr\/wp-json\/wp\/v2\/product_brand?post=13077"},{"taxonomy":"product_cat","embeddable":true,"href":"https:\/\/homeproject.fr\/fr\/wp-json\/wp\/v2\/product_cat?post=13077"},{"taxonomy":"product_tag","embeddable":true,"href":"https:\/\/homeproject.fr\/fr\/wp-json\/wp\/v2\/product_tag?post=13077"}],"curies":[{"name":"wp","href":"https:\/\/api.w.org\/{rel}","templated":true}]}}