{"id":13059,"date":"2025-03-22T09:47:55","date_gmt":"2025-03-22T09:47:55","guid":{"rendered":"https:\/\/homeproject.fr\/fr\/?post_type=product&#038;p=13059"},"modified":"2025-03-22T10:28:44","modified_gmt":"2025-03-22T10:28:44","slug":"claustra-rustique-croix-en-terre-cuite-cvcl2-15x15","status":"publish","type":"product","link":"https:\/\/homeproject.fr\/fr\/produit\/claustra-rustique-croix-en-terre-cuite-cvcl2-15x15\/","title":{"rendered":"Claustra rustique croix en gr\u00e8s extrud\u00e9 effet Terre Cuite CVCL2 15&#215;15"},"content":{"rendered":"<h4 class=\"\" data-start=\"894\" data-end=\"928\">Caract\u00e9ristiques techniques :<\/h4>\n<ul data-start=\"929\" data-end=\"1253\">\n<li class=\"\" data-start=\"929\" data-end=\"957\">\n<p class=\"\" data-start=\"931\" data-end=\"957\"><strong data-start=\"931\" data-end=\"938\">Nom<\/strong> : Claustra CVCL2<\/p>\n<\/li>\n<li class=\"\" data-start=\"1009\" data-end=\"1045\">\n<p class=\"\" data-start=\"1011\" data-end=\"1045\"><strong data-start=\"1011\" data-end=\"1025\">Dimensions<\/strong> : 15 \u00d7 15 \u00d7 10 cm<\/p>\n<\/li>\n<\/ul>\n<p><img fetchpriority=\"high\" decoding=\"async\" class=\"alignnone size-full wp-image-13060\" src=\"https:\/\/homeproject.fr\/fr\/wp-content\/uploads\/2025\/03\/CVCL2-schema.jpg\" alt=\"\" width=\"355\" height=\"185\" srcset=\"https:\/\/homeproject.fr\/fr\/wp-content\/uploads\/2025\/03\/CVCL2-schema.jpg 355w, https:\/\/homeproject.fr\/fr\/wp-content\/uploads\/2025\/03\/CVCL2-schema-300x156.jpg 300w, https:\/\/homeproject.fr\/fr\/wp-content\/uploads\/2025\/03\/CVCL2-schema-18x9.jpg 18w\" sizes=\"(max-width: 355px) 100vw, 355px\" \/><\/p>\n<ul data-start=\"929\" data-end=\"1253\">\n<li class=\"\" data-start=\"1046\" data-end=\"1085\">\n<p class=\"\" data-start=\"1048\" data-end=\"1085\"><strong data-start=\"1048\" data-end=\"1066\">Poids unitaire<\/strong> : environ 1,2 kg<\/p>\n<\/li>\n<li data-start=\"1046\" data-end=\"1085\"><strong>Mat\u00e9riau<\/strong> : gr\u00e8s extrud\u00e9 \u00e9maill\u00e9 \u00e0 faible absorption d\u2019eau<\/li>\n<li class=\"\" data-start=\"1086\" data-end=\"1159\">\n<p class=\"\" data-start=\"1088\" data-end=\"1159\"><strong data-start=\"1088\" data-end=\"1097\">Usage<\/strong> : Int\u00e9rieur et ext\u00e9rieur (hors zones tr\u00e8s humides ou soumises \u00e0 des conditions extr\u00eames)<\/p>\n<\/li>\n<li class=\"\" data-start=\"1160\" data-end=\"1253\">\n<p class=\"\" data-start=\"1162\" data-end=\"1253\"><strong data-start=\"1162\" data-end=\"1170\">Pose<\/strong> : \u00c0 sceller ou fixer \u2013 \u00e0 pr\u00e9voir \u00e0 la r\u00e9ception (variations de 2 \u00e0 4 mm possibles)<\/p>\n<\/li>\n<\/ul>\n<hr class=\"\" data-start=\"1255\" data-end=\"1258\" \/>\n<h4 class=\"\" data-start=\"1260\" data-end=\"1282\">Recommandations :<\/h4>\n<p class=\"\" data-start=\"1283\" data-end=\"1483\">\u26a0\ufe0f \u00c9vitez tout montage pr\u00e9alable avant la r\u00e9ception des pi\u00e8ces. Les l\u00e9g\u00e8res variations de dimension (2-4 mm) et les <strong data-start=\"1399\" data-end=\"1427\">imperfections naturelles<\/strong> sont normales et ne constituent en aucun cas un d\u00e9faut.<\/p>\n<hr class=\"\" data-start=\"1485\" data-end=\"1488\" \/>\n<h3 class=\"\" data-start=\"1490\" data-end=\"1524\">Pourquoi choisir ce claustra ?<\/h3>\n<ul data-start=\"1525\" data-end=\"1888\">\n<li class=\"\" data-start=\"1525\" data-end=\"1576\">\n<p class=\"\" data-start=\"1527\" data-end=\"1576\">\u2714 <strong data-start=\"1529\" data-end=\"1555\">Fabrication artisanale<\/strong> pour un rendu unique<\/p>\n<\/li>\n<li class=\"\" data-start=\"1577\" data-end=\"1640\">\n<p class=\"\" data-start=\"1579\" data-end=\"1640\">\u2714 <strong data-start=\"1581\" data-end=\"1602\">Structure ajour\u00e9e<\/strong> laissant circuler la lumi\u00e8re et l\u2019air<\/p>\n<\/li>\n<li class=\"\" data-start=\"1641\" data-end=\"1715\">\n<p class=\"\" data-start=\"1643\" data-end=\"1715\">\u2714 <strong data-start=\"1645\" data-end=\"1658\">Modulable<\/strong> pour cr\u00e9er des parois, brise-vues ou \u00e9l\u00e9ments d\u00e9coratifs<\/p>\n<\/li>\n<li class=\"\" data-start=\"1716\" data-end=\"1791\">\n<p class=\"\" data-start=\"1718\" data-end=\"1791\">\u2714 <strong data-start=\"1720\" data-end=\"1748\">Esth\u00e9tique et chaleureux<\/strong> gr\u00e2ce \u00e0 la couleur douce de la terre cuite<\/p>\n<\/li>\n<li class=\"\" data-start=\"1792\" data-end=\"1888\">\n<p class=\"\" data-start=\"1794\" data-end=\"1888\">\u2714 Id\u00e9al pour un <strong data-start=\"1810\" data-end=\"1888\">restaurant, une terrasse, une entr\u00e9e, un jardin d\u2019hiver ou un salon design<\/strong><\/p>\n<\/li>\n<\/ul>\n<hr class=\"\" data-start=\"1890\" data-end=\"1893\" \/>\n<h3 class=\"\" data-start=\"1895\" data-end=\"1921\">Inspirez vos projets :<\/h3>\n<p class=\"\" data-start=\"1922\" data-end=\"2201\">Utilisez le <strong data-start=\"1934\" data-end=\"1952\">claustra CVCL2<\/strong>\u00a0pour cr\u00e9er un <strong data-start=\"1967\" data-end=\"1981\">mur ajour\u00e9<\/strong> dans un espace repas, s\u00e9parer une pi\u00e8ce sans cloisonner, ou habiller un mur avec \u00e9l\u00e9gance et naturel. Sa <strong data-start=\"2087\" data-end=\"2101\">modularit\u00e9<\/strong> vous permet de concevoir des compositions graphiques, en jouant sur les ombres et les perspectives.<\/p>\n<hr class=\"\" data-start=\"2203\" data-end=\"2206\" \/>\n<p class=\"\" data-start=\"2208\" data-end=\"2364\"><strong data-start=\"2208\" data-end=\"2275\">\u27a1 Disponible sur commande \u2013 Livraison rapide partout en France.<\/strong><br data-start=\"2275\" data-end=\"2278\" \/><strong data-start=\"2278\" data-end=\"2364\">\ud83d\udcac Besoin d\u2019un devis ou d\u2019un conseil projet ? Contactez notre \u00e9quipe HomeProject.fr<\/strong><\/p>\n<p><strong style=\"font-family: inherit; font-size: 30px;\">Vous avez des questions ?<\/strong><\/p>\n<style id=\"wpforms-css-vars-3675\">\n\t\t\t\t#wpforms-3675 {\n\t\t\t\t\n\t\t\t}\n\t\t\t<\/style><div class=\"wpforms-container wpforms-container-full wpforms-render-modern\" id=\"wpforms-3675\"><form id=\"wpforms-form-3675\" class=\"wpforms-validate wpforms-form wpforms-ajax-form\" data-formid=\"3675\" method=\"post\" enctype=\"multipart\/form-data\" action=\"\/fr\/wp-json\/wp\/v2\/product\/13059\" data-token=\"40ada6e9151c970e4278e2da3e5409c5\" data-token-time=\"1777922318\"><noscript class=\"wpforms-error-noscript\">Veuillez activer JavaScript dans votre navigateur pour remplir ce formulaire.<\/noscript><div id=\"wpforms-error-noscript\" style=\"display: none;\">Veuillez activer JavaScript dans votre navigateur pour remplir ce formulaire.<\/div><div class=\"wpforms-field-container\"><div id=\"wpforms-3675-field_3-container\" class=\"wpforms-field wpforms-field-name\" data-field-id=\"3\"><fieldset><legend class=\"wpforms-field-label\">Nom <span class=\"wpforms-required-label\" aria-hidden=\"true\">*<\/span><\/legend><div class=\"wpforms-field-row wpforms-field-medium\"><div class=\"wpforms-field-row-block wpforms-first wpforms-one-half\"><input type=\"text\" id=\"wpforms-3675-field_3\" class=\"wpforms-field-name-first wpforms-field-required\" name=\"wpforms[fields][3][first]\" aria-errormessage=\"wpforms-3675-field_3-error\" required><label for=\"wpforms-3675-field_3\" class=\"wpforms-field-sublabel after\">Pr\u00e9nom<\/label><\/div><div class=\"wpforms-field-row-block wpforms-one-half\"><input type=\"text\" id=\"wpforms-3675-field_3-last\" class=\"wpforms-field-name-last wpforms-field-required\" name=\"wpforms[fields][3][last]\" aria-errormessage=\"wpforms-3675-field_3-last-error\" required><label for=\"wpforms-3675-field_3-last\" class=\"wpforms-field-sublabel after\">Nom<\/label><\/div><\/div><\/fieldset><\/div>\t\t<div id=\"wpforms-3675-field_1-container\"\n\t\t\tclass=\"wpforms-field wpforms-field-text\"\n\t\t\tdata-field-type=\"text\"\n\t\t\tdata-field-id=\"1\"\n\t\t\t>\n\t\t\t<label class=\"wpforms-field-label\" for=\"wpforms-3675-field_1\" >Nom E-mail Message<\/label>\n\t\t\t<input type=\"text\" id=\"wpforms-3675-field_1\" class=\"wpforms-field-medium\" name=\"wpforms[fields][1]\" >\n\t\t<\/div>\n\t\t<div id=\"wpforms-3675-field_4-container\" class=\"wpforms-field wpforms-field-email\" data-field-id=\"4\"><label class=\"wpforms-field-label\" for=\"wpforms-3675-field_4\">E-mail <span class=\"wpforms-required-label\" aria-hidden=\"true\">*<\/span><\/label><input type=\"email\" id=\"wpforms-3675-field_4\" class=\"wpforms-field-medium wpforms-field-required\" name=\"wpforms[fields][4]\" spellcheck=\"false\" aria-errormessage=\"wpforms-3675-field_4-error\" required><\/div><div id=\"wpforms-3675-field_5-container\" class=\"wpforms-field wpforms-field-textarea\" data-field-id=\"5\"><label class=\"wpforms-field-label\" for=\"wpforms-3675-field_5\">Message <span class=\"wpforms-required-label\" aria-hidden=\"true\">*<\/span><\/label><textarea id=\"wpforms-3675-field_5\" class=\"wpforms-field-medium wpforms-field-required\" name=\"wpforms[fields][5]\" aria-errormessage=\"wpforms-3675-field_5-error\" required><\/textarea><\/div><script>\n\t\t\t\t( function() {\n\t\t\t\t\tconst style = document.createElement( 'style' );\n\t\t\t\t\tstyle.appendChild( document.createTextNode( '#wpforms-3675-field_1-container { position: absolute !important; overflow: hidden !important; display: inline !important; height: 1px !important; width: 1px !important; z-index: -1000 !important; padding: 0 !important; } #wpforms-3675-field_1-container input { visibility: hidden; } #wpforms-conversational-form-page #wpforms-3675-field_1-container label { counter-increment: none; }' ) );\n\t\t\t\t\tdocument.head.appendChild( style );\n\t\t\t\t\tdocument.currentScript?.remove();\n\t\t\t\t} )();\n\t\t\t<\/script><\/div><!-- .wpforms-field-container --><div class=\"wpforms-submit-container\" ><input type=\"hidden\" name=\"wpforms[id]\" value=\"3675\"><input type=\"hidden\" name=\"page_title\" value=\"\"><input type=\"hidden\" name=\"page_url\" value=\"https:\/\/homeproject.fr\/fr\/wp-json\/wp\/v2\/product\/13059\"><input type=\"hidden\" name=\"url_referer\" value=\"\"><button type=\"submit\" name=\"wpforms[submit]\" id=\"wpforms-submit-3675\" class=\"wpforms-submit\" data-alt-text=\"Envoi...\" data-submit-text=\"Envoyer\" aria-live=\"assertive\" value=\"wpforms-submit\">Envoyer<\/button><img decoding=\"async\" src=\"https:\/\/homeproject.fr\/fr\/wp-content\/plugins\/wpforms-lite\/assets\/images\/submit-spin.svg\" class=\"wpforms-submit-spinner\" style=\"display: none;\" width=\"26\" height=\"26\" alt=\"Chargement en cours\"><\/div><\/form><\/div>  <!-- .wpforms-container -->\n","protected":false},"excerpt":{"rendered":"<p class=\"\" data-start=\"239\" data-end=\"552\">Apportez authenticit\u00e9 et caract\u00e8re \u00e0 vos projets d\u2019am\u00e9nagement int\u00e9rieur ou ext\u00e9rieur avec le claustra <strong data-start=\"321\" data-end=\"330\">CVCL2<\/strong> en gr\u00e8s effet terre cuite naturelle. Con\u00e7u artisanalement, ce module d\u00e9coratif de 15 x 15 cm s\u00e9duit par sa forme carr\u00e9e ajour\u00e9e en croix, id\u00e9ale pour structurer les espaces tout en laissant filtrer la lumi\u00e8re et la ventilation.<\/p>\n<p class=\"\" data-start=\"549\" data-end=\"573\"><strong data-start=\"549\" data-end=\"573\">Parfait pour cr\u00e9er :<\/strong><\/p>\n<ul data-start=\"574\" data-end=\"744\">\n<li class=\"\" data-start=\"574\" data-end=\"618\">\n<p class=\"\" data-start=\"576\" data-end=\"618\">Des cloisons d\u00e9coratives ou semi-ouvertes,<\/p>\n<\/li>\n<li class=\"\" data-start=\"619\" data-end=\"682\">\n<p class=\"\" data-start=\"621\" data-end=\"682\">Des s\u00e9parateurs de pi\u00e8ce ou brise-vues int\u00e9rieurs\/ext\u00e9rieurs,<\/p>\n<\/li>\n<li class=\"\" data-start=\"683\" data-end=\"744\">\n<p class=\"\" data-start=\"685\" data-end=\"744\">Des parements de bar, murets, terrasses, patios ou loggias.<\/p>\n<\/li>\n<\/ul>\n","protected":false},"featured_media":13061,"template":"","meta":{"_uf_show_specific_survey":0,"_uf_disable_surveys":false,"iawp_total_views":144},"product_brand":[],"product_cat":[20,194],"product_tag":[],"class_list":{"0":"post-13059","1":"product","2":"type-product","3":"status-publish","4":"has-post-thumbnail","6":"product_cat-carrelage","7":"product_cat-claustras","8":"product_shipping_class-carrelage","9":"pa_dimensions-nominales-15x15","10":"pa_effet-claustra","11":"pa_epaisseur-100mm","13":"first","14":"instock","15":"taxable","16":"shipping-taxable","17":"purchasable","18":"product-type-simple"},"yoast_head":"<!-- This site is optimized with the Yoast SEO plugin v27.5 - https:\/\/yoast.com\/product\/yoast-seo-wordpress\/ -->\n<title>Claustra rustique croix en gr\u00e8s extrud\u00e9 effet Terre Cuite CVCL2 15x15 - Homeproject.fr<\/title>\n<meta name=\"robots\" content=\"index, follow, max-snippet:-1, max-image-preview:large, max-video-preview:-1\" \/>\n<link rel=\"canonical\" href=\"https:\/\/homeproject.fr\/fr\/produit\/claustra-rustique-croix-en-terre-cuite-cvcl2-15x15\/\" \/>\n<meta property=\"og:locale\" content=\"fr_FR\" \/>\n<meta property=\"og:type\" content=\"article\" \/>\n<meta property=\"og:title\" content=\"Claustra rustique croix en gr\u00e8s extrud\u00e9 effet Terre Cuite CVCL2 15x15 - Homeproject.fr\" \/>\n<meta property=\"og:description\" content=\"Apportez authenticit\u00e9 et caract\u00e8re \u00e0 vos projets d\u2019am\u00e9nagement int\u00e9rieur ou ext\u00e9rieur avec le claustra CVCL2 en gr\u00e8s effet terre cuite naturelle. Con\u00e7u artisanalement, ce module d\u00e9coratif de 15 x 15 cm s\u00e9duit par sa forme carr\u00e9e ajour\u00e9e en croix, id\u00e9ale pour structurer les espaces tout en laissant filtrer la lumi\u00e8re et la ventilation. Parfait pour cr\u00e9er :     Des cloisons d\u00e9coratives ou semi-ouvertes,    Des s\u00e9parateurs de pi\u00e8ce ou brise-vues int\u00e9rieurs\/ext\u00e9rieurs,    Des parements de bar, murets, terrasses, patios ou loggias.\" \/>\n<meta property=\"og:url\" content=\"https:\/\/homeproject.fr\/fr\/produit\/claustra-rustique-croix-en-terre-cuite-cvcl2-15x15\/\" \/>\n<meta property=\"og:site_name\" content=\"Homeproject.fr\" \/>\n<meta property=\"article:modified_time\" content=\"2025-03-22T10:28:44+00:00\" \/>\n<meta property=\"og:image\" content=\"https:\/\/homeproject.fr\/fr\/wp-content\/uploads\/2025\/03\/Claustra-mural-en-terre-cuite-naturelle-carree-CVCL2.jpg\" \/>\n\t<meta property=\"og:image:width\" content=\"1500\" \/>\n\t<meta property=\"og:image:height\" content=\"1500\" \/>\n\t<meta property=\"og:image:type\" content=\"image\/jpeg\" \/>\n<meta name=\"twitter:card\" content=\"summary_large_image\" \/>\n<meta name=\"twitter:label1\" content=\"Dur\u00e9e de lecture estim\u00e9e\" \/>\n\t<meta name=\"twitter:data1\" content=\"2 minutes\" \/>\n<script type=\"application\/ld+json\" class=\"yoast-schema-graph\">{\"@context\":\"https:\\\/\\\/schema.org\",\"@graph\":[{\"@type\":\"WebPage\",\"@id\":\"https:\\\/\\\/homeproject.fr\\\/fr\\\/produit\\\/claustra-rustique-croix-en-terre-cuite-cvcl2-15x15\\\/\",\"url\":\"https:\\\/\\\/homeproject.fr\\\/fr\\\/produit\\\/claustra-rustique-croix-en-terre-cuite-cvcl2-15x15\\\/\",\"name\":\"Claustra rustique croix en gr\u00e8s extrud\u00e9 effet Terre Cuite CVCL2 15x15 - Homeproject.fr\",\"isPartOf\":{\"@id\":\"https:\\\/\\\/homeproject.fr\\\/fr\\\/#website\"},\"primaryImageOfPage\":{\"@id\":\"https:\\\/\\\/homeproject.fr\\\/fr\\\/produit\\\/claustra-rustique-croix-en-terre-cuite-cvcl2-15x15\\\/#primaryimage\"},\"image\":{\"@id\":\"https:\\\/\\\/homeproject.fr\\\/fr\\\/produit\\\/claustra-rustique-croix-en-terre-cuite-cvcl2-15x15\\\/#primaryimage\"},\"thumbnailUrl\":\"https:\\\/\\\/homeproject.fr\\\/fr\\\/wp-content\\\/uploads\\\/2025\\\/03\\\/Claustra-mural-en-terre-cuite-naturelle-carree-CVCL2.jpg\",\"datePublished\":\"2025-03-22T09:47:55+00:00\",\"dateModified\":\"2025-03-22T10:28:44+00:00\",\"breadcrumb\":{\"@id\":\"https:\\\/\\\/homeproject.fr\\\/fr\\\/produit\\\/claustra-rustique-croix-en-terre-cuite-cvcl2-15x15\\\/#breadcrumb\"},\"inLanguage\":\"fr-FR\",\"potentialAction\":[{\"@type\":\"ReadAction\",\"target\":[\"https:\\\/\\\/homeproject.fr\\\/fr\\\/produit\\\/claustra-rustique-croix-en-terre-cuite-cvcl2-15x15\\\/\"]}]},{\"@type\":\"ImageObject\",\"inLanguage\":\"fr-FR\",\"@id\":\"https:\\\/\\\/homeproject.fr\\\/fr\\\/produit\\\/claustra-rustique-croix-en-terre-cuite-cvcl2-15x15\\\/#primaryimage\",\"url\":\"https:\\\/\\\/homeproject.fr\\\/fr\\\/wp-content\\\/uploads\\\/2025\\\/03\\\/Claustra-mural-en-terre-cuite-naturelle-carree-CVCL2.jpg\",\"contentUrl\":\"https:\\\/\\\/homeproject.fr\\\/fr\\\/wp-content\\\/uploads\\\/2025\\\/03\\\/Claustra-mural-en-terre-cuite-naturelle-carree-CVCL2.jpg\",\"width\":1500,\"height\":1500},{\"@type\":\"BreadcrumbList\",\"@id\":\"https:\\\/\\\/homeproject.fr\\\/fr\\\/produit\\\/claustra-rustique-croix-en-terre-cuite-cvcl2-15x15\\\/#breadcrumb\",\"itemListElement\":[{\"@type\":\"ListItem\",\"position\":1,\"name\":\"Accueil\",\"item\":\"https:\\\/\\\/homeproject.fr\\\/fr\\\/\"},{\"@type\":\"ListItem\",\"position\":2,\"name\":\"Boutique\",\"item\":\"https:\\\/\\\/homeproject.fr\\\/fr\\\/boutique\\\/\"},{\"@type\":\"ListItem\",\"position\":3,\"name\":\"Claustra rustique croix en gr\u00e8s extrud\u00e9 effet Terre Cuite CVCL2 15&#215;15\"}]},{\"@type\":\"WebSite\",\"@id\":\"https:\\\/\\\/homeproject.fr\\\/fr\\\/#website\",\"url\":\"https:\\\/\\\/homeproject.fr\\\/fr\\\/\",\"name\":\"Homeproject.fr\",\"description\":\"Offrez l&#039;exceptionnel \u00e0 vos espaces \u00e0 vivre\",\"publisher\":{\"@id\":\"https:\\\/\\\/homeproject.fr\\\/fr\\\/#organization\"},\"potentialAction\":[{\"@type\":\"SearchAction\",\"target\":{\"@type\":\"EntryPoint\",\"urlTemplate\":\"https:\\\/\\\/homeproject.fr\\\/fr\\\/?s={search_term_string}\"},\"query-input\":{\"@type\":\"PropertyValueSpecification\",\"valueRequired\":true,\"valueName\":\"search_term_string\"}}],\"inLanguage\":\"fr-FR\"},{\"@type\":\"Organization\",\"@id\":\"https:\\\/\\\/homeproject.fr\\\/fr\\\/#organization\",\"name\":\"Homeproject.fr\",\"url\":\"https:\\\/\\\/homeproject.fr\\\/fr\\\/\",\"logo\":{\"@type\":\"ImageObject\",\"inLanguage\":\"fr-FR\",\"@id\":\"https:\\\/\\\/homeproject.fr\\\/fr\\\/#\\\/schema\\\/logo\\\/image\\\/\",\"url\":\"https:\\\/\\\/homeproject.fr\\\/fr\\\/wp-content\\\/uploads\\\/2024\\\/12\\\/Logo_HomeProject-noir-2.png\",\"contentUrl\":\"https:\\\/\\\/homeproject.fr\\\/fr\\\/wp-content\\\/uploads\\\/2024\\\/12\\\/Logo_HomeProject-noir-2.png\",\"width\":300,\"height\":91,\"caption\":\"Homeproject.fr\"},\"image\":{\"@id\":\"https:\\\/\\\/homeproject.fr\\\/fr\\\/#\\\/schema\\\/logo\\\/image\\\/\"}}]}<\/script>\n<!-- \/ Yoast SEO plugin. -->","yoast_head_json":{"title":"Claustra rustique croix en gr\u00e8s extrud\u00e9 effet Terre Cuite CVCL2 15x15 - Homeproject.fr","robots":{"index":"index","follow":"follow","max-snippet":"max-snippet:-1","max-image-preview":"max-image-preview:large","max-video-preview":"max-video-preview:-1"},"canonical":"https:\/\/homeproject.fr\/fr\/produit\/claustra-rustique-croix-en-terre-cuite-cvcl2-15x15\/","og_locale":"fr_FR","og_type":"article","og_title":"Claustra rustique croix en gr\u00e8s extrud\u00e9 effet Terre Cuite CVCL2 15x15 - Homeproject.fr","og_description":"Apportez authenticit\u00e9 et caract\u00e8re \u00e0 vos projets d\u2019am\u00e9nagement int\u00e9rieur ou ext\u00e9rieur avec le claustra CVCL2 en gr\u00e8s effet terre cuite naturelle. Con\u00e7u artisanalement, ce module d\u00e9coratif de 15 x 15 cm s\u00e9duit par sa forme carr\u00e9e ajour\u00e9e en croix, id\u00e9ale pour structurer les espaces tout en laissant filtrer la lumi\u00e8re et la ventilation. Parfait pour cr\u00e9er :     Des cloisons d\u00e9coratives ou semi-ouvertes,    Des s\u00e9parateurs de pi\u00e8ce ou brise-vues int\u00e9rieurs\/ext\u00e9rieurs,    Des parements de bar, murets, terrasses, patios ou loggias.","og_url":"https:\/\/homeproject.fr\/fr\/produit\/claustra-rustique-croix-en-terre-cuite-cvcl2-15x15\/","og_site_name":"Homeproject.fr","article_modified_time":"2025-03-22T10:28:44+00:00","og_image":[{"width":1500,"height":1500,"url":"https:\/\/homeproject.fr\/fr\/wp-content\/uploads\/2025\/03\/Claustra-mural-en-terre-cuite-naturelle-carree-CVCL2.jpg","type":"image\/jpeg"}],"twitter_card":"summary_large_image","twitter_misc":{"Dur\u00e9e de lecture estim\u00e9e":"2 minutes"},"schema":{"@context":"https:\/\/schema.org","@graph":[{"@type":"WebPage","@id":"https:\/\/homeproject.fr\/fr\/produit\/claustra-rustique-croix-en-terre-cuite-cvcl2-15x15\/","url":"https:\/\/homeproject.fr\/fr\/produit\/claustra-rustique-croix-en-terre-cuite-cvcl2-15x15\/","name":"Claustra rustique croix en gr\u00e8s extrud\u00e9 effet Terre Cuite CVCL2 15x15 - Homeproject.fr","isPartOf":{"@id":"https:\/\/homeproject.fr\/fr\/#website"},"primaryImageOfPage":{"@id":"https:\/\/homeproject.fr\/fr\/produit\/claustra-rustique-croix-en-terre-cuite-cvcl2-15x15\/#primaryimage"},"image":{"@id":"https:\/\/homeproject.fr\/fr\/produit\/claustra-rustique-croix-en-terre-cuite-cvcl2-15x15\/#primaryimage"},"thumbnailUrl":"https:\/\/homeproject.fr\/fr\/wp-content\/uploads\/2025\/03\/Claustra-mural-en-terre-cuite-naturelle-carree-CVCL2.jpg","datePublished":"2025-03-22T09:47:55+00:00","dateModified":"2025-03-22T10:28:44+00:00","breadcrumb":{"@id":"https:\/\/homeproject.fr\/fr\/produit\/claustra-rustique-croix-en-terre-cuite-cvcl2-15x15\/#breadcrumb"},"inLanguage":"fr-FR","potentialAction":[{"@type":"ReadAction","target":["https:\/\/homeproject.fr\/fr\/produit\/claustra-rustique-croix-en-terre-cuite-cvcl2-15x15\/"]}]},{"@type":"ImageObject","inLanguage":"fr-FR","@id":"https:\/\/homeproject.fr\/fr\/produit\/claustra-rustique-croix-en-terre-cuite-cvcl2-15x15\/#primaryimage","url":"https:\/\/homeproject.fr\/fr\/wp-content\/uploads\/2025\/03\/Claustra-mural-en-terre-cuite-naturelle-carree-CVCL2.jpg","contentUrl":"https:\/\/homeproject.fr\/fr\/wp-content\/uploads\/2025\/03\/Claustra-mural-en-terre-cuite-naturelle-carree-CVCL2.jpg","width":1500,"height":1500},{"@type":"BreadcrumbList","@id":"https:\/\/homeproject.fr\/fr\/produit\/claustra-rustique-croix-en-terre-cuite-cvcl2-15x15\/#breadcrumb","itemListElement":[{"@type":"ListItem","position":1,"name":"Accueil","item":"https:\/\/homeproject.fr\/fr\/"},{"@type":"ListItem","position":2,"name":"Boutique","item":"https:\/\/homeproject.fr\/fr\/boutique\/"},{"@type":"ListItem","position":3,"name":"Claustra rustique croix en gr\u00e8s extrud\u00e9 effet Terre Cuite CVCL2 15&#215;15"}]},{"@type":"WebSite","@id":"https:\/\/homeproject.fr\/fr\/#website","url":"https:\/\/homeproject.fr\/fr\/","name":"Homeproject.fr","description":"Offrez l&#039;exceptionnel \u00e0 vos espaces \u00e0 vivre","publisher":{"@id":"https:\/\/homeproject.fr\/fr\/#organization"},"potentialAction":[{"@type":"SearchAction","target":{"@type":"EntryPoint","urlTemplate":"https:\/\/homeproject.fr\/fr\/?s={search_term_string}"},"query-input":{"@type":"PropertyValueSpecification","valueRequired":true,"valueName":"search_term_string"}}],"inLanguage":"fr-FR"},{"@type":"Organization","@id":"https:\/\/homeproject.fr\/fr\/#organization","name":"Homeproject.fr","url":"https:\/\/homeproject.fr\/fr\/","logo":{"@type":"ImageObject","inLanguage":"fr-FR","@id":"https:\/\/homeproject.fr\/fr\/#\/schema\/logo\/image\/","url":"https:\/\/homeproject.fr\/fr\/wp-content\/uploads\/2024\/12\/Logo_HomeProject-noir-2.png","contentUrl":"https:\/\/homeproject.fr\/fr\/wp-content\/uploads\/2024\/12\/Logo_HomeProject-noir-2.png","width":300,"height":91,"caption":"Homeproject.fr"},"image":{"@id":"https:\/\/homeproject.fr\/fr\/#\/schema\/logo\/image\/"}}]}},"_links":{"self":[{"href":"https:\/\/homeproject.fr\/fr\/wp-json\/wp\/v2\/product\/13059","targetHints":{"allow":["GET"]}}],"collection":[{"href":"https:\/\/homeproject.fr\/fr\/wp-json\/wp\/v2\/product"}],"about":[{"href":"https:\/\/homeproject.fr\/fr\/wp-json\/wp\/v2\/types\/product"}],"version-history":[{"count":3,"href":"https:\/\/homeproject.fr\/fr\/wp-json\/wp\/v2\/product\/13059\/revisions"}],"predecessor-version":[{"id":13074,"href":"https:\/\/homeproject.fr\/fr\/wp-json\/wp\/v2\/product\/13059\/revisions\/13074"}],"wp:featuredmedia":[{"embeddable":true,"href":"https:\/\/homeproject.fr\/fr\/wp-json\/wp\/v2\/media\/13061"}],"wp:attachment":[{"href":"https:\/\/homeproject.fr\/fr\/wp-json\/wp\/v2\/media?parent=13059"}],"wp:term":[{"taxonomy":"product_brand","embeddable":true,"href":"https:\/\/homeproject.fr\/fr\/wp-json\/wp\/v2\/product_brand?post=13059"},{"taxonomy":"product_cat","embeddable":true,"href":"https:\/\/homeproject.fr\/fr\/wp-json\/wp\/v2\/product_cat?post=13059"},{"taxonomy":"product_tag","embeddable":true,"href":"https:\/\/homeproject.fr\/fr\/wp-json\/wp\/v2\/product_tag?post=13059"}],"curies":[{"name":"wp","href":"https:\/\/api.w.org\/{rel}","templated":true}]}}