{"id":12912,"date":"2025-03-21T14:28:46","date_gmt":"2025-03-21T14:28:46","guid":{"rendered":"https:\/\/homeproject.fr\/fr\/?post_type=product&#038;p=12912"},"modified":"2025-03-22T09:11:27","modified_gmt":"2025-03-22T09:11:27","slug":"bain-de-soleil-inclinable-et-empilable-en-technopolymere-et-toile-scbs1","status":"publish","type":"product","link":"https:\/\/homeproject.fr\/fr\/produit\/bain-de-soleil-inclinable-et-empilable-en-technopolymere-et-toile-scbs1\/","title":{"rendered":"Lot de 2 bains de soleil inclinables et empilables en technopolym\u00e8re et toile SCBS1"},"content":{"rendered":"<h2 data-start=\"592\" data-end=\"628\"><strong data-start=\"595\" data-end=\"626\">Caract\u00e9ristiques techniques<\/strong><\/h2>\n<p data-start=\"629\" data-end=\"1153\">\u2705 <strong data-start=\"631\" data-end=\"643\">Mat\u00e9riau<\/strong> : Technopolym\u00e8re inject\u00e9 avec fibre de verre<br data-start=\"688\" data-end=\"691\" \/>\u2705 <strong data-start=\"693\" data-end=\"707\">Dimensions<\/strong> : 195 x 70 x 43 cm<br data-start=\"726\" data-end=\"729\" \/>\u2705 <strong data-start=\"731\" data-end=\"740\">Poids<\/strong> : 15,2 kg<br data-start=\"750\" data-end=\"753\" \/>\u2705 <strong data-start=\"755\" data-end=\"777\">Dossier inclinable<\/strong> : 5 positions ajustables<br data-start=\"802\" data-end=\"805\" \/>\u2705 <strong data-start=\"807\" data-end=\"821\">Rev\u00eatement<\/strong> : Toile synth\u00e9tique respirante, r\u00e9versible et r\u00e9sistante aux UV<br data-start=\"885\" data-end=\"888\" \/>\u2705 <strong data-start=\"890\" data-end=\"903\">Entretien<\/strong> : Facile \u00e0 nettoyer avec de l\u2019eau et du savon<br data-start=\"949\" data-end=\"952\" \/>\u2705 <strong data-start=\"954\" data-end=\"977\">Coloris disponibles<\/strong> : Blanc, gris anthracite, taupe, bleu<br data-start=\"1015\" data-end=\"1018\" \/>\u2705 <strong data-start=\"1020\" data-end=\"1040\">Norme de qualit\u00e9<\/strong> : Conforme EN 581-2:2015 (mobilier ext\u00e9rieur)<br data-start=\"1086\" data-end=\"1089\" \/>\u2705 <strong data-start=\"1091\" data-end=\"1106\">Fabrication<\/strong> : Fabriqu\u00e9 en Italie<\/p>\n<h2 data-start=\"677\" data-end=\"713\"><strong style=\"font-family: inherit;\">Coloris :<\/strong><\/h2>\n<h3>Structure en technopolym\u00e8re :<\/h3>\n<p data-start=\"674\" data-end=\"1097\"><div class=\"su-custom-gallery su-custom-gallery-align-left su-custom-gallery-title-always su-lightbox-gallery\"><div class=\"su-custom-gallery-slide\" style=\"width:200px;height:200px\"><a href=\"https:\/\/homeproject.fr\/fr\/wp-content\/uploads\/2025\/03\/10-BLANC.jpg\" title=\"10 BLANC\"><img decoding=\"async\" src=\"https:\/\/homeproject.fr\/fr\/wp-content\/uploads\/2025\/03\/10-BLANC-200x200.jpg\" alt=\"10 BLANC\" width=\"200\" height=\"200\" \/><span class=\"su-custom-gallery-title\">10 BLANC<\/span><\/a><\/div><div class=\"su-custom-gallery-slide\" style=\"width:200px;height:200px\"><a href=\"https:\/\/homeproject.fr\/fr\/wp-content\/uploads\/2025\/03\/15-GRIS-DOVE.jpg\" title=\"15 GRIS DOVE\"><img decoding=\"async\" src=\"https:\/\/homeproject.fr\/fr\/wp-content\/uploads\/2025\/03\/15-GRIS-DOVE-200x200.jpg\" alt=\"15 GRIS DOVE\" width=\"200\" height=\"200\" \/><span class=\"su-custom-gallery-title\">15 GRIS DOVE<\/span><\/a><\/div><div class=\"su-custom-gallery-slide\" style=\"width:200px;height:200px\"><a href=\"https:\/\/homeproject.fr\/fr\/wp-content\/uploads\/2025\/03\/81-ANTHRACITE.jpg\" title=\"81 ANTHRACITE\"><img decoding=\"async\" src=\"https:\/\/homeproject.fr\/fr\/wp-content\/uploads\/2025\/03\/81-ANTHRACITE-200x200.jpg\" alt=\"81 ANTHRACITE\" width=\"200\" height=\"200\" \/><span class=\"su-custom-gallery-title\">81 ANTHRACITE<\/span><\/a><\/div><div class=\"su-clear\"><\/div><\/div>\n<h3>Tissu synth\u00e9tique :<\/h3>\n<div class=\"su-custom-gallery su-custom-gallery-align-left su-custom-gallery-title-always su-lightbox-gallery\"><div class=\"su-custom-gallery-slide\" style=\"width:200px;height:200px\"><a href=\"https:\/\/homeproject.fr\/fr\/wp-content\/uploads\/2025\/03\/T10.jpg\" title=\"T10\"><img loading=\"lazy\" decoding=\"async\" src=\"https:\/\/homeproject.fr\/fr\/wp-content\/uploads\/2025\/03\/T10-200x200.jpg\" alt=\"T10\" width=\"200\" height=\"200\" \/><span class=\"su-custom-gallery-title\">T10<\/span><\/a><\/div><div class=\"su-custom-gallery-slide\" style=\"width:200px;height:200px\"><a href=\"https:\/\/homeproject.fr\/fr\/wp-content\/uploads\/2025\/03\/T15.jpg\" title=\"T15\"><img loading=\"lazy\" decoding=\"async\" src=\"https:\/\/homeproject.fr\/fr\/wp-content\/uploads\/2025\/03\/T15-200x200.jpg\" alt=\"T15\" width=\"200\" height=\"200\" \/><span class=\"su-custom-gallery-title\">T15<\/span><\/a><\/div><div class=\"su-custom-gallery-slide\" style=\"width:200px;height:200px\"><a href=\"https:\/\/homeproject.fr\/fr\/wp-content\/uploads\/2025\/03\/T60.jpg\" title=\"T60\"><img loading=\"lazy\" decoding=\"async\" src=\"https:\/\/homeproject.fr\/fr\/wp-content\/uploads\/2025\/03\/T60-200x200.jpg\" alt=\"T60\" width=\"200\" height=\"200\" \/><span class=\"su-custom-gallery-title\">T60<\/span><\/a><\/div><div class=\"su-custom-gallery-slide\" style=\"width:200px;height:200px\"><a href=\"https:\/\/homeproject.fr\/fr\/wp-content\/uploads\/2025\/03\/T81.jpg\" title=\"T81\"><img loading=\"lazy\" decoding=\"async\" src=\"https:\/\/homeproject.fr\/fr\/wp-content\/uploads\/2025\/03\/T81-200x200.jpg\" alt=\"T81\" width=\"200\" height=\"200\" \/><span class=\"su-custom-gallery-title\">T81<\/span><\/a><\/div><div class=\"su-clear\"><\/div><\/div>\n<h2 data-start=\"1155\" data-end=\"1206\"><strong data-start=\"1158\" data-end=\"1204\">Pourquoi choisir le bain de soleil SCBS1 ?<\/strong><\/h2>\n<p data-start=\"1207\" data-end=\"1732\">\u2714 <strong data-start=\"1209\" data-end=\"1236\">Robustesse et long\u00e9vit\u00e9<\/strong> : Mat\u00e9riaux de haute qualit\u00e9 r\u00e9sistants aux conditions ext\u00e9rieures.<br data-start=\"1304\" data-end=\"1307\" \/>\u2714 <strong data-start=\"1309\" data-end=\"1328\">Confort premium<\/strong> : Son dossier inclinable en 5 positions vous permet de vous d\u00e9tendre dans la posture id\u00e9ale.<br data-start=\"1421\" data-end=\"1424\" \/>\u2714 <strong data-start=\"1426\" data-end=\"1446\">Entretien facile<\/strong> : Toile thermosoud\u00e9e, lavable \u00e0 l\u2019eau et au savon, anti-d\u00e9formation et hydrofuge.<br data-start=\"1528\" data-end=\"1531\" \/>\u2714 <strong data-start=\"1533\" data-end=\"1558\">Mobilit\u00e9 et praticit\u00e9<\/strong> : \u00c9quip\u00e9 de <strong data-start=\"1571\" data-end=\"1590\">roues discr\u00e8tes<\/strong>, il se d\u00e9place facilement.<br data-start=\"1617\" data-end=\"1620\" \/>\u2714 <strong data-start=\"1622\" data-end=\"1666\">Parfait pour tous les espaces ext\u00e9rieurs<\/strong> : Piscines, h\u00f4tels, plages priv\u00e9es et terrasses contemporaines.<\/p>\n<h2 data-start=\"1734\" data-end=\"1767\"><strong data-start=\"1737\" data-end=\"1765\">Utilisation et entretien<\/strong><\/h2>\n<ul data-start=\"1768\" data-end=\"2001\">\n<li data-start=\"1768\" data-end=\"1829\">Nettoyage rapide avec un chiffon humide et du savon doux.<\/li>\n<li data-start=\"1830\" data-end=\"1902\">Stockez dans un endroit sec en hiver pour prolonger sa dur\u00e9e de vie.<\/li>\n<li data-start=\"1903\" data-end=\"2001\">La toile peut \u00eatre remplac\u00e9e facilement et est <strong data-start=\"1952\" data-end=\"1966\">r\u00e9versible<\/strong> pour une dur\u00e9e de vie prolong\u00e9e.<\/li>\n<\/ul>\n<h2 data-start=\"2003\" data-end=\"2038\"><strong data-start=\"2006\" data-end=\"2036\">Commandez d\u00e8s maintenant !<\/strong><\/h2>\n<p data-start=\"2039\" data-end=\"2226\">Ajoutez une touche <strong data-start=\"2058\" data-end=\"2087\">\u00e9l\u00e9gante et fonctionnelle<\/strong> \u00e0 votre ext\u00e9rieur avec le <strong data-start=\"2114\" data-end=\"2138\">bain de soleil SCBS1<\/strong>. Disponible en plusieurs couleurs sur <strong data-start=\"2177\" data-end=\"2195\">HomeProject.fr<\/strong>\u00a0!<\/p>\n<h2 data-start=\"1152\" data-end=\"1195\"><strong style=\"font-family: inherit; font-size: 30px;\">Vous avez des questions ?<\/strong><\/h2>\n<style id=\"wpforms-css-vars-3675\">\n\t\t\t\t#wpforms-3675 {\n\t\t\t\t\n\t\t\t}\n\t\t\t<\/style><div class=\"wpforms-container wpforms-container-full wpforms-render-modern\" id=\"wpforms-3675\"><form id=\"wpforms-form-3675\" class=\"wpforms-validate wpforms-form wpforms-ajax-form\" data-formid=\"3675\" method=\"post\" enctype=\"multipart\/form-data\" action=\"\/fr\/wp-json\/wp\/v2\/product\/12912\" data-token=\"2921a7ac3408d834be151983965c4ab3\" data-token-time=\"1777954086\"><noscript class=\"wpforms-error-noscript\">Veuillez activer JavaScript dans votre navigateur pour remplir ce formulaire.<\/noscript><div id=\"wpforms-error-noscript\" style=\"display: none;\">Veuillez activer JavaScript dans votre navigateur pour remplir ce formulaire.<\/div><div class=\"wpforms-field-container\"><div id=\"wpforms-3675-field_3-container\" class=\"wpforms-field wpforms-field-name\" data-field-id=\"3\"><fieldset><legend class=\"wpforms-field-label\">Nom <span class=\"wpforms-required-label\" aria-hidden=\"true\">*<\/span><\/legend><div class=\"wpforms-field-row wpforms-field-medium\"><div class=\"wpforms-field-row-block wpforms-first wpforms-one-half\"><input type=\"text\" id=\"wpforms-3675-field_3\" class=\"wpforms-field-name-first wpforms-field-required\" name=\"wpforms[fields][3][first]\" aria-errormessage=\"wpforms-3675-field_3-error\" required><label for=\"wpforms-3675-field_3\" class=\"wpforms-field-sublabel after\">Pr\u00e9nom<\/label><\/div><div class=\"wpforms-field-row-block wpforms-one-half\"><input type=\"text\" id=\"wpforms-3675-field_3-last\" class=\"wpforms-field-name-last wpforms-field-required\" name=\"wpforms[fields][3][last]\" aria-errormessage=\"wpforms-3675-field_3-last-error\" required><label for=\"wpforms-3675-field_3-last\" class=\"wpforms-field-sublabel after\">Nom<\/label><\/div><\/div><\/fieldset><\/div>\t\t<div id=\"wpforms-3675-field_1-container\"\n\t\t\tclass=\"wpforms-field wpforms-field-text\"\n\t\t\tdata-field-type=\"text\"\n\t\t\tdata-field-id=\"1\"\n\t\t\t>\n\t\t\t<label class=\"wpforms-field-label\" for=\"wpforms-3675-field_1\" >Nom E-mail Message<\/label>\n\t\t\t<input type=\"text\" id=\"wpforms-3675-field_1\" class=\"wpforms-field-medium\" name=\"wpforms[fields][1]\" >\n\t\t<\/div>\n\t\t<div id=\"wpforms-3675-field_4-container\" class=\"wpforms-field wpforms-field-email\" data-field-id=\"4\"><label class=\"wpforms-field-label\" for=\"wpforms-3675-field_4\">E-mail <span class=\"wpforms-required-label\" aria-hidden=\"true\">*<\/span><\/label><input type=\"email\" id=\"wpforms-3675-field_4\" class=\"wpforms-field-medium wpforms-field-required\" name=\"wpforms[fields][4]\" spellcheck=\"false\" aria-errormessage=\"wpforms-3675-field_4-error\" required><\/div><div id=\"wpforms-3675-field_5-container\" class=\"wpforms-field wpforms-field-textarea\" data-field-id=\"5\"><label class=\"wpforms-field-label\" for=\"wpforms-3675-field_5\">Message <span class=\"wpforms-required-label\" aria-hidden=\"true\">*<\/span><\/label><textarea id=\"wpforms-3675-field_5\" class=\"wpforms-field-medium wpforms-field-required\" name=\"wpforms[fields][5]\" aria-errormessage=\"wpforms-3675-field_5-error\" required><\/textarea><\/div><script>\n\t\t\t\t( function() {\n\t\t\t\t\tconst style = document.createElement( 'style' );\n\t\t\t\t\tstyle.appendChild( document.createTextNode( '#wpforms-3675-field_1-container { position: absolute !important; overflow: hidden !important; display: inline !important; height: 1px !important; width: 1px !important; z-index: -1000 !important; padding: 0 !important; } #wpforms-3675-field_1-container input { visibility: hidden; } #wpforms-conversational-form-page #wpforms-3675-field_1-container label { counter-increment: none; }' ) );\n\t\t\t\t\tdocument.head.appendChild( style );\n\t\t\t\t\tdocument.currentScript?.remove();\n\t\t\t\t} )();\n\t\t\t<\/script><\/div><!-- .wpforms-field-container --><div class=\"wpforms-submit-container\" ><input type=\"hidden\" name=\"wpforms[id]\" value=\"3675\"><input type=\"hidden\" name=\"page_title\" value=\"\"><input type=\"hidden\" name=\"page_url\" value=\"https:\/\/homeproject.fr\/fr\/wp-json\/wp\/v2\/product\/12912\"><input type=\"hidden\" name=\"url_referer\" value=\"\"><button type=\"submit\" name=\"wpforms[submit]\" id=\"wpforms-submit-3675\" class=\"wpforms-submit\" data-alt-text=\"Envoi...\" data-submit-text=\"Envoyer\" aria-live=\"assertive\" value=\"wpforms-submit\">Envoyer<\/button><img loading=\"lazy\" decoding=\"async\" src=\"https:\/\/homeproject.fr\/fr\/wp-content\/plugins\/wpforms-lite\/assets\/images\/submit-spin.svg\" class=\"wpforms-submit-spinner\" style=\"display: none;\" width=\"26\" height=\"26\" alt=\"Chargement en cours\"><\/div><\/form><\/div>  <!-- .wpforms-container -->\n","protected":false},"excerpt":{"rendered":"<p>Offrez-vous une exp\u00e9rience de relaxation ultime avec le <strong data-start=\"261\" data-end=\"285\">bain de soleil SCBS1<\/strong>, con\u00e7u pour apporter un <strong data-start=\"310\" data-end=\"329\">confort optimal<\/strong> et une <strong data-start=\"337\" data-end=\"366\">durabilit\u00e9 exceptionnelle<\/strong>. Son design ergonomique, sa structure en <strong data-start=\"408\" data-end=\"453\">technopolym\u00e8re renforc\u00e9 de fibre de verre<\/strong> et son rev\u00eatement en <strong data-start=\"475\" data-end=\"516\">toile respirante et r\u00e9sistante aux UV<\/strong> en font un choix id\u00e9al pour les terrasses, jardins et bords de piscine.<\/p>\n","protected":false},"featured_media":12919,"template":"","meta":{"_uf_show_specific_survey":0,"_uf_disable_surveys":false,"iawp_total_views":26},"product_brand":[],"product_cat":[165],"product_tag":[],"class_list":{"0":"post-12912","1":"product","2":"type-product","3":"status-publish","4":"has-post-thumbnail","6":"product_cat-chaises-longues","7":"product_shipping_class-gros-colis-messagerie","8":"pa_materiau-technopolymere","9":"pa_materiau-toile","11":"first","12":"instock","13":"taxable","14":"shipping-taxable","15":"purchasable","16":"product-type-variable"},"yoast_head":"<!-- This site is optimized with the Yoast SEO plugin v27.5 - https:\/\/yoast.com\/product\/yoast-seo-wordpress\/ -->\n<title>Lot de 2 bains de soleil inclinables et empilables en technopolym\u00e8re et toile SCBS1 - Homeproject.fr<\/title>\n<meta name=\"robots\" content=\"index, follow, max-snippet:-1, max-image-preview:large, max-video-preview:-1\" \/>\n<link rel=\"canonical\" href=\"https:\/\/homeproject.fr\/fr\/produit\/bain-de-soleil-inclinable-et-empilable-en-technopolymere-et-toile-scbs1\/\" \/>\n<meta property=\"og:locale\" content=\"fr_FR\" \/>\n<meta property=\"og:type\" content=\"article\" \/>\n<meta property=\"og:title\" content=\"Lot de 2 bains de soleil inclinables et empilables en technopolym\u00e8re et toile SCBS1 - Homeproject.fr\" \/>\n<meta property=\"og:description\" content=\"Offrez-vous une exp\u00e9rience de relaxation ultime avec le bain de soleil SCBS1, con\u00e7u pour apporter un confort optimal et une durabilit\u00e9 exceptionnelle. Son design ergonomique, sa structure en technopolym\u00e8re renforc\u00e9 de fibre de verre et son rev\u00eatement en toile respirante et r\u00e9sistante aux UV en font un choix id\u00e9al pour les terrasses, jardins et bords de piscine.\" \/>\n<meta property=\"og:url\" content=\"https:\/\/homeproject.fr\/fr\/produit\/bain-de-soleil-inclinable-et-empilable-en-technopolymere-et-toile-scbs1\/\" \/>\n<meta property=\"og:site_name\" content=\"Homeproject.fr\" \/>\n<meta property=\"article:modified_time\" content=\"2025-03-22T09:11:27+00:00\" \/>\n<meta property=\"og:image\" content=\"https:\/\/homeproject.fr\/fr\/wp-content\/uploads\/2025\/03\/Bain-de-soleil-inclinable-en-technopolymere-et-toile-SCBS1-ambiance-5.webp\" \/>\n\t<meta property=\"og:image:width\" content=\"1080\" \/>\n\t<meta property=\"og:image:height\" content=\"1080\" \/>\n\t<meta property=\"og:image:type\" content=\"image\/webp\" \/>\n<meta name=\"twitter:card\" content=\"summary_large_image\" \/>\n<meta name=\"twitter:label1\" content=\"Dur\u00e9e de lecture estim\u00e9e\" \/>\n\t<meta name=\"twitter:data1\" content=\"2 minutes\" \/>\n<script type=\"application\/ld+json\" class=\"yoast-schema-graph\">{\"@context\":\"https:\\\/\\\/schema.org\",\"@graph\":[{\"@type\":\"WebPage\",\"@id\":\"https:\\\/\\\/homeproject.fr\\\/fr\\\/produit\\\/bain-de-soleil-inclinable-et-empilable-en-technopolymere-et-toile-scbs1\\\/\",\"url\":\"https:\\\/\\\/homeproject.fr\\\/fr\\\/produit\\\/bain-de-soleil-inclinable-et-empilable-en-technopolymere-et-toile-scbs1\\\/\",\"name\":\"Lot de 2 bains de soleil inclinables et empilables en technopolym\u00e8re et toile SCBS1 - Homeproject.fr\",\"isPartOf\":{\"@id\":\"https:\\\/\\\/homeproject.fr\\\/fr\\\/#website\"},\"primaryImageOfPage\":{\"@id\":\"https:\\\/\\\/homeproject.fr\\\/fr\\\/produit\\\/bain-de-soleil-inclinable-et-empilable-en-technopolymere-et-toile-scbs1\\\/#primaryimage\"},\"image\":{\"@id\":\"https:\\\/\\\/homeproject.fr\\\/fr\\\/produit\\\/bain-de-soleil-inclinable-et-empilable-en-technopolymere-et-toile-scbs1\\\/#primaryimage\"},\"thumbnailUrl\":\"https:\\\/\\\/homeproject.fr\\\/fr\\\/wp-content\\\/uploads\\\/2025\\\/03\\\/Bain-de-soleil-inclinable-en-technopolymere-et-toile-SCBS1-ambiance-5.webp\",\"datePublished\":\"2025-03-21T14:28:46+00:00\",\"dateModified\":\"2025-03-22T09:11:27+00:00\",\"breadcrumb\":{\"@id\":\"https:\\\/\\\/homeproject.fr\\\/fr\\\/produit\\\/bain-de-soleil-inclinable-et-empilable-en-technopolymere-et-toile-scbs1\\\/#breadcrumb\"},\"inLanguage\":\"fr-FR\",\"potentialAction\":[{\"@type\":\"ReadAction\",\"target\":[\"https:\\\/\\\/homeproject.fr\\\/fr\\\/produit\\\/bain-de-soleil-inclinable-et-empilable-en-technopolymere-et-toile-scbs1\\\/\"]}]},{\"@type\":\"ImageObject\",\"inLanguage\":\"fr-FR\",\"@id\":\"https:\\\/\\\/homeproject.fr\\\/fr\\\/produit\\\/bain-de-soleil-inclinable-et-empilable-en-technopolymere-et-toile-scbs1\\\/#primaryimage\",\"url\":\"https:\\\/\\\/homeproject.fr\\\/fr\\\/wp-content\\\/uploads\\\/2025\\\/03\\\/Bain-de-soleil-inclinable-en-technopolymere-et-toile-SCBS1-ambiance-5.webp\",\"contentUrl\":\"https:\\\/\\\/homeproject.fr\\\/fr\\\/wp-content\\\/uploads\\\/2025\\\/03\\\/Bain-de-soleil-inclinable-en-technopolymere-et-toile-SCBS1-ambiance-5.webp\",\"width\":1080,\"height\":1080},{\"@type\":\"BreadcrumbList\",\"@id\":\"https:\\\/\\\/homeproject.fr\\\/fr\\\/produit\\\/bain-de-soleil-inclinable-et-empilable-en-technopolymere-et-toile-scbs1\\\/#breadcrumb\",\"itemListElement\":[{\"@type\":\"ListItem\",\"position\":1,\"name\":\"Accueil\",\"item\":\"https:\\\/\\\/homeproject.fr\\\/fr\\\/\"},{\"@type\":\"ListItem\",\"position\":2,\"name\":\"Boutique\",\"item\":\"https:\\\/\\\/homeproject.fr\\\/fr\\\/boutique\\\/\"},{\"@type\":\"ListItem\",\"position\":3,\"name\":\"Lot de 2 bains de soleil inclinables et empilables en technopolym\u00e8re et toile SCBS1\"}]},{\"@type\":\"WebSite\",\"@id\":\"https:\\\/\\\/homeproject.fr\\\/fr\\\/#website\",\"url\":\"https:\\\/\\\/homeproject.fr\\\/fr\\\/\",\"name\":\"Homeproject.fr\",\"description\":\"Offrez l&#039;exceptionnel \u00e0 vos espaces \u00e0 vivre\",\"publisher\":{\"@id\":\"https:\\\/\\\/homeproject.fr\\\/fr\\\/#organization\"},\"potentialAction\":[{\"@type\":\"SearchAction\",\"target\":{\"@type\":\"EntryPoint\",\"urlTemplate\":\"https:\\\/\\\/homeproject.fr\\\/fr\\\/?s={search_term_string}\"},\"query-input\":{\"@type\":\"PropertyValueSpecification\",\"valueRequired\":true,\"valueName\":\"search_term_string\"}}],\"inLanguage\":\"fr-FR\"},{\"@type\":\"Organization\",\"@id\":\"https:\\\/\\\/homeproject.fr\\\/fr\\\/#organization\",\"name\":\"Homeproject.fr\",\"url\":\"https:\\\/\\\/homeproject.fr\\\/fr\\\/\",\"logo\":{\"@type\":\"ImageObject\",\"inLanguage\":\"fr-FR\",\"@id\":\"https:\\\/\\\/homeproject.fr\\\/fr\\\/#\\\/schema\\\/logo\\\/image\\\/\",\"url\":\"https:\\\/\\\/homeproject.fr\\\/fr\\\/wp-content\\\/uploads\\\/2024\\\/12\\\/Logo_HomeProject-noir-2.png\",\"contentUrl\":\"https:\\\/\\\/homeproject.fr\\\/fr\\\/wp-content\\\/uploads\\\/2024\\\/12\\\/Logo_HomeProject-noir-2.png\",\"width\":300,\"height\":91,\"caption\":\"Homeproject.fr\"},\"image\":{\"@id\":\"https:\\\/\\\/homeproject.fr\\\/fr\\\/#\\\/schema\\\/logo\\\/image\\\/\"}}]}<\/script>\n<!-- \/ Yoast SEO plugin. -->","yoast_head_json":{"title":"Lot de 2 bains de soleil inclinables et empilables en technopolym\u00e8re et toile SCBS1 - Homeproject.fr","robots":{"index":"index","follow":"follow","max-snippet":"max-snippet:-1","max-image-preview":"max-image-preview:large","max-video-preview":"max-video-preview:-1"},"canonical":"https:\/\/homeproject.fr\/fr\/produit\/bain-de-soleil-inclinable-et-empilable-en-technopolymere-et-toile-scbs1\/","og_locale":"fr_FR","og_type":"article","og_title":"Lot de 2 bains de soleil inclinables et empilables en technopolym\u00e8re et toile SCBS1 - Homeproject.fr","og_description":"Offrez-vous une exp\u00e9rience de relaxation ultime avec le bain de soleil SCBS1, con\u00e7u pour apporter un confort optimal et une durabilit\u00e9 exceptionnelle. Son design ergonomique, sa structure en technopolym\u00e8re renforc\u00e9 de fibre de verre et son rev\u00eatement en toile respirante et r\u00e9sistante aux UV en font un choix id\u00e9al pour les terrasses, jardins et bords de piscine.","og_url":"https:\/\/homeproject.fr\/fr\/produit\/bain-de-soleil-inclinable-et-empilable-en-technopolymere-et-toile-scbs1\/","og_site_name":"Homeproject.fr","article_modified_time":"2025-03-22T09:11:27+00:00","og_image":[{"width":1080,"height":1080,"url":"https:\/\/homeproject.fr\/fr\/wp-content\/uploads\/2025\/03\/Bain-de-soleil-inclinable-en-technopolymere-et-toile-SCBS1-ambiance-5.webp","type":"image\/webp"}],"twitter_card":"summary_large_image","twitter_misc":{"Dur\u00e9e de lecture estim\u00e9e":"2 minutes"},"schema":{"@context":"https:\/\/schema.org","@graph":[{"@type":"WebPage","@id":"https:\/\/homeproject.fr\/fr\/produit\/bain-de-soleil-inclinable-et-empilable-en-technopolymere-et-toile-scbs1\/","url":"https:\/\/homeproject.fr\/fr\/produit\/bain-de-soleil-inclinable-et-empilable-en-technopolymere-et-toile-scbs1\/","name":"Lot de 2 bains de soleil inclinables et empilables en technopolym\u00e8re et toile SCBS1 - Homeproject.fr","isPartOf":{"@id":"https:\/\/homeproject.fr\/fr\/#website"},"primaryImageOfPage":{"@id":"https:\/\/homeproject.fr\/fr\/produit\/bain-de-soleil-inclinable-et-empilable-en-technopolymere-et-toile-scbs1\/#primaryimage"},"image":{"@id":"https:\/\/homeproject.fr\/fr\/produit\/bain-de-soleil-inclinable-et-empilable-en-technopolymere-et-toile-scbs1\/#primaryimage"},"thumbnailUrl":"https:\/\/homeproject.fr\/fr\/wp-content\/uploads\/2025\/03\/Bain-de-soleil-inclinable-en-technopolymere-et-toile-SCBS1-ambiance-5.webp","datePublished":"2025-03-21T14:28:46+00:00","dateModified":"2025-03-22T09:11:27+00:00","breadcrumb":{"@id":"https:\/\/homeproject.fr\/fr\/produit\/bain-de-soleil-inclinable-et-empilable-en-technopolymere-et-toile-scbs1\/#breadcrumb"},"inLanguage":"fr-FR","potentialAction":[{"@type":"ReadAction","target":["https:\/\/homeproject.fr\/fr\/produit\/bain-de-soleil-inclinable-et-empilable-en-technopolymere-et-toile-scbs1\/"]}]},{"@type":"ImageObject","inLanguage":"fr-FR","@id":"https:\/\/homeproject.fr\/fr\/produit\/bain-de-soleil-inclinable-et-empilable-en-technopolymere-et-toile-scbs1\/#primaryimage","url":"https:\/\/homeproject.fr\/fr\/wp-content\/uploads\/2025\/03\/Bain-de-soleil-inclinable-en-technopolymere-et-toile-SCBS1-ambiance-5.webp","contentUrl":"https:\/\/homeproject.fr\/fr\/wp-content\/uploads\/2025\/03\/Bain-de-soleil-inclinable-en-technopolymere-et-toile-SCBS1-ambiance-5.webp","width":1080,"height":1080},{"@type":"BreadcrumbList","@id":"https:\/\/homeproject.fr\/fr\/produit\/bain-de-soleil-inclinable-et-empilable-en-technopolymere-et-toile-scbs1\/#breadcrumb","itemListElement":[{"@type":"ListItem","position":1,"name":"Accueil","item":"https:\/\/homeproject.fr\/fr\/"},{"@type":"ListItem","position":2,"name":"Boutique","item":"https:\/\/homeproject.fr\/fr\/boutique\/"},{"@type":"ListItem","position":3,"name":"Lot de 2 bains de soleil inclinables et empilables en technopolym\u00e8re et toile SCBS1"}]},{"@type":"WebSite","@id":"https:\/\/homeproject.fr\/fr\/#website","url":"https:\/\/homeproject.fr\/fr\/","name":"Homeproject.fr","description":"Offrez l&#039;exceptionnel \u00e0 vos espaces \u00e0 vivre","publisher":{"@id":"https:\/\/homeproject.fr\/fr\/#organization"},"potentialAction":[{"@type":"SearchAction","target":{"@type":"EntryPoint","urlTemplate":"https:\/\/homeproject.fr\/fr\/?s={search_term_string}"},"query-input":{"@type":"PropertyValueSpecification","valueRequired":true,"valueName":"search_term_string"}}],"inLanguage":"fr-FR"},{"@type":"Organization","@id":"https:\/\/homeproject.fr\/fr\/#organization","name":"Homeproject.fr","url":"https:\/\/homeproject.fr\/fr\/","logo":{"@type":"ImageObject","inLanguage":"fr-FR","@id":"https:\/\/homeproject.fr\/fr\/#\/schema\/logo\/image\/","url":"https:\/\/homeproject.fr\/fr\/wp-content\/uploads\/2024\/12\/Logo_HomeProject-noir-2.png","contentUrl":"https:\/\/homeproject.fr\/fr\/wp-content\/uploads\/2024\/12\/Logo_HomeProject-noir-2.png","width":300,"height":91,"caption":"Homeproject.fr"},"image":{"@id":"https:\/\/homeproject.fr\/fr\/#\/schema\/logo\/image\/"}}]}},"_links":{"self":[{"href":"https:\/\/homeproject.fr\/fr\/wp-json\/wp\/v2\/product\/12912","targetHints":{"allow":["GET"]}}],"collection":[{"href":"https:\/\/homeproject.fr\/fr\/wp-json\/wp\/v2\/product"}],"about":[{"href":"https:\/\/homeproject.fr\/fr\/wp-json\/wp\/v2\/types\/product"}],"version-history":[{"count":4,"href":"https:\/\/homeproject.fr\/fr\/wp-json\/wp\/v2\/product\/12912\/revisions"}],"predecessor-version":[{"id":13050,"href":"https:\/\/homeproject.fr\/fr\/wp-json\/wp\/v2\/product\/12912\/revisions\/13050"}],"wp:featuredmedia":[{"embeddable":true,"href":"https:\/\/homeproject.fr\/fr\/wp-json\/wp\/v2\/media\/12919"}],"wp:attachment":[{"href":"https:\/\/homeproject.fr\/fr\/wp-json\/wp\/v2\/media?parent=12912"}],"wp:term":[{"taxonomy":"product_brand","embeddable":true,"href":"https:\/\/homeproject.fr\/fr\/wp-json\/wp\/v2\/product_brand?post=12912"},{"taxonomy":"product_cat","embeddable":true,"href":"https:\/\/homeproject.fr\/fr\/wp-json\/wp\/v2\/product_cat?post=12912"},{"taxonomy":"product_tag","embeddable":true,"href":"https:\/\/homeproject.fr\/fr\/wp-json\/wp\/v2\/product_tag?post=12912"}],"curies":[{"name":"wp","href":"https:\/\/api.w.org\/{rel}","templated":true}]}}