{"id":12786,"date":"2025-03-21T13:02:51","date_gmt":"2025-03-21T13:02:51","guid":{"rendered":"https:\/\/homeproject.fr\/fr\/?post_type=product&#038;p=12786"},"modified":"2025-03-22T08:49:59","modified_gmt":"2025-03-22T08:49:59","slug":"tabouret-exterieur-empilable-en-acier-zingue-peint-scto1","status":"publish","type":"product","link":"https:\/\/homeproject.fr\/fr\/produit\/tabouret-exterieur-empilable-en-acier-zingue-peint-scto1\/","title":{"rendered":"Lot de 4 tabourets ext\u00e9rieurs empilables en acier zingu\u00e9 peint SCTO1"},"content":{"rendered":"<h2 data-start=\"637\" data-end=\"673\"><strong data-start=\"640\" data-end=\"671\">Caract\u00e9ristiques techniques<\/strong><\/h2>\n<p data-start=\"674\" data-end=\"1097\">\u2705 <strong data-start=\"676\" data-end=\"688\">Mat\u00e9riau<\/strong> : Acier zingu\u00e9 et rev\u00eatement en poudre polyester<br data-start=\"737\" data-end=\"740\" \/>\u2705 <strong data-start=\"742\" data-end=\"756\">Dimensions<\/strong> : 49 x 52 x 96 cm<br data-start=\"774\" data-end=\"777\" \/>\u2705 <strong data-start=\"779\" data-end=\"799\">Hauteur d\u2019assise<\/strong> : 75 cm<br data-start=\"807\" data-end=\"810\" \/>\u2705 <strong data-start=\"812\" data-end=\"821\">Poids<\/strong> : 6,1 kg<br data-start=\"830\" data-end=\"833\" \/>\u2705 <strong data-start=\"835\" data-end=\"848\">Empilable<\/strong> : Oui, jusqu\u2019\u00e0 8 pi\u00e8ces<br data-start=\"872\" data-end=\"875\" \/>\u2705 <strong data-start=\"877\" data-end=\"900\">Coloris disponibles<\/strong> : Blanc, gris anthracite, brique, vert tilleul, bleu clair, taupe<br data-start=\"966\" data-end=\"969\" \/>\u2705 <strong data-start=\"971\" data-end=\"985\">Conformit\u00e9<\/strong> : Norme EN 16139:2013 (r\u00e9sistance et durabilit\u00e9)<br data-start=\"1034\" data-end=\"1037\" \/>\u2705 <strong data-start=\"1039\" data-end=\"1054\">Fabrication<\/strong> : Fabriqu\u00e9 en Italie<\/p>\n<h2 data-start=\"674\" data-end=\"1097\"><strong>Coloris :<\/strong><\/h2>\n<p data-start=\"674\" data-end=\"1097\"><div class=\"su-custom-gallery su-custom-gallery-align-left su-custom-gallery-title-always su-lightbox-gallery\"><div class=\"su-custom-gallery-slide\" style=\"width:200px;height:200px\"><a href=\"https:\/\/homeproject.fr\/fr\/wp-content\/uploads\/2025\/03\/VA-ANTHRACITE.jpg\" title=\"VA ANTHRACITE\"><img decoding=\"async\" src=\"https:\/\/homeproject.fr\/fr\/wp-content\/uploads\/2025\/03\/VA-ANTHRACITE-200x200.jpg\" alt=\"VA ANTHRACITE\" width=\"200\" height=\"200\" \/><span class=\"su-custom-gallery-title\">VA ANTHRACITE<\/span><\/a><\/div><div class=\"su-custom-gallery-slide\" style=\"width:200px;height:200px\"><a href=\"https:\/\/homeproject.fr\/fr\/wp-content\/uploads\/2025\/03\/VB-BLANC.jpg\" title=\"VB BLANC\"><img decoding=\"async\" src=\"https:\/\/homeproject.fr\/fr\/wp-content\/uploads\/2025\/03\/VB-BLANC-200x200.jpg\" alt=\"VB BLANC\" width=\"200\" height=\"200\" \/><span class=\"su-custom-gallery-title\">VB BLANC<\/span><\/a><\/div><div class=\"su-custom-gallery-slide\" style=\"width:200px;height:200px\"><a href=\"https:\/\/homeproject.fr\/fr\/wp-content\/uploads\/2025\/03\/VM-ROUGE-BRIQUE.jpg\" title=\"VM ROUGE BRIQUE\"><img decoding=\"async\" src=\"https:\/\/homeproject.fr\/fr\/wp-content\/uploads\/2025\/03\/VM-ROUGE-BRIQUE-200x200.jpg\" alt=\"VM ROUGE BRIQUE\" width=\"200\" height=\"200\" \/><span class=\"su-custom-gallery-title\">VM ROUGE BRIQUE<\/span><\/a><\/div><div class=\"su-custom-gallery-slide\" style=\"width:200px;height:200px\"><a href=\"https:\/\/homeproject.fr\/fr\/wp-content\/uploads\/2025\/03\/VT-GRIS-DOVE.jpg\" title=\"VT GRIS DOVE\"><img loading=\"lazy\" decoding=\"async\" src=\"https:\/\/homeproject.fr\/fr\/wp-content\/uploads\/2025\/03\/VT-GRIS-DOVE-200x200.jpg\" alt=\"VT GRIS DOVE\" width=\"200\" height=\"200\" \/><span class=\"su-custom-gallery-title\">VT GRIS DOVE<\/span><\/a><\/div><div class=\"su-custom-gallery-slide\" style=\"width:200px;height:200px\"><a href=\"https:\/\/homeproject.fr\/fr\/wp-content\/uploads\/2025\/03\/VV-VERT-WILLOW.jpg\" title=\"VV VERT WILLOW\"><img loading=\"lazy\" decoding=\"async\" src=\"https:\/\/homeproject.fr\/fr\/wp-content\/uploads\/2025\/03\/VV-VERT-WILLOW-200x200.jpg\" alt=\"VV VERT WILLOW\" width=\"200\" height=\"200\" \/><span class=\"su-custom-gallery-title\">VV VERT WILLOW<\/span><\/a><\/div><div class=\"su-custom-gallery-slide\" style=\"width:200px;height:200px\"><a href=\"https:\/\/homeproject.fr\/fr\/wp-content\/uploads\/2025\/03\/VZ-BLEU-LIGHT.jpg\" title=\"VZ BLEU LIGHT\"><img loading=\"lazy\" decoding=\"async\" src=\"https:\/\/homeproject.fr\/fr\/wp-content\/uploads\/2025\/03\/VZ-BLEU-LIGHT-200x200.jpg\" alt=\"VZ BLEU LIGHT\" width=\"200\" height=\"200\" \/><span class=\"su-custom-gallery-title\">VZ BLEU LIGHT<\/span><\/a><\/div><div class=\"su-clear\"><\/div><\/div>\n<h2 data-start=\"1099\" data-end=\"1144\"><strong data-start=\"1102\" data-end=\"1142\">Pourquoi choisir le tabouret SCTO1 ?<\/strong><\/h2>\n<p data-start=\"1145\" data-end=\"1581\">\u2714 <strong data-start=\"1147\" data-end=\"1176\">R\u00e9sistance exceptionnelle<\/strong> : Gr\u00e2ce \u00e0 son acier zingu\u00e9 et son rev\u00eatement en poudre polyester, il r\u00e9siste aux intemp\u00e9ries et \u00e0 la corrosion.<br data-start=\"1288\" data-end=\"1291\" \/>\u2714 <strong data-start=\"1293\" data-end=\"1312\">Facile \u00e0 ranger<\/strong> : Son design empilable permet un gain de place optimal.<br data-start=\"1368\" data-end=\"1371\" \/>\u2714 <strong data-start=\"1373\" data-end=\"1402\">Polyvalence d&rsquo;utilisation<\/strong> : Parfait pour les terrasses, bars, restaurants et cuisines modernes.<br data-start=\"1472\" data-end=\"1475\" \/>\u2714 <strong data-start=\"1477\" data-end=\"1495\">Design \u00e9l\u00e9gant<\/strong> : Un look minimaliste et contemporain qui s\u2019adapte \u00e0 tous les styles de d\u00e9coration.<\/p>\n<h2 data-start=\"1583\" data-end=\"1616\"><strong data-start=\"1586\" data-end=\"1614\">Utilisation et entretien<\/strong><\/h2>\n<ul data-start=\"1617\" data-end=\"1831\">\n<li data-start=\"1617\" data-end=\"1685\">Nettoyez simplement avec un chiffon humide et un d\u00e9tergent doux.<\/li>\n<li data-start=\"1686\" data-end=\"1758\">\u00c9vitez les produits abrasifs pour pr\u00e9server le rev\u00eatement en poudre.<\/li>\n<li data-start=\"1759\" data-end=\"1831\">Stockez dans un endroit sec en hiver pour prolonger sa dur\u00e9e de vie.<\/li>\n<\/ul>\n<h2 data-start=\"1833\" data-end=\"1868\"><strong data-start=\"1836\" data-end=\"1866\">Commandez d\u00e8s maintenant !<\/strong><\/h2>\n<p data-start=\"1869\" data-end=\"2089\">Ajoutez du style et de la fonctionnalit\u00e9 \u00e0 votre espace avec le tabouret SCTO1. Disponible en plusieurs couleurs pour s\u2019adapter \u00e0 toutes vos envies. <strong data-start=\"2018\" data-end=\"2087\">Commandez sur HomeProject.fr et profitez de la livraison rapide !<\/strong><\/p>\n<div class=\"flex max-w-full flex-col flex-grow\">\n<div class=\"min-h-8 text-message flex w-full flex-col items-end gap-2 whitespace-normal break-words text-start [.text-message+&amp;]:mt-5\" dir=\"auto\" data-message-author-role=\"assistant\" data-message-id=\"5caff6c9-7ccb-438b-bf30-0814fcb11509\" data-message-model-slug=\"gpt-4o\">\n<div class=\"flex w-full flex-col gap-1 empty:hidden first:pt-[3px]\">\n<div class=\"markdown prose w-full break-words dark:prose-invert light\">\n<h2 data-start=\"890\" data-end=\"939\"><strong style=\"font-family: inherit; font-size: 30px;\">Vous avez des questions ?<\/strong><\/h2>\n<\/div>\n<\/div>\n<\/div>\n<\/div>\n<style id=\"wpforms-css-vars-3675\">\n\t\t\t\t#wpforms-3675 {\n\t\t\t\t\n\t\t\t}\n\t\t\t<\/style><div class=\"wpforms-container wpforms-container-full wpforms-render-modern\" id=\"wpforms-3675\"><form id=\"wpforms-form-3675\" class=\"wpforms-validate wpforms-form wpforms-ajax-form\" data-formid=\"3675\" method=\"post\" enctype=\"multipart\/form-data\" action=\"\/fr\/wp-json\/wp\/v2\/product\/12786\" data-token=\"629e9ab3b3d34f70c76e5ebf2dd45a54\" data-token-time=\"1776761083\"><noscript class=\"wpforms-error-noscript\">Veuillez activer JavaScript dans votre navigateur pour remplir ce formulaire.<\/noscript><div id=\"wpforms-error-noscript\" style=\"display: none;\">Veuillez activer JavaScript dans votre navigateur pour remplir ce formulaire.<\/div><div class=\"wpforms-field-container\">\t\t<div id=\"wpforms-3675-field_1-container\"\n\t\t\tclass=\"wpforms-field wpforms-field-text\"\n\t\t\tdata-field-type=\"text\"\n\t\t\tdata-field-id=\"1\"\n\t\t\t>\n\t\t\t<label class=\"wpforms-field-label\" for=\"wpforms-3675-field_1\" >Nom Message E-mail<\/label>\n\t\t\t<input type=\"text\" id=\"wpforms-3675-field_1\" class=\"wpforms-field-medium\" name=\"wpforms[fields][1]\" >\n\t\t<\/div>\n\t\t<div id=\"wpforms-3675-field_3-container\" class=\"wpforms-field wpforms-field-name\" data-field-id=\"3\"><fieldset><legend class=\"wpforms-field-label\">Nom <span class=\"wpforms-required-label\" aria-hidden=\"true\">*<\/span><\/legend><div class=\"wpforms-field-row wpforms-field-medium\"><div class=\"wpforms-field-row-block wpforms-first wpforms-one-half\"><input type=\"text\" id=\"wpforms-3675-field_3\" class=\"wpforms-field-name-first wpforms-field-required\" name=\"wpforms[fields][3][first]\" aria-errormessage=\"wpforms-3675-field_3-error\" required><label for=\"wpforms-3675-field_3\" class=\"wpforms-field-sublabel after\">Pr\u00e9nom<\/label><\/div><div class=\"wpforms-field-row-block wpforms-one-half\"><input type=\"text\" id=\"wpforms-3675-field_3-last\" class=\"wpforms-field-name-last wpforms-field-required\" name=\"wpforms[fields][3][last]\" aria-errormessage=\"wpforms-3675-field_3-last-error\" required><label for=\"wpforms-3675-field_3-last\" class=\"wpforms-field-sublabel after\">Nom<\/label><\/div><\/div><\/fieldset><\/div><div id=\"wpforms-3675-field_4-container\" class=\"wpforms-field wpforms-field-email\" data-field-id=\"4\"><label class=\"wpforms-field-label\" for=\"wpforms-3675-field_4\">E-mail <span class=\"wpforms-required-label\" aria-hidden=\"true\">*<\/span><\/label><input type=\"email\" id=\"wpforms-3675-field_4\" class=\"wpforms-field-medium wpforms-field-required\" name=\"wpforms[fields][4]\" spellcheck=\"false\" aria-errormessage=\"wpforms-3675-field_4-error\" required><\/div><div id=\"wpforms-3675-field_5-container\" class=\"wpforms-field wpforms-field-textarea\" data-field-id=\"5\"><label class=\"wpforms-field-label\" for=\"wpforms-3675-field_5\">Message <span class=\"wpforms-required-label\" aria-hidden=\"true\">*<\/span><\/label><textarea id=\"wpforms-3675-field_5\" class=\"wpforms-field-medium wpforms-field-required\" name=\"wpforms[fields][5]\" aria-errormessage=\"wpforms-3675-field_5-error\" required><\/textarea><\/div><script>\n\t\t\t\t( function() {\n\t\t\t\t\tconst style = document.createElement( 'style' );\n\t\t\t\t\tstyle.appendChild( document.createTextNode( '#wpforms-3675-field_1-container { position: absolute !important; overflow: hidden !important; display: inline !important; height: 1px !important; width: 1px !important; z-index: -1000 !important; padding: 0 !important; } #wpforms-3675-field_1-container input { visibility: hidden; } #wpforms-conversational-form-page #wpforms-3675-field_1-container label { counter-increment: none; }' ) );\n\t\t\t\t\tdocument.head.appendChild( style );\n\t\t\t\t\tdocument.currentScript?.remove();\n\t\t\t\t} )();\n\t\t\t<\/script><\/div><!-- .wpforms-field-container --><div class=\"wpforms-submit-container\" ><input type=\"hidden\" name=\"wpforms[id]\" value=\"3675\"><input type=\"hidden\" name=\"page_title\" value=\"\"><input type=\"hidden\" name=\"page_url\" value=\"https:\/\/homeproject.fr\/fr\/wp-json\/wp\/v2\/product\/12786\"><input type=\"hidden\" name=\"url_referer\" value=\"\"><button type=\"submit\" name=\"wpforms[submit]\" id=\"wpforms-submit-3675\" class=\"wpforms-submit\" data-alt-text=\"Envoi...\" data-submit-text=\"Envoyer\" aria-live=\"assertive\" value=\"wpforms-submit\">Envoyer<\/button><img loading=\"lazy\" decoding=\"async\" src=\"https:\/\/homeproject.fr\/fr\/wp-content\/plugins\/wpforms-lite\/assets\/images\/submit-spin.svg\" class=\"wpforms-submit-spinner\" style=\"display: none;\" width=\"26\" height=\"26\" alt=\"Chargement en cours\"><\/div><\/form><\/div>  <!-- .wpforms-container -->\n","protected":false},"excerpt":{"rendered":"<p><strong>Design et robustesse pour vos espaces<\/strong><\/p>\n<p>Apportez une touche de modernit\u00e9 et d&rsquo;\u00e9l\u00e9gance \u00e0 votre terrasse, jardin ou espace professionnel avec le <strong data-start=\"386\" data-end=\"414\">tabouret ext\u00e9rieur SCTO1<\/strong>. Son design \u00e9pur\u00e9 et sa structure en acier zingu\u00e9 peint garantissent une r\u00e9sistance optimale aux intemp\u00e9ries et \u00e0 l\u2019usure du temps. L\u00e9ger, robuste et empilable, ce tabouret est id\u00e9al pour un usage ext\u00e9rieur et int\u00e9rieur.<\/p>\n","protected":false},"featured_media":12804,"template":"","meta":{"_uf_show_specific_survey":0,"_uf_disable_surveys":false,"iawp_total_views":3},"product_brand":[],"product_cat":[486],"product_tag":[],"class_list":{"0":"post-12786","1":"product","2":"type-product","3":"status-publish","4":"has-post-thumbnail","6":"product_cat-tabourets-exterieurs","7":"product_shipping_class-gros-colis-messagerie","8":"pa_materiau-acier","10":"first","11":"instock","12":"taxable","13":"shipping-taxable","14":"purchasable","15":"product-type-variable"},"yoast_head":"<!-- This site is optimized with the Yoast SEO plugin v27.4 - https:\/\/yoast.com\/product\/yoast-seo-wordpress\/ -->\n<title>Lot de 4 tabourets ext\u00e9rieurs empilables en acier zingu\u00e9 peint SCTO1 - Homeproject.fr<\/title>\n<meta name=\"robots\" content=\"index, follow, max-snippet:-1, max-image-preview:large, max-video-preview:-1\" \/>\n<link rel=\"canonical\" href=\"https:\/\/homeproject.fr\/fr\/produit\/tabouret-exterieur-empilable-en-acier-zingue-peint-scto1\/\" \/>\n<meta property=\"og:locale\" content=\"fr_FR\" \/>\n<meta property=\"og:type\" content=\"article\" \/>\n<meta property=\"og:title\" content=\"Lot de 4 tabourets ext\u00e9rieurs empilables en acier zingu\u00e9 peint SCTO1 - Homeproject.fr\" \/>\n<meta property=\"og:description\" content=\"Design et robustesse pour vos espaces  Apportez une touche de modernit\u00e9 et d&#039;\u00e9l\u00e9gance \u00e0 votre terrasse, jardin ou espace professionnel avec le tabouret ext\u00e9rieur SCTO1. Son design \u00e9pur\u00e9 et sa structure en acier zingu\u00e9 peint garantissent une r\u00e9sistance optimale aux intemp\u00e9ries et \u00e0 l\u2019usure du temps. L\u00e9ger, robuste et empilable, ce tabouret est id\u00e9al pour un usage ext\u00e9rieur et int\u00e9rieur.\" \/>\n<meta property=\"og:url\" content=\"https:\/\/homeproject.fr\/fr\/produit\/tabouret-exterieur-empilable-en-acier-zingue-peint-scto1\/\" \/>\n<meta property=\"og:site_name\" content=\"Homeproject.fr\" \/>\n<meta property=\"article:modified_time\" content=\"2025-03-22T08:49:59+00:00\" \/>\n<meta property=\"og:image\" content=\"https:\/\/homeproject.fr\/fr\/wp-content\/uploads\/2025\/03\/Tabouret-exterieur-empilable-en-acier-zingue-peint-SCTO1.jpg\" \/>\n\t<meta property=\"og:image:width\" content=\"1024\" \/>\n\t<meta property=\"og:image:height\" content=\"1024\" \/>\n\t<meta property=\"og:image:type\" content=\"image\/jpeg\" \/>\n<meta name=\"twitter:card\" content=\"summary_large_image\" \/>\n<meta name=\"twitter:label1\" content=\"Dur\u00e9e de lecture estim\u00e9e\" \/>\n\t<meta name=\"twitter:data1\" content=\"2 minutes\" \/>\n<script type=\"application\/ld+json\" class=\"yoast-schema-graph\">{\"@context\":\"https:\\\/\\\/schema.org\",\"@graph\":[{\"@type\":\"WebPage\",\"@id\":\"https:\\\/\\\/homeproject.fr\\\/fr\\\/produit\\\/tabouret-exterieur-empilable-en-acier-zingue-peint-scto1\\\/\",\"url\":\"https:\\\/\\\/homeproject.fr\\\/fr\\\/produit\\\/tabouret-exterieur-empilable-en-acier-zingue-peint-scto1\\\/\",\"name\":\"Lot de 4 tabourets ext\u00e9rieurs empilables en acier zingu\u00e9 peint SCTO1 - Homeproject.fr\",\"isPartOf\":{\"@id\":\"https:\\\/\\\/homeproject.fr\\\/fr\\\/#website\"},\"primaryImageOfPage\":{\"@id\":\"https:\\\/\\\/homeproject.fr\\\/fr\\\/produit\\\/tabouret-exterieur-empilable-en-acier-zingue-peint-scto1\\\/#primaryimage\"},\"image\":{\"@id\":\"https:\\\/\\\/homeproject.fr\\\/fr\\\/produit\\\/tabouret-exterieur-empilable-en-acier-zingue-peint-scto1\\\/#primaryimage\"},\"thumbnailUrl\":\"https:\\\/\\\/homeproject.fr\\\/fr\\\/wp-content\\\/uploads\\\/2025\\\/03\\\/Tabouret-exterieur-empilable-en-acier-zingue-peint-SCTO1.jpg\",\"datePublished\":\"2025-03-21T13:02:51+00:00\",\"dateModified\":\"2025-03-22T08:49:59+00:00\",\"breadcrumb\":{\"@id\":\"https:\\\/\\\/homeproject.fr\\\/fr\\\/produit\\\/tabouret-exterieur-empilable-en-acier-zingue-peint-scto1\\\/#breadcrumb\"},\"inLanguage\":\"fr-FR\",\"potentialAction\":[{\"@type\":\"ReadAction\",\"target\":[\"https:\\\/\\\/homeproject.fr\\\/fr\\\/produit\\\/tabouret-exterieur-empilable-en-acier-zingue-peint-scto1\\\/\"]}]},{\"@type\":\"ImageObject\",\"inLanguage\":\"fr-FR\",\"@id\":\"https:\\\/\\\/homeproject.fr\\\/fr\\\/produit\\\/tabouret-exterieur-empilable-en-acier-zingue-peint-scto1\\\/#primaryimage\",\"url\":\"https:\\\/\\\/homeproject.fr\\\/fr\\\/wp-content\\\/uploads\\\/2025\\\/03\\\/Tabouret-exterieur-empilable-en-acier-zingue-peint-SCTO1.jpg\",\"contentUrl\":\"https:\\\/\\\/homeproject.fr\\\/fr\\\/wp-content\\\/uploads\\\/2025\\\/03\\\/Tabouret-exterieur-empilable-en-acier-zingue-peint-SCTO1.jpg\",\"width\":1024,\"height\":1024},{\"@type\":\"BreadcrumbList\",\"@id\":\"https:\\\/\\\/homeproject.fr\\\/fr\\\/produit\\\/tabouret-exterieur-empilable-en-acier-zingue-peint-scto1\\\/#breadcrumb\",\"itemListElement\":[{\"@type\":\"ListItem\",\"position\":1,\"name\":\"Accueil\",\"item\":\"https:\\\/\\\/homeproject.fr\\\/fr\\\/\"},{\"@type\":\"ListItem\",\"position\":2,\"name\":\"Boutique\",\"item\":\"https:\\\/\\\/homeproject.fr\\\/fr\\\/boutique\\\/\"},{\"@type\":\"ListItem\",\"position\":3,\"name\":\"Lot de 4 tabourets ext\u00e9rieurs empilables en acier zingu\u00e9 peint SCTO1\"}]},{\"@type\":\"WebSite\",\"@id\":\"https:\\\/\\\/homeproject.fr\\\/fr\\\/#website\",\"url\":\"https:\\\/\\\/homeproject.fr\\\/fr\\\/\",\"name\":\"Homeproject.fr\",\"description\":\"Offrez l&#039;exceptionnel \u00e0 vos espaces \u00e0 vivre\",\"publisher\":{\"@id\":\"https:\\\/\\\/homeproject.fr\\\/fr\\\/#organization\"},\"potentialAction\":[{\"@type\":\"SearchAction\",\"target\":{\"@type\":\"EntryPoint\",\"urlTemplate\":\"https:\\\/\\\/homeproject.fr\\\/fr\\\/?s={search_term_string}\"},\"query-input\":{\"@type\":\"PropertyValueSpecification\",\"valueRequired\":true,\"valueName\":\"search_term_string\"}}],\"inLanguage\":\"fr-FR\"},{\"@type\":\"Organization\",\"@id\":\"https:\\\/\\\/homeproject.fr\\\/fr\\\/#organization\",\"name\":\"Homeproject.fr\",\"url\":\"https:\\\/\\\/homeproject.fr\\\/fr\\\/\",\"logo\":{\"@type\":\"ImageObject\",\"inLanguage\":\"fr-FR\",\"@id\":\"https:\\\/\\\/homeproject.fr\\\/fr\\\/#\\\/schema\\\/logo\\\/image\\\/\",\"url\":\"https:\\\/\\\/homeproject.fr\\\/fr\\\/wp-content\\\/uploads\\\/2024\\\/12\\\/Logo_HomeProject-noir-2.png\",\"contentUrl\":\"https:\\\/\\\/homeproject.fr\\\/fr\\\/wp-content\\\/uploads\\\/2024\\\/12\\\/Logo_HomeProject-noir-2.png\",\"width\":300,\"height\":91,\"caption\":\"Homeproject.fr\"},\"image\":{\"@id\":\"https:\\\/\\\/homeproject.fr\\\/fr\\\/#\\\/schema\\\/logo\\\/image\\\/\"}}]}<\/script>\n<!-- \/ Yoast SEO plugin. -->","yoast_head_json":{"title":"Lot de 4 tabourets ext\u00e9rieurs empilables en acier zingu\u00e9 peint SCTO1 - Homeproject.fr","robots":{"index":"index","follow":"follow","max-snippet":"max-snippet:-1","max-image-preview":"max-image-preview:large","max-video-preview":"max-video-preview:-1"},"canonical":"https:\/\/homeproject.fr\/fr\/produit\/tabouret-exterieur-empilable-en-acier-zingue-peint-scto1\/","og_locale":"fr_FR","og_type":"article","og_title":"Lot de 4 tabourets ext\u00e9rieurs empilables en acier zingu\u00e9 peint SCTO1 - Homeproject.fr","og_description":"Design et robustesse pour vos espaces  Apportez une touche de modernit\u00e9 et d'\u00e9l\u00e9gance \u00e0 votre terrasse, jardin ou espace professionnel avec le tabouret ext\u00e9rieur SCTO1. Son design \u00e9pur\u00e9 et sa structure en acier zingu\u00e9 peint garantissent une r\u00e9sistance optimale aux intemp\u00e9ries et \u00e0 l\u2019usure du temps. L\u00e9ger, robuste et empilable, ce tabouret est id\u00e9al pour un usage ext\u00e9rieur et int\u00e9rieur.","og_url":"https:\/\/homeproject.fr\/fr\/produit\/tabouret-exterieur-empilable-en-acier-zingue-peint-scto1\/","og_site_name":"Homeproject.fr","article_modified_time":"2025-03-22T08:49:59+00:00","og_image":[{"width":1024,"height":1024,"url":"https:\/\/homeproject.fr\/fr\/wp-content\/uploads\/2025\/03\/Tabouret-exterieur-empilable-en-acier-zingue-peint-SCTO1.jpg","type":"image\/jpeg"}],"twitter_card":"summary_large_image","twitter_misc":{"Dur\u00e9e de lecture estim\u00e9e":"2 minutes"},"schema":{"@context":"https:\/\/schema.org","@graph":[{"@type":"WebPage","@id":"https:\/\/homeproject.fr\/fr\/produit\/tabouret-exterieur-empilable-en-acier-zingue-peint-scto1\/","url":"https:\/\/homeproject.fr\/fr\/produit\/tabouret-exterieur-empilable-en-acier-zingue-peint-scto1\/","name":"Lot de 4 tabourets ext\u00e9rieurs empilables en acier zingu\u00e9 peint SCTO1 - Homeproject.fr","isPartOf":{"@id":"https:\/\/homeproject.fr\/fr\/#website"},"primaryImageOfPage":{"@id":"https:\/\/homeproject.fr\/fr\/produit\/tabouret-exterieur-empilable-en-acier-zingue-peint-scto1\/#primaryimage"},"image":{"@id":"https:\/\/homeproject.fr\/fr\/produit\/tabouret-exterieur-empilable-en-acier-zingue-peint-scto1\/#primaryimage"},"thumbnailUrl":"https:\/\/homeproject.fr\/fr\/wp-content\/uploads\/2025\/03\/Tabouret-exterieur-empilable-en-acier-zingue-peint-SCTO1.jpg","datePublished":"2025-03-21T13:02:51+00:00","dateModified":"2025-03-22T08:49:59+00:00","breadcrumb":{"@id":"https:\/\/homeproject.fr\/fr\/produit\/tabouret-exterieur-empilable-en-acier-zingue-peint-scto1\/#breadcrumb"},"inLanguage":"fr-FR","potentialAction":[{"@type":"ReadAction","target":["https:\/\/homeproject.fr\/fr\/produit\/tabouret-exterieur-empilable-en-acier-zingue-peint-scto1\/"]}]},{"@type":"ImageObject","inLanguage":"fr-FR","@id":"https:\/\/homeproject.fr\/fr\/produit\/tabouret-exterieur-empilable-en-acier-zingue-peint-scto1\/#primaryimage","url":"https:\/\/homeproject.fr\/fr\/wp-content\/uploads\/2025\/03\/Tabouret-exterieur-empilable-en-acier-zingue-peint-SCTO1.jpg","contentUrl":"https:\/\/homeproject.fr\/fr\/wp-content\/uploads\/2025\/03\/Tabouret-exterieur-empilable-en-acier-zingue-peint-SCTO1.jpg","width":1024,"height":1024},{"@type":"BreadcrumbList","@id":"https:\/\/homeproject.fr\/fr\/produit\/tabouret-exterieur-empilable-en-acier-zingue-peint-scto1\/#breadcrumb","itemListElement":[{"@type":"ListItem","position":1,"name":"Accueil","item":"https:\/\/homeproject.fr\/fr\/"},{"@type":"ListItem","position":2,"name":"Boutique","item":"https:\/\/homeproject.fr\/fr\/boutique\/"},{"@type":"ListItem","position":3,"name":"Lot de 4 tabourets ext\u00e9rieurs empilables en acier zingu\u00e9 peint SCTO1"}]},{"@type":"WebSite","@id":"https:\/\/homeproject.fr\/fr\/#website","url":"https:\/\/homeproject.fr\/fr\/","name":"Homeproject.fr","description":"Offrez l&#039;exceptionnel \u00e0 vos espaces \u00e0 vivre","publisher":{"@id":"https:\/\/homeproject.fr\/fr\/#organization"},"potentialAction":[{"@type":"SearchAction","target":{"@type":"EntryPoint","urlTemplate":"https:\/\/homeproject.fr\/fr\/?s={search_term_string}"},"query-input":{"@type":"PropertyValueSpecification","valueRequired":true,"valueName":"search_term_string"}}],"inLanguage":"fr-FR"},{"@type":"Organization","@id":"https:\/\/homeproject.fr\/fr\/#organization","name":"Homeproject.fr","url":"https:\/\/homeproject.fr\/fr\/","logo":{"@type":"ImageObject","inLanguage":"fr-FR","@id":"https:\/\/homeproject.fr\/fr\/#\/schema\/logo\/image\/","url":"https:\/\/homeproject.fr\/fr\/wp-content\/uploads\/2024\/12\/Logo_HomeProject-noir-2.png","contentUrl":"https:\/\/homeproject.fr\/fr\/wp-content\/uploads\/2024\/12\/Logo_HomeProject-noir-2.png","width":300,"height":91,"caption":"Homeproject.fr"},"image":{"@id":"https:\/\/homeproject.fr\/fr\/#\/schema\/logo\/image\/"}}]}},"_links":{"self":[{"href":"https:\/\/homeproject.fr\/fr\/wp-json\/wp\/v2\/product\/12786","targetHints":{"allow":["GET"]}}],"collection":[{"href":"https:\/\/homeproject.fr\/fr\/wp-json\/wp\/v2\/product"}],"about":[{"href":"https:\/\/homeproject.fr\/fr\/wp-json\/wp\/v2\/types\/product"}],"version-history":[{"count":4,"href":"https:\/\/homeproject.fr\/fr\/wp-json\/wp\/v2\/product\/12786\/revisions"}],"predecessor-version":[{"id":13048,"href":"https:\/\/homeproject.fr\/fr\/wp-json\/wp\/v2\/product\/12786\/revisions\/13048"}],"wp:featuredmedia":[{"embeddable":true,"href":"https:\/\/homeproject.fr\/fr\/wp-json\/wp\/v2\/media\/12804"}],"wp:attachment":[{"href":"https:\/\/homeproject.fr\/fr\/wp-json\/wp\/v2\/media?parent=12786"}],"wp:term":[{"taxonomy":"product_brand","embeddable":true,"href":"https:\/\/homeproject.fr\/fr\/wp-json\/wp\/v2\/product_brand?post=12786"},{"taxonomy":"product_cat","embeddable":true,"href":"https:\/\/homeproject.fr\/fr\/wp-json\/wp\/v2\/product_cat?post=12786"},{"taxonomy":"product_tag","embeddable":true,"href":"https:\/\/homeproject.fr\/fr\/wp-json\/wp\/v2\/product_tag?post=12786"}],"curies":[{"name":"wp","href":"https:\/\/api.w.org\/{rel}","templated":true}]}}