{"id":11267,"date":"2025-03-17T08:22:32","date_gmt":"2025-03-17T08:22:32","guid":{"rendered":"https:\/\/homeproject.fr\/fr\/?post_type=product&#038;p=11267"},"modified":"2025-06-07T14:21:46","modified_gmt":"2025-06-07T14:21:46","slug":"tabouret-exterieur-africa-vondom-h-65-et-75-cm-elegance-et-confort","status":"publish","type":"product","link":"https:\/\/homeproject.fr\/fr\/produit\/tabouret-exterieur-africa-vondom-h-65-et-75-cm-elegance-et-confort\/","title":{"rendered":"Lot de 4 Tabourets ext\u00e9rieurs empilables Africa Vondom"},"content":{"rendered":"<p>Disponible en deux hauteurs d\u2019assise, ce tabouret se d\u00e9cline en version standard avec une hauteur d\u2019assise de 66 cm, id\u00e9ale pour les \u00eelots de cuisine ou tables d\u2019une hauteur d\u2019environ 90 cm, et une version haute avec une hauteur d\u2019assise de 76 cm, parfaite pour les bars ou les comptoirs d\u2019environ 90 \u00e0 100 cm.<\/p>\n<p>Fabriqu\u00e9 \u00e0 partir de polypropyl\u00e8ne inject\u00e9 par moulage \u00e0 air, renforc\u00e9 de fibre de verre, l\u2019Africa Counter Stool est l\u00e9ger (5,14 kg), solide, et empilable pour un rangement optimis\u00e9. Sa conception durable lui assure une excellente r\u00e9sistance aux intemp\u00e9ries et une grande long\u00e9vit\u00e9.<\/p>\n<p>D\u00e9clin\u00e9 en plusieurs couleurs tendance, il permet de personnaliser votre d\u00e9coration avec \u00e9l\u00e9gance et modernit\u00e9.<\/p>\n<p><span style=\"font-family: inherit; font-size: 30px;\">Dimensions :<\/span><\/p>\n<p><img fetchpriority=\"high\" decoding=\"async\" class=\"alignnone size-full wp-image-11276\" src=\"https:\/\/homeproject.fr\/fr\/wp-content\/uploads\/2025\/03\/IMG_4076.jpeg\" alt=\"\" width=\"800\" height=\"800\" srcset=\"https:\/\/homeproject.fr\/fr\/wp-content\/uploads\/2025\/03\/IMG_4076.jpeg 800w, https:\/\/homeproject.fr\/fr\/wp-content\/uploads\/2025\/03\/IMG_4076-680x680.jpeg 680w, https:\/\/homeproject.fr\/fr\/wp-content\/uploads\/2025\/03\/IMG_4076-300x300.jpeg 300w, https:\/\/homeproject.fr\/fr\/wp-content\/uploads\/2025\/03\/IMG_4076-150x150.jpeg 150w, https:\/\/homeproject.fr\/fr\/wp-content\/uploads\/2025\/03\/IMG_4076-768x768.jpeg 768w, https:\/\/homeproject.fr\/fr\/wp-content\/uploads\/2025\/03\/IMG_4076-12x12.jpeg 12w\" sizes=\"(max-width: 800px) 100vw, 800px\" \/><\/p>\n<p><img decoding=\"async\" class=\"alignnone wp-image-11277 size-full\" src=\"https:\/\/homeproject.fr\/fr\/wp-content\/uploads\/2025\/03\/IMG_4075.jpeg\" alt=\"\" width=\"800\" height=\"800\" srcset=\"https:\/\/homeproject.fr\/fr\/wp-content\/uploads\/2025\/03\/IMG_4075.jpeg 800w, https:\/\/homeproject.fr\/fr\/wp-content\/uploads\/2025\/03\/IMG_4075-680x680.jpeg 680w, https:\/\/homeproject.fr\/fr\/wp-content\/uploads\/2025\/03\/IMG_4075-300x300.jpeg 300w, https:\/\/homeproject.fr\/fr\/wp-content\/uploads\/2025\/03\/IMG_4075-150x150.jpeg 150w, https:\/\/homeproject.fr\/fr\/wp-content\/uploads\/2025\/03\/IMG_4075-768x768.jpeg 768w, https:\/\/homeproject.fr\/fr\/wp-content\/uploads\/2025\/03\/IMG_4075-12x12.jpeg 12w\" sizes=\"(max-width: 800px) 100vw, 800px\" \/><\/p>\n<p>D\u00e9couvrez d\u00e8s maintenant l\u2019Africa Counter Stool de Vondom sur HomeProject.fr et apportez une touche raffin\u00e9e et contemporaine \u00e0 vos espaces de vie.<\/p>\n<div class=\"flex max-w-full flex-col flex-grow\">\n<div class=\"min-h-8 text-message flex w-full flex-col items-end gap-2 whitespace-normal break-words text-start [.text-message+&]:mt-5\" dir=\"auto\" data-message-author-role=\"assistant\" data-message-id=\"5caff6c9-7ccb-438b-bf30-0814fcb11509\" data-message-model-slug=\"gpt-4o\">\n<div class=\"flex w-full flex-col gap-1 empty:hidden first:pt-[3px]\">\n<div class=\"markdown prose w-full break-words dark:prose-invert light\">\n<h2 data-start=\"890\" data-end=\"939\"><strong style=\"font-family: inherit; font-size: 30px;\">Vous avez des questions ?<\/strong><\/h2>\n<\/div>\n<\/div>\n<\/div>\n<\/div>\n<style id=\"wpforms-css-vars-3675\">\n\t\t\t\t#wpforms-3675 {\n\t\t\t\t\n\t\t\t}\n\t\t\t<\/style><div class=\"wpforms-container wpforms-container-full wpforms-render-modern\" id=\"wpforms-3675\"><form id=\"wpforms-form-3675\" class=\"wpforms-validate wpforms-form wpforms-ajax-form\" data-formid=\"3675\" method=\"post\" enctype=\"multipart\/form-data\" action=\"\/fr\/wp-json\/wp\/v2\/product\/11267\" data-token=\"3b32cced719d701d46405c3d9600b33b\" data-token-time=\"1778029706\"><noscript class=\"wpforms-error-noscript\">Veuillez activer JavaScript dans votre navigateur pour remplir ce formulaire.<\/noscript><div id=\"wpforms-error-noscript\" style=\"display: none;\">Veuillez activer JavaScript dans votre navigateur pour remplir ce formulaire.<\/div><div class=\"wpforms-field-container\"><div id=\"wpforms-3675-field_3-container\" class=\"wpforms-field wpforms-field-name\" data-field-id=\"3\"><fieldset><legend class=\"wpforms-field-label\">Nom <span class=\"wpforms-required-label\" aria-hidden=\"true\">*<\/span><\/legend><div class=\"wpforms-field-row wpforms-field-medium\"><div class=\"wpforms-field-row-block wpforms-first wpforms-one-half\"><input type=\"text\" id=\"wpforms-3675-field_3\" class=\"wpforms-field-name-first wpforms-field-required\" name=\"wpforms[fields][3][first]\" aria-errormessage=\"wpforms-3675-field_3-error\" required><label for=\"wpforms-3675-field_3\" class=\"wpforms-field-sublabel after\">Pr\u00e9nom<\/label><\/div><div class=\"wpforms-field-row-block wpforms-one-half\"><input type=\"text\" id=\"wpforms-3675-field_3-last\" class=\"wpforms-field-name-last wpforms-field-required\" name=\"wpforms[fields][3][last]\" aria-errormessage=\"wpforms-3675-field_3-last-error\" required><label for=\"wpforms-3675-field_3-last\" class=\"wpforms-field-sublabel after\">Nom<\/label><\/div><\/div><\/fieldset><\/div>\t\t<div id=\"wpforms-3675-field_1-container\"\n\t\t\tclass=\"wpforms-field wpforms-field-text\"\n\t\t\tdata-field-type=\"text\"\n\t\t\tdata-field-id=\"1\"\n\t\t\t>\n\t\t\t<label class=\"wpforms-field-label\" for=\"wpforms-3675-field_1\" >E-mail Nom Message<\/label>\n\t\t\t<input type=\"text\" id=\"wpforms-3675-field_1\" class=\"wpforms-field-medium\" name=\"wpforms[fields][1]\" >\n\t\t<\/div>\n\t\t<div id=\"wpforms-3675-field_4-container\" class=\"wpforms-field wpforms-field-email\" data-field-id=\"4\"><label class=\"wpforms-field-label\" for=\"wpforms-3675-field_4\">E-mail <span class=\"wpforms-required-label\" aria-hidden=\"true\">*<\/span><\/label><input type=\"email\" id=\"wpforms-3675-field_4\" class=\"wpforms-field-medium wpforms-field-required\" name=\"wpforms[fields][4]\" spellcheck=\"false\" aria-errormessage=\"wpforms-3675-field_4-error\" required><\/div><div id=\"wpforms-3675-field_5-container\" class=\"wpforms-field wpforms-field-textarea\" data-field-id=\"5\"><label class=\"wpforms-field-label\" for=\"wpforms-3675-field_5\">Message <span class=\"wpforms-required-label\" aria-hidden=\"true\">*<\/span><\/label><textarea id=\"wpforms-3675-field_5\" class=\"wpforms-field-medium wpforms-field-required\" name=\"wpforms[fields][5]\" aria-errormessage=\"wpforms-3675-field_5-error\" required><\/textarea><\/div><script>\n\t\t\t\t( function() {\n\t\t\t\t\tconst style = document.createElement( 'style' );\n\t\t\t\t\tstyle.appendChild( document.createTextNode( '#wpforms-3675-field_1-container { position: absolute !important; overflow: hidden !important; display: inline !important; height: 1px !important; width: 1px !important; z-index: -1000 !important; padding: 0 !important; } #wpforms-3675-field_1-container input { visibility: hidden; } #wpforms-conversational-form-page #wpforms-3675-field_1-container label { counter-increment: none; }' ) );\n\t\t\t\t\tdocument.head.appendChild( style );\n\t\t\t\t\tdocument.currentScript?.remove();\n\t\t\t\t} )();\n\t\t\t<\/script><\/div><!-- .wpforms-field-container --><div class=\"wpforms-submit-container\" ><input type=\"hidden\" name=\"wpforms[id]\" value=\"3675\"><input type=\"hidden\" name=\"page_title\" value=\"\"><input type=\"hidden\" name=\"page_url\" value=\"https:\/\/homeproject.fr\/fr\/wp-json\/wp\/v2\/product\/11267\"><input type=\"hidden\" name=\"url_referer\" value=\"\"><button type=\"submit\" name=\"wpforms[submit]\" id=\"wpforms-submit-3675\" class=\"wpforms-submit\" data-alt-text=\"Envoi...\" data-submit-text=\"Envoyer\" aria-live=\"assertive\" value=\"wpforms-submit\">Envoyer<\/button><img decoding=\"async\" src=\"https:\/\/homeproject.fr\/fr\/wp-content\/plugins\/wpforms-lite\/assets\/images\/submit-spin.svg\" class=\"wpforms-submit-spinner\" style=\"display: none;\" width=\"26\" height=\"26\" alt=\"Chargement en cours\"><\/div><\/form><\/div>  <!-- .wpforms-container -->\n","protected":false},"excerpt":{"rendered":"<p><strong>\u00c9l\u00e9gance et confort<\/strong><\/p>\n<p>Con\u00e7u par Eugeni Quitllet, le tabouret Africa Counter Stool allie esth\u00e9tique contemporaine et confort optimal. Avec sa structure raffin\u00e9e et ergonomique, il s\u2019int\u00e8gre parfaitement dans vos espaces tels que la cuisine, un bar d\u2019int\u00e9rieur ou d\u2019ext\u00e9rieur, une terrasse ou un jardin.<\/p>\n","protected":false},"featured_media":11279,"template":"","meta":{"_uf_show_specific_survey":0,"_uf_disable_surveys":false,"iawp_total_views":15},"product_brand":[485],"product_cat":[486],"product_tag":[],"class_list":{"0":"post-11267","1":"product","2":"type-product","3":"status-publish","4":"has-post-thumbnail","6":"product_brand-vondom","7":"product_cat-tabourets-exterieurs","8":"product_shipping_class-gros-colis-messagerie","9":"pa_collection-africa-collection-par-vondom","10":"pa_designer-eugeni-quitllet","11":"pa_marque-vondom","12":"pa_materiau-polypropylene","14":"first","15":"instock","16":"taxable","17":"shipping-taxable","18":"purchasable","19":"product-type-variable"},"yoast_head":"<!-- This site is optimized with the Yoast SEO plugin v27.5 - https:\/\/yoast.com\/product\/yoast-seo-wordpress\/ -->\n<title>Lot de 4 Tabourets ext\u00e9rieurs empilables Africa Vondom - Homeproject.fr<\/title>\n<meta name=\"robots\" content=\"index, follow, max-snippet:-1, max-image-preview:large, max-video-preview:-1\" \/>\n<link rel=\"canonical\" href=\"https:\/\/homeproject.fr\/fr\/produit\/tabouret-exterieur-africa-vondom-h-65-et-75-cm-elegance-et-confort\/\" \/>\n<meta property=\"og:locale\" content=\"fr_FR\" \/>\n<meta property=\"og:type\" content=\"article\" \/>\n<meta property=\"og:title\" content=\"Lot de 4 Tabourets ext\u00e9rieurs empilables Africa Vondom - Homeproject.fr\" \/>\n<meta property=\"og:description\" content=\"\u00c9l\u00e9gance et confort  Con\u00e7u par Eugeni Quitllet, le tabouret Africa Counter Stool allie esth\u00e9tique contemporaine et confort optimal. Avec sa structure raffin\u00e9e et ergonomique, il s\u2019int\u00e8gre parfaitement dans vos espaces tels que la cuisine, un bar d\u2019int\u00e9rieur ou d\u2019ext\u00e9rieur, une terrasse ou un jardin.\" \/>\n<meta property=\"og:url\" content=\"https:\/\/homeproject.fr\/fr\/produit\/tabouret-exterieur-africa-vondom-h-65-et-75-cm-elegance-et-confort\/\" \/>\n<meta property=\"og:site_name\" content=\"Homeproject.fr\" \/>\n<meta property=\"article:modified_time\" content=\"2025-06-07T14:21:46+00:00\" \/>\n<meta property=\"og:image\" content=\"https:\/\/homeproject.fr\/fr\/wp-content\/uploads\/2025\/03\/IMG_4074.jpeg\" \/>\n\t<meta property=\"og:image:width\" content=\"800\" \/>\n\t<meta property=\"og:image:height\" content=\"800\" \/>\n\t<meta property=\"og:image:type\" content=\"image\/jpeg\" \/>\n<meta name=\"twitter:card\" content=\"summary_large_image\" \/>\n<meta name=\"twitter:label1\" content=\"Dur\u00e9e de lecture estim\u00e9e\" \/>\n\t<meta name=\"twitter:data1\" content=\"2 minutes\" \/>\n<script type=\"application\/ld+json\" class=\"yoast-schema-graph\">{\"@context\":\"https:\\\/\\\/schema.org\",\"@graph\":[{\"@type\":\"WebPage\",\"@id\":\"https:\\\/\\\/homeproject.fr\\\/fr\\\/produit\\\/tabouret-exterieur-africa-vondom-h-65-et-75-cm-elegance-et-confort\\\/\",\"url\":\"https:\\\/\\\/homeproject.fr\\\/fr\\\/produit\\\/tabouret-exterieur-africa-vondom-h-65-et-75-cm-elegance-et-confort\\\/\",\"name\":\"Lot de 4 Tabourets ext\u00e9rieurs empilables Africa Vondom - Homeproject.fr\",\"isPartOf\":{\"@id\":\"https:\\\/\\\/homeproject.fr\\\/fr\\\/#website\"},\"primaryImageOfPage\":{\"@id\":\"https:\\\/\\\/homeproject.fr\\\/fr\\\/produit\\\/tabouret-exterieur-africa-vondom-h-65-et-75-cm-elegance-et-confort\\\/#primaryimage\"},\"image\":{\"@id\":\"https:\\\/\\\/homeproject.fr\\\/fr\\\/produit\\\/tabouret-exterieur-africa-vondom-h-65-et-75-cm-elegance-et-confort\\\/#primaryimage\"},\"thumbnailUrl\":\"https:\\\/\\\/homeproject.fr\\\/fr\\\/wp-content\\\/uploads\\\/2025\\\/03\\\/IMG_4074.jpeg\",\"datePublished\":\"2025-03-17T08:22:32+00:00\",\"dateModified\":\"2025-06-07T14:21:46+00:00\",\"breadcrumb\":{\"@id\":\"https:\\\/\\\/homeproject.fr\\\/fr\\\/produit\\\/tabouret-exterieur-africa-vondom-h-65-et-75-cm-elegance-et-confort\\\/#breadcrumb\"},\"inLanguage\":\"fr-FR\",\"potentialAction\":[{\"@type\":\"ReadAction\",\"target\":[\"https:\\\/\\\/homeproject.fr\\\/fr\\\/produit\\\/tabouret-exterieur-africa-vondom-h-65-et-75-cm-elegance-et-confort\\\/\"]}]},{\"@type\":\"ImageObject\",\"inLanguage\":\"fr-FR\",\"@id\":\"https:\\\/\\\/homeproject.fr\\\/fr\\\/produit\\\/tabouret-exterieur-africa-vondom-h-65-et-75-cm-elegance-et-confort\\\/#primaryimage\",\"url\":\"https:\\\/\\\/homeproject.fr\\\/fr\\\/wp-content\\\/uploads\\\/2025\\\/03\\\/IMG_4074.jpeg\",\"contentUrl\":\"https:\\\/\\\/homeproject.fr\\\/fr\\\/wp-content\\\/uploads\\\/2025\\\/03\\\/IMG_4074.jpeg\",\"width\":800,\"height\":800},{\"@type\":\"BreadcrumbList\",\"@id\":\"https:\\\/\\\/homeproject.fr\\\/fr\\\/produit\\\/tabouret-exterieur-africa-vondom-h-65-et-75-cm-elegance-et-confort\\\/#breadcrumb\",\"itemListElement\":[{\"@type\":\"ListItem\",\"position\":1,\"name\":\"Accueil\",\"item\":\"https:\\\/\\\/homeproject.fr\\\/fr\\\/\"},{\"@type\":\"ListItem\",\"position\":2,\"name\":\"Boutique\",\"item\":\"https:\\\/\\\/homeproject.fr\\\/fr\\\/boutique\\\/\"},{\"@type\":\"ListItem\",\"position\":3,\"name\":\"Lot de 4 Tabourets ext\u00e9rieurs empilables Africa Vondom\"}]},{\"@type\":\"WebSite\",\"@id\":\"https:\\\/\\\/homeproject.fr\\\/fr\\\/#website\",\"url\":\"https:\\\/\\\/homeproject.fr\\\/fr\\\/\",\"name\":\"Homeproject.fr\",\"description\":\"Offrez l&#039;exceptionnel \u00e0 vos espaces \u00e0 vivre\",\"publisher\":{\"@id\":\"https:\\\/\\\/homeproject.fr\\\/fr\\\/#organization\"},\"potentialAction\":[{\"@type\":\"SearchAction\",\"target\":{\"@type\":\"EntryPoint\",\"urlTemplate\":\"https:\\\/\\\/homeproject.fr\\\/fr\\\/?s={search_term_string}\"},\"query-input\":{\"@type\":\"PropertyValueSpecification\",\"valueRequired\":true,\"valueName\":\"search_term_string\"}}],\"inLanguage\":\"fr-FR\"},{\"@type\":\"Organization\",\"@id\":\"https:\\\/\\\/homeproject.fr\\\/fr\\\/#organization\",\"name\":\"Homeproject.fr\",\"url\":\"https:\\\/\\\/homeproject.fr\\\/fr\\\/\",\"logo\":{\"@type\":\"ImageObject\",\"inLanguage\":\"fr-FR\",\"@id\":\"https:\\\/\\\/homeproject.fr\\\/fr\\\/#\\\/schema\\\/logo\\\/image\\\/\",\"url\":\"https:\\\/\\\/homeproject.fr\\\/fr\\\/wp-content\\\/uploads\\\/2024\\\/12\\\/Logo_HomeProject-noir-2.png\",\"contentUrl\":\"https:\\\/\\\/homeproject.fr\\\/fr\\\/wp-content\\\/uploads\\\/2024\\\/12\\\/Logo_HomeProject-noir-2.png\",\"width\":300,\"height\":91,\"caption\":\"Homeproject.fr\"},\"image\":{\"@id\":\"https:\\\/\\\/homeproject.fr\\\/fr\\\/#\\\/schema\\\/logo\\\/image\\\/\"}}]}<\/script>\n<!-- \/ Yoast SEO plugin. -->","yoast_head_json":{"title":"Lot de 4 Tabourets ext\u00e9rieurs empilables Africa Vondom - Homeproject.fr","robots":{"index":"index","follow":"follow","max-snippet":"max-snippet:-1","max-image-preview":"max-image-preview:large","max-video-preview":"max-video-preview:-1"},"canonical":"https:\/\/homeproject.fr\/fr\/produit\/tabouret-exterieur-africa-vondom-h-65-et-75-cm-elegance-et-confort\/","og_locale":"fr_FR","og_type":"article","og_title":"Lot de 4 Tabourets ext\u00e9rieurs empilables Africa Vondom - Homeproject.fr","og_description":"\u00c9l\u00e9gance et confort  Con\u00e7u par Eugeni Quitllet, le tabouret Africa Counter Stool allie esth\u00e9tique contemporaine et confort optimal. Avec sa structure raffin\u00e9e et ergonomique, il s\u2019int\u00e8gre parfaitement dans vos espaces tels que la cuisine, un bar d\u2019int\u00e9rieur ou d\u2019ext\u00e9rieur, une terrasse ou un jardin.","og_url":"https:\/\/homeproject.fr\/fr\/produit\/tabouret-exterieur-africa-vondom-h-65-et-75-cm-elegance-et-confort\/","og_site_name":"Homeproject.fr","article_modified_time":"2025-06-07T14:21:46+00:00","og_image":[{"width":800,"height":800,"url":"https:\/\/homeproject.fr\/fr\/wp-content\/uploads\/2025\/03\/IMG_4074.jpeg","type":"image\/jpeg"}],"twitter_card":"summary_large_image","twitter_misc":{"Dur\u00e9e de lecture estim\u00e9e":"2 minutes"},"schema":{"@context":"https:\/\/schema.org","@graph":[{"@type":"WebPage","@id":"https:\/\/homeproject.fr\/fr\/produit\/tabouret-exterieur-africa-vondom-h-65-et-75-cm-elegance-et-confort\/","url":"https:\/\/homeproject.fr\/fr\/produit\/tabouret-exterieur-africa-vondom-h-65-et-75-cm-elegance-et-confort\/","name":"Lot de 4 Tabourets ext\u00e9rieurs empilables Africa Vondom - Homeproject.fr","isPartOf":{"@id":"https:\/\/homeproject.fr\/fr\/#website"},"primaryImageOfPage":{"@id":"https:\/\/homeproject.fr\/fr\/produit\/tabouret-exterieur-africa-vondom-h-65-et-75-cm-elegance-et-confort\/#primaryimage"},"image":{"@id":"https:\/\/homeproject.fr\/fr\/produit\/tabouret-exterieur-africa-vondom-h-65-et-75-cm-elegance-et-confort\/#primaryimage"},"thumbnailUrl":"https:\/\/homeproject.fr\/fr\/wp-content\/uploads\/2025\/03\/IMG_4074.jpeg","datePublished":"2025-03-17T08:22:32+00:00","dateModified":"2025-06-07T14:21:46+00:00","breadcrumb":{"@id":"https:\/\/homeproject.fr\/fr\/produit\/tabouret-exterieur-africa-vondom-h-65-et-75-cm-elegance-et-confort\/#breadcrumb"},"inLanguage":"fr-FR","potentialAction":[{"@type":"ReadAction","target":["https:\/\/homeproject.fr\/fr\/produit\/tabouret-exterieur-africa-vondom-h-65-et-75-cm-elegance-et-confort\/"]}]},{"@type":"ImageObject","inLanguage":"fr-FR","@id":"https:\/\/homeproject.fr\/fr\/produit\/tabouret-exterieur-africa-vondom-h-65-et-75-cm-elegance-et-confort\/#primaryimage","url":"https:\/\/homeproject.fr\/fr\/wp-content\/uploads\/2025\/03\/IMG_4074.jpeg","contentUrl":"https:\/\/homeproject.fr\/fr\/wp-content\/uploads\/2025\/03\/IMG_4074.jpeg","width":800,"height":800},{"@type":"BreadcrumbList","@id":"https:\/\/homeproject.fr\/fr\/produit\/tabouret-exterieur-africa-vondom-h-65-et-75-cm-elegance-et-confort\/#breadcrumb","itemListElement":[{"@type":"ListItem","position":1,"name":"Accueil","item":"https:\/\/homeproject.fr\/fr\/"},{"@type":"ListItem","position":2,"name":"Boutique","item":"https:\/\/homeproject.fr\/fr\/boutique\/"},{"@type":"ListItem","position":3,"name":"Lot de 4 Tabourets ext\u00e9rieurs empilables Africa Vondom"}]},{"@type":"WebSite","@id":"https:\/\/homeproject.fr\/fr\/#website","url":"https:\/\/homeproject.fr\/fr\/","name":"Homeproject.fr","description":"Offrez l&#039;exceptionnel \u00e0 vos espaces \u00e0 vivre","publisher":{"@id":"https:\/\/homeproject.fr\/fr\/#organization"},"potentialAction":[{"@type":"SearchAction","target":{"@type":"EntryPoint","urlTemplate":"https:\/\/homeproject.fr\/fr\/?s={search_term_string}"},"query-input":{"@type":"PropertyValueSpecification","valueRequired":true,"valueName":"search_term_string"}}],"inLanguage":"fr-FR"},{"@type":"Organization","@id":"https:\/\/homeproject.fr\/fr\/#organization","name":"Homeproject.fr","url":"https:\/\/homeproject.fr\/fr\/","logo":{"@type":"ImageObject","inLanguage":"fr-FR","@id":"https:\/\/homeproject.fr\/fr\/#\/schema\/logo\/image\/","url":"https:\/\/homeproject.fr\/fr\/wp-content\/uploads\/2024\/12\/Logo_HomeProject-noir-2.png","contentUrl":"https:\/\/homeproject.fr\/fr\/wp-content\/uploads\/2024\/12\/Logo_HomeProject-noir-2.png","width":300,"height":91,"caption":"Homeproject.fr"},"image":{"@id":"https:\/\/homeproject.fr\/fr\/#\/schema\/logo\/image\/"}}]}},"_links":{"self":[{"href":"https:\/\/homeproject.fr\/fr\/wp-json\/wp\/v2\/product\/11267","targetHints":{"allow":["GET"]}}],"collection":[{"href":"https:\/\/homeproject.fr\/fr\/wp-json\/wp\/v2\/product"}],"about":[{"href":"https:\/\/homeproject.fr\/fr\/wp-json\/wp\/v2\/types\/product"}],"version-history":[{"count":7,"href":"https:\/\/homeproject.fr\/fr\/wp-json\/wp\/v2\/product\/11267\/revisions"}],"predecessor-version":[{"id":14329,"href":"https:\/\/homeproject.fr\/fr\/wp-json\/wp\/v2\/product\/11267\/revisions\/14329"}],"wp:featuredmedia":[{"embeddable":true,"href":"https:\/\/homeproject.fr\/fr\/wp-json\/wp\/v2\/media\/11279"}],"wp:attachment":[{"href":"https:\/\/homeproject.fr\/fr\/wp-json\/wp\/v2\/media?parent=11267"}],"wp:term":[{"taxonomy":"product_brand","embeddable":true,"href":"https:\/\/homeproject.fr\/fr\/wp-json\/wp\/v2\/product_brand?post=11267"},{"taxonomy":"product_cat","embeddable":true,"href":"https:\/\/homeproject.fr\/fr\/wp-json\/wp\/v2\/product_cat?post=11267"},{"taxonomy":"product_tag","embeddable":true,"href":"https:\/\/homeproject.fr\/fr\/wp-json\/wp\/v2\/product_tag?post=11267"}],"curies":[{"name":"wp","href":"https:\/\/api.w.org\/{rel}","templated":true}]}}