{"id":11223,"date":"2025-03-15T15:21:21","date_gmt":"2025-03-15T15:21:21","guid":{"rendered":"https:\/\/homeproject.fr\/fr\/?post_type=product&#038;p=11223"},"modified":"2025-03-15T15:29:03","modified_gmt":"2025-03-15T15:29:03","slug":"papier-peint-personnalisable-subterranea-collection-monochrome-par-inkiostro-bianco","status":"publish","type":"product","link":"https:\/\/homeproject.fr\/fr\/produit\/papier-peint-personnalisable-subterranea-collection-monochrome-par-inkiostro-bianco\/","title":{"rendered":"Papier peint personnalisable Subterranea \u2013 Collection Monochrome par Inkiostro Bianco"},"content":{"rendered":"<h3><strong style=\"font-size: 16px;\"><a href=\"https:\/\/homeproject.fr\/fr\/wp-content\/uploads\/2025\/03\/nuovo_manuale_posa_A5_sezioni_2022_web.pdf\" target=\"_blank\" rel=\"noopener\">T\u00e9l\u00e9charger la notice d\u2019installation<\/a><\/strong><\/h3>\n<hr \/>\n<div class=\"flex max-w-full flex-col flex-grow\">\n<div class=\"min-h-8 text-message flex w-full flex-col items-end gap-2 whitespace-normal break-words text-start [.text-message+&]:mt-5\" dir=\"auto\" data-message-author-role=\"assistant\" data-message-id=\"5caff6c9-7ccb-438b-bf30-0814fcb11509\" data-message-model-slug=\"gpt-4o\">\n<div class=\"flex w-full flex-col gap-1 empty:hidden first:pt-[3px]\">\n<div class=\"markdown prose w-full break-words dark:prose-invert light\">\n<h2 data-start=\"440\" data-end=\"477\"><strong data-start=\"443\" data-end=\"477\">Caract\u00e9ristiques principales :<\/strong><\/h2>\n<p data-start=\"478\" data-end=\"757\">\u2705 <strong data-start=\"482\" data-end=\"514\">Design artistique et textur\u00e9<\/strong> : Un assemblage de formes inspir\u00e9es des mati\u00e8res brutes et naturelles pour une d\u00e9coration murale moderne et impactante.<br data-start=\"634\" data-end=\"637\" \/>\u2705 <strong data-start=\"639\" data-end=\"670\">Personnalisation sur-mesure<\/strong> : Impression \u00e0 la demande pour une adaptation parfaite aux dimensions de votre mur.<br data-start=\"754\" data-end=\"757\" \/>\u2705 <strong data-start=\"759\" data-end=\"790\">Deux supports haut de gamme<\/strong> :<\/p>\n<ul data-start=\"761\" data-end=\"1385\">\n<li data-start=\"761\" data-end=\"862\"><strong data-start=\"763\" data-end=\"773\">Vinyle<\/strong> : R\u00e9sistant, lavable avec du savon neutre, id\u00e9al pour les espaces \u00e0 fort passage (salons, h\u00f4tels, bureaux).<br \/>\n<a href=\"https:\/\/homeproject.fr\/fr\/wp-content\/uploads\/2025\/03\/Tech_Specs_Vinile_2022-23.pdf\">voir la fiche technique<\/a><\/li>\n<\/ul>\n<ul data-start=\"761\" data-end=\"1385\">\n<li data-start=\"866\" data-end=\"1144\"><strong data-start=\"868\" data-end=\"875\">Raw<\/strong> : Finition mate textur\u00e9e, apportant un rendu plus naturel et artistique.<br \/>\n<a href=\"https:\/\/homeproject.fr\/fr\/wp-content\/uploads\/2025\/03\/Tech_Specs_RAW_2022-23.pdf\" target=\"_blank\" rel=\"noopener\">voir la fiche technique<\/a><\/li>\n<\/ul>\n<p>\u2705 <strong data-start=\"948\" data-end=\"981\">Installation facile et rapide<\/strong> : Pose simplifi\u00e9e avec colle sp\u00e9cifique incluse\u200b<\/p>\n<ul>\n<li data-start=\"1104\" data-end=\"1166\"><strong data-start=\"1106\" data-end=\"1118\">Ignifuge<\/strong> (classe B-s2, d0) pour une s\u00e9curit\u00e9 optimale.<\/li>\n<li data-start=\"1170\" data-end=\"1226\"><strong data-start=\"1172\" data-end=\"1192\">R\u00e9sistant aux UV<\/strong>, ne d\u00e9colore pas avec le temps.<\/li>\n<li data-start=\"1230\" data-end=\"1343\"><strong data-start=\"1232\" data-end=\"1253\">Sans formald\u00e9hyde<\/strong>, inodore et respectueux de l\u2019environnement\u200b<\/li>\n<li data-start=\"1230\" data-end=\"1343\">\n<h3 data-start=\"1345\" data-end=\"1416\"><strong data-start=\"1349\" data-end=\"1416\">Un papier peint pour une d\u00e9coration \u00e0 la fois brute et \u00e9l\u00e9gante<\/strong><\/h3>\n<p data-start=\"1417\" data-end=\"1654\">Le <strong data-start=\"1420\" data-end=\"1448\">papier peint Subterranea<\/strong> joue avec les textures et les contrastes pour apporter profondeur et caract\u00e8re \u00e0 votre espace. Parfait pour les int\u00e9rieurs modernes, industriels ou minimalistes, il cr\u00e9e une atmosph\u00e8re unique et immersive.<\/p>\n<p data-start=\"1656\" data-end=\"2025\">\ud83d\udcd0 <strong data-start=\"1659\" data-end=\"1684\">Dimensions ajustables<\/strong> : Largeur des rouleaux de <strong data-start=\"1711\" data-end=\"1720\">68 cm ou 94 cm <\/strong>selon le support, hauteur sur mesure\u200b<\/p>\n<\/li>\n<\/ul>\n<h2 data-start=\"890\" data-end=\"939\"><strong style=\"font-family: inherit; font-size: 30px;\">Vous avez des questions ?<\/strong><\/h2>\n<\/div>\n<\/div>\n<\/div>\n<\/div>\n<style id=\"wpforms-css-vars-3675\">\n\t\t\t\t#wpforms-3675 {\n\t\t\t\t\n\t\t\t}\n\t\t\t<\/style><div class=\"wpforms-container wpforms-container-full wpforms-render-modern\" id=\"wpforms-3675\"><form id=\"wpforms-form-3675\" class=\"wpforms-validate wpforms-form wpforms-ajax-form\" data-formid=\"3675\" method=\"post\" enctype=\"multipart\/form-data\" action=\"\/fr\/wp-json\/wp\/v2\/product\/11223\" data-token=\"03cdf653ce821e1e97cc9c531d12385b\" data-token-time=\"1778536545\"><noscript class=\"wpforms-error-noscript\">Veuillez activer JavaScript dans votre navigateur pour remplir ce formulaire.<\/noscript><div id=\"wpforms-error-noscript\" style=\"display: none;\">Veuillez activer JavaScript dans votre navigateur pour remplir ce formulaire.<\/div><div class=\"wpforms-field-container\"><div id=\"wpforms-3675-field_3-container\" class=\"wpforms-field wpforms-field-name\" data-field-id=\"3\"><fieldset><legend class=\"wpforms-field-label\">Nom <span class=\"wpforms-required-label\" aria-hidden=\"true\">*<\/span><\/legend><div class=\"wpforms-field-row wpforms-field-medium\"><div class=\"wpforms-field-row-block wpforms-first wpforms-one-half\"><input type=\"text\" id=\"wpforms-3675-field_3\" class=\"wpforms-field-name-first wpforms-field-required\" name=\"wpforms[fields][3][first]\" aria-errormessage=\"wpforms-3675-field_3-error\" required><label for=\"wpforms-3675-field_3\" class=\"wpforms-field-sublabel after\">Pr\u00e9nom<\/label><\/div><div class=\"wpforms-field-row-block wpforms-one-half\"><input type=\"text\" id=\"wpforms-3675-field_3-last\" class=\"wpforms-field-name-last wpforms-field-required\" name=\"wpforms[fields][3][last]\" aria-errormessage=\"wpforms-3675-field_3-last-error\" required><label for=\"wpforms-3675-field_3-last\" class=\"wpforms-field-sublabel after\">Nom<\/label><\/div><\/div><\/fieldset><\/div><div id=\"wpforms-3675-field_4-container\" class=\"wpforms-field wpforms-field-email\" data-field-id=\"4\"><label class=\"wpforms-field-label\" for=\"wpforms-3675-field_4\">E-mail <span class=\"wpforms-required-label\" aria-hidden=\"true\">*<\/span><\/label><input type=\"email\" id=\"wpforms-3675-field_4\" class=\"wpforms-field-medium wpforms-field-required\" name=\"wpforms[fields][4]\" spellcheck=\"false\" aria-errormessage=\"wpforms-3675-field_4-error\" required><\/div>\t\t<div id=\"wpforms-3675-field_1-container\"\n\t\t\tclass=\"wpforms-field wpforms-field-text\"\n\t\t\tdata-field-type=\"text\"\n\t\t\tdata-field-id=\"1\"\n\t\t\t>\n\t\t\t<label class=\"wpforms-field-label\" for=\"wpforms-3675-field_1\" >Message Nom E-mail<\/label>\n\t\t\t<input type=\"text\" id=\"wpforms-3675-field_1\" class=\"wpforms-field-medium\" name=\"wpforms[fields][1]\" >\n\t\t<\/div>\n\t\t<div id=\"wpforms-3675-field_5-container\" class=\"wpforms-field wpforms-field-textarea\" data-field-id=\"5\"><label class=\"wpforms-field-label\" for=\"wpforms-3675-field_5\">Message <span class=\"wpforms-required-label\" aria-hidden=\"true\">*<\/span><\/label><textarea id=\"wpforms-3675-field_5\" class=\"wpforms-field-medium wpforms-field-required\" name=\"wpforms[fields][5]\" aria-errormessage=\"wpforms-3675-field_5-error\" required><\/textarea><\/div><script>\n\t\t\t\t( function() {\n\t\t\t\t\tconst style = document.createElement( 'style' );\n\t\t\t\t\tstyle.appendChild( document.createTextNode( '#wpforms-3675-field_1-container { position: absolute !important; overflow: hidden !important; display: inline !important; height: 1px !important; width: 1px !important; z-index: -1000 !important; padding: 0 !important; } #wpforms-3675-field_1-container input { visibility: hidden; } #wpforms-conversational-form-page #wpforms-3675-field_1-container label { counter-increment: none; }' ) );\n\t\t\t\t\tdocument.head.appendChild( style );\n\t\t\t\t\tdocument.currentScript?.remove();\n\t\t\t\t} )();\n\t\t\t<\/script><\/div><!-- .wpforms-field-container --><div class=\"wpforms-submit-container\" ><input type=\"hidden\" name=\"wpforms[id]\" value=\"3675\"><input type=\"hidden\" name=\"page_title\" value=\"\"><input type=\"hidden\" name=\"page_url\" value=\"https:\/\/homeproject.fr\/fr\/wp-json\/wp\/v2\/product\/11223\"><input type=\"hidden\" name=\"url_referer\" value=\"\"><button type=\"submit\" name=\"wpforms[submit]\" id=\"wpforms-submit-3675\" class=\"wpforms-submit\" data-alt-text=\"Envoi...\" data-submit-text=\"Envoyer\" aria-live=\"assertive\" value=\"wpforms-submit\">Envoyer<\/button><img decoding=\"async\" src=\"https:\/\/homeproject.fr\/fr\/wp-content\/plugins\/wpforms-lite\/assets\/images\/submit-spin.svg\" class=\"wpforms-submit-spinner\" style=\"display: none;\" width=\"26\" height=\"26\" alt=\"Chargement en cours\"><\/div><\/form><\/div>  <!-- .wpforms-container -->\n","protected":false},"excerpt":{"rendered":"<div class=\"woocommerce-product-details__short-description\">\n<p data-start=\"195\" data-end=\"533\">Offrez \u00e0 votre int\u00e9rieur une dimension artistique et contemporaine avec le <strong data-start=\"208\" data-end=\"236\">papier peint Subterranea<\/strong>, issu de la <strong data-start=\"249\" data-end=\"274\">collection Monochrome<\/strong> d\u2019Inkiostro Bianco. Son design abstrait, inspir\u00e9 par les textures organiques et la stratification des mat\u00e9riaux naturels, cr\u00e9e une ambiance raffin\u00e9e et sophistiqu\u00e9e.<\/p>\n<p><strong>Un Produit Livr\u00e9 Pr\u00eat \u00e0 Poser<\/strong><\/p>\n<ul>\n<li><strong>Sur-Mesure :<\/strong> Chaque rouleau est adapt\u00e9 \u00e0 vos dimensions sp\u00e9cifiques.<\/li>\n<li><strong>Num\u00e9rotation des Panneaux :<\/strong> Les rouleaux sont num\u00e9rot\u00e9s pour garantir une installation fluide et la continuit\u00e9 parfaite du motif.<\/li>\n<li><strong>Colle Fournie :<\/strong> Une colle sp\u00e9ciale adapt\u00e9e aux finitions est incluse dans chaque commande.<\/li>\n<\/ul>\n<p><strong>Prix au m\u00b2 :<\/strong><\/p>\n<\/div>\n","protected":false},"featured_media":11228,"template":"","meta":{"_uf_show_specific_survey":0,"_uf_disable_surveys":false,"iawp_total_views":8},"product_brand":[],"product_cat":[399],"product_tag":[],"class_list":{"0":"post-11223","1":"product","2":"type-product","3":"status-publish","4":"has-post-thumbnail","6":"product_cat-papier-peint","7":"product_shipping_class-petit-colis","8":"pa_collection-monochrome-par-inkiostro-bianco","9":"pa_designer-studio-zero","10":"pa_effet-abstrait","11":"pa_marque-inkiostro-bianco","12":"pa_materiau-intisse","13":"pa_materiau-vinyle","15":"first","16":"instock","17":"taxable","18":"shipping-taxable","19":"purchasable","20":"product-type-variable"},"yoast_head":"<!-- This site is optimized with the Yoast SEO plugin v27.5 - https:\/\/yoast.com\/product\/yoast-seo-wordpress\/ -->\n<title>Papier peint personnalisable Subterranea \u2013 Collection Monochrome par Inkiostro Bianco - Homeproject.fr<\/title>\n<meta name=\"robots\" content=\"index, follow, max-snippet:-1, max-image-preview:large, max-video-preview:-1\" \/>\n<link rel=\"canonical\" href=\"https:\/\/homeproject.fr\/fr\/produit\/papier-peint-personnalisable-subterranea-collection-monochrome-par-inkiostro-bianco\/\" \/>\n<meta property=\"og:locale\" content=\"fr_FR\" \/>\n<meta property=\"og:type\" content=\"article\" \/>\n<meta property=\"og:title\" content=\"Papier peint personnalisable Subterranea \u2013 Collection Monochrome par Inkiostro Bianco - Homeproject.fr\" \/>\n<meta property=\"og:description\" content=\"Offrez \u00e0 votre int\u00e9rieur une dimension artistique et contemporaine avec le papier peint Subterranea, issu de la collection Monochrome d\u2019Inkiostro Bianco. Son design abstrait, inspir\u00e9 par les textures organiques et la stratification des mat\u00e9riaux naturels, cr\u00e9e une ambiance raffin\u00e9e et sophistiqu\u00e9e. Un Produit Livr\u00e9 Pr\u00eat \u00e0 Poser   Sur-Mesure : Chaque rouleau est adapt\u00e9 \u00e0 vos dimensions sp\u00e9cifiques.  Num\u00e9rotation des Panneaux : Les rouleaux sont num\u00e9rot\u00e9s pour garantir une installation fluide et la continuit\u00e9 parfaite du motif.  Colle Fournie : Une colle sp\u00e9ciale adapt\u00e9e aux finitions est incluse dans chaque commande.  Prix au m\u00b2 :\" \/>\n<meta property=\"og:url\" content=\"https:\/\/homeproject.fr\/fr\/produit\/papier-peint-personnalisable-subterranea-collection-monochrome-par-inkiostro-bianco\/\" \/>\n<meta property=\"og:site_name\" content=\"Homeproject.fr\" \/>\n<meta property=\"article:modified_time\" content=\"2025-03-15T15:29:03+00:00\" \/>\n<meta property=\"og:image\" content=\"https:\/\/homeproject.fr\/fr\/wp-content\/uploads\/2025\/03\/Papier-peint-personnalisable-sur-mesure-en-vinyle-Inkiostro-Bianco-Monochrome-Subterranea-ambiance.jpg\" \/>\n\t<meta property=\"og:image:width\" content=\"1500\" \/>\n\t<meta property=\"og:image:height\" content=\"1500\" \/>\n\t<meta property=\"og:image:type\" content=\"image\/jpeg\" \/>\n<meta name=\"twitter:card\" content=\"summary_large_image\" \/>\n<meta name=\"twitter:label1\" content=\"Dur\u00e9e de lecture estim\u00e9e\" \/>\n\t<meta name=\"twitter:data1\" content=\"2 minutes\" \/>\n<script type=\"application\/ld+json\" class=\"yoast-schema-graph\">{\"@context\":\"https:\\\/\\\/schema.org\",\"@graph\":[{\"@type\":\"WebPage\",\"@id\":\"https:\\\/\\\/homeproject.fr\\\/fr\\\/produit\\\/papier-peint-personnalisable-subterranea-collection-monochrome-par-inkiostro-bianco\\\/\",\"url\":\"https:\\\/\\\/homeproject.fr\\\/fr\\\/produit\\\/papier-peint-personnalisable-subterranea-collection-monochrome-par-inkiostro-bianco\\\/\",\"name\":\"Papier peint personnalisable Subterranea \u2013 Collection Monochrome par Inkiostro Bianco - Homeproject.fr\",\"isPartOf\":{\"@id\":\"https:\\\/\\\/homeproject.fr\\\/fr\\\/#website\"},\"primaryImageOfPage\":{\"@id\":\"https:\\\/\\\/homeproject.fr\\\/fr\\\/produit\\\/papier-peint-personnalisable-subterranea-collection-monochrome-par-inkiostro-bianco\\\/#primaryimage\"},\"image\":{\"@id\":\"https:\\\/\\\/homeproject.fr\\\/fr\\\/produit\\\/papier-peint-personnalisable-subterranea-collection-monochrome-par-inkiostro-bianco\\\/#primaryimage\"},\"thumbnailUrl\":\"https:\\\/\\\/homeproject.fr\\\/fr\\\/wp-content\\\/uploads\\\/2025\\\/03\\\/Papier-peint-personnalisable-sur-mesure-en-vinyle-Inkiostro-Bianco-Monochrome-Subterranea-ambiance.jpg\",\"datePublished\":\"2025-03-15T15:21:21+00:00\",\"dateModified\":\"2025-03-15T15:29:03+00:00\",\"breadcrumb\":{\"@id\":\"https:\\\/\\\/homeproject.fr\\\/fr\\\/produit\\\/papier-peint-personnalisable-subterranea-collection-monochrome-par-inkiostro-bianco\\\/#breadcrumb\"},\"inLanguage\":\"fr-FR\",\"potentialAction\":[{\"@type\":\"ReadAction\",\"target\":[\"https:\\\/\\\/homeproject.fr\\\/fr\\\/produit\\\/papier-peint-personnalisable-subterranea-collection-monochrome-par-inkiostro-bianco\\\/\"]}]},{\"@type\":\"ImageObject\",\"inLanguage\":\"fr-FR\",\"@id\":\"https:\\\/\\\/homeproject.fr\\\/fr\\\/produit\\\/papier-peint-personnalisable-subterranea-collection-monochrome-par-inkiostro-bianco\\\/#primaryimage\",\"url\":\"https:\\\/\\\/homeproject.fr\\\/fr\\\/wp-content\\\/uploads\\\/2025\\\/03\\\/Papier-peint-personnalisable-sur-mesure-en-vinyle-Inkiostro-Bianco-Monochrome-Subterranea-ambiance.jpg\",\"contentUrl\":\"https:\\\/\\\/homeproject.fr\\\/fr\\\/wp-content\\\/uploads\\\/2025\\\/03\\\/Papier-peint-personnalisable-sur-mesure-en-vinyle-Inkiostro-Bianco-Monochrome-Subterranea-ambiance.jpg\",\"width\":1500,\"height\":1500},{\"@type\":\"BreadcrumbList\",\"@id\":\"https:\\\/\\\/homeproject.fr\\\/fr\\\/produit\\\/papier-peint-personnalisable-subterranea-collection-monochrome-par-inkiostro-bianco\\\/#breadcrumb\",\"itemListElement\":[{\"@type\":\"ListItem\",\"position\":1,\"name\":\"Accueil\",\"item\":\"https:\\\/\\\/homeproject.fr\\\/fr\\\/\"},{\"@type\":\"ListItem\",\"position\":2,\"name\":\"Boutique\",\"item\":\"https:\\\/\\\/homeproject.fr\\\/fr\\\/boutique\\\/\"},{\"@type\":\"ListItem\",\"position\":3,\"name\":\"Papier peint personnalisable Subterranea \u2013 Collection Monochrome par Inkiostro Bianco\"}]},{\"@type\":\"WebSite\",\"@id\":\"https:\\\/\\\/homeproject.fr\\\/fr\\\/#website\",\"url\":\"https:\\\/\\\/homeproject.fr\\\/fr\\\/\",\"name\":\"Homeproject.fr\",\"description\":\"Offrez l&#039;exceptionnel \u00e0 vos espaces \u00e0 vivre\",\"publisher\":{\"@id\":\"https:\\\/\\\/homeproject.fr\\\/fr\\\/#organization\"},\"potentialAction\":[{\"@type\":\"SearchAction\",\"target\":{\"@type\":\"EntryPoint\",\"urlTemplate\":\"https:\\\/\\\/homeproject.fr\\\/fr\\\/?s={search_term_string}\"},\"query-input\":{\"@type\":\"PropertyValueSpecification\",\"valueRequired\":true,\"valueName\":\"search_term_string\"}}],\"inLanguage\":\"fr-FR\"},{\"@type\":\"Organization\",\"@id\":\"https:\\\/\\\/homeproject.fr\\\/fr\\\/#organization\",\"name\":\"Homeproject.fr\",\"url\":\"https:\\\/\\\/homeproject.fr\\\/fr\\\/\",\"logo\":{\"@type\":\"ImageObject\",\"inLanguage\":\"fr-FR\",\"@id\":\"https:\\\/\\\/homeproject.fr\\\/fr\\\/#\\\/schema\\\/logo\\\/image\\\/\",\"url\":\"https:\\\/\\\/homeproject.fr\\\/fr\\\/wp-content\\\/uploads\\\/2024\\\/12\\\/Logo_HomeProject-noir-2.png\",\"contentUrl\":\"https:\\\/\\\/homeproject.fr\\\/fr\\\/wp-content\\\/uploads\\\/2024\\\/12\\\/Logo_HomeProject-noir-2.png\",\"width\":300,\"height\":91,\"caption\":\"Homeproject.fr\"},\"image\":{\"@id\":\"https:\\\/\\\/homeproject.fr\\\/fr\\\/#\\\/schema\\\/logo\\\/image\\\/\"}}]}<\/script>\n<!-- \/ Yoast SEO plugin. -->","yoast_head_json":{"title":"Papier peint personnalisable Subterranea \u2013 Collection Monochrome par Inkiostro Bianco - Homeproject.fr","robots":{"index":"index","follow":"follow","max-snippet":"max-snippet:-1","max-image-preview":"max-image-preview:large","max-video-preview":"max-video-preview:-1"},"canonical":"https:\/\/homeproject.fr\/fr\/produit\/papier-peint-personnalisable-subterranea-collection-monochrome-par-inkiostro-bianco\/","og_locale":"fr_FR","og_type":"article","og_title":"Papier peint personnalisable Subterranea \u2013 Collection Monochrome par Inkiostro Bianco - Homeproject.fr","og_description":"Offrez \u00e0 votre int\u00e9rieur une dimension artistique et contemporaine avec le papier peint Subterranea, issu de la collection Monochrome d\u2019Inkiostro Bianco. Son design abstrait, inspir\u00e9 par les textures organiques et la stratification des mat\u00e9riaux naturels, cr\u00e9e une ambiance raffin\u00e9e et sophistiqu\u00e9e. Un Produit Livr\u00e9 Pr\u00eat \u00e0 Poser   Sur-Mesure : Chaque rouleau est adapt\u00e9 \u00e0 vos dimensions sp\u00e9cifiques.  Num\u00e9rotation des Panneaux : Les rouleaux sont num\u00e9rot\u00e9s pour garantir une installation fluide et la continuit\u00e9 parfaite du motif.  Colle Fournie : Une colle sp\u00e9ciale adapt\u00e9e aux finitions est incluse dans chaque commande.  Prix au m\u00b2 :","og_url":"https:\/\/homeproject.fr\/fr\/produit\/papier-peint-personnalisable-subterranea-collection-monochrome-par-inkiostro-bianco\/","og_site_name":"Homeproject.fr","article_modified_time":"2025-03-15T15:29:03+00:00","og_image":[{"width":1500,"height":1500,"url":"https:\/\/homeproject.fr\/fr\/wp-content\/uploads\/2025\/03\/Papier-peint-personnalisable-sur-mesure-en-vinyle-Inkiostro-Bianco-Monochrome-Subterranea-ambiance.jpg","type":"image\/jpeg"}],"twitter_card":"summary_large_image","twitter_misc":{"Dur\u00e9e de lecture estim\u00e9e":"2 minutes"},"schema":{"@context":"https:\/\/schema.org","@graph":[{"@type":"WebPage","@id":"https:\/\/homeproject.fr\/fr\/produit\/papier-peint-personnalisable-subterranea-collection-monochrome-par-inkiostro-bianco\/","url":"https:\/\/homeproject.fr\/fr\/produit\/papier-peint-personnalisable-subterranea-collection-monochrome-par-inkiostro-bianco\/","name":"Papier peint personnalisable Subterranea \u2013 Collection Monochrome par Inkiostro Bianco - Homeproject.fr","isPartOf":{"@id":"https:\/\/homeproject.fr\/fr\/#website"},"primaryImageOfPage":{"@id":"https:\/\/homeproject.fr\/fr\/produit\/papier-peint-personnalisable-subterranea-collection-monochrome-par-inkiostro-bianco\/#primaryimage"},"image":{"@id":"https:\/\/homeproject.fr\/fr\/produit\/papier-peint-personnalisable-subterranea-collection-monochrome-par-inkiostro-bianco\/#primaryimage"},"thumbnailUrl":"https:\/\/homeproject.fr\/fr\/wp-content\/uploads\/2025\/03\/Papier-peint-personnalisable-sur-mesure-en-vinyle-Inkiostro-Bianco-Monochrome-Subterranea-ambiance.jpg","datePublished":"2025-03-15T15:21:21+00:00","dateModified":"2025-03-15T15:29:03+00:00","breadcrumb":{"@id":"https:\/\/homeproject.fr\/fr\/produit\/papier-peint-personnalisable-subterranea-collection-monochrome-par-inkiostro-bianco\/#breadcrumb"},"inLanguage":"fr-FR","potentialAction":[{"@type":"ReadAction","target":["https:\/\/homeproject.fr\/fr\/produit\/papier-peint-personnalisable-subterranea-collection-monochrome-par-inkiostro-bianco\/"]}]},{"@type":"ImageObject","inLanguage":"fr-FR","@id":"https:\/\/homeproject.fr\/fr\/produit\/papier-peint-personnalisable-subterranea-collection-monochrome-par-inkiostro-bianco\/#primaryimage","url":"https:\/\/homeproject.fr\/fr\/wp-content\/uploads\/2025\/03\/Papier-peint-personnalisable-sur-mesure-en-vinyle-Inkiostro-Bianco-Monochrome-Subterranea-ambiance.jpg","contentUrl":"https:\/\/homeproject.fr\/fr\/wp-content\/uploads\/2025\/03\/Papier-peint-personnalisable-sur-mesure-en-vinyle-Inkiostro-Bianco-Monochrome-Subterranea-ambiance.jpg","width":1500,"height":1500},{"@type":"BreadcrumbList","@id":"https:\/\/homeproject.fr\/fr\/produit\/papier-peint-personnalisable-subterranea-collection-monochrome-par-inkiostro-bianco\/#breadcrumb","itemListElement":[{"@type":"ListItem","position":1,"name":"Accueil","item":"https:\/\/homeproject.fr\/fr\/"},{"@type":"ListItem","position":2,"name":"Boutique","item":"https:\/\/homeproject.fr\/fr\/boutique\/"},{"@type":"ListItem","position":3,"name":"Papier peint personnalisable Subterranea \u2013 Collection Monochrome par Inkiostro Bianco"}]},{"@type":"WebSite","@id":"https:\/\/homeproject.fr\/fr\/#website","url":"https:\/\/homeproject.fr\/fr\/","name":"Homeproject.fr","description":"Offrez l&#039;exceptionnel \u00e0 vos espaces \u00e0 vivre","publisher":{"@id":"https:\/\/homeproject.fr\/fr\/#organization"},"potentialAction":[{"@type":"SearchAction","target":{"@type":"EntryPoint","urlTemplate":"https:\/\/homeproject.fr\/fr\/?s={search_term_string}"},"query-input":{"@type":"PropertyValueSpecification","valueRequired":true,"valueName":"search_term_string"}}],"inLanguage":"fr-FR"},{"@type":"Organization","@id":"https:\/\/homeproject.fr\/fr\/#organization","name":"Homeproject.fr","url":"https:\/\/homeproject.fr\/fr\/","logo":{"@type":"ImageObject","inLanguage":"fr-FR","@id":"https:\/\/homeproject.fr\/fr\/#\/schema\/logo\/image\/","url":"https:\/\/homeproject.fr\/fr\/wp-content\/uploads\/2024\/12\/Logo_HomeProject-noir-2.png","contentUrl":"https:\/\/homeproject.fr\/fr\/wp-content\/uploads\/2024\/12\/Logo_HomeProject-noir-2.png","width":300,"height":91,"caption":"Homeproject.fr"},"image":{"@id":"https:\/\/homeproject.fr\/fr\/#\/schema\/logo\/image\/"}}]}},"_links":{"self":[{"href":"https:\/\/homeproject.fr\/fr\/wp-json\/wp\/v2\/product\/11223","targetHints":{"allow":["GET"]}}],"collection":[{"href":"https:\/\/homeproject.fr\/fr\/wp-json\/wp\/v2\/product"}],"about":[{"href":"https:\/\/homeproject.fr\/fr\/wp-json\/wp\/v2\/types\/product"}],"version-history":[{"count":1,"href":"https:\/\/homeproject.fr\/fr\/wp-json\/wp\/v2\/product\/11223\/revisions"}],"predecessor-version":[{"id":11232,"href":"https:\/\/homeproject.fr\/fr\/wp-json\/wp\/v2\/product\/11223\/revisions\/11232"}],"wp:featuredmedia":[{"embeddable":true,"href":"https:\/\/homeproject.fr\/fr\/wp-json\/wp\/v2\/media\/11228"}],"wp:attachment":[{"href":"https:\/\/homeproject.fr\/fr\/wp-json\/wp\/v2\/media?parent=11223"}],"wp:term":[{"taxonomy":"product_brand","embeddable":true,"href":"https:\/\/homeproject.fr\/fr\/wp-json\/wp\/v2\/product_brand?post=11223"},{"taxonomy":"product_cat","embeddable":true,"href":"https:\/\/homeproject.fr\/fr\/wp-json\/wp\/v2\/product_cat?post=11223"},{"taxonomy":"product_tag","embeddable":true,"href":"https:\/\/homeproject.fr\/fr\/wp-json\/wp\/v2\/product_tag?post=11223"}],"curies":[{"name":"wp","href":"https:\/\/api.w.org\/{rel}","templated":true}]}}