{"id":11131,"date":"2025-03-13T19:39:35","date_gmt":"2025-03-13T19:39:35","guid":{"rendered":"https:\/\/homeproject.fr\/fr\/produit\/bain-de-soleil-amaka-en-aluminium-transat-empilable-inclinable-avec-roulettes\/"},"modified":"2025-03-14T16:52:46","modified_gmt":"2025-03-14T16:52:46","slug":"bain-de-soleil-amaka-en-aluminium-transat-empilable-inclinable-avec-roulettes","status":"publish","type":"product","link":"https:\/\/homeproject.fr\/fr\/produit\/bain-de-soleil-amaka-en-aluminium-transat-empilable-inclinable-avec-roulettes\/","title":{"rendered":"Bain de Soleil AMAKA en Aluminium \u2013 Transat Empilable, Inclinable avec Roulettes"},"content":{"rendered":"<p>Dimensions : L.70 x P.198 x H.30 cm<\/p>\n<p>Dot\u00e9 d\u2019une structure en aluminium l\u00e9g\u00e8re et r\u00e9sistante, ce bain de soleil dispose d\u2019une toile thermosoud\u00e9e, lui assurant une long\u00e9vit\u00e9 et une tenue impeccable au fil des saisons. Sa forme ergonomique et son dossier inclinable vous promettent un confort optimal pour vos moments de d\u00e9tente en ext\u00e9rieur.<\/p>\n<p>Pratique, le bain de soleil AMAKA est facilement empilable, id\u00e9al pour optimiser votre espace. Il se met ais\u00e9ment \u00e0 plat pour un rangement facilit\u00e9 et est \u00e9quip\u00e9 de roulettes arri\u00e8re discr\u00e8tes pour un d\u00e9placement sans effort.<\/p>\n<p>Parfait au bord d\u2019une piscine, sur une terrasse ou dans un jardin contemporain, le bain de soleil AMAKA apportera une touche d\u2019\u00e9l\u00e9gance sobre \u00e0 votre ext\u00e9rieur.<\/p>\n<p>Caract\u00e9ristiques :<\/p>\n<p>\u2022 Structure en aluminium durable<\/p>\n<p>\u2022 Toile thermosoud\u00e9e robuste<\/p>\n<p>\u2022 Empilable et facilement transportable<\/p>\n<p>\u2022 Roulettes arri\u00e8re pour un d\u00e9placement facile<\/p>\n<p>\u2022 Position inclinable jusqu\u2019\u00e0 plat<\/p>\n","protected":false},"excerpt":{"rendered":"<p>D\u00e9couvrez le bain de soleil AMAKA, votre nouveau compagnon id\u00e9al pour profiter pleinement des beaux jours sur votre terrasse ou au bord de votre piscine. \u00c9l\u00e9gant, pratique et robuste, ce transat au design contemporain et \u00e9pur\u00e9 s\u2019int\u00e8gre harmonieusement dans tous les environnements ext\u00e9rieurs.<\/p>\n","protected":false},"featured_media":11147,"template":"","meta":{"_uf_show_specific_survey":0,"_uf_disable_surveys":false,"iawp_total_views":76},"product_brand":[469],"product_cat":[165],"product_tag":[],"class_list":{"0":"post-11131","1":"product","2":"type-product","3":"status-publish","4":"has-post-thumbnail","6":"product_brand-les-jardins","7":"product_cat-chaises-longues","8":"product_shipping_class-gros-colis-messagerie","9":"pa_collection-amaka","10":"pa_materiau-aluminium","11":"pa_materiau-pvc","13":"first","14":"instock","15":"taxable","16":"shipping-taxable","17":"purchasable","18":"product-type-variable"},"yoast_head":"<!-- This site is optimized with the Yoast SEO plugin v27.5 - https:\/\/yoast.com\/product\/yoast-seo-wordpress\/ -->\n<title>Bain de Soleil AMAKA en Aluminium \u2013 Transat Empilable, Inclinable avec Roulettes - Homeproject.fr<\/title>\n<meta name=\"robots\" content=\"index, follow, max-snippet:-1, max-image-preview:large, max-video-preview:-1\" \/>\n<link rel=\"canonical\" href=\"https:\/\/homeproject.fr\/fr\/produit\/bain-de-soleil-amaka-en-aluminium-transat-empilable-inclinable-avec-roulettes\/\" \/>\n<meta property=\"og:locale\" content=\"fr_FR\" \/>\n<meta property=\"og:type\" content=\"article\" \/>\n<meta property=\"og:title\" content=\"Bain de Soleil AMAKA en Aluminium \u2013 Transat Empilable, Inclinable avec Roulettes - Homeproject.fr\" \/>\n<meta property=\"og:description\" content=\"D\u00e9couvrez le bain de soleil AMAKA, votre nouveau compagnon id\u00e9al pour profiter pleinement des beaux jours sur votre terrasse ou au bord de votre piscine. \u00c9l\u00e9gant, pratique et robuste, ce transat au design contemporain et \u00e9pur\u00e9 s\u2019int\u00e8gre harmonieusement dans tous les environnements ext\u00e9rieurs.\" \/>\n<meta property=\"og:url\" content=\"https:\/\/homeproject.fr\/fr\/produit\/bain-de-soleil-amaka-en-aluminium-transat-empilable-inclinable-avec-roulettes\/\" \/>\n<meta property=\"og:site_name\" content=\"Homeproject.fr\" \/>\n<meta property=\"article:modified_time\" content=\"2025-03-14T16:52:46+00:00\" \/>\n<meta property=\"og:image\" content=\"https:\/\/homeproject.fr\/fr\/wp-content\/uploads\/2025\/03\/Bain-de-soleil-en-aluminium-corten-et-toile-PVC-Amaka.jpg\" \/>\n\t<meta property=\"og:image:width\" content=\"1500\" \/>\n\t<meta property=\"og:image:height\" content=\"1500\" \/>\n\t<meta property=\"og:image:type\" content=\"image\/jpeg\" \/>\n<meta name=\"twitter:card\" content=\"summary_large_image\" \/>\n<meta name=\"twitter:label1\" content=\"Dur\u00e9e de lecture estim\u00e9e\" \/>\n\t<meta name=\"twitter:data1\" content=\"1 minute\" \/>\n<script type=\"application\/ld+json\" class=\"yoast-schema-graph\">{\"@context\":\"https:\\\/\\\/schema.org\",\"@graph\":[{\"@type\":\"WebPage\",\"@id\":\"https:\\\/\\\/homeproject.fr\\\/fr\\\/produit\\\/bain-de-soleil-amaka-en-aluminium-transat-empilable-inclinable-avec-roulettes\\\/\",\"url\":\"https:\\\/\\\/homeproject.fr\\\/fr\\\/produit\\\/bain-de-soleil-amaka-en-aluminium-transat-empilable-inclinable-avec-roulettes\\\/\",\"name\":\"Bain de Soleil AMAKA en Aluminium \u2013 Transat Empilable, Inclinable avec Roulettes - Homeproject.fr\",\"isPartOf\":{\"@id\":\"https:\\\/\\\/homeproject.fr\\\/fr\\\/#website\"},\"primaryImageOfPage\":{\"@id\":\"https:\\\/\\\/homeproject.fr\\\/fr\\\/produit\\\/bain-de-soleil-amaka-en-aluminium-transat-empilable-inclinable-avec-roulettes\\\/#primaryimage\"},\"image\":{\"@id\":\"https:\\\/\\\/homeproject.fr\\\/fr\\\/produit\\\/bain-de-soleil-amaka-en-aluminium-transat-empilable-inclinable-avec-roulettes\\\/#primaryimage\"},\"thumbnailUrl\":\"https:\\\/\\\/homeproject.fr\\\/fr\\\/wp-content\\\/uploads\\\/2025\\\/03\\\/Bain-de-soleil-en-aluminium-corten-et-toile-PVC-Amaka.jpg\",\"datePublished\":\"2025-03-13T19:39:35+00:00\",\"dateModified\":\"2025-03-14T16:52:46+00:00\",\"breadcrumb\":{\"@id\":\"https:\\\/\\\/homeproject.fr\\\/fr\\\/produit\\\/bain-de-soleil-amaka-en-aluminium-transat-empilable-inclinable-avec-roulettes\\\/#breadcrumb\"},\"inLanguage\":\"fr-FR\",\"potentialAction\":[{\"@type\":\"ReadAction\",\"target\":[\"https:\\\/\\\/homeproject.fr\\\/fr\\\/produit\\\/bain-de-soleil-amaka-en-aluminium-transat-empilable-inclinable-avec-roulettes\\\/\"]}]},{\"@type\":\"ImageObject\",\"inLanguage\":\"fr-FR\",\"@id\":\"https:\\\/\\\/homeproject.fr\\\/fr\\\/produit\\\/bain-de-soleil-amaka-en-aluminium-transat-empilable-inclinable-avec-roulettes\\\/#primaryimage\",\"url\":\"https:\\\/\\\/homeproject.fr\\\/fr\\\/wp-content\\\/uploads\\\/2025\\\/03\\\/Bain-de-soleil-en-aluminium-corten-et-toile-PVC-Amaka.jpg\",\"contentUrl\":\"https:\\\/\\\/homeproject.fr\\\/fr\\\/wp-content\\\/uploads\\\/2025\\\/03\\\/Bain-de-soleil-en-aluminium-corten-et-toile-PVC-Amaka.jpg\",\"width\":1500,\"height\":1500},{\"@type\":\"BreadcrumbList\",\"@id\":\"https:\\\/\\\/homeproject.fr\\\/fr\\\/produit\\\/bain-de-soleil-amaka-en-aluminium-transat-empilable-inclinable-avec-roulettes\\\/#breadcrumb\",\"itemListElement\":[{\"@type\":\"ListItem\",\"position\":1,\"name\":\"Accueil\",\"item\":\"https:\\\/\\\/homeproject.fr\\\/fr\\\/\"},{\"@type\":\"ListItem\",\"position\":2,\"name\":\"Boutique\",\"item\":\"https:\\\/\\\/homeproject.fr\\\/fr\\\/boutique\\\/\"},{\"@type\":\"ListItem\",\"position\":3,\"name\":\"Bain de Soleil AMAKA en Aluminium \u2013 Transat Empilable, Inclinable avec Roulettes\"}]},{\"@type\":\"WebSite\",\"@id\":\"https:\\\/\\\/homeproject.fr\\\/fr\\\/#website\",\"url\":\"https:\\\/\\\/homeproject.fr\\\/fr\\\/\",\"name\":\"Homeproject.fr\",\"description\":\"Offrez l&#039;exceptionnel \u00e0 vos espaces \u00e0 vivre\",\"publisher\":{\"@id\":\"https:\\\/\\\/homeproject.fr\\\/fr\\\/#organization\"},\"potentialAction\":[{\"@type\":\"SearchAction\",\"target\":{\"@type\":\"EntryPoint\",\"urlTemplate\":\"https:\\\/\\\/homeproject.fr\\\/fr\\\/?s={search_term_string}\"},\"query-input\":{\"@type\":\"PropertyValueSpecification\",\"valueRequired\":true,\"valueName\":\"search_term_string\"}}],\"inLanguage\":\"fr-FR\"},{\"@type\":\"Organization\",\"@id\":\"https:\\\/\\\/homeproject.fr\\\/fr\\\/#organization\",\"name\":\"Homeproject.fr\",\"url\":\"https:\\\/\\\/homeproject.fr\\\/fr\\\/\",\"logo\":{\"@type\":\"ImageObject\",\"inLanguage\":\"fr-FR\",\"@id\":\"https:\\\/\\\/homeproject.fr\\\/fr\\\/#\\\/schema\\\/logo\\\/image\\\/\",\"url\":\"https:\\\/\\\/homeproject.fr\\\/fr\\\/wp-content\\\/uploads\\\/2024\\\/12\\\/Logo_HomeProject-noir-2.png\",\"contentUrl\":\"https:\\\/\\\/homeproject.fr\\\/fr\\\/wp-content\\\/uploads\\\/2024\\\/12\\\/Logo_HomeProject-noir-2.png\",\"width\":300,\"height\":91,\"caption\":\"Homeproject.fr\"},\"image\":{\"@id\":\"https:\\\/\\\/homeproject.fr\\\/fr\\\/#\\\/schema\\\/logo\\\/image\\\/\"}}]}<\/script>\n<!-- \/ Yoast SEO plugin. -->","yoast_head_json":{"title":"Bain de Soleil AMAKA en Aluminium \u2013 Transat Empilable, Inclinable avec Roulettes - Homeproject.fr","robots":{"index":"index","follow":"follow","max-snippet":"max-snippet:-1","max-image-preview":"max-image-preview:large","max-video-preview":"max-video-preview:-1"},"canonical":"https:\/\/homeproject.fr\/fr\/produit\/bain-de-soleil-amaka-en-aluminium-transat-empilable-inclinable-avec-roulettes\/","og_locale":"fr_FR","og_type":"article","og_title":"Bain de Soleil AMAKA en Aluminium \u2013 Transat Empilable, Inclinable avec Roulettes - Homeproject.fr","og_description":"D\u00e9couvrez le bain de soleil AMAKA, votre nouveau compagnon id\u00e9al pour profiter pleinement des beaux jours sur votre terrasse ou au bord de votre piscine. \u00c9l\u00e9gant, pratique et robuste, ce transat au design contemporain et \u00e9pur\u00e9 s\u2019int\u00e8gre harmonieusement dans tous les environnements ext\u00e9rieurs.","og_url":"https:\/\/homeproject.fr\/fr\/produit\/bain-de-soleil-amaka-en-aluminium-transat-empilable-inclinable-avec-roulettes\/","og_site_name":"Homeproject.fr","article_modified_time":"2025-03-14T16:52:46+00:00","og_image":[{"width":1500,"height":1500,"url":"https:\/\/homeproject.fr\/fr\/wp-content\/uploads\/2025\/03\/Bain-de-soleil-en-aluminium-corten-et-toile-PVC-Amaka.jpg","type":"image\/jpeg"}],"twitter_card":"summary_large_image","twitter_misc":{"Dur\u00e9e de lecture estim\u00e9e":"1 minute"},"schema":{"@context":"https:\/\/schema.org","@graph":[{"@type":"WebPage","@id":"https:\/\/homeproject.fr\/fr\/produit\/bain-de-soleil-amaka-en-aluminium-transat-empilable-inclinable-avec-roulettes\/","url":"https:\/\/homeproject.fr\/fr\/produit\/bain-de-soleil-amaka-en-aluminium-transat-empilable-inclinable-avec-roulettes\/","name":"Bain de Soleil AMAKA en Aluminium \u2013 Transat Empilable, Inclinable avec Roulettes - Homeproject.fr","isPartOf":{"@id":"https:\/\/homeproject.fr\/fr\/#website"},"primaryImageOfPage":{"@id":"https:\/\/homeproject.fr\/fr\/produit\/bain-de-soleil-amaka-en-aluminium-transat-empilable-inclinable-avec-roulettes\/#primaryimage"},"image":{"@id":"https:\/\/homeproject.fr\/fr\/produit\/bain-de-soleil-amaka-en-aluminium-transat-empilable-inclinable-avec-roulettes\/#primaryimage"},"thumbnailUrl":"https:\/\/homeproject.fr\/fr\/wp-content\/uploads\/2025\/03\/Bain-de-soleil-en-aluminium-corten-et-toile-PVC-Amaka.jpg","datePublished":"2025-03-13T19:39:35+00:00","dateModified":"2025-03-14T16:52:46+00:00","breadcrumb":{"@id":"https:\/\/homeproject.fr\/fr\/produit\/bain-de-soleil-amaka-en-aluminium-transat-empilable-inclinable-avec-roulettes\/#breadcrumb"},"inLanguage":"fr-FR","potentialAction":[{"@type":"ReadAction","target":["https:\/\/homeproject.fr\/fr\/produit\/bain-de-soleil-amaka-en-aluminium-transat-empilable-inclinable-avec-roulettes\/"]}]},{"@type":"ImageObject","inLanguage":"fr-FR","@id":"https:\/\/homeproject.fr\/fr\/produit\/bain-de-soleil-amaka-en-aluminium-transat-empilable-inclinable-avec-roulettes\/#primaryimage","url":"https:\/\/homeproject.fr\/fr\/wp-content\/uploads\/2025\/03\/Bain-de-soleil-en-aluminium-corten-et-toile-PVC-Amaka.jpg","contentUrl":"https:\/\/homeproject.fr\/fr\/wp-content\/uploads\/2025\/03\/Bain-de-soleil-en-aluminium-corten-et-toile-PVC-Amaka.jpg","width":1500,"height":1500},{"@type":"BreadcrumbList","@id":"https:\/\/homeproject.fr\/fr\/produit\/bain-de-soleil-amaka-en-aluminium-transat-empilable-inclinable-avec-roulettes\/#breadcrumb","itemListElement":[{"@type":"ListItem","position":1,"name":"Accueil","item":"https:\/\/homeproject.fr\/fr\/"},{"@type":"ListItem","position":2,"name":"Boutique","item":"https:\/\/homeproject.fr\/fr\/boutique\/"},{"@type":"ListItem","position":3,"name":"Bain de Soleil AMAKA en Aluminium \u2013 Transat Empilable, Inclinable avec Roulettes"}]},{"@type":"WebSite","@id":"https:\/\/homeproject.fr\/fr\/#website","url":"https:\/\/homeproject.fr\/fr\/","name":"Homeproject.fr","description":"Offrez l&#039;exceptionnel \u00e0 vos espaces \u00e0 vivre","publisher":{"@id":"https:\/\/homeproject.fr\/fr\/#organization"},"potentialAction":[{"@type":"SearchAction","target":{"@type":"EntryPoint","urlTemplate":"https:\/\/homeproject.fr\/fr\/?s={search_term_string}"},"query-input":{"@type":"PropertyValueSpecification","valueRequired":true,"valueName":"search_term_string"}}],"inLanguage":"fr-FR"},{"@type":"Organization","@id":"https:\/\/homeproject.fr\/fr\/#organization","name":"Homeproject.fr","url":"https:\/\/homeproject.fr\/fr\/","logo":{"@type":"ImageObject","inLanguage":"fr-FR","@id":"https:\/\/homeproject.fr\/fr\/#\/schema\/logo\/image\/","url":"https:\/\/homeproject.fr\/fr\/wp-content\/uploads\/2024\/12\/Logo_HomeProject-noir-2.png","contentUrl":"https:\/\/homeproject.fr\/fr\/wp-content\/uploads\/2024\/12\/Logo_HomeProject-noir-2.png","width":300,"height":91,"caption":"Homeproject.fr"},"image":{"@id":"https:\/\/homeproject.fr\/fr\/#\/schema\/logo\/image\/"}}]}},"_links":{"self":[{"href":"https:\/\/homeproject.fr\/fr\/wp-json\/wp\/v2\/product\/11131","targetHints":{"allow":["GET"]}}],"collection":[{"href":"https:\/\/homeproject.fr\/fr\/wp-json\/wp\/v2\/product"}],"about":[{"href":"https:\/\/homeproject.fr\/fr\/wp-json\/wp\/v2\/types\/product"}],"version-history":[{"count":5,"href":"https:\/\/homeproject.fr\/fr\/wp-json\/wp\/v2\/product\/11131\/revisions"}],"predecessor-version":[{"id":11148,"href":"https:\/\/homeproject.fr\/fr\/wp-json\/wp\/v2\/product\/11131\/revisions\/11148"}],"wp:featuredmedia":[{"embeddable":true,"href":"https:\/\/homeproject.fr\/fr\/wp-json\/wp\/v2\/media\/11147"}],"wp:attachment":[{"href":"https:\/\/homeproject.fr\/fr\/wp-json\/wp\/v2\/media?parent=11131"}],"wp:term":[{"taxonomy":"product_brand","embeddable":true,"href":"https:\/\/homeproject.fr\/fr\/wp-json\/wp\/v2\/product_brand?post=11131"},{"taxonomy":"product_cat","embeddable":true,"href":"https:\/\/homeproject.fr\/fr\/wp-json\/wp\/v2\/product_cat?post=11131"},{"taxonomy":"product_tag","embeddable":true,"href":"https:\/\/homeproject.fr\/fr\/wp-json\/wp\/v2\/product_tag?post=11131"}],"curies":[{"name":"wp","href":"https:\/\/api.w.org\/{rel}","templated":true}]}}