{"id":11101,"date":"2025-03-01T13:45:29","date_gmt":"2025-03-01T13:45:29","guid":{"rendered":"https:\/\/homeproject.fr\/fr\/?post_type=product&#038;p=11101"},"modified":"2025-03-01T14:02:46","modified_gmt":"2025-03-01T14:02:46","slug":"carrelage-aspect-travertin-rouge-travertini-it-uno-rosso-vein-cut-60x120","status":"publish","type":"product","link":"https:\/\/homeproject.fr\/fr\/produit\/carrelage-aspect-travertin-rouge-travertini-it-uno-rosso-vein-cut-60x120\/","title":{"rendered":"Carrelage aspect travertin rouge TRAVERTINI IT Uno Rosso Vein Cut 60&#215;120 Naturel Rectifi\u00e9"},"content":{"rendered":"<p><strong><a href=\"https:\/\/homeproject.fr\/fr\/produit\/echantillon-carrelage-travertini-it-uno-rosso-naturel-rectifie\/\">Commander un \u00e9chantillon<\/a><\/strong><\/p>\n<div class=\"flex max-w-full flex-col flex-grow\">\n<div class=\"min-h-8 text-message flex w-full flex-col items-end gap-2 whitespace-normal break-words text-start [.text-message+&]:mt-5\" dir=\"auto\" data-message-author-role=\"assistant\" data-message-id=\"fd2864f8-4d08-4e5b-8c3b-190065db2f0e\" data-message-model-slug=\"gpt-4o\">\n<div class=\"flex w-full flex-col gap-1 empty:hidden first:pt-[3px]\">\n<div class=\"markdown prose w-full break-words dark:prose-invert light\">\n<h4 data-start=\"694\" data-end=\"721\"><strong data-start=\"699\" data-end=\"721\">Caract\u00e9ristiques :<\/strong><\/h4>\n<ul data-start=\"722\" data-end=\"1112\">\n<li data-start=\"722\" data-end=\"752\"><strong data-start=\"724\" data-end=\"738\">Dimensions<\/strong> : 60\u00d7120 cm<\/li>\n<li data-start=\"753\" data-end=\"778\"><strong data-start=\"755\" data-end=\"768\">\u00c9paisseur<\/strong> : 9 mm<\/li>\n<li data-start=\"779\" data-end=\"822\"><strong data-start=\"781\" data-end=\"793\">Mat\u00e9riau<\/strong> : Gr\u00e8s c\u00e9rame pleine masse<\/li>\n<li data-start=\"823\" data-end=\"855\"><strong data-start=\"825\" data-end=\"837\">Finition<\/strong> : Mat, rectifi\u00e9<\/li>\n<li data-start=\"856\" data-end=\"915\"><strong data-start=\"858\" data-end=\"873\">Destination<\/strong> : Sols et murs \u2013 Int\u00e9rieur<\/li>\n<li data-start=\"1011\" data-end=\"1112\"><strong data-start=\"1013\" data-end=\"1037\">Facilit\u00e9 d\u2019entretien<\/strong> : Surface non poreuse, r\u00e9sistante aux taches et aux produits d\u2019entretien<\/li>\n<\/ul>\n<h4 data-start=\"1114\" data-end=\"1167\"><strong data-start=\"1119\" data-end=\"1167\">Un carrelage au design min\u00e9ral et chaleureux<\/strong><\/h4>\n<p data-start=\"1168\" data-end=\"1547\">Gr\u00e2ce \u00e0 ses variations de teintes et ses veines naturelles, le <strong data-start=\"1231\" data-end=\"1258\">Travertini IT Uno Rosso<\/strong> conf\u00e8re une <strong data-start=\"1271\" data-end=\"1307\">ambiance chaleureuse et raffin\u00e9e<\/strong> \u00e0 vos espaces. Il s\u2019adapte aussi bien \u00e0 un int\u00e9rieur contemporain qu\u2019\u00e0 un d\u00e9cor plus classique. Sa <strong data-start=\"1407\" data-end=\"1428\">texture naturelle<\/strong> cr\u00e9e un effet pierre ultra-r\u00e9aliste, id\u00e9al pour un <strong data-start=\"1480\" data-end=\"1546\">salon \u00e9l\u00e9gant, une salle de bain design ou une cuisine moderne<\/strong>.<\/p>\n<h4 data-start=\"1549\" data-end=\"1613\"><strong data-start=\"1554\" data-end=\"1613\">Pourquoi choisir le carrelage Travertini IT Uno Rosso ?<\/strong><\/h4>\n<ul data-start=\"1614\" data-end=\"1948\">\n<li data-start=\"1614\" data-end=\"1679\"><strong data-start=\"1616\" data-end=\"1651\">Effet pierre naturelle r\u00e9aliste<\/strong> pour un rendu authentique<\/li>\n<li data-start=\"1680\" data-end=\"1759\"><strong data-start=\"1682\" data-end=\"1696\">Polyvalent<\/strong> : s\u2019adapte aux sols et murs, en int\u00e9rieur comme en ext\u00e9rieur<\/li>\n<li data-start=\"1760\" data-end=\"1819\"><strong data-start=\"1762\" data-end=\"1788\">Grand format 60\u00d7120 cm<\/strong> pour un effet visuel agrandi<\/li>\n<li data-start=\"1820\" data-end=\"1894\"><strong data-start=\"1822\" data-end=\"1846\">Facilit\u00e9 d\u2019entretien<\/strong> et r\u00e9sistance aux rayures, taches et humidit\u00e9<\/li>\n<li data-start=\"1895\" data-end=\"1948\"><strong data-start=\"1897\" data-end=\"1946\">Id\u00e9al pour les ambiances design et naturelles<\/strong><\/li>\n<\/ul>\n<p data-start=\"1950\" data-end=\"2178\">\ud83d\udca1 <strong data-start=\"1953\" data-end=\"1969\">Conseil d\u00e9co<\/strong> : Associez ce carrelage \u00e0 des mat\u00e9riaux bruts comme le bois ou le m\u00e9tal noir pour une ambiance industrielle chic, ou optez pour des tons neutres et des textiles doux pour un rendu plus chaleureux et apaisant.<\/p>\n<p data-start=\"2180\" data-end=\"2341\">\ud83d\udce6 <strong data-start=\"2183\" data-end=\"2231\">Disponible d\u00e8s maintenant sur HomeProject.fr<\/strong> \u2013 Commandez vos \u00e9chantillons pour appr\u00e9cier la texture et la couleur uniques du <strong data-start=\"2312\" data-end=\"2339\">Travertini IT Uno Rosso<\/strong> !<\/p>\n<h3><strong style=\"font-family: inherit; font-size: 30px;\">Vous avez des questions ?<\/strong><\/h3>\n<\/div>\n<\/div>\n<\/div>\n<\/div>\n<style id=\"wpforms-css-vars-3675\">\n\t\t\t\t#wpforms-3675 {\n\t\t\t\t\n\t\t\t}\n\t\t\t<\/style><div class=\"wpforms-container wpforms-container-full wpforms-render-modern\" id=\"wpforms-3675\"><form id=\"wpforms-form-3675\" class=\"wpforms-validate wpforms-form wpforms-ajax-form\" data-formid=\"3675\" method=\"post\" enctype=\"multipart\/form-data\" action=\"\/fr\/wp-json\/wp\/v2\/product\/11101\" data-token=\"2921a7ac3408d834be151983965c4ab3\" data-token-time=\"1777951302\"><noscript class=\"wpforms-error-noscript\">Veuillez activer JavaScript dans votre navigateur pour remplir ce formulaire.<\/noscript><div id=\"wpforms-error-noscript\" style=\"display: none;\">Veuillez activer JavaScript dans votre navigateur pour remplir ce formulaire.<\/div><div class=\"wpforms-field-container\"><div id=\"wpforms-3675-field_3-container\" class=\"wpforms-field wpforms-field-name\" data-field-id=\"3\"><fieldset><legend class=\"wpforms-field-label\">Nom <span class=\"wpforms-required-label\" aria-hidden=\"true\">*<\/span><\/legend><div class=\"wpforms-field-row wpforms-field-medium\"><div class=\"wpforms-field-row-block wpforms-first wpforms-one-half\"><input type=\"text\" id=\"wpforms-3675-field_3\" class=\"wpforms-field-name-first wpforms-field-required\" name=\"wpforms[fields][3][first]\" aria-errormessage=\"wpforms-3675-field_3-error\" required><label for=\"wpforms-3675-field_3\" class=\"wpforms-field-sublabel after\">Pr\u00e9nom<\/label><\/div><div class=\"wpforms-field-row-block wpforms-one-half\"><input type=\"text\" id=\"wpforms-3675-field_3-last\" class=\"wpforms-field-name-last wpforms-field-required\" name=\"wpforms[fields][3][last]\" aria-errormessage=\"wpforms-3675-field_3-last-error\" required><label for=\"wpforms-3675-field_3-last\" class=\"wpforms-field-sublabel after\">Nom<\/label><\/div><\/div><\/fieldset><\/div><div id=\"wpforms-3675-field_4-container\" class=\"wpforms-field wpforms-field-email\" data-field-id=\"4\"><label class=\"wpforms-field-label\" for=\"wpforms-3675-field_4\">E-mail <span class=\"wpforms-required-label\" aria-hidden=\"true\">*<\/span><\/label><input type=\"email\" id=\"wpforms-3675-field_4\" class=\"wpforms-field-medium wpforms-field-required\" name=\"wpforms[fields][4]\" spellcheck=\"false\" aria-errormessage=\"wpforms-3675-field_4-error\" required><\/div>\t\t<div id=\"wpforms-3675-field_1-container\"\n\t\t\tclass=\"wpforms-field wpforms-field-text\"\n\t\t\tdata-field-type=\"text\"\n\t\t\tdata-field-id=\"1\"\n\t\t\t>\n\t\t\t<label class=\"wpforms-field-label\" for=\"wpforms-3675-field_1\" >Message E-mail Nom<\/label>\n\t\t\t<input type=\"text\" id=\"wpforms-3675-field_1\" class=\"wpforms-field-medium\" name=\"wpforms[fields][1]\" >\n\t\t<\/div>\n\t\t<div id=\"wpforms-3675-field_5-container\" class=\"wpforms-field wpforms-field-textarea\" data-field-id=\"5\"><label class=\"wpforms-field-label\" for=\"wpforms-3675-field_5\">Message <span class=\"wpforms-required-label\" aria-hidden=\"true\">*<\/span><\/label><textarea id=\"wpforms-3675-field_5\" class=\"wpforms-field-medium wpforms-field-required\" name=\"wpforms[fields][5]\" aria-errormessage=\"wpforms-3675-field_5-error\" required><\/textarea><\/div><script>\n\t\t\t\t( function() {\n\t\t\t\t\tconst style = document.createElement( 'style' );\n\t\t\t\t\tstyle.appendChild( document.createTextNode( '#wpforms-3675-field_1-container { position: absolute !important; overflow: hidden !important; display: inline !important; height: 1px !important; width: 1px !important; z-index: -1000 !important; padding: 0 !important; } #wpforms-3675-field_1-container input { visibility: hidden; } #wpforms-conversational-form-page #wpforms-3675-field_1-container label { counter-increment: none; }' ) );\n\t\t\t\t\tdocument.head.appendChild( style );\n\t\t\t\t\tdocument.currentScript?.remove();\n\t\t\t\t} )();\n\t\t\t<\/script><\/div><!-- .wpforms-field-container --><div class=\"wpforms-submit-container\" ><input type=\"hidden\" name=\"wpforms[id]\" value=\"3675\"><input type=\"hidden\" name=\"page_title\" value=\"\"><input type=\"hidden\" name=\"page_url\" value=\"https:\/\/homeproject.fr\/fr\/wp-json\/wp\/v2\/product\/11101\"><input type=\"hidden\" name=\"url_referer\" value=\"\"><button type=\"submit\" name=\"wpforms[submit]\" id=\"wpforms-submit-3675\" class=\"wpforms-submit\" data-alt-text=\"Envoi...\" data-submit-text=\"Envoyer\" aria-live=\"assertive\" value=\"wpforms-submit\">Envoyer<\/button><img decoding=\"async\" src=\"https:\/\/homeproject.fr\/fr\/wp-content\/plugins\/wpforms-lite\/assets\/images\/submit-spin.svg\" class=\"wpforms-submit-spinner\" style=\"display: none;\" width=\"26\" height=\"26\" alt=\"Chargement en cours\"><\/div><\/form><\/div>  <!-- .wpforms-container -->\n","protected":false},"excerpt":{"rendered":"<p>Apportez une touche de chaleur et d\u2019\u00e9l\u00e9gance intemporelle \u00e0 vos int\u00e9rieurs avec le <strong data-start=\"311\" data-end=\"348\">carrelage Travertini IT Uno Rosso<\/strong>. Inspir\u00e9 du <strong data-start=\"361\" data-end=\"388\">travertin rouge naturel<\/strong>, ce <strong data-start=\"393\" data-end=\"421\">carrelage en gr\u00e8s c\u00e9rame<\/strong> se distingue par ses nuances profondes de rouge, d\u2019ocre et de brun, \u00e9voquant la richesse des pierres naturelles. Son <strong data-start=\"539\" data-end=\"571\">format g\u00e9n\u00e9reux de 60&#215;120 cm<\/strong> et sa <strong data-start=\"578\" data-end=\"600\">finition rectifi\u00e9e<\/strong> assurent une pose harmonieuse avec des joints r\u00e9duits pour un rendu moderne et sophistiqu\u00e9.<\/p>\n","protected":false},"featured_media":11102,"template":"","meta":{"_uf_show_specific_survey":0,"_uf_disable_surveys":false,"iawp_total_views":319},"product_brand":[],"product_cat":[126,20],"product_tag":[],"class_list":{"0":"post-11101","1":"product","2":"type-product","3":"status-publish","4":"has-post-thumbnail","6":"product_cat-aspect-marbre","7":"product_cat-carrelage","8":"product_shipping_class-carrelage","9":"pa_collection-travertini-it-uno","10":"pa_dimensions-nominales-60x120","11":"pa_effet-mat","12":"pa_effet-travertin","13":"pa_epaisseur-9mm","14":"pa_materiau-gres-cerame-non-emaille","16":"first","17":"instock","18":"sale","19":"taxable","20":"shipping-taxable","21":"purchasable","22":"product-type-simple"},"yoast_head":"<!-- This site is optimized with the Yoast SEO plugin v27.5 - https:\/\/yoast.com\/product\/yoast-seo-wordpress\/ -->\n<title>Carrelage aspect travertin rouge TRAVERTINI IT Uno Rosso Vein Cut 60x120 Naturel Rectifi\u00e9 - Homeproject.fr<\/title>\n<meta name=\"robots\" content=\"index, follow, max-snippet:-1, max-image-preview:large, max-video-preview:-1\" \/>\n<link rel=\"canonical\" href=\"https:\/\/homeproject.fr\/fr\/produit\/carrelage-aspect-travertin-rouge-travertini-it-uno-rosso-vein-cut-60x120\/\" \/>\n<meta property=\"og:locale\" content=\"fr_FR\" \/>\n<meta property=\"og:type\" content=\"article\" \/>\n<meta property=\"og:title\" content=\"Carrelage aspect travertin rouge TRAVERTINI IT Uno Rosso Vein Cut 60x120 Naturel Rectifi\u00e9 - Homeproject.fr\" \/>\n<meta property=\"og:description\" content=\"Apportez une touche de chaleur et d\u2019\u00e9l\u00e9gance intemporelle \u00e0 vos int\u00e9rieurs avec le carrelage Travertini IT Uno Rosso. Inspir\u00e9 du travertin rouge naturel, ce carrelage en gr\u00e8s c\u00e9rame se distingue par ses nuances profondes de rouge, d\u2019ocre et de brun, \u00e9voquant la richesse des pierres naturelles. Son format g\u00e9n\u00e9reux de 60x120 cm et sa finition rectifi\u00e9e assurent une pose harmonieuse avec des joints r\u00e9duits pour un rendu moderne et sophistiqu\u00e9.\" \/>\n<meta property=\"og:url\" content=\"https:\/\/homeproject.fr\/fr\/produit\/carrelage-aspect-travertin-rouge-travertini-it-uno-rosso-vein-cut-60x120\/\" \/>\n<meta property=\"og:site_name\" content=\"Homeproject.fr\" \/>\n<meta property=\"article:modified_time\" content=\"2025-03-01T14:02:46+00:00\" \/>\n<meta property=\"og:image\" content=\"https:\/\/homeproject.fr\/fr\/wp-content\/uploads\/2025\/03\/Carrelage-sol-et-mur-en-gres-cerame-aspect-traverti-rouge-I-Travertini-IT-Uno-Rosso.jpg\" \/>\n\t<meta property=\"og:image:width\" content=\"1500\" \/>\n\t<meta property=\"og:image:height\" content=\"1500\" \/>\n\t<meta property=\"og:image:type\" content=\"image\/jpeg\" \/>\n<meta name=\"twitter:card\" content=\"summary_large_image\" \/>\n<meta name=\"twitter:label1\" content=\"Dur\u00e9e de lecture estim\u00e9e\" \/>\n\t<meta name=\"twitter:data1\" content=\"2 minutes\" \/>\n<script type=\"application\/ld+json\" class=\"yoast-schema-graph\">{\"@context\":\"https:\\\/\\\/schema.org\",\"@graph\":[{\"@type\":\"WebPage\",\"@id\":\"https:\\\/\\\/homeproject.fr\\\/fr\\\/produit\\\/carrelage-aspect-travertin-rouge-travertini-it-uno-rosso-vein-cut-60x120\\\/\",\"url\":\"https:\\\/\\\/homeproject.fr\\\/fr\\\/produit\\\/carrelage-aspect-travertin-rouge-travertini-it-uno-rosso-vein-cut-60x120\\\/\",\"name\":\"Carrelage aspect travertin rouge TRAVERTINI IT Uno Rosso Vein Cut 60x120 Naturel Rectifi\u00e9 - Homeproject.fr\",\"isPartOf\":{\"@id\":\"https:\\\/\\\/homeproject.fr\\\/fr\\\/#website\"},\"primaryImageOfPage\":{\"@id\":\"https:\\\/\\\/homeproject.fr\\\/fr\\\/produit\\\/carrelage-aspect-travertin-rouge-travertini-it-uno-rosso-vein-cut-60x120\\\/#primaryimage\"},\"image\":{\"@id\":\"https:\\\/\\\/homeproject.fr\\\/fr\\\/produit\\\/carrelage-aspect-travertin-rouge-travertini-it-uno-rosso-vein-cut-60x120\\\/#primaryimage\"},\"thumbnailUrl\":\"https:\\\/\\\/homeproject.fr\\\/fr\\\/wp-content\\\/uploads\\\/2025\\\/03\\\/Carrelage-sol-et-mur-en-gres-cerame-aspect-traverti-rouge-I-Travertini-IT-Uno-Rosso.jpg\",\"datePublished\":\"2025-03-01T13:45:29+00:00\",\"dateModified\":\"2025-03-01T14:02:46+00:00\",\"breadcrumb\":{\"@id\":\"https:\\\/\\\/homeproject.fr\\\/fr\\\/produit\\\/carrelage-aspect-travertin-rouge-travertini-it-uno-rosso-vein-cut-60x120\\\/#breadcrumb\"},\"inLanguage\":\"fr-FR\",\"potentialAction\":[{\"@type\":\"ReadAction\",\"target\":[\"https:\\\/\\\/homeproject.fr\\\/fr\\\/produit\\\/carrelage-aspect-travertin-rouge-travertini-it-uno-rosso-vein-cut-60x120\\\/\"]}]},{\"@type\":\"ImageObject\",\"inLanguage\":\"fr-FR\",\"@id\":\"https:\\\/\\\/homeproject.fr\\\/fr\\\/produit\\\/carrelage-aspect-travertin-rouge-travertini-it-uno-rosso-vein-cut-60x120\\\/#primaryimage\",\"url\":\"https:\\\/\\\/homeproject.fr\\\/fr\\\/wp-content\\\/uploads\\\/2025\\\/03\\\/Carrelage-sol-et-mur-en-gres-cerame-aspect-traverti-rouge-I-Travertini-IT-Uno-Rosso.jpg\",\"contentUrl\":\"https:\\\/\\\/homeproject.fr\\\/fr\\\/wp-content\\\/uploads\\\/2025\\\/03\\\/Carrelage-sol-et-mur-en-gres-cerame-aspect-traverti-rouge-I-Travertini-IT-Uno-Rosso.jpg\",\"width\":1500,\"height\":1500},{\"@type\":\"BreadcrumbList\",\"@id\":\"https:\\\/\\\/homeproject.fr\\\/fr\\\/produit\\\/carrelage-aspect-travertin-rouge-travertini-it-uno-rosso-vein-cut-60x120\\\/#breadcrumb\",\"itemListElement\":[{\"@type\":\"ListItem\",\"position\":1,\"name\":\"Accueil\",\"item\":\"https:\\\/\\\/homeproject.fr\\\/fr\\\/\"},{\"@type\":\"ListItem\",\"position\":2,\"name\":\"Boutique\",\"item\":\"https:\\\/\\\/homeproject.fr\\\/fr\\\/boutique\\\/\"},{\"@type\":\"ListItem\",\"position\":3,\"name\":\"Carrelage aspect travertin rouge TRAVERTINI IT Uno Rosso Vein Cut 60&#215;120 Naturel Rectifi\u00e9\"}]},{\"@type\":\"WebSite\",\"@id\":\"https:\\\/\\\/homeproject.fr\\\/fr\\\/#website\",\"url\":\"https:\\\/\\\/homeproject.fr\\\/fr\\\/\",\"name\":\"Homeproject.fr\",\"description\":\"Offrez l&#039;exceptionnel \u00e0 vos espaces \u00e0 vivre\",\"publisher\":{\"@id\":\"https:\\\/\\\/homeproject.fr\\\/fr\\\/#organization\"},\"potentialAction\":[{\"@type\":\"SearchAction\",\"target\":{\"@type\":\"EntryPoint\",\"urlTemplate\":\"https:\\\/\\\/homeproject.fr\\\/fr\\\/?s={search_term_string}\"},\"query-input\":{\"@type\":\"PropertyValueSpecification\",\"valueRequired\":true,\"valueName\":\"search_term_string\"}}],\"inLanguage\":\"fr-FR\"},{\"@type\":\"Organization\",\"@id\":\"https:\\\/\\\/homeproject.fr\\\/fr\\\/#organization\",\"name\":\"Homeproject.fr\",\"url\":\"https:\\\/\\\/homeproject.fr\\\/fr\\\/\",\"logo\":{\"@type\":\"ImageObject\",\"inLanguage\":\"fr-FR\",\"@id\":\"https:\\\/\\\/homeproject.fr\\\/fr\\\/#\\\/schema\\\/logo\\\/image\\\/\",\"url\":\"https:\\\/\\\/homeproject.fr\\\/fr\\\/wp-content\\\/uploads\\\/2024\\\/12\\\/Logo_HomeProject-noir-2.png\",\"contentUrl\":\"https:\\\/\\\/homeproject.fr\\\/fr\\\/wp-content\\\/uploads\\\/2024\\\/12\\\/Logo_HomeProject-noir-2.png\",\"width\":300,\"height\":91,\"caption\":\"Homeproject.fr\"},\"image\":{\"@id\":\"https:\\\/\\\/homeproject.fr\\\/fr\\\/#\\\/schema\\\/logo\\\/image\\\/\"}}]}<\/script>\n<!-- \/ Yoast SEO plugin. -->","yoast_head_json":{"title":"Carrelage aspect travertin rouge TRAVERTINI IT Uno Rosso Vein Cut 60x120 Naturel Rectifi\u00e9 - Homeproject.fr","robots":{"index":"index","follow":"follow","max-snippet":"max-snippet:-1","max-image-preview":"max-image-preview:large","max-video-preview":"max-video-preview:-1"},"canonical":"https:\/\/homeproject.fr\/fr\/produit\/carrelage-aspect-travertin-rouge-travertini-it-uno-rosso-vein-cut-60x120\/","og_locale":"fr_FR","og_type":"article","og_title":"Carrelage aspect travertin rouge TRAVERTINI IT Uno Rosso Vein Cut 60x120 Naturel Rectifi\u00e9 - Homeproject.fr","og_description":"Apportez une touche de chaleur et d\u2019\u00e9l\u00e9gance intemporelle \u00e0 vos int\u00e9rieurs avec le carrelage Travertini IT Uno Rosso. Inspir\u00e9 du travertin rouge naturel, ce carrelage en gr\u00e8s c\u00e9rame se distingue par ses nuances profondes de rouge, d\u2019ocre et de brun, \u00e9voquant la richesse des pierres naturelles. Son format g\u00e9n\u00e9reux de 60x120 cm et sa finition rectifi\u00e9e assurent une pose harmonieuse avec des joints r\u00e9duits pour un rendu moderne et sophistiqu\u00e9.","og_url":"https:\/\/homeproject.fr\/fr\/produit\/carrelage-aspect-travertin-rouge-travertini-it-uno-rosso-vein-cut-60x120\/","og_site_name":"Homeproject.fr","article_modified_time":"2025-03-01T14:02:46+00:00","og_image":[{"width":1500,"height":1500,"url":"https:\/\/homeproject.fr\/fr\/wp-content\/uploads\/2025\/03\/Carrelage-sol-et-mur-en-gres-cerame-aspect-traverti-rouge-I-Travertini-IT-Uno-Rosso.jpg","type":"image\/jpeg"}],"twitter_card":"summary_large_image","twitter_misc":{"Dur\u00e9e de lecture estim\u00e9e":"2 minutes"},"schema":{"@context":"https:\/\/schema.org","@graph":[{"@type":"WebPage","@id":"https:\/\/homeproject.fr\/fr\/produit\/carrelage-aspect-travertin-rouge-travertini-it-uno-rosso-vein-cut-60x120\/","url":"https:\/\/homeproject.fr\/fr\/produit\/carrelage-aspect-travertin-rouge-travertini-it-uno-rosso-vein-cut-60x120\/","name":"Carrelage aspect travertin rouge TRAVERTINI IT Uno Rosso Vein Cut 60x120 Naturel Rectifi\u00e9 - Homeproject.fr","isPartOf":{"@id":"https:\/\/homeproject.fr\/fr\/#website"},"primaryImageOfPage":{"@id":"https:\/\/homeproject.fr\/fr\/produit\/carrelage-aspect-travertin-rouge-travertini-it-uno-rosso-vein-cut-60x120\/#primaryimage"},"image":{"@id":"https:\/\/homeproject.fr\/fr\/produit\/carrelage-aspect-travertin-rouge-travertini-it-uno-rosso-vein-cut-60x120\/#primaryimage"},"thumbnailUrl":"https:\/\/homeproject.fr\/fr\/wp-content\/uploads\/2025\/03\/Carrelage-sol-et-mur-en-gres-cerame-aspect-traverti-rouge-I-Travertini-IT-Uno-Rosso.jpg","datePublished":"2025-03-01T13:45:29+00:00","dateModified":"2025-03-01T14:02:46+00:00","breadcrumb":{"@id":"https:\/\/homeproject.fr\/fr\/produit\/carrelage-aspect-travertin-rouge-travertini-it-uno-rosso-vein-cut-60x120\/#breadcrumb"},"inLanguage":"fr-FR","potentialAction":[{"@type":"ReadAction","target":["https:\/\/homeproject.fr\/fr\/produit\/carrelage-aspect-travertin-rouge-travertini-it-uno-rosso-vein-cut-60x120\/"]}]},{"@type":"ImageObject","inLanguage":"fr-FR","@id":"https:\/\/homeproject.fr\/fr\/produit\/carrelage-aspect-travertin-rouge-travertini-it-uno-rosso-vein-cut-60x120\/#primaryimage","url":"https:\/\/homeproject.fr\/fr\/wp-content\/uploads\/2025\/03\/Carrelage-sol-et-mur-en-gres-cerame-aspect-traverti-rouge-I-Travertini-IT-Uno-Rosso.jpg","contentUrl":"https:\/\/homeproject.fr\/fr\/wp-content\/uploads\/2025\/03\/Carrelage-sol-et-mur-en-gres-cerame-aspect-traverti-rouge-I-Travertini-IT-Uno-Rosso.jpg","width":1500,"height":1500},{"@type":"BreadcrumbList","@id":"https:\/\/homeproject.fr\/fr\/produit\/carrelage-aspect-travertin-rouge-travertini-it-uno-rosso-vein-cut-60x120\/#breadcrumb","itemListElement":[{"@type":"ListItem","position":1,"name":"Accueil","item":"https:\/\/homeproject.fr\/fr\/"},{"@type":"ListItem","position":2,"name":"Boutique","item":"https:\/\/homeproject.fr\/fr\/boutique\/"},{"@type":"ListItem","position":3,"name":"Carrelage aspect travertin rouge TRAVERTINI IT Uno Rosso Vein Cut 60&#215;120 Naturel Rectifi\u00e9"}]},{"@type":"WebSite","@id":"https:\/\/homeproject.fr\/fr\/#website","url":"https:\/\/homeproject.fr\/fr\/","name":"Homeproject.fr","description":"Offrez l&#039;exceptionnel \u00e0 vos espaces \u00e0 vivre","publisher":{"@id":"https:\/\/homeproject.fr\/fr\/#organization"},"potentialAction":[{"@type":"SearchAction","target":{"@type":"EntryPoint","urlTemplate":"https:\/\/homeproject.fr\/fr\/?s={search_term_string}"},"query-input":{"@type":"PropertyValueSpecification","valueRequired":true,"valueName":"search_term_string"}}],"inLanguage":"fr-FR"},{"@type":"Organization","@id":"https:\/\/homeproject.fr\/fr\/#organization","name":"Homeproject.fr","url":"https:\/\/homeproject.fr\/fr\/","logo":{"@type":"ImageObject","inLanguage":"fr-FR","@id":"https:\/\/homeproject.fr\/fr\/#\/schema\/logo\/image\/","url":"https:\/\/homeproject.fr\/fr\/wp-content\/uploads\/2024\/12\/Logo_HomeProject-noir-2.png","contentUrl":"https:\/\/homeproject.fr\/fr\/wp-content\/uploads\/2024\/12\/Logo_HomeProject-noir-2.png","width":300,"height":91,"caption":"Homeproject.fr"},"image":{"@id":"https:\/\/homeproject.fr\/fr\/#\/schema\/logo\/image\/"}}]}},"_links":{"self":[{"href":"https:\/\/homeproject.fr\/fr\/wp-json\/wp\/v2\/product\/11101","targetHints":{"allow":["GET"]}}],"collection":[{"href":"https:\/\/homeproject.fr\/fr\/wp-json\/wp\/v2\/product"}],"about":[{"href":"https:\/\/homeproject.fr\/fr\/wp-json\/wp\/v2\/types\/product"}],"version-history":[{"count":3,"href":"https:\/\/homeproject.fr\/fr\/wp-json\/wp\/v2\/product\/11101\/revisions"}],"predecessor-version":[{"id":11115,"href":"https:\/\/homeproject.fr\/fr\/wp-json\/wp\/v2\/product\/11101\/revisions\/11115"}],"wp:featuredmedia":[{"embeddable":true,"href":"https:\/\/homeproject.fr\/fr\/wp-json\/wp\/v2\/media\/11102"}],"wp:attachment":[{"href":"https:\/\/homeproject.fr\/fr\/wp-json\/wp\/v2\/media?parent=11101"}],"wp:term":[{"taxonomy":"product_brand","embeddable":true,"href":"https:\/\/homeproject.fr\/fr\/wp-json\/wp\/v2\/product_brand?post=11101"},{"taxonomy":"product_cat","embeddable":true,"href":"https:\/\/homeproject.fr\/fr\/wp-json\/wp\/v2\/product_cat?post=11101"},{"taxonomy":"product_tag","embeddable":true,"href":"https:\/\/homeproject.fr\/fr\/wp-json\/wp\/v2\/product_tag?post=11101"}],"curies":[{"name":"wp","href":"https:\/\/api.w.org\/{rel}","templated":true}]}}