{"id":11091,"date":"2025-02-27T14:33:51","date_gmt":"2025-02-27T14:33:51","guid":{"rendered":"https:\/\/homeproject.fr\/fr\/?post_type=product&#038;p=11091"},"modified":"2025-02-27T14:39:15","modified_gmt":"2025-02-27T14:39:15","slug":"suspension-lineaire-noire-rectangulaire-avec-spot-et-led-integre-zml1-130-cm","status":"publish","type":"product","link":"https:\/\/homeproject.fr\/fr\/produit\/suspension-lineaire-noire-rectangulaire-avec-spot-et-led-integre-zml1-130-cm\/","title":{"rendered":"Suspension lin\u00e9aire noire rectangulaire avec spot et LED int\u00e9gr\u00e9 ZML1 \u2013 130 cm"},"content":{"rendered":"<h3 data-start=\"601\" data-end=\"639\"><strong data-start=\"605\" data-end=\"639\">Caract\u00e9ristiques principales :<\/strong><\/h3>\n<p data-start=\"640\" data-end=\"1247\">\u2714 <strong data-start=\"642\" data-end=\"667\">\u00c9clairage LED int\u00e9gr\u00e9<\/strong> \u2013 Puissance de 7W + 50W pour un rendu lumineux optimal.<br data-start=\"723\" data-end=\"726\" \/>\u2714 <strong data-start=\"728\" data-end=\"760\">Temp\u00e9rature de couleur 3000K<\/strong> \u2013 Lumi\u00e8re chaude parfaite pour une ambiance chaleureuse.<br data-start=\"817\" data-end=\"820\" \/>\u2714 <strong data-start=\"822\" data-end=\"860\">Intensit\u00e9 lumineuse de 4546 lumens<\/strong> \u2013 Un \u00e9clairage efficace et agr\u00e9able.<br data-start=\"897\" data-end=\"900\" \/>\u2714 <strong data-start=\"902\" data-end=\"930\">Angle de faisceau de 36\u00b0<\/strong> \u2013 Id\u00e9al pour un \u00e9clairage directionnel et cibl\u00e9.<br data-start=\"979\" data-end=\"982\" \/>\u2714 <strong data-start=\"984\" data-end=\"1023\">C\u00e2ble en textile ajustable (200 cm)<\/strong> \u2013 Adaptabilit\u00e9 maximale selon vos besoins.<br data-start=\"1169\" data-end=\"1172\" \/>\u2714 <strong data-start=\"1174\" data-end=\"1210\">Finition noir sabl\u00e9 en aluminium<\/strong> \u2013 \u00c9l\u00e9gance et robustesse assur\u00e9es.<\/p>\n<h3 data-start=\"1249\" data-end=\"1303\"><strong data-start=\"1253\" data-end=\"1301\">Pourquoi choisir cette suspension lin\u00e9aire ?<\/strong><\/h3>\n<ul data-start=\"1304\" data-end=\"1690\">\n<li data-start=\"1304\" data-end=\"1396\"><strong data-start=\"1306\" data-end=\"1344\">Design minimaliste et contemporain<\/strong> : Parfait pour les int\u00e9rieurs modernes et \u00e9pur\u00e9s.<\/li>\n<li data-start=\"1397\" data-end=\"1555\"><strong data-start=\"1399\" data-end=\"1419\">Double \u00e9clairage<\/strong> : Profitez d\u2019un \u00e9clairage g\u00e9n\u00e9ral puissant avec la barre LED, compl\u00e9t\u00e9 par un spot orientable pour mettre en valeur un espace pr\u00e9cis.<\/li>\n<li data-start=\"1556\" data-end=\"1690\"><strong data-start=\"1558\" data-end=\"1581\">Installation facile<\/strong> : Syst\u00e8me de suspension simple avec un c\u00e2ble ajustable pour s\u2019adapter \u00e0 diff\u00e9rentes hauteurs sous plafond.<\/li>\n<\/ul>\n<h3 data-start=\"1692\" data-end=\"1714\"><strong data-start=\"1696\" data-end=\"1712\">Dimensions :<\/strong><\/h3>\n<p data-start=\"1715\" data-end=\"1826\">\ud83d\udccf <strong data-start=\"1718\" data-end=\"1730\">Longueur<\/strong> : 130 cm<br data-start=\"1739\" data-end=\"1742\" \/>\ud83d\udccf <strong data-start=\"1745\" data-end=\"1756\">Largeur<\/strong> : 3,4 cm<br data-start=\"1765\" data-end=\"1768\" \/>\ud83d\udccf <strong data-start=\"1771\" data-end=\"1782\">Hauteur<\/strong> : 7,8 cm<br data-start=\"1791\" data-end=\"1794\" \/>\ud83d\udccf <strong data-start=\"1797\" data-end=\"1817\">Diam\u00e8tre du spot<\/strong> : 8 cm<\/p>\n<p data-start=\"1828\" data-end=\"1988\">Que ce soit pour illuminer votre \u00eelot central, une table \u00e0 manger ou un bureau, la suspension lin\u00e9aire ZML1 apporte une touche design et un \u00e9clairage optimal.<\/p>\n<p data-start=\"1990\" data-end=\"2048\">\ud83d\udca1 <strong data-start=\"1993\" data-end=\"2043\">Disponible d\u00e8s maintenant sur HomeProject.fr !<\/strong> \ud83d\ude80<\/p>\n<h3><strong>Vous avez des questions ?<\/strong><\/h3>\n<style id=\"wpforms-css-vars-3675\">\n\t\t\t\t#wpforms-3675 {\n\t\t\t\t\n\t\t\t}\n\t\t\t<\/style><div class=\"wpforms-container wpforms-container-full wpforms-render-modern\" id=\"wpforms-3675\"><form id=\"wpforms-form-3675\" class=\"wpforms-validate wpforms-form wpforms-ajax-form\" data-formid=\"3675\" method=\"post\" enctype=\"multipart\/form-data\" action=\"\/fr\/wp-json\/wp\/v2\/product\/11091\" data-token=\"40ada6e9151c970e4278e2da3e5409c5\" data-token-time=\"1777932138\"><noscript class=\"wpforms-error-noscript\">Veuillez activer JavaScript dans votre navigateur pour remplir ce formulaire.<\/noscript><div id=\"wpforms-error-noscript\" style=\"display: none;\">Veuillez activer JavaScript dans votre navigateur pour remplir ce formulaire.<\/div><div class=\"wpforms-field-container\">\t\t<div id=\"wpforms-3675-field_1-container\"\n\t\t\tclass=\"wpforms-field wpforms-field-text\"\n\t\t\tdata-field-type=\"text\"\n\t\t\tdata-field-id=\"1\"\n\t\t\t>\n\t\t\t<label class=\"wpforms-field-label\" for=\"wpforms-3675-field_1\" >Nom Message E-mail<\/label>\n\t\t\t<input type=\"text\" id=\"wpforms-3675-field_1\" class=\"wpforms-field-medium\" name=\"wpforms[fields][1]\" >\n\t\t<\/div>\n\t\t<div id=\"wpforms-3675-field_3-container\" class=\"wpforms-field wpforms-field-name\" data-field-id=\"3\"><fieldset><legend class=\"wpforms-field-label\">Nom <span class=\"wpforms-required-label\" aria-hidden=\"true\">*<\/span><\/legend><div class=\"wpforms-field-row wpforms-field-medium\"><div class=\"wpforms-field-row-block wpforms-first wpforms-one-half\"><input type=\"text\" id=\"wpforms-3675-field_3\" class=\"wpforms-field-name-first wpforms-field-required\" name=\"wpforms[fields][3][first]\" aria-errormessage=\"wpforms-3675-field_3-error\" required><label for=\"wpforms-3675-field_3\" class=\"wpforms-field-sublabel after\">Pr\u00e9nom<\/label><\/div><div class=\"wpforms-field-row-block wpforms-one-half\"><input type=\"text\" id=\"wpforms-3675-field_3-last\" class=\"wpforms-field-name-last wpforms-field-required\" name=\"wpforms[fields][3][last]\" aria-errormessage=\"wpforms-3675-field_3-last-error\" required><label for=\"wpforms-3675-field_3-last\" class=\"wpforms-field-sublabel after\">Nom<\/label><\/div><\/div><\/fieldset><\/div><div id=\"wpforms-3675-field_4-container\" class=\"wpforms-field wpforms-field-email\" data-field-id=\"4\"><label class=\"wpforms-field-label\" for=\"wpforms-3675-field_4\">E-mail <span class=\"wpforms-required-label\" aria-hidden=\"true\">*<\/span><\/label><input type=\"email\" id=\"wpforms-3675-field_4\" class=\"wpforms-field-medium wpforms-field-required\" name=\"wpforms[fields][4]\" spellcheck=\"false\" aria-errormessage=\"wpforms-3675-field_4-error\" required><\/div><div id=\"wpforms-3675-field_5-container\" class=\"wpforms-field wpforms-field-textarea\" data-field-id=\"5\"><label class=\"wpforms-field-label\" for=\"wpforms-3675-field_5\">Message <span class=\"wpforms-required-label\" aria-hidden=\"true\">*<\/span><\/label><textarea id=\"wpforms-3675-field_5\" class=\"wpforms-field-medium wpforms-field-required\" name=\"wpforms[fields][5]\" aria-errormessage=\"wpforms-3675-field_5-error\" required><\/textarea><\/div><script>\n\t\t\t\t( function() {\n\t\t\t\t\tconst style = document.createElement( 'style' );\n\t\t\t\t\tstyle.appendChild( document.createTextNode( '#wpforms-3675-field_1-container { position: absolute !important; overflow: hidden !important; display: inline !important; height: 1px !important; width: 1px !important; z-index: -1000 !important; padding: 0 !important; } #wpforms-3675-field_1-container input { visibility: hidden; } #wpforms-conversational-form-page #wpforms-3675-field_1-container label { counter-increment: none; }' ) );\n\t\t\t\t\tdocument.head.appendChild( style );\n\t\t\t\t\tdocument.currentScript?.remove();\n\t\t\t\t} )();\n\t\t\t<\/script><\/div><!-- .wpforms-field-container --><div class=\"wpforms-submit-container\" ><input type=\"hidden\" name=\"wpforms[id]\" value=\"3675\"><input type=\"hidden\" name=\"page_title\" value=\"\"><input type=\"hidden\" name=\"page_url\" value=\"https:\/\/homeproject.fr\/fr\/wp-json\/wp\/v2\/product\/11091\"><input type=\"hidden\" name=\"url_referer\" value=\"\"><button type=\"submit\" name=\"wpforms[submit]\" id=\"wpforms-submit-3675\" class=\"wpforms-submit\" data-alt-text=\"Envoi...\" data-submit-text=\"Envoyer\" aria-live=\"assertive\" value=\"wpforms-submit\">Envoyer<\/button><img decoding=\"async\" src=\"https:\/\/homeproject.fr\/fr\/wp-content\/plugins\/wpforms-lite\/assets\/images\/submit-spin.svg\" class=\"wpforms-submit-spinner\" style=\"display: none;\" width=\"26\" height=\"26\" alt=\"Chargement en cours\"><\/div><\/form><\/div>  <!-- .wpforms-container -->\n","protected":false},"excerpt":{"rendered":"<p>Apportez une touche moderne et sophistiqu\u00e9e \u00e0 votre int\u00e9rieur avec la suspension lin\u00e9aire noire ZML1. Con\u00e7ue pour un \u00e9clairage fonctionnel et \u00e9l\u00e9gant, elle associe une lumi\u00e8re LED douce et un spot orientable pour une flexibilit\u00e9 optimale. Son design minimaliste et sa finition en aluminium noir sabl\u00e9 en font un choix id\u00e9al pour sublimer votre salle \u00e0 manger, votre cuisine ou votre bureau.<\/p>\n","protected":false},"featured_media":11092,"template":"","meta":{"_uf_show_specific_survey":0,"_uf_disable_surveys":false,"iawp_total_views":7},"product_brand":[],"product_cat":[172],"product_tag":[],"class_list":{"0":"post-11091","1":"product","2":"type-product","3":"status-publish","4":"has-post-thumbnail","6":"product_cat-suspensions","7":"product_shipping_class-petit-colis","8":"pa_materiau-metal","10":"first","11":"instock","12":"taxable","13":"shipping-taxable","14":"purchasable","15":"product-type-simple"},"yoast_head":"<!-- This site is optimized with the Yoast SEO plugin v27.5 - https:\/\/yoast.com\/product\/yoast-seo-wordpress\/ -->\n<title>Suspension lin\u00e9aire noire rectangulaire avec spot et LED int\u00e9gr\u00e9 ZML1 \u2013 130 cm - Homeproject.fr<\/title>\n<meta name=\"robots\" content=\"index, follow, max-snippet:-1, max-image-preview:large, max-video-preview:-1\" \/>\n<link rel=\"canonical\" href=\"https:\/\/homeproject.fr\/fr\/produit\/suspension-lineaire-noire-rectangulaire-avec-spot-et-led-integre-zml1-130-cm\/\" \/>\n<meta property=\"og:locale\" content=\"fr_FR\" \/>\n<meta property=\"og:type\" content=\"article\" \/>\n<meta property=\"og:title\" content=\"Suspension lin\u00e9aire noire rectangulaire avec spot et LED int\u00e9gr\u00e9 ZML1 \u2013 130 cm - Homeproject.fr\" \/>\n<meta property=\"og:description\" content=\"Apportez une touche moderne et sophistiqu\u00e9e \u00e0 votre int\u00e9rieur avec la suspension lin\u00e9aire noire ZML1. Con\u00e7ue pour un \u00e9clairage fonctionnel et \u00e9l\u00e9gant, elle associe une lumi\u00e8re LED douce et un spot orientable pour une flexibilit\u00e9 optimale. Son design minimaliste et sa finition en aluminium noir sabl\u00e9 en font un choix id\u00e9al pour sublimer votre salle \u00e0 manger, votre cuisine ou votre bureau.\" \/>\n<meta property=\"og:url\" content=\"https:\/\/homeproject.fr\/fr\/produit\/suspension-lineaire-noire-rectangulaire-avec-spot-et-led-integre-zml1-130-cm\/\" \/>\n<meta property=\"og:site_name\" content=\"Homeproject.fr\" \/>\n<meta property=\"article:modified_time\" content=\"2025-02-27T14:39:15+00:00\" \/>\n<meta property=\"og:image\" content=\"https:\/\/homeproject.fr\/fr\/wp-content\/uploads\/2025\/02\/Suspension-lineaire-noire-rectangulaire-avec-spot-et-LED-integre-ZML1-130-cm.png\" \/>\n\t<meta property=\"og:image:width\" content=\"800\" \/>\n\t<meta property=\"og:image:height\" content=\"800\" \/>\n\t<meta property=\"og:image:type\" content=\"image\/png\" \/>\n<meta name=\"twitter:card\" content=\"summary_large_image\" \/>\n<meta name=\"twitter:label1\" content=\"Dur\u00e9e de lecture estim\u00e9e\" \/>\n\t<meta name=\"twitter:data1\" content=\"2 minutes\" \/>\n<script type=\"application\/ld+json\" class=\"yoast-schema-graph\">{\"@context\":\"https:\\\/\\\/schema.org\",\"@graph\":[{\"@type\":\"WebPage\",\"@id\":\"https:\\\/\\\/homeproject.fr\\\/fr\\\/produit\\\/suspension-lineaire-noire-rectangulaire-avec-spot-et-led-integre-zml1-130-cm\\\/\",\"url\":\"https:\\\/\\\/homeproject.fr\\\/fr\\\/produit\\\/suspension-lineaire-noire-rectangulaire-avec-spot-et-led-integre-zml1-130-cm\\\/\",\"name\":\"Suspension lin\u00e9aire noire rectangulaire avec spot et LED int\u00e9gr\u00e9 ZML1 \u2013 130 cm - Homeproject.fr\",\"isPartOf\":{\"@id\":\"https:\\\/\\\/homeproject.fr\\\/fr\\\/#website\"},\"primaryImageOfPage\":{\"@id\":\"https:\\\/\\\/homeproject.fr\\\/fr\\\/produit\\\/suspension-lineaire-noire-rectangulaire-avec-spot-et-led-integre-zml1-130-cm\\\/#primaryimage\"},\"image\":{\"@id\":\"https:\\\/\\\/homeproject.fr\\\/fr\\\/produit\\\/suspension-lineaire-noire-rectangulaire-avec-spot-et-led-integre-zml1-130-cm\\\/#primaryimage\"},\"thumbnailUrl\":\"https:\\\/\\\/homeproject.fr\\\/fr\\\/wp-content\\\/uploads\\\/2025\\\/02\\\/Suspension-lineaire-noire-rectangulaire-avec-spot-et-LED-integre-ZML1-130-cm.png\",\"datePublished\":\"2025-02-27T14:33:51+00:00\",\"dateModified\":\"2025-02-27T14:39:15+00:00\",\"breadcrumb\":{\"@id\":\"https:\\\/\\\/homeproject.fr\\\/fr\\\/produit\\\/suspension-lineaire-noire-rectangulaire-avec-spot-et-led-integre-zml1-130-cm\\\/#breadcrumb\"},\"inLanguage\":\"fr-FR\",\"potentialAction\":[{\"@type\":\"ReadAction\",\"target\":[\"https:\\\/\\\/homeproject.fr\\\/fr\\\/produit\\\/suspension-lineaire-noire-rectangulaire-avec-spot-et-led-integre-zml1-130-cm\\\/\"]}]},{\"@type\":\"ImageObject\",\"inLanguage\":\"fr-FR\",\"@id\":\"https:\\\/\\\/homeproject.fr\\\/fr\\\/produit\\\/suspension-lineaire-noire-rectangulaire-avec-spot-et-led-integre-zml1-130-cm\\\/#primaryimage\",\"url\":\"https:\\\/\\\/homeproject.fr\\\/fr\\\/wp-content\\\/uploads\\\/2025\\\/02\\\/Suspension-lineaire-noire-rectangulaire-avec-spot-et-LED-integre-ZML1-130-cm.png\",\"contentUrl\":\"https:\\\/\\\/homeproject.fr\\\/fr\\\/wp-content\\\/uploads\\\/2025\\\/02\\\/Suspension-lineaire-noire-rectangulaire-avec-spot-et-LED-integre-ZML1-130-cm.png\",\"width\":800,\"height\":800},{\"@type\":\"BreadcrumbList\",\"@id\":\"https:\\\/\\\/homeproject.fr\\\/fr\\\/produit\\\/suspension-lineaire-noire-rectangulaire-avec-spot-et-led-integre-zml1-130-cm\\\/#breadcrumb\",\"itemListElement\":[{\"@type\":\"ListItem\",\"position\":1,\"name\":\"Accueil\",\"item\":\"https:\\\/\\\/homeproject.fr\\\/fr\\\/\"},{\"@type\":\"ListItem\",\"position\":2,\"name\":\"Boutique\",\"item\":\"https:\\\/\\\/homeproject.fr\\\/fr\\\/boutique\\\/\"},{\"@type\":\"ListItem\",\"position\":3,\"name\":\"Suspension lin\u00e9aire noire rectangulaire avec spot et LED int\u00e9gr\u00e9 ZML1 \u2013 130 cm\"}]},{\"@type\":\"WebSite\",\"@id\":\"https:\\\/\\\/homeproject.fr\\\/fr\\\/#website\",\"url\":\"https:\\\/\\\/homeproject.fr\\\/fr\\\/\",\"name\":\"Homeproject.fr\",\"description\":\"Offrez l&#039;exceptionnel \u00e0 vos espaces \u00e0 vivre\",\"publisher\":{\"@id\":\"https:\\\/\\\/homeproject.fr\\\/fr\\\/#organization\"},\"potentialAction\":[{\"@type\":\"SearchAction\",\"target\":{\"@type\":\"EntryPoint\",\"urlTemplate\":\"https:\\\/\\\/homeproject.fr\\\/fr\\\/?s={search_term_string}\"},\"query-input\":{\"@type\":\"PropertyValueSpecification\",\"valueRequired\":true,\"valueName\":\"search_term_string\"}}],\"inLanguage\":\"fr-FR\"},{\"@type\":\"Organization\",\"@id\":\"https:\\\/\\\/homeproject.fr\\\/fr\\\/#organization\",\"name\":\"Homeproject.fr\",\"url\":\"https:\\\/\\\/homeproject.fr\\\/fr\\\/\",\"logo\":{\"@type\":\"ImageObject\",\"inLanguage\":\"fr-FR\",\"@id\":\"https:\\\/\\\/homeproject.fr\\\/fr\\\/#\\\/schema\\\/logo\\\/image\\\/\",\"url\":\"https:\\\/\\\/homeproject.fr\\\/fr\\\/wp-content\\\/uploads\\\/2024\\\/12\\\/Logo_HomeProject-noir-2.png\",\"contentUrl\":\"https:\\\/\\\/homeproject.fr\\\/fr\\\/wp-content\\\/uploads\\\/2024\\\/12\\\/Logo_HomeProject-noir-2.png\",\"width\":300,\"height\":91,\"caption\":\"Homeproject.fr\"},\"image\":{\"@id\":\"https:\\\/\\\/homeproject.fr\\\/fr\\\/#\\\/schema\\\/logo\\\/image\\\/\"}}]}<\/script>\n<!-- \/ Yoast SEO plugin. -->","yoast_head_json":{"title":"Suspension lin\u00e9aire noire rectangulaire avec spot et LED int\u00e9gr\u00e9 ZML1 \u2013 130 cm - Homeproject.fr","robots":{"index":"index","follow":"follow","max-snippet":"max-snippet:-1","max-image-preview":"max-image-preview:large","max-video-preview":"max-video-preview:-1"},"canonical":"https:\/\/homeproject.fr\/fr\/produit\/suspension-lineaire-noire-rectangulaire-avec-spot-et-led-integre-zml1-130-cm\/","og_locale":"fr_FR","og_type":"article","og_title":"Suspension lin\u00e9aire noire rectangulaire avec spot et LED int\u00e9gr\u00e9 ZML1 \u2013 130 cm - Homeproject.fr","og_description":"Apportez une touche moderne et sophistiqu\u00e9e \u00e0 votre int\u00e9rieur avec la suspension lin\u00e9aire noire ZML1. Con\u00e7ue pour un \u00e9clairage fonctionnel et \u00e9l\u00e9gant, elle associe une lumi\u00e8re LED douce et un spot orientable pour une flexibilit\u00e9 optimale. Son design minimaliste et sa finition en aluminium noir sabl\u00e9 en font un choix id\u00e9al pour sublimer votre salle \u00e0 manger, votre cuisine ou votre bureau.","og_url":"https:\/\/homeproject.fr\/fr\/produit\/suspension-lineaire-noire-rectangulaire-avec-spot-et-led-integre-zml1-130-cm\/","og_site_name":"Homeproject.fr","article_modified_time":"2025-02-27T14:39:15+00:00","og_image":[{"width":800,"height":800,"url":"https:\/\/homeproject.fr\/fr\/wp-content\/uploads\/2025\/02\/Suspension-lineaire-noire-rectangulaire-avec-spot-et-LED-integre-ZML1-130-cm.png","type":"image\/png"}],"twitter_card":"summary_large_image","twitter_misc":{"Dur\u00e9e de lecture estim\u00e9e":"2 minutes"},"schema":{"@context":"https:\/\/schema.org","@graph":[{"@type":"WebPage","@id":"https:\/\/homeproject.fr\/fr\/produit\/suspension-lineaire-noire-rectangulaire-avec-spot-et-led-integre-zml1-130-cm\/","url":"https:\/\/homeproject.fr\/fr\/produit\/suspension-lineaire-noire-rectangulaire-avec-spot-et-led-integre-zml1-130-cm\/","name":"Suspension lin\u00e9aire noire rectangulaire avec spot et LED int\u00e9gr\u00e9 ZML1 \u2013 130 cm - Homeproject.fr","isPartOf":{"@id":"https:\/\/homeproject.fr\/fr\/#website"},"primaryImageOfPage":{"@id":"https:\/\/homeproject.fr\/fr\/produit\/suspension-lineaire-noire-rectangulaire-avec-spot-et-led-integre-zml1-130-cm\/#primaryimage"},"image":{"@id":"https:\/\/homeproject.fr\/fr\/produit\/suspension-lineaire-noire-rectangulaire-avec-spot-et-led-integre-zml1-130-cm\/#primaryimage"},"thumbnailUrl":"https:\/\/homeproject.fr\/fr\/wp-content\/uploads\/2025\/02\/Suspension-lineaire-noire-rectangulaire-avec-spot-et-LED-integre-ZML1-130-cm.png","datePublished":"2025-02-27T14:33:51+00:00","dateModified":"2025-02-27T14:39:15+00:00","breadcrumb":{"@id":"https:\/\/homeproject.fr\/fr\/produit\/suspension-lineaire-noire-rectangulaire-avec-spot-et-led-integre-zml1-130-cm\/#breadcrumb"},"inLanguage":"fr-FR","potentialAction":[{"@type":"ReadAction","target":["https:\/\/homeproject.fr\/fr\/produit\/suspension-lineaire-noire-rectangulaire-avec-spot-et-led-integre-zml1-130-cm\/"]}]},{"@type":"ImageObject","inLanguage":"fr-FR","@id":"https:\/\/homeproject.fr\/fr\/produit\/suspension-lineaire-noire-rectangulaire-avec-spot-et-led-integre-zml1-130-cm\/#primaryimage","url":"https:\/\/homeproject.fr\/fr\/wp-content\/uploads\/2025\/02\/Suspension-lineaire-noire-rectangulaire-avec-spot-et-LED-integre-ZML1-130-cm.png","contentUrl":"https:\/\/homeproject.fr\/fr\/wp-content\/uploads\/2025\/02\/Suspension-lineaire-noire-rectangulaire-avec-spot-et-LED-integre-ZML1-130-cm.png","width":800,"height":800},{"@type":"BreadcrumbList","@id":"https:\/\/homeproject.fr\/fr\/produit\/suspension-lineaire-noire-rectangulaire-avec-spot-et-led-integre-zml1-130-cm\/#breadcrumb","itemListElement":[{"@type":"ListItem","position":1,"name":"Accueil","item":"https:\/\/homeproject.fr\/fr\/"},{"@type":"ListItem","position":2,"name":"Boutique","item":"https:\/\/homeproject.fr\/fr\/boutique\/"},{"@type":"ListItem","position":3,"name":"Suspension lin\u00e9aire noire rectangulaire avec spot et LED int\u00e9gr\u00e9 ZML1 \u2013 130 cm"}]},{"@type":"WebSite","@id":"https:\/\/homeproject.fr\/fr\/#website","url":"https:\/\/homeproject.fr\/fr\/","name":"Homeproject.fr","description":"Offrez l&#039;exceptionnel \u00e0 vos espaces \u00e0 vivre","publisher":{"@id":"https:\/\/homeproject.fr\/fr\/#organization"},"potentialAction":[{"@type":"SearchAction","target":{"@type":"EntryPoint","urlTemplate":"https:\/\/homeproject.fr\/fr\/?s={search_term_string}"},"query-input":{"@type":"PropertyValueSpecification","valueRequired":true,"valueName":"search_term_string"}}],"inLanguage":"fr-FR"},{"@type":"Organization","@id":"https:\/\/homeproject.fr\/fr\/#organization","name":"Homeproject.fr","url":"https:\/\/homeproject.fr\/fr\/","logo":{"@type":"ImageObject","inLanguage":"fr-FR","@id":"https:\/\/homeproject.fr\/fr\/#\/schema\/logo\/image\/","url":"https:\/\/homeproject.fr\/fr\/wp-content\/uploads\/2024\/12\/Logo_HomeProject-noir-2.png","contentUrl":"https:\/\/homeproject.fr\/fr\/wp-content\/uploads\/2024\/12\/Logo_HomeProject-noir-2.png","width":300,"height":91,"caption":"Homeproject.fr"},"image":{"@id":"https:\/\/homeproject.fr\/fr\/#\/schema\/logo\/image\/"}}]}},"_links":{"self":[{"href":"https:\/\/homeproject.fr\/fr\/wp-json\/wp\/v2\/product\/11091","targetHints":{"allow":["GET"]}}],"collection":[{"href":"https:\/\/homeproject.fr\/fr\/wp-json\/wp\/v2\/product"}],"about":[{"href":"https:\/\/homeproject.fr\/fr\/wp-json\/wp\/v2\/types\/product"}],"version-history":[{"count":2,"href":"https:\/\/homeproject.fr\/fr\/wp-json\/wp\/v2\/product\/11091\/revisions"}],"predecessor-version":[{"id":11096,"href":"https:\/\/homeproject.fr\/fr\/wp-json\/wp\/v2\/product\/11091\/revisions\/11096"}],"wp:featuredmedia":[{"embeddable":true,"href":"https:\/\/homeproject.fr\/fr\/wp-json\/wp\/v2\/media\/11092"}],"wp:attachment":[{"href":"https:\/\/homeproject.fr\/fr\/wp-json\/wp\/v2\/media?parent=11091"}],"wp:term":[{"taxonomy":"product_brand","embeddable":true,"href":"https:\/\/homeproject.fr\/fr\/wp-json\/wp\/v2\/product_brand?post=11091"},{"taxonomy":"product_cat","embeddable":true,"href":"https:\/\/homeproject.fr\/fr\/wp-json\/wp\/v2\/product_cat?post=11091"},{"taxonomy":"product_tag","embeddable":true,"href":"https:\/\/homeproject.fr\/fr\/wp-json\/wp\/v2\/product_tag?post=11091"}],"curies":[{"name":"wp","href":"https:\/\/api.w.org\/{rel}","templated":true}]}}