{"id":11035,"date":"2025-02-24T14:11:39","date_gmt":"2025-02-24T14:11:39","guid":{"rendered":"https:\/\/homeproject.fr\/fr\/?post_type=product&#038;p=11035"},"modified":"2025-02-24T14:15:09","modified_gmt":"2025-02-24T14:15:09","slug":"papier-peint-panoramique-sur-mesure-over-the-hills-and-far-away-par-gio-pagani-pour-london-art","status":"publish","type":"product","link":"https:\/\/homeproject.fr\/fr\/produit\/papier-peint-panoramique-sur-mesure-over-the-hills-and-far-away-par-gio-pagani-pour-london-art\/","title":{"rendered":"Papier peint panoramique sur mesure OVER THE HILLS AND FAR AWAY par Gio Pagani pour London Art"},"content":{"rendered":"<h3><strong style=\"font-size: 16px;\"><a href=\"https:\/\/homeproject.fr\/fr\/wp-content\/uploads\/2025\/01\/Installation.pdf\" target=\"_blank\" rel=\"noopener\">T\u00e9l\u00e9charger la notice d\u2019installation<\/a><\/strong><\/h3>\n<hr \/>\n<div class=\"flex max-w-full flex-col flex-grow\">\n<div class=\"min-h-8 text-message flex w-full flex-col items-end gap-2 whitespace-normal break-words text-start [.text-message+&]:mt-5\" dir=\"auto\" data-message-author-role=\"assistant\" data-message-id=\"5caff6c9-7ccb-438b-bf30-0814fcb11509\" data-message-model-slug=\"gpt-4o\">\n<div class=\"flex w-full flex-col gap-1 empty:hidden first:pt-[3px]\">\n<div class=\"markdown prose w-full break-words dark:prose-invert light\">\n<h3 data-start=\"1058\" data-end=\"1108\"><strong data-start=\"1062\" data-end=\"1106\">Finitions et Caract\u00e9ristiques Techniques<\/strong><\/h3>\n<p data-start=\"1110\" data-end=\"1266\">Le papier peint <strong data-start=\"1126\" data-end=\"1157\">Over the Hills and Far Away<\/strong> est disponible en plusieurs finitions de qualit\u00e9 sup\u00e9rieure, alliant <strong data-start=\"1227\" data-end=\"1262\">design artistique et durabilit\u00e9<\/strong> :<\/p>\n<h4 data-start=\"1268\" data-end=\"1312\"><strong data-start=\"1273\" data-end=\"1312\">1. Finition Raw (Texture Naturelle)<\/strong><\/h4>\n<p data-start=\"1313\" data-end=\"1789\">\ud83d\udccc <strong data-start=\"1316\" data-end=\"1328\">Mat\u00e9riau<\/strong> : Vinyle sur support non-tiss\u00e9 (70 % cellulose, 20 % fibres synth\u00e9tiques, 8 % additifs).<br data-start=\"1417\" data-end=\"1420\" \/>\ud83d\udccc <strong data-start=\"1423\" data-end=\"1439\">Effet visuel<\/strong> : Un l\u00e9ger relief qui accentue la profondeur du dessin et offre un rendu textur\u00e9 authentique.<br data-start=\"1533\" data-end=\"1536\" \/>\ud83d\udccc <strong data-start=\"1539\" data-end=\"1552\">Entretien<\/strong> : Lavable avec un chiffon humide pour une long\u00e9vit\u00e9 accrue.<br data-start=\"1612\" data-end=\"1615\" \/>\ud83d\udccc <strong data-start=\"1618\" data-end=\"1635\">Certification<\/strong> : Classement au feu <strong data-start=\"1656\" data-end=\"1679\">Euro Class B-s2, d0<\/strong> et <strong data-start=\"1683\" data-end=\"1708\">ASTM E 84-19b Class A<\/strong>.<br data-start=\"1709\" data-end=\"1712\" \/>\ud83d\udccc <strong data-start=\"1715\" data-end=\"1731\">Applications<\/strong> : Id\u00e9al pour les espaces contemporains et sophistiqu\u00e9s.<\/p>\n<h4 data-start=\"1791\" data-end=\"1845\"><strong data-start=\"1796\" data-end=\"1845\">2. Finition Green Raw (\u00c9cologique \u2013 Sans PVC)<\/strong><\/h4>\n<p data-start=\"1846\" data-end=\"2383\">\ud83c\udf31 <strong data-start=\"1849\" data-end=\"1861\">Mat\u00e9riau<\/strong> : Papier peint non-tiss\u00e9 100 % \u00e9cologique, sans PVC, con\u00e7u \u00e0 partir de cellulose press\u00e9e.<br data-start=\"1951\" data-end=\"1954\" \/>\ud83c\udf31 <strong data-start=\"1957\" data-end=\"1973\">Effet visuel<\/strong> : Surface mate et douce au toucher, avec un rendu naturel et raffin\u00e9.<br data-start=\"2043\" data-end=\"2046\" \/>\ud83c\udf31 <strong data-start=\"2049\" data-end=\"2062\">Entretien<\/strong> : Nettoyage \u00e0 sec recommand\u00e9 pour pr\u00e9server sa qualit\u00e9 d\u2019origine.<br data-start=\"2128\" data-end=\"2131\" \/>\ud83c\udf31 <strong data-start=\"2134\" data-end=\"2162\">Certification \u00e9cologique<\/strong> : Conforme aux normes <strong data-start=\"2185\" data-end=\"2224\">VOC (Indoor Air Comfort GOLD, LEED)<\/strong> pour un int\u00e9rieur plus sain.<br data-start=\"2253\" data-end=\"2256\" \/>\ud83c\udf31 <strong data-start=\"2259\" data-end=\"2275\">Applications<\/strong> : Parfait pour les h\u00f4tels, bureaux et r\u00e9sidences haut de gamme engag\u00e9s dans une d\u00e9marche \u00e9co-responsable.<\/p>\n<hr data-start=\"2385\" data-end=\"2388\" \/>\n<h3 data-start=\"2390\" data-end=\"2462\"><strong data-start=\"2394\" data-end=\"2460\">Pourquoi Choisir le Papier Peint Over the Hills and Far Away ?<\/strong><\/h3>\n<p data-start=\"2463\" data-end=\"2862\">\u2714 <strong data-start=\"2465\" data-end=\"2488\">Un design \u00e9vocateur<\/strong> : Une \u0153uvre d\u2019art immersive qui invite \u00e0 l\u2019\u00e9vasion.<br data-start=\"2540\" data-end=\"2543\" \/>\u2714 <strong data-start=\"2545\" data-end=\"2571\">Fabrication sur mesure<\/strong> : Un ajustement pr\u00e9cis pour un rendu \u00e9l\u00e9gant et harmonieux.<br data-start=\"2631\" data-end=\"2634\" \/>\u2714 <strong data-start=\"2636\" data-end=\"2663\">Finitions haut de gamme<\/strong> : Choisissez entre textures naturelles et solutions \u00e9cologiques adapt\u00e9es \u00e0 votre int\u00e9rieur.<br data-start=\"2755\" data-end=\"2758\" \/>\u2714 <strong data-start=\"2760\" data-end=\"2783\">Un d\u00e9cor intemporel<\/strong> : Id\u00e9al pour les int\u00e9rieurs minimalistes, modernes ou inspir\u00e9s de la nature.<\/p>\n<p data-start=\"2864\" data-end=\"3030\">\ud83c\udf3f <strong data-start=\"2867\" data-end=\"2978\">Transformez votre espace avec Over the Hills and Far Away et plongez dans un univers entre r\u00eave et r\u00e9alit\u00e9.<\/strong> Disponible d\u00e8s maintenant sur <strong data-start=\"3009\" data-end=\"3027\">HomeProject.fr<\/strong>.<\/p>\n<h3 data-start=\"971\" data-end=\"1017\"><strong style=\"font-family: inherit; font-size: 30px;\">Vous avez des questions ?<\/strong><\/h3>\n<\/div>\n<\/div>\n<\/div>\n<\/div>\n<style id=\"wpforms-css-vars-3675\">\n\t\t\t\t#wpforms-3675 {\n\t\t\t\t\n\t\t\t}\n\t\t\t<\/style><div class=\"wpforms-container wpforms-container-full wpforms-render-modern\" id=\"wpforms-3675\"><form id=\"wpforms-form-3675\" class=\"wpforms-validate wpforms-form wpforms-ajax-form\" data-formid=\"3675\" method=\"post\" enctype=\"multipart\/form-data\" action=\"\/fr\/wp-json\/wp\/v2\/product\/11035\" data-token=\"03cdf653ce821e1e97cc9c531d12385b\" data-token-time=\"1778536511\"><noscript class=\"wpforms-error-noscript\">Veuillez activer JavaScript dans votre navigateur pour remplir ce formulaire.<\/noscript><div id=\"wpforms-error-noscript\" style=\"display: none;\">Veuillez activer JavaScript dans votre navigateur pour remplir ce formulaire.<\/div><div class=\"wpforms-field-container\">\t\t<div id=\"wpforms-3675-field_1-container\"\n\t\t\tclass=\"wpforms-field wpforms-field-text\"\n\t\t\tdata-field-type=\"text\"\n\t\t\tdata-field-id=\"1\"\n\t\t\t>\n\t\t\t<label class=\"wpforms-field-label\" for=\"wpforms-3675-field_1\" >Nom E-mail Message<\/label>\n\t\t\t<input type=\"text\" id=\"wpforms-3675-field_1\" class=\"wpforms-field-medium\" name=\"wpforms[fields][1]\" >\n\t\t<\/div>\n\t\t<div id=\"wpforms-3675-field_3-container\" class=\"wpforms-field wpforms-field-name\" data-field-id=\"3\"><fieldset><legend class=\"wpforms-field-label\">Nom <span class=\"wpforms-required-label\" aria-hidden=\"true\">*<\/span><\/legend><div class=\"wpforms-field-row wpforms-field-medium\"><div class=\"wpforms-field-row-block wpforms-first wpforms-one-half\"><input type=\"text\" id=\"wpforms-3675-field_3\" class=\"wpforms-field-name-first wpforms-field-required\" name=\"wpforms[fields][3][first]\" aria-errormessage=\"wpforms-3675-field_3-error\" required><label for=\"wpforms-3675-field_3\" class=\"wpforms-field-sublabel after\">Pr\u00e9nom<\/label><\/div><div class=\"wpforms-field-row-block wpforms-one-half\"><input type=\"text\" id=\"wpforms-3675-field_3-last\" class=\"wpforms-field-name-last wpforms-field-required\" name=\"wpforms[fields][3][last]\" aria-errormessage=\"wpforms-3675-field_3-last-error\" required><label for=\"wpforms-3675-field_3-last\" class=\"wpforms-field-sublabel after\">Nom<\/label><\/div><\/div><\/fieldset><\/div><div id=\"wpforms-3675-field_4-container\" class=\"wpforms-field wpforms-field-email\" data-field-id=\"4\"><label class=\"wpforms-field-label\" for=\"wpforms-3675-field_4\">E-mail <span class=\"wpforms-required-label\" aria-hidden=\"true\">*<\/span><\/label><input type=\"email\" id=\"wpforms-3675-field_4\" class=\"wpforms-field-medium wpforms-field-required\" name=\"wpforms[fields][4]\" spellcheck=\"false\" aria-errormessage=\"wpforms-3675-field_4-error\" required><\/div><div id=\"wpforms-3675-field_5-container\" class=\"wpforms-field wpforms-field-textarea\" data-field-id=\"5\"><label class=\"wpforms-field-label\" for=\"wpforms-3675-field_5\">Message <span class=\"wpforms-required-label\" aria-hidden=\"true\">*<\/span><\/label><textarea id=\"wpforms-3675-field_5\" class=\"wpforms-field-medium wpforms-field-required\" name=\"wpforms[fields][5]\" aria-errormessage=\"wpforms-3675-field_5-error\" required><\/textarea><\/div><script>\n\t\t\t\t( function() {\n\t\t\t\t\tconst style = document.createElement( 'style' );\n\t\t\t\t\tstyle.appendChild( document.createTextNode( '#wpforms-3675-field_1-container { position: absolute !important; overflow: hidden !important; display: inline !important; height: 1px !important; width: 1px !important; z-index: -1000 !important; padding: 0 !important; } #wpforms-3675-field_1-container input { visibility: hidden; } #wpforms-conversational-form-page #wpforms-3675-field_1-container label { counter-increment: none; }' ) );\n\t\t\t\t\tdocument.head.appendChild( style );\n\t\t\t\t\tdocument.currentScript?.remove();\n\t\t\t\t} )();\n\t\t\t<\/script><\/div><!-- .wpforms-field-container --><div class=\"wpforms-submit-container\" ><input type=\"hidden\" name=\"wpforms[id]\" value=\"3675\"><input type=\"hidden\" name=\"page_title\" value=\"\"><input type=\"hidden\" name=\"page_url\" value=\"https:\/\/homeproject.fr\/fr\/wp-json\/wp\/v2\/product\/11035\"><input type=\"hidden\" name=\"url_referer\" value=\"\"><button type=\"submit\" name=\"wpforms[submit]\" id=\"wpforms-submit-3675\" class=\"wpforms-submit\" data-alt-text=\"Envoi...\" data-submit-text=\"Envoyer\" aria-live=\"assertive\" value=\"wpforms-submit\">Envoyer<\/button><img decoding=\"async\" src=\"https:\/\/homeproject.fr\/fr\/wp-content\/plugins\/wpforms-lite\/assets\/images\/submit-spin.svg\" class=\"wpforms-submit-spinner\" style=\"display: none;\" width=\"26\" height=\"26\" alt=\"Chargement en cours\"><\/div><\/form><\/div>  <!-- .wpforms-container -->\n","protected":false},"excerpt":{"rendered":"<div class=\"woocommerce-product-details__short-description\">\n<p data-start=\"239\" data-end=\"645\">Offrez \u00e0 votre int\u00e9rieur une immersion totale dans un paysage onirique avec <strong data-start=\"315\" data-end=\"346\">Over the Hills and Far Away<\/strong>, une cr\u00e9ation sign\u00e9e <strong data-start=\"368\" data-end=\"382\">Gio Pagani<\/strong> pour <strong data-start=\"388\" data-end=\"402\">London Art<\/strong>. Ce <strong data-start=\"407\" data-end=\"435\">papier peint panoramique<\/strong> \u00e9voque la profondeur et la richesse d\u2019un monde naturel dessin\u00e9 avec une finesse exceptionnelle, o\u00f9 la v\u00e9g\u00e9tation luxuriante et les collines lointaines cr\u00e9ent une atmosph\u00e8re \u00e0 la fois apaisante et fascinante.<\/p>\n<p><strong>Un Produit Livr\u00e9 Pr\u00eat \u00e0 Poser<\/strong><\/p>\n<ul>\n<li><strong>Sur-Mesure :<\/strong> Chaque rouleau est adapt\u00e9 \u00e0 vos dimensions sp\u00e9cifiques.<\/li>\n<li><strong>Num\u00e9rotation des Panneaux :<\/strong> Les rouleaux sont num\u00e9rot\u00e9s pour garantir une installation fluide et la continuit\u00e9 parfaite du motif.<\/li>\n<li><strong>Colle Fournie :<\/strong> Une colle sp\u00e9ciale adapt\u00e9e aux finitions est incluse dans chaque commande.<\/li>\n<\/ul>\n<p><strong>Prix au m\u00b2 :<\/strong><\/p>\n<\/div>\n","protected":false},"featured_media":11042,"template":"","meta":{"_uf_show_specific_survey":0,"_uf_disable_surveys":false,"iawp_total_views":9},"product_brand":[],"product_cat":[399],"product_tag":[],"class_list":{"0":"post-11035","1":"product","2":"type-product","3":"status-publish","4":"has-post-thumbnail","6":"product_cat-papier-peint","7":"product_shipping_class-petit-colis","8":"pa_collection-exclusive-wallpapers-par-london-art","9":"pa_designer-gio-pagani","10":"pa_effet-paysage","11":"pa_marque-london-art","12":"pa_materiau-intisse","13":"pa_materiau-vinyle","15":"first","16":"instock","17":"taxable","18":"shipping-taxable","19":"purchasable","20":"product-type-variable"},"yoast_head":"<!-- This site is optimized with the Yoast SEO plugin v27.5 - https:\/\/yoast.com\/product\/yoast-seo-wordpress\/ -->\n<title>Papier peint panoramique sur mesure OVER THE HILLS AND FAR AWAY par Gio Pagani pour London Art - Homeproject.fr<\/title>\n<meta name=\"robots\" content=\"index, follow, max-snippet:-1, max-image-preview:large, max-video-preview:-1\" \/>\n<link rel=\"canonical\" href=\"https:\/\/homeproject.fr\/fr\/produit\/papier-peint-panoramique-sur-mesure-over-the-hills-and-far-away-par-gio-pagani-pour-london-art\/\" \/>\n<meta property=\"og:locale\" content=\"fr_FR\" \/>\n<meta property=\"og:type\" content=\"article\" \/>\n<meta property=\"og:title\" content=\"Papier peint panoramique sur mesure OVER THE HILLS AND FAR AWAY par Gio Pagani pour London Art - Homeproject.fr\" \/>\n<meta property=\"og:description\" content=\"Offrez \u00e0 votre int\u00e9rieur une immersion totale dans un paysage onirique avec Over the Hills and Far Away, une cr\u00e9ation sign\u00e9e Gio Pagani pour London Art. Ce papier peint panoramique \u00e9voque la profondeur et la richesse d\u2019un monde naturel dessin\u00e9 avec une finesse exceptionnelle, o\u00f9 la v\u00e9g\u00e9tation luxuriante et les collines lointaines cr\u00e9ent une atmosph\u00e8re \u00e0 la fois apaisante et fascinante. Un Produit Livr\u00e9 Pr\u00eat \u00e0 Poser   Sur-Mesure : Chaque rouleau est adapt\u00e9 \u00e0 vos dimensions sp\u00e9cifiques.  Num\u00e9rotation des Panneaux : Les rouleaux sont num\u00e9rot\u00e9s pour garantir une installation fluide et la continuit\u00e9 parfaite du motif.  Colle Fournie : Une colle sp\u00e9ciale adapt\u00e9e aux finitions est incluse dans chaque commande.  Prix au m\u00b2 :\" \/>\n<meta property=\"og:url\" content=\"https:\/\/homeproject.fr\/fr\/produit\/papier-peint-panoramique-sur-mesure-over-the-hills-and-far-away-par-gio-pagani-pour-london-art\/\" \/>\n<meta property=\"og:site_name\" content=\"Homeproject.fr\" \/>\n<meta property=\"article:modified_time\" content=\"2025-02-24T14:15:09+00:00\" \/>\n<meta property=\"og:image\" content=\"https:\/\/homeproject.fr\/fr\/wp-content\/uploads\/2025\/02\/IMG_2831.jpg\" \/>\n\t<meta property=\"og:image:width\" content=\"700\" \/>\n\t<meta property=\"og:image:height\" content=\"1052\" \/>\n\t<meta property=\"og:image:type\" content=\"image\/jpeg\" \/>\n<meta name=\"twitter:card\" content=\"summary_large_image\" \/>\n<meta name=\"twitter:label1\" content=\"Dur\u00e9e de lecture estim\u00e9e\" \/>\n\t<meta name=\"twitter:data1\" content=\"2 minutes\" \/>\n<script type=\"application\/ld+json\" class=\"yoast-schema-graph\">{\"@context\":\"https:\\\/\\\/schema.org\",\"@graph\":[{\"@type\":\"WebPage\",\"@id\":\"https:\\\/\\\/homeproject.fr\\\/fr\\\/produit\\\/papier-peint-panoramique-sur-mesure-over-the-hills-and-far-away-par-gio-pagani-pour-london-art\\\/\",\"url\":\"https:\\\/\\\/homeproject.fr\\\/fr\\\/produit\\\/papier-peint-panoramique-sur-mesure-over-the-hills-and-far-away-par-gio-pagani-pour-london-art\\\/\",\"name\":\"Papier peint panoramique sur mesure OVER THE HILLS AND FAR AWAY par Gio Pagani pour London Art - Homeproject.fr\",\"isPartOf\":{\"@id\":\"https:\\\/\\\/homeproject.fr\\\/fr\\\/#website\"},\"primaryImageOfPage\":{\"@id\":\"https:\\\/\\\/homeproject.fr\\\/fr\\\/produit\\\/papier-peint-panoramique-sur-mesure-over-the-hills-and-far-away-par-gio-pagani-pour-london-art\\\/#primaryimage\"},\"image\":{\"@id\":\"https:\\\/\\\/homeproject.fr\\\/fr\\\/produit\\\/papier-peint-panoramique-sur-mesure-over-the-hills-and-far-away-par-gio-pagani-pour-london-art\\\/#primaryimage\"},\"thumbnailUrl\":\"https:\\\/\\\/homeproject.fr\\\/fr\\\/wp-content\\\/uploads\\\/2025\\\/02\\\/IMG_2831.jpg\",\"datePublished\":\"2025-02-24T14:11:39+00:00\",\"dateModified\":\"2025-02-24T14:15:09+00:00\",\"breadcrumb\":{\"@id\":\"https:\\\/\\\/homeproject.fr\\\/fr\\\/produit\\\/papier-peint-panoramique-sur-mesure-over-the-hills-and-far-away-par-gio-pagani-pour-london-art\\\/#breadcrumb\"},\"inLanguage\":\"fr-FR\",\"potentialAction\":[{\"@type\":\"ReadAction\",\"target\":[\"https:\\\/\\\/homeproject.fr\\\/fr\\\/produit\\\/papier-peint-panoramique-sur-mesure-over-the-hills-and-far-away-par-gio-pagani-pour-london-art\\\/\"]}]},{\"@type\":\"ImageObject\",\"inLanguage\":\"fr-FR\",\"@id\":\"https:\\\/\\\/homeproject.fr\\\/fr\\\/produit\\\/papier-peint-panoramique-sur-mesure-over-the-hills-and-far-away-par-gio-pagani-pour-london-art\\\/#primaryimage\",\"url\":\"https:\\\/\\\/homeproject.fr\\\/fr\\\/wp-content\\\/uploads\\\/2025\\\/02\\\/IMG_2831.jpg\",\"contentUrl\":\"https:\\\/\\\/homeproject.fr\\\/fr\\\/wp-content\\\/uploads\\\/2025\\\/02\\\/IMG_2831.jpg\",\"width\":700,\"height\":1052},{\"@type\":\"BreadcrumbList\",\"@id\":\"https:\\\/\\\/homeproject.fr\\\/fr\\\/produit\\\/papier-peint-panoramique-sur-mesure-over-the-hills-and-far-away-par-gio-pagani-pour-london-art\\\/#breadcrumb\",\"itemListElement\":[{\"@type\":\"ListItem\",\"position\":1,\"name\":\"Accueil\",\"item\":\"https:\\\/\\\/homeproject.fr\\\/fr\\\/\"},{\"@type\":\"ListItem\",\"position\":2,\"name\":\"Boutique\",\"item\":\"https:\\\/\\\/homeproject.fr\\\/fr\\\/boutique\\\/\"},{\"@type\":\"ListItem\",\"position\":3,\"name\":\"Papier peint panoramique sur mesure OVER THE HILLS AND FAR AWAY par Gio Pagani pour London Art\"}]},{\"@type\":\"WebSite\",\"@id\":\"https:\\\/\\\/homeproject.fr\\\/fr\\\/#website\",\"url\":\"https:\\\/\\\/homeproject.fr\\\/fr\\\/\",\"name\":\"Homeproject.fr\",\"description\":\"Offrez l&#039;exceptionnel \u00e0 vos espaces \u00e0 vivre\",\"publisher\":{\"@id\":\"https:\\\/\\\/homeproject.fr\\\/fr\\\/#organization\"},\"potentialAction\":[{\"@type\":\"SearchAction\",\"target\":{\"@type\":\"EntryPoint\",\"urlTemplate\":\"https:\\\/\\\/homeproject.fr\\\/fr\\\/?s={search_term_string}\"},\"query-input\":{\"@type\":\"PropertyValueSpecification\",\"valueRequired\":true,\"valueName\":\"search_term_string\"}}],\"inLanguage\":\"fr-FR\"},{\"@type\":\"Organization\",\"@id\":\"https:\\\/\\\/homeproject.fr\\\/fr\\\/#organization\",\"name\":\"Homeproject.fr\",\"url\":\"https:\\\/\\\/homeproject.fr\\\/fr\\\/\",\"logo\":{\"@type\":\"ImageObject\",\"inLanguage\":\"fr-FR\",\"@id\":\"https:\\\/\\\/homeproject.fr\\\/fr\\\/#\\\/schema\\\/logo\\\/image\\\/\",\"url\":\"https:\\\/\\\/homeproject.fr\\\/fr\\\/wp-content\\\/uploads\\\/2024\\\/12\\\/Logo_HomeProject-noir-2.png\",\"contentUrl\":\"https:\\\/\\\/homeproject.fr\\\/fr\\\/wp-content\\\/uploads\\\/2024\\\/12\\\/Logo_HomeProject-noir-2.png\",\"width\":300,\"height\":91,\"caption\":\"Homeproject.fr\"},\"image\":{\"@id\":\"https:\\\/\\\/homeproject.fr\\\/fr\\\/#\\\/schema\\\/logo\\\/image\\\/\"}}]}<\/script>\n<!-- \/ Yoast SEO plugin. -->","yoast_head_json":{"title":"Papier peint panoramique sur mesure OVER THE HILLS AND FAR AWAY par Gio Pagani pour London Art - Homeproject.fr","robots":{"index":"index","follow":"follow","max-snippet":"max-snippet:-1","max-image-preview":"max-image-preview:large","max-video-preview":"max-video-preview:-1"},"canonical":"https:\/\/homeproject.fr\/fr\/produit\/papier-peint-panoramique-sur-mesure-over-the-hills-and-far-away-par-gio-pagani-pour-london-art\/","og_locale":"fr_FR","og_type":"article","og_title":"Papier peint panoramique sur mesure OVER THE HILLS AND FAR AWAY par Gio Pagani pour London Art - Homeproject.fr","og_description":"Offrez \u00e0 votre int\u00e9rieur une immersion totale dans un paysage onirique avec Over the Hills and Far Away, une cr\u00e9ation sign\u00e9e Gio Pagani pour London Art. Ce papier peint panoramique \u00e9voque la profondeur et la richesse d\u2019un monde naturel dessin\u00e9 avec une finesse exceptionnelle, o\u00f9 la v\u00e9g\u00e9tation luxuriante et les collines lointaines cr\u00e9ent une atmosph\u00e8re \u00e0 la fois apaisante et fascinante. Un Produit Livr\u00e9 Pr\u00eat \u00e0 Poser   Sur-Mesure : Chaque rouleau est adapt\u00e9 \u00e0 vos dimensions sp\u00e9cifiques.  Num\u00e9rotation des Panneaux : Les rouleaux sont num\u00e9rot\u00e9s pour garantir une installation fluide et la continuit\u00e9 parfaite du motif.  Colle Fournie : Une colle sp\u00e9ciale adapt\u00e9e aux finitions est incluse dans chaque commande.  Prix au m\u00b2 :","og_url":"https:\/\/homeproject.fr\/fr\/produit\/papier-peint-panoramique-sur-mesure-over-the-hills-and-far-away-par-gio-pagani-pour-london-art\/","og_site_name":"Homeproject.fr","article_modified_time":"2025-02-24T14:15:09+00:00","og_image":[{"width":700,"height":1052,"url":"https:\/\/homeproject.fr\/fr\/wp-content\/uploads\/2025\/02\/IMG_2831.jpg","type":"image\/jpeg"}],"twitter_card":"summary_large_image","twitter_misc":{"Dur\u00e9e de lecture estim\u00e9e":"2 minutes"},"schema":{"@context":"https:\/\/schema.org","@graph":[{"@type":"WebPage","@id":"https:\/\/homeproject.fr\/fr\/produit\/papier-peint-panoramique-sur-mesure-over-the-hills-and-far-away-par-gio-pagani-pour-london-art\/","url":"https:\/\/homeproject.fr\/fr\/produit\/papier-peint-panoramique-sur-mesure-over-the-hills-and-far-away-par-gio-pagani-pour-london-art\/","name":"Papier peint panoramique sur mesure OVER THE HILLS AND FAR AWAY par Gio Pagani pour London Art - Homeproject.fr","isPartOf":{"@id":"https:\/\/homeproject.fr\/fr\/#website"},"primaryImageOfPage":{"@id":"https:\/\/homeproject.fr\/fr\/produit\/papier-peint-panoramique-sur-mesure-over-the-hills-and-far-away-par-gio-pagani-pour-london-art\/#primaryimage"},"image":{"@id":"https:\/\/homeproject.fr\/fr\/produit\/papier-peint-panoramique-sur-mesure-over-the-hills-and-far-away-par-gio-pagani-pour-london-art\/#primaryimage"},"thumbnailUrl":"https:\/\/homeproject.fr\/fr\/wp-content\/uploads\/2025\/02\/IMG_2831.jpg","datePublished":"2025-02-24T14:11:39+00:00","dateModified":"2025-02-24T14:15:09+00:00","breadcrumb":{"@id":"https:\/\/homeproject.fr\/fr\/produit\/papier-peint-panoramique-sur-mesure-over-the-hills-and-far-away-par-gio-pagani-pour-london-art\/#breadcrumb"},"inLanguage":"fr-FR","potentialAction":[{"@type":"ReadAction","target":["https:\/\/homeproject.fr\/fr\/produit\/papier-peint-panoramique-sur-mesure-over-the-hills-and-far-away-par-gio-pagani-pour-london-art\/"]}]},{"@type":"ImageObject","inLanguage":"fr-FR","@id":"https:\/\/homeproject.fr\/fr\/produit\/papier-peint-panoramique-sur-mesure-over-the-hills-and-far-away-par-gio-pagani-pour-london-art\/#primaryimage","url":"https:\/\/homeproject.fr\/fr\/wp-content\/uploads\/2025\/02\/IMG_2831.jpg","contentUrl":"https:\/\/homeproject.fr\/fr\/wp-content\/uploads\/2025\/02\/IMG_2831.jpg","width":700,"height":1052},{"@type":"BreadcrumbList","@id":"https:\/\/homeproject.fr\/fr\/produit\/papier-peint-panoramique-sur-mesure-over-the-hills-and-far-away-par-gio-pagani-pour-london-art\/#breadcrumb","itemListElement":[{"@type":"ListItem","position":1,"name":"Accueil","item":"https:\/\/homeproject.fr\/fr\/"},{"@type":"ListItem","position":2,"name":"Boutique","item":"https:\/\/homeproject.fr\/fr\/boutique\/"},{"@type":"ListItem","position":3,"name":"Papier peint panoramique sur mesure OVER THE HILLS AND FAR AWAY par Gio Pagani pour London Art"}]},{"@type":"WebSite","@id":"https:\/\/homeproject.fr\/fr\/#website","url":"https:\/\/homeproject.fr\/fr\/","name":"Homeproject.fr","description":"Offrez l&#039;exceptionnel \u00e0 vos espaces \u00e0 vivre","publisher":{"@id":"https:\/\/homeproject.fr\/fr\/#organization"},"potentialAction":[{"@type":"SearchAction","target":{"@type":"EntryPoint","urlTemplate":"https:\/\/homeproject.fr\/fr\/?s={search_term_string}"},"query-input":{"@type":"PropertyValueSpecification","valueRequired":true,"valueName":"search_term_string"}}],"inLanguage":"fr-FR"},{"@type":"Organization","@id":"https:\/\/homeproject.fr\/fr\/#organization","name":"Homeproject.fr","url":"https:\/\/homeproject.fr\/fr\/","logo":{"@type":"ImageObject","inLanguage":"fr-FR","@id":"https:\/\/homeproject.fr\/fr\/#\/schema\/logo\/image\/","url":"https:\/\/homeproject.fr\/fr\/wp-content\/uploads\/2024\/12\/Logo_HomeProject-noir-2.png","contentUrl":"https:\/\/homeproject.fr\/fr\/wp-content\/uploads\/2024\/12\/Logo_HomeProject-noir-2.png","width":300,"height":91,"caption":"Homeproject.fr"},"image":{"@id":"https:\/\/homeproject.fr\/fr\/#\/schema\/logo\/image\/"}}]}},"_links":{"self":[{"href":"https:\/\/homeproject.fr\/fr\/wp-json\/wp\/v2\/product\/11035","targetHints":{"allow":["GET"]}}],"collection":[{"href":"https:\/\/homeproject.fr\/fr\/wp-json\/wp\/v2\/product"}],"about":[{"href":"https:\/\/homeproject.fr\/fr\/wp-json\/wp\/v2\/types\/product"}],"version-history":[{"count":1,"href":"https:\/\/homeproject.fr\/fr\/wp-json\/wp\/v2\/product\/11035\/revisions"}],"predecessor-version":[{"id":11043,"href":"https:\/\/homeproject.fr\/fr\/wp-json\/wp\/v2\/product\/11035\/revisions\/11043"}],"wp:featuredmedia":[{"embeddable":true,"href":"https:\/\/homeproject.fr\/fr\/wp-json\/wp\/v2\/media\/11042"}],"wp:attachment":[{"href":"https:\/\/homeproject.fr\/fr\/wp-json\/wp\/v2\/media?parent=11035"}],"wp:term":[{"taxonomy":"product_brand","embeddable":true,"href":"https:\/\/homeproject.fr\/fr\/wp-json\/wp\/v2\/product_brand?post=11035"},{"taxonomy":"product_cat","embeddable":true,"href":"https:\/\/homeproject.fr\/fr\/wp-json\/wp\/v2\/product_cat?post=11035"},{"taxonomy":"product_tag","embeddable":true,"href":"https:\/\/homeproject.fr\/fr\/wp-json\/wp\/v2\/product_tag?post=11035"}],"curies":[{"name":"wp","href":"https:\/\/api.w.org\/{rel}","templated":true}]}}