{"id":10987,"date":"2025-02-24T13:31:21","date_gmt":"2025-02-24T13:31:21","guid":{"rendered":"https:\/\/homeproject.fr\/fr\/?post_type=product&#038;p=10987"},"modified":"2025-02-24T13:35:28","modified_gmt":"2025-02-24T13:35:28","slug":"papier-peint-panoramique-sur-mesure-nobody-par-nicola-bottegal-pour-london-art","status":"publish","type":"product","link":"https:\/\/homeproject.fr\/fr\/produit\/papier-peint-panoramique-sur-mesure-nobody-par-nicola-bottegal-pour-london-art\/","title":{"rendered":"Papier Peint Panoramique sur Mesure NOBODY par Nicola Bottegal pour London Art"},"content":{"rendered":"<h3><strong style=\"font-size: 16px;\"><a href=\"https:\/\/homeproject.fr\/fr\/wp-content\/uploads\/2025\/01\/Installation.pdf\" target=\"_blank\" rel=\"noopener\">T\u00e9l\u00e9charger la notice d\u2019installation<\/a><\/strong><\/h3>\n<hr \/>\n<div class=\"flex max-w-full flex-col flex-grow\">\n<div class=\"min-h-8 text-message flex w-full flex-col items-end gap-2 whitespace-normal break-words text-start [.text-message+&]:mt-5\" dir=\"auto\" data-message-author-role=\"assistant\" data-message-id=\"348e29fd-d1cf-4003-88e3-728ff09b5525\" data-message-model-slug=\"gpt-4o\">\n<div class=\"flex w-full flex-col gap-1 empty:hidden first:pt-[3px]\">\n<div class=\"markdown prose w-full break-words dark:prose-invert light\">\n<div class=\"flex max-w-full flex-col flex-grow\">\n<div class=\"min-h-8 text-message flex w-full flex-col items-end gap-2 whitespace-normal break-words text-start [.text-message+&]:mt-5\" dir=\"auto\" data-message-author-role=\"assistant\" data-message-id=\"9a9d85ca-147c-4e35-81dd-de17370362d0\" data-message-model-slug=\"gpt-4o\">\n<div class=\"flex w-full flex-col gap-1 empty:hidden first:pt-[3px]\">\n<div class=\"markdown prose w-full break-words dark:prose-invert light\">\n<div class=\"flex max-w-full flex-col flex-grow\">\n<div class=\"min-h-8 text-message flex w-full flex-col items-end gap-2 whitespace-normal break-words text-start [.text-message+&]:mt-5\" dir=\"auto\" data-message-author-role=\"assistant\" data-message-id=\"bdd50b1d-cb6c-489a-a889-691c9bf9b6f0\" data-message-model-slug=\"gpt-4o\">\n<div class=\"flex w-full flex-col gap-1 empty:hidden first:pt-[3px]\">\n<div class=\"markdown prose w-full break-words dark:prose-invert light\">\n<h3 data-start=\"968\" data-end=\"1016\"><strong data-start=\"972\" data-end=\"1016\">Finitions et Caract\u00e9ristiques Techniques<\/strong><\/h3>\n<p data-start=\"1017\" data-end=\"1139\">Le papier peint <strong data-start=\"1033\" data-end=\"1043\">Nobody<\/strong> est disponible en plusieurs finitions haut de gamme, adapt\u00e9es aux besoins de chaque int\u00e9rieur :<\/p>\n<h4 data-start=\"1141\" data-end=\"1185\"><strong data-start=\"1146\" data-end=\"1185\">1. Finition Raw (Texture Naturelle)<\/strong><\/h4>\n<p data-start=\"1186\" data-end=\"1604\">\ud83d\udccc <strong data-start=\"1189\" data-end=\"1201\">Mat\u00e9riau<\/strong> : Vinyle sur support non-tiss\u00e9 (70 % cellulose, 20 % fibres synth\u00e9tiques, 8 % additifs).<br data-start=\"1290\" data-end=\"1293\" \/>\ud83d\udccc <strong data-start=\"1296\" data-end=\"1312\">Effet visuel<\/strong> : Texture l\u00e9g\u00e8rement emboss\u00e9e, ajoutant du relief au design.<br data-start=\"1373\" data-end=\"1376\" \/>\ud83d\udccc <strong data-start=\"1379\" data-end=\"1392\">Entretien<\/strong> : Facile \u00e0 nettoyer avec un chiffon humide.<br data-start=\"1436\" data-end=\"1439\" \/>\ud83d\udccc <strong data-start=\"1442\" data-end=\"1452\">Normes<\/strong> : Classement au feu Euro Class B-s2, d0 et ASTM E 84-19b Class A.<br data-start=\"1518\" data-end=\"1521\" \/>\ud83d\udccc <strong data-start=\"1524\" data-end=\"1540\">Applications<\/strong> : Id\u00e9al pour les espaces au design contemporain et dynamique.<\/p>\n<h4 data-start=\"1606\" data-end=\"1660\"><strong data-start=\"1611\" data-end=\"1660\">2. Finition Green Raw (\u00c9cologique \u2013 Sans PVC)<\/strong><\/h4>\n<p data-start=\"1661\" data-end=\"2126\">\ud83c\udf31 <strong data-start=\"1664\" data-end=\"1676\">Mat\u00e9riau<\/strong> : Papier peint non-tiss\u00e9 100 % \u00e9cologique, sans PVC, compos\u00e9 de cellulose press\u00e9e.<br data-start=\"1759\" data-end=\"1762\" \/>\ud83c\udf31 <strong data-start=\"1765\" data-end=\"1781\">Effet visuel<\/strong> : Surface mate et lisse pour une finition \u00e9l\u00e9gante et naturelle.<br data-start=\"1846\" data-end=\"1849\" \/>\ud83c\udf31 <strong data-start=\"1852\" data-end=\"1865\">Entretien<\/strong> : Nettoyage \u00e0 sec recommand\u00e9.<br data-start=\"1895\" data-end=\"1898\" \/>\ud83c\udf31 <strong data-start=\"1901\" data-end=\"1918\">Certification<\/strong> : Conforme aux normes VOC (Indoor Air Comfort GOLD, LEED), respectant la qualit\u00e9 de l\u2019air int\u00e9rieur.<br data-start=\"2019\" data-end=\"2022\" \/>\ud83c\udf31 <strong data-start=\"2025\" data-end=\"2041\">Applications<\/strong> : Id\u00e9al pour les espaces soucieux de l\u2019environnement (bureaux, h\u00f4tels, boutiques).<\/p>\n<hr data-start=\"2128\" data-end=\"2131\" \/>\n<h3 data-start=\"2133\" data-end=\"2182\"><strong data-start=\"2137\" data-end=\"2182\">Pourquoi Choisir le Papier Peint Nobody ?<\/strong><\/h3>\n<p data-start=\"2183\" data-end=\"2589\">\u2714 <strong data-start=\"2185\" data-end=\"2219\">Un design graphique et moderne<\/strong> : Un motif structur\u00e9 qui dynamise et valorise chaque espace.<br data-start=\"2280\" data-end=\"2283\" \/>\u2714 <strong data-start=\"2285\" data-end=\"2316\">Personnalisation sur mesure<\/strong> : Adapt\u00e9 aux dimensions pr\u00e9cises de votre mur pour une finition parfaite.<br data-start=\"2390\" data-end=\"2393\" \/>\u2714 <strong data-start=\"2395\" data-end=\"2426\">Des finitions haut de gamme<\/strong> : Alliant textures contemporaines et options \u00e9cologiques.<br data-start=\"2484\" data-end=\"2487\" \/>\u2714 <strong data-start=\"2489\" data-end=\"2516\">Polyvalence et \u00e9l\u00e9gance<\/strong> : Convient aux int\u00e9rieurs design, lofts, espaces de travail et h\u00f4tels.<\/p>\n<p data-start=\"2591\" data-end=\"2766\" data-is-last-node=\"\" data-is-only-node=\"\">Apportez une identit\u00e9 forte \u00e0 votre d\u00e9coration avec <strong data-start=\"2643\" data-end=\"2653\">Nobody<\/strong>, un papier peint qui conjugue style, modernit\u00e9 et exclusivit\u00e9. <strong data-start=\"2717\" data-end=\"2765\">Disponible d\u00e8s maintenant sur HomeProject.fr<\/strong>.<\/p>\n<\/div>\n<\/div>\n<\/div>\n<\/div>\n<div class=\"mb-2 flex gap-3 empty:hidden -ml-2\">\n<div class=\"items-center justify-start rounded-xl p-1 flex\">\n<div class=\"flex items-center\"><strong style=\"font-family: inherit; font-size: 30px;\">Vous avez des questions ?<\/strong><\/div>\n<\/div>\n<\/div>\n<\/div>\n<\/div>\n<\/div>\n<\/div>\n<\/div>\n<\/div>\n<\/div>\n<\/div>\n<style id=\"wpforms-css-vars-3675\">\n\t\t\t\t#wpforms-3675 {\n\t\t\t\t\n\t\t\t}\n\t\t\t<\/style><div class=\"wpforms-container wpforms-container-full wpforms-render-modern\" id=\"wpforms-3675\"><form id=\"wpforms-form-3675\" class=\"wpforms-validate wpforms-form wpforms-ajax-form\" data-formid=\"3675\" method=\"post\" enctype=\"multipart\/form-data\" action=\"\/fr\/wp-json\/wp\/v2\/product\/10987\" data-token=\"03cdf653ce821e1e97cc9c531d12385b\" data-token-time=\"1778536558\"><noscript class=\"wpforms-error-noscript\">Veuillez activer JavaScript dans votre navigateur pour remplir ce formulaire.<\/noscript><div id=\"wpforms-error-noscript\" style=\"display: none;\">Veuillez activer JavaScript dans votre navigateur pour remplir ce formulaire.<\/div><div class=\"wpforms-field-container\"><div id=\"wpforms-3675-field_3-container\" class=\"wpforms-field wpforms-field-name\" data-field-id=\"3\"><fieldset><legend class=\"wpforms-field-label\">Nom <span class=\"wpforms-required-label\" aria-hidden=\"true\">*<\/span><\/legend><div class=\"wpforms-field-row wpforms-field-medium\"><div class=\"wpforms-field-row-block wpforms-first wpforms-one-half\"><input type=\"text\" id=\"wpforms-3675-field_3\" class=\"wpforms-field-name-first wpforms-field-required\" name=\"wpforms[fields][3][first]\" aria-errormessage=\"wpforms-3675-field_3-error\" required><label for=\"wpforms-3675-field_3\" class=\"wpforms-field-sublabel after\">Pr\u00e9nom<\/label><\/div><div class=\"wpforms-field-row-block wpforms-one-half\"><input type=\"text\" id=\"wpforms-3675-field_3-last\" class=\"wpforms-field-name-last wpforms-field-required\" name=\"wpforms[fields][3][last]\" aria-errormessage=\"wpforms-3675-field_3-last-error\" required><label for=\"wpforms-3675-field_3-last\" class=\"wpforms-field-sublabel after\">Nom<\/label><\/div><\/div><\/fieldset><\/div>\t\t<div id=\"wpforms-3675-field_1-container\"\n\t\t\tclass=\"wpforms-field wpforms-field-text\"\n\t\t\tdata-field-type=\"text\"\n\t\t\tdata-field-id=\"1\"\n\t\t\t>\n\t\t\t<label class=\"wpforms-field-label\" for=\"wpforms-3675-field_1\" >Nom E-mail Message<\/label>\n\t\t\t<input type=\"text\" id=\"wpforms-3675-field_1\" class=\"wpforms-field-medium\" name=\"wpforms[fields][1]\" >\n\t\t<\/div>\n\t\t<div id=\"wpforms-3675-field_4-container\" class=\"wpforms-field wpforms-field-email\" data-field-id=\"4\"><label class=\"wpforms-field-label\" for=\"wpforms-3675-field_4\">E-mail <span class=\"wpforms-required-label\" aria-hidden=\"true\">*<\/span><\/label><input type=\"email\" id=\"wpforms-3675-field_4\" class=\"wpforms-field-medium wpforms-field-required\" name=\"wpforms[fields][4]\" spellcheck=\"false\" aria-errormessage=\"wpforms-3675-field_4-error\" required><\/div><div id=\"wpforms-3675-field_5-container\" class=\"wpforms-field wpforms-field-textarea\" data-field-id=\"5\"><label class=\"wpforms-field-label\" for=\"wpforms-3675-field_5\">Message <span class=\"wpforms-required-label\" aria-hidden=\"true\">*<\/span><\/label><textarea id=\"wpforms-3675-field_5\" class=\"wpforms-field-medium wpforms-field-required\" name=\"wpforms[fields][5]\" aria-errormessage=\"wpforms-3675-field_5-error\" required><\/textarea><\/div><script>\n\t\t\t\t( function() {\n\t\t\t\t\tconst style = document.createElement( 'style' );\n\t\t\t\t\tstyle.appendChild( document.createTextNode( '#wpforms-3675-field_1-container { position: absolute !important; overflow: hidden !important; display: inline !important; height: 1px !important; width: 1px !important; z-index: -1000 !important; padding: 0 !important; } #wpforms-3675-field_1-container input { visibility: hidden; } #wpforms-conversational-form-page #wpforms-3675-field_1-container label { counter-increment: none; }' ) );\n\t\t\t\t\tdocument.head.appendChild( style );\n\t\t\t\t\tdocument.currentScript?.remove();\n\t\t\t\t} )();\n\t\t\t<\/script><\/div><!-- .wpforms-field-container --><div class=\"wpforms-submit-container\" ><input type=\"hidden\" name=\"wpforms[id]\" value=\"3675\"><input type=\"hidden\" name=\"page_title\" value=\"\"><input type=\"hidden\" name=\"page_url\" value=\"https:\/\/homeproject.fr\/fr\/wp-json\/wp\/v2\/product\/10987\"><input type=\"hidden\" name=\"url_referer\" value=\"\"><button type=\"submit\" name=\"wpforms[submit]\" id=\"wpforms-submit-3675\" class=\"wpforms-submit\" data-alt-text=\"Envoi...\" data-submit-text=\"Envoyer\" aria-live=\"assertive\" value=\"wpforms-submit\">Envoyer<\/button><img decoding=\"async\" src=\"https:\/\/homeproject.fr\/fr\/wp-content\/plugins\/wpforms-lite\/assets\/images\/submit-spin.svg\" class=\"wpforms-submit-spinner\" style=\"display: none;\" width=\"26\" height=\"26\" alt=\"Chargement en cours\"><\/div><\/form><\/div>  <!-- .wpforms-container -->\n","protected":false},"excerpt":{"rendered":"<div class=\"woocommerce-product-details__short-description\">\n<p data-start=\"205\" data-end=\"591\">Plongez dans un univers graphique et contemporain avec <strong data-start=\"260\" data-end=\"270\">Nobody<\/strong>, une cr\u00e9ation audacieuse sign\u00e9e <strong data-start=\"303\" data-end=\"322\">Nicola Bottegal<\/strong> pour <strong data-start=\"328\" data-end=\"342\">London Art<\/strong>. Ce papier peint panoramique joue sur des formes g\u00e9om\u00e9triques dynamiques et des contrastes marqu\u00e9s pour offrir un style moderne et sophistiqu\u00e9. Id\u00e9al pour sublimer un salon, une chambre ou un espace professionnel avec une touche d\u2019\u00e9l\u00e9gance urbaine.<\/p>\n<p><strong>Un Produit Livr\u00e9 Pr\u00eat \u00e0 Poser<\/strong><\/p>\n<ul>\n<li><strong>Sur-Mesure :<\/strong> Chaque rouleau est adapt\u00e9 \u00e0 vos dimensions sp\u00e9cifiques.<\/li>\n<li><strong>Num\u00e9rotation des Panneaux :<\/strong> Les rouleaux sont num\u00e9rot\u00e9s pour garantir une installation fluide et la continuit\u00e9 parfaite du motif.<\/li>\n<li><strong>Colle Fournie :<\/strong> Une colle sp\u00e9ciale adapt\u00e9e aux finitions est incluse dans chaque commande.<\/li>\n<\/ul>\n<p><strong>Prix au m\u00b2 :<\/strong><\/p>\n<\/div>\n","protected":false},"featured_media":10992,"template":"","meta":{"_uf_show_specific_survey":0,"_uf_disable_surveys":false,"iawp_total_views":4},"product_brand":[],"product_cat":[399],"product_tag":[],"class_list":{"0":"post-10987","1":"product","2":"type-product","3":"status-publish","4":"has-post-thumbnail","6":"product_cat-papier-peint","7":"product_shipping_class-petit-colis","8":"pa_collection-exclusive-wallpapers-par-london-art","9":"pa_designer-nicola-bottegal","10":"pa_effet-geometrique","11":"pa_marque-london-art","12":"pa_materiau-intisse","13":"pa_materiau-vinyle","15":"first","16":"instock","17":"taxable","18":"shipping-taxable","19":"purchasable","20":"product-type-variable"},"yoast_head":"<!-- This site is optimized with the Yoast SEO plugin v27.5 - https:\/\/yoast.com\/product\/yoast-seo-wordpress\/ -->\n<title>Papier Peint Panoramique sur Mesure NOBODY par Nicola Bottegal pour London Art - Homeproject.fr<\/title>\n<meta name=\"robots\" content=\"index, follow, max-snippet:-1, max-image-preview:large, max-video-preview:-1\" \/>\n<link rel=\"canonical\" href=\"https:\/\/homeproject.fr\/fr\/produit\/papier-peint-panoramique-sur-mesure-nobody-par-nicola-bottegal-pour-london-art\/\" \/>\n<meta property=\"og:locale\" content=\"fr_FR\" \/>\n<meta property=\"og:type\" content=\"article\" \/>\n<meta property=\"og:title\" content=\"Papier Peint Panoramique sur Mesure NOBODY par Nicola Bottegal pour London Art - Homeproject.fr\" \/>\n<meta property=\"og:description\" content=\"Plongez dans un univers graphique et contemporain avec Nobody, une cr\u00e9ation audacieuse sign\u00e9e Nicola Bottegal pour London Art. Ce papier peint panoramique joue sur des formes g\u00e9om\u00e9triques dynamiques et des contrastes marqu\u00e9s pour offrir un style moderne et sophistiqu\u00e9. Id\u00e9al pour sublimer un salon, une chambre ou un espace professionnel avec une touche d\u2019\u00e9l\u00e9gance urbaine. Un Produit Livr\u00e9 Pr\u00eat \u00e0 Poser   Sur-Mesure : Chaque rouleau est adapt\u00e9 \u00e0 vos dimensions sp\u00e9cifiques.  Num\u00e9rotation des Panneaux : Les rouleaux sont num\u00e9rot\u00e9s pour garantir une installation fluide et la continuit\u00e9 parfaite du motif.  Colle Fournie : Une colle sp\u00e9ciale adapt\u00e9e aux finitions est incluse dans chaque commande.  Prix au m\u00b2 :\" \/>\n<meta property=\"og:url\" content=\"https:\/\/homeproject.fr\/fr\/produit\/papier-peint-panoramique-sur-mesure-nobody-par-nicola-bottegal-pour-london-art\/\" \/>\n<meta property=\"og:site_name\" content=\"Homeproject.fr\" \/>\n<meta property=\"article:modified_time\" content=\"2025-02-24T13:35:28+00:00\" \/>\n<meta property=\"og:image\" content=\"https:\/\/homeproject.fr\/fr\/wp-content\/uploads\/2025\/02\/IMG_2929.jpg\" \/>\n\t<meta property=\"og:image:width\" content=\"700\" \/>\n\t<meta property=\"og:image:height\" content=\"1052\" \/>\n\t<meta property=\"og:image:type\" content=\"image\/jpeg\" \/>\n<meta name=\"twitter:card\" content=\"summary_large_image\" \/>\n<meta name=\"twitter:label1\" content=\"Dur\u00e9e de lecture estim\u00e9e\" \/>\n\t<meta name=\"twitter:data1\" content=\"2 minutes\" \/>\n<script type=\"application\/ld+json\" class=\"yoast-schema-graph\">{\"@context\":\"https:\\\/\\\/schema.org\",\"@graph\":[{\"@type\":\"WebPage\",\"@id\":\"https:\\\/\\\/homeproject.fr\\\/fr\\\/produit\\\/papier-peint-panoramique-sur-mesure-nobody-par-nicola-bottegal-pour-london-art\\\/\",\"url\":\"https:\\\/\\\/homeproject.fr\\\/fr\\\/produit\\\/papier-peint-panoramique-sur-mesure-nobody-par-nicola-bottegal-pour-london-art\\\/\",\"name\":\"Papier Peint Panoramique sur Mesure NOBODY par Nicola Bottegal pour London Art - Homeproject.fr\",\"isPartOf\":{\"@id\":\"https:\\\/\\\/homeproject.fr\\\/fr\\\/#website\"},\"primaryImageOfPage\":{\"@id\":\"https:\\\/\\\/homeproject.fr\\\/fr\\\/produit\\\/papier-peint-panoramique-sur-mesure-nobody-par-nicola-bottegal-pour-london-art\\\/#primaryimage\"},\"image\":{\"@id\":\"https:\\\/\\\/homeproject.fr\\\/fr\\\/produit\\\/papier-peint-panoramique-sur-mesure-nobody-par-nicola-bottegal-pour-london-art\\\/#primaryimage\"},\"thumbnailUrl\":\"https:\\\/\\\/homeproject.fr\\\/fr\\\/wp-content\\\/uploads\\\/2025\\\/02\\\/IMG_2929.jpg\",\"datePublished\":\"2025-02-24T13:31:21+00:00\",\"dateModified\":\"2025-02-24T13:35:28+00:00\",\"breadcrumb\":{\"@id\":\"https:\\\/\\\/homeproject.fr\\\/fr\\\/produit\\\/papier-peint-panoramique-sur-mesure-nobody-par-nicola-bottegal-pour-london-art\\\/#breadcrumb\"},\"inLanguage\":\"fr-FR\",\"potentialAction\":[{\"@type\":\"ReadAction\",\"target\":[\"https:\\\/\\\/homeproject.fr\\\/fr\\\/produit\\\/papier-peint-panoramique-sur-mesure-nobody-par-nicola-bottegal-pour-london-art\\\/\"]}]},{\"@type\":\"ImageObject\",\"inLanguage\":\"fr-FR\",\"@id\":\"https:\\\/\\\/homeproject.fr\\\/fr\\\/produit\\\/papier-peint-panoramique-sur-mesure-nobody-par-nicola-bottegal-pour-london-art\\\/#primaryimage\",\"url\":\"https:\\\/\\\/homeproject.fr\\\/fr\\\/wp-content\\\/uploads\\\/2025\\\/02\\\/IMG_2929.jpg\",\"contentUrl\":\"https:\\\/\\\/homeproject.fr\\\/fr\\\/wp-content\\\/uploads\\\/2025\\\/02\\\/IMG_2929.jpg\",\"width\":700,\"height\":1052},{\"@type\":\"BreadcrumbList\",\"@id\":\"https:\\\/\\\/homeproject.fr\\\/fr\\\/produit\\\/papier-peint-panoramique-sur-mesure-nobody-par-nicola-bottegal-pour-london-art\\\/#breadcrumb\",\"itemListElement\":[{\"@type\":\"ListItem\",\"position\":1,\"name\":\"Accueil\",\"item\":\"https:\\\/\\\/homeproject.fr\\\/fr\\\/\"},{\"@type\":\"ListItem\",\"position\":2,\"name\":\"Boutique\",\"item\":\"https:\\\/\\\/homeproject.fr\\\/fr\\\/boutique\\\/\"},{\"@type\":\"ListItem\",\"position\":3,\"name\":\"Papier Peint Panoramique sur Mesure NOBODY par Nicola Bottegal pour London Art\"}]},{\"@type\":\"WebSite\",\"@id\":\"https:\\\/\\\/homeproject.fr\\\/fr\\\/#website\",\"url\":\"https:\\\/\\\/homeproject.fr\\\/fr\\\/\",\"name\":\"Homeproject.fr\",\"description\":\"Offrez l&#039;exceptionnel \u00e0 vos espaces \u00e0 vivre\",\"publisher\":{\"@id\":\"https:\\\/\\\/homeproject.fr\\\/fr\\\/#organization\"},\"potentialAction\":[{\"@type\":\"SearchAction\",\"target\":{\"@type\":\"EntryPoint\",\"urlTemplate\":\"https:\\\/\\\/homeproject.fr\\\/fr\\\/?s={search_term_string}\"},\"query-input\":{\"@type\":\"PropertyValueSpecification\",\"valueRequired\":true,\"valueName\":\"search_term_string\"}}],\"inLanguage\":\"fr-FR\"},{\"@type\":\"Organization\",\"@id\":\"https:\\\/\\\/homeproject.fr\\\/fr\\\/#organization\",\"name\":\"Homeproject.fr\",\"url\":\"https:\\\/\\\/homeproject.fr\\\/fr\\\/\",\"logo\":{\"@type\":\"ImageObject\",\"inLanguage\":\"fr-FR\",\"@id\":\"https:\\\/\\\/homeproject.fr\\\/fr\\\/#\\\/schema\\\/logo\\\/image\\\/\",\"url\":\"https:\\\/\\\/homeproject.fr\\\/fr\\\/wp-content\\\/uploads\\\/2024\\\/12\\\/Logo_HomeProject-noir-2.png\",\"contentUrl\":\"https:\\\/\\\/homeproject.fr\\\/fr\\\/wp-content\\\/uploads\\\/2024\\\/12\\\/Logo_HomeProject-noir-2.png\",\"width\":300,\"height\":91,\"caption\":\"Homeproject.fr\"},\"image\":{\"@id\":\"https:\\\/\\\/homeproject.fr\\\/fr\\\/#\\\/schema\\\/logo\\\/image\\\/\"}}]}<\/script>\n<!-- \/ Yoast SEO plugin. -->","yoast_head_json":{"title":"Papier Peint Panoramique sur Mesure NOBODY par Nicola Bottegal pour London Art - Homeproject.fr","robots":{"index":"index","follow":"follow","max-snippet":"max-snippet:-1","max-image-preview":"max-image-preview:large","max-video-preview":"max-video-preview:-1"},"canonical":"https:\/\/homeproject.fr\/fr\/produit\/papier-peint-panoramique-sur-mesure-nobody-par-nicola-bottegal-pour-london-art\/","og_locale":"fr_FR","og_type":"article","og_title":"Papier Peint Panoramique sur Mesure NOBODY par Nicola Bottegal pour London Art - Homeproject.fr","og_description":"Plongez dans un univers graphique et contemporain avec Nobody, une cr\u00e9ation audacieuse sign\u00e9e Nicola Bottegal pour London Art. Ce papier peint panoramique joue sur des formes g\u00e9om\u00e9triques dynamiques et des contrastes marqu\u00e9s pour offrir un style moderne et sophistiqu\u00e9. Id\u00e9al pour sublimer un salon, une chambre ou un espace professionnel avec une touche d\u2019\u00e9l\u00e9gance urbaine. Un Produit Livr\u00e9 Pr\u00eat \u00e0 Poser   Sur-Mesure : Chaque rouleau est adapt\u00e9 \u00e0 vos dimensions sp\u00e9cifiques.  Num\u00e9rotation des Panneaux : Les rouleaux sont num\u00e9rot\u00e9s pour garantir une installation fluide et la continuit\u00e9 parfaite du motif.  Colle Fournie : Une colle sp\u00e9ciale adapt\u00e9e aux finitions est incluse dans chaque commande.  Prix au m\u00b2 :","og_url":"https:\/\/homeproject.fr\/fr\/produit\/papier-peint-panoramique-sur-mesure-nobody-par-nicola-bottegal-pour-london-art\/","og_site_name":"Homeproject.fr","article_modified_time":"2025-02-24T13:35:28+00:00","og_image":[{"width":700,"height":1052,"url":"https:\/\/homeproject.fr\/fr\/wp-content\/uploads\/2025\/02\/IMG_2929.jpg","type":"image\/jpeg"}],"twitter_card":"summary_large_image","twitter_misc":{"Dur\u00e9e de lecture estim\u00e9e":"2 minutes"},"schema":{"@context":"https:\/\/schema.org","@graph":[{"@type":"WebPage","@id":"https:\/\/homeproject.fr\/fr\/produit\/papier-peint-panoramique-sur-mesure-nobody-par-nicola-bottegal-pour-london-art\/","url":"https:\/\/homeproject.fr\/fr\/produit\/papier-peint-panoramique-sur-mesure-nobody-par-nicola-bottegal-pour-london-art\/","name":"Papier Peint Panoramique sur Mesure NOBODY par Nicola Bottegal pour London Art - Homeproject.fr","isPartOf":{"@id":"https:\/\/homeproject.fr\/fr\/#website"},"primaryImageOfPage":{"@id":"https:\/\/homeproject.fr\/fr\/produit\/papier-peint-panoramique-sur-mesure-nobody-par-nicola-bottegal-pour-london-art\/#primaryimage"},"image":{"@id":"https:\/\/homeproject.fr\/fr\/produit\/papier-peint-panoramique-sur-mesure-nobody-par-nicola-bottegal-pour-london-art\/#primaryimage"},"thumbnailUrl":"https:\/\/homeproject.fr\/fr\/wp-content\/uploads\/2025\/02\/IMG_2929.jpg","datePublished":"2025-02-24T13:31:21+00:00","dateModified":"2025-02-24T13:35:28+00:00","breadcrumb":{"@id":"https:\/\/homeproject.fr\/fr\/produit\/papier-peint-panoramique-sur-mesure-nobody-par-nicola-bottegal-pour-london-art\/#breadcrumb"},"inLanguage":"fr-FR","potentialAction":[{"@type":"ReadAction","target":["https:\/\/homeproject.fr\/fr\/produit\/papier-peint-panoramique-sur-mesure-nobody-par-nicola-bottegal-pour-london-art\/"]}]},{"@type":"ImageObject","inLanguage":"fr-FR","@id":"https:\/\/homeproject.fr\/fr\/produit\/papier-peint-panoramique-sur-mesure-nobody-par-nicola-bottegal-pour-london-art\/#primaryimage","url":"https:\/\/homeproject.fr\/fr\/wp-content\/uploads\/2025\/02\/IMG_2929.jpg","contentUrl":"https:\/\/homeproject.fr\/fr\/wp-content\/uploads\/2025\/02\/IMG_2929.jpg","width":700,"height":1052},{"@type":"BreadcrumbList","@id":"https:\/\/homeproject.fr\/fr\/produit\/papier-peint-panoramique-sur-mesure-nobody-par-nicola-bottegal-pour-london-art\/#breadcrumb","itemListElement":[{"@type":"ListItem","position":1,"name":"Accueil","item":"https:\/\/homeproject.fr\/fr\/"},{"@type":"ListItem","position":2,"name":"Boutique","item":"https:\/\/homeproject.fr\/fr\/boutique\/"},{"@type":"ListItem","position":3,"name":"Papier Peint Panoramique sur Mesure NOBODY par Nicola Bottegal pour London Art"}]},{"@type":"WebSite","@id":"https:\/\/homeproject.fr\/fr\/#website","url":"https:\/\/homeproject.fr\/fr\/","name":"Homeproject.fr","description":"Offrez l&#039;exceptionnel \u00e0 vos espaces \u00e0 vivre","publisher":{"@id":"https:\/\/homeproject.fr\/fr\/#organization"},"potentialAction":[{"@type":"SearchAction","target":{"@type":"EntryPoint","urlTemplate":"https:\/\/homeproject.fr\/fr\/?s={search_term_string}"},"query-input":{"@type":"PropertyValueSpecification","valueRequired":true,"valueName":"search_term_string"}}],"inLanguage":"fr-FR"},{"@type":"Organization","@id":"https:\/\/homeproject.fr\/fr\/#organization","name":"Homeproject.fr","url":"https:\/\/homeproject.fr\/fr\/","logo":{"@type":"ImageObject","inLanguage":"fr-FR","@id":"https:\/\/homeproject.fr\/fr\/#\/schema\/logo\/image\/","url":"https:\/\/homeproject.fr\/fr\/wp-content\/uploads\/2024\/12\/Logo_HomeProject-noir-2.png","contentUrl":"https:\/\/homeproject.fr\/fr\/wp-content\/uploads\/2024\/12\/Logo_HomeProject-noir-2.png","width":300,"height":91,"caption":"Homeproject.fr"},"image":{"@id":"https:\/\/homeproject.fr\/fr\/#\/schema\/logo\/image\/"}}]}},"_links":{"self":[{"href":"https:\/\/homeproject.fr\/fr\/wp-json\/wp\/v2\/product\/10987","targetHints":{"allow":["GET"]}}],"collection":[{"href":"https:\/\/homeproject.fr\/fr\/wp-json\/wp\/v2\/product"}],"about":[{"href":"https:\/\/homeproject.fr\/fr\/wp-json\/wp\/v2\/types\/product"}],"version-history":[{"count":1,"href":"https:\/\/homeproject.fr\/fr\/wp-json\/wp\/v2\/product\/10987\/revisions"}],"predecessor-version":[{"id":10996,"href":"https:\/\/homeproject.fr\/fr\/wp-json\/wp\/v2\/product\/10987\/revisions\/10996"}],"wp:featuredmedia":[{"embeddable":true,"href":"https:\/\/homeproject.fr\/fr\/wp-json\/wp\/v2\/media\/10992"}],"wp:attachment":[{"href":"https:\/\/homeproject.fr\/fr\/wp-json\/wp\/v2\/media?parent=10987"}],"wp:term":[{"taxonomy":"product_brand","embeddable":true,"href":"https:\/\/homeproject.fr\/fr\/wp-json\/wp\/v2\/product_brand?post=10987"},{"taxonomy":"product_cat","embeddable":true,"href":"https:\/\/homeproject.fr\/fr\/wp-json\/wp\/v2\/product_cat?post=10987"},{"taxonomy":"product_tag","embeddable":true,"href":"https:\/\/homeproject.fr\/fr\/wp-json\/wp\/v2\/product_tag?post=10987"}],"curies":[{"name":"wp","href":"https:\/\/api.w.org\/{rel}","templated":true}]}}