{"id":10958,"date":"2025-02-24T13:13:43","date_gmt":"2025-02-24T13:13:43","guid":{"rendered":"https:\/\/homeproject.fr\/fr\/?post_type=product&#038;p=10958"},"modified":"2025-02-24T13:18:12","modified_gmt":"2025-02-24T13:18:12","slug":"papier-peint-panoramique-sur-mesure-marrakech-par-nicola-bottegal-pour-london-art","status":"publish","type":"product","link":"https:\/\/homeproject.fr\/fr\/produit\/papier-peint-panoramique-sur-mesure-marrakech-par-nicola-bottegal-pour-london-art\/","title":{"rendered":"Papier Peint Panoramique sur Mesure MARRAKECH par Nicola Bottegal pour London Art"},"content":{"rendered":"<h3><strong style=\"font-size: 16px;\"><a href=\"https:\/\/homeproject.fr\/fr\/wp-content\/uploads\/2025\/01\/Installation.pdf\" target=\"_blank\" rel=\"noopener\">T\u00e9l\u00e9charger la notice d\u2019installation<\/a><\/strong><\/h3>\n<hr \/>\n<div class=\"flex max-w-full flex-col flex-grow\">\n<div class=\"min-h-8 text-message flex w-full flex-col items-end gap-2 whitespace-normal break-words text-start [.text-message+&]:mt-5\" dir=\"auto\" data-message-author-role=\"assistant\" data-message-id=\"348e29fd-d1cf-4003-88e3-728ff09b5525\" data-message-model-slug=\"gpt-4o\">\n<div class=\"flex w-full flex-col gap-1 empty:hidden first:pt-[3px]\">\n<div class=\"markdown prose w-full break-words dark:prose-invert light\">\n<div class=\"flex max-w-full flex-col flex-grow\">\n<div class=\"min-h-8 text-message flex w-full flex-col items-end gap-2 whitespace-normal break-words text-start [.text-message+&]:mt-5\" dir=\"auto\" data-message-author-role=\"assistant\" data-message-id=\"bc5d474f-b961-4af0-9870-210d43148002\" data-message-model-slug=\"gpt-4o\">\n<div class=\"flex w-full flex-col gap-1 empty:hidden first:pt-[3px]\">\n<div class=\"markdown prose w-full break-words dark:prose-invert light\">\n<h3 data-start=\"819\" data-end=\"869\"><strong data-start=\"823\" data-end=\"867\">Finitions et Caract\u00e9ristiques Techniques<\/strong><\/h3>\n<p data-start=\"871\" data-end=\"1014\">Le papier peint <em data-start=\"887\" data-end=\"898\">Marrakech<\/em> est disponible en plusieurs finitions haut de gamme, garantissant un design \u00e9l\u00e9gant et une qualit\u00e9 irr\u00e9prochable.<\/p>\n<h4 data-start=\"1016\" data-end=\"1060\"><strong data-start=\"1021\" data-end=\"1060\">1. Finition Raw (Texture Naturelle)<\/strong><\/h4>\n<p data-start=\"1061\" data-end=\"1467\">\ud83d\udccc <strong data-start=\"1064\" data-end=\"1076\">Mat\u00e9riau<\/strong> : Vinyle sur support non-tiss\u00e9 (70 % cellulose, 20 % fibres synth\u00e9tiques, 8 % additifs).<br data-start=\"1165\" data-end=\"1168\" \/>\ud83d\udccc <strong data-start=\"1171\" data-end=\"1187\">Effet visuel<\/strong> : Relief subtil qui accentue la profondeur du design.<br data-start=\"1241\" data-end=\"1244\" \/>\ud83d\udccc <strong data-start=\"1247\" data-end=\"1260\">Entretien<\/strong> : Lavable avec un chiffon humide.<br data-start=\"1294\" data-end=\"1297\" \/>\ud83d\udccc <strong data-start=\"1300\" data-end=\"1317\">Certification<\/strong> : Classement au feu <strong data-start=\"1338\" data-end=\"1361\">Euro Class B-s2, d0<\/strong> et <strong data-start=\"1365\" data-end=\"1390\">ASTM E 84-19b Class A<\/strong>.<br data-start=\"1391\" data-end=\"1394\" \/>\ud83d\udccc <strong data-start=\"1397\" data-end=\"1413\">Applications<\/strong> : Parfait pour les int\u00e9rieurs modernes et \u00e9l\u00e9gants.<\/p>\n<h4 data-start=\"1469\" data-end=\"1523\"><strong data-start=\"1474\" data-end=\"1523\">2. Finition Green Raw (\u00c9cologique \u2013 Sans PVC)<\/strong><\/h4>\n<p data-start=\"1524\" data-end=\"1955\">\ud83c\udf31 <strong data-start=\"1527\" data-end=\"1539\">Mat\u00e9riau<\/strong> : Papier peint non-tiss\u00e9 <strong data-start=\"1565\" data-end=\"1585\">100 % \u00e9cologique<\/strong>, sans PVC, fabriqu\u00e9 \u00e0 partir de cellulose press\u00e9e.<br data-start=\"1636\" data-end=\"1639\" \/>\ud83c\udf31 <strong data-start=\"1642\" data-end=\"1658\">Effet visuel<\/strong> : Surface lisse avec un rendu mat naturel.<br data-start=\"1701\" data-end=\"1704\" \/>\ud83c\udf31 <strong data-start=\"1707\" data-end=\"1720\">Entretien<\/strong> : Nettoyage \u00e0 sec recommand\u00e9.<br data-start=\"1750\" data-end=\"1753\" \/>\ud83c\udf31 <strong data-start=\"1756\" data-end=\"1773\">Certification<\/strong> : Conforme aux normes <strong data-start=\"1796\" data-end=\"1835\">VOC (Indoor Air Comfort GOLD, LEED)<\/strong>.<br data-start=\"1836\" data-end=\"1839\" \/>\ud83c\udf31 <strong data-start=\"1842\" data-end=\"1858\">Applications<\/strong> : Id\u00e9al pour les <strong data-start=\"1876\" data-end=\"1904\">espaces \u00e9co-responsables<\/strong>, tels que bureaux, h\u00f4tels et r\u00e9sidences de luxe.<\/p>\n<hr data-start=\"1957\" data-end=\"1960\" \/>\n<h3 data-start=\"1962\" data-end=\"2016\"><strong data-start=\"1966\" data-end=\"2014\">Pourquoi Choisir le Papier Peint Marrakech ?<\/strong><\/h3>\n<p data-start=\"2017\" data-end=\"2459\">\u2714 <strong data-start=\"2019\" data-end=\"2045\">Un d\u00e9cor spectaculaire<\/strong> : Plongez dans une ambiance tropicale chic avec un motif ultra-r\u00e9aliste de palmeraie.<br data-start=\"2131\" data-end=\"2134\" \/>\u2714 <strong data-start=\"2136\" data-end=\"2167\">Personnalisation sur mesure<\/strong> : Une adaptation parfaite \u00e0 vos murs pour un effet panoramique immersif.<br data-start=\"2240\" data-end=\"2243\" \/>\u2714 <strong data-start=\"2245\" data-end=\"2272\">Finitions haut de gamme<\/strong> : Des options vari\u00e9es pour une esth\u00e9tique naturelle ou \u00e9co-friendly.<br data-start=\"2341\" data-end=\"2344\" \/>\u2714 <strong data-start=\"2346\" data-end=\"2372\">Polyvalence d\u00e9corative<\/strong> : Id\u00e9al pour une <strong data-start=\"2390\" data-end=\"2456\">chambre, un salon, un bureau ou un espace h\u00f4telier prestigieux<\/strong>.<\/p>\n<hr data-start=\"2461\" data-end=\"2464\" \/>\n<p data-start=\"2466\" data-end=\"2597\" data-is-last-node=\"\" data-is-only-node=\"\">\ud83c\udf34 <strong data-start=\"2469\" data-end=\"2597\" data-is-last-node=\"\">Apportez une touche d\u2019exotisme et d\u2019\u00e9l\u00e9gance \u00e0 votre int\u00e9rieur avec Marrakech. Disponible d\u00e8s maintenant sur HomeProject.fr.<\/strong><\/p>\n<\/div>\n<\/div>\n<\/div>\n<\/div>\n<h3 data-start=\"1030\" data-end=\"1080\"><strong style=\"font-family: inherit; font-size: 30px;\">Vous avez des questions ?<\/strong><\/h3>\n<\/div>\n<\/div>\n<\/div>\n<\/div>\n<style id=\"wpforms-css-vars-3675\">\n\t\t\t\t#wpforms-3675 {\n\t\t\t\t\n\t\t\t}\n\t\t\t<\/style><div class=\"wpforms-container wpforms-container-full wpforms-render-modern\" id=\"wpforms-3675\"><form id=\"wpforms-form-3675\" class=\"wpforms-validate wpforms-form wpforms-ajax-form\" data-formid=\"3675\" method=\"post\" enctype=\"multipart\/form-data\" action=\"\/fr\/wp-json\/wp\/v2\/product\/10958\" data-token=\"03cdf653ce821e1e97cc9c531d12385b\" data-token-time=\"1778532351\"><noscript class=\"wpforms-error-noscript\">Veuillez activer JavaScript dans votre navigateur pour remplir ce formulaire.<\/noscript><div id=\"wpforms-error-noscript\" style=\"display: none;\">Veuillez activer JavaScript dans votre navigateur pour remplir ce formulaire.<\/div><div class=\"wpforms-field-container\"><div id=\"wpforms-3675-field_3-container\" class=\"wpforms-field wpforms-field-name\" data-field-id=\"3\"><fieldset><legend class=\"wpforms-field-label\">Nom <span class=\"wpforms-required-label\" aria-hidden=\"true\">*<\/span><\/legend><div class=\"wpforms-field-row wpforms-field-medium\"><div class=\"wpforms-field-row-block wpforms-first wpforms-one-half\"><input type=\"text\" id=\"wpforms-3675-field_3\" class=\"wpforms-field-name-first wpforms-field-required\" name=\"wpforms[fields][3][first]\" aria-errormessage=\"wpforms-3675-field_3-error\" required><label for=\"wpforms-3675-field_3\" class=\"wpforms-field-sublabel after\">Pr\u00e9nom<\/label><\/div><div class=\"wpforms-field-row-block wpforms-one-half\"><input type=\"text\" id=\"wpforms-3675-field_3-last\" class=\"wpforms-field-name-last wpforms-field-required\" name=\"wpforms[fields][3][last]\" aria-errormessage=\"wpforms-3675-field_3-last-error\" required><label for=\"wpforms-3675-field_3-last\" class=\"wpforms-field-sublabel after\">Nom<\/label><\/div><\/div><\/fieldset><\/div>\t\t<div id=\"wpforms-3675-field_1-container\"\n\t\t\tclass=\"wpforms-field wpforms-field-text\"\n\t\t\tdata-field-type=\"text\"\n\t\t\tdata-field-id=\"1\"\n\t\t\t>\n\t\t\t<label class=\"wpforms-field-label\" for=\"wpforms-3675-field_1\" >E-mail Message Nom<\/label>\n\t\t\t<input type=\"text\" id=\"wpforms-3675-field_1\" class=\"wpforms-field-medium\" name=\"wpforms[fields][1]\" >\n\t\t<\/div>\n\t\t<div id=\"wpforms-3675-field_4-container\" class=\"wpforms-field wpforms-field-email\" data-field-id=\"4\"><label class=\"wpforms-field-label\" for=\"wpforms-3675-field_4\">E-mail <span class=\"wpforms-required-label\" aria-hidden=\"true\">*<\/span><\/label><input type=\"email\" id=\"wpforms-3675-field_4\" class=\"wpforms-field-medium wpforms-field-required\" name=\"wpforms[fields][4]\" spellcheck=\"false\" aria-errormessage=\"wpforms-3675-field_4-error\" required><\/div><div id=\"wpforms-3675-field_5-container\" class=\"wpforms-field wpforms-field-textarea\" data-field-id=\"5\"><label class=\"wpforms-field-label\" for=\"wpforms-3675-field_5\">Message <span class=\"wpforms-required-label\" aria-hidden=\"true\">*<\/span><\/label><textarea id=\"wpforms-3675-field_5\" class=\"wpforms-field-medium wpforms-field-required\" name=\"wpforms[fields][5]\" aria-errormessage=\"wpforms-3675-field_5-error\" required><\/textarea><\/div><script>\n\t\t\t\t( function() {\n\t\t\t\t\tconst style = document.createElement( 'style' );\n\t\t\t\t\tstyle.appendChild( document.createTextNode( '#wpforms-3675-field_1-container { position: absolute !important; overflow: hidden !important; display: inline !important; height: 1px !important; width: 1px !important; z-index: -1000 !important; padding: 0 !important; } #wpforms-3675-field_1-container input { visibility: hidden; } #wpforms-conversational-form-page #wpforms-3675-field_1-container label { counter-increment: none; }' ) );\n\t\t\t\t\tdocument.head.appendChild( style );\n\t\t\t\t\tdocument.currentScript?.remove();\n\t\t\t\t} )();\n\t\t\t<\/script><\/div><!-- .wpforms-field-container --><div class=\"wpforms-submit-container\" ><input type=\"hidden\" name=\"wpforms[id]\" value=\"3675\"><input type=\"hidden\" name=\"page_title\" value=\"\"><input type=\"hidden\" name=\"page_url\" value=\"https:\/\/homeproject.fr\/fr\/wp-json\/wp\/v2\/product\/10958\"><input type=\"hidden\" name=\"url_referer\" value=\"\"><button type=\"submit\" name=\"wpforms[submit]\" id=\"wpforms-submit-3675\" class=\"wpforms-submit\" data-alt-text=\"Envoi...\" data-submit-text=\"Envoyer\" aria-live=\"assertive\" value=\"wpforms-submit\">Envoyer<\/button><img decoding=\"async\" src=\"https:\/\/homeproject.fr\/fr\/wp-content\/plugins\/wpforms-lite\/assets\/images\/submit-spin.svg\" class=\"wpforms-submit-spinner\" style=\"display: none;\" width=\"26\" height=\"26\" alt=\"Chargement en cours\"><\/div><\/form><\/div>  <!-- .wpforms-container -->\n","protected":false},"excerpt":{"rendered":"<div class=\"woocommerce-product-details__short-description\">\n<p data-start=\"91\" data-end=\"468\">Transformez votre int\u00e9rieur en une oasis luxuriante avec <em data-start=\"148\" data-end=\"159\">Marrakech<\/em>, une cr\u00e9ation exceptionnelle de <strong data-start=\"192\" data-end=\"211\">Nicola Bottegal<\/strong> pour <strong data-start=\"217\" data-end=\"231\">London Art<\/strong>. Ce papier peint immersif capture l\u2019essence des palmeraies exotiques, offrant un paysage naturel et sophistiqu\u00e9 qui sublime tout espace de vie. Entre r\u00e9alisme et po\u00e9sie, ce d\u00e9cor mural apporte une atmosph\u00e8re chaleureuse et envo\u00fbtante.<\/p>\n<p><strong>Un Produit Livr\u00e9 Pr\u00eat \u00e0 Poser<\/strong><\/p>\n<ul>\n<li><strong>Sur-Mesure :<\/strong> Chaque rouleau est adapt\u00e9 \u00e0 vos dimensions sp\u00e9cifiques.<\/li>\n<li><strong>Num\u00e9rotation des Panneaux :<\/strong> Les rouleaux sont num\u00e9rot\u00e9s pour garantir une installation fluide et la continuit\u00e9 parfaite du motif.<\/li>\n<li><strong>Colle Fournie :<\/strong> Une colle sp\u00e9ciale adapt\u00e9e aux finitions est incluse dans chaque commande.<\/li>\n<\/ul>\n<p><strong>Prix au m\u00b2 :<\/strong><\/p>\n<\/div>\n","protected":false},"featured_media":10967,"template":"","meta":{"_uf_show_specific_survey":0,"_uf_disable_surveys":false,"iawp_total_views":12},"product_brand":[],"product_cat":[399],"product_tag":[],"class_list":{"0":"post-10958","1":"product","2":"type-product","3":"status-publish","4":"has-post-thumbnail","6":"product_cat-papier-peint","7":"product_shipping_class-petit-colis","8":"pa_collection-exclusive-wallpapers-par-london-art","9":"pa_designer-nicola-bottegal","10":"pa_effet-floral","11":"pa_marque-london-art","12":"pa_materiau-intisse","13":"pa_materiau-vinyle","15":"first","16":"instock","17":"taxable","18":"shipping-taxable","19":"purchasable","20":"product-type-variable"},"yoast_head":"<!-- This site is optimized with the Yoast SEO plugin v27.5 - https:\/\/yoast.com\/product\/yoast-seo-wordpress\/ -->\n<title>Papier Peint Panoramique sur Mesure MARRAKECH par Nicola Bottegal pour London Art - Homeproject.fr<\/title>\n<meta name=\"robots\" content=\"index, follow, max-snippet:-1, max-image-preview:large, max-video-preview:-1\" \/>\n<link rel=\"canonical\" href=\"https:\/\/homeproject.fr\/fr\/produit\/papier-peint-panoramique-sur-mesure-marrakech-par-nicola-bottegal-pour-london-art\/\" \/>\n<meta property=\"og:locale\" content=\"fr_FR\" \/>\n<meta property=\"og:type\" content=\"article\" \/>\n<meta property=\"og:title\" content=\"Papier Peint Panoramique sur Mesure MARRAKECH par Nicola Bottegal pour London Art - Homeproject.fr\" \/>\n<meta property=\"og:description\" content=\"Transformez votre int\u00e9rieur en une oasis luxuriante avec Marrakech, une cr\u00e9ation exceptionnelle de Nicola Bottegal pour London Art. Ce papier peint immersif capture l\u2019essence des palmeraies exotiques, offrant un paysage naturel et sophistiqu\u00e9 qui sublime tout espace de vie. Entre r\u00e9alisme et po\u00e9sie, ce d\u00e9cor mural apporte une atmosph\u00e8re chaleureuse et envo\u00fbtante. Un Produit Livr\u00e9 Pr\u00eat \u00e0 Poser   Sur-Mesure : Chaque rouleau est adapt\u00e9 \u00e0 vos dimensions sp\u00e9cifiques.  Num\u00e9rotation des Panneaux : Les rouleaux sont num\u00e9rot\u00e9s pour garantir une installation fluide et la continuit\u00e9 parfaite du motif.  Colle Fournie : Une colle sp\u00e9ciale adapt\u00e9e aux finitions est incluse dans chaque commande.  Prix au m\u00b2 :\" \/>\n<meta property=\"og:url\" content=\"https:\/\/homeproject.fr\/fr\/produit\/papier-peint-panoramique-sur-mesure-marrakech-par-nicola-bottegal-pour-london-art\/\" \/>\n<meta property=\"og:site_name\" content=\"Homeproject.fr\" \/>\n<meta property=\"article:modified_time\" content=\"2025-02-24T13:18:12+00:00\" \/>\n<meta property=\"og:image\" content=\"https:\/\/homeproject.fr\/fr\/wp-content\/uploads\/2025\/02\/IMG_2894.jpg\" \/>\n\t<meta property=\"og:image:width\" content=\"700\" \/>\n\t<meta property=\"og:image:height\" content=\"1052\" \/>\n\t<meta property=\"og:image:type\" content=\"image\/jpeg\" \/>\n<meta name=\"twitter:card\" content=\"summary_large_image\" \/>\n<meta name=\"twitter:label1\" content=\"Dur\u00e9e de lecture estim\u00e9e\" \/>\n\t<meta name=\"twitter:data1\" content=\"2 minutes\" \/>\n<script type=\"application\/ld+json\" class=\"yoast-schema-graph\">{\"@context\":\"https:\\\/\\\/schema.org\",\"@graph\":[{\"@type\":\"WebPage\",\"@id\":\"https:\\\/\\\/homeproject.fr\\\/fr\\\/produit\\\/papier-peint-panoramique-sur-mesure-marrakech-par-nicola-bottegal-pour-london-art\\\/\",\"url\":\"https:\\\/\\\/homeproject.fr\\\/fr\\\/produit\\\/papier-peint-panoramique-sur-mesure-marrakech-par-nicola-bottegal-pour-london-art\\\/\",\"name\":\"Papier Peint Panoramique sur Mesure MARRAKECH par Nicola Bottegal pour London Art - Homeproject.fr\",\"isPartOf\":{\"@id\":\"https:\\\/\\\/homeproject.fr\\\/fr\\\/#website\"},\"primaryImageOfPage\":{\"@id\":\"https:\\\/\\\/homeproject.fr\\\/fr\\\/produit\\\/papier-peint-panoramique-sur-mesure-marrakech-par-nicola-bottegal-pour-london-art\\\/#primaryimage\"},\"image\":{\"@id\":\"https:\\\/\\\/homeproject.fr\\\/fr\\\/produit\\\/papier-peint-panoramique-sur-mesure-marrakech-par-nicola-bottegal-pour-london-art\\\/#primaryimage\"},\"thumbnailUrl\":\"https:\\\/\\\/homeproject.fr\\\/fr\\\/wp-content\\\/uploads\\\/2025\\\/02\\\/IMG_2894.jpg\",\"datePublished\":\"2025-02-24T13:13:43+00:00\",\"dateModified\":\"2025-02-24T13:18:12+00:00\",\"breadcrumb\":{\"@id\":\"https:\\\/\\\/homeproject.fr\\\/fr\\\/produit\\\/papier-peint-panoramique-sur-mesure-marrakech-par-nicola-bottegal-pour-london-art\\\/#breadcrumb\"},\"inLanguage\":\"fr-FR\",\"potentialAction\":[{\"@type\":\"ReadAction\",\"target\":[\"https:\\\/\\\/homeproject.fr\\\/fr\\\/produit\\\/papier-peint-panoramique-sur-mesure-marrakech-par-nicola-bottegal-pour-london-art\\\/\"]}]},{\"@type\":\"ImageObject\",\"inLanguage\":\"fr-FR\",\"@id\":\"https:\\\/\\\/homeproject.fr\\\/fr\\\/produit\\\/papier-peint-panoramique-sur-mesure-marrakech-par-nicola-bottegal-pour-london-art\\\/#primaryimage\",\"url\":\"https:\\\/\\\/homeproject.fr\\\/fr\\\/wp-content\\\/uploads\\\/2025\\\/02\\\/IMG_2894.jpg\",\"contentUrl\":\"https:\\\/\\\/homeproject.fr\\\/fr\\\/wp-content\\\/uploads\\\/2025\\\/02\\\/IMG_2894.jpg\",\"width\":700,\"height\":1052},{\"@type\":\"BreadcrumbList\",\"@id\":\"https:\\\/\\\/homeproject.fr\\\/fr\\\/produit\\\/papier-peint-panoramique-sur-mesure-marrakech-par-nicola-bottegal-pour-london-art\\\/#breadcrumb\",\"itemListElement\":[{\"@type\":\"ListItem\",\"position\":1,\"name\":\"Accueil\",\"item\":\"https:\\\/\\\/homeproject.fr\\\/fr\\\/\"},{\"@type\":\"ListItem\",\"position\":2,\"name\":\"Boutique\",\"item\":\"https:\\\/\\\/homeproject.fr\\\/fr\\\/boutique\\\/\"},{\"@type\":\"ListItem\",\"position\":3,\"name\":\"Papier Peint Panoramique sur Mesure MARRAKECH par Nicola Bottegal pour London Art\"}]},{\"@type\":\"WebSite\",\"@id\":\"https:\\\/\\\/homeproject.fr\\\/fr\\\/#website\",\"url\":\"https:\\\/\\\/homeproject.fr\\\/fr\\\/\",\"name\":\"Homeproject.fr\",\"description\":\"Offrez l&#039;exceptionnel \u00e0 vos espaces \u00e0 vivre\",\"publisher\":{\"@id\":\"https:\\\/\\\/homeproject.fr\\\/fr\\\/#organization\"},\"potentialAction\":[{\"@type\":\"SearchAction\",\"target\":{\"@type\":\"EntryPoint\",\"urlTemplate\":\"https:\\\/\\\/homeproject.fr\\\/fr\\\/?s={search_term_string}\"},\"query-input\":{\"@type\":\"PropertyValueSpecification\",\"valueRequired\":true,\"valueName\":\"search_term_string\"}}],\"inLanguage\":\"fr-FR\"},{\"@type\":\"Organization\",\"@id\":\"https:\\\/\\\/homeproject.fr\\\/fr\\\/#organization\",\"name\":\"Homeproject.fr\",\"url\":\"https:\\\/\\\/homeproject.fr\\\/fr\\\/\",\"logo\":{\"@type\":\"ImageObject\",\"inLanguage\":\"fr-FR\",\"@id\":\"https:\\\/\\\/homeproject.fr\\\/fr\\\/#\\\/schema\\\/logo\\\/image\\\/\",\"url\":\"https:\\\/\\\/homeproject.fr\\\/fr\\\/wp-content\\\/uploads\\\/2024\\\/12\\\/Logo_HomeProject-noir-2.png\",\"contentUrl\":\"https:\\\/\\\/homeproject.fr\\\/fr\\\/wp-content\\\/uploads\\\/2024\\\/12\\\/Logo_HomeProject-noir-2.png\",\"width\":300,\"height\":91,\"caption\":\"Homeproject.fr\"},\"image\":{\"@id\":\"https:\\\/\\\/homeproject.fr\\\/fr\\\/#\\\/schema\\\/logo\\\/image\\\/\"}}]}<\/script>\n<!-- \/ Yoast SEO plugin. -->","yoast_head_json":{"title":"Papier Peint Panoramique sur Mesure MARRAKECH par Nicola Bottegal pour London Art - Homeproject.fr","robots":{"index":"index","follow":"follow","max-snippet":"max-snippet:-1","max-image-preview":"max-image-preview:large","max-video-preview":"max-video-preview:-1"},"canonical":"https:\/\/homeproject.fr\/fr\/produit\/papier-peint-panoramique-sur-mesure-marrakech-par-nicola-bottegal-pour-london-art\/","og_locale":"fr_FR","og_type":"article","og_title":"Papier Peint Panoramique sur Mesure MARRAKECH par Nicola Bottegal pour London Art - Homeproject.fr","og_description":"Transformez votre int\u00e9rieur en une oasis luxuriante avec Marrakech, une cr\u00e9ation exceptionnelle de Nicola Bottegal pour London Art. Ce papier peint immersif capture l\u2019essence des palmeraies exotiques, offrant un paysage naturel et sophistiqu\u00e9 qui sublime tout espace de vie. Entre r\u00e9alisme et po\u00e9sie, ce d\u00e9cor mural apporte une atmosph\u00e8re chaleureuse et envo\u00fbtante. Un Produit Livr\u00e9 Pr\u00eat \u00e0 Poser   Sur-Mesure : Chaque rouleau est adapt\u00e9 \u00e0 vos dimensions sp\u00e9cifiques.  Num\u00e9rotation des Panneaux : Les rouleaux sont num\u00e9rot\u00e9s pour garantir une installation fluide et la continuit\u00e9 parfaite du motif.  Colle Fournie : Une colle sp\u00e9ciale adapt\u00e9e aux finitions est incluse dans chaque commande.  Prix au m\u00b2 :","og_url":"https:\/\/homeproject.fr\/fr\/produit\/papier-peint-panoramique-sur-mesure-marrakech-par-nicola-bottegal-pour-london-art\/","og_site_name":"Homeproject.fr","article_modified_time":"2025-02-24T13:18:12+00:00","og_image":[{"width":700,"height":1052,"url":"https:\/\/homeproject.fr\/fr\/wp-content\/uploads\/2025\/02\/IMG_2894.jpg","type":"image\/jpeg"}],"twitter_card":"summary_large_image","twitter_misc":{"Dur\u00e9e de lecture estim\u00e9e":"2 minutes"},"schema":{"@context":"https:\/\/schema.org","@graph":[{"@type":"WebPage","@id":"https:\/\/homeproject.fr\/fr\/produit\/papier-peint-panoramique-sur-mesure-marrakech-par-nicola-bottegal-pour-london-art\/","url":"https:\/\/homeproject.fr\/fr\/produit\/papier-peint-panoramique-sur-mesure-marrakech-par-nicola-bottegal-pour-london-art\/","name":"Papier Peint Panoramique sur Mesure MARRAKECH par Nicola Bottegal pour London Art - Homeproject.fr","isPartOf":{"@id":"https:\/\/homeproject.fr\/fr\/#website"},"primaryImageOfPage":{"@id":"https:\/\/homeproject.fr\/fr\/produit\/papier-peint-panoramique-sur-mesure-marrakech-par-nicola-bottegal-pour-london-art\/#primaryimage"},"image":{"@id":"https:\/\/homeproject.fr\/fr\/produit\/papier-peint-panoramique-sur-mesure-marrakech-par-nicola-bottegal-pour-london-art\/#primaryimage"},"thumbnailUrl":"https:\/\/homeproject.fr\/fr\/wp-content\/uploads\/2025\/02\/IMG_2894.jpg","datePublished":"2025-02-24T13:13:43+00:00","dateModified":"2025-02-24T13:18:12+00:00","breadcrumb":{"@id":"https:\/\/homeproject.fr\/fr\/produit\/papier-peint-panoramique-sur-mesure-marrakech-par-nicola-bottegal-pour-london-art\/#breadcrumb"},"inLanguage":"fr-FR","potentialAction":[{"@type":"ReadAction","target":["https:\/\/homeproject.fr\/fr\/produit\/papier-peint-panoramique-sur-mesure-marrakech-par-nicola-bottegal-pour-london-art\/"]}]},{"@type":"ImageObject","inLanguage":"fr-FR","@id":"https:\/\/homeproject.fr\/fr\/produit\/papier-peint-panoramique-sur-mesure-marrakech-par-nicola-bottegal-pour-london-art\/#primaryimage","url":"https:\/\/homeproject.fr\/fr\/wp-content\/uploads\/2025\/02\/IMG_2894.jpg","contentUrl":"https:\/\/homeproject.fr\/fr\/wp-content\/uploads\/2025\/02\/IMG_2894.jpg","width":700,"height":1052},{"@type":"BreadcrumbList","@id":"https:\/\/homeproject.fr\/fr\/produit\/papier-peint-panoramique-sur-mesure-marrakech-par-nicola-bottegal-pour-london-art\/#breadcrumb","itemListElement":[{"@type":"ListItem","position":1,"name":"Accueil","item":"https:\/\/homeproject.fr\/fr\/"},{"@type":"ListItem","position":2,"name":"Boutique","item":"https:\/\/homeproject.fr\/fr\/boutique\/"},{"@type":"ListItem","position":3,"name":"Papier Peint Panoramique sur Mesure MARRAKECH par Nicola Bottegal pour London Art"}]},{"@type":"WebSite","@id":"https:\/\/homeproject.fr\/fr\/#website","url":"https:\/\/homeproject.fr\/fr\/","name":"Homeproject.fr","description":"Offrez l&#039;exceptionnel \u00e0 vos espaces \u00e0 vivre","publisher":{"@id":"https:\/\/homeproject.fr\/fr\/#organization"},"potentialAction":[{"@type":"SearchAction","target":{"@type":"EntryPoint","urlTemplate":"https:\/\/homeproject.fr\/fr\/?s={search_term_string}"},"query-input":{"@type":"PropertyValueSpecification","valueRequired":true,"valueName":"search_term_string"}}],"inLanguage":"fr-FR"},{"@type":"Organization","@id":"https:\/\/homeproject.fr\/fr\/#organization","name":"Homeproject.fr","url":"https:\/\/homeproject.fr\/fr\/","logo":{"@type":"ImageObject","inLanguage":"fr-FR","@id":"https:\/\/homeproject.fr\/fr\/#\/schema\/logo\/image\/","url":"https:\/\/homeproject.fr\/fr\/wp-content\/uploads\/2024\/12\/Logo_HomeProject-noir-2.png","contentUrl":"https:\/\/homeproject.fr\/fr\/wp-content\/uploads\/2024\/12\/Logo_HomeProject-noir-2.png","width":300,"height":91,"caption":"Homeproject.fr"},"image":{"@id":"https:\/\/homeproject.fr\/fr\/#\/schema\/logo\/image\/"}}]}},"_links":{"self":[{"href":"https:\/\/homeproject.fr\/fr\/wp-json\/wp\/v2\/product\/10958","targetHints":{"allow":["GET"]}}],"collection":[{"href":"https:\/\/homeproject.fr\/fr\/wp-json\/wp\/v2\/product"}],"about":[{"href":"https:\/\/homeproject.fr\/fr\/wp-json\/wp\/v2\/types\/product"}],"version-history":[{"count":1,"href":"https:\/\/homeproject.fr\/fr\/wp-json\/wp\/v2\/product\/10958\/revisions"}],"predecessor-version":[{"id":10973,"href":"https:\/\/homeproject.fr\/fr\/wp-json\/wp\/v2\/product\/10958\/revisions\/10973"}],"wp:featuredmedia":[{"embeddable":true,"href":"https:\/\/homeproject.fr\/fr\/wp-json\/wp\/v2\/media\/10967"}],"wp:attachment":[{"href":"https:\/\/homeproject.fr\/fr\/wp-json\/wp\/v2\/media?parent=10958"}],"wp:term":[{"taxonomy":"product_brand","embeddable":true,"href":"https:\/\/homeproject.fr\/fr\/wp-json\/wp\/v2\/product_brand?post=10958"},{"taxonomy":"product_cat","embeddable":true,"href":"https:\/\/homeproject.fr\/fr\/wp-json\/wp\/v2\/product_cat?post=10958"},{"taxonomy":"product_tag","embeddable":true,"href":"https:\/\/homeproject.fr\/fr\/wp-json\/wp\/v2\/product_tag?post=10958"}],"curies":[{"name":"wp","href":"https:\/\/api.w.org\/{rel}","templated":true}]}}