{"id":10932,"date":"2025-02-24T12:55:28","date_gmt":"2025-02-24T12:55:28","guid":{"rendered":"https:\/\/homeproject.fr\/fr\/?post_type=product&#038;p=10932"},"modified":"2025-02-24T12:59:16","modified_gmt":"2025-02-24T12:59:16","slug":"papier-peint-panoramique-sur-mesure-i-know-a-little-par-gio-pagani-pour-london-art","status":"publish","type":"product","link":"https:\/\/homeproject.fr\/fr\/produit\/papier-peint-panoramique-sur-mesure-i-know-a-little-par-gio-pagani-pour-london-art\/","title":{"rendered":"Papier peint panoramique sur mesure I KNOW A LITTLE par Gio Pagani pour London Art"},"content":{"rendered":"<h3><strong style=\"font-size: 16px;\"><a href=\"https:\/\/homeproject.fr\/fr\/wp-content\/uploads\/2025\/01\/Installation.pdf\" target=\"_blank\" rel=\"noopener\">T\u00e9l\u00e9charger la notice d\u2019installation<\/a><\/strong><\/h3>\n<hr \/>\n<div class=\"flex max-w-full flex-col flex-grow\">\n<div class=\"min-h-8 text-message flex w-full flex-col items-end gap-2 whitespace-normal break-words text-start [.text-message+&]:mt-5\" dir=\"auto\" data-message-author-role=\"assistant\" data-message-id=\"5caff6c9-7ccb-438b-bf30-0814fcb11509\" data-message-model-slug=\"gpt-4o\">\n<div class=\"flex w-full flex-col gap-1 empty:hidden first:pt-[3px]\">\n<div class=\"markdown prose w-full break-words dark:prose-invert light\">\n<h3 data-start=\"971\" data-end=\"1017\">Finitions et Caract\u00e9ristiques Techniques<\/h3>\n<p data-start=\"1018\" data-end=\"1143\">Le papier peint <em data-start=\"1034\" data-end=\"1051\">I Know a Little<\/em> est propos\u00e9 en diff\u00e9rentes finitions haut de gamme, garantissant esth\u00e9tisme et durabilit\u00e9 :<\/p>\n<h4 data-start=\"1145\" data-end=\"1191\">1. <strong data-start=\"1153\" data-end=\"1189\">Finition Raw (Texture Naturelle)<\/strong><\/h4>\n<p data-start=\"1192\" data-end=\"1615\">\ud83d\udccc <strong data-start=\"1195\" data-end=\"1207\">Mat\u00e9riau<\/strong> : Vinyle sur support non-tiss\u00e9 (70 % cellulose, 20 % fibres synth\u00e9tiques, 8 % additifs).<br data-start=\"1296\" data-end=\"1299\" \/>\ud83d\udccc <strong data-start=\"1302\" data-end=\"1318\">Effet visuel<\/strong> : Texture subtilement emboss\u00e9e, mettant en relief la finesse du design.<br data-start=\"1390\" data-end=\"1393\" \/>\ud83d\udccc <strong data-start=\"1396\" data-end=\"1409\">Entretien<\/strong> : Nettoyage facile avec un chiffon humide.<br data-start=\"1452\" data-end=\"1455\" \/>\ud83d\udccc <strong data-start=\"1458\" data-end=\"1475\">Certification<\/strong> : Classement au feu Euro Class B-s2, d0 et ASTM E 84-19b Class A.<br data-start=\"1541\" data-end=\"1544\" \/>\ud83d\udccc <strong data-start=\"1547\" data-end=\"1563\">Applications<\/strong> : Id\u00e9al pour les int\u00e9rieurs modernes et raffin\u00e9s.<\/p>\n<h4 data-start=\"1617\" data-end=\"1673\">2. <strong data-start=\"1625\" data-end=\"1671\">Finition Green (\u00c9cologique \u2013 Sans PVC)<\/strong><\/h4>\n<p data-start=\"1674\" data-end=\"2112\">\ud83c\udf31 <strong data-start=\"1677\" data-end=\"1689\">Mat\u00e9riau<\/strong> : Papier peint non-tiss\u00e9 100 % \u00e9cologique, sans PVC, fabriqu\u00e9 \u00e0 partir de cellulose press\u00e9e.<br data-start=\"1782\" data-end=\"1785\" \/>\ud83c\udf31 <strong data-start=\"1788\" data-end=\"1804\">Effet visuel<\/strong> : Surface lisse avec un rendu mat et naturel.<br data-start=\"1850\" data-end=\"1853\" \/>\ud83c\udf31 <strong data-start=\"1856\" data-end=\"1869\">Entretien<\/strong> : Nettoyage \u00e0 sec recommand\u00e9.<br data-start=\"1899\" data-end=\"1902\" \/>\ud83c\udf31 <strong data-start=\"1905\" data-end=\"1933\">Certification \u00e9cologique<\/strong> : Conforme aux normes internationales VOC (Indoor Air Comfort GOLD, LEED).<br data-start=\"2008\" data-end=\"2011\" \/>\ud83c\udf31 <strong data-start=\"2014\" data-end=\"2030\">Applications<\/strong> : Parfait pour les espaces \u00e9co-responsables tels que les bureaux et les h\u00f4tels.<\/p>\n<h3 data-start=\"2114\" data-end=\"2172\">Pourquoi Choisir le Papier Peint <em data-start=\"2151\" data-end=\"2168\">I Know a Little<\/em> ?<\/h3>\n<p data-start=\"2173\" data-end=\"2647\">\u2714 <strong data-start=\"2175\" data-end=\"2202\">Un design architectural<\/strong> : Un jeu subtil de mati\u00e8res et de nuances pour une d\u00e9coration chic et minimaliste.<br data-start=\"2285\" data-end=\"2288\" \/>\u2714 <strong data-start=\"2290\" data-end=\"2316\">Fabrication sur mesure<\/strong> : S\u2019adapte parfaitement \u00e0 vos murs pour une finition impeccable.<br data-start=\"2381\" data-end=\"2384\" \/>\u2714 <strong data-start=\"2386\" data-end=\"2413\">Finitions haut de gamme<\/strong> : Entre textures authentiques et options \u00e9cologiques, choisissez l\u2019esth\u00e9tique qui vous convient.<br data-start=\"2510\" data-end=\"2513\" \/>\u2714 <strong data-start=\"2515\" data-end=\"2549\">Convient \u00e0 tous les int\u00e9rieurs<\/strong> : Un design sobre et \u00e9l\u00e9gant, id\u00e9al pour les lofts, salons, chambres et espaces professionnels.<\/p>\n<p data-start=\"2649\" data-end=\"2811\" data-is-last-node=\"\" data-is-only-node=\"\">Cr\u00e9ez une atmosph\u00e8re contemporaine avec <strong data-start=\"2689\" data-end=\"2708\">I Know a Little<\/strong>, le papier peint qui allie subtilit\u00e9 et raffinement. <strong data-start=\"2762\" data-end=\"2811\" data-is-last-node=\"\">Disponible d\u00e8s maintenant sur HomeProject.fr.<\/strong><\/p>\n<\/div>\n<\/div>\n<\/div>\n<\/div>\n<h3><strong style=\"font-family: inherit; font-size: 30px;\">Vous avez des questions ?<\/strong><\/h3>\n<style id=\"wpforms-css-vars-3675\">\n\t\t\t\t#wpforms-3675 {\n\t\t\t\t\n\t\t\t}\n\t\t\t<\/style><div class=\"wpforms-container wpforms-container-full wpforms-render-modern\" id=\"wpforms-3675\"><form id=\"wpforms-form-3675\" class=\"wpforms-validate wpforms-form wpforms-ajax-form\" data-formid=\"3675\" method=\"post\" enctype=\"multipart\/form-data\" action=\"\/fr\/wp-json\/wp\/v2\/product\/10932\" data-token=\"03cdf653ce821e1e97cc9c531d12385b\" data-token-time=\"1778532353\"><noscript class=\"wpforms-error-noscript\">Veuillez activer JavaScript dans votre navigateur pour remplir ce formulaire.<\/noscript><div id=\"wpforms-error-noscript\" style=\"display: none;\">Veuillez activer JavaScript dans votre navigateur pour remplir ce formulaire.<\/div><div class=\"wpforms-field-container\">\t\t<div id=\"wpforms-3675-field_1-container\"\n\t\t\tclass=\"wpforms-field wpforms-field-text\"\n\t\t\tdata-field-type=\"text\"\n\t\t\tdata-field-id=\"1\"\n\t\t\t>\n\t\t\t<label class=\"wpforms-field-label\" for=\"wpforms-3675-field_1\" >Nom Message E-mail<\/label>\n\t\t\t<input type=\"text\" id=\"wpforms-3675-field_1\" class=\"wpforms-field-medium\" name=\"wpforms[fields][1]\" >\n\t\t<\/div>\n\t\t<div id=\"wpforms-3675-field_3-container\" class=\"wpforms-field wpforms-field-name\" data-field-id=\"3\"><fieldset><legend class=\"wpforms-field-label\">Nom <span class=\"wpforms-required-label\" aria-hidden=\"true\">*<\/span><\/legend><div class=\"wpforms-field-row wpforms-field-medium\"><div class=\"wpforms-field-row-block wpforms-first wpforms-one-half\"><input type=\"text\" id=\"wpforms-3675-field_3\" class=\"wpforms-field-name-first wpforms-field-required\" name=\"wpforms[fields][3][first]\" aria-errormessage=\"wpforms-3675-field_3-error\" required><label for=\"wpforms-3675-field_3\" class=\"wpforms-field-sublabel after\">Pr\u00e9nom<\/label><\/div><div class=\"wpforms-field-row-block wpforms-one-half\"><input type=\"text\" id=\"wpforms-3675-field_3-last\" class=\"wpforms-field-name-last wpforms-field-required\" name=\"wpforms[fields][3][last]\" aria-errormessage=\"wpforms-3675-field_3-last-error\" required><label for=\"wpforms-3675-field_3-last\" class=\"wpforms-field-sublabel after\">Nom<\/label><\/div><\/div><\/fieldset><\/div><div id=\"wpforms-3675-field_4-container\" class=\"wpforms-field wpforms-field-email\" data-field-id=\"4\"><label class=\"wpforms-field-label\" for=\"wpforms-3675-field_4\">E-mail <span class=\"wpforms-required-label\" aria-hidden=\"true\">*<\/span><\/label><input type=\"email\" id=\"wpforms-3675-field_4\" class=\"wpforms-field-medium wpforms-field-required\" name=\"wpforms[fields][4]\" spellcheck=\"false\" aria-errormessage=\"wpforms-3675-field_4-error\" required><\/div><div id=\"wpforms-3675-field_5-container\" class=\"wpforms-field wpforms-field-textarea\" data-field-id=\"5\"><label class=\"wpforms-field-label\" for=\"wpforms-3675-field_5\">Message <span class=\"wpforms-required-label\" aria-hidden=\"true\">*<\/span><\/label><textarea id=\"wpforms-3675-field_5\" class=\"wpforms-field-medium wpforms-field-required\" name=\"wpforms[fields][5]\" aria-errormessage=\"wpforms-3675-field_5-error\" required><\/textarea><\/div><script>\n\t\t\t\t( function() {\n\t\t\t\t\tconst style = document.createElement( 'style' );\n\t\t\t\t\tstyle.appendChild( document.createTextNode( '#wpforms-3675-field_1-container { position: absolute !important; overflow: hidden !important; display: inline !important; height: 1px !important; width: 1px !important; z-index: -1000 !important; padding: 0 !important; } #wpforms-3675-field_1-container input { visibility: hidden; } #wpforms-conversational-form-page #wpforms-3675-field_1-container label { counter-increment: none; }' ) );\n\t\t\t\t\tdocument.head.appendChild( style );\n\t\t\t\t\tdocument.currentScript?.remove();\n\t\t\t\t} )();\n\t\t\t<\/script><\/div><!-- .wpforms-field-container --><div class=\"wpforms-submit-container\" ><input type=\"hidden\" name=\"wpforms[id]\" value=\"3675\"><input type=\"hidden\" name=\"page_title\" value=\"\"><input type=\"hidden\" name=\"page_url\" value=\"https:\/\/homeproject.fr\/fr\/wp-json\/wp\/v2\/product\/10932\"><input type=\"hidden\" name=\"url_referer\" value=\"\"><button type=\"submit\" name=\"wpforms[submit]\" id=\"wpforms-submit-3675\" class=\"wpforms-submit\" data-alt-text=\"Envoi...\" data-submit-text=\"Envoyer\" aria-live=\"assertive\" value=\"wpforms-submit\">Envoyer<\/button><img decoding=\"async\" src=\"https:\/\/homeproject.fr\/fr\/wp-content\/plugins\/wpforms-lite\/assets\/images\/submit-spin.svg\" class=\"wpforms-submit-spinner\" style=\"display: none;\" width=\"26\" height=\"26\" alt=\"Chargement en cours\"><\/div><\/form><\/div>  <!-- .wpforms-container -->\n","protected":false},"excerpt":{"rendered":"<div class=\"woocommerce-product-details__short-description\">\n<p data-start=\"211\" data-end=\"586\">Offrez une touche de modernit\u00e9 minimaliste \u00e0 votre int\u00e9rieur avec <em data-start=\"277\" data-end=\"294\">I Know a Little<\/em>, une cr\u00e9ation sign\u00e9e <strong data-start=\"316\" data-end=\"330\">Gio Pagani<\/strong> pour <strong data-start=\"336\" data-end=\"350\">London Art<\/strong>. Son design \u00e9pur\u00e9, inspir\u00e9 des textures brutes et des jeux de lumi\u00e8re sur la mati\u00e8re, apporte une \u00e9l\u00e9gance intemporelle \u00e0 tout espace de vie. Un \u00e9quilibre parfait entre sobri\u00e9t\u00e9 et sophistication, id\u00e9al pour une ambiance contemporaine.<\/p>\n<p><strong>Un Produit Livr\u00e9 Pr\u00eat \u00e0 Poser<\/strong><\/p>\n<ul>\n<li><strong>Sur-Mesure :<\/strong> Chaque rouleau est adapt\u00e9 \u00e0 vos dimensions sp\u00e9cifiques.<\/li>\n<li><strong>Num\u00e9rotation des Panneaux :<\/strong> Les rouleaux sont num\u00e9rot\u00e9s pour garantir une installation fluide et la continuit\u00e9 parfaite du motif.<\/li>\n<li><strong>Colle Fournie :<\/strong> Une colle sp\u00e9ciale adapt\u00e9e aux finitions est incluse dans chaque commande.<\/li>\n<\/ul>\n<p><strong>Prix au m\u00b2 :<\/strong><\/p>\n<\/div>\n","protected":false},"featured_media":10937,"template":"","meta":{"_uf_show_specific_survey":0,"_uf_disable_surveys":false,"iawp_total_views":5},"product_brand":[],"product_cat":[399],"product_tag":[],"class_list":{"0":"post-10932","1":"product","2":"type-product","3":"status-publish","4":"has-post-thumbnail","6":"product_cat-papier-peint","7":"product_shipping_class-petit-colis","8":"pa_collection-exclusive-wallpapers-par-london-art","9":"pa_designer-gio-pagani","10":"pa_effet-geometrique","11":"pa_marque-london-art","12":"pa_materiau-intisse","13":"pa_materiau-vinyle","15":"first","16":"instock","17":"taxable","18":"shipping-taxable","19":"purchasable","20":"product-type-variable"},"yoast_head":"<!-- This site is optimized with the Yoast SEO plugin v27.5 - https:\/\/yoast.com\/product\/yoast-seo-wordpress\/ -->\n<title>Papier peint panoramique sur mesure I KNOW A LITTLE par Gio Pagani pour London Art - Homeproject.fr<\/title>\n<meta name=\"robots\" content=\"index, follow, max-snippet:-1, max-image-preview:large, max-video-preview:-1\" \/>\n<link rel=\"canonical\" href=\"https:\/\/homeproject.fr\/fr\/produit\/papier-peint-panoramique-sur-mesure-i-know-a-little-par-gio-pagani-pour-london-art\/\" \/>\n<meta property=\"og:locale\" content=\"fr_FR\" \/>\n<meta property=\"og:type\" content=\"article\" \/>\n<meta property=\"og:title\" content=\"Papier peint panoramique sur mesure I KNOW A LITTLE par Gio Pagani pour London Art - Homeproject.fr\" \/>\n<meta property=\"og:description\" content=\"Offrez une touche de modernit\u00e9 minimaliste \u00e0 votre int\u00e9rieur avec I Know a Little, une cr\u00e9ation sign\u00e9e Gio Pagani pour London Art. Son design \u00e9pur\u00e9, inspir\u00e9 des textures brutes et des jeux de lumi\u00e8re sur la mati\u00e8re, apporte une \u00e9l\u00e9gance intemporelle \u00e0 tout espace de vie. Un \u00e9quilibre parfait entre sobri\u00e9t\u00e9 et sophistication, id\u00e9al pour une ambiance contemporaine. Un Produit Livr\u00e9 Pr\u00eat \u00e0 Poser   Sur-Mesure : Chaque rouleau est adapt\u00e9 \u00e0 vos dimensions sp\u00e9cifiques.  Num\u00e9rotation des Panneaux : Les rouleaux sont num\u00e9rot\u00e9s pour garantir une installation fluide et la continuit\u00e9 parfaite du motif.  Colle Fournie : Une colle sp\u00e9ciale adapt\u00e9e aux finitions est incluse dans chaque commande.  Prix au m\u00b2 :\" \/>\n<meta property=\"og:url\" content=\"https:\/\/homeproject.fr\/fr\/produit\/papier-peint-panoramique-sur-mesure-i-know-a-little-par-gio-pagani-pour-london-art\/\" \/>\n<meta property=\"og:site_name\" content=\"Homeproject.fr\" \/>\n<meta property=\"article:modified_time\" content=\"2025-02-24T12:59:16+00:00\" \/>\n<meta property=\"og:image\" content=\"https:\/\/homeproject.fr\/fr\/wp-content\/uploads\/2025\/02\/IMG_2838.jpg\" \/>\n\t<meta property=\"og:image:width\" content=\"700\" \/>\n\t<meta property=\"og:image:height\" content=\"1052\" \/>\n\t<meta property=\"og:image:type\" content=\"image\/jpeg\" \/>\n<meta name=\"twitter:card\" content=\"summary_large_image\" \/>\n<meta name=\"twitter:label1\" content=\"Dur\u00e9e de lecture estim\u00e9e\" \/>\n\t<meta name=\"twitter:data1\" content=\"2 minutes\" \/>\n<script type=\"application\/ld+json\" class=\"yoast-schema-graph\">{\"@context\":\"https:\\\/\\\/schema.org\",\"@graph\":[{\"@type\":\"WebPage\",\"@id\":\"https:\\\/\\\/homeproject.fr\\\/fr\\\/produit\\\/papier-peint-panoramique-sur-mesure-i-know-a-little-par-gio-pagani-pour-london-art\\\/\",\"url\":\"https:\\\/\\\/homeproject.fr\\\/fr\\\/produit\\\/papier-peint-panoramique-sur-mesure-i-know-a-little-par-gio-pagani-pour-london-art\\\/\",\"name\":\"Papier peint panoramique sur mesure I KNOW A LITTLE par Gio Pagani pour London Art - Homeproject.fr\",\"isPartOf\":{\"@id\":\"https:\\\/\\\/homeproject.fr\\\/fr\\\/#website\"},\"primaryImageOfPage\":{\"@id\":\"https:\\\/\\\/homeproject.fr\\\/fr\\\/produit\\\/papier-peint-panoramique-sur-mesure-i-know-a-little-par-gio-pagani-pour-london-art\\\/#primaryimage\"},\"image\":{\"@id\":\"https:\\\/\\\/homeproject.fr\\\/fr\\\/produit\\\/papier-peint-panoramique-sur-mesure-i-know-a-little-par-gio-pagani-pour-london-art\\\/#primaryimage\"},\"thumbnailUrl\":\"https:\\\/\\\/homeproject.fr\\\/fr\\\/wp-content\\\/uploads\\\/2025\\\/02\\\/IMG_2838.jpg\",\"datePublished\":\"2025-02-24T12:55:28+00:00\",\"dateModified\":\"2025-02-24T12:59:16+00:00\",\"breadcrumb\":{\"@id\":\"https:\\\/\\\/homeproject.fr\\\/fr\\\/produit\\\/papier-peint-panoramique-sur-mesure-i-know-a-little-par-gio-pagani-pour-london-art\\\/#breadcrumb\"},\"inLanguage\":\"fr-FR\",\"potentialAction\":[{\"@type\":\"ReadAction\",\"target\":[\"https:\\\/\\\/homeproject.fr\\\/fr\\\/produit\\\/papier-peint-panoramique-sur-mesure-i-know-a-little-par-gio-pagani-pour-london-art\\\/\"]}]},{\"@type\":\"ImageObject\",\"inLanguage\":\"fr-FR\",\"@id\":\"https:\\\/\\\/homeproject.fr\\\/fr\\\/produit\\\/papier-peint-panoramique-sur-mesure-i-know-a-little-par-gio-pagani-pour-london-art\\\/#primaryimage\",\"url\":\"https:\\\/\\\/homeproject.fr\\\/fr\\\/wp-content\\\/uploads\\\/2025\\\/02\\\/IMG_2838.jpg\",\"contentUrl\":\"https:\\\/\\\/homeproject.fr\\\/fr\\\/wp-content\\\/uploads\\\/2025\\\/02\\\/IMG_2838.jpg\",\"width\":700,\"height\":1052},{\"@type\":\"BreadcrumbList\",\"@id\":\"https:\\\/\\\/homeproject.fr\\\/fr\\\/produit\\\/papier-peint-panoramique-sur-mesure-i-know-a-little-par-gio-pagani-pour-london-art\\\/#breadcrumb\",\"itemListElement\":[{\"@type\":\"ListItem\",\"position\":1,\"name\":\"Accueil\",\"item\":\"https:\\\/\\\/homeproject.fr\\\/fr\\\/\"},{\"@type\":\"ListItem\",\"position\":2,\"name\":\"Boutique\",\"item\":\"https:\\\/\\\/homeproject.fr\\\/fr\\\/boutique\\\/\"},{\"@type\":\"ListItem\",\"position\":3,\"name\":\"Papier peint panoramique sur mesure I KNOW A LITTLE par Gio Pagani pour London Art\"}]},{\"@type\":\"WebSite\",\"@id\":\"https:\\\/\\\/homeproject.fr\\\/fr\\\/#website\",\"url\":\"https:\\\/\\\/homeproject.fr\\\/fr\\\/\",\"name\":\"Homeproject.fr\",\"description\":\"Offrez l&#039;exceptionnel \u00e0 vos espaces \u00e0 vivre\",\"publisher\":{\"@id\":\"https:\\\/\\\/homeproject.fr\\\/fr\\\/#organization\"},\"potentialAction\":[{\"@type\":\"SearchAction\",\"target\":{\"@type\":\"EntryPoint\",\"urlTemplate\":\"https:\\\/\\\/homeproject.fr\\\/fr\\\/?s={search_term_string}\"},\"query-input\":{\"@type\":\"PropertyValueSpecification\",\"valueRequired\":true,\"valueName\":\"search_term_string\"}}],\"inLanguage\":\"fr-FR\"},{\"@type\":\"Organization\",\"@id\":\"https:\\\/\\\/homeproject.fr\\\/fr\\\/#organization\",\"name\":\"Homeproject.fr\",\"url\":\"https:\\\/\\\/homeproject.fr\\\/fr\\\/\",\"logo\":{\"@type\":\"ImageObject\",\"inLanguage\":\"fr-FR\",\"@id\":\"https:\\\/\\\/homeproject.fr\\\/fr\\\/#\\\/schema\\\/logo\\\/image\\\/\",\"url\":\"https:\\\/\\\/homeproject.fr\\\/fr\\\/wp-content\\\/uploads\\\/2024\\\/12\\\/Logo_HomeProject-noir-2.png\",\"contentUrl\":\"https:\\\/\\\/homeproject.fr\\\/fr\\\/wp-content\\\/uploads\\\/2024\\\/12\\\/Logo_HomeProject-noir-2.png\",\"width\":300,\"height\":91,\"caption\":\"Homeproject.fr\"},\"image\":{\"@id\":\"https:\\\/\\\/homeproject.fr\\\/fr\\\/#\\\/schema\\\/logo\\\/image\\\/\"}}]}<\/script>\n<!-- \/ Yoast SEO plugin. -->","yoast_head_json":{"title":"Papier peint panoramique sur mesure I KNOW A LITTLE par Gio Pagani pour London Art - Homeproject.fr","robots":{"index":"index","follow":"follow","max-snippet":"max-snippet:-1","max-image-preview":"max-image-preview:large","max-video-preview":"max-video-preview:-1"},"canonical":"https:\/\/homeproject.fr\/fr\/produit\/papier-peint-panoramique-sur-mesure-i-know-a-little-par-gio-pagani-pour-london-art\/","og_locale":"fr_FR","og_type":"article","og_title":"Papier peint panoramique sur mesure I KNOW A LITTLE par Gio Pagani pour London Art - Homeproject.fr","og_description":"Offrez une touche de modernit\u00e9 minimaliste \u00e0 votre int\u00e9rieur avec I Know a Little, une cr\u00e9ation sign\u00e9e Gio Pagani pour London Art. Son design \u00e9pur\u00e9, inspir\u00e9 des textures brutes et des jeux de lumi\u00e8re sur la mati\u00e8re, apporte une \u00e9l\u00e9gance intemporelle \u00e0 tout espace de vie. Un \u00e9quilibre parfait entre sobri\u00e9t\u00e9 et sophistication, id\u00e9al pour une ambiance contemporaine. Un Produit Livr\u00e9 Pr\u00eat \u00e0 Poser   Sur-Mesure : Chaque rouleau est adapt\u00e9 \u00e0 vos dimensions sp\u00e9cifiques.  Num\u00e9rotation des Panneaux : Les rouleaux sont num\u00e9rot\u00e9s pour garantir une installation fluide et la continuit\u00e9 parfaite du motif.  Colle Fournie : Une colle sp\u00e9ciale adapt\u00e9e aux finitions est incluse dans chaque commande.  Prix au m\u00b2 :","og_url":"https:\/\/homeproject.fr\/fr\/produit\/papier-peint-panoramique-sur-mesure-i-know-a-little-par-gio-pagani-pour-london-art\/","og_site_name":"Homeproject.fr","article_modified_time":"2025-02-24T12:59:16+00:00","og_image":[{"width":700,"height":1052,"url":"https:\/\/homeproject.fr\/fr\/wp-content\/uploads\/2025\/02\/IMG_2838.jpg","type":"image\/jpeg"}],"twitter_card":"summary_large_image","twitter_misc":{"Dur\u00e9e de lecture estim\u00e9e":"2 minutes"},"schema":{"@context":"https:\/\/schema.org","@graph":[{"@type":"WebPage","@id":"https:\/\/homeproject.fr\/fr\/produit\/papier-peint-panoramique-sur-mesure-i-know-a-little-par-gio-pagani-pour-london-art\/","url":"https:\/\/homeproject.fr\/fr\/produit\/papier-peint-panoramique-sur-mesure-i-know-a-little-par-gio-pagani-pour-london-art\/","name":"Papier peint panoramique sur mesure I KNOW A LITTLE par Gio Pagani pour London Art - Homeproject.fr","isPartOf":{"@id":"https:\/\/homeproject.fr\/fr\/#website"},"primaryImageOfPage":{"@id":"https:\/\/homeproject.fr\/fr\/produit\/papier-peint-panoramique-sur-mesure-i-know-a-little-par-gio-pagani-pour-london-art\/#primaryimage"},"image":{"@id":"https:\/\/homeproject.fr\/fr\/produit\/papier-peint-panoramique-sur-mesure-i-know-a-little-par-gio-pagani-pour-london-art\/#primaryimage"},"thumbnailUrl":"https:\/\/homeproject.fr\/fr\/wp-content\/uploads\/2025\/02\/IMG_2838.jpg","datePublished":"2025-02-24T12:55:28+00:00","dateModified":"2025-02-24T12:59:16+00:00","breadcrumb":{"@id":"https:\/\/homeproject.fr\/fr\/produit\/papier-peint-panoramique-sur-mesure-i-know-a-little-par-gio-pagani-pour-london-art\/#breadcrumb"},"inLanguage":"fr-FR","potentialAction":[{"@type":"ReadAction","target":["https:\/\/homeproject.fr\/fr\/produit\/papier-peint-panoramique-sur-mesure-i-know-a-little-par-gio-pagani-pour-london-art\/"]}]},{"@type":"ImageObject","inLanguage":"fr-FR","@id":"https:\/\/homeproject.fr\/fr\/produit\/papier-peint-panoramique-sur-mesure-i-know-a-little-par-gio-pagani-pour-london-art\/#primaryimage","url":"https:\/\/homeproject.fr\/fr\/wp-content\/uploads\/2025\/02\/IMG_2838.jpg","contentUrl":"https:\/\/homeproject.fr\/fr\/wp-content\/uploads\/2025\/02\/IMG_2838.jpg","width":700,"height":1052},{"@type":"BreadcrumbList","@id":"https:\/\/homeproject.fr\/fr\/produit\/papier-peint-panoramique-sur-mesure-i-know-a-little-par-gio-pagani-pour-london-art\/#breadcrumb","itemListElement":[{"@type":"ListItem","position":1,"name":"Accueil","item":"https:\/\/homeproject.fr\/fr\/"},{"@type":"ListItem","position":2,"name":"Boutique","item":"https:\/\/homeproject.fr\/fr\/boutique\/"},{"@type":"ListItem","position":3,"name":"Papier peint panoramique sur mesure I KNOW A LITTLE par Gio Pagani pour London Art"}]},{"@type":"WebSite","@id":"https:\/\/homeproject.fr\/fr\/#website","url":"https:\/\/homeproject.fr\/fr\/","name":"Homeproject.fr","description":"Offrez l&#039;exceptionnel \u00e0 vos espaces \u00e0 vivre","publisher":{"@id":"https:\/\/homeproject.fr\/fr\/#organization"},"potentialAction":[{"@type":"SearchAction","target":{"@type":"EntryPoint","urlTemplate":"https:\/\/homeproject.fr\/fr\/?s={search_term_string}"},"query-input":{"@type":"PropertyValueSpecification","valueRequired":true,"valueName":"search_term_string"}}],"inLanguage":"fr-FR"},{"@type":"Organization","@id":"https:\/\/homeproject.fr\/fr\/#organization","name":"Homeproject.fr","url":"https:\/\/homeproject.fr\/fr\/","logo":{"@type":"ImageObject","inLanguage":"fr-FR","@id":"https:\/\/homeproject.fr\/fr\/#\/schema\/logo\/image\/","url":"https:\/\/homeproject.fr\/fr\/wp-content\/uploads\/2024\/12\/Logo_HomeProject-noir-2.png","contentUrl":"https:\/\/homeproject.fr\/fr\/wp-content\/uploads\/2024\/12\/Logo_HomeProject-noir-2.png","width":300,"height":91,"caption":"Homeproject.fr"},"image":{"@id":"https:\/\/homeproject.fr\/fr\/#\/schema\/logo\/image\/"}}]}},"_links":{"self":[{"href":"https:\/\/homeproject.fr\/fr\/wp-json\/wp\/v2\/product\/10932","targetHints":{"allow":["GET"]}}],"collection":[{"href":"https:\/\/homeproject.fr\/fr\/wp-json\/wp\/v2\/product"}],"about":[{"href":"https:\/\/homeproject.fr\/fr\/wp-json\/wp\/v2\/types\/product"}],"version-history":[{"count":1,"href":"https:\/\/homeproject.fr\/fr\/wp-json\/wp\/v2\/product\/10932\/revisions"}],"predecessor-version":[{"id":10941,"href":"https:\/\/homeproject.fr\/fr\/wp-json\/wp\/v2\/product\/10932\/revisions\/10941"}],"wp:featuredmedia":[{"embeddable":true,"href":"https:\/\/homeproject.fr\/fr\/wp-json\/wp\/v2\/media\/10937"}],"wp:attachment":[{"href":"https:\/\/homeproject.fr\/fr\/wp-json\/wp\/v2\/media?parent=10932"}],"wp:term":[{"taxonomy":"product_brand","embeddable":true,"href":"https:\/\/homeproject.fr\/fr\/wp-json\/wp\/v2\/product_brand?post=10932"},{"taxonomy":"product_cat","embeddable":true,"href":"https:\/\/homeproject.fr\/fr\/wp-json\/wp\/v2\/product_cat?post=10932"},{"taxonomy":"product_tag","embeddable":true,"href":"https:\/\/homeproject.fr\/fr\/wp-json\/wp\/v2\/product_tag?post=10932"}],"curies":[{"name":"wp","href":"https:\/\/api.w.org\/{rel}","templated":true}]}}