{"id":10919,"date":"2025-02-24T12:31:19","date_gmt":"2025-02-24T12:31:19","guid":{"rendered":"https:\/\/homeproject.fr\/fr\/?post_type=product&#038;p=10919"},"modified":"2025-02-24T12:47:18","modified_gmt":"2025-02-24T12:47:18","slug":"papier-peint-panoramique-sur-mesure-hyper-paint-par-nicola-bottegal-pour-london-art","status":"publish","type":"product","link":"https:\/\/homeproject.fr\/fr\/produit\/papier-peint-panoramique-sur-mesure-hyper-paint-par-nicola-bottegal-pour-london-art\/","title":{"rendered":"Papier Peint Panoramique sur Mesure HYPER PAINT par Nicola Bottegal pour London Art"},"content":{"rendered":"<h3><strong style=\"font-size: 16px;\"><a href=\"https:\/\/homeproject.fr\/fr\/wp-content\/uploads\/2025\/01\/Installation.pdf\" target=\"_blank\" rel=\"noopener\">T\u00e9l\u00e9charger la notice d\u2019installation<\/a><\/strong><\/h3>\n<hr \/>\n<div class=\"flex max-w-full flex-col flex-grow\">\n<div class=\"min-h-8 text-message flex w-full flex-col items-end gap-2 whitespace-normal break-words text-start [.text-message+&]:mt-5\" dir=\"auto\" data-message-author-role=\"assistant\" data-message-id=\"348e29fd-d1cf-4003-88e3-728ff09b5525\" data-message-model-slug=\"gpt-4o\">\n<div class=\"flex w-full flex-col gap-1 empty:hidden first:pt-[3px]\">\n<div class=\"markdown prose w-full break-words dark:prose-invert light\">\n<h3 data-start=\"1030\" data-end=\"1080\"><strong data-start=\"1034\" data-end=\"1078\">Finitions et Caract\u00e9ristiques Techniques<\/strong><\/h3>\n<p data-start=\"1081\" data-end=\"1200\">Le papier peint <strong data-start=\"1097\" data-end=\"1112\">Hyper Paint<\/strong> est disponible en plusieurs finitions haut de gamme, alliant esth\u00e9tisme et durabilit\u00e9 :<\/p>\n<h4 data-start=\"1202\" data-end=\"1248\"><strong data-start=\"1207\" data-end=\"1246\">1. Finition Raw (Texture Naturelle)<\/strong><\/h4>\n<p data-start=\"1249\" data-end=\"1712\">\ud83d\udccc <strong data-start=\"1252\" data-end=\"1264\">Mat\u00e9riau<\/strong> : Vinyle sur support non-tiss\u00e9 (70 % cellulose, 20 % fibres synth\u00e9tiques, 8 % additifs).<br data-start=\"1353\" data-end=\"1356\" \/>\ud83d\udccc <strong data-start=\"1359\" data-end=\"1375\">Effet visuel<\/strong> : Texture l\u00e9g\u00e8rement emboss\u00e9e pour une profondeur visuelle accrue.<br data-start=\"1442\" data-end=\"1445\" \/>\ud83d\udccc <strong data-start=\"1448\" data-end=\"1461\">Entretien<\/strong> : Lavable avec un chiffon doux et de l\u2019eau ti\u00e8de.<br data-start=\"1511\" data-end=\"1514\" \/>\ud83d\udccc <strong data-start=\"1517\" data-end=\"1534\">Certification<\/strong> : Classement au feu Euro Class B-s2, d0 et ASTM E 84-19b Class A.<br data-start=\"1600\" data-end=\"1603\" \/>\ud83d\udccc <strong data-start=\"1606\" data-end=\"1622\">Applications<\/strong> : Parfait pour un salon, une chambre ou un bureau recherchant un effet artistique fort.<\/p>\n<h4 data-start=\"1714\" data-end=\"1770\"><strong data-start=\"1719\" data-end=\"1768\">2. Finition Green (\u00c9cologique \u2013 Sans PVC)<\/strong><\/h4>\n<p data-start=\"1771\" data-end=\"2164\">\ud83c\udf31 <strong data-start=\"1774\" data-end=\"1786\">Mat\u00e9riau<\/strong> : Papier peint non-tiss\u00e9 100 % \u00e9cologique, sans PVC.<br data-start=\"1839\" data-end=\"1842\" \/>\ud83c\udf31 <strong data-start=\"1845\" data-end=\"1861\">Effet visuel<\/strong> : Surface lisse avec un rendu mat et profond.<br data-start=\"1907\" data-end=\"1910\" \/>\ud83c\udf31 <strong data-start=\"1913\" data-end=\"1926\">Entretien<\/strong> : Nettoyage \u00e0 sec recommand\u00e9.<br data-start=\"1956\" data-end=\"1959\" \/>\ud83c\udf31 <strong data-start=\"1962\" data-end=\"1990\">Certification \u00e9cologique<\/strong> : Conforme aux normes VOC (Indoor Air Comfort GOLD, LEED).<br data-start=\"2049\" data-end=\"2052\" \/>\ud83c\udf31 <strong data-start=\"2055\" data-end=\"2071\">Applications<\/strong> : Id\u00e9al pour les espaces \u00e9co-responsables, comme les h\u00f4tels, bureaux et chambres d\u2019enfant.<\/p>\n<h3 data-start=\"2166\" data-end=\"2222\"><strong data-start=\"2170\" data-end=\"2220\">Pourquoi choisir le papier peint Hyper Paint ?<\/strong><\/h3>\n<p data-start=\"2223\" data-end=\"2620\">\u2714 <strong data-start=\"2225\" data-end=\"2258\">Un design artistique immersif<\/strong> : Un motif expressif qui \u00e9voque la force du geste pictural.<br data-start=\"2318\" data-end=\"2321\" \/>\u2714 <strong data-start=\"2323\" data-end=\"2349\">Fabrication sur mesure<\/strong> : Une d\u00e9coupe personnalis\u00e9e pour une int\u00e9gration parfaite sur vos murs.<br data-start=\"2421\" data-end=\"2424\" \/>\u2714 <strong data-start=\"2426\" data-end=\"2453\">Finitions haut de gamme<\/strong> : Entre texture raffin\u00e9e et option \u00e9cologique, un rendu d\u2019exception.<br data-start=\"2522\" data-end=\"2525\" \/>\u2714 <strong data-start=\"2527\" data-end=\"2569\">Convient \u00e0 tous les styles d\u2019int\u00e9rieur<\/strong> : Id\u00e9al pour un d\u00e9cor audacieux et contemporain.<\/p>\n<p data-start=\"2622\" data-end=\"2807\">Cr\u00e9ez une <strong data-start=\"2632\" data-end=\"2664\">ambiance unique et dynamique<\/strong> avec <strong data-start=\"2670\" data-end=\"2685\">Hyper Paint<\/strong>, le papier peint qui fusionne <strong data-start=\"2716\" data-end=\"2732\">art abstrait<\/strong> et <strong data-start=\"2736\" data-end=\"2754\">design moderne<\/strong>. Disponible d\u00e8s maintenant sur <strong data-start=\"2786\" data-end=\"2804\">HomeProject.fr<\/strong>.<\/p>\n<h3 data-start=\"961\" data-end=\"1011\"><strong style=\"font-family: inherit; font-size: 30px;\">Vous avez des questions ?<\/strong><\/h3>\n<\/div>\n<\/div>\n<\/div>\n<\/div>\n<style id=\"wpforms-css-vars-3675\">\n\t\t\t\t#wpforms-3675 {\n\t\t\t\t\n\t\t\t}\n\t\t\t<\/style><div class=\"wpforms-container wpforms-container-full wpforms-render-modern\" id=\"wpforms-3675\"><form id=\"wpforms-form-3675\" class=\"wpforms-validate wpforms-form wpforms-ajax-form\" data-formid=\"3675\" method=\"post\" enctype=\"multipart\/form-data\" action=\"\/fr\/wp-json\/wp\/v2\/product\/10919\" data-token=\"03cdf653ce821e1e97cc9c531d12385b\" data-token-time=\"1778532094\"><noscript class=\"wpforms-error-noscript\">Veuillez activer JavaScript dans votre navigateur pour remplir ce formulaire.<\/noscript><div id=\"wpforms-error-noscript\" style=\"display: none;\">Veuillez activer JavaScript dans votre navigateur pour remplir ce formulaire.<\/div><div class=\"wpforms-field-container\"><div id=\"wpforms-3675-field_3-container\" class=\"wpforms-field wpforms-field-name\" data-field-id=\"3\"><fieldset><legend class=\"wpforms-field-label\">Nom <span class=\"wpforms-required-label\" aria-hidden=\"true\">*<\/span><\/legend><div class=\"wpforms-field-row wpforms-field-medium\"><div class=\"wpforms-field-row-block wpforms-first wpforms-one-half\"><input type=\"text\" id=\"wpforms-3675-field_3\" class=\"wpforms-field-name-first wpforms-field-required\" name=\"wpforms[fields][3][first]\" aria-errormessage=\"wpforms-3675-field_3-error\" required><label for=\"wpforms-3675-field_3\" class=\"wpforms-field-sublabel after\">Pr\u00e9nom<\/label><\/div><div class=\"wpforms-field-row-block wpforms-one-half\"><input type=\"text\" id=\"wpforms-3675-field_3-last\" class=\"wpforms-field-name-last wpforms-field-required\" name=\"wpforms[fields][3][last]\" aria-errormessage=\"wpforms-3675-field_3-last-error\" required><label for=\"wpforms-3675-field_3-last\" class=\"wpforms-field-sublabel after\">Nom<\/label><\/div><\/div><\/fieldset><\/div>\t\t<div id=\"wpforms-3675-field_1-container\"\n\t\t\tclass=\"wpforms-field wpforms-field-text\"\n\t\t\tdata-field-type=\"text\"\n\t\t\tdata-field-id=\"1\"\n\t\t\t>\n\t\t\t<label class=\"wpforms-field-label\" for=\"wpforms-3675-field_1\" >Nom Message E-mail<\/label>\n\t\t\t<input type=\"text\" id=\"wpforms-3675-field_1\" class=\"wpforms-field-medium\" name=\"wpforms[fields][1]\" >\n\t\t<\/div>\n\t\t<div id=\"wpforms-3675-field_4-container\" class=\"wpforms-field wpforms-field-email\" data-field-id=\"4\"><label class=\"wpforms-field-label\" for=\"wpforms-3675-field_4\">E-mail <span class=\"wpforms-required-label\" aria-hidden=\"true\">*<\/span><\/label><input type=\"email\" id=\"wpforms-3675-field_4\" class=\"wpforms-field-medium wpforms-field-required\" name=\"wpforms[fields][4]\" spellcheck=\"false\" aria-errormessage=\"wpforms-3675-field_4-error\" required><\/div><div id=\"wpforms-3675-field_5-container\" class=\"wpforms-field wpforms-field-textarea\" data-field-id=\"5\"><label class=\"wpforms-field-label\" for=\"wpforms-3675-field_5\">Message <span class=\"wpforms-required-label\" aria-hidden=\"true\">*<\/span><\/label><textarea id=\"wpforms-3675-field_5\" class=\"wpforms-field-medium wpforms-field-required\" name=\"wpforms[fields][5]\" aria-errormessage=\"wpforms-3675-field_5-error\" required><\/textarea><\/div><script>\n\t\t\t\t( function() {\n\t\t\t\t\tconst style = document.createElement( 'style' );\n\t\t\t\t\tstyle.appendChild( document.createTextNode( '#wpforms-3675-field_1-container { position: absolute !important; overflow: hidden !important; display: inline !important; height: 1px !important; width: 1px !important; z-index: -1000 !important; padding: 0 !important; } #wpforms-3675-field_1-container input { visibility: hidden; } #wpforms-conversational-form-page #wpforms-3675-field_1-container label { counter-increment: none; }' ) );\n\t\t\t\t\tdocument.head.appendChild( style );\n\t\t\t\t\tdocument.currentScript?.remove();\n\t\t\t\t} )();\n\t\t\t<\/script><\/div><!-- .wpforms-field-container --><div class=\"wpforms-submit-container\" ><input type=\"hidden\" name=\"wpforms[id]\" value=\"3675\"><input type=\"hidden\" name=\"page_title\" value=\"\"><input type=\"hidden\" name=\"page_url\" value=\"https:\/\/homeproject.fr\/fr\/wp-json\/wp\/v2\/product\/10919\"><input type=\"hidden\" name=\"url_referer\" value=\"\"><button type=\"submit\" name=\"wpforms[submit]\" id=\"wpforms-submit-3675\" class=\"wpforms-submit\" data-alt-text=\"Envoi...\" data-submit-text=\"Envoyer\" aria-live=\"assertive\" value=\"wpforms-submit\">Envoyer<\/button><img decoding=\"async\" src=\"https:\/\/homeproject.fr\/fr\/wp-content\/plugins\/wpforms-lite\/assets\/images\/submit-spin.svg\" class=\"wpforms-submit-spinner\" style=\"display: none;\" width=\"26\" height=\"26\" alt=\"Chargement en cours\"><\/div><\/form><\/div>  <!-- .wpforms-container -->\n","protected":false},"excerpt":{"rendered":"<div class=\"woocommerce-product-details__short-description\">\n<p data-start=\"222\" data-end=\"665\">Offrez \u00e0 votre int\u00e9rieur une explosion artistique avec <strong data-start=\"277\" data-end=\"292\">Hyper Paint<\/strong>, une cr\u00e9ation vibrante sign\u00e9e <strong data-start=\"323\" data-end=\"342\">Nicola Bottegal<\/strong> pour <strong data-start=\"348\" data-end=\"362\">London Art<\/strong>. Inspir\u00e9 par la spontan\u00e9it\u00e9 du coup de pinceau et la force expressive de l\u2019abstraction, ce papier peint panoramique transforme vos murs en une \u0153uvre d\u2019art immersive. Ses effets de superposition et ses nuances dynamiques cr\u00e9ent une atmosph\u00e8re captivante, id\u00e9ale pour un espace contemporain et audacieux.<\/p>\n<p><strong>Un Produit Livr\u00e9 Pr\u00eat \u00e0 Poser<\/strong><\/p>\n<ul>\n<li><strong>Sur-Mesure :<\/strong> Chaque rouleau est adapt\u00e9 \u00e0 vos dimensions sp\u00e9cifiques.<\/li>\n<li><strong>Num\u00e9rotation des Panneaux :<\/strong> Les rouleaux sont num\u00e9rot\u00e9s pour garantir une installation fluide et la continuit\u00e9 parfaite du motif.<\/li>\n<li><strong>Colle Fournie :<\/strong> Une colle sp\u00e9ciale adapt\u00e9e aux finitions est incluse dans chaque commande.<\/li>\n<\/ul>\n<p><strong>Prix au m\u00b2 :<\/strong><\/p>\n<\/div>\n","protected":false},"featured_media":10924,"template":"","meta":{"_uf_show_specific_survey":0,"_uf_disable_surveys":false,"iawp_total_views":2},"product_brand":[],"product_cat":[399],"product_tag":[],"class_list":{"0":"post-10919","1":"product","2":"type-product","3":"status-publish","4":"has-post-thumbnail","6":"product_cat-papier-peint","7":"product_shipping_class-petit-colis","8":"pa_collection-exclusive-wallpapers-par-london-art","9":"pa_designer-nicola-bottegal","10":"pa_effet-floral","11":"pa_marque-london-art","12":"pa_materiau-intisse","13":"pa_materiau-vinyle","15":"first","16":"instock","17":"taxable","18":"shipping-taxable","19":"purchasable","20":"product-type-variable"},"yoast_head":"<!-- This site is optimized with the Yoast SEO plugin v27.5 - https:\/\/yoast.com\/product\/yoast-seo-wordpress\/ -->\n<title>Papier Peint Panoramique sur Mesure HYPER PAINT par Nicola Bottegal pour London Art - Homeproject.fr<\/title>\n<meta name=\"robots\" content=\"index, follow, max-snippet:-1, max-image-preview:large, max-video-preview:-1\" \/>\n<link rel=\"canonical\" href=\"https:\/\/homeproject.fr\/fr\/produit\/papier-peint-panoramique-sur-mesure-hyper-paint-par-nicola-bottegal-pour-london-art\/\" \/>\n<meta property=\"og:locale\" content=\"fr_FR\" \/>\n<meta property=\"og:type\" content=\"article\" \/>\n<meta property=\"og:title\" content=\"Papier Peint Panoramique sur Mesure HYPER PAINT par Nicola Bottegal pour London Art - Homeproject.fr\" \/>\n<meta property=\"og:description\" content=\"Offrez \u00e0 votre int\u00e9rieur une explosion artistique avec Hyper Paint, une cr\u00e9ation vibrante sign\u00e9e Nicola Bottegal pour London Art. Inspir\u00e9 par la spontan\u00e9it\u00e9 du coup de pinceau et la force expressive de l\u2019abstraction, ce papier peint panoramique transforme vos murs en une \u0153uvre d\u2019art immersive. Ses effets de superposition et ses nuances dynamiques cr\u00e9ent une atmosph\u00e8re captivante, id\u00e9ale pour un espace contemporain et audacieux. Un Produit Livr\u00e9 Pr\u00eat \u00e0 Poser   Sur-Mesure : Chaque rouleau est adapt\u00e9 \u00e0 vos dimensions sp\u00e9cifiques.  Num\u00e9rotation des Panneaux : Les rouleaux sont num\u00e9rot\u00e9s pour garantir une installation fluide et la continuit\u00e9 parfaite du motif.  Colle Fournie : Une colle sp\u00e9ciale adapt\u00e9e aux finitions est incluse dans chaque commande.  Prix au m\u00b2 :\" \/>\n<meta property=\"og:url\" content=\"https:\/\/homeproject.fr\/fr\/produit\/papier-peint-panoramique-sur-mesure-hyper-paint-par-nicola-bottegal-pour-london-art\/\" \/>\n<meta property=\"og:site_name\" content=\"Homeproject.fr\" \/>\n<meta property=\"article:modified_time\" content=\"2025-02-24T12:47:18+00:00\" \/>\n<meta property=\"og:image\" content=\"https:\/\/homeproject.fr\/fr\/wp-content\/uploads\/2025\/02\/IMG_2847.jpg\" \/>\n\t<meta property=\"og:image:width\" content=\"700\" \/>\n\t<meta property=\"og:image:height\" content=\"1052\" \/>\n\t<meta property=\"og:image:type\" content=\"image\/jpeg\" \/>\n<meta name=\"twitter:card\" content=\"summary_large_image\" \/>\n<meta name=\"twitter:label1\" content=\"Dur\u00e9e de lecture estim\u00e9e\" \/>\n\t<meta name=\"twitter:data1\" content=\"2 minutes\" \/>\n<script type=\"application\/ld+json\" class=\"yoast-schema-graph\">{\"@context\":\"https:\\\/\\\/schema.org\",\"@graph\":[{\"@type\":\"WebPage\",\"@id\":\"https:\\\/\\\/homeproject.fr\\\/fr\\\/produit\\\/papier-peint-panoramique-sur-mesure-hyper-paint-par-nicola-bottegal-pour-london-art\\\/\",\"url\":\"https:\\\/\\\/homeproject.fr\\\/fr\\\/produit\\\/papier-peint-panoramique-sur-mesure-hyper-paint-par-nicola-bottegal-pour-london-art\\\/\",\"name\":\"Papier Peint Panoramique sur Mesure HYPER PAINT par Nicola Bottegal pour London Art - Homeproject.fr\",\"isPartOf\":{\"@id\":\"https:\\\/\\\/homeproject.fr\\\/fr\\\/#website\"},\"primaryImageOfPage\":{\"@id\":\"https:\\\/\\\/homeproject.fr\\\/fr\\\/produit\\\/papier-peint-panoramique-sur-mesure-hyper-paint-par-nicola-bottegal-pour-london-art\\\/#primaryimage\"},\"image\":{\"@id\":\"https:\\\/\\\/homeproject.fr\\\/fr\\\/produit\\\/papier-peint-panoramique-sur-mesure-hyper-paint-par-nicola-bottegal-pour-london-art\\\/#primaryimage\"},\"thumbnailUrl\":\"https:\\\/\\\/homeproject.fr\\\/fr\\\/wp-content\\\/uploads\\\/2025\\\/02\\\/IMG_2847.jpg\",\"datePublished\":\"2025-02-24T12:31:19+00:00\",\"dateModified\":\"2025-02-24T12:47:18+00:00\",\"breadcrumb\":{\"@id\":\"https:\\\/\\\/homeproject.fr\\\/fr\\\/produit\\\/papier-peint-panoramique-sur-mesure-hyper-paint-par-nicola-bottegal-pour-london-art\\\/#breadcrumb\"},\"inLanguage\":\"fr-FR\",\"potentialAction\":[{\"@type\":\"ReadAction\",\"target\":[\"https:\\\/\\\/homeproject.fr\\\/fr\\\/produit\\\/papier-peint-panoramique-sur-mesure-hyper-paint-par-nicola-bottegal-pour-london-art\\\/\"]}]},{\"@type\":\"ImageObject\",\"inLanguage\":\"fr-FR\",\"@id\":\"https:\\\/\\\/homeproject.fr\\\/fr\\\/produit\\\/papier-peint-panoramique-sur-mesure-hyper-paint-par-nicola-bottegal-pour-london-art\\\/#primaryimage\",\"url\":\"https:\\\/\\\/homeproject.fr\\\/fr\\\/wp-content\\\/uploads\\\/2025\\\/02\\\/IMG_2847.jpg\",\"contentUrl\":\"https:\\\/\\\/homeproject.fr\\\/fr\\\/wp-content\\\/uploads\\\/2025\\\/02\\\/IMG_2847.jpg\",\"width\":700,\"height\":1052},{\"@type\":\"BreadcrumbList\",\"@id\":\"https:\\\/\\\/homeproject.fr\\\/fr\\\/produit\\\/papier-peint-panoramique-sur-mesure-hyper-paint-par-nicola-bottegal-pour-london-art\\\/#breadcrumb\",\"itemListElement\":[{\"@type\":\"ListItem\",\"position\":1,\"name\":\"Accueil\",\"item\":\"https:\\\/\\\/homeproject.fr\\\/fr\\\/\"},{\"@type\":\"ListItem\",\"position\":2,\"name\":\"Boutique\",\"item\":\"https:\\\/\\\/homeproject.fr\\\/fr\\\/boutique\\\/\"},{\"@type\":\"ListItem\",\"position\":3,\"name\":\"Papier Peint Panoramique sur Mesure HYPER PAINT par Nicola Bottegal pour London Art\"}]},{\"@type\":\"WebSite\",\"@id\":\"https:\\\/\\\/homeproject.fr\\\/fr\\\/#website\",\"url\":\"https:\\\/\\\/homeproject.fr\\\/fr\\\/\",\"name\":\"Homeproject.fr\",\"description\":\"Offrez l&#039;exceptionnel \u00e0 vos espaces \u00e0 vivre\",\"publisher\":{\"@id\":\"https:\\\/\\\/homeproject.fr\\\/fr\\\/#organization\"},\"potentialAction\":[{\"@type\":\"SearchAction\",\"target\":{\"@type\":\"EntryPoint\",\"urlTemplate\":\"https:\\\/\\\/homeproject.fr\\\/fr\\\/?s={search_term_string}\"},\"query-input\":{\"@type\":\"PropertyValueSpecification\",\"valueRequired\":true,\"valueName\":\"search_term_string\"}}],\"inLanguage\":\"fr-FR\"},{\"@type\":\"Organization\",\"@id\":\"https:\\\/\\\/homeproject.fr\\\/fr\\\/#organization\",\"name\":\"Homeproject.fr\",\"url\":\"https:\\\/\\\/homeproject.fr\\\/fr\\\/\",\"logo\":{\"@type\":\"ImageObject\",\"inLanguage\":\"fr-FR\",\"@id\":\"https:\\\/\\\/homeproject.fr\\\/fr\\\/#\\\/schema\\\/logo\\\/image\\\/\",\"url\":\"https:\\\/\\\/homeproject.fr\\\/fr\\\/wp-content\\\/uploads\\\/2024\\\/12\\\/Logo_HomeProject-noir-2.png\",\"contentUrl\":\"https:\\\/\\\/homeproject.fr\\\/fr\\\/wp-content\\\/uploads\\\/2024\\\/12\\\/Logo_HomeProject-noir-2.png\",\"width\":300,\"height\":91,\"caption\":\"Homeproject.fr\"},\"image\":{\"@id\":\"https:\\\/\\\/homeproject.fr\\\/fr\\\/#\\\/schema\\\/logo\\\/image\\\/\"}}]}<\/script>\n<!-- \/ Yoast SEO plugin. -->","yoast_head_json":{"title":"Papier Peint Panoramique sur Mesure HYPER PAINT par Nicola Bottegal pour London Art - Homeproject.fr","robots":{"index":"index","follow":"follow","max-snippet":"max-snippet:-1","max-image-preview":"max-image-preview:large","max-video-preview":"max-video-preview:-1"},"canonical":"https:\/\/homeproject.fr\/fr\/produit\/papier-peint-panoramique-sur-mesure-hyper-paint-par-nicola-bottegal-pour-london-art\/","og_locale":"fr_FR","og_type":"article","og_title":"Papier Peint Panoramique sur Mesure HYPER PAINT par Nicola Bottegal pour London Art - Homeproject.fr","og_description":"Offrez \u00e0 votre int\u00e9rieur une explosion artistique avec Hyper Paint, une cr\u00e9ation vibrante sign\u00e9e Nicola Bottegal pour London Art. Inspir\u00e9 par la spontan\u00e9it\u00e9 du coup de pinceau et la force expressive de l\u2019abstraction, ce papier peint panoramique transforme vos murs en une \u0153uvre d\u2019art immersive. Ses effets de superposition et ses nuances dynamiques cr\u00e9ent une atmosph\u00e8re captivante, id\u00e9ale pour un espace contemporain et audacieux. Un Produit Livr\u00e9 Pr\u00eat \u00e0 Poser   Sur-Mesure : Chaque rouleau est adapt\u00e9 \u00e0 vos dimensions sp\u00e9cifiques.  Num\u00e9rotation des Panneaux : Les rouleaux sont num\u00e9rot\u00e9s pour garantir une installation fluide et la continuit\u00e9 parfaite du motif.  Colle Fournie : Une colle sp\u00e9ciale adapt\u00e9e aux finitions est incluse dans chaque commande.  Prix au m\u00b2 :","og_url":"https:\/\/homeproject.fr\/fr\/produit\/papier-peint-panoramique-sur-mesure-hyper-paint-par-nicola-bottegal-pour-london-art\/","og_site_name":"Homeproject.fr","article_modified_time":"2025-02-24T12:47:18+00:00","og_image":[{"width":700,"height":1052,"url":"https:\/\/homeproject.fr\/fr\/wp-content\/uploads\/2025\/02\/IMG_2847.jpg","type":"image\/jpeg"}],"twitter_card":"summary_large_image","twitter_misc":{"Dur\u00e9e de lecture estim\u00e9e":"2 minutes"},"schema":{"@context":"https:\/\/schema.org","@graph":[{"@type":"WebPage","@id":"https:\/\/homeproject.fr\/fr\/produit\/papier-peint-panoramique-sur-mesure-hyper-paint-par-nicola-bottegal-pour-london-art\/","url":"https:\/\/homeproject.fr\/fr\/produit\/papier-peint-panoramique-sur-mesure-hyper-paint-par-nicola-bottegal-pour-london-art\/","name":"Papier Peint Panoramique sur Mesure HYPER PAINT par Nicola Bottegal pour London Art - Homeproject.fr","isPartOf":{"@id":"https:\/\/homeproject.fr\/fr\/#website"},"primaryImageOfPage":{"@id":"https:\/\/homeproject.fr\/fr\/produit\/papier-peint-panoramique-sur-mesure-hyper-paint-par-nicola-bottegal-pour-london-art\/#primaryimage"},"image":{"@id":"https:\/\/homeproject.fr\/fr\/produit\/papier-peint-panoramique-sur-mesure-hyper-paint-par-nicola-bottegal-pour-london-art\/#primaryimage"},"thumbnailUrl":"https:\/\/homeproject.fr\/fr\/wp-content\/uploads\/2025\/02\/IMG_2847.jpg","datePublished":"2025-02-24T12:31:19+00:00","dateModified":"2025-02-24T12:47:18+00:00","breadcrumb":{"@id":"https:\/\/homeproject.fr\/fr\/produit\/papier-peint-panoramique-sur-mesure-hyper-paint-par-nicola-bottegal-pour-london-art\/#breadcrumb"},"inLanguage":"fr-FR","potentialAction":[{"@type":"ReadAction","target":["https:\/\/homeproject.fr\/fr\/produit\/papier-peint-panoramique-sur-mesure-hyper-paint-par-nicola-bottegal-pour-london-art\/"]}]},{"@type":"ImageObject","inLanguage":"fr-FR","@id":"https:\/\/homeproject.fr\/fr\/produit\/papier-peint-panoramique-sur-mesure-hyper-paint-par-nicola-bottegal-pour-london-art\/#primaryimage","url":"https:\/\/homeproject.fr\/fr\/wp-content\/uploads\/2025\/02\/IMG_2847.jpg","contentUrl":"https:\/\/homeproject.fr\/fr\/wp-content\/uploads\/2025\/02\/IMG_2847.jpg","width":700,"height":1052},{"@type":"BreadcrumbList","@id":"https:\/\/homeproject.fr\/fr\/produit\/papier-peint-panoramique-sur-mesure-hyper-paint-par-nicola-bottegal-pour-london-art\/#breadcrumb","itemListElement":[{"@type":"ListItem","position":1,"name":"Accueil","item":"https:\/\/homeproject.fr\/fr\/"},{"@type":"ListItem","position":2,"name":"Boutique","item":"https:\/\/homeproject.fr\/fr\/boutique\/"},{"@type":"ListItem","position":3,"name":"Papier Peint Panoramique sur Mesure HYPER PAINT par Nicola Bottegal pour London Art"}]},{"@type":"WebSite","@id":"https:\/\/homeproject.fr\/fr\/#website","url":"https:\/\/homeproject.fr\/fr\/","name":"Homeproject.fr","description":"Offrez l&#039;exceptionnel \u00e0 vos espaces \u00e0 vivre","publisher":{"@id":"https:\/\/homeproject.fr\/fr\/#organization"},"potentialAction":[{"@type":"SearchAction","target":{"@type":"EntryPoint","urlTemplate":"https:\/\/homeproject.fr\/fr\/?s={search_term_string}"},"query-input":{"@type":"PropertyValueSpecification","valueRequired":true,"valueName":"search_term_string"}}],"inLanguage":"fr-FR"},{"@type":"Organization","@id":"https:\/\/homeproject.fr\/fr\/#organization","name":"Homeproject.fr","url":"https:\/\/homeproject.fr\/fr\/","logo":{"@type":"ImageObject","inLanguage":"fr-FR","@id":"https:\/\/homeproject.fr\/fr\/#\/schema\/logo\/image\/","url":"https:\/\/homeproject.fr\/fr\/wp-content\/uploads\/2024\/12\/Logo_HomeProject-noir-2.png","contentUrl":"https:\/\/homeproject.fr\/fr\/wp-content\/uploads\/2024\/12\/Logo_HomeProject-noir-2.png","width":300,"height":91,"caption":"Homeproject.fr"},"image":{"@id":"https:\/\/homeproject.fr\/fr\/#\/schema\/logo\/image\/"}}]}},"_links":{"self":[{"href":"https:\/\/homeproject.fr\/fr\/wp-json\/wp\/v2\/product\/10919","targetHints":{"allow":["GET"]}}],"collection":[{"href":"https:\/\/homeproject.fr\/fr\/wp-json\/wp\/v2\/product"}],"about":[{"href":"https:\/\/homeproject.fr\/fr\/wp-json\/wp\/v2\/types\/product"}],"version-history":[{"count":1,"href":"https:\/\/homeproject.fr\/fr\/wp-json\/wp\/v2\/product\/10919\/revisions"}],"predecessor-version":[{"id":10931,"href":"https:\/\/homeproject.fr\/fr\/wp-json\/wp\/v2\/product\/10919\/revisions\/10931"}],"wp:featuredmedia":[{"embeddable":true,"href":"https:\/\/homeproject.fr\/fr\/wp-json\/wp\/v2\/media\/10924"}],"wp:attachment":[{"href":"https:\/\/homeproject.fr\/fr\/wp-json\/wp\/v2\/media?parent=10919"}],"wp:term":[{"taxonomy":"product_brand","embeddable":true,"href":"https:\/\/homeproject.fr\/fr\/wp-json\/wp\/v2\/product_brand?post=10919"},{"taxonomy":"product_cat","embeddable":true,"href":"https:\/\/homeproject.fr\/fr\/wp-json\/wp\/v2\/product_cat?post=10919"},{"taxonomy":"product_tag","embeddable":true,"href":"https:\/\/homeproject.fr\/fr\/wp-json\/wp\/v2\/product_tag?post=10919"}],"curies":[{"name":"wp","href":"https:\/\/api.w.org\/{rel}","templated":true}]}}