{"id":10883,"date":"2025-02-24T10:43:49","date_gmt":"2025-02-24T10:43:49","guid":{"rendered":"https:\/\/homeproject.fr\/fr\/?post_type=product&#038;p=10883"},"modified":"2025-02-24T10:48:10","modified_gmt":"2025-02-24T10:48:10","slug":"papier-peint-panoramique-sur-mesure-eden-par-marco-oggian-pour-london-art","status":"publish","type":"product","link":"https:\/\/homeproject.fr\/fr\/produit\/papier-peint-panoramique-sur-mesure-eden-par-marco-oggian-pour-london-art\/","title":{"rendered":"Papier Peint Panoramique sur Mesure EDEN par Marco Oggian pour London Art"},"content":{"rendered":"<h3><strong style=\"font-size: 16px;\"><a href=\"https:\/\/homeproject.fr\/fr\/wp-content\/uploads\/2025\/01\/Installation.pdf\" target=\"_blank\" rel=\"noopener\">T\u00e9l\u00e9charger la notice d\u2019installation<\/a><\/strong><\/h3>\n<hr \/>\n<div class=\"flex max-w-full flex-col flex-grow\">\n<div class=\"min-h-8 text-message flex w-full flex-col items-end gap-2 whitespace-normal break-words text-start [.text-message+&]:mt-5\" dir=\"auto\" data-message-author-role=\"assistant\" data-message-id=\"348e29fd-d1cf-4003-88e3-728ff09b5525\" data-message-model-slug=\"gpt-4o\">\n<div class=\"flex w-full flex-col gap-1 empty:hidden first:pt-[3px]\">\n<div class=\"markdown prose w-full break-words dark:prose-invert light\">\n<h3 data-start=\"609\" data-end=\"656\"><strong data-start=\"613\" data-end=\"656\">Un produit sur mesure et facile \u00e0 poser<\/strong><\/h3>\n<p data-start=\"657\" data-end=\"952\">\u2705 <strong data-start=\"659\" data-end=\"685\">Fabrication sur mesure<\/strong> : Chaque panneau est d\u00e9coup\u00e9 selon vos dimensions pour une int\u00e9gration parfaite.<br data-start=\"766\" data-end=\"769\" \/>\u2705 <strong data-start=\"771\" data-end=\"798\">Installation simplifi\u00e9e<\/strong> : Les l\u00e9s num\u00e9rot\u00e9s assurent un alignement impeccable du motif.<br data-start=\"862\" data-end=\"865\" \/>\u2705 <strong data-start=\"867\" data-end=\"884\">Colle incluse<\/strong> : Une colle sp\u00e9cialement con\u00e7ue pour une pose optimale est fournie.<\/p>\n<h3 data-start=\"954\" data-end=\"1002\"><strong data-start=\"958\" data-end=\"1002\">Finitions et caract\u00e9ristiques techniques<\/strong><\/h3>\n<p data-start=\"1003\" data-end=\"1119\">Le papier peint <strong data-start=\"1019\" data-end=\"1027\">Eden<\/strong> est propos\u00e9 en diff\u00e9rentes finitions haut de gamme, garantissant esth\u00e9tisme et durabilit\u00e9 :<\/p>\n<h4 data-start=\"1121\" data-end=\"1165\"><strong data-start=\"1126\" data-end=\"1165\">1. Finition Raw (Texture Naturelle)<\/strong><\/h4>\n<p data-start=\"1166\" data-end=\"1603\">\ud83d\udccc <strong data-start=\"1169\" data-end=\"1181\">Mat\u00e9riau<\/strong> : Vinyle sur support non-tiss\u00e9 (70 % cellulose, 20 % fibres synth\u00e9tiques, 8 % additifs).<br data-start=\"1270\" data-end=\"1273\" \/>\ud83d\udccc <strong data-start=\"1276\" data-end=\"1292\">Effet visuel<\/strong> : Texture l\u00e9g\u00e8rement emboss\u00e9e pour un rendu tactile raffin\u00e9.<br data-start=\"1353\" data-end=\"1356\" \/>\ud83d\udccc <strong data-start=\"1359\" data-end=\"1372\">Entretien<\/strong> : Nettoyage facile avec un chiffon humide.<br data-start=\"1415\" data-end=\"1418\" \/>\ud83d\udccc <strong data-start=\"1421\" data-end=\"1438\">Certification<\/strong> : Classement au feu Euro Class B-s2, d0 et ASTM E 84-19b Class A.<br data-start=\"1504\" data-end=\"1507\" \/>\ud83d\udccc <strong data-start=\"1510\" data-end=\"1526\">Applications<\/strong> : Id\u00e9al pour un salon moderne, un bureau inspirant ou une chambre originale.<\/p>\n<h4 data-start=\"1605\" data-end=\"1659\"><strong data-start=\"1610\" data-end=\"1659\">2. Finition Green Raw (\u00c9cologique \u2013 Sans PVC)<\/strong><\/h4>\n<p data-start=\"1660\" data-end=\"2126\">\ud83c\udf31 <strong data-start=\"1663\" data-end=\"1675\">Mat\u00e9riau<\/strong> : Papier peint non-tiss\u00e9 100 % \u00e9cologique, sans PVC, fabriqu\u00e9 \u00e0 partir de cellulose press\u00e9e.<br data-start=\"1768\" data-end=\"1771\" \/>\ud83c\udf31 <strong data-start=\"1774\" data-end=\"1790\">Effet visuel<\/strong> : Surface lisse avec un fini mat pour un rendu artistique naturel.<br data-start=\"1857\" data-end=\"1860\" \/>\ud83c\udf31 <strong data-start=\"1863\" data-end=\"1876\">Entretien<\/strong> : Nettoyage \u00e0 sec recommand\u00e9.<br data-start=\"1906\" data-end=\"1909\" \/>\ud83c\udf31 <strong data-start=\"1912\" data-end=\"1940\">Certification \u00e9cologique<\/strong> : Conforme aux normes VOC (Indoor Air Comfort GOLD, LEED).<br data-start=\"1999\" data-end=\"2002\" \/>\ud83c\udf31 <strong data-start=\"2005\" data-end=\"2021\">Applications<\/strong> : Parfait pour des espaces respectueux de l\u2019environnement, comme des h\u00f4tels ou des espaces de coworking.<\/p>\n<h3 data-start=\"2128\" data-end=\"2175\"><strong data-start=\"2132\" data-end=\"2175\">Pourquoi choisir le papier peint Eden ?<\/strong><\/h3>\n<p data-start=\"2176\" data-end=\"2671\">\u2714 <strong data-start=\"2178\" data-end=\"2215\">Un design audacieux et artistique<\/strong> : Un m\u00e9lange de formes abstraites et g\u00e9om\u00e9triques pour une ambiance graphique et moderne.<br data-start=\"2305\" data-end=\"2308\" \/>\u2714 <strong data-start=\"2310\" data-end=\"2336\">Fabrication sur mesure<\/strong> : Adapt\u00e9 \u00e0 vos dimensions pour une installation sans d\u00e9faut.<br data-start=\"2397\" data-end=\"2400\" \/>\u2714 <strong data-start=\"2402\" data-end=\"2429\">Finitions haut de gamme<\/strong> : Des textures \u00e9l\u00e9gantes et des mat\u00e9riaux de qualit\u00e9 pour un rendu exceptionnel.<br data-start=\"2510\" data-end=\"2513\" \/>\u2714 <strong data-start=\"2515\" data-end=\"2557\">Convient \u00e0 tous les styles d\u2019int\u00e9rieur<\/strong> : Que ce soit dans un espace minimaliste ou un d\u00e9cor maximaliste, <strong data-start=\"2624\" data-end=\"2632\">Eden<\/strong> apporte une touche vibrante et unique.<\/p>\n<p data-start=\"2673\" data-end=\"2823\">Osez l\u2019originalit\u00e9 avec <strong data-start=\"2697\" data-end=\"2705\">Eden<\/strong>, un papier peint qui sublime vos murs avec cr\u00e9ativit\u00e9 et modernit\u00e9. <strong data-start=\"2774\" data-end=\"2822\">Disponible d\u00e8s maintenant sur HomeProject.fr<\/strong>.<\/p>\n<h2 data-start=\"1028\" data-end=\"1075\"><strong style=\"font-family: inherit; font-size: 30px;\">Vous avez des questions ?<\/strong><\/h2>\n<\/div>\n<\/div>\n<\/div>\n<\/div>\n<style id=\"wpforms-css-vars-3675\">\n\t\t\t\t#wpforms-3675 {\n\t\t\t\t\n\t\t\t}\n\t\t\t<\/style><div class=\"wpforms-container wpforms-container-full wpforms-render-modern\" id=\"wpforms-3675\"><form id=\"wpforms-form-3675\" class=\"wpforms-validate wpforms-form wpforms-ajax-form\" data-formid=\"3675\" method=\"post\" enctype=\"multipart\/form-data\" action=\"\/fr\/wp-json\/wp\/v2\/product\/10883\" data-token=\"03cdf653ce821e1e97cc9c531d12385b\" data-token-time=\"1778527915\"><noscript class=\"wpforms-error-noscript\">Veuillez activer JavaScript dans votre navigateur pour remplir ce formulaire.<\/noscript><div id=\"wpforms-error-noscript\" style=\"display: none;\">Veuillez activer JavaScript dans votre navigateur pour remplir ce formulaire.<\/div><div class=\"wpforms-field-container\"><div id=\"wpforms-3675-field_3-container\" class=\"wpforms-field wpforms-field-name\" data-field-id=\"3\"><fieldset><legend class=\"wpforms-field-label\">Nom <span class=\"wpforms-required-label\" aria-hidden=\"true\">*<\/span><\/legend><div class=\"wpforms-field-row wpforms-field-medium\"><div class=\"wpforms-field-row-block wpforms-first wpforms-one-half\"><input type=\"text\" id=\"wpforms-3675-field_3\" class=\"wpforms-field-name-first wpforms-field-required\" name=\"wpforms[fields][3][first]\" aria-errormessage=\"wpforms-3675-field_3-error\" required><label for=\"wpforms-3675-field_3\" class=\"wpforms-field-sublabel after\">Pr\u00e9nom<\/label><\/div><div class=\"wpforms-field-row-block wpforms-one-half\"><input type=\"text\" id=\"wpforms-3675-field_3-last\" class=\"wpforms-field-name-last wpforms-field-required\" name=\"wpforms[fields][3][last]\" aria-errormessage=\"wpforms-3675-field_3-last-error\" required><label for=\"wpforms-3675-field_3-last\" class=\"wpforms-field-sublabel after\">Nom<\/label><\/div><\/div><\/fieldset><\/div><div id=\"wpforms-3675-field_4-container\" class=\"wpforms-field wpforms-field-email\" data-field-id=\"4\"><label class=\"wpforms-field-label\" for=\"wpforms-3675-field_4\">E-mail <span class=\"wpforms-required-label\" aria-hidden=\"true\">*<\/span><\/label><input type=\"email\" id=\"wpforms-3675-field_4\" class=\"wpforms-field-medium wpforms-field-required\" name=\"wpforms[fields][4]\" spellcheck=\"false\" aria-errormessage=\"wpforms-3675-field_4-error\" required><\/div>\t\t<div id=\"wpforms-3675-field_1-container\"\n\t\t\tclass=\"wpforms-field wpforms-field-text\"\n\t\t\tdata-field-type=\"text\"\n\t\t\tdata-field-id=\"1\"\n\t\t\t>\n\t\t\t<label class=\"wpforms-field-label\" for=\"wpforms-3675-field_1\" >E-mail Nom Message<\/label>\n\t\t\t<input type=\"text\" id=\"wpforms-3675-field_1\" class=\"wpforms-field-medium\" name=\"wpforms[fields][1]\" >\n\t\t<\/div>\n\t\t<div id=\"wpforms-3675-field_5-container\" class=\"wpforms-field wpforms-field-textarea\" data-field-id=\"5\"><label class=\"wpforms-field-label\" for=\"wpforms-3675-field_5\">Message <span class=\"wpforms-required-label\" aria-hidden=\"true\">*<\/span><\/label><textarea id=\"wpforms-3675-field_5\" class=\"wpforms-field-medium wpforms-field-required\" name=\"wpforms[fields][5]\" aria-errormessage=\"wpforms-3675-field_5-error\" required><\/textarea><\/div><script>\n\t\t\t\t( function() {\n\t\t\t\t\tconst style = document.createElement( 'style' );\n\t\t\t\t\tstyle.appendChild( document.createTextNode( '#wpforms-3675-field_1-container { position: absolute !important; overflow: hidden !important; display: inline !important; height: 1px !important; width: 1px !important; z-index: -1000 !important; padding: 0 !important; } #wpforms-3675-field_1-container input { visibility: hidden; } #wpforms-conversational-form-page #wpforms-3675-field_1-container label { counter-increment: none; }' ) );\n\t\t\t\t\tdocument.head.appendChild( style );\n\t\t\t\t\tdocument.currentScript?.remove();\n\t\t\t\t} )();\n\t\t\t<\/script><\/div><!-- .wpforms-field-container --><div class=\"wpforms-submit-container\" ><input type=\"hidden\" name=\"wpforms[id]\" value=\"3675\"><input type=\"hidden\" name=\"page_title\" value=\"\"><input type=\"hidden\" name=\"page_url\" value=\"https:\/\/homeproject.fr\/fr\/wp-json\/wp\/v2\/product\/10883\"><input type=\"hidden\" name=\"url_referer\" value=\"\"><button type=\"submit\" name=\"wpforms[submit]\" id=\"wpforms-submit-3675\" class=\"wpforms-submit\" data-alt-text=\"Envoi...\" data-submit-text=\"Envoyer\" aria-live=\"assertive\" value=\"wpforms-submit\">Envoyer<\/button><img decoding=\"async\" src=\"https:\/\/homeproject.fr\/fr\/wp-content\/plugins\/wpforms-lite\/assets\/images\/submit-spin.svg\" class=\"wpforms-submit-spinner\" style=\"display: none;\" width=\"26\" height=\"26\" alt=\"Chargement en cours\"><\/div><\/form><\/div>  <!-- .wpforms-container -->\n","protected":false},"excerpt":{"rendered":"<div class=\"woocommerce-product-details__short-description\">\n<p data-start=\"202\" data-end=\"607\">Transformez votre int\u00e9rieur avec le papier peint <strong data-start=\"251\" data-end=\"259\">Eden<\/strong>, une cr\u00e9ation vibrante et artistique sign\u00e9e <strong data-start=\"304\" data-end=\"320\">Marco Oggian<\/strong> pour <strong data-start=\"326\" data-end=\"340\">London Art<\/strong>. Ce design graphique aux formes g\u00e9om\u00e9triques audacieuses et aux couleurs \u00e9clatantes apporte une touche contemporaine et dynamique \u00e0 vos espaces. Inspir\u00e9 par l&rsquo;art moderne et le design postmoderne, <strong data-start=\"538\" data-end=\"546\">Eden<\/strong> est id\u00e9al pour une d\u00e9coration unique et pleine de caract\u00e8re.<\/p>\n<p><strong>Un Produit Livr\u00e9 Pr\u00eat \u00e0 Poser<\/strong><\/p>\n<ul>\n<li><strong>Sur-Mesure :<\/strong> Chaque rouleau est adapt\u00e9 \u00e0 vos dimensions sp\u00e9cifiques.<\/li>\n<li><strong>Num\u00e9rotation des Panneaux :<\/strong> Les rouleaux sont num\u00e9rot\u00e9s pour garantir une installation fluide et la continuit\u00e9 parfaite du motif.<\/li>\n<li><strong>Colle Fournie :<\/strong> Une colle sp\u00e9ciale adapt\u00e9e aux finitions est incluse dans chaque commande.<\/li>\n<\/ul>\n<p><strong>Prix au m\u00b2 :<\/strong><\/p>\n<\/div>\n","protected":false},"featured_media":10888,"template":"","meta":{"_uf_show_specific_survey":0,"_uf_disable_surveys":false,"iawp_total_views":13},"product_brand":[],"product_cat":[399],"product_tag":[],"class_list":{"0":"post-10883","1":"product","2":"type-product","3":"status-publish","4":"has-post-thumbnail","6":"product_cat-papier-peint","7":"product_shipping_class-petit-colis","8":"pa_collection-exclusive-wallpapers-par-london-art","9":"pa_designer-marco-oggian","10":"pa_effet-abstrait","11":"pa_marque-london-art","12":"pa_materiau-intisse","13":"pa_materiau-vinyle","15":"first","16":"instock","17":"taxable","18":"shipping-taxable","19":"purchasable","20":"product-type-variable"},"yoast_head":"<!-- This site is optimized with the Yoast SEO plugin v27.5 - https:\/\/yoast.com\/product\/yoast-seo-wordpress\/ -->\n<title>Papier Peint Panoramique sur Mesure EDEN par Marco Oggian pour London Art - Homeproject.fr<\/title>\n<meta name=\"robots\" content=\"index, follow, max-snippet:-1, max-image-preview:large, max-video-preview:-1\" \/>\n<link rel=\"canonical\" href=\"https:\/\/homeproject.fr\/fr\/produit\/papier-peint-panoramique-sur-mesure-eden-par-marco-oggian-pour-london-art\/\" \/>\n<meta property=\"og:locale\" content=\"fr_FR\" \/>\n<meta property=\"og:type\" content=\"article\" \/>\n<meta property=\"og:title\" content=\"Papier Peint Panoramique sur Mesure EDEN par Marco Oggian pour London Art - Homeproject.fr\" \/>\n<meta property=\"og:description\" content=\"Transformez votre int\u00e9rieur avec le papier peint Eden, une cr\u00e9ation vibrante et artistique sign\u00e9e Marco Oggian pour London Art. Ce design graphique aux formes g\u00e9om\u00e9triques audacieuses et aux couleurs \u00e9clatantes apporte une touche contemporaine et dynamique \u00e0 vos espaces. Inspir\u00e9 par l&#039;art moderne et le design postmoderne, Eden est id\u00e9al pour une d\u00e9coration unique et pleine de caract\u00e8re. Un Produit Livr\u00e9 Pr\u00eat \u00e0 Poser   Sur-Mesure : Chaque rouleau est adapt\u00e9 \u00e0 vos dimensions sp\u00e9cifiques.  Num\u00e9rotation des Panneaux : Les rouleaux sont num\u00e9rot\u00e9s pour garantir une installation fluide et la continuit\u00e9 parfaite du motif.  Colle Fournie : Une colle sp\u00e9ciale adapt\u00e9e aux finitions est incluse dans chaque commande.  Prix au m\u00b2 :\" \/>\n<meta property=\"og:url\" content=\"https:\/\/homeproject.fr\/fr\/produit\/papier-peint-panoramique-sur-mesure-eden-par-marco-oggian-pour-london-art\/\" \/>\n<meta property=\"og:site_name\" content=\"Homeproject.fr\" \/>\n<meta property=\"article:modified_time\" content=\"2025-02-24T10:48:10+00:00\" \/>\n<meta property=\"og:image\" content=\"https:\/\/homeproject.fr\/fr\/wp-content\/uploads\/2025\/02\/IMG_2948.jpg\" \/>\n\t<meta property=\"og:image:width\" content=\"700\" \/>\n\t<meta property=\"og:image:height\" content=\"1052\" \/>\n\t<meta property=\"og:image:type\" content=\"image\/jpeg\" \/>\n<meta name=\"twitter:card\" content=\"summary_large_image\" \/>\n<meta name=\"twitter:label1\" content=\"Dur\u00e9e de lecture estim\u00e9e\" \/>\n\t<meta name=\"twitter:data1\" content=\"2 minutes\" \/>\n<script type=\"application\/ld+json\" class=\"yoast-schema-graph\">{\"@context\":\"https:\\\/\\\/schema.org\",\"@graph\":[{\"@type\":\"WebPage\",\"@id\":\"https:\\\/\\\/homeproject.fr\\\/fr\\\/produit\\\/papier-peint-panoramique-sur-mesure-eden-par-marco-oggian-pour-london-art\\\/\",\"url\":\"https:\\\/\\\/homeproject.fr\\\/fr\\\/produit\\\/papier-peint-panoramique-sur-mesure-eden-par-marco-oggian-pour-london-art\\\/\",\"name\":\"Papier Peint Panoramique sur Mesure EDEN par Marco Oggian pour London Art - Homeproject.fr\",\"isPartOf\":{\"@id\":\"https:\\\/\\\/homeproject.fr\\\/fr\\\/#website\"},\"primaryImageOfPage\":{\"@id\":\"https:\\\/\\\/homeproject.fr\\\/fr\\\/produit\\\/papier-peint-panoramique-sur-mesure-eden-par-marco-oggian-pour-london-art\\\/#primaryimage\"},\"image\":{\"@id\":\"https:\\\/\\\/homeproject.fr\\\/fr\\\/produit\\\/papier-peint-panoramique-sur-mesure-eden-par-marco-oggian-pour-london-art\\\/#primaryimage\"},\"thumbnailUrl\":\"https:\\\/\\\/homeproject.fr\\\/fr\\\/wp-content\\\/uploads\\\/2025\\\/02\\\/IMG_2948.jpg\",\"datePublished\":\"2025-02-24T10:43:49+00:00\",\"dateModified\":\"2025-02-24T10:48:10+00:00\",\"breadcrumb\":{\"@id\":\"https:\\\/\\\/homeproject.fr\\\/fr\\\/produit\\\/papier-peint-panoramique-sur-mesure-eden-par-marco-oggian-pour-london-art\\\/#breadcrumb\"},\"inLanguage\":\"fr-FR\",\"potentialAction\":[{\"@type\":\"ReadAction\",\"target\":[\"https:\\\/\\\/homeproject.fr\\\/fr\\\/produit\\\/papier-peint-panoramique-sur-mesure-eden-par-marco-oggian-pour-london-art\\\/\"]}]},{\"@type\":\"ImageObject\",\"inLanguage\":\"fr-FR\",\"@id\":\"https:\\\/\\\/homeproject.fr\\\/fr\\\/produit\\\/papier-peint-panoramique-sur-mesure-eden-par-marco-oggian-pour-london-art\\\/#primaryimage\",\"url\":\"https:\\\/\\\/homeproject.fr\\\/fr\\\/wp-content\\\/uploads\\\/2025\\\/02\\\/IMG_2948.jpg\",\"contentUrl\":\"https:\\\/\\\/homeproject.fr\\\/fr\\\/wp-content\\\/uploads\\\/2025\\\/02\\\/IMG_2948.jpg\",\"width\":700,\"height\":1052},{\"@type\":\"BreadcrumbList\",\"@id\":\"https:\\\/\\\/homeproject.fr\\\/fr\\\/produit\\\/papier-peint-panoramique-sur-mesure-eden-par-marco-oggian-pour-london-art\\\/#breadcrumb\",\"itemListElement\":[{\"@type\":\"ListItem\",\"position\":1,\"name\":\"Accueil\",\"item\":\"https:\\\/\\\/homeproject.fr\\\/fr\\\/\"},{\"@type\":\"ListItem\",\"position\":2,\"name\":\"Boutique\",\"item\":\"https:\\\/\\\/homeproject.fr\\\/fr\\\/boutique\\\/\"},{\"@type\":\"ListItem\",\"position\":3,\"name\":\"Papier Peint Panoramique sur Mesure EDEN par Marco Oggian pour London Art\"}]},{\"@type\":\"WebSite\",\"@id\":\"https:\\\/\\\/homeproject.fr\\\/fr\\\/#website\",\"url\":\"https:\\\/\\\/homeproject.fr\\\/fr\\\/\",\"name\":\"Homeproject.fr\",\"description\":\"Offrez l&#039;exceptionnel \u00e0 vos espaces \u00e0 vivre\",\"publisher\":{\"@id\":\"https:\\\/\\\/homeproject.fr\\\/fr\\\/#organization\"},\"potentialAction\":[{\"@type\":\"SearchAction\",\"target\":{\"@type\":\"EntryPoint\",\"urlTemplate\":\"https:\\\/\\\/homeproject.fr\\\/fr\\\/?s={search_term_string}\"},\"query-input\":{\"@type\":\"PropertyValueSpecification\",\"valueRequired\":true,\"valueName\":\"search_term_string\"}}],\"inLanguage\":\"fr-FR\"},{\"@type\":\"Organization\",\"@id\":\"https:\\\/\\\/homeproject.fr\\\/fr\\\/#organization\",\"name\":\"Homeproject.fr\",\"url\":\"https:\\\/\\\/homeproject.fr\\\/fr\\\/\",\"logo\":{\"@type\":\"ImageObject\",\"inLanguage\":\"fr-FR\",\"@id\":\"https:\\\/\\\/homeproject.fr\\\/fr\\\/#\\\/schema\\\/logo\\\/image\\\/\",\"url\":\"https:\\\/\\\/homeproject.fr\\\/fr\\\/wp-content\\\/uploads\\\/2024\\\/12\\\/Logo_HomeProject-noir-2.png\",\"contentUrl\":\"https:\\\/\\\/homeproject.fr\\\/fr\\\/wp-content\\\/uploads\\\/2024\\\/12\\\/Logo_HomeProject-noir-2.png\",\"width\":300,\"height\":91,\"caption\":\"Homeproject.fr\"},\"image\":{\"@id\":\"https:\\\/\\\/homeproject.fr\\\/fr\\\/#\\\/schema\\\/logo\\\/image\\\/\"}}]}<\/script>\n<!-- \/ Yoast SEO plugin. -->","yoast_head_json":{"title":"Papier Peint Panoramique sur Mesure EDEN par Marco Oggian pour London Art - Homeproject.fr","robots":{"index":"index","follow":"follow","max-snippet":"max-snippet:-1","max-image-preview":"max-image-preview:large","max-video-preview":"max-video-preview:-1"},"canonical":"https:\/\/homeproject.fr\/fr\/produit\/papier-peint-panoramique-sur-mesure-eden-par-marco-oggian-pour-london-art\/","og_locale":"fr_FR","og_type":"article","og_title":"Papier Peint Panoramique sur Mesure EDEN par Marco Oggian pour London Art - Homeproject.fr","og_description":"Transformez votre int\u00e9rieur avec le papier peint Eden, une cr\u00e9ation vibrante et artistique sign\u00e9e Marco Oggian pour London Art. Ce design graphique aux formes g\u00e9om\u00e9triques audacieuses et aux couleurs \u00e9clatantes apporte une touche contemporaine et dynamique \u00e0 vos espaces. Inspir\u00e9 par l'art moderne et le design postmoderne, Eden est id\u00e9al pour une d\u00e9coration unique et pleine de caract\u00e8re. Un Produit Livr\u00e9 Pr\u00eat \u00e0 Poser   Sur-Mesure : Chaque rouleau est adapt\u00e9 \u00e0 vos dimensions sp\u00e9cifiques.  Num\u00e9rotation des Panneaux : Les rouleaux sont num\u00e9rot\u00e9s pour garantir une installation fluide et la continuit\u00e9 parfaite du motif.  Colle Fournie : Une colle sp\u00e9ciale adapt\u00e9e aux finitions est incluse dans chaque commande.  Prix au m\u00b2 :","og_url":"https:\/\/homeproject.fr\/fr\/produit\/papier-peint-panoramique-sur-mesure-eden-par-marco-oggian-pour-london-art\/","og_site_name":"Homeproject.fr","article_modified_time":"2025-02-24T10:48:10+00:00","og_image":[{"width":700,"height":1052,"url":"https:\/\/homeproject.fr\/fr\/wp-content\/uploads\/2025\/02\/IMG_2948.jpg","type":"image\/jpeg"}],"twitter_card":"summary_large_image","twitter_misc":{"Dur\u00e9e de lecture estim\u00e9e":"2 minutes"},"schema":{"@context":"https:\/\/schema.org","@graph":[{"@type":"WebPage","@id":"https:\/\/homeproject.fr\/fr\/produit\/papier-peint-panoramique-sur-mesure-eden-par-marco-oggian-pour-london-art\/","url":"https:\/\/homeproject.fr\/fr\/produit\/papier-peint-panoramique-sur-mesure-eden-par-marco-oggian-pour-london-art\/","name":"Papier Peint Panoramique sur Mesure EDEN par Marco Oggian pour London Art - Homeproject.fr","isPartOf":{"@id":"https:\/\/homeproject.fr\/fr\/#website"},"primaryImageOfPage":{"@id":"https:\/\/homeproject.fr\/fr\/produit\/papier-peint-panoramique-sur-mesure-eden-par-marco-oggian-pour-london-art\/#primaryimage"},"image":{"@id":"https:\/\/homeproject.fr\/fr\/produit\/papier-peint-panoramique-sur-mesure-eden-par-marco-oggian-pour-london-art\/#primaryimage"},"thumbnailUrl":"https:\/\/homeproject.fr\/fr\/wp-content\/uploads\/2025\/02\/IMG_2948.jpg","datePublished":"2025-02-24T10:43:49+00:00","dateModified":"2025-02-24T10:48:10+00:00","breadcrumb":{"@id":"https:\/\/homeproject.fr\/fr\/produit\/papier-peint-panoramique-sur-mesure-eden-par-marco-oggian-pour-london-art\/#breadcrumb"},"inLanguage":"fr-FR","potentialAction":[{"@type":"ReadAction","target":["https:\/\/homeproject.fr\/fr\/produit\/papier-peint-panoramique-sur-mesure-eden-par-marco-oggian-pour-london-art\/"]}]},{"@type":"ImageObject","inLanguage":"fr-FR","@id":"https:\/\/homeproject.fr\/fr\/produit\/papier-peint-panoramique-sur-mesure-eden-par-marco-oggian-pour-london-art\/#primaryimage","url":"https:\/\/homeproject.fr\/fr\/wp-content\/uploads\/2025\/02\/IMG_2948.jpg","contentUrl":"https:\/\/homeproject.fr\/fr\/wp-content\/uploads\/2025\/02\/IMG_2948.jpg","width":700,"height":1052},{"@type":"BreadcrumbList","@id":"https:\/\/homeproject.fr\/fr\/produit\/papier-peint-panoramique-sur-mesure-eden-par-marco-oggian-pour-london-art\/#breadcrumb","itemListElement":[{"@type":"ListItem","position":1,"name":"Accueil","item":"https:\/\/homeproject.fr\/fr\/"},{"@type":"ListItem","position":2,"name":"Boutique","item":"https:\/\/homeproject.fr\/fr\/boutique\/"},{"@type":"ListItem","position":3,"name":"Papier Peint Panoramique sur Mesure EDEN par Marco Oggian pour London Art"}]},{"@type":"WebSite","@id":"https:\/\/homeproject.fr\/fr\/#website","url":"https:\/\/homeproject.fr\/fr\/","name":"Homeproject.fr","description":"Offrez l&#039;exceptionnel \u00e0 vos espaces \u00e0 vivre","publisher":{"@id":"https:\/\/homeproject.fr\/fr\/#organization"},"potentialAction":[{"@type":"SearchAction","target":{"@type":"EntryPoint","urlTemplate":"https:\/\/homeproject.fr\/fr\/?s={search_term_string}"},"query-input":{"@type":"PropertyValueSpecification","valueRequired":true,"valueName":"search_term_string"}}],"inLanguage":"fr-FR"},{"@type":"Organization","@id":"https:\/\/homeproject.fr\/fr\/#organization","name":"Homeproject.fr","url":"https:\/\/homeproject.fr\/fr\/","logo":{"@type":"ImageObject","inLanguage":"fr-FR","@id":"https:\/\/homeproject.fr\/fr\/#\/schema\/logo\/image\/","url":"https:\/\/homeproject.fr\/fr\/wp-content\/uploads\/2024\/12\/Logo_HomeProject-noir-2.png","contentUrl":"https:\/\/homeproject.fr\/fr\/wp-content\/uploads\/2024\/12\/Logo_HomeProject-noir-2.png","width":300,"height":91,"caption":"Homeproject.fr"},"image":{"@id":"https:\/\/homeproject.fr\/fr\/#\/schema\/logo\/image\/"}}]}},"_links":{"self":[{"href":"https:\/\/homeproject.fr\/fr\/wp-json\/wp\/v2\/product\/10883","targetHints":{"allow":["GET"]}}],"collection":[{"href":"https:\/\/homeproject.fr\/fr\/wp-json\/wp\/v2\/product"}],"about":[{"href":"https:\/\/homeproject.fr\/fr\/wp-json\/wp\/v2\/types\/product"}],"version-history":[{"count":1,"href":"https:\/\/homeproject.fr\/fr\/wp-json\/wp\/v2\/product\/10883\/revisions"}],"predecessor-version":[{"id":10893,"href":"https:\/\/homeproject.fr\/fr\/wp-json\/wp\/v2\/product\/10883\/revisions\/10893"}],"wp:featuredmedia":[{"embeddable":true,"href":"https:\/\/homeproject.fr\/fr\/wp-json\/wp\/v2\/media\/10888"}],"wp:attachment":[{"href":"https:\/\/homeproject.fr\/fr\/wp-json\/wp\/v2\/media?parent=10883"}],"wp:term":[{"taxonomy":"product_brand","embeddable":true,"href":"https:\/\/homeproject.fr\/fr\/wp-json\/wp\/v2\/product_brand?post=10883"},{"taxonomy":"product_cat","embeddable":true,"href":"https:\/\/homeproject.fr\/fr\/wp-json\/wp\/v2\/product_cat?post=10883"},{"taxonomy":"product_tag","embeddable":true,"href":"https:\/\/homeproject.fr\/fr\/wp-json\/wp\/v2\/product_tag?post=10883"}],"curies":[{"name":"wp","href":"https:\/\/api.w.org\/{rel}","templated":true}]}}