{"id":10857,"date":"2025-02-24T10:12:28","date_gmt":"2025-02-24T10:12:28","guid":{"rendered":"https:\/\/homeproject.fr\/fr\/?post_type=product&#038;p=10857"},"modified":"2025-02-24T10:32:33","modified_gmt":"2025-02-24T10:32:33","slug":"papier-peint-panoramique-sur-mesure-beyond-the-curtain-par-nicola-bottegal-pour-london-art","status":"publish","type":"product","link":"https:\/\/homeproject.fr\/fr\/produit\/papier-peint-panoramique-sur-mesure-beyond-the-curtain-par-nicola-bottegal-pour-london-art\/","title":{"rendered":"Papier Peint Panoramique sur Mesure BEYOND THE CURTAIN par Nicola Bottegal pour London Art"},"content":{"rendered":"<h3><strong style=\"font-size: 16px;\"><a href=\"https:\/\/homeproject.fr\/fr\/wp-content\/uploads\/2025\/01\/Installation.pdf\" target=\"_blank\" rel=\"noopener\">T\u00e9l\u00e9charger la notice d\u2019installation<\/a><\/strong><\/h3>\n<hr \/>\n<div class=\"flex max-w-full flex-col flex-grow\">\n<div class=\"min-h-8 text-message flex w-full flex-col items-end gap-2 whitespace-normal break-words text-start [.text-message+&]:mt-5\" dir=\"auto\" data-message-author-role=\"assistant\" data-message-id=\"348e29fd-d1cf-4003-88e3-728ff09b5525\" data-message-model-slug=\"gpt-4o\">\n<div class=\"flex w-full flex-col gap-1 empty:hidden first:pt-[3px]\">\n<div class=\"markdown prose w-full break-words dark:prose-invert light\">\n<h3 data-start=\"961\" data-end=\"1011\"><strong data-start=\"965\" data-end=\"1009\">Finitions et Caract\u00e9ristiques Techniques<\/strong><\/h3>\n<p data-start=\"1012\" data-end=\"1140\">Le papier peint <strong data-start=\"1028\" data-end=\"1050\">Beyond the Curtain<\/strong> est d\u00e9clin\u00e9 en plusieurs finitions premium, alliant esth\u00e9tique et performance technique :<\/p>\n<h4 data-start=\"1142\" data-end=\"1188\"><strong data-start=\"1147\" data-end=\"1186\">1. Finition Raw (Texture Naturelle)<\/strong><\/h4>\n<p data-start=\"1189\" data-end=\"1685\">\ud83d\udccc <strong data-start=\"1192\" data-end=\"1204\">Mat\u00e9riau<\/strong> : Vinyle sur support non-tiss\u00e9 (70 % cellulose, 20 % fibres synth\u00e9tiques, 8 % additifs).<br data-start=\"1293\" data-end=\"1296\" \/>\ud83d\udccc <strong data-start=\"1299\" data-end=\"1315\">Effet visuel<\/strong> : Texture subtilement emboss\u00e9e qui apporte un l\u00e9ger relief au design.<br data-start=\"1385\" data-end=\"1388\" \/>\ud83d\udccc <strong data-start=\"1391\" data-end=\"1404\">Entretien<\/strong> : Facile \u00e0 nettoyer avec un chiffon doux et de l\u2019eau ti\u00e8de.<br data-start=\"1464\" data-end=\"1467\" \/>\ud83d\udccc <strong data-start=\"1470\" data-end=\"1487\">Certification<\/strong> : Classement au feu Euro Class B-s2, d0 et ASTM E 84-19b Class A.<br data-start=\"1553\" data-end=\"1556\" \/>\ud83d\udccc <strong data-start=\"1559\" data-end=\"1575\">Applications<\/strong> : Id\u00e9al pour cr\u00e9er une atmosph\u00e8re po\u00e9tique et enveloppante dans un salon, une chambre ou un espace d\u00e9tente.<\/p>\n<h4 data-start=\"1687\" data-end=\"1743\"><strong data-start=\"1692\" data-end=\"1741\">2. Finition Green (\u00c9cologique \u2013 Sans PVC)<\/strong><\/h4>\n<p data-start=\"1744\" data-end=\"2238\">\ud83c\udf31 <strong data-start=\"1747\" data-end=\"1759\">Mat\u00e9riau<\/strong> : Papier peint non-tiss\u00e9 100 % \u00e9cologique, sans PVC, con\u00e7u \u00e0 partir de cellulose press\u00e9e.<br data-start=\"1849\" data-end=\"1852\" \/>\ud83c\udf31 <strong data-start=\"1855\" data-end=\"1871\">Effet visuel<\/strong> : Surface lisse avec un rendu mat et naturel.<br data-start=\"1917\" data-end=\"1920\" \/>\ud83c\udf31 <strong data-start=\"1923\" data-end=\"1936\">Entretien<\/strong> : Nettoyage \u00e0 sec recommand\u00e9 pour pr\u00e9server l\u2019aspect du papier.<br data-start=\"2000\" data-end=\"2003\" \/>\ud83c\udf31 <strong data-start=\"2006\" data-end=\"2034\">Certification \u00e9cologique<\/strong> : Conforme aux normes <strong data-start=\"2057\" data-end=\"2064\">VOC<\/strong> (Indoor Air Comfort GOLD, LEED).<br data-start=\"2097\" data-end=\"2100\" \/>\ud83c\udf31 <strong data-start=\"2103\" data-end=\"2119\">Applications<\/strong> : Parfait pour des espaces respectueux de l\u2019environnement tels que les chambres d\u2019enfant, les h\u00f4tels et les bureaux.<\/p>\n<h3 data-start=\"2240\" data-end=\"2303\"><strong data-start=\"2244\" data-end=\"2301\">Pourquoi choisir le papier peint Beyond the Curtain ?<\/strong><\/h3>\n<p data-start=\"2304\" data-end=\"2797\">\u2714 <strong data-start=\"2306\" data-end=\"2336\">Un effet artistique unique<\/strong> : Un jeu de superpositions et de transparences qui apporte profondeur et po\u00e9sie \u00e0 votre d\u00e9coration.<br data-start=\"2436\" data-end=\"2439\" \/>\u2714 <strong data-start=\"2441\" data-end=\"2467\">Fabrication sur mesure<\/strong> : Un ajustement parfait \u00e0 votre mur pour une pose fluide et harmonieuse.<br data-start=\"2540\" data-end=\"2543\" \/>\u2714 <strong data-start=\"2545\" data-end=\"2574\">Des finitions d\u2019exception<\/strong> : Choisissez entre une texture raffin\u00e9e et une version \u00e9cologique pour un rendu optimal.<br data-start=\"2663\" data-end=\"2666\" \/>\u2714 <strong data-start=\"2668\" data-end=\"2706\">Une ambiance \u00e9l\u00e9gante et apaisante<\/strong> : Un design polyvalent qui s\u2019int\u00e8gre aussi bien dans un int\u00e9rieur moderne que classique.<\/p>\n<p data-start=\"2799\" data-end=\"2974\">Laissez-vous s\u00e9duire par la magie du papier peint <strong data-start=\"2849\" data-end=\"2871\">Beyond the Curtain<\/strong> et cr\u00e9ez une atmosph\u00e8re sophistiqu\u00e9e et immersive. <strong data-start=\"2923\" data-end=\"2972\">Disponible d\u00e8s maintenant sur HomeProject.fr.<\/strong><\/p>\n<h3 data-start=\"1041\" data-end=\"1089\"><strong style=\"font-family: inherit; font-size: 30px;\">Vous avez des questions ?<\/strong><\/h3>\n<\/div>\n<\/div>\n<\/div>\n<\/div>\n<style id=\"wpforms-css-vars-3675\">\n\t\t\t\t#wpforms-3675 {\n\t\t\t\t\n\t\t\t}\n\t\t\t<\/style><div class=\"wpforms-container wpforms-container-full wpforms-render-modern\" id=\"wpforms-3675\"><form id=\"wpforms-form-3675\" class=\"wpforms-validate wpforms-form wpforms-ajax-form\" data-formid=\"3675\" method=\"post\" enctype=\"multipart\/form-data\" action=\"\/fr\/wp-json\/wp\/v2\/product\/10857\" data-token=\"03cdf653ce821e1e97cc9c531d12385b\" data-token-time=\"1778527996\"><noscript class=\"wpforms-error-noscript\">Veuillez activer JavaScript dans votre navigateur pour remplir ce formulaire.<\/noscript><div id=\"wpforms-error-noscript\" style=\"display: none;\">Veuillez activer JavaScript dans votre navigateur pour remplir ce formulaire.<\/div><div class=\"wpforms-field-container\"><div id=\"wpforms-3675-field_3-container\" class=\"wpforms-field wpforms-field-name\" data-field-id=\"3\"><fieldset><legend class=\"wpforms-field-label\">Nom <span class=\"wpforms-required-label\" aria-hidden=\"true\">*<\/span><\/legend><div class=\"wpforms-field-row wpforms-field-medium\"><div class=\"wpforms-field-row-block wpforms-first wpforms-one-half\"><input type=\"text\" id=\"wpforms-3675-field_3\" class=\"wpforms-field-name-first wpforms-field-required\" name=\"wpforms[fields][3][first]\" aria-errormessage=\"wpforms-3675-field_3-error\" required><label for=\"wpforms-3675-field_3\" class=\"wpforms-field-sublabel after\">Pr\u00e9nom<\/label><\/div><div class=\"wpforms-field-row-block wpforms-one-half\"><input type=\"text\" id=\"wpforms-3675-field_3-last\" class=\"wpforms-field-name-last wpforms-field-required\" name=\"wpforms[fields][3][last]\" aria-errormessage=\"wpforms-3675-field_3-last-error\" required><label for=\"wpforms-3675-field_3-last\" class=\"wpforms-field-sublabel after\">Nom<\/label><\/div><\/div><\/fieldset><\/div>\t\t<div id=\"wpforms-3675-field_1-container\"\n\t\t\tclass=\"wpforms-field wpforms-field-text\"\n\t\t\tdata-field-type=\"text\"\n\t\t\tdata-field-id=\"1\"\n\t\t\t>\n\t\t\t<label class=\"wpforms-field-label\" for=\"wpforms-3675-field_1\" >E-mail Nom Message<\/label>\n\t\t\t<input type=\"text\" id=\"wpforms-3675-field_1\" class=\"wpforms-field-medium\" name=\"wpforms[fields][1]\" >\n\t\t<\/div>\n\t\t<div id=\"wpforms-3675-field_4-container\" class=\"wpforms-field wpforms-field-email\" data-field-id=\"4\"><label class=\"wpforms-field-label\" for=\"wpforms-3675-field_4\">E-mail <span class=\"wpforms-required-label\" aria-hidden=\"true\">*<\/span><\/label><input type=\"email\" id=\"wpforms-3675-field_4\" class=\"wpforms-field-medium wpforms-field-required\" name=\"wpforms[fields][4]\" spellcheck=\"false\" aria-errormessage=\"wpforms-3675-field_4-error\" required><\/div><div id=\"wpforms-3675-field_5-container\" class=\"wpforms-field wpforms-field-textarea\" data-field-id=\"5\"><label class=\"wpforms-field-label\" for=\"wpforms-3675-field_5\">Message <span class=\"wpforms-required-label\" aria-hidden=\"true\">*<\/span><\/label><textarea id=\"wpforms-3675-field_5\" class=\"wpforms-field-medium wpforms-field-required\" name=\"wpforms[fields][5]\" aria-errormessage=\"wpforms-3675-field_5-error\" required><\/textarea><\/div><script>\n\t\t\t\t( function() {\n\t\t\t\t\tconst style = document.createElement( 'style' );\n\t\t\t\t\tstyle.appendChild( document.createTextNode( '#wpforms-3675-field_1-container { position: absolute !important; overflow: hidden !important; display: inline !important; height: 1px !important; width: 1px !important; z-index: -1000 !important; padding: 0 !important; } #wpforms-3675-field_1-container input { visibility: hidden; } #wpforms-conversational-form-page #wpforms-3675-field_1-container label { counter-increment: none; }' ) );\n\t\t\t\t\tdocument.head.appendChild( style );\n\t\t\t\t\tdocument.currentScript?.remove();\n\t\t\t\t} )();\n\t\t\t<\/script><\/div><!-- .wpforms-field-container --><div class=\"wpforms-submit-container\" ><input type=\"hidden\" name=\"wpforms[id]\" value=\"3675\"><input type=\"hidden\" name=\"page_title\" value=\"\"><input type=\"hidden\" name=\"page_url\" value=\"https:\/\/homeproject.fr\/fr\/wp-json\/wp\/v2\/product\/10857\"><input type=\"hidden\" name=\"url_referer\" value=\"\"><button type=\"submit\" name=\"wpforms[submit]\" id=\"wpforms-submit-3675\" class=\"wpforms-submit\" data-alt-text=\"Envoi...\" data-submit-text=\"Envoyer\" aria-live=\"assertive\" value=\"wpforms-submit\">Envoyer<\/button><img decoding=\"async\" src=\"https:\/\/homeproject.fr\/fr\/wp-content\/plugins\/wpforms-lite\/assets\/images\/submit-spin.svg\" class=\"wpforms-submit-spinner\" style=\"display: none;\" width=\"26\" height=\"26\" alt=\"Chargement en cours\"><\/div><\/form><\/div>  <!-- .wpforms-container -->\n","protected":false},"excerpt":{"rendered":"<div class=\"woocommerce-product-details__short-description\">\n<p data-start=\"220\" data-end=\"644\">Transformez votre int\u00e9rieur avec le somptueux <strong data-start=\"287\" data-end=\"322\">papier peint Beyond the Curtain<\/strong>, une \u0153uvre captivante sign\u00e9e <strong data-start=\"352\" data-end=\"371\">Nicola Bottegal<\/strong> pour <strong data-start=\"377\" data-end=\"391\">London Art<\/strong>. Ce design unique \u00e9voque un rideau vaporeux r\u00e9v\u00e9lant une nature luxuriante en arri\u00e8re-plan, jouant sur la transparence et les nuances d\u00e9licates pour cr\u00e9er une ambiance myst\u00e9rieuse et immersive<\/p>\n<p><strong>Un Produit Livr\u00e9 Pr\u00eat \u00e0 Poser<\/strong><\/p>\n<ul>\n<li><strong>Sur-Mesure :<\/strong> Chaque rouleau est adapt\u00e9 \u00e0 vos dimensions sp\u00e9cifiques.<\/li>\n<li><strong>Num\u00e9rotation des Panneaux :<\/strong> Les rouleaux sont num\u00e9rot\u00e9s pour garantir une installation fluide et la continuit\u00e9 parfaite du motif.<\/li>\n<li><strong>Colle Fournie :<\/strong> Une colle sp\u00e9ciale adapt\u00e9e aux finitions est incluse dans chaque commande.<\/li>\n<\/ul>\n<p><strong>Prix au m\u00b2 :<\/strong><\/p>\n<\/div>\n","protected":false},"featured_media":10864,"template":"","meta":{"_uf_show_specific_survey":0,"_uf_disable_surveys":false,"iawp_total_views":2},"product_brand":[],"product_cat":[399],"product_tag":[],"class_list":{"0":"post-10857","1":"product","2":"type-product","3":"status-publish","4":"has-post-thumbnail","6":"product_cat-papier-peint","7":"product_shipping_class-petit-colis","8":"pa_collection-exclusive-wallpapers-par-london-art","9":"pa_designer-nicola-bottegal","10":"pa_effet-floral","11":"pa_marque-london-art","12":"pa_materiau-intisse","13":"pa_materiau-vinyle","15":"first","16":"instock","17":"taxable","18":"shipping-taxable","19":"purchasable","20":"product-type-variable"},"yoast_head":"<!-- This site is optimized with the Yoast SEO plugin v27.5 - https:\/\/yoast.com\/product\/yoast-seo-wordpress\/ -->\n<title>Papier Peint Panoramique sur Mesure BEYOND THE CURTAIN par Nicola Bottegal pour London Art - Homeproject.fr<\/title>\n<meta name=\"robots\" content=\"index, follow, max-snippet:-1, max-image-preview:large, max-video-preview:-1\" \/>\n<link rel=\"canonical\" href=\"https:\/\/homeproject.fr\/fr\/produit\/papier-peint-panoramique-sur-mesure-beyond-the-curtain-par-nicola-bottegal-pour-london-art\/\" \/>\n<meta property=\"og:locale\" content=\"fr_FR\" \/>\n<meta property=\"og:type\" content=\"article\" \/>\n<meta property=\"og:title\" content=\"Papier Peint Panoramique sur Mesure BEYOND THE CURTAIN par Nicola Bottegal pour London Art - Homeproject.fr\" \/>\n<meta property=\"og:description\" content=\"Transformez votre int\u00e9rieur avec le somptueux papier peint Beyond the Curtain, une \u0153uvre captivante sign\u00e9e Nicola Bottegal pour London Art. Ce design unique \u00e9voque un rideau vaporeux r\u00e9v\u00e9lant une nature luxuriante en arri\u00e8re-plan, jouant sur la transparence et les nuances d\u00e9licates pour cr\u00e9er une ambiance myst\u00e9rieuse et immersive Un Produit Livr\u00e9 Pr\u00eat \u00e0 Poser   Sur-Mesure : Chaque rouleau est adapt\u00e9 \u00e0 vos dimensions sp\u00e9cifiques.  Num\u00e9rotation des Panneaux : Les rouleaux sont num\u00e9rot\u00e9s pour garantir une installation fluide et la continuit\u00e9 parfaite du motif.  Colle Fournie : Une colle sp\u00e9ciale adapt\u00e9e aux finitions est incluse dans chaque commande.  Prix au m\u00b2 :\" \/>\n<meta property=\"og:url\" content=\"https:\/\/homeproject.fr\/fr\/produit\/papier-peint-panoramique-sur-mesure-beyond-the-curtain-par-nicola-bottegal-pour-london-art\/\" \/>\n<meta property=\"og:site_name\" content=\"Homeproject.fr\" \/>\n<meta property=\"article:modified_time\" content=\"2025-02-24T10:32:33+00:00\" \/>\n<meta property=\"og:image\" content=\"https:\/\/homeproject.fr\/fr\/wp-content\/uploads\/2025\/02\/IMG_2843.jpg\" \/>\n\t<meta property=\"og:image:width\" content=\"700\" \/>\n\t<meta property=\"og:image:height\" content=\"1052\" \/>\n\t<meta property=\"og:image:type\" content=\"image\/jpeg\" \/>\n<meta name=\"twitter:card\" content=\"summary_large_image\" \/>\n<meta name=\"twitter:label1\" content=\"Dur\u00e9e de lecture estim\u00e9e\" \/>\n\t<meta name=\"twitter:data1\" content=\"2 minutes\" \/>\n<script type=\"application\/ld+json\" class=\"yoast-schema-graph\">{\"@context\":\"https:\\\/\\\/schema.org\",\"@graph\":[{\"@type\":\"WebPage\",\"@id\":\"https:\\\/\\\/homeproject.fr\\\/fr\\\/produit\\\/papier-peint-panoramique-sur-mesure-beyond-the-curtain-par-nicola-bottegal-pour-london-art\\\/\",\"url\":\"https:\\\/\\\/homeproject.fr\\\/fr\\\/produit\\\/papier-peint-panoramique-sur-mesure-beyond-the-curtain-par-nicola-bottegal-pour-london-art\\\/\",\"name\":\"Papier Peint Panoramique sur Mesure BEYOND THE CURTAIN par Nicola Bottegal pour London Art - Homeproject.fr\",\"isPartOf\":{\"@id\":\"https:\\\/\\\/homeproject.fr\\\/fr\\\/#website\"},\"primaryImageOfPage\":{\"@id\":\"https:\\\/\\\/homeproject.fr\\\/fr\\\/produit\\\/papier-peint-panoramique-sur-mesure-beyond-the-curtain-par-nicola-bottegal-pour-london-art\\\/#primaryimage\"},\"image\":{\"@id\":\"https:\\\/\\\/homeproject.fr\\\/fr\\\/produit\\\/papier-peint-panoramique-sur-mesure-beyond-the-curtain-par-nicola-bottegal-pour-london-art\\\/#primaryimage\"},\"thumbnailUrl\":\"https:\\\/\\\/homeproject.fr\\\/fr\\\/wp-content\\\/uploads\\\/2025\\\/02\\\/IMG_2843.jpg\",\"datePublished\":\"2025-02-24T10:12:28+00:00\",\"dateModified\":\"2025-02-24T10:32:33+00:00\",\"breadcrumb\":{\"@id\":\"https:\\\/\\\/homeproject.fr\\\/fr\\\/produit\\\/papier-peint-panoramique-sur-mesure-beyond-the-curtain-par-nicola-bottegal-pour-london-art\\\/#breadcrumb\"},\"inLanguage\":\"fr-FR\",\"potentialAction\":[{\"@type\":\"ReadAction\",\"target\":[\"https:\\\/\\\/homeproject.fr\\\/fr\\\/produit\\\/papier-peint-panoramique-sur-mesure-beyond-the-curtain-par-nicola-bottegal-pour-london-art\\\/\"]}]},{\"@type\":\"ImageObject\",\"inLanguage\":\"fr-FR\",\"@id\":\"https:\\\/\\\/homeproject.fr\\\/fr\\\/produit\\\/papier-peint-panoramique-sur-mesure-beyond-the-curtain-par-nicola-bottegal-pour-london-art\\\/#primaryimage\",\"url\":\"https:\\\/\\\/homeproject.fr\\\/fr\\\/wp-content\\\/uploads\\\/2025\\\/02\\\/IMG_2843.jpg\",\"contentUrl\":\"https:\\\/\\\/homeproject.fr\\\/fr\\\/wp-content\\\/uploads\\\/2025\\\/02\\\/IMG_2843.jpg\",\"width\":700,\"height\":1052},{\"@type\":\"BreadcrumbList\",\"@id\":\"https:\\\/\\\/homeproject.fr\\\/fr\\\/produit\\\/papier-peint-panoramique-sur-mesure-beyond-the-curtain-par-nicola-bottegal-pour-london-art\\\/#breadcrumb\",\"itemListElement\":[{\"@type\":\"ListItem\",\"position\":1,\"name\":\"Accueil\",\"item\":\"https:\\\/\\\/homeproject.fr\\\/fr\\\/\"},{\"@type\":\"ListItem\",\"position\":2,\"name\":\"Boutique\",\"item\":\"https:\\\/\\\/homeproject.fr\\\/fr\\\/boutique\\\/\"},{\"@type\":\"ListItem\",\"position\":3,\"name\":\"Papier Peint Panoramique sur Mesure BEYOND THE CURTAIN par Nicola Bottegal pour London Art\"}]},{\"@type\":\"WebSite\",\"@id\":\"https:\\\/\\\/homeproject.fr\\\/fr\\\/#website\",\"url\":\"https:\\\/\\\/homeproject.fr\\\/fr\\\/\",\"name\":\"Homeproject.fr\",\"description\":\"Offrez l&#039;exceptionnel \u00e0 vos espaces \u00e0 vivre\",\"publisher\":{\"@id\":\"https:\\\/\\\/homeproject.fr\\\/fr\\\/#organization\"},\"potentialAction\":[{\"@type\":\"SearchAction\",\"target\":{\"@type\":\"EntryPoint\",\"urlTemplate\":\"https:\\\/\\\/homeproject.fr\\\/fr\\\/?s={search_term_string}\"},\"query-input\":{\"@type\":\"PropertyValueSpecification\",\"valueRequired\":true,\"valueName\":\"search_term_string\"}}],\"inLanguage\":\"fr-FR\"},{\"@type\":\"Organization\",\"@id\":\"https:\\\/\\\/homeproject.fr\\\/fr\\\/#organization\",\"name\":\"Homeproject.fr\",\"url\":\"https:\\\/\\\/homeproject.fr\\\/fr\\\/\",\"logo\":{\"@type\":\"ImageObject\",\"inLanguage\":\"fr-FR\",\"@id\":\"https:\\\/\\\/homeproject.fr\\\/fr\\\/#\\\/schema\\\/logo\\\/image\\\/\",\"url\":\"https:\\\/\\\/homeproject.fr\\\/fr\\\/wp-content\\\/uploads\\\/2024\\\/12\\\/Logo_HomeProject-noir-2.png\",\"contentUrl\":\"https:\\\/\\\/homeproject.fr\\\/fr\\\/wp-content\\\/uploads\\\/2024\\\/12\\\/Logo_HomeProject-noir-2.png\",\"width\":300,\"height\":91,\"caption\":\"Homeproject.fr\"},\"image\":{\"@id\":\"https:\\\/\\\/homeproject.fr\\\/fr\\\/#\\\/schema\\\/logo\\\/image\\\/\"}}]}<\/script>\n<!-- \/ Yoast SEO plugin. -->","yoast_head_json":{"title":"Papier Peint Panoramique sur Mesure BEYOND THE CURTAIN par Nicola Bottegal pour London Art - Homeproject.fr","robots":{"index":"index","follow":"follow","max-snippet":"max-snippet:-1","max-image-preview":"max-image-preview:large","max-video-preview":"max-video-preview:-1"},"canonical":"https:\/\/homeproject.fr\/fr\/produit\/papier-peint-panoramique-sur-mesure-beyond-the-curtain-par-nicola-bottegal-pour-london-art\/","og_locale":"fr_FR","og_type":"article","og_title":"Papier Peint Panoramique sur Mesure BEYOND THE CURTAIN par Nicola Bottegal pour London Art - Homeproject.fr","og_description":"Transformez votre int\u00e9rieur avec le somptueux papier peint Beyond the Curtain, une \u0153uvre captivante sign\u00e9e Nicola Bottegal pour London Art. Ce design unique \u00e9voque un rideau vaporeux r\u00e9v\u00e9lant une nature luxuriante en arri\u00e8re-plan, jouant sur la transparence et les nuances d\u00e9licates pour cr\u00e9er une ambiance myst\u00e9rieuse et immersive Un Produit Livr\u00e9 Pr\u00eat \u00e0 Poser   Sur-Mesure : Chaque rouleau est adapt\u00e9 \u00e0 vos dimensions sp\u00e9cifiques.  Num\u00e9rotation des Panneaux : Les rouleaux sont num\u00e9rot\u00e9s pour garantir une installation fluide et la continuit\u00e9 parfaite du motif.  Colle Fournie : Une colle sp\u00e9ciale adapt\u00e9e aux finitions est incluse dans chaque commande.  Prix au m\u00b2 :","og_url":"https:\/\/homeproject.fr\/fr\/produit\/papier-peint-panoramique-sur-mesure-beyond-the-curtain-par-nicola-bottegal-pour-london-art\/","og_site_name":"Homeproject.fr","article_modified_time":"2025-02-24T10:32:33+00:00","og_image":[{"width":700,"height":1052,"url":"https:\/\/homeproject.fr\/fr\/wp-content\/uploads\/2025\/02\/IMG_2843.jpg","type":"image\/jpeg"}],"twitter_card":"summary_large_image","twitter_misc":{"Dur\u00e9e de lecture estim\u00e9e":"2 minutes"},"schema":{"@context":"https:\/\/schema.org","@graph":[{"@type":"WebPage","@id":"https:\/\/homeproject.fr\/fr\/produit\/papier-peint-panoramique-sur-mesure-beyond-the-curtain-par-nicola-bottegal-pour-london-art\/","url":"https:\/\/homeproject.fr\/fr\/produit\/papier-peint-panoramique-sur-mesure-beyond-the-curtain-par-nicola-bottegal-pour-london-art\/","name":"Papier Peint Panoramique sur Mesure BEYOND THE CURTAIN par Nicola Bottegal pour London Art - Homeproject.fr","isPartOf":{"@id":"https:\/\/homeproject.fr\/fr\/#website"},"primaryImageOfPage":{"@id":"https:\/\/homeproject.fr\/fr\/produit\/papier-peint-panoramique-sur-mesure-beyond-the-curtain-par-nicola-bottegal-pour-london-art\/#primaryimage"},"image":{"@id":"https:\/\/homeproject.fr\/fr\/produit\/papier-peint-panoramique-sur-mesure-beyond-the-curtain-par-nicola-bottegal-pour-london-art\/#primaryimage"},"thumbnailUrl":"https:\/\/homeproject.fr\/fr\/wp-content\/uploads\/2025\/02\/IMG_2843.jpg","datePublished":"2025-02-24T10:12:28+00:00","dateModified":"2025-02-24T10:32:33+00:00","breadcrumb":{"@id":"https:\/\/homeproject.fr\/fr\/produit\/papier-peint-panoramique-sur-mesure-beyond-the-curtain-par-nicola-bottegal-pour-london-art\/#breadcrumb"},"inLanguage":"fr-FR","potentialAction":[{"@type":"ReadAction","target":["https:\/\/homeproject.fr\/fr\/produit\/papier-peint-panoramique-sur-mesure-beyond-the-curtain-par-nicola-bottegal-pour-london-art\/"]}]},{"@type":"ImageObject","inLanguage":"fr-FR","@id":"https:\/\/homeproject.fr\/fr\/produit\/papier-peint-panoramique-sur-mesure-beyond-the-curtain-par-nicola-bottegal-pour-london-art\/#primaryimage","url":"https:\/\/homeproject.fr\/fr\/wp-content\/uploads\/2025\/02\/IMG_2843.jpg","contentUrl":"https:\/\/homeproject.fr\/fr\/wp-content\/uploads\/2025\/02\/IMG_2843.jpg","width":700,"height":1052},{"@type":"BreadcrumbList","@id":"https:\/\/homeproject.fr\/fr\/produit\/papier-peint-panoramique-sur-mesure-beyond-the-curtain-par-nicola-bottegal-pour-london-art\/#breadcrumb","itemListElement":[{"@type":"ListItem","position":1,"name":"Accueil","item":"https:\/\/homeproject.fr\/fr\/"},{"@type":"ListItem","position":2,"name":"Boutique","item":"https:\/\/homeproject.fr\/fr\/boutique\/"},{"@type":"ListItem","position":3,"name":"Papier Peint Panoramique sur Mesure BEYOND THE CURTAIN par Nicola Bottegal pour London Art"}]},{"@type":"WebSite","@id":"https:\/\/homeproject.fr\/fr\/#website","url":"https:\/\/homeproject.fr\/fr\/","name":"Homeproject.fr","description":"Offrez l&#039;exceptionnel \u00e0 vos espaces \u00e0 vivre","publisher":{"@id":"https:\/\/homeproject.fr\/fr\/#organization"},"potentialAction":[{"@type":"SearchAction","target":{"@type":"EntryPoint","urlTemplate":"https:\/\/homeproject.fr\/fr\/?s={search_term_string}"},"query-input":{"@type":"PropertyValueSpecification","valueRequired":true,"valueName":"search_term_string"}}],"inLanguage":"fr-FR"},{"@type":"Organization","@id":"https:\/\/homeproject.fr\/fr\/#organization","name":"Homeproject.fr","url":"https:\/\/homeproject.fr\/fr\/","logo":{"@type":"ImageObject","inLanguage":"fr-FR","@id":"https:\/\/homeproject.fr\/fr\/#\/schema\/logo\/image\/","url":"https:\/\/homeproject.fr\/fr\/wp-content\/uploads\/2024\/12\/Logo_HomeProject-noir-2.png","contentUrl":"https:\/\/homeproject.fr\/fr\/wp-content\/uploads\/2024\/12\/Logo_HomeProject-noir-2.png","width":300,"height":91,"caption":"Homeproject.fr"},"image":{"@id":"https:\/\/homeproject.fr\/fr\/#\/schema\/logo\/image\/"}}]}},"_links":{"self":[{"href":"https:\/\/homeproject.fr\/fr\/wp-json\/wp\/v2\/product\/10857","targetHints":{"allow":["GET"]}}],"collection":[{"href":"https:\/\/homeproject.fr\/fr\/wp-json\/wp\/v2\/product"}],"about":[{"href":"https:\/\/homeproject.fr\/fr\/wp-json\/wp\/v2\/types\/product"}],"version-history":[{"count":2,"href":"https:\/\/homeproject.fr\/fr\/wp-json\/wp\/v2\/product\/10857\/revisions"}],"predecessor-version":[{"id":10869,"href":"https:\/\/homeproject.fr\/fr\/wp-json\/wp\/v2\/product\/10857\/revisions\/10869"}],"wp:featuredmedia":[{"embeddable":true,"href":"https:\/\/homeproject.fr\/fr\/wp-json\/wp\/v2\/media\/10864"}],"wp:attachment":[{"href":"https:\/\/homeproject.fr\/fr\/wp-json\/wp\/v2\/media?parent=10857"}],"wp:term":[{"taxonomy":"product_brand","embeddable":true,"href":"https:\/\/homeproject.fr\/fr\/wp-json\/wp\/v2\/product_brand?post=10857"},{"taxonomy":"product_cat","embeddable":true,"href":"https:\/\/homeproject.fr\/fr\/wp-json\/wp\/v2\/product_cat?post=10857"},{"taxonomy":"product_tag","embeddable":true,"href":"https:\/\/homeproject.fr\/fr\/wp-json\/wp\/v2\/product_tag?post=10857"}],"curies":[{"name":"wp","href":"https:\/\/api.w.org\/{rel}","templated":true}]}}