{"id":10802,"date":"2025-02-24T09:16:16","date_gmt":"2025-02-24T09:16:16","guid":{"rendered":"https:\/\/homeproject.fr\/fr\/?post_type=product&#038;p=10802"},"modified":"2025-02-24T09:48:20","modified_gmt":"2025-02-24T09:48:20","slug":"papier-peint-panoramique-sur-mesure-amazonia-par-nicola-bottegal-pour-london-art","status":"publish","type":"product","link":"https:\/\/homeproject.fr\/fr\/produit\/papier-peint-panoramique-sur-mesure-amazonia-par-nicola-bottegal-pour-london-art\/","title":{"rendered":"Papier Peint Panoramique sur Mesure AMAZONIA par Nicola Bottegal pour London Art"},"content":{"rendered":"<h3><strong style=\"font-size: 16px;\"><a href=\"https:\/\/homeproject.fr\/fr\/wp-content\/uploads\/2025\/01\/Installation.pdf\" target=\"_blank\" rel=\"noopener\">T\u00e9l\u00e9charger la notice d\u2019installation<\/a><\/strong><\/h3>\n<hr \/>\n<div class=\"flex max-w-full flex-col flex-grow\">\n<div class=\"min-h-8 text-message flex w-full flex-col items-end gap-2 whitespace-normal break-words text-start [.text-message+&]:mt-5\" dir=\"auto\" data-message-author-role=\"assistant\" data-message-id=\"348e29fd-d1cf-4003-88e3-728ff09b5525\" data-message-model-slug=\"gpt-4o\">\n<div class=\"flex w-full flex-col gap-1 empty:hidden first:pt-[3px]\">\n<div class=\"markdown prose w-full break-words dark:prose-invert light\">\n<h2 data-start=\"1186\" data-end=\"1233\"><strong data-start=\"1189\" data-end=\"1233\">Caract\u00e9ristiques Techniques et Mat\u00e9riaux<\/strong><\/h2>\n<p data-start=\"1234\" data-end=\"1353\">Disponible en <strong data-start=\"1248\" data-end=\"1274\">deux finitions premium<\/strong>, ce papier peint r\u00e9pond \u00e0 diff\u00e9rents besoins esth\u00e9tiques et environnementaux :<\/p>\n<h3 data-start=\"1355\" data-end=\"1406\"><strong data-start=\"1359\" data-end=\"1378\">1. Finition Raw<\/strong> \u2013 Un relief textur\u00e9 naturel<\/h3>\n<ul data-start=\"1407\" data-end=\"1919\">\n<li data-start=\"1407\" data-end=\"1597\"><strong data-start=\"1409\" data-end=\"1421\">Mat\u00e9riau<\/strong> : Rev\u00eatement en vinyle sur support non-tiss\u00e9 (70 % cellulose, 20 % fibres synth\u00e9tiques, 8 % additifs), avec une texture emboss\u00e9e qui accentue l\u2019effet tridimensionnel du motif.<\/li>\n<li data-start=\"1598\" data-end=\"1663\"><strong data-start=\"1600\" data-end=\"1613\">Entretien<\/strong> : Lavable avec un chiffon doux et de l\u2019eau ti\u00e8de.<\/li>\n<li data-start=\"1664\" data-end=\"1724\"><strong data-start=\"1666\" data-end=\"1680\">Dimensions<\/strong> : Rouleaux de <strong data-start=\"1695\" data-end=\"1704\">50 cm<\/strong> ajust\u00e9s sur mesure.<\/li>\n<li data-start=\"1725\" data-end=\"1818\"><strong data-start=\"1727\" data-end=\"1744\">Certification<\/strong> : Classement au feu <strong data-start=\"1765\" data-end=\"1788\">Euro Class B-s2, d0<\/strong> et <strong data-start=\"1792\" data-end=\"1817\">ASTM E 84-19b Class A<\/strong>.<\/li>\n<li data-start=\"1819\" data-end=\"1919\"><strong data-start=\"1821\" data-end=\"1843\">Utilisation id\u00e9ale<\/strong> : Espaces int\u00e9rieurs comme les chambres, salons, bureaux ou halls d\u2019h\u00f4tels.<\/li>\n<\/ul>\n<h3 data-start=\"1921\" data-end=\"1990\"><strong data-start=\"1925\" data-end=\"1961\">2. Finition Green (PVC-Free)<\/strong> \u2013 Une alternative \u00e9cologique<\/h3>\n<ul data-start=\"1991\" data-end=\"2566\">\n<li data-start=\"1991\" data-end=\"2076\"><strong data-start=\"1993\" data-end=\"2005\">Mat\u00e9riau<\/strong> : Support non-tiss\u00e9 sans PVC, con\u00e7u \u00e0 partir de <strong data-start=\"2054\" data-end=\"2075\">cellulose press\u00e9e<\/strong>.<\/li>\n<li data-start=\"2077\" data-end=\"2168\"><strong data-start=\"2079\" data-end=\"2099\">Caract\u00e9ristiques<\/strong> : Surface lisse et finition mate pour un rendu \u00e9pur\u00e9 et minimaliste.<\/li>\n<li data-start=\"2169\" data-end=\"2238\"><strong data-start=\"2171\" data-end=\"2180\">Poids<\/strong> : L\u00e9ger (<strong data-start=\"2190\" data-end=\"2202\">150 g\/m\u00b2<\/strong>), parfait pour les murs int\u00e9rieurs.<\/li>\n<li data-start=\"2239\" data-end=\"2284\"><strong data-start=\"2241\" data-end=\"2254\">Entretien<\/strong> : Nettoyage \u00e0 sec uniquement.<\/li>\n<li data-start=\"2285\" data-end=\"2422\"><strong data-start=\"2287\" data-end=\"2312\">Engagement \u00e9cologique<\/strong> : Conforme aux normes <strong data-start=\"2335\" data-end=\"2374\">VOC Indoor Air Comfort GOLD et LEED<\/strong>, pour une meilleure qualit\u00e9 de l\u2019air int\u00e9rieur.<\/li>\n<li data-start=\"2423\" data-end=\"2566\"><strong data-start=\"2425\" data-end=\"2447\">Utilisation id\u00e9ale<\/strong> : Convient aux espaces r\u00e9sidentiels et professionnels \u00e0 la recherche d\u2019une d\u00e9coration respectueuse de l\u2019environnement.<\/li>\n<\/ul>\n<h2 data-start=\"2568\" data-end=\"2604\"><strong data-start=\"2571\" data-end=\"2604\">Pourquoi Choisir \u00ab\u00a0Amazonia\u00a0\u00bb ?<\/strong><\/h2>\n<p data-start=\"2605\" data-end=\"3081\">\u2714 <strong data-start=\"2607\" data-end=\"2643\">Un design immersif et artistique<\/strong> : Inspir\u00e9 des for\u00eats tropicales, ce papier peint transforme vos murs en une v\u00e9ritable \u0153uvre d\u2019art.<br data-start=\"2742\" data-end=\"2745\" \/>\u2714 <strong data-start=\"2747\" data-end=\"2773\">Fabrication sur mesure<\/strong> : Adapt\u00e9 aux dimensions exactes de votre int\u00e9rieur pour un rendu impeccable.<br data-start=\"2850\" data-end=\"2853\" \/>\u2714 <strong data-start=\"2855\" data-end=\"2891\">Choix de finitions haut de gamme<\/strong> : Texture naturelle ou finition \u00e9cologique, selon vos pr\u00e9f\u00e9rences.<br data-start=\"2958\" data-end=\"2961\" \/>\u2714 <strong data-start=\"2963\" data-end=\"2992\">Polyvalence d\u2019utilisation<\/strong> : Parfait pour les int\u00e9rieurs r\u00e9sidentiels et les projets d\u2019am\u00e9nagement haut de gamme.<\/p>\n<h3 data-start=\"3083\" data-end=\"3156\"><strong data-start=\"3087\" data-end=\"3156\">Transformez votre espace avec une touche d\u2019exotisme et d\u2019\u00e9l\u00e9gance<\/strong><\/h3>\n<p data-start=\"3157\" data-end=\"3433\">Le papier peint <strong data-start=\"3173\" data-end=\"3187\">\u00ab\u00a0Amazonia\u00a0\u00bb<\/strong> de <strong data-start=\"3191\" data-end=\"3210\">Nicola Bottegal<\/strong> est l\u2019\u00e9l\u00e9ment id\u00e9al pour ceux qui recherchent une d\u00e9coration immersive et sophistiqu\u00e9e. Sa conception haut de gamme et ses mat\u00e9riaux innovants garantissent un rendu exceptionnel, durable et adapt\u00e9 \u00e0 toutes les exigences.<\/p>\n<p data-start=\"3435\" data-end=\"3554\">\ud83d\udcd0 <strong data-start=\"3438\" data-end=\"3478\">Besoin d\u2019une adaptation sp\u00e9cifique ?<\/strong> Contactez-nous pour une <strong data-start=\"3503\" data-end=\"3528\">conception sur mesure<\/strong> adapt\u00e9e \u00e0 votre projet.<\/p>\n<h3><strong style=\"font-family: inherit; font-size: 30px;\">Vous avez des questions ?<\/strong><\/h3>\n<\/div>\n<\/div>\n<\/div>\n<\/div>\n<style id=\"wpforms-css-vars-3675\">\n\t\t\t\t#wpforms-3675 {\n\t\t\t\t\n\t\t\t}\n\t\t\t<\/style><div class=\"wpforms-container wpforms-container-full wpforms-render-modern\" id=\"wpforms-3675\"><form id=\"wpforms-form-3675\" class=\"wpforms-validate wpforms-form wpforms-ajax-form\" data-formid=\"3675\" method=\"post\" enctype=\"multipart\/form-data\" action=\"\/fr\/wp-json\/wp\/v2\/product\/10802\" data-token=\"03cdf653ce821e1e97cc9c531d12385b\" data-token-time=\"1778527996\"><noscript class=\"wpforms-error-noscript\">Veuillez activer JavaScript dans votre navigateur pour remplir ce formulaire.<\/noscript><div id=\"wpforms-error-noscript\" style=\"display: none;\">Veuillez activer JavaScript dans votre navigateur pour remplir ce formulaire.<\/div><div class=\"wpforms-field-container\">\t\t<div id=\"wpforms-3675-field_1-container\"\n\t\t\tclass=\"wpforms-field wpforms-field-text\"\n\t\t\tdata-field-type=\"text\"\n\t\t\tdata-field-id=\"1\"\n\t\t\t>\n\t\t\t<label class=\"wpforms-field-label\" for=\"wpforms-3675-field_1\" >Message E-mail Nom<\/label>\n\t\t\t<input type=\"text\" id=\"wpforms-3675-field_1\" class=\"wpforms-field-medium\" name=\"wpforms[fields][1]\" >\n\t\t<\/div>\n\t\t<div id=\"wpforms-3675-field_3-container\" class=\"wpforms-field wpforms-field-name\" data-field-id=\"3\"><fieldset><legend class=\"wpforms-field-label\">Nom <span class=\"wpforms-required-label\" aria-hidden=\"true\">*<\/span><\/legend><div class=\"wpforms-field-row wpforms-field-medium\"><div class=\"wpforms-field-row-block wpforms-first wpforms-one-half\"><input type=\"text\" id=\"wpforms-3675-field_3\" class=\"wpforms-field-name-first wpforms-field-required\" name=\"wpforms[fields][3][first]\" aria-errormessage=\"wpforms-3675-field_3-error\" required><label for=\"wpforms-3675-field_3\" class=\"wpforms-field-sublabel after\">Pr\u00e9nom<\/label><\/div><div class=\"wpforms-field-row-block wpforms-one-half\"><input type=\"text\" id=\"wpforms-3675-field_3-last\" class=\"wpforms-field-name-last wpforms-field-required\" name=\"wpforms[fields][3][last]\" aria-errormessage=\"wpforms-3675-field_3-last-error\" required><label for=\"wpforms-3675-field_3-last\" class=\"wpforms-field-sublabel after\">Nom<\/label><\/div><\/div><\/fieldset><\/div><div id=\"wpforms-3675-field_4-container\" class=\"wpforms-field wpforms-field-email\" data-field-id=\"4\"><label class=\"wpforms-field-label\" for=\"wpforms-3675-field_4\">E-mail <span class=\"wpforms-required-label\" aria-hidden=\"true\">*<\/span><\/label><input type=\"email\" id=\"wpforms-3675-field_4\" class=\"wpforms-field-medium wpforms-field-required\" name=\"wpforms[fields][4]\" spellcheck=\"false\" aria-errormessage=\"wpforms-3675-field_4-error\" required><\/div><div id=\"wpforms-3675-field_5-container\" class=\"wpforms-field wpforms-field-textarea\" data-field-id=\"5\"><label class=\"wpforms-field-label\" for=\"wpforms-3675-field_5\">Message <span class=\"wpforms-required-label\" aria-hidden=\"true\">*<\/span><\/label><textarea id=\"wpforms-3675-field_5\" class=\"wpforms-field-medium wpforms-field-required\" name=\"wpforms[fields][5]\" aria-errormessage=\"wpforms-3675-field_5-error\" required><\/textarea><\/div><script>\n\t\t\t\t( function() {\n\t\t\t\t\tconst style = document.createElement( 'style' );\n\t\t\t\t\tstyle.appendChild( document.createTextNode( '#wpforms-3675-field_1-container { position: absolute !important; overflow: hidden !important; display: inline !important; height: 1px !important; width: 1px !important; z-index: -1000 !important; padding: 0 !important; } #wpforms-3675-field_1-container input { visibility: hidden; } #wpforms-conversational-form-page #wpforms-3675-field_1-container label { counter-increment: none; }' ) );\n\t\t\t\t\tdocument.head.appendChild( style );\n\t\t\t\t\tdocument.currentScript?.remove();\n\t\t\t\t} )();\n\t\t\t<\/script><\/div><!-- .wpforms-field-container --><div class=\"wpforms-submit-container\" ><input type=\"hidden\" name=\"wpforms[id]\" value=\"3675\"><input type=\"hidden\" name=\"page_title\" value=\"\"><input type=\"hidden\" name=\"page_url\" value=\"https:\/\/homeproject.fr\/fr\/wp-json\/wp\/v2\/product\/10802\"><input type=\"hidden\" name=\"url_referer\" value=\"\"><button type=\"submit\" name=\"wpforms[submit]\" id=\"wpforms-submit-3675\" class=\"wpforms-submit\" data-alt-text=\"Envoi...\" data-submit-text=\"Envoyer\" aria-live=\"assertive\" value=\"wpforms-submit\">Envoyer<\/button><img decoding=\"async\" src=\"https:\/\/homeproject.fr\/fr\/wp-content\/plugins\/wpforms-lite\/assets\/images\/submit-spin.svg\" class=\"wpforms-submit-spinner\" style=\"display: none;\" width=\"26\" height=\"26\" alt=\"Chargement en cours\"><\/div><\/form><\/div>  <!-- .wpforms-container -->\n","protected":false},"excerpt":{"rendered":"<div class=\"woocommerce-product-details__short-description\">\n<p>Offrez une immersion totale dans un d\u00e9cor luxuriant avec le <strong data-start=\"302\" data-end=\"352\">papier peint panoramique sur mesure \u00ab\u00a0Amazonia\u00a0\u00bb<\/strong>, une cr\u00e9ation inspir\u00e9e par la beaut\u00e9 indompt\u00e9e de la nature tropicale. Con\u00e7u par <strong data-start=\"434\" data-end=\"453\">Nicola Bottegal<\/strong> pour <strong data-start=\"459\" data-end=\"473\">London Art<\/strong>, ce rev\u00eatement mural captivant conjugue esth\u00e9tisme et savoir-faire artisanal pour un rendu \u00e0 la fois artistique et fonctionnel. Son motif dense et \u00e9vocateur, aux jeux d\u2019ombres et de lumi\u00e8res subtilement nuanc\u00e9s, apporte une profondeur saisissante \u00e0 vos espaces, du salon \u00e0 la chambre en passant par les espaces professionnels et h\u00f4teliers.<\/p>\n<p><strong>Un Produit Livr\u00e9 Pr\u00eat \u00e0 Poser<\/strong><\/p>\n<ul>\n<li><strong>Sur-Mesure :<\/strong> Chaque rouleau est adapt\u00e9 \u00e0 vos dimensions sp\u00e9cifiques.<\/li>\n<li><strong>Num\u00e9rotation des Panneaux :<\/strong> Les rouleaux sont num\u00e9rot\u00e9s pour garantir une installation fluide et la continuit\u00e9 parfaite du motif.<\/li>\n<li><strong>Colle Fournie :<\/strong> Une colle sp\u00e9ciale adapt\u00e9e aux finitions est incluse dans chaque commande.<\/li>\n<\/ul>\n<p><strong>Prix au m\u00b2 :<\/strong><\/p>\n<\/div>\n","protected":false},"featured_media":10809,"template":"","meta":{"_uf_show_specific_survey":0,"_uf_disable_surveys":false,"iawp_total_views":5},"product_brand":[],"product_cat":[399],"product_tag":[],"class_list":{"0":"post-10802","1":"product","2":"type-product","3":"status-publish","4":"has-post-thumbnail","6":"product_cat-papier-peint","7":"product_shipping_class-petit-colis","8":"pa_collection-exclusive-wallpapers-par-london-art","9":"pa_designer-nicola-bottegal","10":"pa_effet-floral","11":"pa_marque-london-art","12":"pa_materiau-intisse","13":"pa_materiau-vinyle","15":"first","16":"instock","17":"taxable","18":"shipping-taxable","19":"purchasable","20":"product-type-variable"},"yoast_head":"<!-- This site is optimized with the Yoast SEO plugin v27.5 - https:\/\/yoast.com\/product\/yoast-seo-wordpress\/ -->\n<title>Papier Peint Panoramique sur Mesure AMAZONIA par Nicola Bottegal pour London Art - Homeproject.fr<\/title>\n<meta name=\"robots\" content=\"index, follow, max-snippet:-1, max-image-preview:large, max-video-preview:-1\" \/>\n<link rel=\"canonical\" href=\"https:\/\/homeproject.fr\/fr\/produit\/papier-peint-panoramique-sur-mesure-amazonia-par-nicola-bottegal-pour-london-art\/\" \/>\n<meta property=\"og:locale\" content=\"fr_FR\" \/>\n<meta property=\"og:type\" content=\"article\" \/>\n<meta property=\"og:title\" content=\"Papier Peint Panoramique sur Mesure AMAZONIA par Nicola Bottegal pour London Art - Homeproject.fr\" \/>\n<meta property=\"og:description\" content=\"Offrez une immersion totale dans un d\u00e9cor luxuriant avec le papier peint panoramique sur mesure &quot;Amazonia&quot;, une cr\u00e9ation inspir\u00e9e par la beaut\u00e9 indompt\u00e9e de la nature tropicale. Con\u00e7u par Nicola Bottegal pour London Art, ce rev\u00eatement mural captivant conjugue esth\u00e9tisme et savoir-faire artisanal pour un rendu \u00e0 la fois artistique et fonctionnel. Son motif dense et \u00e9vocateur, aux jeux d\u2019ombres et de lumi\u00e8res subtilement nuanc\u00e9s, apporte une profondeur saisissante \u00e0 vos espaces, du salon \u00e0 la chambre en passant par les espaces professionnels et h\u00f4teliers.  Un Produit Livr\u00e9 Pr\u00eat \u00e0 Poser   Sur-Mesure : Chaque rouleau est adapt\u00e9 \u00e0 vos dimensions sp\u00e9cifiques.  Num\u00e9rotation des Panneaux : Les rouleaux sont num\u00e9rot\u00e9s pour garantir une installation fluide et la continuit\u00e9 parfaite du motif.  Colle Fournie : Une colle sp\u00e9ciale adapt\u00e9e aux finitions est incluse dans chaque commande.  Prix au m\u00b2 :\" \/>\n<meta property=\"og:url\" content=\"https:\/\/homeproject.fr\/fr\/produit\/papier-peint-panoramique-sur-mesure-amazonia-par-nicola-bottegal-pour-london-art\/\" \/>\n<meta property=\"og:site_name\" content=\"Homeproject.fr\" \/>\n<meta property=\"article:modified_time\" content=\"2025-02-24T09:48:20+00:00\" \/>\n<meta property=\"og:image\" content=\"https:\/\/homeproject.fr\/fr\/wp-content\/uploads\/2025\/02\/IMG_2832.jpg\" \/>\n\t<meta property=\"og:image:width\" content=\"700\" \/>\n\t<meta property=\"og:image:height\" content=\"1052\" \/>\n\t<meta property=\"og:image:type\" content=\"image\/jpeg\" \/>\n<meta name=\"twitter:card\" content=\"summary_large_image\" \/>\n<meta name=\"twitter:label1\" content=\"Dur\u00e9e de lecture estim\u00e9e\" \/>\n\t<meta name=\"twitter:data1\" content=\"2 minutes\" \/>\n<script type=\"application\/ld+json\" class=\"yoast-schema-graph\">{\"@context\":\"https:\\\/\\\/schema.org\",\"@graph\":[{\"@type\":\"WebPage\",\"@id\":\"https:\\\/\\\/homeproject.fr\\\/fr\\\/produit\\\/papier-peint-panoramique-sur-mesure-amazonia-par-nicola-bottegal-pour-london-art\\\/\",\"url\":\"https:\\\/\\\/homeproject.fr\\\/fr\\\/produit\\\/papier-peint-panoramique-sur-mesure-amazonia-par-nicola-bottegal-pour-london-art\\\/\",\"name\":\"Papier Peint Panoramique sur Mesure AMAZONIA par Nicola Bottegal pour London Art - Homeproject.fr\",\"isPartOf\":{\"@id\":\"https:\\\/\\\/homeproject.fr\\\/fr\\\/#website\"},\"primaryImageOfPage\":{\"@id\":\"https:\\\/\\\/homeproject.fr\\\/fr\\\/produit\\\/papier-peint-panoramique-sur-mesure-amazonia-par-nicola-bottegal-pour-london-art\\\/#primaryimage\"},\"image\":{\"@id\":\"https:\\\/\\\/homeproject.fr\\\/fr\\\/produit\\\/papier-peint-panoramique-sur-mesure-amazonia-par-nicola-bottegal-pour-london-art\\\/#primaryimage\"},\"thumbnailUrl\":\"https:\\\/\\\/homeproject.fr\\\/fr\\\/wp-content\\\/uploads\\\/2025\\\/02\\\/IMG_2832.jpg\",\"datePublished\":\"2025-02-24T09:16:16+00:00\",\"dateModified\":\"2025-02-24T09:48:20+00:00\",\"breadcrumb\":{\"@id\":\"https:\\\/\\\/homeproject.fr\\\/fr\\\/produit\\\/papier-peint-panoramique-sur-mesure-amazonia-par-nicola-bottegal-pour-london-art\\\/#breadcrumb\"},\"inLanguage\":\"fr-FR\",\"potentialAction\":[{\"@type\":\"ReadAction\",\"target\":[\"https:\\\/\\\/homeproject.fr\\\/fr\\\/produit\\\/papier-peint-panoramique-sur-mesure-amazonia-par-nicola-bottegal-pour-london-art\\\/\"]}]},{\"@type\":\"ImageObject\",\"inLanguage\":\"fr-FR\",\"@id\":\"https:\\\/\\\/homeproject.fr\\\/fr\\\/produit\\\/papier-peint-panoramique-sur-mesure-amazonia-par-nicola-bottegal-pour-london-art\\\/#primaryimage\",\"url\":\"https:\\\/\\\/homeproject.fr\\\/fr\\\/wp-content\\\/uploads\\\/2025\\\/02\\\/IMG_2832.jpg\",\"contentUrl\":\"https:\\\/\\\/homeproject.fr\\\/fr\\\/wp-content\\\/uploads\\\/2025\\\/02\\\/IMG_2832.jpg\",\"width\":700,\"height\":1052},{\"@type\":\"BreadcrumbList\",\"@id\":\"https:\\\/\\\/homeproject.fr\\\/fr\\\/produit\\\/papier-peint-panoramique-sur-mesure-amazonia-par-nicola-bottegal-pour-london-art\\\/#breadcrumb\",\"itemListElement\":[{\"@type\":\"ListItem\",\"position\":1,\"name\":\"Accueil\",\"item\":\"https:\\\/\\\/homeproject.fr\\\/fr\\\/\"},{\"@type\":\"ListItem\",\"position\":2,\"name\":\"Boutique\",\"item\":\"https:\\\/\\\/homeproject.fr\\\/fr\\\/boutique\\\/\"},{\"@type\":\"ListItem\",\"position\":3,\"name\":\"Papier Peint Panoramique sur Mesure AMAZONIA par Nicola Bottegal pour London Art\"}]},{\"@type\":\"WebSite\",\"@id\":\"https:\\\/\\\/homeproject.fr\\\/fr\\\/#website\",\"url\":\"https:\\\/\\\/homeproject.fr\\\/fr\\\/\",\"name\":\"Homeproject.fr\",\"description\":\"Offrez l&#039;exceptionnel \u00e0 vos espaces \u00e0 vivre\",\"publisher\":{\"@id\":\"https:\\\/\\\/homeproject.fr\\\/fr\\\/#organization\"},\"potentialAction\":[{\"@type\":\"SearchAction\",\"target\":{\"@type\":\"EntryPoint\",\"urlTemplate\":\"https:\\\/\\\/homeproject.fr\\\/fr\\\/?s={search_term_string}\"},\"query-input\":{\"@type\":\"PropertyValueSpecification\",\"valueRequired\":true,\"valueName\":\"search_term_string\"}}],\"inLanguage\":\"fr-FR\"},{\"@type\":\"Organization\",\"@id\":\"https:\\\/\\\/homeproject.fr\\\/fr\\\/#organization\",\"name\":\"Homeproject.fr\",\"url\":\"https:\\\/\\\/homeproject.fr\\\/fr\\\/\",\"logo\":{\"@type\":\"ImageObject\",\"inLanguage\":\"fr-FR\",\"@id\":\"https:\\\/\\\/homeproject.fr\\\/fr\\\/#\\\/schema\\\/logo\\\/image\\\/\",\"url\":\"https:\\\/\\\/homeproject.fr\\\/fr\\\/wp-content\\\/uploads\\\/2024\\\/12\\\/Logo_HomeProject-noir-2.png\",\"contentUrl\":\"https:\\\/\\\/homeproject.fr\\\/fr\\\/wp-content\\\/uploads\\\/2024\\\/12\\\/Logo_HomeProject-noir-2.png\",\"width\":300,\"height\":91,\"caption\":\"Homeproject.fr\"},\"image\":{\"@id\":\"https:\\\/\\\/homeproject.fr\\\/fr\\\/#\\\/schema\\\/logo\\\/image\\\/\"}}]}<\/script>\n<!-- \/ Yoast SEO plugin. -->","yoast_head_json":{"title":"Papier Peint Panoramique sur Mesure AMAZONIA par Nicola Bottegal pour London Art - Homeproject.fr","robots":{"index":"index","follow":"follow","max-snippet":"max-snippet:-1","max-image-preview":"max-image-preview:large","max-video-preview":"max-video-preview:-1"},"canonical":"https:\/\/homeproject.fr\/fr\/produit\/papier-peint-panoramique-sur-mesure-amazonia-par-nicola-bottegal-pour-london-art\/","og_locale":"fr_FR","og_type":"article","og_title":"Papier Peint Panoramique sur Mesure AMAZONIA par Nicola Bottegal pour London Art - Homeproject.fr","og_description":"Offrez une immersion totale dans un d\u00e9cor luxuriant avec le papier peint panoramique sur mesure \"Amazonia\", une cr\u00e9ation inspir\u00e9e par la beaut\u00e9 indompt\u00e9e de la nature tropicale. Con\u00e7u par Nicola Bottegal pour London Art, ce rev\u00eatement mural captivant conjugue esth\u00e9tisme et savoir-faire artisanal pour un rendu \u00e0 la fois artistique et fonctionnel. Son motif dense et \u00e9vocateur, aux jeux d\u2019ombres et de lumi\u00e8res subtilement nuanc\u00e9s, apporte une profondeur saisissante \u00e0 vos espaces, du salon \u00e0 la chambre en passant par les espaces professionnels et h\u00f4teliers.  Un Produit Livr\u00e9 Pr\u00eat \u00e0 Poser   Sur-Mesure : Chaque rouleau est adapt\u00e9 \u00e0 vos dimensions sp\u00e9cifiques.  Num\u00e9rotation des Panneaux : Les rouleaux sont num\u00e9rot\u00e9s pour garantir une installation fluide et la continuit\u00e9 parfaite du motif.  Colle Fournie : Une colle sp\u00e9ciale adapt\u00e9e aux finitions est incluse dans chaque commande.  Prix au m\u00b2 :","og_url":"https:\/\/homeproject.fr\/fr\/produit\/papier-peint-panoramique-sur-mesure-amazonia-par-nicola-bottegal-pour-london-art\/","og_site_name":"Homeproject.fr","article_modified_time":"2025-02-24T09:48:20+00:00","og_image":[{"width":700,"height":1052,"url":"https:\/\/homeproject.fr\/fr\/wp-content\/uploads\/2025\/02\/IMG_2832.jpg","type":"image\/jpeg"}],"twitter_card":"summary_large_image","twitter_misc":{"Dur\u00e9e de lecture estim\u00e9e":"2 minutes"},"schema":{"@context":"https:\/\/schema.org","@graph":[{"@type":"WebPage","@id":"https:\/\/homeproject.fr\/fr\/produit\/papier-peint-panoramique-sur-mesure-amazonia-par-nicola-bottegal-pour-london-art\/","url":"https:\/\/homeproject.fr\/fr\/produit\/papier-peint-panoramique-sur-mesure-amazonia-par-nicola-bottegal-pour-london-art\/","name":"Papier Peint Panoramique sur Mesure AMAZONIA par Nicola Bottegal pour London Art - Homeproject.fr","isPartOf":{"@id":"https:\/\/homeproject.fr\/fr\/#website"},"primaryImageOfPage":{"@id":"https:\/\/homeproject.fr\/fr\/produit\/papier-peint-panoramique-sur-mesure-amazonia-par-nicola-bottegal-pour-london-art\/#primaryimage"},"image":{"@id":"https:\/\/homeproject.fr\/fr\/produit\/papier-peint-panoramique-sur-mesure-amazonia-par-nicola-bottegal-pour-london-art\/#primaryimage"},"thumbnailUrl":"https:\/\/homeproject.fr\/fr\/wp-content\/uploads\/2025\/02\/IMG_2832.jpg","datePublished":"2025-02-24T09:16:16+00:00","dateModified":"2025-02-24T09:48:20+00:00","breadcrumb":{"@id":"https:\/\/homeproject.fr\/fr\/produit\/papier-peint-panoramique-sur-mesure-amazonia-par-nicola-bottegal-pour-london-art\/#breadcrumb"},"inLanguage":"fr-FR","potentialAction":[{"@type":"ReadAction","target":["https:\/\/homeproject.fr\/fr\/produit\/papier-peint-panoramique-sur-mesure-amazonia-par-nicola-bottegal-pour-london-art\/"]}]},{"@type":"ImageObject","inLanguage":"fr-FR","@id":"https:\/\/homeproject.fr\/fr\/produit\/papier-peint-panoramique-sur-mesure-amazonia-par-nicola-bottegal-pour-london-art\/#primaryimage","url":"https:\/\/homeproject.fr\/fr\/wp-content\/uploads\/2025\/02\/IMG_2832.jpg","contentUrl":"https:\/\/homeproject.fr\/fr\/wp-content\/uploads\/2025\/02\/IMG_2832.jpg","width":700,"height":1052},{"@type":"BreadcrumbList","@id":"https:\/\/homeproject.fr\/fr\/produit\/papier-peint-panoramique-sur-mesure-amazonia-par-nicola-bottegal-pour-london-art\/#breadcrumb","itemListElement":[{"@type":"ListItem","position":1,"name":"Accueil","item":"https:\/\/homeproject.fr\/fr\/"},{"@type":"ListItem","position":2,"name":"Boutique","item":"https:\/\/homeproject.fr\/fr\/boutique\/"},{"@type":"ListItem","position":3,"name":"Papier Peint Panoramique sur Mesure AMAZONIA par Nicola Bottegal pour London Art"}]},{"@type":"WebSite","@id":"https:\/\/homeproject.fr\/fr\/#website","url":"https:\/\/homeproject.fr\/fr\/","name":"Homeproject.fr","description":"Offrez l&#039;exceptionnel \u00e0 vos espaces \u00e0 vivre","publisher":{"@id":"https:\/\/homeproject.fr\/fr\/#organization"},"potentialAction":[{"@type":"SearchAction","target":{"@type":"EntryPoint","urlTemplate":"https:\/\/homeproject.fr\/fr\/?s={search_term_string}"},"query-input":{"@type":"PropertyValueSpecification","valueRequired":true,"valueName":"search_term_string"}}],"inLanguage":"fr-FR"},{"@type":"Organization","@id":"https:\/\/homeproject.fr\/fr\/#organization","name":"Homeproject.fr","url":"https:\/\/homeproject.fr\/fr\/","logo":{"@type":"ImageObject","inLanguage":"fr-FR","@id":"https:\/\/homeproject.fr\/fr\/#\/schema\/logo\/image\/","url":"https:\/\/homeproject.fr\/fr\/wp-content\/uploads\/2024\/12\/Logo_HomeProject-noir-2.png","contentUrl":"https:\/\/homeproject.fr\/fr\/wp-content\/uploads\/2024\/12\/Logo_HomeProject-noir-2.png","width":300,"height":91,"caption":"Homeproject.fr"},"image":{"@id":"https:\/\/homeproject.fr\/fr\/#\/schema\/logo\/image\/"}}]}},"_links":{"self":[{"href":"https:\/\/homeproject.fr\/fr\/wp-json\/wp\/v2\/product\/10802","targetHints":{"allow":["GET"]}}],"collection":[{"href":"https:\/\/homeproject.fr\/fr\/wp-json\/wp\/v2\/product"}],"about":[{"href":"https:\/\/homeproject.fr\/fr\/wp-json\/wp\/v2\/types\/product"}],"version-history":[{"count":3,"href":"https:\/\/homeproject.fr\/fr\/wp-json\/wp\/v2\/product\/10802\/revisions"}],"predecessor-version":[{"id":10827,"href":"https:\/\/homeproject.fr\/fr\/wp-json\/wp\/v2\/product\/10802\/revisions\/10827"}],"wp:featuredmedia":[{"embeddable":true,"href":"https:\/\/homeproject.fr\/fr\/wp-json\/wp\/v2\/media\/10809"}],"wp:attachment":[{"href":"https:\/\/homeproject.fr\/fr\/wp-json\/wp\/v2\/media?parent=10802"}],"wp:term":[{"taxonomy":"product_brand","embeddable":true,"href":"https:\/\/homeproject.fr\/fr\/wp-json\/wp\/v2\/product_brand?post=10802"},{"taxonomy":"product_cat","embeddable":true,"href":"https:\/\/homeproject.fr\/fr\/wp-json\/wp\/v2\/product_cat?post=10802"},{"taxonomy":"product_tag","embeddable":true,"href":"https:\/\/homeproject.fr\/fr\/wp-json\/wp\/v2\/product_tag?post=10802"}],"curies":[{"name":"wp","href":"https:\/\/api.w.org\/{rel}","templated":true}]}}