{"id":10676,"date":"2025-02-22T14:03:03","date_gmt":"2025-02-22T14:03:03","guid":{"rendered":"https:\/\/homeproject.fr\/fr\/?post_type=product&#038;p=10676"},"modified":"2025-02-22T14:05:58","modified_gmt":"2025-02-22T14:05:58","slug":"carrelage-mural-uni-relieve-qz-uno-strip-bordeaux-5-x-20-cm","status":"publish","type":"product","link":"https:\/\/homeproject.fr\/fr\/produit\/carrelage-mural-uni-relieve-qz-uno-strip-bordeaux-5-x-20-cm\/","title":{"rendered":"Carrelage mural uni RELIEVE QZ UNO Strip Bordeaux 5 \u00d7 20 cm"},"content":{"rendered":"<p><strong><a href=\"https:\/\/homeproject.fr\/fr\/produit\/echantillon-carrelage-mural-relieve-qz-uno-strip-bordeaux\/\">Commander un \u00e9chantillon<\/a><\/strong><\/p>\n<h3 data-start=\"396\" data-end=\"450\"><strong data-start=\"400\" data-end=\"450\">Un carrelage au design dynamique et chaleureux<\/strong><\/h3>\n<p data-start=\"451\" data-end=\"722\">Avec son <strong data-start=\"460\" data-end=\"478\">relief cannel\u00e9<\/strong>, ce carreau en <strong data-start=\"494\" data-end=\"509\">gr\u00e8s c\u00e9rame<\/strong> capte la lumi\u00e8re et apporte du mouvement \u00e0 vos espaces. Son <strong data-start=\"570\" data-end=\"582\">fini mat<\/strong> offre un aspect velout\u00e9 et une \u00e9l\u00e9gance discr\u00e8te, parfaite pour un mur d\u2019accent, une cr\u00e9dence de cuisine ou une salle de bain sophistiqu\u00e9e.<\/p>\n<h3 data-start=\"724\" data-end=\"793\"><strong data-start=\"728\" data-end=\"793\">Caract\u00e9ristiques du carrelage Relieve QZ Uno Strip Bordeaux :<\/strong><\/h3>\n<p data-start=\"794\" data-end=\"1180\">\u2714 <strong data-start=\"796\" data-end=\"808\">Format :<\/strong> 5\u00d720 cm \u2013 id\u00e9al pour une pose en chevrons, horizontale ou verticale<br data-start=\"876\" data-end=\"879\" \/>\u2714 <strong data-start=\"881\" data-end=\"895\">Finition :<\/strong> Mat, pour une douceur au toucher et un aspect moderne<br data-start=\"949\" data-end=\"952\" \/>\u2714 <strong data-start=\"954\" data-end=\"968\">Mat\u00e9riau :<\/strong> Fa\u00efence \u00e9maill\u00e9e, robuste et facile \u00e0 nettoyer<br data-start=\"1010\" data-end=\"1013\" \/>\u2714 <strong data-start=\"1015\" data-end=\"1025\">Pose :<\/strong> Usage mural int\u00e9rieur \u2013 parfait pour cuisines, salles de bains et espaces commerciaux<br data-start=\"1111\" data-end=\"1114\" \/>\u2714 <strong data-start=\"1116\" data-end=\"1134\">Effet relief :<\/strong> Cannel\u00e9 pour un rendu graphique et tendance<\/p>\n<h3 data-start=\"1182\" data-end=\"1241\"><strong data-start=\"1186\" data-end=\"1241\">Pourquoi choisir le carrelage Strip Bordeaux 5\u00d720 ?<\/strong><\/h3>\n<ul data-start=\"1242\" data-end=\"1562\">\n<li data-start=\"1242\" data-end=\"1334\"><strong data-start=\"1244\" data-end=\"1279\">Teinte profonde et sophistiqu\u00e9e<\/strong> : Un rouge bordeaux intense pour une d\u00e9co audacieuse<\/li>\n<li data-start=\"1335\" data-end=\"1411\"><strong data-start=\"1337\" data-end=\"1357\">Relief structur\u00e9<\/strong> : Apporte du volume et une esth\u00e9tique contemporaine<\/li>\n<li data-start=\"1412\" data-end=\"1494\"><strong data-start=\"1414\" data-end=\"1430\">Adaptabilit\u00e9<\/strong> : Parfait pour les styles modernes, industriels ou r\u00e9tro-chic<\/li>\n<li data-start=\"1495\" data-end=\"1562\"><strong data-start=\"1497\" data-end=\"1521\">Facilit\u00e9 d\u2019entretien<\/strong> : R\u00e9sistant aux taches et \u00e0 l\u2019humidit\u00e9<\/li>\n<\/ul>\n<h3 data-start=\"1564\" data-end=\"1597\"><strong data-start=\"1568\" data-end=\"1597\">Id\u00e9es d\u00e9co & associations<\/strong><\/h3>\n<p data-start=\"1598\" data-end=\"1867\">Associez ce carrelage avec des mat\u00e9riaux naturels comme le bois clair pour un look chaleureux, ou avec des \u00e9l\u00e9ments noirs et dor\u00e9s pour une ambiance <strong data-start=\"1747\" data-end=\"1766\">chic et feutr\u00e9e<\/strong>. Pour un effet encore plus tendance, mixez-le avec d\u2019autres textures de la gamme <strong data-start=\"1848\" data-end=\"1866\">Relieve QZ Uno<\/strong>.<\/p>\n<p data-start=\"1869\" data-end=\"1992\" data-is-last-node=\"\" data-is-only-node=\"\">\ud83d\udccc <strong data-start=\"1872\" data-end=\"1920\">Disponible d\u00e8s maintenant sur HomeProject.fr<\/strong> \u2013 Commandez vos \u00e9chantillons pour une d\u00e9co unique et personnalis\u00e9e ! \ud83d\ude80<\/p>\n<h4 data-start=\"511\" data-end=\"549\"><strong style=\"font-family: inherit; font-size: 30px;\">Vous avez des questions ?<\/strong><\/h4>\n<style id=\"wpforms-css-vars-3675\">\n\t\t\t\t#wpforms-3675 {\n\t\t\t\t\n\t\t\t}\n\t\t\t<\/style><div class=\"wpforms-container wpforms-container-full wpforms-render-modern\" id=\"wpforms-3675\"><form id=\"wpforms-form-3675\" class=\"wpforms-validate wpforms-form wpforms-ajax-form\" data-formid=\"3675\" method=\"post\" enctype=\"multipart\/form-data\" action=\"\/fr\/wp-json\/wp\/v2\/product\/10676\" data-token=\"2921a7ac3408d834be151983965c4ab3\" data-token-time=\"1777944577\"><noscript class=\"wpforms-error-noscript\">Veuillez activer JavaScript dans votre navigateur pour remplir ce formulaire.<\/noscript><div id=\"wpforms-error-noscript\" style=\"display: none;\">Veuillez activer JavaScript dans votre navigateur pour remplir ce formulaire.<\/div><div class=\"wpforms-field-container\"><div id=\"wpforms-3675-field_3-container\" class=\"wpforms-field wpforms-field-name\" data-field-id=\"3\"><fieldset><legend class=\"wpforms-field-label\">Nom <span class=\"wpforms-required-label\" aria-hidden=\"true\">*<\/span><\/legend><div class=\"wpforms-field-row wpforms-field-medium\"><div class=\"wpforms-field-row-block wpforms-first wpforms-one-half\"><input type=\"text\" id=\"wpforms-3675-field_3\" class=\"wpforms-field-name-first wpforms-field-required\" name=\"wpforms[fields][3][first]\" aria-errormessage=\"wpforms-3675-field_3-error\" required><label for=\"wpforms-3675-field_3\" class=\"wpforms-field-sublabel after\">Pr\u00e9nom<\/label><\/div><div class=\"wpforms-field-row-block wpforms-one-half\"><input type=\"text\" id=\"wpforms-3675-field_3-last\" class=\"wpforms-field-name-last wpforms-field-required\" name=\"wpforms[fields][3][last]\" aria-errormessage=\"wpforms-3675-field_3-last-error\" required><label for=\"wpforms-3675-field_3-last\" class=\"wpforms-field-sublabel after\">Nom<\/label><\/div><\/div><\/fieldset><\/div><div id=\"wpforms-3675-field_4-container\" class=\"wpforms-field wpforms-field-email\" data-field-id=\"4\"><label class=\"wpforms-field-label\" for=\"wpforms-3675-field_4\">E-mail <span class=\"wpforms-required-label\" aria-hidden=\"true\">*<\/span><\/label><input type=\"email\" id=\"wpforms-3675-field_4\" class=\"wpforms-field-medium wpforms-field-required\" name=\"wpforms[fields][4]\" spellcheck=\"false\" aria-errormessage=\"wpforms-3675-field_4-error\" required><\/div>\t\t<div id=\"wpforms-3675-field_1-container\"\n\t\t\tclass=\"wpforms-field wpforms-field-text\"\n\t\t\tdata-field-type=\"text\"\n\t\t\tdata-field-id=\"1\"\n\t\t\t>\n\t\t\t<label class=\"wpforms-field-label\" for=\"wpforms-3675-field_1\" >Nom Message E-mail<\/label>\n\t\t\t<input type=\"text\" id=\"wpforms-3675-field_1\" class=\"wpforms-field-medium\" name=\"wpforms[fields][1]\" >\n\t\t<\/div>\n\t\t<div id=\"wpforms-3675-field_5-container\" class=\"wpforms-field wpforms-field-textarea\" data-field-id=\"5\"><label class=\"wpforms-field-label\" for=\"wpforms-3675-field_5\">Message <span class=\"wpforms-required-label\" aria-hidden=\"true\">*<\/span><\/label><textarea id=\"wpforms-3675-field_5\" class=\"wpforms-field-medium wpforms-field-required\" name=\"wpforms[fields][5]\" aria-errormessage=\"wpforms-3675-field_5-error\" required><\/textarea><\/div><script>\n\t\t\t\t( function() {\n\t\t\t\t\tconst style = document.createElement( 'style' );\n\t\t\t\t\tstyle.appendChild( document.createTextNode( '#wpforms-3675-field_1-container { position: absolute !important; overflow: hidden !important; display: inline !important; height: 1px !important; width: 1px !important; z-index: -1000 !important; padding: 0 !important; } #wpforms-3675-field_1-container input { visibility: hidden; } #wpforms-conversational-form-page #wpforms-3675-field_1-container label { counter-increment: none; }' ) );\n\t\t\t\t\tdocument.head.appendChild( style );\n\t\t\t\t\tdocument.currentScript?.remove();\n\t\t\t\t} )();\n\t\t\t<\/script><\/div><!-- .wpforms-field-container --><div class=\"wpforms-submit-container\" ><input type=\"hidden\" name=\"wpforms[id]\" value=\"3675\"><input type=\"hidden\" name=\"page_title\" value=\"\"><input type=\"hidden\" name=\"page_url\" value=\"https:\/\/homeproject.fr\/fr\/wp-json\/wp\/v2\/product\/10676\"><input type=\"hidden\" name=\"url_referer\" value=\"\"><button type=\"submit\" name=\"wpforms[submit]\" id=\"wpforms-submit-3675\" class=\"wpforms-submit\" data-alt-text=\"Envoi...\" data-submit-text=\"Envoyer\" aria-live=\"assertive\" value=\"wpforms-submit\">Envoyer<\/button><img decoding=\"async\" src=\"https:\/\/homeproject.fr\/fr\/wp-content\/plugins\/wpforms-lite\/assets\/images\/submit-spin.svg\" class=\"wpforms-submit-spinner\" style=\"display: none;\" width=\"26\" height=\"26\" alt=\"Chargement en cours\"><\/div><\/form><\/div>  <!-- .wpforms-container -->\n","protected":false},"excerpt":{"rendered":"<p data-start=\"282\" data-end=\"569\">Apportez une touche d\u2019originalit\u00e9 et d\u2019\u00e9l\u00e9gance \u00e0 vos murs avec le <strong data-start=\"170\" data-end=\"234\">carrelage mural relief cannel\u00e9 Relieve QZ Uno Strip Bordeaux<\/strong> en format <strong data-start=\"245\" data-end=\"256\">5&#215;20 cm<\/strong>. Sa teinte rouge bordeaux profonde et sa texture cannel\u00e9e cr\u00e9ent un effet visuel unique, id\u00e9al pour un int\u00e9rieur raffin\u00e9 et contemporain.<\/p>\n","protected":false},"featured_media":10677,"template":"","meta":{"_uf_show_specific_survey":0,"_uf_disable_surveys":false,"iawp_total_views":26},"product_brand":[],"product_cat":[20,131,130],"product_tag":[],"class_list":{"0":"post-10676","1":"product","2":"type-product","3":"status-publish","4":"has-post-thumbnail","6":"product_cat-carrelage","7":"product_cat-carrelage-mural","8":"product_cat-relief","9":"product_shipping_class-carrelage","10":"pa_collection-relieve-qz-uno","11":"pa_dimensions-nominales-5x20","12":"pa_effet-cannele","13":"pa_effet-relief","14":"pa_epaisseur-8mm","15":"pa_materiau-faience","17":"first","18":"instock","19":"sale","20":"taxable","21":"shipping-taxable","22":"purchasable","23":"product-type-simple"},"yoast_head":"<!-- This site is optimized with the Yoast SEO plugin v27.5 - https:\/\/yoast.com\/product\/yoast-seo-wordpress\/ -->\n<title>Carrelage mural uni RELIEVE QZ UNO Strip Bordeaux 5 \u00d7 20 cm - Homeproject.fr<\/title>\n<meta name=\"robots\" content=\"index, follow, max-snippet:-1, max-image-preview:large, max-video-preview:-1\" \/>\n<link rel=\"canonical\" href=\"https:\/\/homeproject.fr\/fr\/produit\/carrelage-mural-uni-relieve-qz-uno-strip-bordeaux-5-x-20-cm\/\" \/>\n<meta property=\"og:locale\" content=\"fr_FR\" \/>\n<meta property=\"og:type\" content=\"article\" \/>\n<meta property=\"og:title\" content=\"Carrelage mural uni RELIEVE QZ UNO Strip Bordeaux 5 \u00d7 20 cm - Homeproject.fr\" \/>\n<meta property=\"og:description\" content=\"Apportez une touche d\u2019originalit\u00e9 et d\u2019\u00e9l\u00e9gance \u00e0 vos murs avec le carrelage mural relief cannel\u00e9 Relieve QZ Uno Strip Bordeaux en format 5x20 cm. Sa teinte rouge bordeaux profonde et sa texture cannel\u00e9e cr\u00e9ent un effet visuel unique, id\u00e9al pour un int\u00e9rieur raffin\u00e9 et contemporain.\" \/>\n<meta property=\"og:url\" content=\"https:\/\/homeproject.fr\/fr\/produit\/carrelage-mural-uni-relieve-qz-uno-strip-bordeaux-5-x-20-cm\/\" \/>\n<meta property=\"og:site_name\" content=\"Homeproject.fr\" \/>\n<meta property=\"article:modified_time\" content=\"2025-02-22T14:05:58+00:00\" \/>\n<meta property=\"og:image\" content=\"https:\/\/homeproject.fr\/fr\/wp-content\/uploads\/2025\/02\/Carrelage-mural-relief-rouge-cannele-Relieve-QZ-Uno-Strip-Bordeaux.jpg\" \/>\n\t<meta property=\"og:image:width\" content=\"800\" \/>\n\t<meta property=\"og:image:height\" content=\"800\" \/>\n\t<meta property=\"og:image:type\" content=\"image\/jpeg\" \/>\n<meta name=\"twitter:card\" content=\"summary_large_image\" \/>\n<meta name=\"twitter:label1\" content=\"Dur\u00e9e de lecture estim\u00e9e\" \/>\n\t<meta name=\"twitter:data1\" content=\"2 minutes\" \/>\n<script type=\"application\/ld+json\" class=\"yoast-schema-graph\">{\"@context\":\"https:\\\/\\\/schema.org\",\"@graph\":[{\"@type\":\"WebPage\",\"@id\":\"https:\\\/\\\/homeproject.fr\\\/fr\\\/produit\\\/carrelage-mural-uni-relieve-qz-uno-strip-bordeaux-5-x-20-cm\\\/\",\"url\":\"https:\\\/\\\/homeproject.fr\\\/fr\\\/produit\\\/carrelage-mural-uni-relieve-qz-uno-strip-bordeaux-5-x-20-cm\\\/\",\"name\":\"Carrelage mural uni RELIEVE QZ UNO Strip Bordeaux 5 \u00d7 20 cm - Homeproject.fr\",\"isPartOf\":{\"@id\":\"https:\\\/\\\/homeproject.fr\\\/fr\\\/#website\"},\"primaryImageOfPage\":{\"@id\":\"https:\\\/\\\/homeproject.fr\\\/fr\\\/produit\\\/carrelage-mural-uni-relieve-qz-uno-strip-bordeaux-5-x-20-cm\\\/#primaryimage\"},\"image\":{\"@id\":\"https:\\\/\\\/homeproject.fr\\\/fr\\\/produit\\\/carrelage-mural-uni-relieve-qz-uno-strip-bordeaux-5-x-20-cm\\\/#primaryimage\"},\"thumbnailUrl\":\"https:\\\/\\\/homeproject.fr\\\/fr\\\/wp-content\\\/uploads\\\/2025\\\/02\\\/Carrelage-mural-relief-rouge-cannele-Relieve-QZ-Uno-Strip-Bordeaux.jpg\",\"datePublished\":\"2025-02-22T14:03:03+00:00\",\"dateModified\":\"2025-02-22T14:05:58+00:00\",\"breadcrumb\":{\"@id\":\"https:\\\/\\\/homeproject.fr\\\/fr\\\/produit\\\/carrelage-mural-uni-relieve-qz-uno-strip-bordeaux-5-x-20-cm\\\/#breadcrumb\"},\"inLanguage\":\"fr-FR\",\"potentialAction\":[{\"@type\":\"ReadAction\",\"target\":[\"https:\\\/\\\/homeproject.fr\\\/fr\\\/produit\\\/carrelage-mural-uni-relieve-qz-uno-strip-bordeaux-5-x-20-cm\\\/\"]}]},{\"@type\":\"ImageObject\",\"inLanguage\":\"fr-FR\",\"@id\":\"https:\\\/\\\/homeproject.fr\\\/fr\\\/produit\\\/carrelage-mural-uni-relieve-qz-uno-strip-bordeaux-5-x-20-cm\\\/#primaryimage\",\"url\":\"https:\\\/\\\/homeproject.fr\\\/fr\\\/wp-content\\\/uploads\\\/2025\\\/02\\\/Carrelage-mural-relief-rouge-cannele-Relieve-QZ-Uno-Strip-Bordeaux.jpg\",\"contentUrl\":\"https:\\\/\\\/homeproject.fr\\\/fr\\\/wp-content\\\/uploads\\\/2025\\\/02\\\/Carrelage-mural-relief-rouge-cannele-Relieve-QZ-Uno-Strip-Bordeaux.jpg\",\"width\":800,\"height\":800},{\"@type\":\"BreadcrumbList\",\"@id\":\"https:\\\/\\\/homeproject.fr\\\/fr\\\/produit\\\/carrelage-mural-uni-relieve-qz-uno-strip-bordeaux-5-x-20-cm\\\/#breadcrumb\",\"itemListElement\":[{\"@type\":\"ListItem\",\"position\":1,\"name\":\"Accueil\",\"item\":\"https:\\\/\\\/homeproject.fr\\\/fr\\\/\"},{\"@type\":\"ListItem\",\"position\":2,\"name\":\"Boutique\",\"item\":\"https:\\\/\\\/homeproject.fr\\\/fr\\\/boutique\\\/\"},{\"@type\":\"ListItem\",\"position\":3,\"name\":\"Carrelage mural uni RELIEVE QZ UNO Strip Bordeaux 5 \u00d7 20 cm\"}]},{\"@type\":\"WebSite\",\"@id\":\"https:\\\/\\\/homeproject.fr\\\/fr\\\/#website\",\"url\":\"https:\\\/\\\/homeproject.fr\\\/fr\\\/\",\"name\":\"Homeproject.fr\",\"description\":\"Offrez l&#039;exceptionnel \u00e0 vos espaces \u00e0 vivre\",\"publisher\":{\"@id\":\"https:\\\/\\\/homeproject.fr\\\/fr\\\/#organization\"},\"potentialAction\":[{\"@type\":\"SearchAction\",\"target\":{\"@type\":\"EntryPoint\",\"urlTemplate\":\"https:\\\/\\\/homeproject.fr\\\/fr\\\/?s={search_term_string}\"},\"query-input\":{\"@type\":\"PropertyValueSpecification\",\"valueRequired\":true,\"valueName\":\"search_term_string\"}}],\"inLanguage\":\"fr-FR\"},{\"@type\":\"Organization\",\"@id\":\"https:\\\/\\\/homeproject.fr\\\/fr\\\/#organization\",\"name\":\"Homeproject.fr\",\"url\":\"https:\\\/\\\/homeproject.fr\\\/fr\\\/\",\"logo\":{\"@type\":\"ImageObject\",\"inLanguage\":\"fr-FR\",\"@id\":\"https:\\\/\\\/homeproject.fr\\\/fr\\\/#\\\/schema\\\/logo\\\/image\\\/\",\"url\":\"https:\\\/\\\/homeproject.fr\\\/fr\\\/wp-content\\\/uploads\\\/2024\\\/12\\\/Logo_HomeProject-noir-2.png\",\"contentUrl\":\"https:\\\/\\\/homeproject.fr\\\/fr\\\/wp-content\\\/uploads\\\/2024\\\/12\\\/Logo_HomeProject-noir-2.png\",\"width\":300,\"height\":91,\"caption\":\"Homeproject.fr\"},\"image\":{\"@id\":\"https:\\\/\\\/homeproject.fr\\\/fr\\\/#\\\/schema\\\/logo\\\/image\\\/\"}}]}<\/script>\n<!-- \/ Yoast SEO plugin. -->","yoast_head_json":{"title":"Carrelage mural uni RELIEVE QZ UNO Strip Bordeaux 5 \u00d7 20 cm - Homeproject.fr","robots":{"index":"index","follow":"follow","max-snippet":"max-snippet:-1","max-image-preview":"max-image-preview:large","max-video-preview":"max-video-preview:-1"},"canonical":"https:\/\/homeproject.fr\/fr\/produit\/carrelage-mural-uni-relieve-qz-uno-strip-bordeaux-5-x-20-cm\/","og_locale":"fr_FR","og_type":"article","og_title":"Carrelage mural uni RELIEVE QZ UNO Strip Bordeaux 5 \u00d7 20 cm - Homeproject.fr","og_description":"Apportez une touche d\u2019originalit\u00e9 et d\u2019\u00e9l\u00e9gance \u00e0 vos murs avec le carrelage mural relief cannel\u00e9 Relieve QZ Uno Strip Bordeaux en format 5x20 cm. Sa teinte rouge bordeaux profonde et sa texture cannel\u00e9e cr\u00e9ent un effet visuel unique, id\u00e9al pour un int\u00e9rieur raffin\u00e9 et contemporain.","og_url":"https:\/\/homeproject.fr\/fr\/produit\/carrelage-mural-uni-relieve-qz-uno-strip-bordeaux-5-x-20-cm\/","og_site_name":"Homeproject.fr","article_modified_time":"2025-02-22T14:05:58+00:00","og_image":[{"width":800,"height":800,"url":"https:\/\/homeproject.fr\/fr\/wp-content\/uploads\/2025\/02\/Carrelage-mural-relief-rouge-cannele-Relieve-QZ-Uno-Strip-Bordeaux.jpg","type":"image\/jpeg"}],"twitter_card":"summary_large_image","twitter_misc":{"Dur\u00e9e de lecture estim\u00e9e":"2 minutes"},"schema":{"@context":"https:\/\/schema.org","@graph":[{"@type":"WebPage","@id":"https:\/\/homeproject.fr\/fr\/produit\/carrelage-mural-uni-relieve-qz-uno-strip-bordeaux-5-x-20-cm\/","url":"https:\/\/homeproject.fr\/fr\/produit\/carrelage-mural-uni-relieve-qz-uno-strip-bordeaux-5-x-20-cm\/","name":"Carrelage mural uni RELIEVE QZ UNO Strip Bordeaux 5 \u00d7 20 cm - Homeproject.fr","isPartOf":{"@id":"https:\/\/homeproject.fr\/fr\/#website"},"primaryImageOfPage":{"@id":"https:\/\/homeproject.fr\/fr\/produit\/carrelage-mural-uni-relieve-qz-uno-strip-bordeaux-5-x-20-cm\/#primaryimage"},"image":{"@id":"https:\/\/homeproject.fr\/fr\/produit\/carrelage-mural-uni-relieve-qz-uno-strip-bordeaux-5-x-20-cm\/#primaryimage"},"thumbnailUrl":"https:\/\/homeproject.fr\/fr\/wp-content\/uploads\/2025\/02\/Carrelage-mural-relief-rouge-cannele-Relieve-QZ-Uno-Strip-Bordeaux.jpg","datePublished":"2025-02-22T14:03:03+00:00","dateModified":"2025-02-22T14:05:58+00:00","breadcrumb":{"@id":"https:\/\/homeproject.fr\/fr\/produit\/carrelage-mural-uni-relieve-qz-uno-strip-bordeaux-5-x-20-cm\/#breadcrumb"},"inLanguage":"fr-FR","potentialAction":[{"@type":"ReadAction","target":["https:\/\/homeproject.fr\/fr\/produit\/carrelage-mural-uni-relieve-qz-uno-strip-bordeaux-5-x-20-cm\/"]}]},{"@type":"ImageObject","inLanguage":"fr-FR","@id":"https:\/\/homeproject.fr\/fr\/produit\/carrelage-mural-uni-relieve-qz-uno-strip-bordeaux-5-x-20-cm\/#primaryimage","url":"https:\/\/homeproject.fr\/fr\/wp-content\/uploads\/2025\/02\/Carrelage-mural-relief-rouge-cannele-Relieve-QZ-Uno-Strip-Bordeaux.jpg","contentUrl":"https:\/\/homeproject.fr\/fr\/wp-content\/uploads\/2025\/02\/Carrelage-mural-relief-rouge-cannele-Relieve-QZ-Uno-Strip-Bordeaux.jpg","width":800,"height":800},{"@type":"BreadcrumbList","@id":"https:\/\/homeproject.fr\/fr\/produit\/carrelage-mural-uni-relieve-qz-uno-strip-bordeaux-5-x-20-cm\/#breadcrumb","itemListElement":[{"@type":"ListItem","position":1,"name":"Accueil","item":"https:\/\/homeproject.fr\/fr\/"},{"@type":"ListItem","position":2,"name":"Boutique","item":"https:\/\/homeproject.fr\/fr\/boutique\/"},{"@type":"ListItem","position":3,"name":"Carrelage mural uni RELIEVE QZ UNO Strip Bordeaux 5 \u00d7 20 cm"}]},{"@type":"WebSite","@id":"https:\/\/homeproject.fr\/fr\/#website","url":"https:\/\/homeproject.fr\/fr\/","name":"Homeproject.fr","description":"Offrez l&#039;exceptionnel \u00e0 vos espaces \u00e0 vivre","publisher":{"@id":"https:\/\/homeproject.fr\/fr\/#organization"},"potentialAction":[{"@type":"SearchAction","target":{"@type":"EntryPoint","urlTemplate":"https:\/\/homeproject.fr\/fr\/?s={search_term_string}"},"query-input":{"@type":"PropertyValueSpecification","valueRequired":true,"valueName":"search_term_string"}}],"inLanguage":"fr-FR"},{"@type":"Organization","@id":"https:\/\/homeproject.fr\/fr\/#organization","name":"Homeproject.fr","url":"https:\/\/homeproject.fr\/fr\/","logo":{"@type":"ImageObject","inLanguage":"fr-FR","@id":"https:\/\/homeproject.fr\/fr\/#\/schema\/logo\/image\/","url":"https:\/\/homeproject.fr\/fr\/wp-content\/uploads\/2024\/12\/Logo_HomeProject-noir-2.png","contentUrl":"https:\/\/homeproject.fr\/fr\/wp-content\/uploads\/2024\/12\/Logo_HomeProject-noir-2.png","width":300,"height":91,"caption":"Homeproject.fr"},"image":{"@id":"https:\/\/homeproject.fr\/fr\/#\/schema\/logo\/image\/"}}]}},"_links":{"self":[{"href":"https:\/\/homeproject.fr\/fr\/wp-json\/wp\/v2\/product\/10676","targetHints":{"allow":["GET"]}}],"collection":[{"href":"https:\/\/homeproject.fr\/fr\/wp-json\/wp\/v2\/product"}],"about":[{"href":"https:\/\/homeproject.fr\/fr\/wp-json\/wp\/v2\/types\/product"}],"version-history":[{"count":1,"href":"https:\/\/homeproject.fr\/fr\/wp-json\/wp\/v2\/product\/10676\/revisions"}],"predecessor-version":[{"id":10679,"href":"https:\/\/homeproject.fr\/fr\/wp-json\/wp\/v2\/product\/10676\/revisions\/10679"}],"wp:featuredmedia":[{"embeddable":true,"href":"https:\/\/homeproject.fr\/fr\/wp-json\/wp\/v2\/media\/10677"}],"wp:attachment":[{"href":"https:\/\/homeproject.fr\/fr\/wp-json\/wp\/v2\/media?parent=10676"}],"wp:term":[{"taxonomy":"product_brand","embeddable":true,"href":"https:\/\/homeproject.fr\/fr\/wp-json\/wp\/v2\/product_brand?post=10676"},{"taxonomy":"product_cat","embeddable":true,"href":"https:\/\/homeproject.fr\/fr\/wp-json\/wp\/v2\/product_cat?post=10676"},{"taxonomy":"product_tag","embeddable":true,"href":"https:\/\/homeproject.fr\/fr\/wp-json\/wp\/v2\/product_tag?post=10676"}],"curies":[{"name":"wp","href":"https:\/\/api.w.org\/{rel}","templated":true}]}}