{"id":10624,"date":"2025-02-17T17:22:07","date_gmt":"2025-02-17T17:22:07","guid":{"rendered":"https:\/\/homeproject.fr\/fr\/?post_type=product&#038;p=10624"},"modified":"2025-02-17T17:40:59","modified_gmt":"2025-02-17T17:40:59","slug":"carrelage-mural-uni-relieve-qz-uno-plain-powder-5-x-20-cm","status":"publish","type":"product","link":"https:\/\/homeproject.fr\/fr\/produit\/carrelage-mural-uni-relieve-qz-uno-plain-powder-5-x-20-cm\/","title":{"rendered":"Carrelage mural uni RELIEVE QZ UNO Plain Powder 5 \u00d7 20 cm"},"content":{"rendered":"<p><strong><a href=\"https:\/\/homeproject.fr\/fr\/produit\/echantillon-carrelage-mural-relieve-qz-uno-plain-powder\/\">Commander un \u00e9chantillon<\/a><\/strong><\/p>\n<h2 data-start=\"927\" data-end=\"1006\"><strong data-start=\"930\" data-end=\"1006\">Un carrelage mural rose poudr\u00e9 pour une d\u00e9coration apaisante et tendance<\/strong><\/h2>\n<p data-start=\"1007\" data-end=\"1298\">Le <strong data-start=\"1010\" data-end=\"1041\">Relieve QZ Uno Plain Powder<\/strong> est con\u00e7u pour ceux qui recherchent une <strong data-start=\"1082\" data-end=\"1114\">teinte douce et intemporelle<\/strong>, id\u00e9ale pour des espaces <strong data-start=\"1140\" data-end=\"1160\">lumineux et cosy<\/strong>. Son rose d\u00e9licat cr\u00e9e une <strong data-start=\"1188\" data-end=\"1226\">ambiance enveloppante et relaxante<\/strong>, parfaite pour une <strong data-start=\"1246\" data-end=\"1297\">salle de bain zen ou une cuisine au style \u00e9pur\u00e9<\/strong>.<\/p>\n<p data-start=\"1300\" data-end=\"1443\">\ud83d\udca1 <strong data-start=\"1303\" data-end=\"1318\">Astuce d\u00e9co<\/strong> : Associez ce carrelage avec des \u00e9l\u00e9ments en bois clair, du laiton ou des touches de blanc cass\u00e9 pour une harmonie parfaite.<\/p>\n<hr data-start=\"1445\" data-end=\"1448\" \/>\n<h2 data-start=\"1450\" data-end=\"1525\"><strong data-start=\"1453\" data-end=\"1525\">Caract\u00e9ristiques techniques du carrelage Relieve QZ Uno Plain Powder<\/strong><\/h2>\n<p data-start=\"1526\" data-end=\"1960\">\u2714 <strong data-start=\"1528\" data-end=\"1542\">Dimensions<\/strong> : 5\u00d720 cm<br data-start=\"1552\" data-end=\"1555\" \/>\u2714 <strong data-start=\"1557\" data-end=\"1570\">\u00c9paisseur<\/strong> : Fine et \u00e9l\u00e9gante pour une finition impeccable<br data-start=\"1618\" data-end=\"1621\" \/>\u2714 <strong data-start=\"1623\" data-end=\"1635\">Finition<\/strong> : Rose poudr\u00e9 mat, lisse et uniforme<br data-start=\"1672\" data-end=\"1675\" \/>\u2714 <strong data-start=\"1677\" data-end=\"1689\">Mat\u00e9riau<\/strong> : C\u00e9ramique haut de gamme, r\u00e9sistante et durable<br data-start=\"1738\" data-end=\"1741\" \/>\u2714 <strong data-start=\"1743\" data-end=\"1751\">Pose<\/strong> : Murale, id\u00e9ale pour toutes les pi\u00e8ces int\u00e9rieures<br data-start=\"1803\" data-end=\"1806\" \/>\u2714 <strong data-start=\"1808\" data-end=\"1823\">Utilisation<\/strong> : Salle de bain, cuisine, cr\u00e9dence, salon, boutique, h\u00f4tel<br data-start=\"1882\" data-end=\"1885\" \/>\u2714 <strong data-start=\"1887\" data-end=\"1900\">Entretien<\/strong> : Facile \u00e0 nettoyer, r\u00e9sistant aux taches et \u00e0 l\u2019humidit\u00e9<\/p>\n<hr data-start=\"1962\" data-end=\"1965\" \/>\n<h2 data-start=\"1967\" data-end=\"2033\"><strong data-start=\"1970\" data-end=\"2033\">Pourquoi choisir le carrelage Relieve QZ Uno Plain Powder ?<\/strong><\/h2>\n<p data-start=\"2034\" data-end=\"2393\">\u2705 <strong data-start=\"2036\" data-end=\"2062\">Finition mate \u00e9l\u00e9gante<\/strong> : Un rendu doux et raffin\u00e9<br data-start=\"2089\" data-end=\"2092\" \/>\u2705 <strong data-start=\"2094\" data-end=\"2129\">Teinte rose poudr\u00e9 intemporelle<\/strong> : Id\u00e9ale pour une ambiance douce et chaleureuse<br data-start=\"2177\" data-end=\"2180\" \/>\u2705 <strong data-start=\"2182\" data-end=\"2197\">Polyvalence<\/strong> : Convient aux espaces r\u00e9sidentiels et commerciaux<br data-start=\"2248\" data-end=\"2251\" \/>\u2705 <strong data-start=\"2253\" data-end=\"2277\">Facilit\u00e9 d\u2019entretien<\/strong> : Un simple coup d\u2019\u00e9ponge suffit<br data-start=\"2310\" data-end=\"2313\" \/>\u2705 <strong data-start=\"2315\" data-end=\"2342\">Installation simplifi\u00e9e<\/strong> : Compatible avec diff\u00e9rentes techniques de pose<\/p>\n<hr data-start=\"2395\" data-end=\"2398\" \/>\n<h2 data-start=\"2400\" data-end=\"2456\"><strong data-start=\"2403\" data-end=\"2456\">Id\u00e9es d\u2019associations pour un int\u00e9rieur harmonieux<\/strong><\/h2>\n<ul data-start=\"2457\" data-end=\"2766\">\n<li data-start=\"2457\" data-end=\"2556\"><strong data-start=\"2459\" data-end=\"2492\">Pour un style scandinave doux<\/strong> : Associez ce carrelage avec du bois clair et du blanc cass\u00e9.<\/li>\n<li data-start=\"2557\" data-end=\"2652\"><strong data-start=\"2559\" data-end=\"2592\">Pour une ambiance boh\u00e8me chic<\/strong> : Mariez-le avec du rotin et des textiles en lin naturel.<\/li>\n<li data-start=\"2653\" data-end=\"2766\"><strong data-start=\"2655\" data-end=\"2689\">Pour un effet moderne et \u00e9pur\u00e9<\/strong> : Optez pour des accessoires en laiton et des touches de beige ou de gris.<\/li>\n<\/ul>\n<p data-start=\"2768\" data-end=\"2942\">\ud83d\udce6 <strong data-start=\"2771\" data-end=\"2794\">Disponible rapidement<\/strong> \u2013 Commandez d\u00e8s maintenant sur <strong data-start=\"2826\" data-end=\"2844\">homeproject.fr<\/strong> et cr\u00e9ez un int\u00e9rieur doux et raffin\u00e9 avec le <strong data-start=\"2891\" data-end=\"2938\">carrelage mural Relieve QZ Uno Plain Powder<\/strong> !<\/p>\n<p data-start=\"2944\" data-end=\"3034\">\ud83d\udee0 <strong data-start=\"2947\" data-end=\"2971\">Besoin de conseils ?<\/strong> Nos experts en d\u00e9coration vous accompagnent dans votre projet.<\/p>\n<h2 data-start=\"933\" data-end=\"1007\"><strong style=\"font-family: inherit; font-size: 30px;\">Vous avez des questions ?<\/strong><\/h2>\n<style id=\"wpforms-css-vars-3675\">\n\t\t\t\t#wpforms-3675 {\n\t\t\t\t\n\t\t\t}\n\t\t\t<\/style><div class=\"wpforms-container wpforms-container-full wpforms-render-modern\" id=\"wpforms-3675\"><form id=\"wpforms-form-3675\" class=\"wpforms-validate wpforms-form wpforms-ajax-form\" data-formid=\"3675\" method=\"post\" enctype=\"multipart\/form-data\" action=\"\/fr\/wp-json\/wp\/v2\/product\/10624\" data-token=\"40ada6e9151c970e4278e2da3e5409c5\" data-token-time=\"1777925954\"><noscript class=\"wpforms-error-noscript\">Veuillez activer JavaScript dans votre navigateur pour remplir ce formulaire.<\/noscript><div id=\"wpforms-error-noscript\" style=\"display: none;\">Veuillez activer JavaScript dans votre navigateur pour remplir ce formulaire.<\/div><div class=\"wpforms-field-container\"><div id=\"wpforms-3675-field_3-container\" class=\"wpforms-field wpforms-field-name\" data-field-id=\"3\"><fieldset><legend class=\"wpforms-field-label\">Nom <span class=\"wpforms-required-label\" aria-hidden=\"true\">*<\/span><\/legend><div class=\"wpforms-field-row wpforms-field-medium\"><div class=\"wpforms-field-row-block wpforms-first wpforms-one-half\"><input type=\"text\" id=\"wpforms-3675-field_3\" class=\"wpforms-field-name-first wpforms-field-required\" name=\"wpforms[fields][3][first]\" aria-errormessage=\"wpforms-3675-field_3-error\" required><label for=\"wpforms-3675-field_3\" class=\"wpforms-field-sublabel after\">Pr\u00e9nom<\/label><\/div><div class=\"wpforms-field-row-block wpforms-one-half\"><input type=\"text\" id=\"wpforms-3675-field_3-last\" class=\"wpforms-field-name-last wpforms-field-required\" name=\"wpforms[fields][3][last]\" aria-errormessage=\"wpforms-3675-field_3-last-error\" required><label for=\"wpforms-3675-field_3-last\" class=\"wpforms-field-sublabel after\">Nom<\/label><\/div><\/div><\/fieldset><\/div>\t\t<div id=\"wpforms-3675-field_1-container\"\n\t\t\tclass=\"wpforms-field wpforms-field-text\"\n\t\t\tdata-field-type=\"text\"\n\t\t\tdata-field-id=\"1\"\n\t\t\t>\n\t\t\t<label class=\"wpforms-field-label\" for=\"wpforms-3675-field_1\" >Nom Message E-mail<\/label>\n\t\t\t<input type=\"text\" id=\"wpforms-3675-field_1\" class=\"wpforms-field-medium\" name=\"wpforms[fields][1]\" >\n\t\t<\/div>\n\t\t<div id=\"wpforms-3675-field_4-container\" class=\"wpforms-field wpforms-field-email\" data-field-id=\"4\"><label class=\"wpforms-field-label\" for=\"wpforms-3675-field_4\">E-mail <span class=\"wpforms-required-label\" aria-hidden=\"true\">*<\/span><\/label><input type=\"email\" id=\"wpforms-3675-field_4\" class=\"wpforms-field-medium wpforms-field-required\" name=\"wpforms[fields][4]\" spellcheck=\"false\" aria-errormessage=\"wpforms-3675-field_4-error\" required><\/div><div id=\"wpforms-3675-field_5-container\" class=\"wpforms-field wpforms-field-textarea\" data-field-id=\"5\"><label class=\"wpforms-field-label\" for=\"wpforms-3675-field_5\">Message <span class=\"wpforms-required-label\" aria-hidden=\"true\">*<\/span><\/label><textarea id=\"wpforms-3675-field_5\" class=\"wpforms-field-medium wpforms-field-required\" name=\"wpforms[fields][5]\" aria-errormessage=\"wpforms-3675-field_5-error\" required><\/textarea><\/div><script>\n\t\t\t\t( function() {\n\t\t\t\t\tconst style = document.createElement( 'style' );\n\t\t\t\t\tstyle.appendChild( document.createTextNode( '#wpforms-3675-field_1-container { position: absolute !important; overflow: hidden !important; display: inline !important; height: 1px !important; width: 1px !important; z-index: -1000 !important; padding: 0 !important; } #wpforms-3675-field_1-container input { visibility: hidden; } #wpforms-conversational-form-page #wpforms-3675-field_1-container label { counter-increment: none; }' ) );\n\t\t\t\t\tdocument.head.appendChild( style );\n\t\t\t\t\tdocument.currentScript?.remove();\n\t\t\t\t} )();\n\t\t\t<\/script><\/div><!-- .wpforms-field-container --><div class=\"wpforms-submit-container\" ><input type=\"hidden\" name=\"wpforms[id]\" value=\"3675\"><input type=\"hidden\" name=\"page_title\" value=\"\"><input type=\"hidden\" name=\"page_url\" value=\"https:\/\/homeproject.fr\/fr\/wp-json\/wp\/v2\/product\/10624\"><input type=\"hidden\" name=\"url_referer\" value=\"\"><button type=\"submit\" name=\"wpforms[submit]\" id=\"wpforms-submit-3675\" class=\"wpforms-submit\" data-alt-text=\"Envoi...\" data-submit-text=\"Envoyer\" aria-live=\"assertive\" value=\"wpforms-submit\">Envoyer<\/button><img decoding=\"async\" src=\"https:\/\/homeproject.fr\/fr\/wp-content\/plugins\/wpforms-lite\/assets\/images\/submit-spin.svg\" class=\"wpforms-submit-spinner\" style=\"display: none;\" width=\"26\" height=\"26\" alt=\"Chargement en cours\"><\/div><\/form><\/div>  <!-- .wpforms-container -->\n","protected":false},"excerpt":{"rendered":"<p data-start=\"289\" data-end=\"594\">Apportez une <strong data-start=\"302\" data-end=\"340\">atmosph\u00e8re d\u00e9licate et chaleureuse<\/strong> \u00e0 vos espaces avec le <strong data-start=\"363\" data-end=\"416\">carrelage mural lisse Relieve QZ Uno Plain Powder<\/strong>. Son <strong data-start=\"422\" data-end=\"449\">rose poudr\u00e9 doux et mat<\/strong>, combin\u00e9 \u00e0 une <strong data-start=\"465\" data-end=\"495\">finition lisse et \u00e9l\u00e9gante<\/strong>, en fait un \u00e9l\u00e9ment de d\u00e9coration raffin\u00e9 pour les <strong data-start=\"547\" data-end=\"593\">salles de bain, cuisines et espaces de vie<\/strong>.<\/p>\n<p data-start=\"596\" data-end=\"920\">Avec son <strong data-start=\"605\" data-end=\"637\">format rectangulaire 5&#215;20 cm<\/strong>, ce carrelage en c\u00e9ramique permet de jouer sur les <strong data-start=\"689\" data-end=\"707\">motifs de pose<\/strong> et de cr\u00e9er une <strong data-start=\"724\" data-end=\"761\">ambiance feutr\u00e9e et contemporaine<\/strong>. Son aspect uni et mat s\u2019int\u00e8gre parfaitement aux <strong data-start=\"812\" data-end=\"864\">int\u00e9rieurs modernes, scandinaves et minimalistes<\/strong>, tout en apportant une <strong data-start=\"888\" data-end=\"919\">note chaleureuse et subtile<\/strong>.<\/p>\n","protected":false},"featured_media":10622,"template":"","meta":{"_uf_show_specific_survey":0,"_uf_disable_surveys":false,"iawp_total_views":25},"product_brand":[],"product_cat":[20,131],"product_tag":[],"class_list":{"0":"post-10624","1":"product","2":"type-product","3":"status-publish","4":"has-post-thumbnail","6":"product_cat-carrelage","7":"product_cat-carrelage-mural","8":"product_shipping_class-carrelage","9":"pa_collection-relieve-qz-uno","10":"pa_dimensions-nominales-5x20","11":"pa_effet-uni","12":"pa_epaisseur-8mm","13":"pa_materiau-faience","15":"first","16":"instock","17":"sale","18":"taxable","19":"shipping-taxable","20":"purchasable","21":"product-type-simple"},"yoast_head":"<!-- This site is optimized with the Yoast SEO plugin v27.5 - https:\/\/yoast.com\/product\/yoast-seo-wordpress\/ -->\n<title>Carrelage mural uni RELIEVE QZ UNO Plain Powder 5 \u00d7 20 cm - Homeproject.fr<\/title>\n<meta name=\"robots\" content=\"index, follow, max-snippet:-1, max-image-preview:large, max-video-preview:-1\" \/>\n<link rel=\"canonical\" href=\"https:\/\/homeproject.fr\/fr\/produit\/carrelage-mural-uni-relieve-qz-uno-plain-powder-5-x-20-cm\/\" \/>\n<meta property=\"og:locale\" content=\"fr_FR\" \/>\n<meta property=\"og:type\" content=\"article\" \/>\n<meta property=\"og:title\" content=\"Carrelage mural uni RELIEVE QZ UNO Plain Powder 5 \u00d7 20 cm - Homeproject.fr\" \/>\n<meta property=\"og:description\" content=\"Apportez une atmosph\u00e8re d\u00e9licate et chaleureuse \u00e0 vos espaces avec le carrelage mural lisse Relieve QZ Uno Plain Powder. Son rose poudr\u00e9 doux et mat, combin\u00e9 \u00e0 une finition lisse et \u00e9l\u00e9gante, en fait un \u00e9l\u00e9ment de d\u00e9coration raffin\u00e9 pour les salles de bain, cuisines et espaces de vie. Avec son format rectangulaire 5x20 cm, ce carrelage en c\u00e9ramique permet de jouer sur les motifs de pose et de cr\u00e9er une ambiance feutr\u00e9e et contemporaine. Son aspect uni et mat s\u2019int\u00e8gre parfaitement aux int\u00e9rieurs modernes, scandinaves et minimalistes, tout en apportant une note chaleureuse et subtile.\" \/>\n<meta property=\"og:url\" content=\"https:\/\/homeproject.fr\/fr\/produit\/carrelage-mural-uni-relieve-qz-uno-plain-powder-5-x-20-cm\/\" \/>\n<meta property=\"og:site_name\" content=\"Homeproject.fr\" \/>\n<meta property=\"article:modified_time\" content=\"2025-02-17T17:40:59+00:00\" \/>\n<meta property=\"og:image\" content=\"https:\/\/homeproject.fr\/fr\/wp-content\/uploads\/2025\/02\/Carrelage-mural-lisse-uni-rose-Relieve-QZ-Uno-Plain-Powder.jpg\" \/>\n\t<meta property=\"og:image:width\" content=\"1200\" \/>\n\t<meta property=\"og:image:height\" content=\"1200\" \/>\n\t<meta property=\"og:image:type\" content=\"image\/jpeg\" \/>\n<meta name=\"twitter:card\" content=\"summary_large_image\" \/>\n<meta name=\"twitter:label1\" content=\"Dur\u00e9e de lecture estim\u00e9e\" \/>\n\t<meta name=\"twitter:data1\" content=\"2 minutes\" \/>\n<script type=\"application\/ld+json\" class=\"yoast-schema-graph\">{\"@context\":\"https:\\\/\\\/schema.org\",\"@graph\":[{\"@type\":\"WebPage\",\"@id\":\"https:\\\/\\\/homeproject.fr\\\/fr\\\/produit\\\/carrelage-mural-uni-relieve-qz-uno-plain-powder-5-x-20-cm\\\/\",\"url\":\"https:\\\/\\\/homeproject.fr\\\/fr\\\/produit\\\/carrelage-mural-uni-relieve-qz-uno-plain-powder-5-x-20-cm\\\/\",\"name\":\"Carrelage mural uni RELIEVE QZ UNO Plain Powder 5 \u00d7 20 cm - Homeproject.fr\",\"isPartOf\":{\"@id\":\"https:\\\/\\\/homeproject.fr\\\/fr\\\/#website\"},\"primaryImageOfPage\":{\"@id\":\"https:\\\/\\\/homeproject.fr\\\/fr\\\/produit\\\/carrelage-mural-uni-relieve-qz-uno-plain-powder-5-x-20-cm\\\/#primaryimage\"},\"image\":{\"@id\":\"https:\\\/\\\/homeproject.fr\\\/fr\\\/produit\\\/carrelage-mural-uni-relieve-qz-uno-plain-powder-5-x-20-cm\\\/#primaryimage\"},\"thumbnailUrl\":\"https:\\\/\\\/homeproject.fr\\\/fr\\\/wp-content\\\/uploads\\\/2025\\\/02\\\/Carrelage-mural-lisse-uni-rose-Relieve-QZ-Uno-Plain-Powder.jpg\",\"datePublished\":\"2025-02-17T17:22:07+00:00\",\"dateModified\":\"2025-02-17T17:40:59+00:00\",\"breadcrumb\":{\"@id\":\"https:\\\/\\\/homeproject.fr\\\/fr\\\/produit\\\/carrelage-mural-uni-relieve-qz-uno-plain-powder-5-x-20-cm\\\/#breadcrumb\"},\"inLanguage\":\"fr-FR\",\"potentialAction\":[{\"@type\":\"ReadAction\",\"target\":[\"https:\\\/\\\/homeproject.fr\\\/fr\\\/produit\\\/carrelage-mural-uni-relieve-qz-uno-plain-powder-5-x-20-cm\\\/\"]}]},{\"@type\":\"ImageObject\",\"inLanguage\":\"fr-FR\",\"@id\":\"https:\\\/\\\/homeproject.fr\\\/fr\\\/produit\\\/carrelage-mural-uni-relieve-qz-uno-plain-powder-5-x-20-cm\\\/#primaryimage\",\"url\":\"https:\\\/\\\/homeproject.fr\\\/fr\\\/wp-content\\\/uploads\\\/2025\\\/02\\\/Carrelage-mural-lisse-uni-rose-Relieve-QZ-Uno-Plain-Powder.jpg\",\"contentUrl\":\"https:\\\/\\\/homeproject.fr\\\/fr\\\/wp-content\\\/uploads\\\/2025\\\/02\\\/Carrelage-mural-lisse-uni-rose-Relieve-QZ-Uno-Plain-Powder.jpg\",\"width\":1200,\"height\":1200},{\"@type\":\"BreadcrumbList\",\"@id\":\"https:\\\/\\\/homeproject.fr\\\/fr\\\/produit\\\/carrelage-mural-uni-relieve-qz-uno-plain-powder-5-x-20-cm\\\/#breadcrumb\",\"itemListElement\":[{\"@type\":\"ListItem\",\"position\":1,\"name\":\"Accueil\",\"item\":\"https:\\\/\\\/homeproject.fr\\\/fr\\\/\"},{\"@type\":\"ListItem\",\"position\":2,\"name\":\"Boutique\",\"item\":\"https:\\\/\\\/homeproject.fr\\\/fr\\\/boutique\\\/\"},{\"@type\":\"ListItem\",\"position\":3,\"name\":\"Carrelage mural uni RELIEVE QZ UNO Plain Powder 5 \u00d7 20 cm\"}]},{\"@type\":\"WebSite\",\"@id\":\"https:\\\/\\\/homeproject.fr\\\/fr\\\/#website\",\"url\":\"https:\\\/\\\/homeproject.fr\\\/fr\\\/\",\"name\":\"Homeproject.fr\",\"description\":\"Offrez l&#039;exceptionnel \u00e0 vos espaces \u00e0 vivre\",\"publisher\":{\"@id\":\"https:\\\/\\\/homeproject.fr\\\/fr\\\/#organization\"},\"potentialAction\":[{\"@type\":\"SearchAction\",\"target\":{\"@type\":\"EntryPoint\",\"urlTemplate\":\"https:\\\/\\\/homeproject.fr\\\/fr\\\/?s={search_term_string}\"},\"query-input\":{\"@type\":\"PropertyValueSpecification\",\"valueRequired\":true,\"valueName\":\"search_term_string\"}}],\"inLanguage\":\"fr-FR\"},{\"@type\":\"Organization\",\"@id\":\"https:\\\/\\\/homeproject.fr\\\/fr\\\/#organization\",\"name\":\"Homeproject.fr\",\"url\":\"https:\\\/\\\/homeproject.fr\\\/fr\\\/\",\"logo\":{\"@type\":\"ImageObject\",\"inLanguage\":\"fr-FR\",\"@id\":\"https:\\\/\\\/homeproject.fr\\\/fr\\\/#\\\/schema\\\/logo\\\/image\\\/\",\"url\":\"https:\\\/\\\/homeproject.fr\\\/fr\\\/wp-content\\\/uploads\\\/2024\\\/12\\\/Logo_HomeProject-noir-2.png\",\"contentUrl\":\"https:\\\/\\\/homeproject.fr\\\/fr\\\/wp-content\\\/uploads\\\/2024\\\/12\\\/Logo_HomeProject-noir-2.png\",\"width\":300,\"height\":91,\"caption\":\"Homeproject.fr\"},\"image\":{\"@id\":\"https:\\\/\\\/homeproject.fr\\\/fr\\\/#\\\/schema\\\/logo\\\/image\\\/\"}}]}<\/script>\n<!-- \/ Yoast SEO plugin. -->","yoast_head_json":{"title":"Carrelage mural uni RELIEVE QZ UNO Plain Powder 5 \u00d7 20 cm - Homeproject.fr","robots":{"index":"index","follow":"follow","max-snippet":"max-snippet:-1","max-image-preview":"max-image-preview:large","max-video-preview":"max-video-preview:-1"},"canonical":"https:\/\/homeproject.fr\/fr\/produit\/carrelage-mural-uni-relieve-qz-uno-plain-powder-5-x-20-cm\/","og_locale":"fr_FR","og_type":"article","og_title":"Carrelage mural uni RELIEVE QZ UNO Plain Powder 5 \u00d7 20 cm - Homeproject.fr","og_description":"Apportez une atmosph\u00e8re d\u00e9licate et chaleureuse \u00e0 vos espaces avec le carrelage mural lisse Relieve QZ Uno Plain Powder. Son rose poudr\u00e9 doux et mat, combin\u00e9 \u00e0 une finition lisse et \u00e9l\u00e9gante, en fait un \u00e9l\u00e9ment de d\u00e9coration raffin\u00e9 pour les salles de bain, cuisines et espaces de vie. Avec son format rectangulaire 5x20 cm, ce carrelage en c\u00e9ramique permet de jouer sur les motifs de pose et de cr\u00e9er une ambiance feutr\u00e9e et contemporaine. Son aspect uni et mat s\u2019int\u00e8gre parfaitement aux int\u00e9rieurs modernes, scandinaves et minimalistes, tout en apportant une note chaleureuse et subtile.","og_url":"https:\/\/homeproject.fr\/fr\/produit\/carrelage-mural-uni-relieve-qz-uno-plain-powder-5-x-20-cm\/","og_site_name":"Homeproject.fr","article_modified_time":"2025-02-17T17:40:59+00:00","og_image":[{"width":1200,"height":1200,"url":"https:\/\/homeproject.fr\/fr\/wp-content\/uploads\/2025\/02\/Carrelage-mural-lisse-uni-rose-Relieve-QZ-Uno-Plain-Powder.jpg","type":"image\/jpeg"}],"twitter_card":"summary_large_image","twitter_misc":{"Dur\u00e9e de lecture estim\u00e9e":"2 minutes"},"schema":{"@context":"https:\/\/schema.org","@graph":[{"@type":"WebPage","@id":"https:\/\/homeproject.fr\/fr\/produit\/carrelage-mural-uni-relieve-qz-uno-plain-powder-5-x-20-cm\/","url":"https:\/\/homeproject.fr\/fr\/produit\/carrelage-mural-uni-relieve-qz-uno-plain-powder-5-x-20-cm\/","name":"Carrelage mural uni RELIEVE QZ UNO Plain Powder 5 \u00d7 20 cm - Homeproject.fr","isPartOf":{"@id":"https:\/\/homeproject.fr\/fr\/#website"},"primaryImageOfPage":{"@id":"https:\/\/homeproject.fr\/fr\/produit\/carrelage-mural-uni-relieve-qz-uno-plain-powder-5-x-20-cm\/#primaryimage"},"image":{"@id":"https:\/\/homeproject.fr\/fr\/produit\/carrelage-mural-uni-relieve-qz-uno-plain-powder-5-x-20-cm\/#primaryimage"},"thumbnailUrl":"https:\/\/homeproject.fr\/fr\/wp-content\/uploads\/2025\/02\/Carrelage-mural-lisse-uni-rose-Relieve-QZ-Uno-Plain-Powder.jpg","datePublished":"2025-02-17T17:22:07+00:00","dateModified":"2025-02-17T17:40:59+00:00","breadcrumb":{"@id":"https:\/\/homeproject.fr\/fr\/produit\/carrelage-mural-uni-relieve-qz-uno-plain-powder-5-x-20-cm\/#breadcrumb"},"inLanguage":"fr-FR","potentialAction":[{"@type":"ReadAction","target":["https:\/\/homeproject.fr\/fr\/produit\/carrelage-mural-uni-relieve-qz-uno-plain-powder-5-x-20-cm\/"]}]},{"@type":"ImageObject","inLanguage":"fr-FR","@id":"https:\/\/homeproject.fr\/fr\/produit\/carrelage-mural-uni-relieve-qz-uno-plain-powder-5-x-20-cm\/#primaryimage","url":"https:\/\/homeproject.fr\/fr\/wp-content\/uploads\/2025\/02\/Carrelage-mural-lisse-uni-rose-Relieve-QZ-Uno-Plain-Powder.jpg","contentUrl":"https:\/\/homeproject.fr\/fr\/wp-content\/uploads\/2025\/02\/Carrelage-mural-lisse-uni-rose-Relieve-QZ-Uno-Plain-Powder.jpg","width":1200,"height":1200},{"@type":"BreadcrumbList","@id":"https:\/\/homeproject.fr\/fr\/produit\/carrelage-mural-uni-relieve-qz-uno-plain-powder-5-x-20-cm\/#breadcrumb","itemListElement":[{"@type":"ListItem","position":1,"name":"Accueil","item":"https:\/\/homeproject.fr\/fr\/"},{"@type":"ListItem","position":2,"name":"Boutique","item":"https:\/\/homeproject.fr\/fr\/boutique\/"},{"@type":"ListItem","position":3,"name":"Carrelage mural uni RELIEVE QZ UNO Plain Powder 5 \u00d7 20 cm"}]},{"@type":"WebSite","@id":"https:\/\/homeproject.fr\/fr\/#website","url":"https:\/\/homeproject.fr\/fr\/","name":"Homeproject.fr","description":"Offrez l&#039;exceptionnel \u00e0 vos espaces \u00e0 vivre","publisher":{"@id":"https:\/\/homeproject.fr\/fr\/#organization"},"potentialAction":[{"@type":"SearchAction","target":{"@type":"EntryPoint","urlTemplate":"https:\/\/homeproject.fr\/fr\/?s={search_term_string}"},"query-input":{"@type":"PropertyValueSpecification","valueRequired":true,"valueName":"search_term_string"}}],"inLanguage":"fr-FR"},{"@type":"Organization","@id":"https:\/\/homeproject.fr\/fr\/#organization","name":"Homeproject.fr","url":"https:\/\/homeproject.fr\/fr\/","logo":{"@type":"ImageObject","inLanguage":"fr-FR","@id":"https:\/\/homeproject.fr\/fr\/#\/schema\/logo\/image\/","url":"https:\/\/homeproject.fr\/fr\/wp-content\/uploads\/2024\/12\/Logo_HomeProject-noir-2.png","contentUrl":"https:\/\/homeproject.fr\/fr\/wp-content\/uploads\/2024\/12\/Logo_HomeProject-noir-2.png","width":300,"height":91,"caption":"Homeproject.fr"},"image":{"@id":"https:\/\/homeproject.fr\/fr\/#\/schema\/logo\/image\/"}}]}},"_links":{"self":[{"href":"https:\/\/homeproject.fr\/fr\/wp-json\/wp\/v2\/product\/10624","targetHints":{"allow":["GET"]}}],"collection":[{"href":"https:\/\/homeproject.fr\/fr\/wp-json\/wp\/v2\/product"}],"about":[{"href":"https:\/\/homeproject.fr\/fr\/wp-json\/wp\/v2\/types\/product"}],"version-history":[{"count":1,"href":"https:\/\/homeproject.fr\/fr\/wp-json\/wp\/v2\/product\/10624\/revisions"}],"predecessor-version":[{"id":10626,"href":"https:\/\/homeproject.fr\/fr\/wp-json\/wp\/v2\/product\/10624\/revisions\/10626"}],"wp:featuredmedia":[{"embeddable":true,"href":"https:\/\/homeproject.fr\/fr\/wp-json\/wp\/v2\/media\/10622"}],"wp:attachment":[{"href":"https:\/\/homeproject.fr\/fr\/wp-json\/wp\/v2\/media?parent=10624"}],"wp:term":[{"taxonomy":"product_brand","embeddable":true,"href":"https:\/\/homeproject.fr\/fr\/wp-json\/wp\/v2\/product_brand?post=10624"},{"taxonomy":"product_cat","embeddable":true,"href":"https:\/\/homeproject.fr\/fr\/wp-json\/wp\/v2\/product_cat?post=10624"},{"taxonomy":"product_tag","embeddable":true,"href":"https:\/\/homeproject.fr\/fr\/wp-json\/wp\/v2\/product_tag?post=10624"}],"curies":[{"name":"wp","href":"https:\/\/api.w.org\/{rel}","templated":true}]}}