{"id":10619,"date":"2025-02-17T16:38:03","date_gmt":"2025-02-17T16:38:03","guid":{"rendered":"https:\/\/homeproject.fr\/fr\/?post_type=product&#038;p=10619"},"modified":"2025-02-17T17:40:47","modified_gmt":"2025-02-17T17:40:47","slug":"carrelage-mural-uni-relieve-qz-uno-plain-bordeaux-5-x-20-cm","status":"publish","type":"product","link":"https:\/\/homeproject.fr\/fr\/produit\/carrelage-mural-uni-relieve-qz-uno-plain-bordeaux-5-x-20-cm\/","title":{"rendered":"Carrelage mural uni RELIEVE QZ UNO Plain Bordeaux 5 \u00d7 20 cm"},"content":{"rendered":"<p><strong><a href=\"https:\/\/homeproject.fr\/fr\/produit\/echantillon-carrelage-mural-relieve-qz-uno-plain-bordeaux\/\">Commander un \u00e9chantillon<\/a><\/strong><\/p>\n<h2 data-start=\"933\" data-end=\"1007\"><strong data-start=\"936\" data-end=\"1007\">Un carrelage mural rouge bordeaux pour une ambiance feutr\u00e9e et chic<\/strong><\/h2>\n<p data-start=\"1008\" data-end=\"1255\">Le <strong data-start=\"1011\" data-end=\"1044\">Relieve QZ Uno Plain Bordeaux<\/strong> s\u00e9duit par son <strong data-start=\"1060\" data-end=\"1094\">coloris intense et enveloppant<\/strong>, id\u00e9al pour cr\u00e9er une <strong data-start=\"1117\" data-end=\"1148\">atmosph\u00e8re cosy et \u00e9l\u00e9gante<\/strong>. Son <strong data-start=\"1154\" data-end=\"1175\">aspect uni et mat<\/strong> sublime la lumi\u00e8re et permet des compositions d\u00e9coratives riches en contrastes.<\/p>\n<p data-start=\"1257\" data-end=\"1408\">\ud83d\udca1 <strong data-start=\"1260\" data-end=\"1275\">Astuce d\u00e9co<\/strong> : Associez ce carrelage avec du laiton, des accessoires en bois fonc\u00e9 ou des finitions noires pour un effet luxueux et contemporain.<\/p>\n<hr data-start=\"1410\" data-end=\"1413\" \/>\n<h2 data-start=\"1415\" data-end=\"1492\"><strong data-start=\"1418\" data-end=\"1492\">Caract\u00e9ristiques techniques du carrelage Relieve QZ Uno Plain Bordeaux<\/strong><\/h2>\n<p data-start=\"1493\" data-end=\"1933\">\u2714 <strong data-start=\"1495\" data-end=\"1509\">Dimensions<\/strong> : 5\u00d720 cm<br data-start=\"1519\" data-end=\"1522\" \/>\u2714 <strong data-start=\"1524\" data-end=\"1537\">\u00c9paisseur<\/strong> : Fine et \u00e9l\u00e9gante pour une finition impeccable<br data-start=\"1585\" data-end=\"1588\" \/>\u2714 <strong data-start=\"1590\" data-end=\"1602\">Finition<\/strong> : Rouge bordeaux mat, lisse et uniforme<br data-start=\"1642\" data-end=\"1645\" \/>\u2714 <strong data-start=\"1647\" data-end=\"1659\">Mat\u00e9riau<\/strong> : C\u00e9ramique de haute qualit\u00e9, r\u00e9sistante et durable<br data-start=\"1711\" data-end=\"1714\" \/>\u2714 <strong data-start=\"1716\" data-end=\"1724\">Pose<\/strong> : Murale, id\u00e9ale pour toutes les pi\u00e8ces int\u00e9rieures<br data-start=\"1776\" data-end=\"1779\" \/>\u2714 <strong data-start=\"1781\" data-end=\"1796\">Utilisation<\/strong> : Salle de bain, cuisine, cr\u00e9dence, salon, h\u00f4tel, boutique<br data-start=\"1855\" data-end=\"1858\" \/>\u2714 <strong data-start=\"1860\" data-end=\"1873\">Entretien<\/strong> : Facile \u00e0 nettoyer, r\u00e9sistant aux taches et \u00e0 l\u2019humidit\u00e9<\/p>\n<hr data-start=\"1935\" data-end=\"1938\" \/>\n<h2 data-start=\"1940\" data-end=\"2008\"><strong data-start=\"1943\" data-end=\"2008\">Pourquoi choisir le carrelage Relieve QZ Uno Plain Bordeaux ?<\/strong><\/h2>\n<p data-start=\"2009\" data-end=\"2381\">\u2705 <strong data-start=\"2011\" data-end=\"2037\">Finition mate \u00e9l\u00e9gante<\/strong> : Un rendu sobre et raffin\u00e9<br data-start=\"2065\" data-end=\"2068\" \/>\u2705 <strong data-start=\"2070\" data-end=\"2103\">Teinte rouge bordeaux intense<\/strong> : Parfaite pour une d\u00e9coration chaleureuse et sophistiqu\u00e9e<br data-start=\"2162\" data-end=\"2165\" \/>\u2705 <strong data-start=\"2167\" data-end=\"2182\">Polyvalence<\/strong> : Convient aux int\u00e9rieurs r\u00e9sidentiels et commerciaux<br data-start=\"2236\" data-end=\"2239\" \/>\u2705 <strong data-start=\"2241\" data-end=\"2265\">Facilit\u00e9 d\u2019entretien<\/strong> : Un simple coup d\u2019\u00e9ponge suffit<br data-start=\"2298\" data-end=\"2301\" \/>\u2705 <strong data-start=\"2303\" data-end=\"2330\">Installation simplifi\u00e9e<\/strong> : Compatible avec diff\u00e9rentes techniques de pose<\/p>\n<hr data-start=\"2383\" data-end=\"2386\" \/>\n<h2 data-start=\"2388\" data-end=\"2444\"><strong data-start=\"2391\" data-end=\"2444\">Id\u00e9es d\u2019associations pour un int\u00e9rieur harmonieux<\/strong><\/h2>\n<ul data-start=\"2445\" data-end=\"2764\">\n<li data-start=\"2445\" data-end=\"2552\"><strong data-start=\"2447\" data-end=\"2474\">Pour un look r\u00e9tro chic<\/strong> : Associez ce carrelage avec du laiton et des accessoires en verre textur\u00e9.<\/li>\n<li data-start=\"2553\" data-end=\"2656\"><strong data-start=\"2555\" data-end=\"2596\">Pour une ambiance feutr\u00e9e et \u00e9l\u00e9gante<\/strong> : Mariez-le avec du velours et des touches de bois fonc\u00e9.<\/li>\n<li data-start=\"2657\" data-end=\"2764\"><strong data-start=\"2659\" data-end=\"2697\">Pour un effet moderne et audacieux<\/strong> : Optez pour un contraste avec du noir et des luminaires design.<\/li>\n<\/ul>\n<p data-start=\"2766\" data-end=\"2942\">\ud83d\udce6 <strong data-start=\"2769\" data-end=\"2792\">Disponible rapidement<\/strong> \u2013 Commandez d\u00e8s maintenant sur <strong data-start=\"2824\" data-end=\"2842\">homeproject.fr<\/strong> et donnez du cachet \u00e0 votre int\u00e9rieur avec le <strong data-start=\"2889\" data-end=\"2938\">carrelage mural Relieve QZ Uno Plain Bordeaux<\/strong> !<\/p>\n<p data-start=\"2944\" data-end=\"3063\">\ud83d\udee0 <strong data-start=\"2947\" data-end=\"2971\">Besoin de conseils ?<\/strong> Nos experts en d\u00e9coration sont \u00e0 votre disposition pour vous accompagner dans votre projet.<\/p>\n<h2 data-start=\"912\" data-end=\"991\"><strong style=\"font-family: inherit; font-size: 30px;\">Vous avez des questions ?<\/strong><\/h2>\n<style id=\"wpforms-css-vars-3675\">\n\t\t\t\t#wpforms-3675 {\n\t\t\t\t\n\t\t\t}\n\t\t\t<\/style><div class=\"wpforms-container wpforms-container-full wpforms-render-modern\" id=\"wpforms-3675\"><form id=\"wpforms-form-3675\" class=\"wpforms-validate wpforms-form wpforms-ajax-form\" data-formid=\"3675\" method=\"post\" enctype=\"multipart\/form-data\" action=\"\/fr\/wp-json\/wp\/v2\/product\/10619\" data-token=\"2921a7ac3408d834be151983965c4ab3\" data-token-time=\"1777942246\"><noscript class=\"wpforms-error-noscript\">Veuillez activer JavaScript dans votre navigateur pour remplir ce formulaire.<\/noscript><div id=\"wpforms-error-noscript\" style=\"display: none;\">Veuillez activer JavaScript dans votre navigateur pour remplir ce formulaire.<\/div><div class=\"wpforms-field-container\">\t\t<div id=\"wpforms-3675-field_1-container\"\n\t\t\tclass=\"wpforms-field wpforms-field-text\"\n\t\t\tdata-field-type=\"text\"\n\t\t\tdata-field-id=\"1\"\n\t\t\t>\n\t\t\t<label class=\"wpforms-field-label\" for=\"wpforms-3675-field_1\" >E-mail Nom Message<\/label>\n\t\t\t<input type=\"text\" id=\"wpforms-3675-field_1\" class=\"wpforms-field-medium\" name=\"wpforms[fields][1]\" >\n\t\t<\/div>\n\t\t<div id=\"wpforms-3675-field_3-container\" class=\"wpforms-field wpforms-field-name\" data-field-id=\"3\"><fieldset><legend class=\"wpforms-field-label\">Nom <span class=\"wpforms-required-label\" aria-hidden=\"true\">*<\/span><\/legend><div class=\"wpforms-field-row wpforms-field-medium\"><div class=\"wpforms-field-row-block wpforms-first wpforms-one-half\"><input type=\"text\" id=\"wpforms-3675-field_3\" class=\"wpforms-field-name-first wpforms-field-required\" name=\"wpforms[fields][3][first]\" aria-errormessage=\"wpforms-3675-field_3-error\" required><label for=\"wpforms-3675-field_3\" class=\"wpforms-field-sublabel after\">Pr\u00e9nom<\/label><\/div><div class=\"wpforms-field-row-block wpforms-one-half\"><input type=\"text\" id=\"wpforms-3675-field_3-last\" class=\"wpforms-field-name-last wpforms-field-required\" name=\"wpforms[fields][3][last]\" aria-errormessage=\"wpforms-3675-field_3-last-error\" required><label for=\"wpforms-3675-field_3-last\" class=\"wpforms-field-sublabel after\">Nom<\/label><\/div><\/div><\/fieldset><\/div><div id=\"wpforms-3675-field_4-container\" class=\"wpforms-field wpforms-field-email\" data-field-id=\"4\"><label class=\"wpforms-field-label\" for=\"wpforms-3675-field_4\">E-mail <span class=\"wpforms-required-label\" aria-hidden=\"true\">*<\/span><\/label><input type=\"email\" id=\"wpforms-3675-field_4\" class=\"wpforms-field-medium wpforms-field-required\" name=\"wpforms[fields][4]\" spellcheck=\"false\" aria-errormessage=\"wpforms-3675-field_4-error\" required><\/div><div id=\"wpforms-3675-field_5-container\" class=\"wpforms-field wpforms-field-textarea\" data-field-id=\"5\"><label class=\"wpforms-field-label\" for=\"wpforms-3675-field_5\">Message <span class=\"wpforms-required-label\" aria-hidden=\"true\">*<\/span><\/label><textarea id=\"wpforms-3675-field_5\" class=\"wpforms-field-medium wpforms-field-required\" name=\"wpforms[fields][5]\" aria-errormessage=\"wpforms-3675-field_5-error\" required><\/textarea><\/div><script>\n\t\t\t\t( function() {\n\t\t\t\t\tconst style = document.createElement( 'style' );\n\t\t\t\t\tstyle.appendChild( document.createTextNode( '#wpforms-3675-field_1-container { position: absolute !important; overflow: hidden !important; display: inline !important; height: 1px !important; width: 1px !important; z-index: -1000 !important; padding: 0 !important; } #wpforms-3675-field_1-container input { visibility: hidden; } #wpforms-conversational-form-page #wpforms-3675-field_1-container label { counter-increment: none; }' ) );\n\t\t\t\t\tdocument.head.appendChild( style );\n\t\t\t\t\tdocument.currentScript?.remove();\n\t\t\t\t} )();\n\t\t\t<\/script><\/div><!-- .wpforms-field-container --><div class=\"wpforms-submit-container\" ><input type=\"hidden\" name=\"wpforms[id]\" value=\"3675\"><input type=\"hidden\" name=\"page_title\" value=\"\"><input type=\"hidden\" name=\"page_url\" value=\"https:\/\/homeproject.fr\/fr\/wp-json\/wp\/v2\/product\/10619\"><input type=\"hidden\" name=\"url_referer\" value=\"\"><button type=\"submit\" name=\"wpforms[submit]\" id=\"wpforms-submit-3675\" class=\"wpforms-submit\" data-alt-text=\"Envoi...\" data-submit-text=\"Envoyer\" aria-live=\"assertive\" value=\"wpforms-submit\">Envoyer<\/button><img decoding=\"async\" src=\"https:\/\/homeproject.fr\/fr\/wp-content\/plugins\/wpforms-lite\/assets\/images\/submit-spin.svg\" class=\"wpforms-submit-spinner\" style=\"display: none;\" width=\"26\" height=\"26\" alt=\"Chargement en cours\"><\/div><\/form><\/div>  <!-- .wpforms-container -->\n","protected":false},"excerpt":{"rendered":"<p data-start=\"299\" data-end=\"616\">Ajoutez une <strong data-start=\"311\" data-end=\"348\">touche de caract\u00e8re et d&rsquo;\u00e9l\u00e9gance<\/strong> \u00e0 votre int\u00e9rieur avec le <strong data-start=\"375\" data-end=\"430\">carrelage mural lisse Relieve QZ Uno Plain Bordeaux<\/strong>. Son <strong data-start=\"436\" data-end=\"477\">rouge bordeaux intense et sophistiqu\u00e9<\/strong>, combin\u00e9 \u00e0 une <strong data-start=\"493\" data-end=\"519\">finition mate velout\u00e9e<\/strong>, en fait un choix parfait pour ceux qui souhaitent une d\u00e9coration <strong data-start=\"586\" data-end=\"615\">chaleureuse et audacieuse<\/strong>.<\/p>\n<p data-start=\"618\" data-end=\"926\">Avec son <strong data-start=\"627\" data-end=\"659\">format rectangulaire 5&#215;20 cm<\/strong>, ce carrelage en c\u00e9ramique s&rsquo;int\u00e8gre facilement dans les <strong data-start=\"717\" data-end=\"774\">salles de bain, cuisines, cr\u00e9dences et espaces de vie<\/strong>, apportant une <strong data-start=\"790\" data-end=\"831\">profondeur unique et un style raffin\u00e9<\/strong>. Sa finition lisse et mate permet de le marier avec une multitude de textures et de mat\u00e9riaux.<\/p>\n","protected":false},"featured_media":10617,"template":"","meta":{"_uf_show_specific_survey":0,"_uf_disable_surveys":false,"iawp_total_views":326},"product_brand":[],"product_cat":[20,131],"product_tag":[],"class_list":{"0":"post-10619","1":"product","2":"type-product","3":"status-publish","4":"has-post-thumbnail","6":"product_cat-carrelage","7":"product_cat-carrelage-mural","8":"product_shipping_class-carrelage","9":"pa_collection-relieve-qz-uno","10":"pa_dimensions-nominales-5x20","11":"pa_effet-uni","12":"pa_epaisseur-8mm","13":"pa_materiau-faience","15":"first","16":"instock","17":"sale","18":"taxable","19":"shipping-taxable","20":"purchasable","21":"product-type-simple"},"yoast_head":"<!-- This site is optimized with the Yoast SEO plugin v27.5 - https:\/\/yoast.com\/product\/yoast-seo-wordpress\/ -->\n<title>Carrelage mural uni RELIEVE QZ UNO Plain Bordeaux 5 \u00d7 20 cm - Homeproject.fr<\/title>\n<meta name=\"robots\" content=\"index, follow, max-snippet:-1, max-image-preview:large, max-video-preview:-1\" \/>\n<link rel=\"canonical\" href=\"https:\/\/homeproject.fr\/fr\/produit\/carrelage-mural-uni-relieve-qz-uno-plain-bordeaux-5-x-20-cm\/\" \/>\n<meta property=\"og:locale\" content=\"fr_FR\" \/>\n<meta property=\"og:type\" content=\"article\" \/>\n<meta property=\"og:title\" content=\"Carrelage mural uni RELIEVE QZ UNO Plain Bordeaux 5 \u00d7 20 cm - Homeproject.fr\" \/>\n<meta property=\"og:description\" content=\"Ajoutez une touche de caract\u00e8re et d&#039;\u00e9l\u00e9gance \u00e0 votre int\u00e9rieur avec le carrelage mural lisse Relieve QZ Uno Plain Bordeaux. Son rouge bordeaux intense et sophistiqu\u00e9, combin\u00e9 \u00e0 une finition mate velout\u00e9e, en fait un choix parfait pour ceux qui souhaitent une d\u00e9coration chaleureuse et audacieuse. Avec son format rectangulaire 5x20 cm, ce carrelage en c\u00e9ramique s&#039;int\u00e8gre facilement dans les salles de bain, cuisines, cr\u00e9dences et espaces de vie, apportant une profondeur unique et un style raffin\u00e9. Sa finition lisse et mate permet de le marier avec une multitude de textures et de mat\u00e9riaux.\" \/>\n<meta property=\"og:url\" content=\"https:\/\/homeproject.fr\/fr\/produit\/carrelage-mural-uni-relieve-qz-uno-plain-bordeaux-5-x-20-cm\/\" \/>\n<meta property=\"og:site_name\" content=\"Homeproject.fr\" \/>\n<meta property=\"article:modified_time\" content=\"2025-02-17T17:40:47+00:00\" \/>\n<meta property=\"og:image\" content=\"https:\/\/homeproject.fr\/fr\/wp-content\/uploads\/2025\/02\/Carrelage-mural-lisse-uni-rouge-Relieve-QZ-Uno-Plain-Bordeaux.jpg\" \/>\n\t<meta property=\"og:image:width\" content=\"1200\" \/>\n\t<meta property=\"og:image:height\" content=\"1200\" \/>\n\t<meta property=\"og:image:type\" content=\"image\/jpeg\" \/>\n<meta name=\"twitter:card\" content=\"summary_large_image\" \/>\n<meta name=\"twitter:label1\" content=\"Dur\u00e9e de lecture estim\u00e9e\" \/>\n\t<meta name=\"twitter:data1\" content=\"2 minutes\" \/>\n<script type=\"application\/ld+json\" class=\"yoast-schema-graph\">{\"@context\":\"https:\\\/\\\/schema.org\",\"@graph\":[{\"@type\":\"WebPage\",\"@id\":\"https:\\\/\\\/homeproject.fr\\\/fr\\\/produit\\\/carrelage-mural-uni-relieve-qz-uno-plain-bordeaux-5-x-20-cm\\\/\",\"url\":\"https:\\\/\\\/homeproject.fr\\\/fr\\\/produit\\\/carrelage-mural-uni-relieve-qz-uno-plain-bordeaux-5-x-20-cm\\\/\",\"name\":\"Carrelage mural uni RELIEVE QZ UNO Plain Bordeaux 5 \u00d7 20 cm - Homeproject.fr\",\"isPartOf\":{\"@id\":\"https:\\\/\\\/homeproject.fr\\\/fr\\\/#website\"},\"primaryImageOfPage\":{\"@id\":\"https:\\\/\\\/homeproject.fr\\\/fr\\\/produit\\\/carrelage-mural-uni-relieve-qz-uno-plain-bordeaux-5-x-20-cm\\\/#primaryimage\"},\"image\":{\"@id\":\"https:\\\/\\\/homeproject.fr\\\/fr\\\/produit\\\/carrelage-mural-uni-relieve-qz-uno-plain-bordeaux-5-x-20-cm\\\/#primaryimage\"},\"thumbnailUrl\":\"https:\\\/\\\/homeproject.fr\\\/fr\\\/wp-content\\\/uploads\\\/2025\\\/02\\\/Carrelage-mural-lisse-uni-rouge-Relieve-QZ-Uno-Plain-Bordeaux.jpg\",\"datePublished\":\"2025-02-17T16:38:03+00:00\",\"dateModified\":\"2025-02-17T17:40:47+00:00\",\"breadcrumb\":{\"@id\":\"https:\\\/\\\/homeproject.fr\\\/fr\\\/produit\\\/carrelage-mural-uni-relieve-qz-uno-plain-bordeaux-5-x-20-cm\\\/#breadcrumb\"},\"inLanguage\":\"fr-FR\",\"potentialAction\":[{\"@type\":\"ReadAction\",\"target\":[\"https:\\\/\\\/homeproject.fr\\\/fr\\\/produit\\\/carrelage-mural-uni-relieve-qz-uno-plain-bordeaux-5-x-20-cm\\\/\"]}]},{\"@type\":\"ImageObject\",\"inLanguage\":\"fr-FR\",\"@id\":\"https:\\\/\\\/homeproject.fr\\\/fr\\\/produit\\\/carrelage-mural-uni-relieve-qz-uno-plain-bordeaux-5-x-20-cm\\\/#primaryimage\",\"url\":\"https:\\\/\\\/homeproject.fr\\\/fr\\\/wp-content\\\/uploads\\\/2025\\\/02\\\/Carrelage-mural-lisse-uni-rouge-Relieve-QZ-Uno-Plain-Bordeaux.jpg\",\"contentUrl\":\"https:\\\/\\\/homeproject.fr\\\/fr\\\/wp-content\\\/uploads\\\/2025\\\/02\\\/Carrelage-mural-lisse-uni-rouge-Relieve-QZ-Uno-Plain-Bordeaux.jpg\",\"width\":1200,\"height\":1200},{\"@type\":\"BreadcrumbList\",\"@id\":\"https:\\\/\\\/homeproject.fr\\\/fr\\\/produit\\\/carrelage-mural-uni-relieve-qz-uno-plain-bordeaux-5-x-20-cm\\\/#breadcrumb\",\"itemListElement\":[{\"@type\":\"ListItem\",\"position\":1,\"name\":\"Accueil\",\"item\":\"https:\\\/\\\/homeproject.fr\\\/fr\\\/\"},{\"@type\":\"ListItem\",\"position\":2,\"name\":\"Boutique\",\"item\":\"https:\\\/\\\/homeproject.fr\\\/fr\\\/boutique\\\/\"},{\"@type\":\"ListItem\",\"position\":3,\"name\":\"Carrelage mural uni RELIEVE QZ UNO Plain Bordeaux 5 \u00d7 20 cm\"}]},{\"@type\":\"WebSite\",\"@id\":\"https:\\\/\\\/homeproject.fr\\\/fr\\\/#website\",\"url\":\"https:\\\/\\\/homeproject.fr\\\/fr\\\/\",\"name\":\"Homeproject.fr\",\"description\":\"Offrez l&#039;exceptionnel \u00e0 vos espaces \u00e0 vivre\",\"publisher\":{\"@id\":\"https:\\\/\\\/homeproject.fr\\\/fr\\\/#organization\"},\"potentialAction\":[{\"@type\":\"SearchAction\",\"target\":{\"@type\":\"EntryPoint\",\"urlTemplate\":\"https:\\\/\\\/homeproject.fr\\\/fr\\\/?s={search_term_string}\"},\"query-input\":{\"@type\":\"PropertyValueSpecification\",\"valueRequired\":true,\"valueName\":\"search_term_string\"}}],\"inLanguage\":\"fr-FR\"},{\"@type\":\"Organization\",\"@id\":\"https:\\\/\\\/homeproject.fr\\\/fr\\\/#organization\",\"name\":\"Homeproject.fr\",\"url\":\"https:\\\/\\\/homeproject.fr\\\/fr\\\/\",\"logo\":{\"@type\":\"ImageObject\",\"inLanguage\":\"fr-FR\",\"@id\":\"https:\\\/\\\/homeproject.fr\\\/fr\\\/#\\\/schema\\\/logo\\\/image\\\/\",\"url\":\"https:\\\/\\\/homeproject.fr\\\/fr\\\/wp-content\\\/uploads\\\/2024\\\/12\\\/Logo_HomeProject-noir-2.png\",\"contentUrl\":\"https:\\\/\\\/homeproject.fr\\\/fr\\\/wp-content\\\/uploads\\\/2024\\\/12\\\/Logo_HomeProject-noir-2.png\",\"width\":300,\"height\":91,\"caption\":\"Homeproject.fr\"},\"image\":{\"@id\":\"https:\\\/\\\/homeproject.fr\\\/fr\\\/#\\\/schema\\\/logo\\\/image\\\/\"}}]}<\/script>\n<!-- \/ Yoast SEO plugin. -->","yoast_head_json":{"title":"Carrelage mural uni RELIEVE QZ UNO Plain Bordeaux 5 \u00d7 20 cm - Homeproject.fr","robots":{"index":"index","follow":"follow","max-snippet":"max-snippet:-1","max-image-preview":"max-image-preview:large","max-video-preview":"max-video-preview:-1"},"canonical":"https:\/\/homeproject.fr\/fr\/produit\/carrelage-mural-uni-relieve-qz-uno-plain-bordeaux-5-x-20-cm\/","og_locale":"fr_FR","og_type":"article","og_title":"Carrelage mural uni RELIEVE QZ UNO Plain Bordeaux 5 \u00d7 20 cm - Homeproject.fr","og_description":"Ajoutez une touche de caract\u00e8re et d'\u00e9l\u00e9gance \u00e0 votre int\u00e9rieur avec le carrelage mural lisse Relieve QZ Uno Plain Bordeaux. Son rouge bordeaux intense et sophistiqu\u00e9, combin\u00e9 \u00e0 une finition mate velout\u00e9e, en fait un choix parfait pour ceux qui souhaitent une d\u00e9coration chaleureuse et audacieuse. Avec son format rectangulaire 5x20 cm, ce carrelage en c\u00e9ramique s'int\u00e8gre facilement dans les salles de bain, cuisines, cr\u00e9dences et espaces de vie, apportant une profondeur unique et un style raffin\u00e9. Sa finition lisse et mate permet de le marier avec une multitude de textures et de mat\u00e9riaux.","og_url":"https:\/\/homeproject.fr\/fr\/produit\/carrelage-mural-uni-relieve-qz-uno-plain-bordeaux-5-x-20-cm\/","og_site_name":"Homeproject.fr","article_modified_time":"2025-02-17T17:40:47+00:00","og_image":[{"width":1200,"height":1200,"url":"https:\/\/homeproject.fr\/fr\/wp-content\/uploads\/2025\/02\/Carrelage-mural-lisse-uni-rouge-Relieve-QZ-Uno-Plain-Bordeaux.jpg","type":"image\/jpeg"}],"twitter_card":"summary_large_image","twitter_misc":{"Dur\u00e9e de lecture estim\u00e9e":"2 minutes"},"schema":{"@context":"https:\/\/schema.org","@graph":[{"@type":"WebPage","@id":"https:\/\/homeproject.fr\/fr\/produit\/carrelage-mural-uni-relieve-qz-uno-plain-bordeaux-5-x-20-cm\/","url":"https:\/\/homeproject.fr\/fr\/produit\/carrelage-mural-uni-relieve-qz-uno-plain-bordeaux-5-x-20-cm\/","name":"Carrelage mural uni RELIEVE QZ UNO Plain Bordeaux 5 \u00d7 20 cm - Homeproject.fr","isPartOf":{"@id":"https:\/\/homeproject.fr\/fr\/#website"},"primaryImageOfPage":{"@id":"https:\/\/homeproject.fr\/fr\/produit\/carrelage-mural-uni-relieve-qz-uno-plain-bordeaux-5-x-20-cm\/#primaryimage"},"image":{"@id":"https:\/\/homeproject.fr\/fr\/produit\/carrelage-mural-uni-relieve-qz-uno-plain-bordeaux-5-x-20-cm\/#primaryimage"},"thumbnailUrl":"https:\/\/homeproject.fr\/fr\/wp-content\/uploads\/2025\/02\/Carrelage-mural-lisse-uni-rouge-Relieve-QZ-Uno-Plain-Bordeaux.jpg","datePublished":"2025-02-17T16:38:03+00:00","dateModified":"2025-02-17T17:40:47+00:00","breadcrumb":{"@id":"https:\/\/homeproject.fr\/fr\/produit\/carrelage-mural-uni-relieve-qz-uno-plain-bordeaux-5-x-20-cm\/#breadcrumb"},"inLanguage":"fr-FR","potentialAction":[{"@type":"ReadAction","target":["https:\/\/homeproject.fr\/fr\/produit\/carrelage-mural-uni-relieve-qz-uno-plain-bordeaux-5-x-20-cm\/"]}]},{"@type":"ImageObject","inLanguage":"fr-FR","@id":"https:\/\/homeproject.fr\/fr\/produit\/carrelage-mural-uni-relieve-qz-uno-plain-bordeaux-5-x-20-cm\/#primaryimage","url":"https:\/\/homeproject.fr\/fr\/wp-content\/uploads\/2025\/02\/Carrelage-mural-lisse-uni-rouge-Relieve-QZ-Uno-Plain-Bordeaux.jpg","contentUrl":"https:\/\/homeproject.fr\/fr\/wp-content\/uploads\/2025\/02\/Carrelage-mural-lisse-uni-rouge-Relieve-QZ-Uno-Plain-Bordeaux.jpg","width":1200,"height":1200},{"@type":"BreadcrumbList","@id":"https:\/\/homeproject.fr\/fr\/produit\/carrelage-mural-uni-relieve-qz-uno-plain-bordeaux-5-x-20-cm\/#breadcrumb","itemListElement":[{"@type":"ListItem","position":1,"name":"Accueil","item":"https:\/\/homeproject.fr\/fr\/"},{"@type":"ListItem","position":2,"name":"Boutique","item":"https:\/\/homeproject.fr\/fr\/boutique\/"},{"@type":"ListItem","position":3,"name":"Carrelage mural uni RELIEVE QZ UNO Plain Bordeaux 5 \u00d7 20 cm"}]},{"@type":"WebSite","@id":"https:\/\/homeproject.fr\/fr\/#website","url":"https:\/\/homeproject.fr\/fr\/","name":"Homeproject.fr","description":"Offrez l&#039;exceptionnel \u00e0 vos espaces \u00e0 vivre","publisher":{"@id":"https:\/\/homeproject.fr\/fr\/#organization"},"potentialAction":[{"@type":"SearchAction","target":{"@type":"EntryPoint","urlTemplate":"https:\/\/homeproject.fr\/fr\/?s={search_term_string}"},"query-input":{"@type":"PropertyValueSpecification","valueRequired":true,"valueName":"search_term_string"}}],"inLanguage":"fr-FR"},{"@type":"Organization","@id":"https:\/\/homeproject.fr\/fr\/#organization","name":"Homeproject.fr","url":"https:\/\/homeproject.fr\/fr\/","logo":{"@type":"ImageObject","inLanguage":"fr-FR","@id":"https:\/\/homeproject.fr\/fr\/#\/schema\/logo\/image\/","url":"https:\/\/homeproject.fr\/fr\/wp-content\/uploads\/2024\/12\/Logo_HomeProject-noir-2.png","contentUrl":"https:\/\/homeproject.fr\/fr\/wp-content\/uploads\/2024\/12\/Logo_HomeProject-noir-2.png","width":300,"height":91,"caption":"Homeproject.fr"},"image":{"@id":"https:\/\/homeproject.fr\/fr\/#\/schema\/logo\/image\/"}}]}},"_links":{"self":[{"href":"https:\/\/homeproject.fr\/fr\/wp-json\/wp\/v2\/product\/10619","targetHints":{"allow":["GET"]}}],"collection":[{"href":"https:\/\/homeproject.fr\/fr\/wp-json\/wp\/v2\/product"}],"about":[{"href":"https:\/\/homeproject.fr\/fr\/wp-json\/wp\/v2\/types\/product"}],"version-history":[{"count":1,"href":"https:\/\/homeproject.fr\/fr\/wp-json\/wp\/v2\/product\/10619\/revisions"}],"predecessor-version":[{"id":10620,"href":"https:\/\/homeproject.fr\/fr\/wp-json\/wp\/v2\/product\/10619\/revisions\/10620"}],"wp:featuredmedia":[{"embeddable":true,"href":"https:\/\/homeproject.fr\/fr\/wp-json\/wp\/v2\/media\/10617"}],"wp:attachment":[{"href":"https:\/\/homeproject.fr\/fr\/wp-json\/wp\/v2\/media?parent=10619"}],"wp:term":[{"taxonomy":"product_brand","embeddable":true,"href":"https:\/\/homeproject.fr\/fr\/wp-json\/wp\/v2\/product_brand?post=10619"},{"taxonomy":"product_cat","embeddable":true,"href":"https:\/\/homeproject.fr\/fr\/wp-json\/wp\/v2\/product_cat?post=10619"},{"taxonomy":"product_tag","embeddable":true,"href":"https:\/\/homeproject.fr\/fr\/wp-json\/wp\/v2\/product_tag?post=10619"}],"curies":[{"name":"wp","href":"https:\/\/api.w.org\/{rel}","templated":true}]}}