{"id":10599,"date":"2025-02-17T16:14:21","date_gmt":"2025-02-17T16:14:21","guid":{"rendered":"https:\/\/homeproject.fr\/fr\/?post_type=product&#038;p=10599"},"modified":"2025-02-17T17:42:17","modified_gmt":"2025-02-17T17:42:17","slug":"carrelage-mural-uni-relieve-qz-uno-plain-salvia-5-x-20-cm","status":"publish","type":"product","link":"https:\/\/homeproject.fr\/fr\/produit\/carrelage-mural-uni-relieve-qz-uno-plain-salvia-5-x-20-cm\/","title":{"rendered":"Carrelage mural uni RELIEVE QZ UNO Plain Salvia 5 \u00d7 20 cm"},"content":{"rendered":"<p><strong><a href=\"https:\/\/homeproject.fr\/fr\/produit\/echantillon-carrelage-mural-relieve-qz-uno-plain-salvia\/\">Commander un \u00e9chantillon<\/a><\/strong><\/p>\n<h2 data-start=\"869\" data-end=\"938\"><strong data-start=\"872\" data-end=\"938\">Un carrelage mural uni pour une d\u00e9coration subtile et tendance<\/strong><\/h2>\n<p data-start=\"939\" data-end=\"1199\">Le <strong data-start=\"942\" data-end=\"973\">Relieve QZ Uno Plain Salvia<\/strong> est con\u00e7u pour <strong data-start=\"989\" data-end=\"1010\">sublimer les murs<\/strong> en apportant une <strong data-start=\"1028\" data-end=\"1051\">douceur chromatique<\/strong> et une <strong data-start=\"1059\" data-end=\"1081\">harmonie naturelle<\/strong>. Son coloris vert sauge \u00e9voque une ambiance <strong data-start=\"1126\" data-end=\"1146\">zen et apaisante<\/strong>, id\u00e9ale pour les espaces de d\u00e9tente et de bien-\u00eatre.<\/p>\n<p data-start=\"1201\" data-end=\"1345\">\ud83d\udca1 <strong data-start=\"1204\" data-end=\"1219\">Astuce d\u00e9co<\/strong> : Associez ce carrelage \u00e0 des accessoires en bois clair, en lin ou en c\u00e9ramique blanche pour une ambiance douce et organique.<\/p>\n<hr data-start=\"1347\" data-end=\"1350\" \/>\n<h2 data-start=\"1352\" data-end=\"1427\"><strong data-start=\"1355\" data-end=\"1427\">Caract\u00e9ristiques techniques du carrelage Relieve QZ Uno Plain Salvia<\/strong><\/h2>\n<p data-start=\"1428\" data-end=\"1855\">\u2714 <strong data-start=\"1430\" data-end=\"1444\">Dimensions<\/strong> : 5\u00d720 cm<br data-start=\"1454\" data-end=\"1457\" \/>\u2714 <strong data-start=\"1459\" data-end=\"1472\">\u00c9paisseur<\/strong> : Fine et \u00e9l\u00e9gante pour une finition impeccable<br data-start=\"1520\" data-end=\"1523\" \/>\u2714 <strong data-start=\"1525\" data-end=\"1537\">Finition<\/strong> : Vert sauge mat, lisse et uniforme<br data-start=\"1573\" data-end=\"1576\" \/>\u2714 <strong data-start=\"1578\" data-end=\"1590\">Mat\u00e9riau<\/strong> : C\u00e9ramique premium, r\u00e9sistante et durable<br data-start=\"1633\" data-end=\"1636\" \/>\u2714 <strong data-start=\"1638\" data-end=\"1646\">Pose<\/strong> : Murale, id\u00e9ale pour toutes les pi\u00e8ces int\u00e9rieures<br data-start=\"1698\" data-end=\"1701\" \/>\u2714 <strong data-start=\"1703\" data-end=\"1718\">Utilisation<\/strong> : Salle de bain, cuisine, cr\u00e9dence, salon, h\u00f4tel, boutique<br data-start=\"1777\" data-end=\"1780\" \/>\u2714 <strong data-start=\"1782\" data-end=\"1795\">Entretien<\/strong> : Facile \u00e0 nettoyer, r\u00e9sistant aux taches et \u00e0 l\u2019humidit\u00e9<\/p>\n<hr data-start=\"1857\" data-end=\"1860\" \/>\n<h2 data-start=\"1862\" data-end=\"1928\"><strong data-start=\"1865\" data-end=\"1928\">Pourquoi choisir le carrelage Relieve QZ Uno Plain Salvia ?<\/strong><\/h2>\n<p data-start=\"1929\" data-end=\"2284\">\u2705 <strong data-start=\"1931\" data-end=\"1957\">Finition mate \u00e9l\u00e9gante<\/strong> : Un rendu sobre et raffin\u00e9<br data-start=\"1985\" data-end=\"1988\" \/>\u2705 <strong data-start=\"1990\" data-end=\"2025\">Teinte verte douce et naturelle<\/strong> : Parfaite pour une ambiance apaisante<br data-start=\"2064\" data-end=\"2067\" \/>\u2705 <strong data-start=\"2069\" data-end=\"2084\">Polyvalence<\/strong> : Adapt\u00e9 aux int\u00e9rieurs r\u00e9sidentiels et professionnels<br data-start=\"2139\" data-end=\"2142\" \/>\u2705 <strong data-start=\"2144\" data-end=\"2168\">Facilit\u00e9 d\u2019entretien<\/strong> : Un simple coup d\u2019\u00e9ponge suffit<br data-start=\"2201\" data-end=\"2204\" \/>\u2705 <strong data-start=\"2206\" data-end=\"2233\">Installation simplifi\u00e9e<\/strong> : Compatible avec diff\u00e9rentes techniques de pose<\/p>\n<hr data-start=\"2286\" data-end=\"2289\" \/>\n<h2 data-start=\"2291\" data-end=\"2347\"><strong data-start=\"2294\" data-end=\"2347\">Id\u00e9es d\u2019associations pour un int\u00e9rieur harmonieux<\/strong><\/h2>\n<ul data-start=\"2348\" data-end=\"2678\">\n<li data-start=\"2348\" data-end=\"2464\"><strong data-start=\"2350\" data-end=\"2386\">Pour un style scandinave naturel<\/strong> : Associez ce carrelage \u00e0 des meubles en bois clair et des teintes neutres.<\/li>\n<li data-start=\"2465\" data-end=\"2578\"><strong data-start=\"2467\" data-end=\"2510\">Pour une ambiance m\u00e9diterran\u00e9enne douce<\/strong> : Mariez-le \u00e0 des \u00e9l\u00e9ments en terre cuite et des textiles en lin.<\/li>\n<li data-start=\"2579\" data-end=\"2678\"><strong data-start=\"2581\" data-end=\"2619\">Pour un effet chic et contemporain<\/strong> : Associez-le \u00e0 des finitions dor\u00e9es et du marbre blanc.<\/li>\n<\/ul>\n<p data-start=\"2680\" data-end=\"2862\">\ud83d\udce6 <strong data-start=\"2683\" data-end=\"2706\">Disponible rapidement<\/strong> \u2013 Commandez d\u00e8s maintenant sur <strong data-start=\"2738\" data-end=\"2756\">homeproject.fr<\/strong> et cr\u00e9ez une atmosph\u00e8re naturelle et \u00e9l\u00e9gante avec le <strong data-start=\"2811\" data-end=\"2858\">carrelage mural Relieve QZ Uno Plain Salvia<\/strong> !<\/p>\n<p data-start=\"2864\" data-end=\"2983\">\ud83d\udee0 <strong data-start=\"2867\" data-end=\"2891\">Besoin de conseils ?<\/strong> Nos experts en d\u00e9coration sont \u00e0 votre disposition pour vous accompagner dans votre projet.<\/p>\n<h2 data-start=\"892\" data-end=\"958\"><strong style=\"font-family: inherit; font-size: 30px;\">Vous avez des questions ?<\/strong><\/h2>\n<style id=\"wpforms-css-vars-3675\">\n\t\t\t\t#wpforms-3675 {\n\t\t\t\t\n\t\t\t}\n\t\t\t<\/style><div class=\"wpforms-container wpforms-container-full wpforms-render-modern\" id=\"wpforms-3675\"><form id=\"wpforms-form-3675\" class=\"wpforms-validate wpforms-form wpforms-ajax-form\" data-formid=\"3675\" method=\"post\" enctype=\"multipart\/form-data\" action=\"\/fr\/wp-json\/wp\/v2\/product\/10599\" data-token=\"2921a7ac3408d834be151983965c4ab3\" data-token-time=\"1777942241\"><noscript class=\"wpforms-error-noscript\">Veuillez activer JavaScript dans votre navigateur pour remplir ce formulaire.<\/noscript><div id=\"wpforms-error-noscript\" style=\"display: none;\">Veuillez activer JavaScript dans votre navigateur pour remplir ce formulaire.<\/div><div class=\"wpforms-field-container\"><div id=\"wpforms-3675-field_3-container\" class=\"wpforms-field wpforms-field-name\" data-field-id=\"3\"><fieldset><legend class=\"wpforms-field-label\">Nom <span class=\"wpforms-required-label\" aria-hidden=\"true\">*<\/span><\/legend><div class=\"wpforms-field-row wpforms-field-medium\"><div class=\"wpforms-field-row-block wpforms-first wpforms-one-half\"><input type=\"text\" id=\"wpforms-3675-field_3\" class=\"wpforms-field-name-first wpforms-field-required\" name=\"wpforms[fields][3][first]\" aria-errormessage=\"wpforms-3675-field_3-error\" required><label for=\"wpforms-3675-field_3\" class=\"wpforms-field-sublabel after\">Pr\u00e9nom<\/label><\/div><div class=\"wpforms-field-row-block wpforms-one-half\"><input type=\"text\" id=\"wpforms-3675-field_3-last\" class=\"wpforms-field-name-last wpforms-field-required\" name=\"wpforms[fields][3][last]\" aria-errormessage=\"wpforms-3675-field_3-last-error\" required><label for=\"wpforms-3675-field_3-last\" class=\"wpforms-field-sublabel after\">Nom<\/label><\/div><\/div><\/fieldset><\/div><div id=\"wpforms-3675-field_4-container\" class=\"wpforms-field wpforms-field-email\" data-field-id=\"4\"><label class=\"wpforms-field-label\" for=\"wpforms-3675-field_4\">E-mail <span class=\"wpforms-required-label\" aria-hidden=\"true\">*<\/span><\/label><input type=\"email\" id=\"wpforms-3675-field_4\" class=\"wpforms-field-medium wpforms-field-required\" name=\"wpforms[fields][4]\" spellcheck=\"false\" aria-errormessage=\"wpforms-3675-field_4-error\" required><\/div>\t\t<div id=\"wpforms-3675-field_1-container\"\n\t\t\tclass=\"wpforms-field wpforms-field-text\"\n\t\t\tdata-field-type=\"text\"\n\t\t\tdata-field-id=\"1\"\n\t\t\t>\n\t\t\t<label class=\"wpforms-field-label\" for=\"wpforms-3675-field_1\" >Message E-mail Nom<\/label>\n\t\t\t<input type=\"text\" id=\"wpforms-3675-field_1\" class=\"wpforms-field-medium\" name=\"wpforms[fields][1]\" >\n\t\t<\/div>\n\t\t<div id=\"wpforms-3675-field_5-container\" class=\"wpforms-field wpforms-field-textarea\" data-field-id=\"5\"><label class=\"wpforms-field-label\" for=\"wpforms-3675-field_5\">Message <span class=\"wpforms-required-label\" aria-hidden=\"true\">*<\/span><\/label><textarea id=\"wpforms-3675-field_5\" class=\"wpforms-field-medium wpforms-field-required\" name=\"wpforms[fields][5]\" aria-errormessage=\"wpforms-3675-field_5-error\" required><\/textarea><\/div><script>\n\t\t\t\t( function() {\n\t\t\t\t\tconst style = document.createElement( 'style' );\n\t\t\t\t\tstyle.appendChild( document.createTextNode( '#wpforms-3675-field_1-container { position: absolute !important; overflow: hidden !important; display: inline !important; height: 1px !important; width: 1px !important; z-index: -1000 !important; padding: 0 !important; } #wpforms-3675-field_1-container input { visibility: hidden; } #wpforms-conversational-form-page #wpforms-3675-field_1-container label { counter-increment: none; }' ) );\n\t\t\t\t\tdocument.head.appendChild( style );\n\t\t\t\t\tdocument.currentScript?.remove();\n\t\t\t\t} )();\n\t\t\t<\/script><\/div><!-- .wpforms-field-container --><div class=\"wpforms-submit-container\" ><input type=\"hidden\" name=\"wpforms[id]\" value=\"3675\"><input type=\"hidden\" name=\"page_title\" value=\"\"><input type=\"hidden\" name=\"page_url\" value=\"https:\/\/homeproject.fr\/fr\/wp-json\/wp\/v2\/product\/10599\"><input type=\"hidden\" name=\"url_referer\" value=\"\"><button type=\"submit\" name=\"wpforms[submit]\" id=\"wpforms-submit-3675\" class=\"wpforms-submit\" data-alt-text=\"Envoi...\" data-submit-text=\"Envoyer\" aria-live=\"assertive\" value=\"wpforms-submit\">Envoyer<\/button><img decoding=\"async\" src=\"https:\/\/homeproject.fr\/fr\/wp-content\/plugins\/wpforms-lite\/assets\/images\/submit-spin.svg\" class=\"wpforms-submit-spinner\" style=\"display: none;\" width=\"26\" height=\"26\" alt=\"Chargement en cours\"><\/div><\/form><\/div>  <!-- .wpforms-container -->\n","protected":false},"excerpt":{"rendered":"<p data-start=\"276\" data-end=\"553\">Transformez vos espaces avec le <strong data-start=\"308\" data-end=\"361\">carrelage mural lisse Relieve QZ Uno Plain Salvia<\/strong>, une invitation \u00e0 la <strong data-start=\"383\" data-end=\"414\">s\u00e9r\u00e9nit\u00e9 et au design \u00e9pur\u00e9<\/strong>. Sa <strong data-start=\"419\" data-end=\"449\">teinte vert sauge d\u00e9licate<\/strong> et sa <strong data-start=\"456\" data-end=\"481\">finition mate soyeuse<\/strong> en font un choix parfait pour une d\u00e9coration <strong data-start=\"527\" data-end=\"552\">naturelle et \u00e9l\u00e9gante<\/strong>.<\/p>\n<p data-start=\"555\" data-end=\"862\">Gr\u00e2ce \u00e0 son <strong data-start=\"567\" data-end=\"599\">format rectangulaire 5&#215;20 cm<\/strong>, ce carrelage en c\u00e9ramique est id\u00e9al pour habiller les <strong data-start=\"655\" data-end=\"712\">salles de bain, cuisines, cr\u00e9dences ou espaces de vie<\/strong> avec une touche <strong data-start=\"729\" data-end=\"753\">fra\u00eeche et apaisante<\/strong>. Sa finition lisse et uniforme s&rsquo;adapte \u00e0 <strong data-start=\"796\" data-end=\"826\">tous les styles d\u00e9coratifs<\/strong>, du <strong data-start=\"831\" data-end=\"861\">scandinave au contemporain<\/strong>.<\/p>\n","protected":false},"featured_media":10597,"template":"","meta":{"_uf_show_specific_survey":0,"_uf_disable_surveys":false,"iawp_total_views":7},"product_brand":[],"product_cat":[20,131],"product_tag":[],"class_list":{"0":"post-10599","1":"product","2":"type-product","3":"status-publish","4":"has-post-thumbnail","6":"product_cat-carrelage","7":"product_cat-carrelage-mural","8":"product_shipping_class-carrelage","9":"pa_collection-relieve-qz-uno","10":"pa_dimensions-nominales-5x20","11":"pa_effet-uni","12":"pa_epaisseur-8mm","13":"pa_materiau-faience","15":"first","16":"instock","17":"sale","18":"taxable","19":"shipping-taxable","20":"purchasable","21":"product-type-simple"},"yoast_head":"<!-- This site is optimized with the Yoast SEO plugin v27.5 - https:\/\/yoast.com\/product\/yoast-seo-wordpress\/ -->\n<title>Carrelage mural uni RELIEVE QZ UNO Plain Salvia 5 \u00d7 20 cm - Homeproject.fr<\/title>\n<meta name=\"robots\" content=\"index, follow, max-snippet:-1, max-image-preview:large, max-video-preview:-1\" \/>\n<link rel=\"canonical\" href=\"https:\/\/homeproject.fr\/fr\/produit\/carrelage-mural-uni-relieve-qz-uno-plain-salvia-5-x-20-cm\/\" \/>\n<meta property=\"og:locale\" content=\"fr_FR\" \/>\n<meta property=\"og:type\" content=\"article\" \/>\n<meta property=\"og:title\" content=\"Carrelage mural uni RELIEVE QZ UNO Plain Salvia 5 \u00d7 20 cm - Homeproject.fr\" \/>\n<meta property=\"og:description\" content=\"Transformez vos espaces avec le carrelage mural lisse Relieve QZ Uno Plain Salvia, une invitation \u00e0 la s\u00e9r\u00e9nit\u00e9 et au design \u00e9pur\u00e9. Sa teinte vert sauge d\u00e9licate et sa finition mate soyeuse en font un choix parfait pour une d\u00e9coration naturelle et \u00e9l\u00e9gante. Gr\u00e2ce \u00e0 son format rectangulaire 5x20 cm, ce carrelage en c\u00e9ramique est id\u00e9al pour habiller les salles de bain, cuisines, cr\u00e9dences ou espaces de vie avec une touche fra\u00eeche et apaisante. Sa finition lisse et uniforme s&#039;adapte \u00e0 tous les styles d\u00e9coratifs, du scandinave au contemporain.\" \/>\n<meta property=\"og:url\" content=\"https:\/\/homeproject.fr\/fr\/produit\/carrelage-mural-uni-relieve-qz-uno-plain-salvia-5-x-20-cm\/\" \/>\n<meta property=\"og:site_name\" content=\"Homeproject.fr\" \/>\n<meta property=\"article:modified_time\" content=\"2025-02-17T17:42:17+00:00\" \/>\n<meta property=\"og:image\" content=\"https:\/\/homeproject.fr\/fr\/wp-content\/uploads\/2025\/02\/Carrelage-mural-lisse-uni-vert-Relieve-QZ-Uno-Plain-Salvia.jpg\" \/>\n\t<meta property=\"og:image:width\" content=\"1200\" \/>\n\t<meta property=\"og:image:height\" content=\"1200\" \/>\n\t<meta property=\"og:image:type\" content=\"image\/jpeg\" \/>\n<meta name=\"twitter:card\" content=\"summary_large_image\" \/>\n<meta name=\"twitter:label1\" content=\"Dur\u00e9e de lecture estim\u00e9e\" \/>\n\t<meta name=\"twitter:data1\" content=\"2 minutes\" \/>\n<script type=\"application\/ld+json\" class=\"yoast-schema-graph\">{\"@context\":\"https:\\\/\\\/schema.org\",\"@graph\":[{\"@type\":\"WebPage\",\"@id\":\"https:\\\/\\\/homeproject.fr\\\/fr\\\/produit\\\/carrelage-mural-uni-relieve-qz-uno-plain-salvia-5-x-20-cm\\\/\",\"url\":\"https:\\\/\\\/homeproject.fr\\\/fr\\\/produit\\\/carrelage-mural-uni-relieve-qz-uno-plain-salvia-5-x-20-cm\\\/\",\"name\":\"Carrelage mural uni RELIEVE QZ UNO Plain Salvia 5 \u00d7 20 cm - Homeproject.fr\",\"isPartOf\":{\"@id\":\"https:\\\/\\\/homeproject.fr\\\/fr\\\/#website\"},\"primaryImageOfPage\":{\"@id\":\"https:\\\/\\\/homeproject.fr\\\/fr\\\/produit\\\/carrelage-mural-uni-relieve-qz-uno-plain-salvia-5-x-20-cm\\\/#primaryimage\"},\"image\":{\"@id\":\"https:\\\/\\\/homeproject.fr\\\/fr\\\/produit\\\/carrelage-mural-uni-relieve-qz-uno-plain-salvia-5-x-20-cm\\\/#primaryimage\"},\"thumbnailUrl\":\"https:\\\/\\\/homeproject.fr\\\/fr\\\/wp-content\\\/uploads\\\/2025\\\/02\\\/Carrelage-mural-lisse-uni-vert-Relieve-QZ-Uno-Plain-Salvia.jpg\",\"datePublished\":\"2025-02-17T16:14:21+00:00\",\"dateModified\":\"2025-02-17T17:42:17+00:00\",\"breadcrumb\":{\"@id\":\"https:\\\/\\\/homeproject.fr\\\/fr\\\/produit\\\/carrelage-mural-uni-relieve-qz-uno-plain-salvia-5-x-20-cm\\\/#breadcrumb\"},\"inLanguage\":\"fr-FR\",\"potentialAction\":[{\"@type\":\"ReadAction\",\"target\":[\"https:\\\/\\\/homeproject.fr\\\/fr\\\/produit\\\/carrelage-mural-uni-relieve-qz-uno-plain-salvia-5-x-20-cm\\\/\"]}]},{\"@type\":\"ImageObject\",\"inLanguage\":\"fr-FR\",\"@id\":\"https:\\\/\\\/homeproject.fr\\\/fr\\\/produit\\\/carrelage-mural-uni-relieve-qz-uno-plain-salvia-5-x-20-cm\\\/#primaryimage\",\"url\":\"https:\\\/\\\/homeproject.fr\\\/fr\\\/wp-content\\\/uploads\\\/2025\\\/02\\\/Carrelage-mural-lisse-uni-vert-Relieve-QZ-Uno-Plain-Salvia.jpg\",\"contentUrl\":\"https:\\\/\\\/homeproject.fr\\\/fr\\\/wp-content\\\/uploads\\\/2025\\\/02\\\/Carrelage-mural-lisse-uni-vert-Relieve-QZ-Uno-Plain-Salvia.jpg\",\"width\":1200,\"height\":1200},{\"@type\":\"BreadcrumbList\",\"@id\":\"https:\\\/\\\/homeproject.fr\\\/fr\\\/produit\\\/carrelage-mural-uni-relieve-qz-uno-plain-salvia-5-x-20-cm\\\/#breadcrumb\",\"itemListElement\":[{\"@type\":\"ListItem\",\"position\":1,\"name\":\"Accueil\",\"item\":\"https:\\\/\\\/homeproject.fr\\\/fr\\\/\"},{\"@type\":\"ListItem\",\"position\":2,\"name\":\"Boutique\",\"item\":\"https:\\\/\\\/homeproject.fr\\\/fr\\\/boutique\\\/\"},{\"@type\":\"ListItem\",\"position\":3,\"name\":\"Carrelage mural uni RELIEVE QZ UNO Plain Salvia 5 \u00d7 20 cm\"}]},{\"@type\":\"WebSite\",\"@id\":\"https:\\\/\\\/homeproject.fr\\\/fr\\\/#website\",\"url\":\"https:\\\/\\\/homeproject.fr\\\/fr\\\/\",\"name\":\"Homeproject.fr\",\"description\":\"Offrez l&#039;exceptionnel \u00e0 vos espaces \u00e0 vivre\",\"publisher\":{\"@id\":\"https:\\\/\\\/homeproject.fr\\\/fr\\\/#organization\"},\"potentialAction\":[{\"@type\":\"SearchAction\",\"target\":{\"@type\":\"EntryPoint\",\"urlTemplate\":\"https:\\\/\\\/homeproject.fr\\\/fr\\\/?s={search_term_string}\"},\"query-input\":{\"@type\":\"PropertyValueSpecification\",\"valueRequired\":true,\"valueName\":\"search_term_string\"}}],\"inLanguage\":\"fr-FR\"},{\"@type\":\"Organization\",\"@id\":\"https:\\\/\\\/homeproject.fr\\\/fr\\\/#organization\",\"name\":\"Homeproject.fr\",\"url\":\"https:\\\/\\\/homeproject.fr\\\/fr\\\/\",\"logo\":{\"@type\":\"ImageObject\",\"inLanguage\":\"fr-FR\",\"@id\":\"https:\\\/\\\/homeproject.fr\\\/fr\\\/#\\\/schema\\\/logo\\\/image\\\/\",\"url\":\"https:\\\/\\\/homeproject.fr\\\/fr\\\/wp-content\\\/uploads\\\/2024\\\/12\\\/Logo_HomeProject-noir-2.png\",\"contentUrl\":\"https:\\\/\\\/homeproject.fr\\\/fr\\\/wp-content\\\/uploads\\\/2024\\\/12\\\/Logo_HomeProject-noir-2.png\",\"width\":300,\"height\":91,\"caption\":\"Homeproject.fr\"},\"image\":{\"@id\":\"https:\\\/\\\/homeproject.fr\\\/fr\\\/#\\\/schema\\\/logo\\\/image\\\/\"}}]}<\/script>\n<!-- \/ Yoast SEO plugin. -->","yoast_head_json":{"title":"Carrelage mural uni RELIEVE QZ UNO Plain Salvia 5 \u00d7 20 cm - Homeproject.fr","robots":{"index":"index","follow":"follow","max-snippet":"max-snippet:-1","max-image-preview":"max-image-preview:large","max-video-preview":"max-video-preview:-1"},"canonical":"https:\/\/homeproject.fr\/fr\/produit\/carrelage-mural-uni-relieve-qz-uno-plain-salvia-5-x-20-cm\/","og_locale":"fr_FR","og_type":"article","og_title":"Carrelage mural uni RELIEVE QZ UNO Plain Salvia 5 \u00d7 20 cm - Homeproject.fr","og_description":"Transformez vos espaces avec le carrelage mural lisse Relieve QZ Uno Plain Salvia, une invitation \u00e0 la s\u00e9r\u00e9nit\u00e9 et au design \u00e9pur\u00e9. Sa teinte vert sauge d\u00e9licate et sa finition mate soyeuse en font un choix parfait pour une d\u00e9coration naturelle et \u00e9l\u00e9gante. Gr\u00e2ce \u00e0 son format rectangulaire 5x20 cm, ce carrelage en c\u00e9ramique est id\u00e9al pour habiller les salles de bain, cuisines, cr\u00e9dences ou espaces de vie avec une touche fra\u00eeche et apaisante. Sa finition lisse et uniforme s'adapte \u00e0 tous les styles d\u00e9coratifs, du scandinave au contemporain.","og_url":"https:\/\/homeproject.fr\/fr\/produit\/carrelage-mural-uni-relieve-qz-uno-plain-salvia-5-x-20-cm\/","og_site_name":"Homeproject.fr","article_modified_time":"2025-02-17T17:42:17+00:00","og_image":[{"width":1200,"height":1200,"url":"https:\/\/homeproject.fr\/fr\/wp-content\/uploads\/2025\/02\/Carrelage-mural-lisse-uni-vert-Relieve-QZ-Uno-Plain-Salvia.jpg","type":"image\/jpeg"}],"twitter_card":"summary_large_image","twitter_misc":{"Dur\u00e9e de lecture estim\u00e9e":"2 minutes"},"schema":{"@context":"https:\/\/schema.org","@graph":[{"@type":"WebPage","@id":"https:\/\/homeproject.fr\/fr\/produit\/carrelage-mural-uni-relieve-qz-uno-plain-salvia-5-x-20-cm\/","url":"https:\/\/homeproject.fr\/fr\/produit\/carrelage-mural-uni-relieve-qz-uno-plain-salvia-5-x-20-cm\/","name":"Carrelage mural uni RELIEVE QZ UNO Plain Salvia 5 \u00d7 20 cm - Homeproject.fr","isPartOf":{"@id":"https:\/\/homeproject.fr\/fr\/#website"},"primaryImageOfPage":{"@id":"https:\/\/homeproject.fr\/fr\/produit\/carrelage-mural-uni-relieve-qz-uno-plain-salvia-5-x-20-cm\/#primaryimage"},"image":{"@id":"https:\/\/homeproject.fr\/fr\/produit\/carrelage-mural-uni-relieve-qz-uno-plain-salvia-5-x-20-cm\/#primaryimage"},"thumbnailUrl":"https:\/\/homeproject.fr\/fr\/wp-content\/uploads\/2025\/02\/Carrelage-mural-lisse-uni-vert-Relieve-QZ-Uno-Plain-Salvia.jpg","datePublished":"2025-02-17T16:14:21+00:00","dateModified":"2025-02-17T17:42:17+00:00","breadcrumb":{"@id":"https:\/\/homeproject.fr\/fr\/produit\/carrelage-mural-uni-relieve-qz-uno-plain-salvia-5-x-20-cm\/#breadcrumb"},"inLanguage":"fr-FR","potentialAction":[{"@type":"ReadAction","target":["https:\/\/homeproject.fr\/fr\/produit\/carrelage-mural-uni-relieve-qz-uno-plain-salvia-5-x-20-cm\/"]}]},{"@type":"ImageObject","inLanguage":"fr-FR","@id":"https:\/\/homeproject.fr\/fr\/produit\/carrelage-mural-uni-relieve-qz-uno-plain-salvia-5-x-20-cm\/#primaryimage","url":"https:\/\/homeproject.fr\/fr\/wp-content\/uploads\/2025\/02\/Carrelage-mural-lisse-uni-vert-Relieve-QZ-Uno-Plain-Salvia.jpg","contentUrl":"https:\/\/homeproject.fr\/fr\/wp-content\/uploads\/2025\/02\/Carrelage-mural-lisse-uni-vert-Relieve-QZ-Uno-Plain-Salvia.jpg","width":1200,"height":1200},{"@type":"BreadcrumbList","@id":"https:\/\/homeproject.fr\/fr\/produit\/carrelage-mural-uni-relieve-qz-uno-plain-salvia-5-x-20-cm\/#breadcrumb","itemListElement":[{"@type":"ListItem","position":1,"name":"Accueil","item":"https:\/\/homeproject.fr\/fr\/"},{"@type":"ListItem","position":2,"name":"Boutique","item":"https:\/\/homeproject.fr\/fr\/boutique\/"},{"@type":"ListItem","position":3,"name":"Carrelage mural uni RELIEVE QZ UNO Plain Salvia 5 \u00d7 20 cm"}]},{"@type":"WebSite","@id":"https:\/\/homeproject.fr\/fr\/#website","url":"https:\/\/homeproject.fr\/fr\/","name":"Homeproject.fr","description":"Offrez l&#039;exceptionnel \u00e0 vos espaces \u00e0 vivre","publisher":{"@id":"https:\/\/homeproject.fr\/fr\/#organization"},"potentialAction":[{"@type":"SearchAction","target":{"@type":"EntryPoint","urlTemplate":"https:\/\/homeproject.fr\/fr\/?s={search_term_string}"},"query-input":{"@type":"PropertyValueSpecification","valueRequired":true,"valueName":"search_term_string"}}],"inLanguage":"fr-FR"},{"@type":"Organization","@id":"https:\/\/homeproject.fr\/fr\/#organization","name":"Homeproject.fr","url":"https:\/\/homeproject.fr\/fr\/","logo":{"@type":"ImageObject","inLanguage":"fr-FR","@id":"https:\/\/homeproject.fr\/fr\/#\/schema\/logo\/image\/","url":"https:\/\/homeproject.fr\/fr\/wp-content\/uploads\/2024\/12\/Logo_HomeProject-noir-2.png","contentUrl":"https:\/\/homeproject.fr\/fr\/wp-content\/uploads\/2024\/12\/Logo_HomeProject-noir-2.png","width":300,"height":91,"caption":"Homeproject.fr"},"image":{"@id":"https:\/\/homeproject.fr\/fr\/#\/schema\/logo\/image\/"}}]}},"_links":{"self":[{"href":"https:\/\/homeproject.fr\/fr\/wp-json\/wp\/v2\/product\/10599","targetHints":{"allow":["GET"]}}],"collection":[{"href":"https:\/\/homeproject.fr\/fr\/wp-json\/wp\/v2\/product"}],"about":[{"href":"https:\/\/homeproject.fr\/fr\/wp-json\/wp\/v2\/types\/product"}],"version-history":[{"count":1,"href":"https:\/\/homeproject.fr\/fr\/wp-json\/wp\/v2\/product\/10599\/revisions"}],"predecessor-version":[{"id":10602,"href":"https:\/\/homeproject.fr\/fr\/wp-json\/wp\/v2\/product\/10599\/revisions\/10602"}],"wp:featuredmedia":[{"embeddable":true,"href":"https:\/\/homeproject.fr\/fr\/wp-json\/wp\/v2\/media\/10597"}],"wp:attachment":[{"href":"https:\/\/homeproject.fr\/fr\/wp-json\/wp\/v2\/media?parent=10599"}],"wp:term":[{"taxonomy":"product_brand","embeddable":true,"href":"https:\/\/homeproject.fr\/fr\/wp-json\/wp\/v2\/product_brand?post=10599"},{"taxonomy":"product_cat","embeddable":true,"href":"https:\/\/homeproject.fr\/fr\/wp-json\/wp\/v2\/product_cat?post=10599"},{"taxonomy":"product_tag","embeddable":true,"href":"https:\/\/homeproject.fr\/fr\/wp-json\/wp\/v2\/product_tag?post=10599"}],"curies":[{"name":"wp","href":"https:\/\/api.w.org\/{rel}","templated":true}]}}