{"id":10586,"date":"2025-02-17T15:51:43","date_gmt":"2025-02-17T15:51:43","guid":{"rendered":"https:\/\/homeproject.fr\/fr\/?post_type=product&#038;p=10586"},"modified":"2025-02-17T17:41:12","modified_gmt":"2025-02-17T17:41:12","slug":"carrelage-mural-effet-matelasse-relieve-qz-uno-dune-powder-5-x-20-cm","status":"publish","type":"product","link":"https:\/\/homeproject.fr\/fr\/produit\/carrelage-mural-effet-matelasse-relieve-qz-uno-dune-powder-5-x-20-cm\/","title":{"rendered":"Carrelage mural effet matelass\u00e9 RELIEVE QZ UNO Dune Powder 5 \u00d7 20 cm"},"content":{"rendered":"<p><strong><a href=\"https:\/\/homeproject.fr\/fr\/produit\/echantillon-carrelage-mural-relieve-qz-uno-dune-powder\/\">Commander un \u00e9chantillon<\/a><\/strong><\/p>\n<h2 data-start=\"830\" data-end=\"899\"><strong data-start=\"833\" data-end=\"899\">Un carrelage mural textur\u00e9 pour une ambiance douce et tendance<\/strong><\/h2>\n<p data-start=\"900\" data-end=\"1158\">Le <strong data-start=\"903\" data-end=\"933\">Relieve QZ Uno Dune Powder<\/strong> s\u00e9duit par son <strong data-start=\"949\" data-end=\"975\">coloris poudr\u00e9 d\u00e9licat<\/strong>, id\u00e9al pour cr\u00e9er une atmosph\u00e8re <strong data-start=\"1009\" data-end=\"1038\">apaisante et sophistiqu\u00e9e<\/strong>. Son <strong data-start=\"1044\" data-end=\"1064\">relief matelass\u00e9<\/strong> ajoute une dimension unique aux murs, mettant en valeur la lumi\u00e8re naturelle et artificielle.<\/p>\n<p data-start=\"1160\" data-end=\"1324\">\ud83d\udca1 <strong data-start=\"1163\" data-end=\"1178\">Astuce d\u00e9co<\/strong> : Associez ce carrelage \u00e0 des mat\u00e9riaux nobles comme le marbre, le laiton dor\u00e9 ou des touches de bois clair pour un int\u00e9rieur chic et harmonieux.<\/p>\n<hr data-start=\"1326\" data-end=\"1329\" \/>\n<h2 data-start=\"1331\" data-end=\"1405\"><strong data-start=\"1334\" data-end=\"1405\">Caract\u00e9ristiques techniques du carrelage Relieve QZ Uno Dune Powder<\/strong><\/h2>\n<p data-start=\"1406\" data-end=\"1840\">\u2714 <strong data-start=\"1408\" data-end=\"1422\">Dimensions<\/strong> : 5\u00d720 cm<br data-start=\"1432\" data-end=\"1435\" \/>\u2714 <strong data-start=\"1437\" data-end=\"1450\">\u00c9paisseur<\/strong> : Fine et \u00e9l\u00e9gante pour une finition soign\u00e9e<br data-start=\"1495\" data-end=\"1498\" \/>\u2714 <strong data-start=\"1500\" data-end=\"1512\">Finition<\/strong> : Rose poudr\u00e9 mat avec relief structur\u00e9<br data-start=\"1552\" data-end=\"1555\" \/>\u2714 <strong data-start=\"1557\" data-end=\"1569\">Mat\u00e9riau<\/strong> : C\u00e9ramique haut de gamme, r\u00e9sistante et durable<br data-start=\"1618\" data-end=\"1621\" \/>\u2714 <strong data-start=\"1623\" data-end=\"1631\">Pose<\/strong> : Murale, id\u00e9ale pour toutes les pi\u00e8ces int\u00e9rieures<br data-start=\"1683\" data-end=\"1686\" \/>\u2714 <strong data-start=\"1688\" data-end=\"1703\">Utilisation<\/strong> : Salle de bain, cuisine, cr\u00e9dence, salon, boutique, h\u00f4tel<br data-start=\"1762\" data-end=\"1765\" \/>\u2714 <strong data-start=\"1767\" data-end=\"1780\">Entretien<\/strong> : Facile \u00e0 nettoyer, r\u00e9sistant aux taches et \u00e0 l\u2019humidit\u00e9<\/p>\n<hr data-start=\"1842\" data-end=\"1845\" \/>\n<h2 data-start=\"1847\" data-end=\"1912\"><strong data-start=\"1850\" data-end=\"1912\">Pourquoi choisir le carrelage Relieve QZ Uno Dune Powder ?<\/strong><\/h2>\n<p data-start=\"1913\" data-end=\"2285\">\u2705 <strong data-start=\"1915\" data-end=\"1947\">Relief 3D d\u00e9licat et \u00e9l\u00e9gant<\/strong> : Apporte volume et texture aux murs<br data-start=\"1984\" data-end=\"1987\" \/>\u2705 <strong data-start=\"1989\" data-end=\"2020\">Teinte rose poudr\u00e9 tendance<\/strong> : Id\u00e9ale pour une ambiance douce et raffin\u00e9e<br data-start=\"2065\" data-end=\"2068\" \/>\u2705 <strong data-start=\"2070\" data-end=\"2085\">Polyvalence<\/strong> : Adapt\u00e9 aux int\u00e9rieurs r\u00e9sidentiels et professionnels<br data-start=\"2140\" data-end=\"2143\" \/>\u2705 <strong data-start=\"2145\" data-end=\"2169\">Facilit\u00e9 d\u2019entretien<\/strong> : Un simple coup d\u2019\u00e9ponge suffit<br data-start=\"2202\" data-end=\"2205\" \/>\u2705 <strong data-start=\"2207\" data-end=\"2234\">Installation simplifi\u00e9e<\/strong> : Compatible avec diff\u00e9rentes techniques de pose<\/p>\n<hr data-start=\"2287\" data-end=\"2290\" \/>\n<h2 data-start=\"2292\" data-end=\"2349\"><strong data-start=\"2295\" data-end=\"2349\">Id\u00e9es d\u2019associations pour une ambiance harmonieuse<\/strong><\/h2>\n<ul data-start=\"2350\" data-end=\"2660\">\n<li data-start=\"2350\" data-end=\"2458\"><strong data-start=\"2352\" data-end=\"2389\">Pour un int\u00e9rieur romantique chic<\/strong> : Associez ce carrelage avec du marbre blanc et des accents dor\u00e9s.<\/li>\n<li data-start=\"2459\" data-end=\"2555\"><strong data-start=\"2461\" data-end=\"2496\">Pour une d\u00e9co scandinave \u00e9pur\u00e9e<\/strong> : Combinez-le avec du bois clair et des teintes neutres.<\/li>\n<li data-start=\"2556\" data-end=\"2660\"><strong data-start=\"2558\" data-end=\"2606\">Pour une ambiance contemporaine sophistiqu\u00e9e<\/strong> : Mariez-le \u00e0 du noir mat et des luminaires design.<\/li>\n<\/ul>\n<p data-start=\"2662\" data-end=\"2825\">\ud83d\udce6 <strong data-start=\"2665\" data-end=\"2688\">Disponible rapidement<\/strong> \u2013 Commandez d\u00e8s maintenant sur <strong data-start=\"2720\" data-end=\"2738\">homeproject.fr<\/strong> et sublimez votre int\u00e9rieur avec le <strong data-start=\"2775\" data-end=\"2821\">carrelage mural Relieve QZ Uno Dune Powder<\/strong> !<\/p>\n<p data-start=\"2827\" data-end=\"2917\">\ud83d\udee0 <strong data-start=\"2830\" data-end=\"2854\">Besoin de conseils ?<\/strong> Nos experts en d\u00e9coration vous accompagnent dans votre projet.<\/p>\n<h2 data-start=\"896\" data-end=\"968\"><strong style=\"font-family: inherit; font-size: 30px;\">Vous avez des questions ?<\/strong><\/h2>\n<style id=\"wpforms-css-vars-3675\">\n\t\t\t\t#wpforms-3675 {\n\t\t\t\t\n\t\t\t}\n\t\t\t<\/style><div class=\"wpforms-container wpforms-container-full wpforms-render-modern\" id=\"wpforms-3675\"><form id=\"wpforms-form-3675\" class=\"wpforms-validate wpforms-form wpforms-ajax-form\" data-formid=\"3675\" method=\"post\" enctype=\"multipart\/form-data\" action=\"\/fr\/wp-json\/wp\/v2\/product\/10586\" data-token=\"40ada6e9151c970e4278e2da3e5409c5\" data-token-time=\"1777934944\"><noscript class=\"wpforms-error-noscript\">Veuillez activer JavaScript dans votre navigateur pour remplir ce formulaire.<\/noscript><div id=\"wpforms-error-noscript\" style=\"display: none;\">Veuillez activer JavaScript dans votre navigateur pour remplir ce formulaire.<\/div><div class=\"wpforms-field-container\">\t\t<div id=\"wpforms-3675-field_1-container\"\n\t\t\tclass=\"wpforms-field wpforms-field-text\"\n\t\t\tdata-field-type=\"text\"\n\t\t\tdata-field-id=\"1\"\n\t\t\t>\n\t\t\t<label class=\"wpforms-field-label\" for=\"wpforms-3675-field_1\" >Nom E-mail Message<\/label>\n\t\t\t<input type=\"text\" id=\"wpforms-3675-field_1\" class=\"wpforms-field-medium\" name=\"wpforms[fields][1]\" >\n\t\t<\/div>\n\t\t<div id=\"wpforms-3675-field_3-container\" class=\"wpforms-field wpforms-field-name\" data-field-id=\"3\"><fieldset><legend class=\"wpforms-field-label\">Nom <span class=\"wpforms-required-label\" aria-hidden=\"true\">*<\/span><\/legend><div class=\"wpforms-field-row wpforms-field-medium\"><div class=\"wpforms-field-row-block wpforms-first wpforms-one-half\"><input type=\"text\" id=\"wpforms-3675-field_3\" class=\"wpforms-field-name-first wpforms-field-required\" name=\"wpforms[fields][3][first]\" aria-errormessage=\"wpforms-3675-field_3-error\" required><label for=\"wpforms-3675-field_3\" class=\"wpforms-field-sublabel after\">Pr\u00e9nom<\/label><\/div><div class=\"wpforms-field-row-block wpforms-one-half\"><input type=\"text\" id=\"wpforms-3675-field_3-last\" class=\"wpforms-field-name-last wpforms-field-required\" name=\"wpforms[fields][3][last]\" aria-errormessage=\"wpforms-3675-field_3-last-error\" required><label for=\"wpforms-3675-field_3-last\" class=\"wpforms-field-sublabel after\">Nom<\/label><\/div><\/div><\/fieldset><\/div><div id=\"wpforms-3675-field_4-container\" class=\"wpforms-field wpforms-field-email\" data-field-id=\"4\"><label class=\"wpforms-field-label\" for=\"wpforms-3675-field_4\">E-mail <span class=\"wpforms-required-label\" aria-hidden=\"true\">*<\/span><\/label><input type=\"email\" id=\"wpforms-3675-field_4\" class=\"wpforms-field-medium wpforms-field-required\" name=\"wpforms[fields][4]\" spellcheck=\"false\" aria-errormessage=\"wpforms-3675-field_4-error\" required><\/div><div id=\"wpforms-3675-field_5-container\" class=\"wpforms-field wpforms-field-textarea\" data-field-id=\"5\"><label class=\"wpforms-field-label\" for=\"wpforms-3675-field_5\">Message <span class=\"wpforms-required-label\" aria-hidden=\"true\">*<\/span><\/label><textarea id=\"wpforms-3675-field_5\" class=\"wpforms-field-medium wpforms-field-required\" name=\"wpforms[fields][5]\" aria-errormessage=\"wpforms-3675-field_5-error\" required><\/textarea><\/div><script>\n\t\t\t\t( function() {\n\t\t\t\t\tconst style = document.createElement( 'style' );\n\t\t\t\t\tstyle.appendChild( document.createTextNode( '#wpforms-3675-field_1-container { position: absolute !important; overflow: hidden !important; display: inline !important; height: 1px !important; width: 1px !important; z-index: -1000 !important; padding: 0 !important; } #wpforms-3675-field_1-container input { visibility: hidden; } #wpforms-conversational-form-page #wpforms-3675-field_1-container label { counter-increment: none; }' ) );\n\t\t\t\t\tdocument.head.appendChild( style );\n\t\t\t\t\tdocument.currentScript?.remove();\n\t\t\t\t} )();\n\t\t\t<\/script><\/div><!-- .wpforms-field-container --><div class=\"wpforms-submit-container\" ><input type=\"hidden\" name=\"wpforms[id]\" value=\"3675\"><input type=\"hidden\" name=\"page_title\" value=\"\"><input type=\"hidden\" name=\"page_url\" value=\"https:\/\/homeproject.fr\/fr\/wp-json\/wp\/v2\/product\/10586\"><input type=\"hidden\" name=\"url_referer\" value=\"\"><button type=\"submit\" name=\"wpforms[submit]\" id=\"wpforms-submit-3675\" class=\"wpforms-submit\" data-alt-text=\"Envoi...\" data-submit-text=\"Envoyer\" aria-live=\"assertive\" value=\"wpforms-submit\">Envoyer<\/button><img decoding=\"async\" src=\"https:\/\/homeproject.fr\/fr\/wp-content\/plugins\/wpforms-lite\/assets\/images\/submit-spin.svg\" class=\"wpforms-submit-spinner\" style=\"display: none;\" width=\"26\" height=\"26\" alt=\"Chargement en cours\"><\/div><\/form><\/div>  <!-- .wpforms-container -->\n","protected":false},"excerpt":{"rendered":"<p data-start=\"285\" data-end=\"596\">Offrez une <strong data-start=\"296\" data-end=\"329\">touche subtile et chaleureuse<\/strong> \u00e0 votre int\u00e9rieur avec le <strong data-start=\"356\" data-end=\"412\">carrelage mural en relief Relieve QZ Uno Dune Powder<\/strong>. Sa <strong data-start=\"417\" data-end=\"457\">teinte rose poudr\u00e9 douce et \u00e9l\u00e9gante<\/strong>, associ\u00e9e \u00e0 son <strong data-start=\"474\" data-end=\"500\">relief structur\u00e9 en 3D<\/strong>, cr\u00e9e un jeu d\u2019ombres d\u00e9licat qui apporte du caract\u00e8re et une <strong data-start=\"563\" data-end=\"584\">profondeur unique<\/strong> \u00e0 vos murs.<\/p>\n<p data-start=\"598\" data-end=\"823\">Avec son <strong data-start=\"607\" data-end=\"625\">format 5&#215;20 cm<\/strong>, ce carrelage en c\u00e9ramique est parfait pour sublimer les <strong data-start=\"683\" data-end=\"764\">salles de bain, cuisines, cr\u00e9dences, salons ou encore les espaces commerciaux<\/strong>, offrant une <strong data-start=\"778\" data-end=\"822\">esth\u00e9tique contemporaine et intemporelle<\/strong>.<\/p>\n","protected":false},"featured_media":10584,"template":"","meta":{"_uf_show_specific_survey":0,"_uf_disable_surveys":false,"iawp_total_views":65},"product_brand":[],"product_cat":[20,131,130],"product_tag":[],"class_list":{"0":"post-10586","1":"product","2":"type-product","3":"status-publish","4":"has-post-thumbnail","6":"product_cat-carrelage","7":"product_cat-carrelage-mural","8":"product_cat-relief","9":"product_shipping_class-carrelage","10":"pa_collection-relieve-qz-uno","11":"pa_dimensions-nominales-5x20","12":"pa_effet-relief","13":"pa_epaisseur-8mm","14":"pa_materiau-faience","16":"first","17":"instock","18":"sale","19":"taxable","20":"shipping-taxable","21":"purchasable","22":"product-type-simple"},"yoast_head":"<!-- This site is optimized with the Yoast SEO plugin v27.5 - https:\/\/yoast.com\/product\/yoast-seo-wordpress\/ -->\n<title>Carrelage mural effet matelass\u00e9 RELIEVE QZ UNO Dune Powder 5 \u00d7 20 cm - Homeproject.fr<\/title>\n<meta name=\"robots\" content=\"index, follow, max-snippet:-1, max-image-preview:large, max-video-preview:-1\" \/>\n<link rel=\"canonical\" href=\"https:\/\/homeproject.fr\/fr\/produit\/carrelage-mural-effet-matelasse-relieve-qz-uno-dune-powder-5-x-20-cm\/\" \/>\n<meta property=\"og:locale\" content=\"fr_FR\" \/>\n<meta property=\"og:type\" content=\"article\" \/>\n<meta property=\"og:title\" content=\"Carrelage mural effet matelass\u00e9 RELIEVE QZ UNO Dune Powder 5 \u00d7 20 cm - Homeproject.fr\" \/>\n<meta property=\"og:description\" content=\"Offrez une touche subtile et chaleureuse \u00e0 votre int\u00e9rieur avec le carrelage mural en relief Relieve QZ Uno Dune Powder. Sa teinte rose poudr\u00e9 douce et \u00e9l\u00e9gante, associ\u00e9e \u00e0 son relief structur\u00e9 en 3D, cr\u00e9e un jeu d\u2019ombres d\u00e9licat qui apporte du caract\u00e8re et une profondeur unique \u00e0 vos murs. Avec son format 5x20 cm, ce carrelage en c\u00e9ramique est parfait pour sublimer les salles de bain, cuisines, cr\u00e9dences, salons ou encore les espaces commerciaux, offrant une esth\u00e9tique contemporaine et intemporelle.\" \/>\n<meta property=\"og:url\" content=\"https:\/\/homeproject.fr\/fr\/produit\/carrelage-mural-effet-matelasse-relieve-qz-uno-dune-powder-5-x-20-cm\/\" \/>\n<meta property=\"og:site_name\" content=\"Homeproject.fr\" \/>\n<meta property=\"article:modified_time\" content=\"2025-02-17T17:41:12+00:00\" \/>\n<meta property=\"og:image\" content=\"https:\/\/homeproject.fr\/fr\/wp-content\/uploads\/2025\/02\/Carrelage-mural-relief-rose-matelasse-Relieve-QZ-Uno-Dune-Powder.jpg\" \/>\n\t<meta property=\"og:image:width\" content=\"1200\" \/>\n\t<meta property=\"og:image:height\" content=\"1200\" \/>\n\t<meta property=\"og:image:type\" content=\"image\/jpeg\" \/>\n<meta name=\"twitter:card\" content=\"summary_large_image\" \/>\n<meta name=\"twitter:label1\" content=\"Dur\u00e9e de lecture estim\u00e9e\" \/>\n\t<meta name=\"twitter:data1\" content=\"2 minutes\" \/>\n<script type=\"application\/ld+json\" class=\"yoast-schema-graph\">{\"@context\":\"https:\\\/\\\/schema.org\",\"@graph\":[{\"@type\":\"WebPage\",\"@id\":\"https:\\\/\\\/homeproject.fr\\\/fr\\\/produit\\\/carrelage-mural-effet-matelasse-relieve-qz-uno-dune-powder-5-x-20-cm\\\/\",\"url\":\"https:\\\/\\\/homeproject.fr\\\/fr\\\/produit\\\/carrelage-mural-effet-matelasse-relieve-qz-uno-dune-powder-5-x-20-cm\\\/\",\"name\":\"Carrelage mural effet matelass\u00e9 RELIEVE QZ UNO Dune Powder 5 \u00d7 20 cm - Homeproject.fr\",\"isPartOf\":{\"@id\":\"https:\\\/\\\/homeproject.fr\\\/fr\\\/#website\"},\"primaryImageOfPage\":{\"@id\":\"https:\\\/\\\/homeproject.fr\\\/fr\\\/produit\\\/carrelage-mural-effet-matelasse-relieve-qz-uno-dune-powder-5-x-20-cm\\\/#primaryimage\"},\"image\":{\"@id\":\"https:\\\/\\\/homeproject.fr\\\/fr\\\/produit\\\/carrelage-mural-effet-matelasse-relieve-qz-uno-dune-powder-5-x-20-cm\\\/#primaryimage\"},\"thumbnailUrl\":\"https:\\\/\\\/homeproject.fr\\\/fr\\\/wp-content\\\/uploads\\\/2025\\\/02\\\/Carrelage-mural-relief-rose-matelasse-Relieve-QZ-Uno-Dune-Powder.jpg\",\"datePublished\":\"2025-02-17T15:51:43+00:00\",\"dateModified\":\"2025-02-17T17:41:12+00:00\",\"breadcrumb\":{\"@id\":\"https:\\\/\\\/homeproject.fr\\\/fr\\\/produit\\\/carrelage-mural-effet-matelasse-relieve-qz-uno-dune-powder-5-x-20-cm\\\/#breadcrumb\"},\"inLanguage\":\"fr-FR\",\"potentialAction\":[{\"@type\":\"ReadAction\",\"target\":[\"https:\\\/\\\/homeproject.fr\\\/fr\\\/produit\\\/carrelage-mural-effet-matelasse-relieve-qz-uno-dune-powder-5-x-20-cm\\\/\"]}]},{\"@type\":\"ImageObject\",\"inLanguage\":\"fr-FR\",\"@id\":\"https:\\\/\\\/homeproject.fr\\\/fr\\\/produit\\\/carrelage-mural-effet-matelasse-relieve-qz-uno-dune-powder-5-x-20-cm\\\/#primaryimage\",\"url\":\"https:\\\/\\\/homeproject.fr\\\/fr\\\/wp-content\\\/uploads\\\/2025\\\/02\\\/Carrelage-mural-relief-rose-matelasse-Relieve-QZ-Uno-Dune-Powder.jpg\",\"contentUrl\":\"https:\\\/\\\/homeproject.fr\\\/fr\\\/wp-content\\\/uploads\\\/2025\\\/02\\\/Carrelage-mural-relief-rose-matelasse-Relieve-QZ-Uno-Dune-Powder.jpg\",\"width\":1200,\"height\":1200},{\"@type\":\"BreadcrumbList\",\"@id\":\"https:\\\/\\\/homeproject.fr\\\/fr\\\/produit\\\/carrelage-mural-effet-matelasse-relieve-qz-uno-dune-powder-5-x-20-cm\\\/#breadcrumb\",\"itemListElement\":[{\"@type\":\"ListItem\",\"position\":1,\"name\":\"Accueil\",\"item\":\"https:\\\/\\\/homeproject.fr\\\/fr\\\/\"},{\"@type\":\"ListItem\",\"position\":2,\"name\":\"Boutique\",\"item\":\"https:\\\/\\\/homeproject.fr\\\/fr\\\/boutique\\\/\"},{\"@type\":\"ListItem\",\"position\":3,\"name\":\"Carrelage mural effet matelass\u00e9 RELIEVE QZ UNO Dune Powder 5 \u00d7 20 cm\"}]},{\"@type\":\"WebSite\",\"@id\":\"https:\\\/\\\/homeproject.fr\\\/fr\\\/#website\",\"url\":\"https:\\\/\\\/homeproject.fr\\\/fr\\\/\",\"name\":\"Homeproject.fr\",\"description\":\"Offrez l&#039;exceptionnel \u00e0 vos espaces \u00e0 vivre\",\"publisher\":{\"@id\":\"https:\\\/\\\/homeproject.fr\\\/fr\\\/#organization\"},\"potentialAction\":[{\"@type\":\"SearchAction\",\"target\":{\"@type\":\"EntryPoint\",\"urlTemplate\":\"https:\\\/\\\/homeproject.fr\\\/fr\\\/?s={search_term_string}\"},\"query-input\":{\"@type\":\"PropertyValueSpecification\",\"valueRequired\":true,\"valueName\":\"search_term_string\"}}],\"inLanguage\":\"fr-FR\"},{\"@type\":\"Organization\",\"@id\":\"https:\\\/\\\/homeproject.fr\\\/fr\\\/#organization\",\"name\":\"Homeproject.fr\",\"url\":\"https:\\\/\\\/homeproject.fr\\\/fr\\\/\",\"logo\":{\"@type\":\"ImageObject\",\"inLanguage\":\"fr-FR\",\"@id\":\"https:\\\/\\\/homeproject.fr\\\/fr\\\/#\\\/schema\\\/logo\\\/image\\\/\",\"url\":\"https:\\\/\\\/homeproject.fr\\\/fr\\\/wp-content\\\/uploads\\\/2024\\\/12\\\/Logo_HomeProject-noir-2.png\",\"contentUrl\":\"https:\\\/\\\/homeproject.fr\\\/fr\\\/wp-content\\\/uploads\\\/2024\\\/12\\\/Logo_HomeProject-noir-2.png\",\"width\":300,\"height\":91,\"caption\":\"Homeproject.fr\"},\"image\":{\"@id\":\"https:\\\/\\\/homeproject.fr\\\/fr\\\/#\\\/schema\\\/logo\\\/image\\\/\"}}]}<\/script>\n<!-- \/ Yoast SEO plugin. -->","yoast_head_json":{"title":"Carrelage mural effet matelass\u00e9 RELIEVE QZ UNO Dune Powder 5 \u00d7 20 cm - Homeproject.fr","robots":{"index":"index","follow":"follow","max-snippet":"max-snippet:-1","max-image-preview":"max-image-preview:large","max-video-preview":"max-video-preview:-1"},"canonical":"https:\/\/homeproject.fr\/fr\/produit\/carrelage-mural-effet-matelasse-relieve-qz-uno-dune-powder-5-x-20-cm\/","og_locale":"fr_FR","og_type":"article","og_title":"Carrelage mural effet matelass\u00e9 RELIEVE QZ UNO Dune Powder 5 \u00d7 20 cm - Homeproject.fr","og_description":"Offrez une touche subtile et chaleureuse \u00e0 votre int\u00e9rieur avec le carrelage mural en relief Relieve QZ Uno Dune Powder. Sa teinte rose poudr\u00e9 douce et \u00e9l\u00e9gante, associ\u00e9e \u00e0 son relief structur\u00e9 en 3D, cr\u00e9e un jeu d\u2019ombres d\u00e9licat qui apporte du caract\u00e8re et une profondeur unique \u00e0 vos murs. Avec son format 5x20 cm, ce carrelage en c\u00e9ramique est parfait pour sublimer les salles de bain, cuisines, cr\u00e9dences, salons ou encore les espaces commerciaux, offrant une esth\u00e9tique contemporaine et intemporelle.","og_url":"https:\/\/homeproject.fr\/fr\/produit\/carrelage-mural-effet-matelasse-relieve-qz-uno-dune-powder-5-x-20-cm\/","og_site_name":"Homeproject.fr","article_modified_time":"2025-02-17T17:41:12+00:00","og_image":[{"width":1200,"height":1200,"url":"https:\/\/homeproject.fr\/fr\/wp-content\/uploads\/2025\/02\/Carrelage-mural-relief-rose-matelasse-Relieve-QZ-Uno-Dune-Powder.jpg","type":"image\/jpeg"}],"twitter_card":"summary_large_image","twitter_misc":{"Dur\u00e9e de lecture estim\u00e9e":"2 minutes"},"schema":{"@context":"https:\/\/schema.org","@graph":[{"@type":"WebPage","@id":"https:\/\/homeproject.fr\/fr\/produit\/carrelage-mural-effet-matelasse-relieve-qz-uno-dune-powder-5-x-20-cm\/","url":"https:\/\/homeproject.fr\/fr\/produit\/carrelage-mural-effet-matelasse-relieve-qz-uno-dune-powder-5-x-20-cm\/","name":"Carrelage mural effet matelass\u00e9 RELIEVE QZ UNO Dune Powder 5 \u00d7 20 cm - Homeproject.fr","isPartOf":{"@id":"https:\/\/homeproject.fr\/fr\/#website"},"primaryImageOfPage":{"@id":"https:\/\/homeproject.fr\/fr\/produit\/carrelage-mural-effet-matelasse-relieve-qz-uno-dune-powder-5-x-20-cm\/#primaryimage"},"image":{"@id":"https:\/\/homeproject.fr\/fr\/produit\/carrelage-mural-effet-matelasse-relieve-qz-uno-dune-powder-5-x-20-cm\/#primaryimage"},"thumbnailUrl":"https:\/\/homeproject.fr\/fr\/wp-content\/uploads\/2025\/02\/Carrelage-mural-relief-rose-matelasse-Relieve-QZ-Uno-Dune-Powder.jpg","datePublished":"2025-02-17T15:51:43+00:00","dateModified":"2025-02-17T17:41:12+00:00","breadcrumb":{"@id":"https:\/\/homeproject.fr\/fr\/produit\/carrelage-mural-effet-matelasse-relieve-qz-uno-dune-powder-5-x-20-cm\/#breadcrumb"},"inLanguage":"fr-FR","potentialAction":[{"@type":"ReadAction","target":["https:\/\/homeproject.fr\/fr\/produit\/carrelage-mural-effet-matelasse-relieve-qz-uno-dune-powder-5-x-20-cm\/"]}]},{"@type":"ImageObject","inLanguage":"fr-FR","@id":"https:\/\/homeproject.fr\/fr\/produit\/carrelage-mural-effet-matelasse-relieve-qz-uno-dune-powder-5-x-20-cm\/#primaryimage","url":"https:\/\/homeproject.fr\/fr\/wp-content\/uploads\/2025\/02\/Carrelage-mural-relief-rose-matelasse-Relieve-QZ-Uno-Dune-Powder.jpg","contentUrl":"https:\/\/homeproject.fr\/fr\/wp-content\/uploads\/2025\/02\/Carrelage-mural-relief-rose-matelasse-Relieve-QZ-Uno-Dune-Powder.jpg","width":1200,"height":1200},{"@type":"BreadcrumbList","@id":"https:\/\/homeproject.fr\/fr\/produit\/carrelage-mural-effet-matelasse-relieve-qz-uno-dune-powder-5-x-20-cm\/#breadcrumb","itemListElement":[{"@type":"ListItem","position":1,"name":"Accueil","item":"https:\/\/homeproject.fr\/fr\/"},{"@type":"ListItem","position":2,"name":"Boutique","item":"https:\/\/homeproject.fr\/fr\/boutique\/"},{"@type":"ListItem","position":3,"name":"Carrelage mural effet matelass\u00e9 RELIEVE QZ UNO Dune Powder 5 \u00d7 20 cm"}]},{"@type":"WebSite","@id":"https:\/\/homeproject.fr\/fr\/#website","url":"https:\/\/homeproject.fr\/fr\/","name":"Homeproject.fr","description":"Offrez l&#039;exceptionnel \u00e0 vos espaces \u00e0 vivre","publisher":{"@id":"https:\/\/homeproject.fr\/fr\/#organization"},"potentialAction":[{"@type":"SearchAction","target":{"@type":"EntryPoint","urlTemplate":"https:\/\/homeproject.fr\/fr\/?s={search_term_string}"},"query-input":{"@type":"PropertyValueSpecification","valueRequired":true,"valueName":"search_term_string"}}],"inLanguage":"fr-FR"},{"@type":"Organization","@id":"https:\/\/homeproject.fr\/fr\/#organization","name":"Homeproject.fr","url":"https:\/\/homeproject.fr\/fr\/","logo":{"@type":"ImageObject","inLanguage":"fr-FR","@id":"https:\/\/homeproject.fr\/fr\/#\/schema\/logo\/image\/","url":"https:\/\/homeproject.fr\/fr\/wp-content\/uploads\/2024\/12\/Logo_HomeProject-noir-2.png","contentUrl":"https:\/\/homeproject.fr\/fr\/wp-content\/uploads\/2024\/12\/Logo_HomeProject-noir-2.png","width":300,"height":91,"caption":"Homeproject.fr"},"image":{"@id":"https:\/\/homeproject.fr\/fr\/#\/schema\/logo\/image\/"}}]}},"_links":{"self":[{"href":"https:\/\/homeproject.fr\/fr\/wp-json\/wp\/v2\/product\/10586","targetHints":{"allow":["GET"]}}],"collection":[{"href":"https:\/\/homeproject.fr\/fr\/wp-json\/wp\/v2\/product"}],"about":[{"href":"https:\/\/homeproject.fr\/fr\/wp-json\/wp\/v2\/types\/product"}],"version-history":[{"count":1,"href":"https:\/\/homeproject.fr\/fr\/wp-json\/wp\/v2\/product\/10586\/revisions"}],"predecessor-version":[{"id":10589,"href":"https:\/\/homeproject.fr\/fr\/wp-json\/wp\/v2\/product\/10586\/revisions\/10589"}],"wp:featuredmedia":[{"embeddable":true,"href":"https:\/\/homeproject.fr\/fr\/wp-json\/wp\/v2\/media\/10584"}],"wp:attachment":[{"href":"https:\/\/homeproject.fr\/fr\/wp-json\/wp\/v2\/media?parent=10586"}],"wp:term":[{"taxonomy":"product_brand","embeddable":true,"href":"https:\/\/homeproject.fr\/fr\/wp-json\/wp\/v2\/product_brand?post=10586"},{"taxonomy":"product_cat","embeddable":true,"href":"https:\/\/homeproject.fr\/fr\/wp-json\/wp\/v2\/product_cat?post=10586"},{"taxonomy":"product_tag","embeddable":true,"href":"https:\/\/homeproject.fr\/fr\/wp-json\/wp\/v2\/product_tag?post=10586"}],"curies":[{"name":"wp","href":"https:\/\/api.w.org\/{rel}","templated":true}]}}