{"id":10579,"date":"2025-02-17T15:45:27","date_gmt":"2025-02-17T15:45:27","guid":{"rendered":"https:\/\/homeproject.fr\/fr\/?post_type=product&#038;p=10579"},"modified":"2025-02-17T17:42:49","modified_gmt":"2025-02-17T17:42:49","slug":"carrelage-mural-effet-matelasse-relieve-qz-uno-dune-salvia-5-x-20-cm","status":"publish","type":"product","link":"https:\/\/homeproject.fr\/fr\/produit\/carrelage-mural-effet-matelasse-relieve-qz-uno-dune-salvia-5-x-20-cm\/","title":{"rendered":"Carrelage mural effet matelass\u00e9 RELIEVE QZ UNO Dune Salvia 5 \u00d7 20 cm"},"content":{"rendered":"<p><strong><a href=\"https:\/\/homeproject.fr\/fr\/produit\/echantillon-carrelage-mural-relieve-qz-uno-dune-salvia\/\">Commander un \u00e9chantillon<\/a><\/strong><\/p>\n<h2 data-start=\"896\" data-end=\"968\"><strong data-start=\"899\" data-end=\"968\">Un carrelage mural textur\u00e9 pour un int\u00e9rieur inspir\u00e9 de la nature<\/strong><\/h2>\n<p data-start=\"969\" data-end=\"1239\">Le <strong data-start=\"972\" data-end=\"1002\">Relieve QZ Uno Dune Salvia<\/strong> se distingue par sa <strong data-start=\"1023\" data-end=\"1049\">couleur v\u00e9g\u00e9tale douce<\/strong>, parfaite pour ceux qui recherchent une d\u00e9coration \u00e0 la fois <strong data-start=\"1111\" data-end=\"1137\">moderne et chaleureuse<\/strong>. Son <strong data-start=\"1143\" data-end=\"1166\">relief 3D structur\u00e9<\/strong> ajoute du <strong data-start=\"1177\" data-end=\"1203\">volume et du dynamisme<\/strong>, tout en restant subtil et \u00e9l\u00e9gant.<\/p>\n<p data-start=\"1241\" data-end=\"1414\">\ud83d\udca1 <strong data-start=\"1244\" data-end=\"1259\">Astuce d\u00e9co<\/strong> : Associez ce carrelage avec des \u00e9l\u00e9ments en bois clair, des accessoires en c\u00e9ramique blanche ou des plantes vertes pour une ambiance naturelle et \u00e9pur\u00e9e.<\/p>\n<hr data-start=\"1416\" data-end=\"1419\" \/>\n<h2 data-start=\"1421\" data-end=\"1495\"><strong data-start=\"1424\" data-end=\"1495\">Caract\u00e9ristiques techniques du carrelage Relieve QZ Uno Dune Salvia<\/strong><\/h2>\n<p data-start=\"1496\" data-end=\"1930\">\u2714 <strong data-start=\"1498\" data-end=\"1512\">Dimensions<\/strong> : 5\u00d720 cm<br data-start=\"1522\" data-end=\"1525\" \/>\u2714 <strong data-start=\"1527\" data-end=\"1540\">\u00c9paisseur<\/strong> : Fine et \u00e9l\u00e9gante pour une finition parfaite<br data-start=\"1586\" data-end=\"1589\" \/>\u2714 <strong data-start=\"1591\" data-end=\"1603\">Finition<\/strong> : Vert sauge mat avec relief structur\u00e9<br data-start=\"1642\" data-end=\"1645\" \/>\u2714 <strong data-start=\"1647\" data-end=\"1659\">Mat\u00e9riau<\/strong> : C\u00e9ramique haut de gamme, r\u00e9sistante et durable<br data-start=\"1708\" data-end=\"1711\" \/>\u2714 <strong data-start=\"1713\" data-end=\"1721\">Pose<\/strong> : Murale, id\u00e9ale pour toutes les pi\u00e8ces int\u00e9rieures<br data-start=\"1773\" data-end=\"1776\" \/>\u2714 <strong data-start=\"1778\" data-end=\"1793\">Utilisation<\/strong> : Salle de bain, cuisine, cr\u00e9dence, salon, h\u00f4tel, boutique<br data-start=\"1852\" data-end=\"1855\" \/>\u2714 <strong data-start=\"1857\" data-end=\"1870\">Entretien<\/strong> : Facile \u00e0 nettoyer, r\u00e9sistant aux taches et \u00e0 l\u2019humidit\u00e9<\/p>\n<hr data-start=\"1932\" data-end=\"1935\" \/>\n<h2 data-start=\"1937\" data-end=\"2002\"><strong data-start=\"1940\" data-end=\"2002\">Pourquoi choisir le carrelage Relieve QZ Uno Dune Salvia ?<\/strong><\/h2>\n<p data-start=\"2003\" data-end=\"2379\">\u2705 <strong data-start=\"2005\" data-end=\"2026\">Relief 3D \u00e9l\u00e9gant<\/strong> : Ajoute du volume et du caract\u00e8re aux murs<br data-start=\"2070\" data-end=\"2073\" \/>\u2705 <strong data-start=\"2075\" data-end=\"2110\">Teinte verte douce et naturelle<\/strong> : Id\u00e9ale pour une ambiance zen et raffin\u00e9e<br data-start=\"2153\" data-end=\"2156\" \/>\u2705 <strong data-start=\"2158\" data-end=\"2173\">Polyvalence<\/strong> : Parfait pour les int\u00e9rieurs r\u00e9sidentiels et professionnels<br data-start=\"2234\" data-end=\"2237\" \/>\u2705 <strong data-start=\"2239\" data-end=\"2263\">Facilit\u00e9 d\u2019entretien<\/strong> : Un simple coup d\u2019\u00e9ponge suffit<br data-start=\"2296\" data-end=\"2299\" \/>\u2705 <strong data-start=\"2301\" data-end=\"2328\">Installation simplifi\u00e9e<\/strong> : Compatible avec diff\u00e9rentes techniques de pose<\/p>\n<hr data-start=\"2381\" data-end=\"2384\" \/>\n<h2 data-start=\"2386\" data-end=\"2442\"><strong data-start=\"2389\" data-end=\"2442\">Id\u00e9es d\u2019associations pour un int\u00e9rieur harmonieux<\/strong><\/h2>\n<ul data-start=\"2443\" data-end=\"2810\">\n<li data-start=\"2443\" data-end=\"2560\"><strong data-start=\"2445\" data-end=\"2483\">Pour une d\u00e9co scandinave apaisante<\/strong> : Associez ce carrelage vert sauge avec du bois clair et des tons neutres.<\/li>\n<li data-start=\"2561\" data-end=\"2685\"><strong data-start=\"2563\" data-end=\"2605\">Pour une ambiance m\u00e9diterran\u00e9enne chic<\/strong> : Combinez-le avec des touches de blanc cass\u00e9 et des \u00e9l\u00e9ments en terre cuite.<\/li>\n<li data-start=\"2686\" data-end=\"2810\"><strong data-start=\"2688\" data-end=\"2737\">Pour une esth\u00e9tique contemporaine et \u00e9l\u00e9gante<\/strong> : Mariez-le \u00e0 du marbre et des finitions m\u00e9talliques dor\u00e9es ou noires.<\/li>\n<\/ul>\n<p data-start=\"2812\" data-end=\"2977\">\ud83d\udce6 <strong data-start=\"2815\" data-end=\"2838\">Disponible rapidement<\/strong> \u2013 Commandez d\u00e8s maintenant sur <strong data-start=\"2870\" data-end=\"2888\">homeproject.fr<\/strong> et cr\u00e9ez un int\u00e9rieur raffin\u00e9 avec le <strong data-start=\"2927\" data-end=\"2973\">carrelage mural Relieve QZ Uno Dune Salvia<\/strong> !<\/p>\n<p data-start=\"2979\" data-end=\"3065\">\ud83d\udee0 <strong data-start=\"2982\" data-end=\"3006\">Besoin de conseils ?<\/strong> Nos experts en design vous accompagnent dans votre projet.<\/p>\n<h2 data-start=\"883\" data-end=\"946\"><strong style=\"font-family: inherit; font-size: 30px;\">Vous avez des questions ?<\/strong><\/h2>\n<style id=\"wpforms-css-vars-3675\">\n\t\t\t\t#wpforms-3675 {\n\t\t\t\t\n\t\t\t}\n\t\t\t<\/style><div class=\"wpforms-container wpforms-container-full wpforms-render-modern\" id=\"wpforms-3675\"><form id=\"wpforms-form-3675\" class=\"wpforms-validate wpforms-form wpforms-ajax-form\" data-formid=\"3675\" method=\"post\" enctype=\"multipart\/form-data\" action=\"\/fr\/wp-json\/wp\/v2\/product\/10579\" data-token=\"2921a7ac3408d834be151983965c4ab3\" data-token-time=\"1778010857\"><noscript class=\"wpforms-error-noscript\">Veuillez activer JavaScript dans votre navigateur pour remplir ce formulaire.<\/noscript><div id=\"wpforms-error-noscript\" style=\"display: none;\">Veuillez activer JavaScript dans votre navigateur pour remplir ce formulaire.<\/div><div class=\"wpforms-field-container\"><div id=\"wpforms-3675-field_3-container\" class=\"wpforms-field wpforms-field-name\" data-field-id=\"3\"><fieldset><legend class=\"wpforms-field-label\">Nom <span class=\"wpforms-required-label\" aria-hidden=\"true\">*<\/span><\/legend><div class=\"wpforms-field-row wpforms-field-medium\"><div class=\"wpforms-field-row-block wpforms-first wpforms-one-half\"><input type=\"text\" id=\"wpforms-3675-field_3\" class=\"wpforms-field-name-first wpforms-field-required\" name=\"wpforms[fields][3][first]\" aria-errormessage=\"wpforms-3675-field_3-error\" required><label for=\"wpforms-3675-field_3\" class=\"wpforms-field-sublabel after\">Pr\u00e9nom<\/label><\/div><div class=\"wpforms-field-row-block wpforms-one-half\"><input type=\"text\" id=\"wpforms-3675-field_3-last\" class=\"wpforms-field-name-last wpforms-field-required\" name=\"wpforms[fields][3][last]\" aria-errormessage=\"wpforms-3675-field_3-last-error\" required><label for=\"wpforms-3675-field_3-last\" class=\"wpforms-field-sublabel after\">Nom<\/label><\/div><\/div><\/fieldset><\/div><div id=\"wpforms-3675-field_4-container\" class=\"wpforms-field wpforms-field-email\" data-field-id=\"4\"><label class=\"wpforms-field-label\" for=\"wpforms-3675-field_4\">E-mail <span class=\"wpforms-required-label\" aria-hidden=\"true\">*<\/span><\/label><input type=\"email\" id=\"wpforms-3675-field_4\" class=\"wpforms-field-medium wpforms-field-required\" name=\"wpforms[fields][4]\" spellcheck=\"false\" aria-errormessage=\"wpforms-3675-field_4-error\" required><\/div>\t\t<div id=\"wpforms-3675-field_1-container\"\n\t\t\tclass=\"wpforms-field wpforms-field-text\"\n\t\t\tdata-field-type=\"text\"\n\t\t\tdata-field-id=\"1\"\n\t\t\t>\n\t\t\t<label class=\"wpforms-field-label\" for=\"wpforms-3675-field_1\" >Message Nom E-mail<\/label>\n\t\t\t<input type=\"text\" id=\"wpforms-3675-field_1\" class=\"wpforms-field-medium\" name=\"wpforms[fields][1]\" >\n\t\t<\/div>\n\t\t<div id=\"wpforms-3675-field_5-container\" class=\"wpforms-field wpforms-field-textarea\" data-field-id=\"5\"><label class=\"wpforms-field-label\" for=\"wpforms-3675-field_5\">Message <span class=\"wpforms-required-label\" aria-hidden=\"true\">*<\/span><\/label><textarea id=\"wpforms-3675-field_5\" class=\"wpforms-field-medium wpforms-field-required\" name=\"wpforms[fields][5]\" aria-errormessage=\"wpforms-3675-field_5-error\" required><\/textarea><\/div><script>\n\t\t\t\t( function() {\n\t\t\t\t\tconst style = document.createElement( 'style' );\n\t\t\t\t\tstyle.appendChild( document.createTextNode( '#wpforms-3675-field_1-container { position: absolute !important; overflow: hidden !important; display: inline !important; height: 1px !important; width: 1px !important; z-index: -1000 !important; padding: 0 !important; } #wpforms-3675-field_1-container input { visibility: hidden; } #wpforms-conversational-form-page #wpforms-3675-field_1-container label { counter-increment: none; }' ) );\n\t\t\t\t\tdocument.head.appendChild( style );\n\t\t\t\t\tdocument.currentScript?.remove();\n\t\t\t\t} )();\n\t\t\t<\/script><\/div><!-- .wpforms-field-container --><div class=\"wpforms-submit-container\" ><input type=\"hidden\" name=\"wpforms[id]\" value=\"3675\"><input type=\"hidden\" name=\"page_title\" value=\"\"><input type=\"hidden\" name=\"page_url\" value=\"https:\/\/homeproject.fr\/fr\/wp-json\/wp\/v2\/product\/10579\"><input type=\"hidden\" name=\"url_referer\" value=\"\"><button type=\"submit\" name=\"wpforms[submit]\" id=\"wpforms-submit-3675\" class=\"wpforms-submit\" data-alt-text=\"Envoi...\" data-submit-text=\"Envoyer\" aria-live=\"assertive\" value=\"wpforms-submit\">Envoyer<\/button><img decoding=\"async\" src=\"https:\/\/homeproject.fr\/fr\/wp-content\/plugins\/wpforms-lite\/assets\/images\/submit-spin.svg\" class=\"wpforms-submit-spinner\" style=\"display: none;\" width=\"26\" height=\"26\" alt=\"Chargement en cours\"><\/div><\/form><\/div>  <!-- .wpforms-container -->\n","protected":false},"excerpt":{"rendered":"<p data-start=\"293\" data-end=\"582\">Apportez une <strong data-start=\"306\" data-end=\"343\">touche de fra\u00eecheur et d\u2019\u00e9l\u00e9gance<\/strong> \u00e0 votre d\u00e9coration murale avec le <strong data-start=\"378\" data-end=\"434\">carrelage mural en relief Relieve QZ Uno Dune Salvia<\/strong>. Sa <strong data-start=\"439\" data-end=\"468\">teinte vert sauge subtile<\/strong>, son <strong data-start=\"474\" data-end=\"493\">effet matelass\u00e9<\/strong> et sa <strong data-start=\"500\" data-end=\"517\">finition mate<\/strong> cr\u00e9ent une atmosph\u00e8re \u00e0 la fois <strong data-start=\"550\" data-end=\"580\">apaisante et contemporaine<\/strong>.<\/p>\n<p data-start=\"584\" data-end=\"889\">Avec son <strong data-start=\"593\" data-end=\"625\">format rectangulaire 5&#215;20 cm<\/strong>, ce carrelage en c\u00e9ramique ajoute <strong data-start=\"660\" data-end=\"684\">profondeur et relief<\/strong> aux murs tout en diffusant une <strong data-start=\"716\" data-end=\"746\">lumi\u00e8re douce et naturelle<\/strong>. Il est id\u00e9al pour une <strong data-start=\"770\" data-end=\"843\">salle de bain, une cuisine, une cr\u00e9dence ou m\u00eame un espace commercial<\/strong>, offrant un design <strong data-start=\"863\" data-end=\"888\">raffin\u00e9 et intemporel<\/strong>.<\/p>\n","protected":false},"featured_media":10577,"template":"","meta":{"_uf_show_specific_survey":0,"_uf_disable_surveys":false,"iawp_total_views":13},"product_brand":[],"product_cat":[20,131,130],"product_tag":[],"class_list":{"0":"post-10579","1":"product","2":"type-product","3":"status-publish","4":"has-post-thumbnail","6":"product_cat-carrelage","7":"product_cat-carrelage-mural","8":"product_cat-relief","9":"product_shipping_class-carrelage","10":"pa_collection-relieve-qz-uno","11":"pa_dimensions-nominales-5x20","12":"pa_effet-relief","13":"pa_epaisseur-8mm","14":"pa_materiau-faience","16":"first","17":"instock","18":"sale","19":"taxable","20":"shipping-taxable","21":"purchasable","22":"product-type-simple"},"yoast_head":"<!-- This site is optimized with the Yoast SEO plugin v27.5 - https:\/\/yoast.com\/product\/yoast-seo-wordpress\/ -->\n<title>Carrelage mural effet matelass\u00e9 RELIEVE QZ UNO Dune Salvia 5 \u00d7 20 cm - Homeproject.fr<\/title>\n<meta name=\"robots\" content=\"index, follow, max-snippet:-1, max-image-preview:large, max-video-preview:-1\" \/>\n<link rel=\"canonical\" href=\"https:\/\/homeproject.fr\/fr\/produit\/carrelage-mural-effet-matelasse-relieve-qz-uno-dune-salvia-5-x-20-cm\/\" \/>\n<meta property=\"og:locale\" content=\"fr_FR\" \/>\n<meta property=\"og:type\" content=\"article\" \/>\n<meta property=\"og:title\" content=\"Carrelage mural effet matelass\u00e9 RELIEVE QZ UNO Dune Salvia 5 \u00d7 20 cm - Homeproject.fr\" \/>\n<meta property=\"og:description\" content=\"Apportez une touche de fra\u00eecheur et d\u2019\u00e9l\u00e9gance \u00e0 votre d\u00e9coration murale avec le carrelage mural en relief Relieve QZ Uno Dune Salvia. Sa teinte vert sauge subtile, son effet matelass\u00e9 et sa finition mate cr\u00e9ent une atmosph\u00e8re \u00e0 la fois apaisante et contemporaine. Avec son format rectangulaire 5x20 cm, ce carrelage en c\u00e9ramique ajoute profondeur et relief aux murs tout en diffusant une lumi\u00e8re douce et naturelle. Il est id\u00e9al pour une salle de bain, une cuisine, une cr\u00e9dence ou m\u00eame un espace commercial, offrant un design raffin\u00e9 et intemporel.\" \/>\n<meta property=\"og:url\" content=\"https:\/\/homeproject.fr\/fr\/produit\/carrelage-mural-effet-matelasse-relieve-qz-uno-dune-salvia-5-x-20-cm\/\" \/>\n<meta property=\"og:site_name\" content=\"Homeproject.fr\" \/>\n<meta property=\"article:modified_time\" content=\"2025-02-17T17:42:49+00:00\" \/>\n<meta property=\"og:image\" content=\"https:\/\/homeproject.fr\/fr\/wp-content\/uploads\/2025\/02\/Carrelage-mural-relief-vert-matelasse-Relieve-QZ-Uno-Dune-Salvia.webp\" \/>\n\t<meta property=\"og:image:width\" content=\"1200\" \/>\n\t<meta property=\"og:image:height\" content=\"1200\" \/>\n\t<meta property=\"og:image:type\" content=\"image\/webp\" \/>\n<meta name=\"twitter:card\" content=\"summary_large_image\" \/>\n<meta name=\"twitter:label1\" content=\"Dur\u00e9e de lecture estim\u00e9e\" \/>\n\t<meta name=\"twitter:data1\" content=\"2 minutes\" \/>\n<script type=\"application\/ld+json\" class=\"yoast-schema-graph\">{\"@context\":\"https:\\\/\\\/schema.org\",\"@graph\":[{\"@type\":\"WebPage\",\"@id\":\"https:\\\/\\\/homeproject.fr\\\/fr\\\/produit\\\/carrelage-mural-effet-matelasse-relieve-qz-uno-dune-salvia-5-x-20-cm\\\/\",\"url\":\"https:\\\/\\\/homeproject.fr\\\/fr\\\/produit\\\/carrelage-mural-effet-matelasse-relieve-qz-uno-dune-salvia-5-x-20-cm\\\/\",\"name\":\"Carrelage mural effet matelass\u00e9 RELIEVE QZ UNO Dune Salvia 5 \u00d7 20 cm - Homeproject.fr\",\"isPartOf\":{\"@id\":\"https:\\\/\\\/homeproject.fr\\\/fr\\\/#website\"},\"primaryImageOfPage\":{\"@id\":\"https:\\\/\\\/homeproject.fr\\\/fr\\\/produit\\\/carrelage-mural-effet-matelasse-relieve-qz-uno-dune-salvia-5-x-20-cm\\\/#primaryimage\"},\"image\":{\"@id\":\"https:\\\/\\\/homeproject.fr\\\/fr\\\/produit\\\/carrelage-mural-effet-matelasse-relieve-qz-uno-dune-salvia-5-x-20-cm\\\/#primaryimage\"},\"thumbnailUrl\":\"https:\\\/\\\/homeproject.fr\\\/fr\\\/wp-content\\\/uploads\\\/2025\\\/02\\\/Carrelage-mural-relief-vert-matelasse-Relieve-QZ-Uno-Dune-Salvia.webp\",\"datePublished\":\"2025-02-17T15:45:27+00:00\",\"dateModified\":\"2025-02-17T17:42:49+00:00\",\"breadcrumb\":{\"@id\":\"https:\\\/\\\/homeproject.fr\\\/fr\\\/produit\\\/carrelage-mural-effet-matelasse-relieve-qz-uno-dune-salvia-5-x-20-cm\\\/#breadcrumb\"},\"inLanguage\":\"fr-FR\",\"potentialAction\":[{\"@type\":\"ReadAction\",\"target\":[\"https:\\\/\\\/homeproject.fr\\\/fr\\\/produit\\\/carrelage-mural-effet-matelasse-relieve-qz-uno-dune-salvia-5-x-20-cm\\\/\"]}]},{\"@type\":\"ImageObject\",\"inLanguage\":\"fr-FR\",\"@id\":\"https:\\\/\\\/homeproject.fr\\\/fr\\\/produit\\\/carrelage-mural-effet-matelasse-relieve-qz-uno-dune-salvia-5-x-20-cm\\\/#primaryimage\",\"url\":\"https:\\\/\\\/homeproject.fr\\\/fr\\\/wp-content\\\/uploads\\\/2025\\\/02\\\/Carrelage-mural-relief-vert-matelasse-Relieve-QZ-Uno-Dune-Salvia.webp\",\"contentUrl\":\"https:\\\/\\\/homeproject.fr\\\/fr\\\/wp-content\\\/uploads\\\/2025\\\/02\\\/Carrelage-mural-relief-vert-matelasse-Relieve-QZ-Uno-Dune-Salvia.webp\",\"width\":1200,\"height\":1200},{\"@type\":\"BreadcrumbList\",\"@id\":\"https:\\\/\\\/homeproject.fr\\\/fr\\\/produit\\\/carrelage-mural-effet-matelasse-relieve-qz-uno-dune-salvia-5-x-20-cm\\\/#breadcrumb\",\"itemListElement\":[{\"@type\":\"ListItem\",\"position\":1,\"name\":\"Accueil\",\"item\":\"https:\\\/\\\/homeproject.fr\\\/fr\\\/\"},{\"@type\":\"ListItem\",\"position\":2,\"name\":\"Boutique\",\"item\":\"https:\\\/\\\/homeproject.fr\\\/fr\\\/boutique\\\/\"},{\"@type\":\"ListItem\",\"position\":3,\"name\":\"Carrelage mural effet matelass\u00e9 RELIEVE QZ UNO Dune Salvia 5 \u00d7 20 cm\"}]},{\"@type\":\"WebSite\",\"@id\":\"https:\\\/\\\/homeproject.fr\\\/fr\\\/#website\",\"url\":\"https:\\\/\\\/homeproject.fr\\\/fr\\\/\",\"name\":\"Homeproject.fr\",\"description\":\"Offrez l&#039;exceptionnel \u00e0 vos espaces \u00e0 vivre\",\"publisher\":{\"@id\":\"https:\\\/\\\/homeproject.fr\\\/fr\\\/#organization\"},\"potentialAction\":[{\"@type\":\"SearchAction\",\"target\":{\"@type\":\"EntryPoint\",\"urlTemplate\":\"https:\\\/\\\/homeproject.fr\\\/fr\\\/?s={search_term_string}\"},\"query-input\":{\"@type\":\"PropertyValueSpecification\",\"valueRequired\":true,\"valueName\":\"search_term_string\"}}],\"inLanguage\":\"fr-FR\"},{\"@type\":\"Organization\",\"@id\":\"https:\\\/\\\/homeproject.fr\\\/fr\\\/#organization\",\"name\":\"Homeproject.fr\",\"url\":\"https:\\\/\\\/homeproject.fr\\\/fr\\\/\",\"logo\":{\"@type\":\"ImageObject\",\"inLanguage\":\"fr-FR\",\"@id\":\"https:\\\/\\\/homeproject.fr\\\/fr\\\/#\\\/schema\\\/logo\\\/image\\\/\",\"url\":\"https:\\\/\\\/homeproject.fr\\\/fr\\\/wp-content\\\/uploads\\\/2024\\\/12\\\/Logo_HomeProject-noir-2.png\",\"contentUrl\":\"https:\\\/\\\/homeproject.fr\\\/fr\\\/wp-content\\\/uploads\\\/2024\\\/12\\\/Logo_HomeProject-noir-2.png\",\"width\":300,\"height\":91,\"caption\":\"Homeproject.fr\"},\"image\":{\"@id\":\"https:\\\/\\\/homeproject.fr\\\/fr\\\/#\\\/schema\\\/logo\\\/image\\\/\"}}]}<\/script>\n<!-- \/ Yoast SEO plugin. -->","yoast_head_json":{"title":"Carrelage mural effet matelass\u00e9 RELIEVE QZ UNO Dune Salvia 5 \u00d7 20 cm - Homeproject.fr","robots":{"index":"index","follow":"follow","max-snippet":"max-snippet:-1","max-image-preview":"max-image-preview:large","max-video-preview":"max-video-preview:-1"},"canonical":"https:\/\/homeproject.fr\/fr\/produit\/carrelage-mural-effet-matelasse-relieve-qz-uno-dune-salvia-5-x-20-cm\/","og_locale":"fr_FR","og_type":"article","og_title":"Carrelage mural effet matelass\u00e9 RELIEVE QZ UNO Dune Salvia 5 \u00d7 20 cm - Homeproject.fr","og_description":"Apportez une touche de fra\u00eecheur et d\u2019\u00e9l\u00e9gance \u00e0 votre d\u00e9coration murale avec le carrelage mural en relief Relieve QZ Uno Dune Salvia. Sa teinte vert sauge subtile, son effet matelass\u00e9 et sa finition mate cr\u00e9ent une atmosph\u00e8re \u00e0 la fois apaisante et contemporaine. Avec son format rectangulaire 5x20 cm, ce carrelage en c\u00e9ramique ajoute profondeur et relief aux murs tout en diffusant une lumi\u00e8re douce et naturelle. Il est id\u00e9al pour une salle de bain, une cuisine, une cr\u00e9dence ou m\u00eame un espace commercial, offrant un design raffin\u00e9 et intemporel.","og_url":"https:\/\/homeproject.fr\/fr\/produit\/carrelage-mural-effet-matelasse-relieve-qz-uno-dune-salvia-5-x-20-cm\/","og_site_name":"Homeproject.fr","article_modified_time":"2025-02-17T17:42:49+00:00","og_image":[{"width":1200,"height":1200,"url":"https:\/\/homeproject.fr\/fr\/wp-content\/uploads\/2025\/02\/Carrelage-mural-relief-vert-matelasse-Relieve-QZ-Uno-Dune-Salvia.webp","type":"image\/webp"}],"twitter_card":"summary_large_image","twitter_misc":{"Dur\u00e9e de lecture estim\u00e9e":"2 minutes"},"schema":{"@context":"https:\/\/schema.org","@graph":[{"@type":"WebPage","@id":"https:\/\/homeproject.fr\/fr\/produit\/carrelage-mural-effet-matelasse-relieve-qz-uno-dune-salvia-5-x-20-cm\/","url":"https:\/\/homeproject.fr\/fr\/produit\/carrelage-mural-effet-matelasse-relieve-qz-uno-dune-salvia-5-x-20-cm\/","name":"Carrelage mural effet matelass\u00e9 RELIEVE QZ UNO Dune Salvia 5 \u00d7 20 cm - Homeproject.fr","isPartOf":{"@id":"https:\/\/homeproject.fr\/fr\/#website"},"primaryImageOfPage":{"@id":"https:\/\/homeproject.fr\/fr\/produit\/carrelage-mural-effet-matelasse-relieve-qz-uno-dune-salvia-5-x-20-cm\/#primaryimage"},"image":{"@id":"https:\/\/homeproject.fr\/fr\/produit\/carrelage-mural-effet-matelasse-relieve-qz-uno-dune-salvia-5-x-20-cm\/#primaryimage"},"thumbnailUrl":"https:\/\/homeproject.fr\/fr\/wp-content\/uploads\/2025\/02\/Carrelage-mural-relief-vert-matelasse-Relieve-QZ-Uno-Dune-Salvia.webp","datePublished":"2025-02-17T15:45:27+00:00","dateModified":"2025-02-17T17:42:49+00:00","breadcrumb":{"@id":"https:\/\/homeproject.fr\/fr\/produit\/carrelage-mural-effet-matelasse-relieve-qz-uno-dune-salvia-5-x-20-cm\/#breadcrumb"},"inLanguage":"fr-FR","potentialAction":[{"@type":"ReadAction","target":["https:\/\/homeproject.fr\/fr\/produit\/carrelage-mural-effet-matelasse-relieve-qz-uno-dune-salvia-5-x-20-cm\/"]}]},{"@type":"ImageObject","inLanguage":"fr-FR","@id":"https:\/\/homeproject.fr\/fr\/produit\/carrelage-mural-effet-matelasse-relieve-qz-uno-dune-salvia-5-x-20-cm\/#primaryimage","url":"https:\/\/homeproject.fr\/fr\/wp-content\/uploads\/2025\/02\/Carrelage-mural-relief-vert-matelasse-Relieve-QZ-Uno-Dune-Salvia.webp","contentUrl":"https:\/\/homeproject.fr\/fr\/wp-content\/uploads\/2025\/02\/Carrelage-mural-relief-vert-matelasse-Relieve-QZ-Uno-Dune-Salvia.webp","width":1200,"height":1200},{"@type":"BreadcrumbList","@id":"https:\/\/homeproject.fr\/fr\/produit\/carrelage-mural-effet-matelasse-relieve-qz-uno-dune-salvia-5-x-20-cm\/#breadcrumb","itemListElement":[{"@type":"ListItem","position":1,"name":"Accueil","item":"https:\/\/homeproject.fr\/fr\/"},{"@type":"ListItem","position":2,"name":"Boutique","item":"https:\/\/homeproject.fr\/fr\/boutique\/"},{"@type":"ListItem","position":3,"name":"Carrelage mural effet matelass\u00e9 RELIEVE QZ UNO Dune Salvia 5 \u00d7 20 cm"}]},{"@type":"WebSite","@id":"https:\/\/homeproject.fr\/fr\/#website","url":"https:\/\/homeproject.fr\/fr\/","name":"Homeproject.fr","description":"Offrez l&#039;exceptionnel \u00e0 vos espaces \u00e0 vivre","publisher":{"@id":"https:\/\/homeproject.fr\/fr\/#organization"},"potentialAction":[{"@type":"SearchAction","target":{"@type":"EntryPoint","urlTemplate":"https:\/\/homeproject.fr\/fr\/?s={search_term_string}"},"query-input":{"@type":"PropertyValueSpecification","valueRequired":true,"valueName":"search_term_string"}}],"inLanguage":"fr-FR"},{"@type":"Organization","@id":"https:\/\/homeproject.fr\/fr\/#organization","name":"Homeproject.fr","url":"https:\/\/homeproject.fr\/fr\/","logo":{"@type":"ImageObject","inLanguage":"fr-FR","@id":"https:\/\/homeproject.fr\/fr\/#\/schema\/logo\/image\/","url":"https:\/\/homeproject.fr\/fr\/wp-content\/uploads\/2024\/12\/Logo_HomeProject-noir-2.png","contentUrl":"https:\/\/homeproject.fr\/fr\/wp-content\/uploads\/2024\/12\/Logo_HomeProject-noir-2.png","width":300,"height":91,"caption":"Homeproject.fr"},"image":{"@id":"https:\/\/homeproject.fr\/fr\/#\/schema\/logo\/image\/"}}]}},"_links":{"self":[{"href":"https:\/\/homeproject.fr\/fr\/wp-json\/wp\/v2\/product\/10579","targetHints":{"allow":["GET"]}}],"collection":[{"href":"https:\/\/homeproject.fr\/fr\/wp-json\/wp\/v2\/product"}],"about":[{"href":"https:\/\/homeproject.fr\/fr\/wp-json\/wp\/v2\/types\/product"}],"version-history":[{"count":1,"href":"https:\/\/homeproject.fr\/fr\/wp-json\/wp\/v2\/product\/10579\/revisions"}],"predecessor-version":[{"id":10582,"href":"https:\/\/homeproject.fr\/fr\/wp-json\/wp\/v2\/product\/10579\/revisions\/10582"}],"wp:featuredmedia":[{"embeddable":true,"href":"https:\/\/homeproject.fr\/fr\/wp-json\/wp\/v2\/media\/10577"}],"wp:attachment":[{"href":"https:\/\/homeproject.fr\/fr\/wp-json\/wp\/v2\/media?parent=10579"}],"wp:term":[{"taxonomy":"product_brand","embeddable":true,"href":"https:\/\/homeproject.fr\/fr\/wp-json\/wp\/v2\/product_brand?post=10579"},{"taxonomy":"product_cat","embeddable":true,"href":"https:\/\/homeproject.fr\/fr\/wp-json\/wp\/v2\/product_cat?post=10579"},{"taxonomy":"product_tag","embeddable":true,"href":"https:\/\/homeproject.fr\/fr\/wp-json\/wp\/v2\/product_tag?post=10579"}],"curies":[{"name":"wp","href":"https:\/\/api.w.org\/{rel}","templated":true}]}}