{"id":10572,"date":"2025-02-17T15:36:22","date_gmt":"2025-02-17T15:36:22","guid":{"rendered":"https:\/\/homeproject.fr\/fr\/?post_type=product&#038;p=10572"},"modified":"2025-02-17T17:43:42","modified_gmt":"2025-02-17T17:43:42","slug":"carrelage-mural-effet-matelasse-relieve-qz-uno-dune-terra-5-x-20-cm","status":"publish","type":"product","link":"https:\/\/homeproject.fr\/fr\/produit\/carrelage-mural-effet-matelasse-relieve-qz-uno-dune-terra-5-x-20-cm\/","title":{"rendered":"Carrelage mural effet matelass\u00e9 RELIEVE QZ UNO Dune Terra 5 \u00d7 20 cm"},"content":{"rendered":"<p><strong><a href=\"https:\/\/homeproject.fr\/fr\/produit\/echantillon-carrelage-mural-relieve-qz-uno-dune-terra\/\">Commander un \u00e9chantillon<\/a><\/strong><\/p>\n<h2 data-start=\"883\" data-end=\"946\"><strong data-start=\"886\" data-end=\"946\">Un carrelage mural textur\u00e9 pour une ambiance chaleureuse<\/strong><\/h2>\n<p data-start=\"947\" data-end=\"1259\">Le <strong data-start=\"950\" data-end=\"979\">Relieve QZ Uno Dune Terra<\/strong> s\u2019inscrit dans la tendance des <strong data-start=\"1011\" data-end=\"1046\">teintes terreuses et naturelles<\/strong>, id\u00e9ales pour cr\u00e9er une ambiance \u00e0 la fois <strong data-start=\"1090\" data-end=\"1120\">contemporaine et apaisante<\/strong>. Son <strong data-start=\"1126\" data-end=\"1152\">relief structur\u00e9 en 3D<\/strong> apporte une <strong data-start=\"1165\" data-end=\"1194\">dimension unique aux murs<\/strong>, ajoutant ainsi du caract\u00e8re et de l\u2019\u00e9l\u00e9gance \u00e0 votre int\u00e9rieur.<\/p>\n<p data-start=\"1261\" data-end=\"1433\">\ud83d\udca1 <strong data-start=\"1264\" data-end=\"1279\">Astuce d\u00e9co<\/strong> : Associez ce carrelage \u00e0 des mat\u00e9riaux naturels comme le bois brut, le lin ou la pierre pour une harmonie parfaite et une atmosph\u00e8re douce et organique.<\/p>\n<hr data-start=\"1435\" data-end=\"1438\" \/>\n<h2 data-start=\"1440\" data-end=\"1513\"><strong data-start=\"1443\" data-end=\"1513\">Caract\u00e9ristiques techniques du carrelage Relieve QZ Uno Dune Terra<\/strong><\/h2>\n<p data-start=\"1514\" data-end=\"1948\">\u2714 <strong data-start=\"1516\" data-end=\"1530\">Dimensions<\/strong> : 5\u00d720 cm<br data-start=\"1540\" data-end=\"1543\" \/>\u2714 <strong data-start=\"1545\" data-end=\"1558\">\u00c9paisseur<\/strong> : Fine et \u00e9l\u00e9gante pour une finition parfaite<br data-start=\"1604\" data-end=\"1607\" \/>\u2714 <strong data-start=\"1609\" data-end=\"1621\">Finition<\/strong> : Terre cuite mat avec relief structur\u00e9<br data-start=\"1661\" data-end=\"1664\" \/>\u2714 <strong data-start=\"1666\" data-end=\"1678\">Mat\u00e9riau<\/strong> : C\u00e9ramique premium, durable et r\u00e9sistante<br data-start=\"1721\" data-end=\"1724\" \/>\u2714 <strong data-start=\"1726\" data-end=\"1734\">Pose<\/strong> : Murale, id\u00e9ale pour toutes les pi\u00e8ces int\u00e9rieures<br data-start=\"1786\" data-end=\"1789\" \/>\u2714 <strong data-start=\"1791\" data-end=\"1806\">Utilisation<\/strong> : Salle de bain, cuisine, cr\u00e9dence, salon, restaurant, boutique<br data-start=\"1870\" data-end=\"1873\" \/>\u2714 <strong data-start=\"1875\" data-end=\"1888\">Entretien<\/strong> : Facile \u00e0 nettoyer, r\u00e9sistant aux taches et \u00e0 l\u2019humidit\u00e9<\/p>\n<hr data-start=\"1950\" data-end=\"1953\" \/>\n<h2 data-start=\"1955\" data-end=\"2019\"><strong data-start=\"1958\" data-end=\"2019\">Pourquoi choisir le carrelage Relieve QZ Uno Dune Terra ?<\/strong><\/h2>\n<p data-start=\"2020\" data-end=\"2409\">\u2705 <strong data-start=\"2022\" data-end=\"2046\">Relief 3D chaleureux<\/strong> : Apporte du volume et du naturel \u00e0 vos murs<br data-start=\"2091\" data-end=\"2094\" \/>\u2705 <strong data-start=\"2096\" data-end=\"2127\">Teinte terre cuite tendance<\/strong> : Id\u00e9ale pour un int\u00e9rieur moderne et organique<br data-start=\"2175\" data-end=\"2178\" \/>\u2705 <strong data-start=\"2180\" data-end=\"2195\">Polyvalence<\/strong> : Convient aussi bien aux int\u00e9rieurs r\u00e9sidentiels que professionnels<br data-start=\"2264\" data-end=\"2267\" \/>\u2705 <strong data-start=\"2269\" data-end=\"2293\">Facilit\u00e9 d\u2019entretien<\/strong> : Un simple coup d\u2019\u00e9ponge suffit<br data-start=\"2326\" data-end=\"2329\" \/>\u2705 <strong data-start=\"2331\" data-end=\"2358\">Installation simplifi\u00e9e<\/strong> : Compatible avec diff\u00e9rentes techniques de pose<\/p>\n<hr data-start=\"2411\" data-end=\"2414\" \/>\n<h2 data-start=\"2416\" data-end=\"2473\"><strong data-start=\"2419\" data-end=\"2473\">Id\u00e9es d\u2019associations pour une ambiance harmonieuse<\/strong><\/h2>\n<ul data-start=\"2474\" data-end=\"2839\">\n<li data-start=\"2474\" data-end=\"2604\"><strong data-start=\"2476\" data-end=\"2509\">Pour un int\u00e9rieur boh\u00e8me chic<\/strong> : Associez ce carrelage avec des touches de vert olive et des accessoires en osier ou rotin.<\/li>\n<li data-start=\"2605\" data-end=\"2721\"><strong data-start=\"2607\" data-end=\"2649\">Pour un style m\u00e9diterran\u00e9en chaleureux<\/strong> : Mariez-le \u00e0 des carreaux en zellige et des touches de bleu profond.<\/li>\n<li data-start=\"2722\" data-end=\"2839\"><strong data-start=\"2724\" data-end=\"2763\">Pour une d\u00e9co minimaliste organique<\/strong> : Optez pour des tons neutres, des mati\u00e8res brutes et des lignes \u00e9pur\u00e9es.<\/li>\n<\/ul>\n<p data-start=\"2841\" data-end=\"2999\">\ud83d\udce6 <strong data-start=\"2844\" data-end=\"2867\">Disponible rapidement<\/strong> \u2013 Commandez d\u00e8s maintenant sur <strong data-start=\"2899\" data-end=\"2917\">homeproject.fr<\/strong> et transformez vos murs avec le <strong data-start=\"2950\" data-end=\"2995\">carrelage mural Relieve QZ Uno Dune Terra<\/strong> !<\/p>\n<p data-start=\"3001\" data-end=\"3091\">\ud83d\udee0 <strong data-start=\"3004\" data-end=\"3028\">Besoin de conseils ?<\/strong> Nos experts en d\u00e9coration vous accompagnent dans votre projet.<\/p>\n<h2 data-start=\"932\" data-end=\"1004\"><strong style=\"font-family: inherit; font-size: 30px;\">Vous avez des questions ?<\/strong><\/h2>\n<style id=\"wpforms-css-vars-3675\">\n\t\t\t\t#wpforms-3675 {\n\t\t\t\t\n\t\t\t}\n\t\t\t<\/style><div class=\"wpforms-container wpforms-container-full wpforms-render-modern\" id=\"wpforms-3675\"><form id=\"wpforms-form-3675\" class=\"wpforms-validate wpforms-form wpforms-ajax-form\" data-formid=\"3675\" method=\"post\" enctype=\"multipart\/form-data\" action=\"\/fr\/wp-json\/wp\/v2\/product\/10572\" data-token=\"2921a7ac3408d834be151983965c4ab3\" data-token-time=\"1777947580\"><noscript class=\"wpforms-error-noscript\">Veuillez activer JavaScript dans votre navigateur pour remplir ce formulaire.<\/noscript><div id=\"wpforms-error-noscript\" style=\"display: none;\">Veuillez activer JavaScript dans votre navigateur pour remplir ce formulaire.<\/div><div class=\"wpforms-field-container\">\t\t<div id=\"wpforms-3675-field_1-container\"\n\t\t\tclass=\"wpforms-field wpforms-field-text\"\n\t\t\tdata-field-type=\"text\"\n\t\t\tdata-field-id=\"1\"\n\t\t\t>\n\t\t\t<label class=\"wpforms-field-label\" for=\"wpforms-3675-field_1\" >Nom E-mail Message<\/label>\n\t\t\t<input type=\"text\" id=\"wpforms-3675-field_1\" class=\"wpforms-field-medium\" name=\"wpforms[fields][1]\" >\n\t\t<\/div>\n\t\t<div id=\"wpforms-3675-field_3-container\" class=\"wpforms-field wpforms-field-name\" data-field-id=\"3\"><fieldset><legend class=\"wpforms-field-label\">Nom <span class=\"wpforms-required-label\" aria-hidden=\"true\">*<\/span><\/legend><div class=\"wpforms-field-row wpforms-field-medium\"><div class=\"wpforms-field-row-block wpforms-first wpforms-one-half\"><input type=\"text\" id=\"wpforms-3675-field_3\" class=\"wpforms-field-name-first wpforms-field-required\" name=\"wpforms[fields][3][first]\" aria-errormessage=\"wpforms-3675-field_3-error\" required><label for=\"wpforms-3675-field_3\" class=\"wpforms-field-sublabel after\">Pr\u00e9nom<\/label><\/div><div class=\"wpforms-field-row-block wpforms-one-half\"><input type=\"text\" id=\"wpforms-3675-field_3-last\" class=\"wpforms-field-name-last wpforms-field-required\" name=\"wpforms[fields][3][last]\" aria-errormessage=\"wpforms-3675-field_3-last-error\" required><label for=\"wpforms-3675-field_3-last\" class=\"wpforms-field-sublabel after\">Nom<\/label><\/div><\/div><\/fieldset><\/div><div id=\"wpforms-3675-field_4-container\" class=\"wpforms-field wpforms-field-email\" data-field-id=\"4\"><label class=\"wpforms-field-label\" for=\"wpforms-3675-field_4\">E-mail <span class=\"wpforms-required-label\" aria-hidden=\"true\">*<\/span><\/label><input type=\"email\" id=\"wpforms-3675-field_4\" class=\"wpforms-field-medium wpforms-field-required\" name=\"wpforms[fields][4]\" spellcheck=\"false\" aria-errormessage=\"wpforms-3675-field_4-error\" required><\/div><div id=\"wpforms-3675-field_5-container\" class=\"wpforms-field wpforms-field-textarea\" data-field-id=\"5\"><label class=\"wpforms-field-label\" for=\"wpforms-3675-field_5\">Message <span class=\"wpforms-required-label\" aria-hidden=\"true\">*<\/span><\/label><textarea id=\"wpforms-3675-field_5\" class=\"wpforms-field-medium wpforms-field-required\" name=\"wpforms[fields][5]\" aria-errormessage=\"wpforms-3675-field_5-error\" required><\/textarea><\/div><script>\n\t\t\t\t( function() {\n\t\t\t\t\tconst style = document.createElement( 'style' );\n\t\t\t\t\tstyle.appendChild( document.createTextNode( '#wpforms-3675-field_1-container { position: absolute !important; overflow: hidden !important; display: inline !important; height: 1px !important; width: 1px !important; z-index: -1000 !important; padding: 0 !important; } #wpforms-3675-field_1-container input { visibility: hidden; } #wpforms-conversational-form-page #wpforms-3675-field_1-container label { counter-increment: none; }' ) );\n\t\t\t\t\tdocument.head.appendChild( style );\n\t\t\t\t\tdocument.currentScript?.remove();\n\t\t\t\t} )();\n\t\t\t<\/script><\/div><!-- .wpforms-field-container --><div class=\"wpforms-submit-container\" ><input type=\"hidden\" name=\"wpforms[id]\" value=\"3675\"><input type=\"hidden\" name=\"page_title\" value=\"\"><input type=\"hidden\" name=\"page_url\" value=\"https:\/\/homeproject.fr\/fr\/wp-json\/wp\/v2\/product\/10572\"><input type=\"hidden\" name=\"url_referer\" value=\"\"><button type=\"submit\" name=\"wpforms[submit]\" id=\"wpforms-submit-3675\" class=\"wpforms-submit\" data-alt-text=\"Envoi...\" data-submit-text=\"Envoyer\" aria-live=\"assertive\" value=\"wpforms-submit\">Envoyer<\/button><img decoding=\"async\" src=\"https:\/\/homeproject.fr\/fr\/wp-content\/plugins\/wpforms-lite\/assets\/images\/submit-spin.svg\" class=\"wpforms-submit-spinner\" style=\"display: none;\" width=\"26\" height=\"26\" alt=\"Chargement en cours\"><\/div><\/form><\/div>  <!-- .wpforms-container -->\n","protected":false},"excerpt":{"rendered":"<p data-start=\"289\" data-end=\"571\">Donnez une <strong data-start=\"300\" data-end=\"337\">touche chaleureuse et authentique<\/strong> \u00e0 vos murs avec le <strong data-start=\"357\" data-end=\"412\">carrelage mural en relief Relieve QZ Uno Dune Terra<\/strong>. Son <strong data-start=\"418\" data-end=\"441\">coloris terre cuite<\/strong> et sa <strong data-start=\"448\" data-end=\"486\">finition mate subtilement textur\u00e9e<\/strong> lui conf\u00e8rent un charme naturel, id\u00e9al pour une d\u00e9coration <strong data-start=\"546\" data-end=\"570\">moderne et organique<\/strong>.<\/p>\n<p data-start=\"573\" data-end=\"876\">Gr\u00e2ce \u00e0 son <strong data-start=\"585\" data-end=\"603\">format 5&#215;20 cm<\/strong> et \u00e0 son <strong data-start=\"613\" data-end=\"642\">effet matelass\u00e9 structur\u00e9<\/strong>, ce carrelage en c\u00e9ramique joue avec la lumi\u00e8re pour cr\u00e9er des jeux d\u2019ombres et de profondeur. Il est parfait pour une <strong data-start=\"762\" data-end=\"837\">salle de bain, une cuisine, une cr\u00e9dence ou encore un espace commercial<\/strong> en qu\u00eate de chaleur et de raffinement.<\/p>\n","protected":false},"featured_media":10570,"template":"","meta":{"_uf_show_specific_survey":0,"_uf_disable_surveys":false,"iawp_total_views":5},"product_brand":[],"product_cat":[20,131,130],"product_tag":[],"class_list":{"0":"post-10572","1":"product","2":"type-product","3":"status-publish","4":"has-post-thumbnail","6":"product_cat-carrelage","7":"product_cat-carrelage-mural","8":"product_cat-relief","9":"product_shipping_class-carrelage","10":"pa_collection-relieve-qz-uno","11":"pa_dimensions-nominales-5x20","12":"pa_effet-relief","13":"pa_epaisseur-8mm","14":"pa_materiau-faience","16":"first","17":"instock","18":"sale","19":"taxable","20":"shipping-taxable","21":"purchasable","22":"product-type-simple"},"yoast_head":"<!-- This site is optimized with the Yoast SEO plugin v27.5 - https:\/\/yoast.com\/product\/yoast-seo-wordpress\/ -->\n<title>Carrelage mural effet matelass\u00e9 RELIEVE QZ UNO Dune Terra 5 \u00d7 20 cm - Homeproject.fr<\/title>\n<meta name=\"robots\" content=\"index, follow, max-snippet:-1, max-image-preview:large, max-video-preview:-1\" \/>\n<link rel=\"canonical\" href=\"https:\/\/homeproject.fr\/fr\/produit\/carrelage-mural-effet-matelasse-relieve-qz-uno-dune-terra-5-x-20-cm\/\" \/>\n<meta property=\"og:locale\" content=\"fr_FR\" \/>\n<meta property=\"og:type\" content=\"article\" \/>\n<meta property=\"og:title\" content=\"Carrelage mural effet matelass\u00e9 RELIEVE QZ UNO Dune Terra 5 \u00d7 20 cm - Homeproject.fr\" \/>\n<meta property=\"og:description\" content=\"Donnez une touche chaleureuse et authentique \u00e0 vos murs avec le carrelage mural en relief Relieve QZ Uno Dune Terra. Son coloris terre cuite et sa finition mate subtilement textur\u00e9e lui conf\u00e8rent un charme naturel, id\u00e9al pour une d\u00e9coration moderne et organique. Gr\u00e2ce \u00e0 son format 5x20 cm et \u00e0 son effet matelass\u00e9 structur\u00e9, ce carrelage en c\u00e9ramique joue avec la lumi\u00e8re pour cr\u00e9er des jeux d\u2019ombres et de profondeur. Il est parfait pour une salle de bain, une cuisine, une cr\u00e9dence ou encore un espace commercial en qu\u00eate de chaleur et de raffinement.\" \/>\n<meta property=\"og:url\" content=\"https:\/\/homeproject.fr\/fr\/produit\/carrelage-mural-effet-matelasse-relieve-qz-uno-dune-terra-5-x-20-cm\/\" \/>\n<meta property=\"og:site_name\" content=\"Homeproject.fr\" \/>\n<meta property=\"article:modified_time\" content=\"2025-02-17T17:43:42+00:00\" \/>\n<meta property=\"og:image\" content=\"https:\/\/homeproject.fr\/fr\/wp-content\/uploads\/2025\/02\/Carrelage-mural-relief-jaune-matelasse-Relieve-QZ-Uno-Dune-Terra.jpg\" \/>\n\t<meta property=\"og:image:width\" content=\"1200\" \/>\n\t<meta property=\"og:image:height\" content=\"1200\" \/>\n\t<meta property=\"og:image:type\" content=\"image\/jpeg\" \/>\n<meta name=\"twitter:card\" content=\"summary_large_image\" \/>\n<meta name=\"twitter:label1\" content=\"Dur\u00e9e de lecture estim\u00e9e\" \/>\n\t<meta name=\"twitter:data1\" content=\"2 minutes\" \/>\n<script type=\"application\/ld+json\" class=\"yoast-schema-graph\">{\"@context\":\"https:\\\/\\\/schema.org\",\"@graph\":[{\"@type\":\"WebPage\",\"@id\":\"https:\\\/\\\/homeproject.fr\\\/fr\\\/produit\\\/carrelage-mural-effet-matelasse-relieve-qz-uno-dune-terra-5-x-20-cm\\\/\",\"url\":\"https:\\\/\\\/homeproject.fr\\\/fr\\\/produit\\\/carrelage-mural-effet-matelasse-relieve-qz-uno-dune-terra-5-x-20-cm\\\/\",\"name\":\"Carrelage mural effet matelass\u00e9 RELIEVE QZ UNO Dune Terra 5 \u00d7 20 cm - Homeproject.fr\",\"isPartOf\":{\"@id\":\"https:\\\/\\\/homeproject.fr\\\/fr\\\/#website\"},\"primaryImageOfPage\":{\"@id\":\"https:\\\/\\\/homeproject.fr\\\/fr\\\/produit\\\/carrelage-mural-effet-matelasse-relieve-qz-uno-dune-terra-5-x-20-cm\\\/#primaryimage\"},\"image\":{\"@id\":\"https:\\\/\\\/homeproject.fr\\\/fr\\\/produit\\\/carrelage-mural-effet-matelasse-relieve-qz-uno-dune-terra-5-x-20-cm\\\/#primaryimage\"},\"thumbnailUrl\":\"https:\\\/\\\/homeproject.fr\\\/fr\\\/wp-content\\\/uploads\\\/2025\\\/02\\\/Carrelage-mural-relief-jaune-matelasse-Relieve-QZ-Uno-Dune-Terra.jpg\",\"datePublished\":\"2025-02-17T15:36:22+00:00\",\"dateModified\":\"2025-02-17T17:43:42+00:00\",\"breadcrumb\":{\"@id\":\"https:\\\/\\\/homeproject.fr\\\/fr\\\/produit\\\/carrelage-mural-effet-matelasse-relieve-qz-uno-dune-terra-5-x-20-cm\\\/#breadcrumb\"},\"inLanguage\":\"fr-FR\",\"potentialAction\":[{\"@type\":\"ReadAction\",\"target\":[\"https:\\\/\\\/homeproject.fr\\\/fr\\\/produit\\\/carrelage-mural-effet-matelasse-relieve-qz-uno-dune-terra-5-x-20-cm\\\/\"]}]},{\"@type\":\"ImageObject\",\"inLanguage\":\"fr-FR\",\"@id\":\"https:\\\/\\\/homeproject.fr\\\/fr\\\/produit\\\/carrelage-mural-effet-matelasse-relieve-qz-uno-dune-terra-5-x-20-cm\\\/#primaryimage\",\"url\":\"https:\\\/\\\/homeproject.fr\\\/fr\\\/wp-content\\\/uploads\\\/2025\\\/02\\\/Carrelage-mural-relief-jaune-matelasse-Relieve-QZ-Uno-Dune-Terra.jpg\",\"contentUrl\":\"https:\\\/\\\/homeproject.fr\\\/fr\\\/wp-content\\\/uploads\\\/2025\\\/02\\\/Carrelage-mural-relief-jaune-matelasse-Relieve-QZ-Uno-Dune-Terra.jpg\",\"width\":1200,\"height\":1200},{\"@type\":\"BreadcrumbList\",\"@id\":\"https:\\\/\\\/homeproject.fr\\\/fr\\\/produit\\\/carrelage-mural-effet-matelasse-relieve-qz-uno-dune-terra-5-x-20-cm\\\/#breadcrumb\",\"itemListElement\":[{\"@type\":\"ListItem\",\"position\":1,\"name\":\"Accueil\",\"item\":\"https:\\\/\\\/homeproject.fr\\\/fr\\\/\"},{\"@type\":\"ListItem\",\"position\":2,\"name\":\"Boutique\",\"item\":\"https:\\\/\\\/homeproject.fr\\\/fr\\\/boutique\\\/\"},{\"@type\":\"ListItem\",\"position\":3,\"name\":\"Carrelage mural effet matelass\u00e9 RELIEVE QZ UNO Dune Terra 5 \u00d7 20 cm\"}]},{\"@type\":\"WebSite\",\"@id\":\"https:\\\/\\\/homeproject.fr\\\/fr\\\/#website\",\"url\":\"https:\\\/\\\/homeproject.fr\\\/fr\\\/\",\"name\":\"Homeproject.fr\",\"description\":\"Offrez l&#039;exceptionnel \u00e0 vos espaces \u00e0 vivre\",\"publisher\":{\"@id\":\"https:\\\/\\\/homeproject.fr\\\/fr\\\/#organization\"},\"potentialAction\":[{\"@type\":\"SearchAction\",\"target\":{\"@type\":\"EntryPoint\",\"urlTemplate\":\"https:\\\/\\\/homeproject.fr\\\/fr\\\/?s={search_term_string}\"},\"query-input\":{\"@type\":\"PropertyValueSpecification\",\"valueRequired\":true,\"valueName\":\"search_term_string\"}}],\"inLanguage\":\"fr-FR\"},{\"@type\":\"Organization\",\"@id\":\"https:\\\/\\\/homeproject.fr\\\/fr\\\/#organization\",\"name\":\"Homeproject.fr\",\"url\":\"https:\\\/\\\/homeproject.fr\\\/fr\\\/\",\"logo\":{\"@type\":\"ImageObject\",\"inLanguage\":\"fr-FR\",\"@id\":\"https:\\\/\\\/homeproject.fr\\\/fr\\\/#\\\/schema\\\/logo\\\/image\\\/\",\"url\":\"https:\\\/\\\/homeproject.fr\\\/fr\\\/wp-content\\\/uploads\\\/2024\\\/12\\\/Logo_HomeProject-noir-2.png\",\"contentUrl\":\"https:\\\/\\\/homeproject.fr\\\/fr\\\/wp-content\\\/uploads\\\/2024\\\/12\\\/Logo_HomeProject-noir-2.png\",\"width\":300,\"height\":91,\"caption\":\"Homeproject.fr\"},\"image\":{\"@id\":\"https:\\\/\\\/homeproject.fr\\\/fr\\\/#\\\/schema\\\/logo\\\/image\\\/\"}}]}<\/script>\n<!-- \/ Yoast SEO plugin. -->","yoast_head_json":{"title":"Carrelage mural effet matelass\u00e9 RELIEVE QZ UNO Dune Terra 5 \u00d7 20 cm - Homeproject.fr","robots":{"index":"index","follow":"follow","max-snippet":"max-snippet:-1","max-image-preview":"max-image-preview:large","max-video-preview":"max-video-preview:-1"},"canonical":"https:\/\/homeproject.fr\/fr\/produit\/carrelage-mural-effet-matelasse-relieve-qz-uno-dune-terra-5-x-20-cm\/","og_locale":"fr_FR","og_type":"article","og_title":"Carrelage mural effet matelass\u00e9 RELIEVE QZ UNO Dune Terra 5 \u00d7 20 cm - Homeproject.fr","og_description":"Donnez une touche chaleureuse et authentique \u00e0 vos murs avec le carrelage mural en relief Relieve QZ Uno Dune Terra. Son coloris terre cuite et sa finition mate subtilement textur\u00e9e lui conf\u00e8rent un charme naturel, id\u00e9al pour une d\u00e9coration moderne et organique. Gr\u00e2ce \u00e0 son format 5x20 cm et \u00e0 son effet matelass\u00e9 structur\u00e9, ce carrelage en c\u00e9ramique joue avec la lumi\u00e8re pour cr\u00e9er des jeux d\u2019ombres et de profondeur. Il est parfait pour une salle de bain, une cuisine, une cr\u00e9dence ou encore un espace commercial en qu\u00eate de chaleur et de raffinement.","og_url":"https:\/\/homeproject.fr\/fr\/produit\/carrelage-mural-effet-matelasse-relieve-qz-uno-dune-terra-5-x-20-cm\/","og_site_name":"Homeproject.fr","article_modified_time":"2025-02-17T17:43:42+00:00","og_image":[{"width":1200,"height":1200,"url":"https:\/\/homeproject.fr\/fr\/wp-content\/uploads\/2025\/02\/Carrelage-mural-relief-jaune-matelasse-Relieve-QZ-Uno-Dune-Terra.jpg","type":"image\/jpeg"}],"twitter_card":"summary_large_image","twitter_misc":{"Dur\u00e9e de lecture estim\u00e9e":"2 minutes"},"schema":{"@context":"https:\/\/schema.org","@graph":[{"@type":"WebPage","@id":"https:\/\/homeproject.fr\/fr\/produit\/carrelage-mural-effet-matelasse-relieve-qz-uno-dune-terra-5-x-20-cm\/","url":"https:\/\/homeproject.fr\/fr\/produit\/carrelage-mural-effet-matelasse-relieve-qz-uno-dune-terra-5-x-20-cm\/","name":"Carrelage mural effet matelass\u00e9 RELIEVE QZ UNO Dune Terra 5 \u00d7 20 cm - Homeproject.fr","isPartOf":{"@id":"https:\/\/homeproject.fr\/fr\/#website"},"primaryImageOfPage":{"@id":"https:\/\/homeproject.fr\/fr\/produit\/carrelage-mural-effet-matelasse-relieve-qz-uno-dune-terra-5-x-20-cm\/#primaryimage"},"image":{"@id":"https:\/\/homeproject.fr\/fr\/produit\/carrelage-mural-effet-matelasse-relieve-qz-uno-dune-terra-5-x-20-cm\/#primaryimage"},"thumbnailUrl":"https:\/\/homeproject.fr\/fr\/wp-content\/uploads\/2025\/02\/Carrelage-mural-relief-jaune-matelasse-Relieve-QZ-Uno-Dune-Terra.jpg","datePublished":"2025-02-17T15:36:22+00:00","dateModified":"2025-02-17T17:43:42+00:00","breadcrumb":{"@id":"https:\/\/homeproject.fr\/fr\/produit\/carrelage-mural-effet-matelasse-relieve-qz-uno-dune-terra-5-x-20-cm\/#breadcrumb"},"inLanguage":"fr-FR","potentialAction":[{"@type":"ReadAction","target":["https:\/\/homeproject.fr\/fr\/produit\/carrelage-mural-effet-matelasse-relieve-qz-uno-dune-terra-5-x-20-cm\/"]}]},{"@type":"ImageObject","inLanguage":"fr-FR","@id":"https:\/\/homeproject.fr\/fr\/produit\/carrelage-mural-effet-matelasse-relieve-qz-uno-dune-terra-5-x-20-cm\/#primaryimage","url":"https:\/\/homeproject.fr\/fr\/wp-content\/uploads\/2025\/02\/Carrelage-mural-relief-jaune-matelasse-Relieve-QZ-Uno-Dune-Terra.jpg","contentUrl":"https:\/\/homeproject.fr\/fr\/wp-content\/uploads\/2025\/02\/Carrelage-mural-relief-jaune-matelasse-Relieve-QZ-Uno-Dune-Terra.jpg","width":1200,"height":1200},{"@type":"BreadcrumbList","@id":"https:\/\/homeproject.fr\/fr\/produit\/carrelage-mural-effet-matelasse-relieve-qz-uno-dune-terra-5-x-20-cm\/#breadcrumb","itemListElement":[{"@type":"ListItem","position":1,"name":"Accueil","item":"https:\/\/homeproject.fr\/fr\/"},{"@type":"ListItem","position":2,"name":"Boutique","item":"https:\/\/homeproject.fr\/fr\/boutique\/"},{"@type":"ListItem","position":3,"name":"Carrelage mural effet matelass\u00e9 RELIEVE QZ UNO Dune Terra 5 \u00d7 20 cm"}]},{"@type":"WebSite","@id":"https:\/\/homeproject.fr\/fr\/#website","url":"https:\/\/homeproject.fr\/fr\/","name":"Homeproject.fr","description":"Offrez l&#039;exceptionnel \u00e0 vos espaces \u00e0 vivre","publisher":{"@id":"https:\/\/homeproject.fr\/fr\/#organization"},"potentialAction":[{"@type":"SearchAction","target":{"@type":"EntryPoint","urlTemplate":"https:\/\/homeproject.fr\/fr\/?s={search_term_string}"},"query-input":{"@type":"PropertyValueSpecification","valueRequired":true,"valueName":"search_term_string"}}],"inLanguage":"fr-FR"},{"@type":"Organization","@id":"https:\/\/homeproject.fr\/fr\/#organization","name":"Homeproject.fr","url":"https:\/\/homeproject.fr\/fr\/","logo":{"@type":"ImageObject","inLanguage":"fr-FR","@id":"https:\/\/homeproject.fr\/fr\/#\/schema\/logo\/image\/","url":"https:\/\/homeproject.fr\/fr\/wp-content\/uploads\/2024\/12\/Logo_HomeProject-noir-2.png","contentUrl":"https:\/\/homeproject.fr\/fr\/wp-content\/uploads\/2024\/12\/Logo_HomeProject-noir-2.png","width":300,"height":91,"caption":"Homeproject.fr"},"image":{"@id":"https:\/\/homeproject.fr\/fr\/#\/schema\/logo\/image\/"}}]}},"_links":{"self":[{"href":"https:\/\/homeproject.fr\/fr\/wp-json\/wp\/v2\/product\/10572","targetHints":{"allow":["GET"]}}],"collection":[{"href":"https:\/\/homeproject.fr\/fr\/wp-json\/wp\/v2\/product"}],"about":[{"href":"https:\/\/homeproject.fr\/fr\/wp-json\/wp\/v2\/types\/product"}],"version-history":[{"count":1,"href":"https:\/\/homeproject.fr\/fr\/wp-json\/wp\/v2\/product\/10572\/revisions"}],"predecessor-version":[{"id":10575,"href":"https:\/\/homeproject.fr\/fr\/wp-json\/wp\/v2\/product\/10572\/revisions\/10575"}],"wp:featuredmedia":[{"embeddable":true,"href":"https:\/\/homeproject.fr\/fr\/wp-json\/wp\/v2\/media\/10570"}],"wp:attachment":[{"href":"https:\/\/homeproject.fr\/fr\/wp-json\/wp\/v2\/media?parent=10572"}],"wp:term":[{"taxonomy":"product_brand","embeddable":true,"href":"https:\/\/homeproject.fr\/fr\/wp-json\/wp\/v2\/product_brand?post=10572"},{"taxonomy":"product_cat","embeddable":true,"href":"https:\/\/homeproject.fr\/fr\/wp-json\/wp\/v2\/product_cat?post=10572"},{"taxonomy":"product_tag","embeddable":true,"href":"https:\/\/homeproject.fr\/fr\/wp-json\/wp\/v2\/product_tag?post=10572"}],"curies":[{"name":"wp","href":"https:\/\/api.w.org\/{rel}","templated":true}]}}