{"id":10567,"date":"2025-02-17T15:15:54","date_gmt":"2025-02-17T15:15:54","guid":{"rendered":"https:\/\/homeproject.fr\/fr\/?post_type=product&#038;p=10567"},"modified":"2025-02-17T17:44:30","modified_gmt":"2025-02-17T17:44:30","slug":"carrelage-mural-effet-matelasse-relieve-qz-uno-dune-notte-5-x-20-cm","status":"publish","type":"product","link":"https:\/\/homeproject.fr\/fr\/produit\/carrelage-mural-effet-matelasse-relieve-qz-uno-dune-notte-5-x-20-cm\/","title":{"rendered":"Carrelage mural effet matelass\u00e9 RELIEVE QZ UNO Dune Notte 5 \u00d7 20 cm"},"content":{"rendered":"<p><strong><a href=\"https:\/\/homeproject.fr\/fr\/produit\/echantillon-carrelage-mural-relieve-qz-uno-dune-notte\/\">Commander un \u00e9chantillon<\/a><\/strong><\/p>\n<h2 data-start=\"932\" data-end=\"1004\"><strong data-start=\"935\" data-end=\"1004\">Un carrelage mural noir textur\u00e9 pour une ambiance chic et moderne<\/strong><\/h2>\n<p data-start=\"1005\" data-end=\"1280\">Le <strong data-start=\"1008\" data-end=\"1037\">Relieve QZ Uno Dune Notte<\/strong> est con\u00e7u pour <strong data-start=\"1053\" data-end=\"1077\">sublimer les espaces<\/strong> en leur apportant <strong data-start=\"1096\" data-end=\"1129\">du relief et de la profondeur<\/strong>. Son <strong data-start=\"1135\" data-end=\"1157\">noir mat structur\u00e9<\/strong> donne du caract\u00e8re \u00e0 votre d\u00e9coration tout en restant polyvalent et facile \u00e0 associer avec d\u2019autres mat\u00e9riaux et couleurs.<\/p>\n<p data-start=\"1282\" data-end=\"1427\">\ud83d\udca1 <strong data-start=\"1285\" data-end=\"1300\">Astuce d\u00e9co<\/strong> : Associez ce carrelage noir textur\u00e9 avec des \u00e9l\u00e9ments en laiton dor\u00e9 ou en marbre blanc pour un contraste \u00e9l\u00e9gant et luxueux.<\/p>\n<hr data-start=\"1429\" data-end=\"1432\" \/>\n<h2 data-start=\"1434\" data-end=\"1507\"><strong data-start=\"1437\" data-end=\"1507\">Caract\u00e9ristiques techniques du carrelage Relieve QZ Uno Dune Notte<\/strong><\/h2>\n<p data-start=\"1508\" data-end=\"1944\">\u2714 <strong data-start=\"1510\" data-end=\"1524\">Dimensions<\/strong> : 5\u00d720 cm<br data-start=\"1534\" data-end=\"1537\" \/>\u2714 <strong data-start=\"1539\" data-end=\"1552\">\u00c9paisseur<\/strong> : Fine et \u00e9l\u00e9gante pour une finition soign\u00e9e<br data-start=\"1597\" data-end=\"1600\" \/>\u2714 <strong data-start=\"1602\" data-end=\"1614\">Finition<\/strong> : Noir mat avec relief structur\u00e9<br data-start=\"1647\" data-end=\"1650\" \/>\u2714 <strong data-start=\"1652\" data-end=\"1664\">Mat\u00e9riau<\/strong> : C\u00e9ramique haut de gamme, r\u00e9sistante et durable<br data-start=\"1713\" data-end=\"1716\" \/>\u2714 <strong data-start=\"1718\" data-end=\"1726\">Pose<\/strong> : Murale, id\u00e9ale pour toutes les pi\u00e8ces int\u00e9rieures<br data-start=\"1778\" data-end=\"1781\" \/>\u2714 <strong data-start=\"1783\" data-end=\"1798\">Utilisation<\/strong> : Salle de bain, cuisine, cr\u00e9dence, salon, restaurant, h\u00f4tel<br data-start=\"1859\" data-end=\"1862\" \/>\u2714 <strong data-start=\"1864\" data-end=\"1877\">Entretien<\/strong> : Facile \u00e0 nettoyer, r\u00e9sistant aux \u00e9claboussures et \u00e0 l\u2019humidit\u00e9<\/p>\n<hr data-start=\"1946\" data-end=\"1949\" \/>\n<h2 data-start=\"1951\" data-end=\"2015\"><strong data-start=\"1954\" data-end=\"2015\">Pourquoi choisir le carrelage Relieve QZ Uno Dune Notte ?<\/strong><\/h2>\n<p data-start=\"2016\" data-end=\"2382\">\u2705 <strong data-start=\"2018\" data-end=\"2039\">Relief 3D \u00e9l\u00e9gant<\/strong> : Apporte du volume et du caract\u00e8re aux murs<br data-start=\"2084\" data-end=\"2087\" \/>\u2705 <strong data-start=\"2089\" data-end=\"2112\">Noir mat intemporel<\/strong> : Id\u00e9al pour une ambiance moderne et sophistiqu\u00e9e<br data-start=\"2162\" data-end=\"2165\" \/>\u2705 <strong data-start=\"2167\" data-end=\"2182\">Polyvalence<\/strong> : Parfait pour les int\u00e9rieurs r\u00e9sidentiels et professionnels<br data-start=\"2243\" data-end=\"2246\" \/>\u2705 <strong data-start=\"2248\" data-end=\"2272\">Facilit\u00e9 d\u2019entretien<\/strong> : Un simple coup d\u2019\u00e9ponge suffit<br data-start=\"2305\" data-end=\"2308\" \/>\u2705 <strong data-start=\"2310\" data-end=\"2337\">Installation simplifi\u00e9e<\/strong> : Compatible avec plusieurs styles de pose<\/p>\n<hr data-start=\"2384\" data-end=\"2387\" \/>\n<h2 data-start=\"2389\" data-end=\"2445\"><strong data-start=\"2392\" data-end=\"2445\">Id\u00e9es d\u2019associations pour un int\u00e9rieur harmonieux<\/strong><\/h2>\n<ul data-start=\"2446\" data-end=\"2783\">\n<li data-start=\"2446\" data-end=\"2569\"><strong data-start=\"2448\" data-end=\"2485\">Pour un style minimaliste et chic<\/strong> : Associez ce carrelage noir mat avec des touches de blanc et des lignes \u00e9pur\u00e9es.<\/li>\n<li data-start=\"2570\" data-end=\"2675\"><strong data-start=\"2572\" data-end=\"2614\">Pour une ambiance industrielle moderne<\/strong> : Mariez-le \u00e0 des \u00e9l\u00e9ments en m\u00e9tal noir et du b\u00e9ton cir\u00e9.<\/li>\n<li data-start=\"2676\" data-end=\"2783\"><strong data-start=\"2678\" data-end=\"2709\">Pour un effet ultra-luxueux<\/strong> : Combinez-le avec du marbre blanc et des finitions dor\u00e9es ou cuivr\u00e9es.<\/li>\n<\/ul>\n<p data-start=\"2785\" data-end=\"2957\">\ud83d\udce6 <strong data-start=\"2788\" data-end=\"2811\">Disponible rapidement<\/strong> \u2013 Commandez d\u00e8s maintenant sur <strong data-start=\"2843\" data-end=\"2861\">homeproject.fr<\/strong> et donnez du cachet \u00e0 votre int\u00e9rieur avec le <strong data-start=\"2908\" data-end=\"2953\">carrelage mural Relieve QZ Uno Dune Notte<\/strong> !<\/p>\n<p data-start=\"2959\" data-end=\"3059\">\ud83d\udee0 <strong data-start=\"2962\" data-end=\"3000\">Besoin d\u2019un conseil personnalis\u00e9 ?<\/strong> Nos experts en design vous accompagnent dans votre projet.<\/p>\n<h2 data-start=\"944\" data-end=\"1012\"><strong style=\"font-family: inherit; font-size: 30px;\">Vous avez des questions ?<\/strong><\/h2>\n<style id=\"wpforms-css-vars-3675\">\n\t\t\t\t#wpforms-3675 {\n\t\t\t\t\n\t\t\t}\n\t\t\t<\/style><div class=\"wpforms-container wpforms-container-full wpforms-render-modern\" id=\"wpforms-3675\"><form id=\"wpforms-form-3675\" class=\"wpforms-validate wpforms-form wpforms-ajax-form\" data-formid=\"3675\" method=\"post\" enctype=\"multipart\/form-data\" action=\"\/fr\/wp-json\/wp\/v2\/product\/10567\" data-token=\"40ada6e9151c970e4278e2da3e5409c5\" data-token-time=\"1777938410\"><noscript class=\"wpforms-error-noscript\">Veuillez activer JavaScript dans votre navigateur pour remplir ce formulaire.<\/noscript><div id=\"wpforms-error-noscript\" style=\"display: none;\">Veuillez activer JavaScript dans votre navigateur pour remplir ce formulaire.<\/div><div class=\"wpforms-field-container\"><div id=\"wpforms-3675-field_3-container\" class=\"wpforms-field wpforms-field-name\" data-field-id=\"3\"><fieldset><legend class=\"wpforms-field-label\">Nom <span class=\"wpforms-required-label\" aria-hidden=\"true\">*<\/span><\/legend><div class=\"wpforms-field-row wpforms-field-medium\"><div class=\"wpforms-field-row-block wpforms-first wpforms-one-half\"><input type=\"text\" id=\"wpforms-3675-field_3\" class=\"wpforms-field-name-first wpforms-field-required\" name=\"wpforms[fields][3][first]\" aria-errormessage=\"wpforms-3675-field_3-error\" required><label for=\"wpforms-3675-field_3\" class=\"wpforms-field-sublabel after\">Pr\u00e9nom<\/label><\/div><div class=\"wpforms-field-row-block wpforms-one-half\"><input type=\"text\" id=\"wpforms-3675-field_3-last\" class=\"wpforms-field-name-last wpforms-field-required\" name=\"wpforms[fields][3][last]\" aria-errormessage=\"wpforms-3675-field_3-last-error\" required><label for=\"wpforms-3675-field_3-last\" class=\"wpforms-field-sublabel after\">Nom<\/label><\/div><\/div><\/fieldset><\/div>\t\t<div id=\"wpforms-3675-field_1-container\"\n\t\t\tclass=\"wpforms-field wpforms-field-text\"\n\t\t\tdata-field-type=\"text\"\n\t\t\tdata-field-id=\"1\"\n\t\t\t>\n\t\t\t<label class=\"wpforms-field-label\" for=\"wpforms-3675-field_1\" >E-mail Nom Message<\/label>\n\t\t\t<input type=\"text\" id=\"wpforms-3675-field_1\" class=\"wpforms-field-medium\" name=\"wpforms[fields][1]\" >\n\t\t<\/div>\n\t\t<div id=\"wpforms-3675-field_4-container\" class=\"wpforms-field wpforms-field-email\" data-field-id=\"4\"><label class=\"wpforms-field-label\" for=\"wpforms-3675-field_4\">E-mail <span class=\"wpforms-required-label\" aria-hidden=\"true\">*<\/span><\/label><input type=\"email\" id=\"wpforms-3675-field_4\" class=\"wpforms-field-medium wpforms-field-required\" name=\"wpforms[fields][4]\" spellcheck=\"false\" aria-errormessage=\"wpforms-3675-field_4-error\" required><\/div><div id=\"wpforms-3675-field_5-container\" class=\"wpforms-field wpforms-field-textarea\" data-field-id=\"5\"><label class=\"wpforms-field-label\" for=\"wpforms-3675-field_5\">Message <span class=\"wpforms-required-label\" aria-hidden=\"true\">*<\/span><\/label><textarea id=\"wpforms-3675-field_5\" class=\"wpforms-field-medium wpforms-field-required\" name=\"wpforms[fields][5]\" aria-errormessage=\"wpforms-3675-field_5-error\" required><\/textarea><\/div><script>\n\t\t\t\t( function() {\n\t\t\t\t\tconst style = document.createElement( 'style' );\n\t\t\t\t\tstyle.appendChild( document.createTextNode( '#wpforms-3675-field_1-container { position: absolute !important; overflow: hidden !important; display: inline !important; height: 1px !important; width: 1px !important; z-index: -1000 !important; padding: 0 !important; } #wpforms-3675-field_1-container input { visibility: hidden; } #wpforms-conversational-form-page #wpforms-3675-field_1-container label { counter-increment: none; }' ) );\n\t\t\t\t\tdocument.head.appendChild( style );\n\t\t\t\t\tdocument.currentScript?.remove();\n\t\t\t\t} )();\n\t\t\t<\/script><\/div><!-- .wpforms-field-container --><div class=\"wpforms-submit-container\" ><input type=\"hidden\" name=\"wpforms[id]\" value=\"3675\"><input type=\"hidden\" name=\"page_title\" value=\"\"><input type=\"hidden\" name=\"page_url\" value=\"https:\/\/homeproject.fr\/fr\/wp-json\/wp\/v2\/product\/10567\"><input type=\"hidden\" name=\"url_referer\" value=\"\"><button type=\"submit\" name=\"wpforms[submit]\" id=\"wpforms-submit-3675\" class=\"wpforms-submit\" data-alt-text=\"Envoi...\" data-submit-text=\"Envoyer\" aria-live=\"assertive\" value=\"wpforms-submit\">Envoyer<\/button><img decoding=\"async\" src=\"https:\/\/homeproject.fr\/fr\/wp-content\/plugins\/wpforms-lite\/assets\/images\/submit-spin.svg\" class=\"wpforms-submit-spinner\" style=\"display: none;\" width=\"26\" height=\"26\" alt=\"Chargement en cours\"><\/div><\/form><\/div>  <!-- .wpforms-container -->\n","protected":false},"excerpt":{"rendered":"<p data-start=\"263\" data-end=\"598\">Apportez une <strong data-start=\"276\" data-end=\"313\">touche sophistiqu\u00e9e et audacieuse<\/strong> \u00e0 votre int\u00e9rieur avec le <strong data-start=\"340\" data-end=\"395\">carrelage mural en relief Relieve QZ Uno Dune Notte<\/strong>. Ce mod\u00e8le, au <strong data-start=\"411\" data-end=\"457\">coloris noir profond et \u00e0 la finition mate<\/strong>, s\u00e9duit par son <strong data-start=\"474\" data-end=\"517\">effet matelass\u00e9 et son relief structur\u00e9<\/strong>, qui cr\u00e9ent des jeux d\u2019ombres subtils et une ambiance \u00e9l\u00e9gante et contemporaine.<\/p>\n<p data-start=\"600\" data-end=\"925\">Avec son <strong data-start=\"609\" data-end=\"627\">format 5&#215;20 cm<\/strong>, il est parfait pour habiller les murs d\u2019une <strong data-start=\"673\" data-end=\"768\">salle de bain, d\u2019une cuisine, d\u2019une cr\u00e9dence ou encore d\u2019un espace commercial haut de gamme<\/strong>. Ce carrelage noir textur\u00e9 incarne le <strong data-start=\"807\" data-end=\"840\">design minimaliste et luxueux<\/strong>, id\u00e9al pour ceux qui recherchent une d\u00e9coration int\u00e9rieure raffin\u00e9e et intemporelle.<\/p>\n","protected":false},"featured_media":10564,"template":"","meta":{"_uf_show_specific_survey":0,"_uf_disable_surveys":false,"iawp_total_views":1},"product_brand":[],"product_cat":[20,131,130],"product_tag":[],"class_list":{"0":"post-10567","1":"product","2":"type-product","3":"status-publish","4":"has-post-thumbnail","6":"product_cat-carrelage","7":"product_cat-carrelage-mural","8":"product_cat-relief","9":"product_shipping_class-carrelage","10":"pa_collection-relieve-qz-uno","11":"pa_dimensions-nominales-5x20","12":"pa_effet-relief","13":"pa_epaisseur-8mm","14":"pa_materiau-faience","16":"first","17":"instock","18":"sale","19":"taxable","20":"shipping-taxable","21":"purchasable","22":"product-type-simple"},"yoast_head":"<!-- This site is optimized with the Yoast SEO plugin v27.5 - https:\/\/yoast.com\/product\/yoast-seo-wordpress\/ -->\n<title>Carrelage mural effet matelass\u00e9 RELIEVE QZ UNO Dune Notte 5 \u00d7 20 cm - Homeproject.fr<\/title>\n<meta name=\"robots\" content=\"index, follow, max-snippet:-1, max-image-preview:large, max-video-preview:-1\" \/>\n<link rel=\"canonical\" href=\"https:\/\/homeproject.fr\/fr\/produit\/carrelage-mural-effet-matelasse-relieve-qz-uno-dune-notte-5-x-20-cm\/\" \/>\n<meta property=\"og:locale\" content=\"fr_FR\" \/>\n<meta property=\"og:type\" content=\"article\" \/>\n<meta property=\"og:title\" content=\"Carrelage mural effet matelass\u00e9 RELIEVE QZ UNO Dune Notte 5 \u00d7 20 cm - Homeproject.fr\" \/>\n<meta property=\"og:description\" content=\"Apportez une touche sophistiqu\u00e9e et audacieuse \u00e0 votre int\u00e9rieur avec le carrelage mural en relief Relieve QZ Uno Dune Notte. Ce mod\u00e8le, au coloris noir profond et \u00e0 la finition mate, s\u00e9duit par son effet matelass\u00e9 et son relief structur\u00e9, qui cr\u00e9ent des jeux d\u2019ombres subtils et une ambiance \u00e9l\u00e9gante et contemporaine. Avec son format 5x20 cm, il est parfait pour habiller les murs d\u2019une salle de bain, d\u2019une cuisine, d\u2019une cr\u00e9dence ou encore d\u2019un espace commercial haut de gamme. Ce carrelage noir textur\u00e9 incarne le design minimaliste et luxueux, id\u00e9al pour ceux qui recherchent une d\u00e9coration int\u00e9rieure raffin\u00e9e et intemporelle.\" \/>\n<meta property=\"og:url\" content=\"https:\/\/homeproject.fr\/fr\/produit\/carrelage-mural-effet-matelasse-relieve-qz-uno-dune-notte-5-x-20-cm\/\" \/>\n<meta property=\"og:site_name\" content=\"Homeproject.fr\" \/>\n<meta property=\"article:modified_time\" content=\"2025-02-17T17:44:30+00:00\" \/>\n<meta property=\"og:image\" content=\"https:\/\/homeproject.fr\/fr\/wp-content\/uploads\/2025\/02\/Carrelage-mural-relief-noir-matelasse-Relieve-QZ-Uno-Dune-Notte.jpg\" \/>\n\t<meta property=\"og:image:width\" content=\"800\" \/>\n\t<meta property=\"og:image:height\" content=\"800\" \/>\n\t<meta property=\"og:image:type\" content=\"image\/jpeg\" \/>\n<meta name=\"twitter:card\" content=\"summary_large_image\" \/>\n<meta name=\"twitter:label1\" content=\"Dur\u00e9e de lecture estim\u00e9e\" \/>\n\t<meta name=\"twitter:data1\" content=\"2 minutes\" \/>\n<script type=\"application\/ld+json\" class=\"yoast-schema-graph\">{\"@context\":\"https:\\\/\\\/schema.org\",\"@graph\":[{\"@type\":\"WebPage\",\"@id\":\"https:\\\/\\\/homeproject.fr\\\/fr\\\/produit\\\/carrelage-mural-effet-matelasse-relieve-qz-uno-dune-notte-5-x-20-cm\\\/\",\"url\":\"https:\\\/\\\/homeproject.fr\\\/fr\\\/produit\\\/carrelage-mural-effet-matelasse-relieve-qz-uno-dune-notte-5-x-20-cm\\\/\",\"name\":\"Carrelage mural effet matelass\u00e9 RELIEVE QZ UNO Dune Notte 5 \u00d7 20 cm - Homeproject.fr\",\"isPartOf\":{\"@id\":\"https:\\\/\\\/homeproject.fr\\\/fr\\\/#website\"},\"primaryImageOfPage\":{\"@id\":\"https:\\\/\\\/homeproject.fr\\\/fr\\\/produit\\\/carrelage-mural-effet-matelasse-relieve-qz-uno-dune-notte-5-x-20-cm\\\/#primaryimage\"},\"image\":{\"@id\":\"https:\\\/\\\/homeproject.fr\\\/fr\\\/produit\\\/carrelage-mural-effet-matelasse-relieve-qz-uno-dune-notte-5-x-20-cm\\\/#primaryimage\"},\"thumbnailUrl\":\"https:\\\/\\\/homeproject.fr\\\/fr\\\/wp-content\\\/uploads\\\/2025\\\/02\\\/Carrelage-mural-relief-noir-matelasse-Relieve-QZ-Uno-Dune-Notte.jpg\",\"datePublished\":\"2025-02-17T15:15:54+00:00\",\"dateModified\":\"2025-02-17T17:44:30+00:00\",\"breadcrumb\":{\"@id\":\"https:\\\/\\\/homeproject.fr\\\/fr\\\/produit\\\/carrelage-mural-effet-matelasse-relieve-qz-uno-dune-notte-5-x-20-cm\\\/#breadcrumb\"},\"inLanguage\":\"fr-FR\",\"potentialAction\":[{\"@type\":\"ReadAction\",\"target\":[\"https:\\\/\\\/homeproject.fr\\\/fr\\\/produit\\\/carrelage-mural-effet-matelasse-relieve-qz-uno-dune-notte-5-x-20-cm\\\/\"]}]},{\"@type\":\"ImageObject\",\"inLanguage\":\"fr-FR\",\"@id\":\"https:\\\/\\\/homeproject.fr\\\/fr\\\/produit\\\/carrelage-mural-effet-matelasse-relieve-qz-uno-dune-notte-5-x-20-cm\\\/#primaryimage\",\"url\":\"https:\\\/\\\/homeproject.fr\\\/fr\\\/wp-content\\\/uploads\\\/2025\\\/02\\\/Carrelage-mural-relief-noir-matelasse-Relieve-QZ-Uno-Dune-Notte.jpg\",\"contentUrl\":\"https:\\\/\\\/homeproject.fr\\\/fr\\\/wp-content\\\/uploads\\\/2025\\\/02\\\/Carrelage-mural-relief-noir-matelasse-Relieve-QZ-Uno-Dune-Notte.jpg\",\"width\":800,\"height\":800},{\"@type\":\"BreadcrumbList\",\"@id\":\"https:\\\/\\\/homeproject.fr\\\/fr\\\/produit\\\/carrelage-mural-effet-matelasse-relieve-qz-uno-dune-notte-5-x-20-cm\\\/#breadcrumb\",\"itemListElement\":[{\"@type\":\"ListItem\",\"position\":1,\"name\":\"Accueil\",\"item\":\"https:\\\/\\\/homeproject.fr\\\/fr\\\/\"},{\"@type\":\"ListItem\",\"position\":2,\"name\":\"Boutique\",\"item\":\"https:\\\/\\\/homeproject.fr\\\/fr\\\/boutique\\\/\"},{\"@type\":\"ListItem\",\"position\":3,\"name\":\"Carrelage mural effet matelass\u00e9 RELIEVE QZ UNO Dune Notte 5 \u00d7 20 cm\"}]},{\"@type\":\"WebSite\",\"@id\":\"https:\\\/\\\/homeproject.fr\\\/fr\\\/#website\",\"url\":\"https:\\\/\\\/homeproject.fr\\\/fr\\\/\",\"name\":\"Homeproject.fr\",\"description\":\"Offrez l&#039;exceptionnel \u00e0 vos espaces \u00e0 vivre\",\"publisher\":{\"@id\":\"https:\\\/\\\/homeproject.fr\\\/fr\\\/#organization\"},\"potentialAction\":[{\"@type\":\"SearchAction\",\"target\":{\"@type\":\"EntryPoint\",\"urlTemplate\":\"https:\\\/\\\/homeproject.fr\\\/fr\\\/?s={search_term_string}\"},\"query-input\":{\"@type\":\"PropertyValueSpecification\",\"valueRequired\":true,\"valueName\":\"search_term_string\"}}],\"inLanguage\":\"fr-FR\"},{\"@type\":\"Organization\",\"@id\":\"https:\\\/\\\/homeproject.fr\\\/fr\\\/#organization\",\"name\":\"Homeproject.fr\",\"url\":\"https:\\\/\\\/homeproject.fr\\\/fr\\\/\",\"logo\":{\"@type\":\"ImageObject\",\"inLanguage\":\"fr-FR\",\"@id\":\"https:\\\/\\\/homeproject.fr\\\/fr\\\/#\\\/schema\\\/logo\\\/image\\\/\",\"url\":\"https:\\\/\\\/homeproject.fr\\\/fr\\\/wp-content\\\/uploads\\\/2024\\\/12\\\/Logo_HomeProject-noir-2.png\",\"contentUrl\":\"https:\\\/\\\/homeproject.fr\\\/fr\\\/wp-content\\\/uploads\\\/2024\\\/12\\\/Logo_HomeProject-noir-2.png\",\"width\":300,\"height\":91,\"caption\":\"Homeproject.fr\"},\"image\":{\"@id\":\"https:\\\/\\\/homeproject.fr\\\/fr\\\/#\\\/schema\\\/logo\\\/image\\\/\"}}]}<\/script>\n<!-- \/ Yoast SEO plugin. -->","yoast_head_json":{"title":"Carrelage mural effet matelass\u00e9 RELIEVE QZ UNO Dune Notte 5 \u00d7 20 cm - Homeproject.fr","robots":{"index":"index","follow":"follow","max-snippet":"max-snippet:-1","max-image-preview":"max-image-preview:large","max-video-preview":"max-video-preview:-1"},"canonical":"https:\/\/homeproject.fr\/fr\/produit\/carrelage-mural-effet-matelasse-relieve-qz-uno-dune-notte-5-x-20-cm\/","og_locale":"fr_FR","og_type":"article","og_title":"Carrelage mural effet matelass\u00e9 RELIEVE QZ UNO Dune Notte 5 \u00d7 20 cm - Homeproject.fr","og_description":"Apportez une touche sophistiqu\u00e9e et audacieuse \u00e0 votre int\u00e9rieur avec le carrelage mural en relief Relieve QZ Uno Dune Notte. Ce mod\u00e8le, au coloris noir profond et \u00e0 la finition mate, s\u00e9duit par son effet matelass\u00e9 et son relief structur\u00e9, qui cr\u00e9ent des jeux d\u2019ombres subtils et une ambiance \u00e9l\u00e9gante et contemporaine. Avec son format 5x20 cm, il est parfait pour habiller les murs d\u2019une salle de bain, d\u2019une cuisine, d\u2019une cr\u00e9dence ou encore d\u2019un espace commercial haut de gamme. Ce carrelage noir textur\u00e9 incarne le design minimaliste et luxueux, id\u00e9al pour ceux qui recherchent une d\u00e9coration int\u00e9rieure raffin\u00e9e et intemporelle.","og_url":"https:\/\/homeproject.fr\/fr\/produit\/carrelage-mural-effet-matelasse-relieve-qz-uno-dune-notte-5-x-20-cm\/","og_site_name":"Homeproject.fr","article_modified_time":"2025-02-17T17:44:30+00:00","og_image":[{"width":800,"height":800,"url":"https:\/\/homeproject.fr\/fr\/wp-content\/uploads\/2025\/02\/Carrelage-mural-relief-noir-matelasse-Relieve-QZ-Uno-Dune-Notte.jpg","type":"image\/jpeg"}],"twitter_card":"summary_large_image","twitter_misc":{"Dur\u00e9e de lecture estim\u00e9e":"2 minutes"},"schema":{"@context":"https:\/\/schema.org","@graph":[{"@type":"WebPage","@id":"https:\/\/homeproject.fr\/fr\/produit\/carrelage-mural-effet-matelasse-relieve-qz-uno-dune-notte-5-x-20-cm\/","url":"https:\/\/homeproject.fr\/fr\/produit\/carrelage-mural-effet-matelasse-relieve-qz-uno-dune-notte-5-x-20-cm\/","name":"Carrelage mural effet matelass\u00e9 RELIEVE QZ UNO Dune Notte 5 \u00d7 20 cm - Homeproject.fr","isPartOf":{"@id":"https:\/\/homeproject.fr\/fr\/#website"},"primaryImageOfPage":{"@id":"https:\/\/homeproject.fr\/fr\/produit\/carrelage-mural-effet-matelasse-relieve-qz-uno-dune-notte-5-x-20-cm\/#primaryimage"},"image":{"@id":"https:\/\/homeproject.fr\/fr\/produit\/carrelage-mural-effet-matelasse-relieve-qz-uno-dune-notte-5-x-20-cm\/#primaryimage"},"thumbnailUrl":"https:\/\/homeproject.fr\/fr\/wp-content\/uploads\/2025\/02\/Carrelage-mural-relief-noir-matelasse-Relieve-QZ-Uno-Dune-Notte.jpg","datePublished":"2025-02-17T15:15:54+00:00","dateModified":"2025-02-17T17:44:30+00:00","breadcrumb":{"@id":"https:\/\/homeproject.fr\/fr\/produit\/carrelage-mural-effet-matelasse-relieve-qz-uno-dune-notte-5-x-20-cm\/#breadcrumb"},"inLanguage":"fr-FR","potentialAction":[{"@type":"ReadAction","target":["https:\/\/homeproject.fr\/fr\/produit\/carrelage-mural-effet-matelasse-relieve-qz-uno-dune-notte-5-x-20-cm\/"]}]},{"@type":"ImageObject","inLanguage":"fr-FR","@id":"https:\/\/homeproject.fr\/fr\/produit\/carrelage-mural-effet-matelasse-relieve-qz-uno-dune-notte-5-x-20-cm\/#primaryimage","url":"https:\/\/homeproject.fr\/fr\/wp-content\/uploads\/2025\/02\/Carrelage-mural-relief-noir-matelasse-Relieve-QZ-Uno-Dune-Notte.jpg","contentUrl":"https:\/\/homeproject.fr\/fr\/wp-content\/uploads\/2025\/02\/Carrelage-mural-relief-noir-matelasse-Relieve-QZ-Uno-Dune-Notte.jpg","width":800,"height":800},{"@type":"BreadcrumbList","@id":"https:\/\/homeproject.fr\/fr\/produit\/carrelage-mural-effet-matelasse-relieve-qz-uno-dune-notte-5-x-20-cm\/#breadcrumb","itemListElement":[{"@type":"ListItem","position":1,"name":"Accueil","item":"https:\/\/homeproject.fr\/fr\/"},{"@type":"ListItem","position":2,"name":"Boutique","item":"https:\/\/homeproject.fr\/fr\/boutique\/"},{"@type":"ListItem","position":3,"name":"Carrelage mural effet matelass\u00e9 RELIEVE QZ UNO Dune Notte 5 \u00d7 20 cm"}]},{"@type":"WebSite","@id":"https:\/\/homeproject.fr\/fr\/#website","url":"https:\/\/homeproject.fr\/fr\/","name":"Homeproject.fr","description":"Offrez l&#039;exceptionnel \u00e0 vos espaces \u00e0 vivre","publisher":{"@id":"https:\/\/homeproject.fr\/fr\/#organization"},"potentialAction":[{"@type":"SearchAction","target":{"@type":"EntryPoint","urlTemplate":"https:\/\/homeproject.fr\/fr\/?s={search_term_string}"},"query-input":{"@type":"PropertyValueSpecification","valueRequired":true,"valueName":"search_term_string"}}],"inLanguage":"fr-FR"},{"@type":"Organization","@id":"https:\/\/homeproject.fr\/fr\/#organization","name":"Homeproject.fr","url":"https:\/\/homeproject.fr\/fr\/","logo":{"@type":"ImageObject","inLanguage":"fr-FR","@id":"https:\/\/homeproject.fr\/fr\/#\/schema\/logo\/image\/","url":"https:\/\/homeproject.fr\/fr\/wp-content\/uploads\/2024\/12\/Logo_HomeProject-noir-2.png","contentUrl":"https:\/\/homeproject.fr\/fr\/wp-content\/uploads\/2024\/12\/Logo_HomeProject-noir-2.png","width":300,"height":91,"caption":"Homeproject.fr"},"image":{"@id":"https:\/\/homeproject.fr\/fr\/#\/schema\/logo\/image\/"}}]}},"_links":{"self":[{"href":"https:\/\/homeproject.fr\/fr\/wp-json\/wp\/v2\/product\/10567","targetHints":{"allow":["GET"]}}],"collection":[{"href":"https:\/\/homeproject.fr\/fr\/wp-json\/wp\/v2\/product"}],"about":[{"href":"https:\/\/homeproject.fr\/fr\/wp-json\/wp\/v2\/types\/product"}],"version-history":[{"count":1,"href":"https:\/\/homeproject.fr\/fr\/wp-json\/wp\/v2\/product\/10567\/revisions"}],"predecessor-version":[{"id":10568,"href":"https:\/\/homeproject.fr\/fr\/wp-json\/wp\/v2\/product\/10567\/revisions\/10568"}],"wp:featuredmedia":[{"embeddable":true,"href":"https:\/\/homeproject.fr\/fr\/wp-json\/wp\/v2\/media\/10564"}],"wp:attachment":[{"href":"https:\/\/homeproject.fr\/fr\/wp-json\/wp\/v2\/media?parent=10567"}],"wp:term":[{"taxonomy":"product_brand","embeddable":true,"href":"https:\/\/homeproject.fr\/fr\/wp-json\/wp\/v2\/product_brand?post=10567"},{"taxonomy":"product_cat","embeddable":true,"href":"https:\/\/homeproject.fr\/fr\/wp-json\/wp\/v2\/product_cat?post=10567"},{"taxonomy":"product_tag","embeddable":true,"href":"https:\/\/homeproject.fr\/fr\/wp-json\/wp\/v2\/product_tag?post=10567"}],"curies":[{"name":"wp","href":"https:\/\/api.w.org\/{rel}","templated":true}]}}