{"id":10545,"date":"2025-02-17T14:42:35","date_gmt":"2025-02-17T14:42:35","guid":{"rendered":"https:\/\/homeproject.fr\/fr\/?post_type=product&#038;p=10545"},"modified":"2025-02-17T17:45:21","modified_gmt":"2025-02-17T17:45:21","slug":"carrelage-mural-effet-matelasse-relieve-qz-uno-dune-bianco-5-x-20-cm","status":"publish","type":"product","link":"https:\/\/homeproject.fr\/fr\/produit\/carrelage-mural-effet-matelasse-relieve-qz-uno-dune-bianco-5-x-20-cm\/","title":{"rendered":"Carrelage mural effet matelass\u00e9 RELIEVE QZ UNO Dune Bianco 5 \u00d7 20 cm"},"content":{"rendered":"<p><strong><a href=\"https:\/\/homeproject.fr\/fr\/produit\/echantillon-carrelage-mural-relieve-qz-uno-dune-bianco\/\">Commander un \u00e9chantillon<\/a><\/strong><\/p>\n<h2 data-start=\"898\" data-end=\"962\"><strong data-start=\"901\" data-end=\"962\">Un carrelage textur\u00e9 pour une d\u00e9coration murale originale<\/strong><\/h2>\n<p data-start=\"963\" data-end=\"1303\">Le <strong data-start=\"966\" data-end=\"996\">Relieve QZ Uno Dune Bianco<\/strong> est plus qu\u2019un simple carrelage : c\u2019est un <strong data-start=\"1040\" data-end=\"1075\">v\u00e9ritable \u00e9l\u00e9ment de d\u00e9coration<\/strong> qui transforme vos murs en surfaces dynamiques et \u00e9l\u00e9gantes. Son <strong data-start=\"1141\" data-end=\"1161\">relief matelass\u00e9<\/strong> capte la lumi\u00e8re de fa\u00e7on subtile et donne un <strong data-start=\"1208\" data-end=\"1230\">effet 3D structur\u00e9<\/strong>, id\u00e9al pour apporter du <strong data-start=\"1255\" data-end=\"1288\">caract\u00e8re et de la profondeur<\/strong> \u00e0 vos espaces.<\/p>\n<p data-start=\"1305\" data-end=\"1453\">\ud83d\udca1 <strong data-start=\"1308\" data-end=\"1323\">Astuce d\u00e9co<\/strong> : Associez ce carrelage \u00e0 un \u00e9clairage indirect ou \u00e0 des appliques murales pour sublimer son relief et accentuer l\u2019effet textur\u00e9.<\/p>\n<hr data-start=\"1455\" data-end=\"1458\" \/>\n<h2 data-start=\"1460\" data-end=\"1534\"><strong data-start=\"1463\" data-end=\"1534\">Caract\u00e9ristiques techniques du carrelage Relieve QZ Uno Dune Bianco<\/strong><\/h2>\n<p data-start=\"1535\" data-end=\"1982\">\u2714 <strong data-start=\"1537\" data-end=\"1551\">Dimensions<\/strong> : 5\u00d720 cm<br data-start=\"1561\" data-end=\"1564\" \/>\u2714 <strong data-start=\"1566\" data-end=\"1579\">\u00c9paisseur<\/strong> : Fine pour une int\u00e9gration \u00e9l\u00e9gante<br data-start=\"1616\" data-end=\"1619\" \/>\u2714 <strong data-start=\"1621\" data-end=\"1633\">Finition<\/strong> : Blanc mat avec un relief structur\u00e9<br data-start=\"1670\" data-end=\"1673\" \/>\u2714 <strong data-start=\"1675\" data-end=\"1687\">Mat\u00e9riau<\/strong> : C\u00e9ramique haut de gamme, durable et r\u00e9sistante<br data-start=\"1736\" data-end=\"1739\" \/>\u2714 <strong data-start=\"1741\" data-end=\"1749\">Pose<\/strong> : Sp\u00e9cialement con\u00e7ue pour une installation murale<br data-start=\"1800\" data-end=\"1803\" \/>\u2714 <strong data-start=\"1805\" data-end=\"1820\">Utilisation<\/strong> : Int\u00e9rieur \u2013 id\u00e9al pour les salles de bain, cuisines, cr\u00e9dences, ou espaces de vie<br data-start=\"1904\" data-end=\"1907\" \/>\u2714 <strong data-start=\"1909\" data-end=\"1922\">Entretien<\/strong> : Facile \u00e0 nettoyer, r\u00e9sistant aux taches et \u00e0 l\u2019humidit\u00e9<\/p>\n<hr data-start=\"1984\" data-end=\"1987\" \/>\n<h2 data-start=\"1989\" data-end=\"2054\"><strong data-start=\"1992\" data-end=\"2054\">Pourquoi choisir le carrelage Relieve QZ Uno Dune Bianco ?<\/strong><\/h2>\n<p data-start=\"2055\" data-end=\"2480\">\u2705 <strong data-start=\"2057\" data-end=\"2077\">Effet 3D textur\u00e9<\/strong> : Apporte volume et modernit\u00e9 \u00e0 vos murs<br data-start=\"2118\" data-end=\"2121\" \/>\u2705 <strong data-start=\"2123\" data-end=\"2144\">Design intemporel<\/strong> : Son blanc mat s\u2019int\u00e8gre \u00e0 toutes les ambiances d\u00e9coratives<br data-start=\"2205\" data-end=\"2208\" \/>\u2705 <strong data-start=\"2210\" data-end=\"2225\">Polyvalence<\/strong> : Convient aussi bien aux particuliers qu\u2019aux professionnels (h\u00f4tels, restaurants, bureaux)<br data-start=\"2317\" data-end=\"2320\" \/>\u2705 <strong data-start=\"2322\" data-end=\"2346\">Facilit\u00e9 d\u2019entretien<\/strong> : Une simple \u00e9ponge humide suffit pour le nettoyer<br data-start=\"2397\" data-end=\"2400\" \/>\u2705 <strong data-start=\"2402\" data-end=\"2429\">Installation simplifi\u00e9e<\/strong> : Compatible avec diff\u00e9rentes techniques de pose<\/p>\n<hr data-start=\"2482\" data-end=\"2485\" \/>\n<h2 data-start=\"2487\" data-end=\"2543\"><strong data-start=\"2490\" data-end=\"2543\">Id\u00e9es d\u2019associations pour un int\u00e9rieur harmonieux<\/strong><\/h2>\n<ul data-start=\"2544\" data-end=\"2937\">\n<li data-start=\"2544\" data-end=\"2693\"><strong data-start=\"2546\" data-end=\"2585\">Pour une ambiance moderne et \u00e9pur\u00e9e<\/strong> : Associez ce carrelage blanc mat \u00e0 un mobilier aux lignes minimalistes et des accessoires en bois clair.<\/li>\n<li data-start=\"2694\" data-end=\"2825\"><strong data-start=\"2696\" data-end=\"2729\">Pour un style industriel chic<\/strong> : Combinez-le avec des \u00e9l\u00e9ments m\u00e9talliques noirs et des mati\u00e8res brutes comme le b\u00e9ton cir\u00e9.<\/li>\n<li data-start=\"2826\" data-end=\"2937\"><strong data-start=\"2828\" data-end=\"2869\">Pour une touche de douceur scandinave<\/strong> : Optez pour des teintes pastel et des luminaires en laiton dor\u00e9.<\/li>\n<\/ul>\n<p data-start=\"2939\" data-end=\"3100\">\ud83d\udce6 <strong data-start=\"2942\" data-end=\"2965\">Disponible rapidement<\/strong> \u2013 Commandez d\u00e8s maintenant sur <strong data-start=\"2997\" data-end=\"3015\">homeproject.fr<\/strong> et sublimez votre int\u00e9rieur avec le <strong data-start=\"3052\" data-end=\"3098\">carrelage mural Relieve QZ Uno Dune Bianco<\/strong> !<\/p>\n<p data-start=\"3102\" data-end=\"3230\">\ud83d\udee0 <strong data-start=\"3105\" data-end=\"3143\">Besoin d\u2019un conseil personnalis\u00e9 ?<\/strong> Nos experts en d\u00e9coration sont \u00e0 votre disposition pour vous guider dans votre projet.<\/p>\n<h3><strong style=\"font-family: inherit; font-size: 30px;\">Vous avez des questions ?<\/strong><\/h3>\n<style id=\"wpforms-css-vars-3675\">\n\t\t\t\t#wpforms-3675 {\n\t\t\t\t\n\t\t\t}\n\t\t\t<\/style><div class=\"wpforms-container wpforms-container-full wpforms-render-modern\" id=\"wpforms-3675\"><form id=\"wpforms-form-3675\" class=\"wpforms-validate wpforms-form wpforms-ajax-form\" data-formid=\"3675\" method=\"post\" enctype=\"multipart\/form-data\" action=\"\/fr\/wp-json\/wp\/v2\/product\/10545\" data-token=\"40ada6e9151c970e4278e2da3e5409c5\" data-token-time=\"1777934940\"><noscript class=\"wpforms-error-noscript\">Veuillez activer JavaScript dans votre navigateur pour remplir ce formulaire.<\/noscript><div id=\"wpforms-error-noscript\" style=\"display: none;\">Veuillez activer JavaScript dans votre navigateur pour remplir ce formulaire.<\/div><div class=\"wpforms-field-container\">\t\t<div id=\"wpforms-3675-field_1-container\"\n\t\t\tclass=\"wpforms-field wpforms-field-text\"\n\t\t\tdata-field-type=\"text\"\n\t\t\tdata-field-id=\"1\"\n\t\t\t>\n\t\t\t<label class=\"wpforms-field-label\" for=\"wpforms-3675-field_1\" >E-mail Nom Message<\/label>\n\t\t\t<input type=\"text\" id=\"wpforms-3675-field_1\" class=\"wpforms-field-medium\" name=\"wpforms[fields][1]\" >\n\t\t<\/div>\n\t\t<div id=\"wpforms-3675-field_3-container\" class=\"wpforms-field wpforms-field-name\" data-field-id=\"3\"><fieldset><legend class=\"wpforms-field-label\">Nom <span class=\"wpforms-required-label\" aria-hidden=\"true\">*<\/span><\/legend><div class=\"wpforms-field-row wpforms-field-medium\"><div class=\"wpforms-field-row-block wpforms-first wpforms-one-half\"><input type=\"text\" id=\"wpforms-3675-field_3\" class=\"wpforms-field-name-first wpforms-field-required\" name=\"wpforms[fields][3][first]\" aria-errormessage=\"wpforms-3675-field_3-error\" required><label for=\"wpforms-3675-field_3\" class=\"wpforms-field-sublabel after\">Pr\u00e9nom<\/label><\/div><div class=\"wpforms-field-row-block wpforms-one-half\"><input type=\"text\" id=\"wpforms-3675-field_3-last\" class=\"wpforms-field-name-last wpforms-field-required\" name=\"wpforms[fields][3][last]\" aria-errormessage=\"wpforms-3675-field_3-last-error\" required><label for=\"wpforms-3675-field_3-last\" class=\"wpforms-field-sublabel after\">Nom<\/label><\/div><\/div><\/fieldset><\/div><div id=\"wpforms-3675-field_4-container\" class=\"wpforms-field wpforms-field-email\" data-field-id=\"4\"><label class=\"wpforms-field-label\" for=\"wpforms-3675-field_4\">E-mail <span class=\"wpforms-required-label\" aria-hidden=\"true\">*<\/span><\/label><input type=\"email\" id=\"wpforms-3675-field_4\" class=\"wpforms-field-medium wpforms-field-required\" name=\"wpforms[fields][4]\" spellcheck=\"false\" aria-errormessage=\"wpforms-3675-field_4-error\" required><\/div><div id=\"wpforms-3675-field_5-container\" class=\"wpforms-field wpforms-field-textarea\" data-field-id=\"5\"><label class=\"wpforms-field-label\" for=\"wpforms-3675-field_5\">Message <span class=\"wpforms-required-label\" aria-hidden=\"true\">*<\/span><\/label><textarea id=\"wpforms-3675-field_5\" class=\"wpforms-field-medium wpforms-field-required\" name=\"wpforms[fields][5]\" aria-errormessage=\"wpforms-3675-field_5-error\" required><\/textarea><\/div><script>\n\t\t\t\t( function() {\n\t\t\t\t\tconst style = document.createElement( 'style' );\n\t\t\t\t\tstyle.appendChild( document.createTextNode( '#wpforms-3675-field_1-container { position: absolute !important; overflow: hidden !important; display: inline !important; height: 1px !important; width: 1px !important; z-index: -1000 !important; padding: 0 !important; } #wpforms-3675-field_1-container input { visibility: hidden; } #wpforms-conversational-form-page #wpforms-3675-field_1-container label { counter-increment: none; }' ) );\n\t\t\t\t\tdocument.head.appendChild( style );\n\t\t\t\t\tdocument.currentScript?.remove();\n\t\t\t\t} )();\n\t\t\t<\/script><\/div><!-- .wpforms-field-container --><div class=\"wpforms-submit-container\" ><input type=\"hidden\" name=\"wpforms[id]\" value=\"3675\"><input type=\"hidden\" name=\"page_title\" value=\"\"><input type=\"hidden\" name=\"page_url\" value=\"https:\/\/homeproject.fr\/fr\/wp-json\/wp\/v2\/product\/10545\"><input type=\"hidden\" name=\"url_referer\" value=\"\"><button type=\"submit\" name=\"wpforms[submit]\" id=\"wpforms-submit-3675\" class=\"wpforms-submit\" data-alt-text=\"Envoi...\" data-submit-text=\"Envoyer\" aria-live=\"assertive\" value=\"wpforms-submit\">Envoyer<\/button><img decoding=\"async\" src=\"https:\/\/homeproject.fr\/fr\/wp-content\/plugins\/wpforms-lite\/assets\/images\/submit-spin.svg\" class=\"wpforms-submit-spinner\" style=\"display: none;\" width=\"26\" height=\"26\" alt=\"Chargement en cours\"><\/div><\/form><\/div>  <!-- .wpforms-container -->\n","protected":false},"excerpt":{"rendered":"<p data-start=\"279\" data-end=\"636\">Donnez du relief \u00e0 vos murs avec le <strong data-start=\"315\" data-end=\"371\">carrelage mural en relief Relieve QZ Uno Dune Bianco<\/strong>. Alliant <strong data-start=\"381\" data-end=\"423\">design moderne et texture sophistiqu\u00e9e<\/strong>, ce rev\u00eatement en c\u00e9ramique se distingue par son format <strong data-start=\"480\" data-end=\"505\">rectangulaire 5&#215;20 cm<\/strong>, sa <strong data-start=\"510\" data-end=\"535\">finition mate subtile<\/strong> et son <strong data-start=\"543\" data-end=\"562\">effet matelass\u00e9<\/strong> qui joue avec la lumi\u00e8re pour cr\u00e9er une ambiance raffin\u00e9e et chaleureuse.<\/p>\n<p data-start=\"638\" data-end=\"891\">Id\u00e9al pour les <strong data-start=\"653\" data-end=\"726\">salles de bain, cuisines, cr\u00e9dences ou encore les espaces commerciaux<\/strong>, ce carrelage textur\u00e9 s\u2019int\u00e8gre parfaitement \u00e0 tous les styles d\u00e9coratifs, du <strong data-start=\"805\" data-end=\"836\">minimaliste au contemporain<\/strong>, en passant par le scandinave ou le design industriel.<\/p>\n","protected":false},"featured_media":10549,"template":"","meta":{"_uf_show_specific_survey":0,"_uf_disable_surveys":false,"iawp_total_views":46},"product_brand":[],"product_cat":[20,131,130],"product_tag":[],"class_list":{"0":"post-10545","1":"product","2":"type-product","3":"status-publish","4":"has-post-thumbnail","6":"product_cat-carrelage","7":"product_cat-carrelage-mural","8":"product_cat-relief","9":"product_shipping_class-carrelage","10":"pa_collection-relieve-qz-uno","11":"pa_dimensions-nominales-5x20","12":"pa_effet-relief","13":"pa_epaisseur-8mm","14":"pa_materiau-faience","16":"first","17":"instock","18":"sale","19":"taxable","20":"shipping-taxable","21":"purchasable","22":"product-type-simple"},"yoast_head":"<!-- This site is optimized with the Yoast SEO plugin v27.5 - https:\/\/yoast.com\/product\/yoast-seo-wordpress\/ -->\n<title>Carrelage mural effet matelass\u00e9 RELIEVE QZ UNO Dune Bianco 5 \u00d7 20 cm - Homeproject.fr<\/title>\n<meta name=\"robots\" content=\"index, follow, max-snippet:-1, max-image-preview:large, max-video-preview:-1\" \/>\n<link rel=\"canonical\" href=\"https:\/\/homeproject.fr\/fr\/produit\/carrelage-mural-effet-matelasse-relieve-qz-uno-dune-bianco-5-x-20-cm\/\" \/>\n<meta property=\"og:locale\" content=\"fr_FR\" \/>\n<meta property=\"og:type\" content=\"article\" \/>\n<meta property=\"og:title\" content=\"Carrelage mural effet matelass\u00e9 RELIEVE QZ UNO Dune Bianco 5 \u00d7 20 cm - Homeproject.fr\" \/>\n<meta property=\"og:description\" content=\"Donnez du relief \u00e0 vos murs avec le carrelage mural en relief Relieve QZ Uno Dune Bianco. Alliant design moderne et texture sophistiqu\u00e9e, ce rev\u00eatement en c\u00e9ramique se distingue par son format rectangulaire 5x20 cm, sa finition mate subtile et son effet matelass\u00e9 qui joue avec la lumi\u00e8re pour cr\u00e9er une ambiance raffin\u00e9e et chaleureuse. Id\u00e9al pour les salles de bain, cuisines, cr\u00e9dences ou encore les espaces commerciaux, ce carrelage textur\u00e9 s\u2019int\u00e8gre parfaitement \u00e0 tous les styles d\u00e9coratifs, du minimaliste au contemporain, en passant par le scandinave ou le design industriel.\" \/>\n<meta property=\"og:url\" content=\"https:\/\/homeproject.fr\/fr\/produit\/carrelage-mural-effet-matelasse-relieve-qz-uno-dune-bianco-5-x-20-cm\/\" \/>\n<meta property=\"og:site_name\" content=\"Homeproject.fr\" \/>\n<meta property=\"article:modified_time\" content=\"2025-02-17T17:45:21+00:00\" \/>\n<meta property=\"og:image\" content=\"https:\/\/homeproject.fr\/fr\/wp-content\/uploads\/2025\/02\/Carrelage-mural-relief-blanc-matelasse-Relieve-QZ-Uno-Dune-Bianco.jpg\" \/>\n\t<meta property=\"og:image:width\" content=\"1200\" \/>\n\t<meta property=\"og:image:height\" content=\"1200\" \/>\n\t<meta property=\"og:image:type\" content=\"image\/jpeg\" \/>\n<meta name=\"twitter:card\" content=\"summary_large_image\" \/>\n<meta name=\"twitter:label1\" content=\"Dur\u00e9e de lecture estim\u00e9e\" \/>\n\t<meta name=\"twitter:data1\" content=\"2 minutes\" \/>\n<script type=\"application\/ld+json\" class=\"yoast-schema-graph\">{\"@context\":\"https:\\\/\\\/schema.org\",\"@graph\":[{\"@type\":\"WebPage\",\"@id\":\"https:\\\/\\\/homeproject.fr\\\/fr\\\/produit\\\/carrelage-mural-effet-matelasse-relieve-qz-uno-dune-bianco-5-x-20-cm\\\/\",\"url\":\"https:\\\/\\\/homeproject.fr\\\/fr\\\/produit\\\/carrelage-mural-effet-matelasse-relieve-qz-uno-dune-bianco-5-x-20-cm\\\/\",\"name\":\"Carrelage mural effet matelass\u00e9 RELIEVE QZ UNO Dune Bianco 5 \u00d7 20 cm - Homeproject.fr\",\"isPartOf\":{\"@id\":\"https:\\\/\\\/homeproject.fr\\\/fr\\\/#website\"},\"primaryImageOfPage\":{\"@id\":\"https:\\\/\\\/homeproject.fr\\\/fr\\\/produit\\\/carrelage-mural-effet-matelasse-relieve-qz-uno-dune-bianco-5-x-20-cm\\\/#primaryimage\"},\"image\":{\"@id\":\"https:\\\/\\\/homeproject.fr\\\/fr\\\/produit\\\/carrelage-mural-effet-matelasse-relieve-qz-uno-dune-bianco-5-x-20-cm\\\/#primaryimage\"},\"thumbnailUrl\":\"https:\\\/\\\/homeproject.fr\\\/fr\\\/wp-content\\\/uploads\\\/2025\\\/02\\\/Carrelage-mural-relief-blanc-matelasse-Relieve-QZ-Uno-Dune-Bianco.jpg\",\"datePublished\":\"2025-02-17T14:42:35+00:00\",\"dateModified\":\"2025-02-17T17:45:21+00:00\",\"breadcrumb\":{\"@id\":\"https:\\\/\\\/homeproject.fr\\\/fr\\\/produit\\\/carrelage-mural-effet-matelasse-relieve-qz-uno-dune-bianco-5-x-20-cm\\\/#breadcrumb\"},\"inLanguage\":\"fr-FR\",\"potentialAction\":[{\"@type\":\"ReadAction\",\"target\":[\"https:\\\/\\\/homeproject.fr\\\/fr\\\/produit\\\/carrelage-mural-effet-matelasse-relieve-qz-uno-dune-bianco-5-x-20-cm\\\/\"]}]},{\"@type\":\"ImageObject\",\"inLanguage\":\"fr-FR\",\"@id\":\"https:\\\/\\\/homeproject.fr\\\/fr\\\/produit\\\/carrelage-mural-effet-matelasse-relieve-qz-uno-dune-bianco-5-x-20-cm\\\/#primaryimage\",\"url\":\"https:\\\/\\\/homeproject.fr\\\/fr\\\/wp-content\\\/uploads\\\/2025\\\/02\\\/Carrelage-mural-relief-blanc-matelasse-Relieve-QZ-Uno-Dune-Bianco.jpg\",\"contentUrl\":\"https:\\\/\\\/homeproject.fr\\\/fr\\\/wp-content\\\/uploads\\\/2025\\\/02\\\/Carrelage-mural-relief-blanc-matelasse-Relieve-QZ-Uno-Dune-Bianco.jpg\",\"width\":1200,\"height\":1200},{\"@type\":\"BreadcrumbList\",\"@id\":\"https:\\\/\\\/homeproject.fr\\\/fr\\\/produit\\\/carrelage-mural-effet-matelasse-relieve-qz-uno-dune-bianco-5-x-20-cm\\\/#breadcrumb\",\"itemListElement\":[{\"@type\":\"ListItem\",\"position\":1,\"name\":\"Accueil\",\"item\":\"https:\\\/\\\/homeproject.fr\\\/fr\\\/\"},{\"@type\":\"ListItem\",\"position\":2,\"name\":\"Boutique\",\"item\":\"https:\\\/\\\/homeproject.fr\\\/fr\\\/boutique\\\/\"},{\"@type\":\"ListItem\",\"position\":3,\"name\":\"Carrelage mural effet matelass\u00e9 RELIEVE QZ UNO Dune Bianco 5 \u00d7 20 cm\"}]},{\"@type\":\"WebSite\",\"@id\":\"https:\\\/\\\/homeproject.fr\\\/fr\\\/#website\",\"url\":\"https:\\\/\\\/homeproject.fr\\\/fr\\\/\",\"name\":\"Homeproject.fr\",\"description\":\"Offrez l&#039;exceptionnel \u00e0 vos espaces \u00e0 vivre\",\"publisher\":{\"@id\":\"https:\\\/\\\/homeproject.fr\\\/fr\\\/#organization\"},\"potentialAction\":[{\"@type\":\"SearchAction\",\"target\":{\"@type\":\"EntryPoint\",\"urlTemplate\":\"https:\\\/\\\/homeproject.fr\\\/fr\\\/?s={search_term_string}\"},\"query-input\":{\"@type\":\"PropertyValueSpecification\",\"valueRequired\":true,\"valueName\":\"search_term_string\"}}],\"inLanguage\":\"fr-FR\"},{\"@type\":\"Organization\",\"@id\":\"https:\\\/\\\/homeproject.fr\\\/fr\\\/#organization\",\"name\":\"Homeproject.fr\",\"url\":\"https:\\\/\\\/homeproject.fr\\\/fr\\\/\",\"logo\":{\"@type\":\"ImageObject\",\"inLanguage\":\"fr-FR\",\"@id\":\"https:\\\/\\\/homeproject.fr\\\/fr\\\/#\\\/schema\\\/logo\\\/image\\\/\",\"url\":\"https:\\\/\\\/homeproject.fr\\\/fr\\\/wp-content\\\/uploads\\\/2024\\\/12\\\/Logo_HomeProject-noir-2.png\",\"contentUrl\":\"https:\\\/\\\/homeproject.fr\\\/fr\\\/wp-content\\\/uploads\\\/2024\\\/12\\\/Logo_HomeProject-noir-2.png\",\"width\":300,\"height\":91,\"caption\":\"Homeproject.fr\"},\"image\":{\"@id\":\"https:\\\/\\\/homeproject.fr\\\/fr\\\/#\\\/schema\\\/logo\\\/image\\\/\"}}]}<\/script>\n<!-- \/ Yoast SEO plugin. -->","yoast_head_json":{"title":"Carrelage mural effet matelass\u00e9 RELIEVE QZ UNO Dune Bianco 5 \u00d7 20 cm - Homeproject.fr","robots":{"index":"index","follow":"follow","max-snippet":"max-snippet:-1","max-image-preview":"max-image-preview:large","max-video-preview":"max-video-preview:-1"},"canonical":"https:\/\/homeproject.fr\/fr\/produit\/carrelage-mural-effet-matelasse-relieve-qz-uno-dune-bianco-5-x-20-cm\/","og_locale":"fr_FR","og_type":"article","og_title":"Carrelage mural effet matelass\u00e9 RELIEVE QZ UNO Dune Bianco 5 \u00d7 20 cm - Homeproject.fr","og_description":"Donnez du relief \u00e0 vos murs avec le carrelage mural en relief Relieve QZ Uno Dune Bianco. Alliant design moderne et texture sophistiqu\u00e9e, ce rev\u00eatement en c\u00e9ramique se distingue par son format rectangulaire 5x20 cm, sa finition mate subtile et son effet matelass\u00e9 qui joue avec la lumi\u00e8re pour cr\u00e9er une ambiance raffin\u00e9e et chaleureuse. Id\u00e9al pour les salles de bain, cuisines, cr\u00e9dences ou encore les espaces commerciaux, ce carrelage textur\u00e9 s\u2019int\u00e8gre parfaitement \u00e0 tous les styles d\u00e9coratifs, du minimaliste au contemporain, en passant par le scandinave ou le design industriel.","og_url":"https:\/\/homeproject.fr\/fr\/produit\/carrelage-mural-effet-matelasse-relieve-qz-uno-dune-bianco-5-x-20-cm\/","og_site_name":"Homeproject.fr","article_modified_time":"2025-02-17T17:45:21+00:00","og_image":[{"width":1200,"height":1200,"url":"https:\/\/homeproject.fr\/fr\/wp-content\/uploads\/2025\/02\/Carrelage-mural-relief-blanc-matelasse-Relieve-QZ-Uno-Dune-Bianco.jpg","type":"image\/jpeg"}],"twitter_card":"summary_large_image","twitter_misc":{"Dur\u00e9e de lecture estim\u00e9e":"2 minutes"},"schema":{"@context":"https:\/\/schema.org","@graph":[{"@type":"WebPage","@id":"https:\/\/homeproject.fr\/fr\/produit\/carrelage-mural-effet-matelasse-relieve-qz-uno-dune-bianco-5-x-20-cm\/","url":"https:\/\/homeproject.fr\/fr\/produit\/carrelage-mural-effet-matelasse-relieve-qz-uno-dune-bianco-5-x-20-cm\/","name":"Carrelage mural effet matelass\u00e9 RELIEVE QZ UNO Dune Bianco 5 \u00d7 20 cm - Homeproject.fr","isPartOf":{"@id":"https:\/\/homeproject.fr\/fr\/#website"},"primaryImageOfPage":{"@id":"https:\/\/homeproject.fr\/fr\/produit\/carrelage-mural-effet-matelasse-relieve-qz-uno-dune-bianco-5-x-20-cm\/#primaryimage"},"image":{"@id":"https:\/\/homeproject.fr\/fr\/produit\/carrelage-mural-effet-matelasse-relieve-qz-uno-dune-bianco-5-x-20-cm\/#primaryimage"},"thumbnailUrl":"https:\/\/homeproject.fr\/fr\/wp-content\/uploads\/2025\/02\/Carrelage-mural-relief-blanc-matelasse-Relieve-QZ-Uno-Dune-Bianco.jpg","datePublished":"2025-02-17T14:42:35+00:00","dateModified":"2025-02-17T17:45:21+00:00","breadcrumb":{"@id":"https:\/\/homeproject.fr\/fr\/produit\/carrelage-mural-effet-matelasse-relieve-qz-uno-dune-bianco-5-x-20-cm\/#breadcrumb"},"inLanguage":"fr-FR","potentialAction":[{"@type":"ReadAction","target":["https:\/\/homeproject.fr\/fr\/produit\/carrelage-mural-effet-matelasse-relieve-qz-uno-dune-bianco-5-x-20-cm\/"]}]},{"@type":"ImageObject","inLanguage":"fr-FR","@id":"https:\/\/homeproject.fr\/fr\/produit\/carrelage-mural-effet-matelasse-relieve-qz-uno-dune-bianco-5-x-20-cm\/#primaryimage","url":"https:\/\/homeproject.fr\/fr\/wp-content\/uploads\/2025\/02\/Carrelage-mural-relief-blanc-matelasse-Relieve-QZ-Uno-Dune-Bianco.jpg","contentUrl":"https:\/\/homeproject.fr\/fr\/wp-content\/uploads\/2025\/02\/Carrelage-mural-relief-blanc-matelasse-Relieve-QZ-Uno-Dune-Bianco.jpg","width":1200,"height":1200},{"@type":"BreadcrumbList","@id":"https:\/\/homeproject.fr\/fr\/produit\/carrelage-mural-effet-matelasse-relieve-qz-uno-dune-bianco-5-x-20-cm\/#breadcrumb","itemListElement":[{"@type":"ListItem","position":1,"name":"Accueil","item":"https:\/\/homeproject.fr\/fr\/"},{"@type":"ListItem","position":2,"name":"Boutique","item":"https:\/\/homeproject.fr\/fr\/boutique\/"},{"@type":"ListItem","position":3,"name":"Carrelage mural effet matelass\u00e9 RELIEVE QZ UNO Dune Bianco 5 \u00d7 20 cm"}]},{"@type":"WebSite","@id":"https:\/\/homeproject.fr\/fr\/#website","url":"https:\/\/homeproject.fr\/fr\/","name":"Homeproject.fr","description":"Offrez l&#039;exceptionnel \u00e0 vos espaces \u00e0 vivre","publisher":{"@id":"https:\/\/homeproject.fr\/fr\/#organization"},"potentialAction":[{"@type":"SearchAction","target":{"@type":"EntryPoint","urlTemplate":"https:\/\/homeproject.fr\/fr\/?s={search_term_string}"},"query-input":{"@type":"PropertyValueSpecification","valueRequired":true,"valueName":"search_term_string"}}],"inLanguage":"fr-FR"},{"@type":"Organization","@id":"https:\/\/homeproject.fr\/fr\/#organization","name":"Homeproject.fr","url":"https:\/\/homeproject.fr\/fr\/","logo":{"@type":"ImageObject","inLanguage":"fr-FR","@id":"https:\/\/homeproject.fr\/fr\/#\/schema\/logo\/image\/","url":"https:\/\/homeproject.fr\/fr\/wp-content\/uploads\/2024\/12\/Logo_HomeProject-noir-2.png","contentUrl":"https:\/\/homeproject.fr\/fr\/wp-content\/uploads\/2024\/12\/Logo_HomeProject-noir-2.png","width":300,"height":91,"caption":"Homeproject.fr"},"image":{"@id":"https:\/\/homeproject.fr\/fr\/#\/schema\/logo\/image\/"}}]}},"_links":{"self":[{"href":"https:\/\/homeproject.fr\/fr\/wp-json\/wp\/v2\/product\/10545","targetHints":{"allow":["GET"]}}],"collection":[{"href":"https:\/\/homeproject.fr\/fr\/wp-json\/wp\/v2\/product"}],"about":[{"href":"https:\/\/homeproject.fr\/fr\/wp-json\/wp\/v2\/types\/product"}],"version-history":[{"count":1,"href":"https:\/\/homeproject.fr\/fr\/wp-json\/wp\/v2\/product\/10545\/revisions"}],"predecessor-version":[{"id":10553,"href":"https:\/\/homeproject.fr\/fr\/wp-json\/wp\/v2\/product\/10545\/revisions\/10553"}],"wp:featuredmedia":[{"embeddable":true,"href":"https:\/\/homeproject.fr\/fr\/wp-json\/wp\/v2\/media\/10549"}],"wp:attachment":[{"href":"https:\/\/homeproject.fr\/fr\/wp-json\/wp\/v2\/media?parent=10545"}],"wp:term":[{"taxonomy":"product_brand","embeddable":true,"href":"https:\/\/homeproject.fr\/fr\/wp-json\/wp\/v2\/product_brand?post=10545"},{"taxonomy":"product_cat","embeddable":true,"href":"https:\/\/homeproject.fr\/fr\/wp-json\/wp\/v2\/product_cat?post=10545"},{"taxonomy":"product_tag","embeddable":true,"href":"https:\/\/homeproject.fr\/fr\/wp-json\/wp\/v2\/product_tag?post=10545"}],"curies":[{"name":"wp","href":"https:\/\/api.w.org\/{rel}","templated":true}]}}