{"id":10397,"date":"2025-01-13T17:58:45","date_gmt":"2025-01-13T17:58:45","guid":{"rendered":"https:\/\/homeproject.fr\/fr\/?post_type=product&#038;p=10397"},"modified":"2025-01-13T19:53:31","modified_gmt":"2025-01-13T19:53:31","slug":"carrelage-aspect-pierre-living-ceramics-beren-biscuit-antiderapant-r11-90x90","status":"publish","type":"product","link":"https:\/\/homeproject.fr\/fr\/produit\/carrelage-aspect-pierre-living-ceramics-beren-biscuit-antiderapant-r11-90x90\/","title":{"rendered":"Carrelage aspect pierre Living Ceramics BEREN BISCUIT Antid\u00e9rapant R11 90&#215;90"},"content":{"rendered":"<p><strong><a href=\"https:\/\/homeproject.fr\/fr\/produit\/echantillon-carrelage-living-ceramics-beren-biscuit-antiderapant-r11-c\/\">Commander un \u00e9chantillon<\/a><\/strong><\/p>\n<div class=\"flex max-w-full flex-col flex-grow\">\n<div class=\"min-h-8 text-message flex w-full flex-col items-end gap-2 whitespace-normal break-words text-start [.text-message+&]:mt-5\" dir=\"auto\" data-message-author-role=\"assistant\" data-message-id=\"177b51f5-f375-40d1-b1f2-14d0512c3558\" data-message-model-slug=\"gpt-4o\">\n<div class=\"flex w-full flex-col gap-1 empty:hidden first:pt-[3px]\">\n<div class=\"markdown prose w-full break-words dark:prose-invert light\">\n<h3>Points forts :<\/h3>\n<ul>\n<li><strong>Couleur chaleureuse<\/strong>\u00a0: Une teinte biscuit douce et naturelle, parfaite pour apporter luminosit\u00e9 et convivialit\u00e9 \u00e0 vos espaces.<\/li>\n<li><strong>Format carr\u00e9 90\u00d790 cm<\/strong> : Id\u00e9al pour cr\u00e9er une harmonie visuelle parfaite, adapt\u00e9 aux grands et moyens espaces.<\/li>\n<li><strong>Surface antid\u00e9rapante<\/strong> : Class\u00e9 <strong>R11<\/strong>, ce carrelage garantit une s\u00e9curit\u00e9 optimale, m\u00eame dans les zones humides comme les terrasses, piscines et douches.<\/li>\n<li><strong>R\u00e9sistance exceptionnelle<\/strong> : Fabriqu\u00e9 en c\u00e9ramique technique de haute qualit\u00e9, il offre une durabilit\u00e9 accrue face \u00e0 l\u2019usure, aux rayures et aux conditions ext\u00e9rieures.<\/li>\n<li><strong>Finition premium<\/strong> : Ses bords rectifi\u00e9s assurent des joints fins pour un rendu esth\u00e9tique irr\u00e9prochable.<\/li>\n<\/ul>\n<h3>Usages recommand\u00e9s :<\/h3>\n<ul>\n<li>Parfait pour les espaces n\u00e9cessitant une adh\u00e9rence renforc\u00e9e : terrasses non couvertes, patios, piscines, espaces commerciaux ou lieux publics.<\/li>\n<li>Convient aussi bien pour les sols que pour les murs, en int\u00e9rieur comme en ext\u00e9rieur.<\/li>\n<\/ul>\n<p>Offrez \u00e0 vos espaces un m\u00e9lange parfait de design sophistiqu\u00e9 et de s\u00e9curit\u00e9 avec le <strong>carrelage Living Ceramics Beren Biscuit 90\u00d790 Antislip<\/strong>. Disponible d\u00e8s maintenant pour sublimer vos projets d\u2019am\u00e9nagement. <strong>Commandez en ligne d\u00e8s aujourd\u2019hui sur votre plateforme pr\u00e9f\u00e9r\u00e9e !<\/strong><\/p>\n<\/div>\n<\/div>\n<\/div>\n<\/div>\n<p><strong style=\"font-family: inherit; font-size: 30px;\">Vous avez des questions ?<\/strong><\/p>\n<style id=\"wpforms-css-vars-3675\">\n\t\t\t\t#wpforms-3675 {\n\t\t\t\t\n\t\t\t}\n\t\t\t<\/style><div class=\"wpforms-container wpforms-container-full wpforms-render-modern\" id=\"wpforms-3675\"><form id=\"wpforms-form-3675\" class=\"wpforms-validate wpforms-form wpforms-ajax-form\" data-formid=\"3675\" method=\"post\" enctype=\"multipart\/form-data\" action=\"\/fr\/wp-json\/wp\/v2\/product\/10397\" data-token=\"86cfa3cd8fc4572532d762e2357ac556\" data-token-time=\"1777815193\"><noscript class=\"wpforms-error-noscript\">Veuillez activer JavaScript dans votre navigateur pour remplir ce formulaire.<\/noscript><div id=\"wpforms-error-noscript\" style=\"display: none;\">Veuillez activer JavaScript dans votre navigateur pour remplir ce formulaire.<\/div><div class=\"wpforms-field-container\">\t\t<div id=\"wpforms-3675-field_1-container\"\n\t\t\tclass=\"wpforms-field wpforms-field-text\"\n\t\t\tdata-field-type=\"text\"\n\t\t\tdata-field-id=\"1\"\n\t\t\t>\n\t\t\t<label class=\"wpforms-field-label\" for=\"wpforms-3675-field_1\" >E-mail Nom Message<\/label>\n\t\t\t<input type=\"text\" id=\"wpforms-3675-field_1\" class=\"wpforms-field-medium\" name=\"wpforms[fields][1]\" >\n\t\t<\/div>\n\t\t<div id=\"wpforms-3675-field_3-container\" class=\"wpforms-field wpforms-field-name\" data-field-id=\"3\"><fieldset><legend class=\"wpforms-field-label\">Nom <span class=\"wpforms-required-label\" aria-hidden=\"true\">*<\/span><\/legend><div class=\"wpforms-field-row wpforms-field-medium\"><div class=\"wpforms-field-row-block wpforms-first wpforms-one-half\"><input type=\"text\" id=\"wpforms-3675-field_3\" class=\"wpforms-field-name-first wpforms-field-required\" name=\"wpforms[fields][3][first]\" aria-errormessage=\"wpforms-3675-field_3-error\" required><label for=\"wpforms-3675-field_3\" class=\"wpforms-field-sublabel after\">Pr\u00e9nom<\/label><\/div><div class=\"wpforms-field-row-block wpforms-one-half\"><input type=\"text\" id=\"wpforms-3675-field_3-last\" class=\"wpforms-field-name-last wpforms-field-required\" name=\"wpforms[fields][3][last]\" aria-errormessage=\"wpforms-3675-field_3-last-error\" required><label for=\"wpforms-3675-field_3-last\" class=\"wpforms-field-sublabel after\">Nom<\/label><\/div><\/div><\/fieldset><\/div><div id=\"wpforms-3675-field_4-container\" class=\"wpforms-field wpforms-field-email\" data-field-id=\"4\"><label class=\"wpforms-field-label\" for=\"wpforms-3675-field_4\">E-mail <span class=\"wpforms-required-label\" aria-hidden=\"true\">*<\/span><\/label><input type=\"email\" id=\"wpforms-3675-field_4\" class=\"wpforms-field-medium wpforms-field-required\" name=\"wpforms[fields][4]\" spellcheck=\"false\" aria-errormessage=\"wpforms-3675-field_4-error\" required><\/div><div id=\"wpforms-3675-field_5-container\" class=\"wpforms-field wpforms-field-textarea\" data-field-id=\"5\"><label class=\"wpforms-field-label\" for=\"wpforms-3675-field_5\">Message <span class=\"wpforms-required-label\" aria-hidden=\"true\">*<\/span><\/label><textarea id=\"wpforms-3675-field_5\" class=\"wpforms-field-medium wpforms-field-required\" name=\"wpforms[fields][5]\" aria-errormessage=\"wpforms-3675-field_5-error\" required><\/textarea><\/div><script>\n\t\t\t\t( function() {\n\t\t\t\t\tconst style = document.createElement( 'style' );\n\t\t\t\t\tstyle.appendChild( document.createTextNode( '#wpforms-3675-field_1-container { position: absolute !important; overflow: hidden !important; display: inline !important; height: 1px !important; width: 1px !important; z-index: -1000 !important; padding: 0 !important; } #wpforms-3675-field_1-container input { visibility: hidden; } #wpforms-conversational-form-page #wpforms-3675-field_1-container label { counter-increment: none; }' ) );\n\t\t\t\t\tdocument.head.appendChild( style );\n\t\t\t\t\tdocument.currentScript?.remove();\n\t\t\t\t} )();\n\t\t\t<\/script><\/div><!-- .wpforms-field-container --><div class=\"wpforms-submit-container\" ><input type=\"hidden\" name=\"wpforms[id]\" value=\"3675\"><input type=\"hidden\" name=\"page_title\" value=\"\"><input type=\"hidden\" name=\"page_url\" value=\"https:\/\/homeproject.fr\/fr\/wp-json\/wp\/v2\/product\/10397\"><input type=\"hidden\" name=\"url_referer\" value=\"\"><button type=\"submit\" name=\"wpforms[submit]\" id=\"wpforms-submit-3675\" class=\"wpforms-submit\" data-alt-text=\"Envoi...\" data-submit-text=\"Envoyer\" aria-live=\"assertive\" value=\"wpforms-submit\">Envoyer<\/button><img decoding=\"async\" src=\"https:\/\/homeproject.fr\/fr\/wp-content\/plugins\/wpforms-lite\/assets\/images\/submit-spin.svg\" class=\"wpforms-submit-spinner\" style=\"display: none;\" width=\"26\" height=\"26\" alt=\"Chargement en cours\"><\/div><\/form><\/div>  <!-- .wpforms-container -->\n","protected":false},"excerpt":{"rendered":"<p>\u00c9levez le style et la s\u00e9curit\u00e9 de vos espaces avec le <strong>carrelage Living Ceramics Beren Beige 90&#215;90 Antislip<\/strong>, un choix id\u00e9al pour les amateurs de design \u00e9pur\u00e9 et de fonctionnalit\u00e9. Inspir\u00e9 des pierres calcaires portugaises, ce carrelage conjugue \u00e9l\u00e9gance contemporaine et performances techniques sup\u00e9rieures.<\/p>\n","protected":false},"featured_media":10382,"template":"","meta":{"_uf_show_specific_survey":0,"_uf_disable_surveys":false,"iawp_total_views":14},"product_brand":[],"product_cat":[20,128],"product_tag":[],"class_list":{"0":"post-10397","1":"product","2":"type-product","3":"status-publish","4":"has-post-thumbnail","6":"product_cat-carrelage","7":"product_cat-exterieur","8":"product_shipping_class-carrelage","9":"pa_collection-bera-beren-par-living-ceramics","10":"pa_dimensions-nominales-90x90","11":"pa_effet-pierre","12":"pa_epaisseur-9mm","13":"pa_marque-living-ceramics","14":"pa_materiau-gres-cerame-emaille","16":"first","17":"instock","18":"sale","19":"taxable","20":"shipping-taxable","21":"purchasable","22":"product-type-simple"},"yoast_head":"<!-- This site is optimized with the Yoast SEO plugin v27.5 - https:\/\/yoast.com\/product\/yoast-seo-wordpress\/ -->\n<title>Carrelage aspect pierre Living Ceramics BEREN BISCUIT Antid\u00e9rapant R11 90x90 - Homeproject.fr<\/title>\n<meta name=\"robots\" content=\"index, follow, max-snippet:-1, max-image-preview:large, max-video-preview:-1\" \/>\n<link rel=\"canonical\" href=\"https:\/\/homeproject.fr\/fr\/produit\/carrelage-aspect-pierre-living-ceramics-beren-biscuit-antiderapant-r11-90x90\/\" \/>\n<meta property=\"og:locale\" content=\"fr_FR\" \/>\n<meta property=\"og:type\" content=\"article\" \/>\n<meta property=\"og:title\" content=\"Carrelage aspect pierre Living Ceramics BEREN BISCUIT Antid\u00e9rapant R11 90x90 - Homeproject.fr\" \/>\n<meta property=\"og:description\" content=\"\u00c9levez le style et la s\u00e9curit\u00e9 de vos espaces avec le carrelage Living Ceramics Beren Beige 90x90 Antislip, un choix id\u00e9al pour les amateurs de design \u00e9pur\u00e9 et de fonctionnalit\u00e9. Inspir\u00e9 des pierres calcaires portugaises, ce carrelage conjugue \u00e9l\u00e9gance contemporaine et performances techniques sup\u00e9rieures.\" \/>\n<meta property=\"og:url\" content=\"https:\/\/homeproject.fr\/fr\/produit\/carrelage-aspect-pierre-living-ceramics-beren-biscuit-antiderapant-r11-90x90\/\" \/>\n<meta property=\"og:site_name\" content=\"Homeproject.fr\" \/>\n<meta property=\"article:modified_time\" content=\"2025-01-13T19:53:31+00:00\" \/>\n<meta property=\"og:image\" content=\"https:\/\/homeproject.fr\/fr\/wp-content\/uploads\/2025\/01\/Carrelage-aspect-pierre-beige-Living-Ceramics-Beren-Biscuit.jpg\" \/>\n\t<meta property=\"og:image:width\" content=\"1500\" \/>\n\t<meta property=\"og:image:height\" content=\"1500\" \/>\n\t<meta property=\"og:image:type\" content=\"image\/jpeg\" \/>\n<meta name=\"twitter:card\" content=\"summary_large_image\" \/>\n<meta name=\"twitter:label1\" content=\"Dur\u00e9e de lecture estim\u00e9e\" \/>\n\t<meta name=\"twitter:data1\" content=\"2 minutes\" \/>\n<script type=\"application\/ld+json\" class=\"yoast-schema-graph\">{\"@context\":\"https:\\\/\\\/schema.org\",\"@graph\":[{\"@type\":\"WebPage\",\"@id\":\"https:\\\/\\\/homeproject.fr\\\/fr\\\/produit\\\/carrelage-aspect-pierre-living-ceramics-beren-biscuit-antiderapant-r11-90x90\\\/\",\"url\":\"https:\\\/\\\/homeproject.fr\\\/fr\\\/produit\\\/carrelage-aspect-pierre-living-ceramics-beren-biscuit-antiderapant-r11-90x90\\\/\",\"name\":\"Carrelage aspect pierre Living Ceramics BEREN BISCUIT Antid\u00e9rapant R11 90x90 - Homeproject.fr\",\"isPartOf\":{\"@id\":\"https:\\\/\\\/homeproject.fr\\\/fr\\\/#website\"},\"primaryImageOfPage\":{\"@id\":\"https:\\\/\\\/homeproject.fr\\\/fr\\\/produit\\\/carrelage-aspect-pierre-living-ceramics-beren-biscuit-antiderapant-r11-90x90\\\/#primaryimage\"},\"image\":{\"@id\":\"https:\\\/\\\/homeproject.fr\\\/fr\\\/produit\\\/carrelage-aspect-pierre-living-ceramics-beren-biscuit-antiderapant-r11-90x90\\\/#primaryimage\"},\"thumbnailUrl\":\"https:\\\/\\\/homeproject.fr\\\/fr\\\/wp-content\\\/uploads\\\/2025\\\/01\\\/Carrelage-aspect-pierre-beige-Living-Ceramics-Beren-Biscuit.jpg\",\"datePublished\":\"2025-01-13T17:58:45+00:00\",\"dateModified\":\"2025-01-13T19:53:31+00:00\",\"breadcrumb\":{\"@id\":\"https:\\\/\\\/homeproject.fr\\\/fr\\\/produit\\\/carrelage-aspect-pierre-living-ceramics-beren-biscuit-antiderapant-r11-90x90\\\/#breadcrumb\"},\"inLanguage\":\"fr-FR\",\"potentialAction\":[{\"@type\":\"ReadAction\",\"target\":[\"https:\\\/\\\/homeproject.fr\\\/fr\\\/produit\\\/carrelage-aspect-pierre-living-ceramics-beren-biscuit-antiderapant-r11-90x90\\\/\"]}]},{\"@type\":\"ImageObject\",\"inLanguage\":\"fr-FR\",\"@id\":\"https:\\\/\\\/homeproject.fr\\\/fr\\\/produit\\\/carrelage-aspect-pierre-living-ceramics-beren-biscuit-antiderapant-r11-90x90\\\/#primaryimage\",\"url\":\"https:\\\/\\\/homeproject.fr\\\/fr\\\/wp-content\\\/uploads\\\/2025\\\/01\\\/Carrelage-aspect-pierre-beige-Living-Ceramics-Beren-Biscuit.jpg\",\"contentUrl\":\"https:\\\/\\\/homeproject.fr\\\/fr\\\/wp-content\\\/uploads\\\/2025\\\/01\\\/Carrelage-aspect-pierre-beige-Living-Ceramics-Beren-Biscuit.jpg\",\"width\":1500,\"height\":1500},{\"@type\":\"BreadcrumbList\",\"@id\":\"https:\\\/\\\/homeproject.fr\\\/fr\\\/produit\\\/carrelage-aspect-pierre-living-ceramics-beren-biscuit-antiderapant-r11-90x90\\\/#breadcrumb\",\"itemListElement\":[{\"@type\":\"ListItem\",\"position\":1,\"name\":\"Accueil\",\"item\":\"https:\\\/\\\/homeproject.fr\\\/fr\\\/\"},{\"@type\":\"ListItem\",\"position\":2,\"name\":\"Boutique\",\"item\":\"https:\\\/\\\/homeproject.fr\\\/fr\\\/boutique\\\/\"},{\"@type\":\"ListItem\",\"position\":3,\"name\":\"Carrelage aspect pierre Living Ceramics BEREN BISCUIT Antid\u00e9rapant R11 90&#215;90\"}]},{\"@type\":\"WebSite\",\"@id\":\"https:\\\/\\\/homeproject.fr\\\/fr\\\/#website\",\"url\":\"https:\\\/\\\/homeproject.fr\\\/fr\\\/\",\"name\":\"Homeproject.fr\",\"description\":\"Offrez l&#039;exceptionnel \u00e0 vos espaces \u00e0 vivre\",\"publisher\":{\"@id\":\"https:\\\/\\\/homeproject.fr\\\/fr\\\/#organization\"},\"potentialAction\":[{\"@type\":\"SearchAction\",\"target\":{\"@type\":\"EntryPoint\",\"urlTemplate\":\"https:\\\/\\\/homeproject.fr\\\/fr\\\/?s={search_term_string}\"},\"query-input\":{\"@type\":\"PropertyValueSpecification\",\"valueRequired\":true,\"valueName\":\"search_term_string\"}}],\"inLanguage\":\"fr-FR\"},{\"@type\":\"Organization\",\"@id\":\"https:\\\/\\\/homeproject.fr\\\/fr\\\/#organization\",\"name\":\"Homeproject.fr\",\"url\":\"https:\\\/\\\/homeproject.fr\\\/fr\\\/\",\"logo\":{\"@type\":\"ImageObject\",\"inLanguage\":\"fr-FR\",\"@id\":\"https:\\\/\\\/homeproject.fr\\\/fr\\\/#\\\/schema\\\/logo\\\/image\\\/\",\"url\":\"https:\\\/\\\/homeproject.fr\\\/fr\\\/wp-content\\\/uploads\\\/2024\\\/12\\\/Logo_HomeProject-noir-2.png\",\"contentUrl\":\"https:\\\/\\\/homeproject.fr\\\/fr\\\/wp-content\\\/uploads\\\/2024\\\/12\\\/Logo_HomeProject-noir-2.png\",\"width\":300,\"height\":91,\"caption\":\"Homeproject.fr\"},\"image\":{\"@id\":\"https:\\\/\\\/homeproject.fr\\\/fr\\\/#\\\/schema\\\/logo\\\/image\\\/\"}}]}<\/script>\n<!-- \/ Yoast SEO plugin. -->","yoast_head_json":{"title":"Carrelage aspect pierre Living Ceramics BEREN BISCUIT Antid\u00e9rapant R11 90x90 - Homeproject.fr","robots":{"index":"index","follow":"follow","max-snippet":"max-snippet:-1","max-image-preview":"max-image-preview:large","max-video-preview":"max-video-preview:-1"},"canonical":"https:\/\/homeproject.fr\/fr\/produit\/carrelage-aspect-pierre-living-ceramics-beren-biscuit-antiderapant-r11-90x90\/","og_locale":"fr_FR","og_type":"article","og_title":"Carrelage aspect pierre Living Ceramics BEREN BISCUIT Antid\u00e9rapant R11 90x90 - Homeproject.fr","og_description":"\u00c9levez le style et la s\u00e9curit\u00e9 de vos espaces avec le carrelage Living Ceramics Beren Beige 90x90 Antislip, un choix id\u00e9al pour les amateurs de design \u00e9pur\u00e9 et de fonctionnalit\u00e9. Inspir\u00e9 des pierres calcaires portugaises, ce carrelage conjugue \u00e9l\u00e9gance contemporaine et performances techniques sup\u00e9rieures.","og_url":"https:\/\/homeproject.fr\/fr\/produit\/carrelage-aspect-pierre-living-ceramics-beren-biscuit-antiderapant-r11-90x90\/","og_site_name":"Homeproject.fr","article_modified_time":"2025-01-13T19:53:31+00:00","og_image":[{"width":1500,"height":1500,"url":"https:\/\/homeproject.fr\/fr\/wp-content\/uploads\/2025\/01\/Carrelage-aspect-pierre-beige-Living-Ceramics-Beren-Biscuit.jpg","type":"image\/jpeg"}],"twitter_card":"summary_large_image","twitter_misc":{"Dur\u00e9e de lecture estim\u00e9e":"2 minutes"},"schema":{"@context":"https:\/\/schema.org","@graph":[{"@type":"WebPage","@id":"https:\/\/homeproject.fr\/fr\/produit\/carrelage-aspect-pierre-living-ceramics-beren-biscuit-antiderapant-r11-90x90\/","url":"https:\/\/homeproject.fr\/fr\/produit\/carrelage-aspect-pierre-living-ceramics-beren-biscuit-antiderapant-r11-90x90\/","name":"Carrelage aspect pierre Living Ceramics BEREN BISCUIT Antid\u00e9rapant R11 90x90 - Homeproject.fr","isPartOf":{"@id":"https:\/\/homeproject.fr\/fr\/#website"},"primaryImageOfPage":{"@id":"https:\/\/homeproject.fr\/fr\/produit\/carrelage-aspect-pierre-living-ceramics-beren-biscuit-antiderapant-r11-90x90\/#primaryimage"},"image":{"@id":"https:\/\/homeproject.fr\/fr\/produit\/carrelage-aspect-pierre-living-ceramics-beren-biscuit-antiderapant-r11-90x90\/#primaryimage"},"thumbnailUrl":"https:\/\/homeproject.fr\/fr\/wp-content\/uploads\/2025\/01\/Carrelage-aspect-pierre-beige-Living-Ceramics-Beren-Biscuit.jpg","datePublished":"2025-01-13T17:58:45+00:00","dateModified":"2025-01-13T19:53:31+00:00","breadcrumb":{"@id":"https:\/\/homeproject.fr\/fr\/produit\/carrelage-aspect-pierre-living-ceramics-beren-biscuit-antiderapant-r11-90x90\/#breadcrumb"},"inLanguage":"fr-FR","potentialAction":[{"@type":"ReadAction","target":["https:\/\/homeproject.fr\/fr\/produit\/carrelage-aspect-pierre-living-ceramics-beren-biscuit-antiderapant-r11-90x90\/"]}]},{"@type":"ImageObject","inLanguage":"fr-FR","@id":"https:\/\/homeproject.fr\/fr\/produit\/carrelage-aspect-pierre-living-ceramics-beren-biscuit-antiderapant-r11-90x90\/#primaryimage","url":"https:\/\/homeproject.fr\/fr\/wp-content\/uploads\/2025\/01\/Carrelage-aspect-pierre-beige-Living-Ceramics-Beren-Biscuit.jpg","contentUrl":"https:\/\/homeproject.fr\/fr\/wp-content\/uploads\/2025\/01\/Carrelage-aspect-pierre-beige-Living-Ceramics-Beren-Biscuit.jpg","width":1500,"height":1500},{"@type":"BreadcrumbList","@id":"https:\/\/homeproject.fr\/fr\/produit\/carrelage-aspect-pierre-living-ceramics-beren-biscuit-antiderapant-r11-90x90\/#breadcrumb","itemListElement":[{"@type":"ListItem","position":1,"name":"Accueil","item":"https:\/\/homeproject.fr\/fr\/"},{"@type":"ListItem","position":2,"name":"Boutique","item":"https:\/\/homeproject.fr\/fr\/boutique\/"},{"@type":"ListItem","position":3,"name":"Carrelage aspect pierre Living Ceramics BEREN BISCUIT Antid\u00e9rapant R11 90&#215;90"}]},{"@type":"WebSite","@id":"https:\/\/homeproject.fr\/fr\/#website","url":"https:\/\/homeproject.fr\/fr\/","name":"Homeproject.fr","description":"Offrez l&#039;exceptionnel \u00e0 vos espaces \u00e0 vivre","publisher":{"@id":"https:\/\/homeproject.fr\/fr\/#organization"},"potentialAction":[{"@type":"SearchAction","target":{"@type":"EntryPoint","urlTemplate":"https:\/\/homeproject.fr\/fr\/?s={search_term_string}"},"query-input":{"@type":"PropertyValueSpecification","valueRequired":true,"valueName":"search_term_string"}}],"inLanguage":"fr-FR"},{"@type":"Organization","@id":"https:\/\/homeproject.fr\/fr\/#organization","name":"Homeproject.fr","url":"https:\/\/homeproject.fr\/fr\/","logo":{"@type":"ImageObject","inLanguage":"fr-FR","@id":"https:\/\/homeproject.fr\/fr\/#\/schema\/logo\/image\/","url":"https:\/\/homeproject.fr\/fr\/wp-content\/uploads\/2024\/12\/Logo_HomeProject-noir-2.png","contentUrl":"https:\/\/homeproject.fr\/fr\/wp-content\/uploads\/2024\/12\/Logo_HomeProject-noir-2.png","width":300,"height":91,"caption":"Homeproject.fr"},"image":{"@id":"https:\/\/homeproject.fr\/fr\/#\/schema\/logo\/image\/"}}]}},"_links":{"self":[{"href":"https:\/\/homeproject.fr\/fr\/wp-json\/wp\/v2\/product\/10397","targetHints":{"allow":["GET"]}}],"collection":[{"href":"https:\/\/homeproject.fr\/fr\/wp-json\/wp\/v2\/product"}],"about":[{"href":"https:\/\/homeproject.fr\/fr\/wp-json\/wp\/v2\/types\/product"}],"version-history":[{"count":1,"href":"https:\/\/homeproject.fr\/fr\/wp-json\/wp\/v2\/product\/10397\/revisions"}],"predecessor-version":[{"id":10398,"href":"https:\/\/homeproject.fr\/fr\/wp-json\/wp\/v2\/product\/10397\/revisions\/10398"}],"wp:featuredmedia":[{"embeddable":true,"href":"https:\/\/homeproject.fr\/fr\/wp-json\/wp\/v2\/media\/10382"}],"wp:attachment":[{"href":"https:\/\/homeproject.fr\/fr\/wp-json\/wp\/v2\/media?parent=10397"}],"wp:term":[{"taxonomy":"product_brand","embeddable":true,"href":"https:\/\/homeproject.fr\/fr\/wp-json\/wp\/v2\/product_brand?post=10397"},{"taxonomy":"product_cat","embeddable":true,"href":"https:\/\/homeproject.fr\/fr\/wp-json\/wp\/v2\/product_cat?post=10397"},{"taxonomy":"product_tag","embeddable":true,"href":"https:\/\/homeproject.fr\/fr\/wp-json\/wp\/v2\/product_tag?post=10397"}],"curies":[{"name":"wp","href":"https:\/\/api.w.org\/{rel}","templated":true}]}}