{"id":10395,"date":"2025-01-13T17:56:51","date_gmt":"2025-01-13T17:56:51","guid":{"rendered":"https:\/\/homeproject.fr\/fr\/?post_type=product&#038;p=10395"},"modified":"2026-05-04T16:50:32","modified_gmt":"2026-05-04T16:50:32","slug":"carrelage-aspect-pierre-living-ceramics-beren-biscuit-antiderapant-r11-60x120","status":"publish","type":"product","link":"https:\/\/homeproject.fr\/fr\/produit\/carrelage-aspect-pierre-living-ceramics-beren-biscuit-antiderapant-r11-60x120\/","title":{"rendered":"Carrelage aspect pierre Living Ceramics BEREN BISCUIT Antid\u00e9rapant R11 60&#215;120"},"content":{"rendered":"<p><strong><a href=\"https:\/\/homeproject.fr\/fr\/produit\/echantillon-carrelage-living-ceramics-beren-biscuit-antiderapant-r11-c\/\">Commander un \u00e9chantillon<\/a><\/strong><\/p>\n<div class=\"flex max-w-full flex-col flex-grow\">\n<div class=\"min-h-8 text-message flex w-full flex-col items-end gap-2 whitespace-normal break-words text-start [.text-message+&]:mt-5\" dir=\"auto\" data-message-author-role=\"assistant\" data-message-id=\"80395eaf-b71a-4d73-bbe8-ffe058431a46\" data-message-model-slug=\"gpt-4o\">\n<div class=\"flex w-full flex-col gap-1 empty:hidden first:pt-[3px]\">\n<div class=\"markdown prose w-full break-words dark:prose-invert light\">\n<h3>Points forts :<\/h3>\n<ul>\n<li><strong>Couleur chaleureuse<\/strong>\u00a0: Une teinte biscuit douce et naturelle, parfaite pour apporter luminosit\u00e9 et convivialit\u00e9 \u00e0 vos espaces.<\/li>\n<li><strong>Dimensions 60\u00d7120 cm<\/strong> : Un format rectangulaire polyvalent, id\u00e9al pour les sols et murs, permettant des motifs \u00e9l\u00e9gants et harmonieux.<\/li>\n<li><strong>Propri\u00e9t\u00e9s antid\u00e9rapantes<\/strong> : Class\u00e9 <strong>R11<\/strong>, il garantit une s\u00e9curit\u00e9 optimale dans les zones humides telles que les terrasses non couvertes, patios et piscines.<\/li>\n<li><strong>Durabilit\u00e9 exceptionnelle<\/strong> : Fabriqu\u00e9 en c\u00e9ramique technique, il est r\u00e9sistant \u00e0 l\u2019usure, aux rayures et aux contraintes ext\u00e9rieures, m\u00eame dans les environnements les plus exigeants.<\/li>\n<li><strong>Installation facilit\u00e9e<\/strong> : Gr\u00e2ce \u00e0 ses bords rectifi\u00e9s, il permet des joints fins pour un rendu esth\u00e9tique impeccable.<\/li>\n<\/ul>\n<h3>Applications recommand\u00e9es :<\/h3>\n<ul>\n<li>Parfait pour les zones n\u00e9cessitant une adh\u00e9rence renforc\u00e9e, comme les douches, terrasses ext\u00e9rieures, patios ou espaces publics.<\/li>\n<li>Compatible avec des projets r\u00e9sidentiels ou commerciaux gr\u00e2ce \u00e0 sa robustesse et son design intemporel.<\/li>\n<\/ul>\n<p>Ajoutez une touche de sophistication et de s\u00e9curit\u00e9 \u00e0 vos espaces avec le <strong>Living Ceramics Beren Biscuit 60\u00d7120 Antislip<\/strong>. Disponible d\u00e8s maintenant pour sublimer vos projets d\u2019am\u00e9nagement int\u00e9rieur et ext\u00e9rieur. <strong>Commandez en ligne d\u00e8s aujourd\u2019hui !<\/strong><\/p>\n<\/div>\n<\/div>\n<\/div>\n<\/div>\n<div class=\"mt-3 w-full empty:hidden\">\n<div class=\"text-center\">\n<div class=\"mx-auto\">\n<div>\n<div class=\"inline-flex rounded-xl border border-gray-100 dark:border-gray-700\">\n<div class=\"flex items-center justify-center gap-4 px-4 py-3 text-sm text-token-text-secondary\"><\/div>\n<\/div>\n<\/div>\n<\/div>\n<\/div>\n<\/div>\n<p><strong style=\"font-family: inherit; font-size: 30px;\">Vous avez des questions ?<\/strong><\/p>\n<style id=\"wpforms-css-vars-3675\">\n\t\t\t\t#wpforms-3675 {\n\t\t\t\t\n\t\t\t}\n\t\t\t<\/style><div class=\"wpforms-container wpforms-container-full wpforms-render-modern\" id=\"wpforms-3675\"><form id=\"wpforms-form-3675\" class=\"wpforms-validate wpforms-form wpforms-ajax-form\" data-formid=\"3675\" method=\"post\" enctype=\"multipart\/form-data\" action=\"\/fr\/wp-json\/wp\/v2\/product\/10395\" data-token=\"40ada6e9151c970e4278e2da3e5409c5\" data-token-time=\"1777922963\"><noscript class=\"wpforms-error-noscript\">Veuillez activer JavaScript dans votre navigateur pour remplir ce formulaire.<\/noscript><div id=\"wpforms-error-noscript\" style=\"display: none;\">Veuillez activer JavaScript dans votre navigateur pour remplir ce formulaire.<\/div><div class=\"wpforms-field-container\"><div id=\"wpforms-3675-field_3-container\" class=\"wpforms-field wpforms-field-name\" data-field-id=\"3\"><fieldset><legend class=\"wpforms-field-label\">Nom <span class=\"wpforms-required-label\" aria-hidden=\"true\">*<\/span><\/legend><div class=\"wpforms-field-row wpforms-field-medium\"><div class=\"wpforms-field-row-block wpforms-first wpforms-one-half\"><input type=\"text\" id=\"wpforms-3675-field_3\" class=\"wpforms-field-name-first wpforms-field-required\" name=\"wpforms[fields][3][first]\" aria-errormessage=\"wpforms-3675-field_3-error\" required><label for=\"wpforms-3675-field_3\" class=\"wpforms-field-sublabel after\">Pr\u00e9nom<\/label><\/div><div class=\"wpforms-field-row-block wpforms-one-half\"><input type=\"text\" id=\"wpforms-3675-field_3-last\" class=\"wpforms-field-name-last wpforms-field-required\" name=\"wpforms[fields][3][last]\" aria-errormessage=\"wpforms-3675-field_3-last-error\" required><label for=\"wpforms-3675-field_3-last\" class=\"wpforms-field-sublabel after\">Nom<\/label><\/div><\/div><\/fieldset><\/div>\t\t<div id=\"wpforms-3675-field_1-container\"\n\t\t\tclass=\"wpforms-field wpforms-field-text\"\n\t\t\tdata-field-type=\"text\"\n\t\t\tdata-field-id=\"1\"\n\t\t\t>\n\t\t\t<label class=\"wpforms-field-label\" for=\"wpforms-3675-field_1\" >Message E-mail Nom<\/label>\n\t\t\t<input type=\"text\" id=\"wpforms-3675-field_1\" class=\"wpforms-field-medium\" name=\"wpforms[fields][1]\" >\n\t\t<\/div>\n\t\t<div id=\"wpforms-3675-field_4-container\" class=\"wpforms-field wpforms-field-email\" data-field-id=\"4\"><label class=\"wpforms-field-label\" for=\"wpforms-3675-field_4\">E-mail <span class=\"wpforms-required-label\" aria-hidden=\"true\">*<\/span><\/label><input type=\"email\" id=\"wpforms-3675-field_4\" class=\"wpforms-field-medium wpforms-field-required\" name=\"wpforms[fields][4]\" spellcheck=\"false\" aria-errormessage=\"wpforms-3675-field_4-error\" required><\/div><div id=\"wpforms-3675-field_5-container\" class=\"wpforms-field wpforms-field-textarea\" data-field-id=\"5\"><label class=\"wpforms-field-label\" for=\"wpforms-3675-field_5\">Message <span class=\"wpforms-required-label\" aria-hidden=\"true\">*<\/span><\/label><textarea id=\"wpforms-3675-field_5\" class=\"wpforms-field-medium wpforms-field-required\" name=\"wpforms[fields][5]\" aria-errormessage=\"wpforms-3675-field_5-error\" required><\/textarea><\/div><script>\n\t\t\t\t( function() {\n\t\t\t\t\tconst style = document.createElement( 'style' );\n\t\t\t\t\tstyle.appendChild( document.createTextNode( '#wpforms-3675-field_1-container { position: absolute !important; overflow: hidden !important; display: inline !important; height: 1px !important; width: 1px !important; z-index: -1000 !important; padding: 0 !important; } #wpforms-3675-field_1-container input { visibility: hidden; } #wpforms-conversational-form-page #wpforms-3675-field_1-container label { counter-increment: none; }' ) );\n\t\t\t\t\tdocument.head.appendChild( style );\n\t\t\t\t\tdocument.currentScript?.remove();\n\t\t\t\t} )();\n\t\t\t<\/script><\/div><!-- .wpforms-field-container --><div class=\"wpforms-submit-container\" ><input type=\"hidden\" name=\"wpforms[id]\" value=\"3675\"><input type=\"hidden\" name=\"page_title\" value=\"\"><input type=\"hidden\" name=\"page_url\" value=\"https:\/\/homeproject.fr\/fr\/wp-json\/wp\/v2\/product\/10395\"><input type=\"hidden\" name=\"url_referer\" value=\"\"><button type=\"submit\" name=\"wpforms[submit]\" id=\"wpforms-submit-3675\" class=\"wpforms-submit\" data-alt-text=\"Envoi...\" data-submit-text=\"Envoyer\" aria-live=\"assertive\" value=\"wpforms-submit\">Envoyer<\/button><img decoding=\"async\" src=\"https:\/\/homeproject.fr\/fr\/wp-content\/plugins\/wpforms-lite\/assets\/images\/submit-spin.svg\" class=\"wpforms-submit-spinner\" style=\"display: none;\" width=\"26\" height=\"26\" alt=\"Chargement en cours\"><\/div><\/form><\/div>  <!-- .wpforms-container -->\n","protected":false},"excerpt":{"rendered":"<p>D\u00e9couvrez le <strong>carrelage Living Ceramics Beren Biscuit 60&#215;120 Antislip<\/strong>, l\u2019alliance parfaite entre design \u00e9pur\u00e9 et fonctionnalit\u00e9 avanc\u00e9e. Inspir\u00e9 des pierres calcaires naturelles, ce carrelage combine \u00e9l\u00e9gance intemporelle et performances techniques, id\u00e9al pour vos projets d\u2019am\u00e9nagement int\u00e9rieur et ext\u00e9rieur.<\/p>\n","protected":false},"featured_media":10389,"template":"","meta":{"_uf_show_specific_survey":0,"_uf_disable_surveys":false,"iawp_total_views":12},"product_brand":[693],"product_cat":[20,128],"product_tag":[],"class_list":{"0":"post-10395","1":"product","2":"type-product","3":"status-publish","4":"has-post-thumbnail","6":"product_brand-living-ceramics","7":"product_cat-carrelage","8":"product_cat-exterieur","9":"product_shipping_class-carrelage","10":"pa_collection-bera-beren-par-living-ceramics","11":"pa_dimensions-nominales-60x120","12":"pa_effet-pierre","13":"pa_epaisseur-9mm","14":"pa_marque-living-ceramics","15":"pa_materiau-gres-cerame-emaille","17":"first","18":"instock","19":"sale","20":"taxable","21":"shipping-taxable","22":"purchasable","23":"product-type-simple"},"yoast_head":"<!-- This site is optimized with the Yoast SEO plugin v27.5 - https:\/\/yoast.com\/product\/yoast-seo-wordpress\/ -->\n<title>Carrelage aspect pierre Living Ceramics BEREN BISCUIT Antid\u00e9rapant R11 60x120 - Homeproject.fr<\/title>\n<meta name=\"robots\" content=\"index, follow, max-snippet:-1, max-image-preview:large, max-video-preview:-1\" \/>\n<link rel=\"canonical\" href=\"https:\/\/homeproject.fr\/fr\/produit\/carrelage-aspect-pierre-living-ceramics-beren-biscuit-antiderapant-r11-60x120\/\" \/>\n<meta property=\"og:locale\" content=\"fr_FR\" \/>\n<meta property=\"og:type\" content=\"article\" \/>\n<meta property=\"og:title\" content=\"Carrelage aspect pierre Living Ceramics BEREN BISCUIT Antid\u00e9rapant R11 60x120 - Homeproject.fr\" \/>\n<meta property=\"og:description\" content=\"D\u00e9couvrez le carrelage Living Ceramics Beren Biscuit 60x120 Antislip, l\u2019alliance parfaite entre design \u00e9pur\u00e9 et fonctionnalit\u00e9 avanc\u00e9e. Inspir\u00e9 des pierres calcaires naturelles, ce carrelage combine \u00e9l\u00e9gance intemporelle et performances techniques, id\u00e9al pour vos projets d\u2019am\u00e9nagement int\u00e9rieur et ext\u00e9rieur.\" \/>\n<meta property=\"og:url\" content=\"https:\/\/homeproject.fr\/fr\/produit\/carrelage-aspect-pierre-living-ceramics-beren-biscuit-antiderapant-r11-60x120\/\" \/>\n<meta property=\"og:site_name\" content=\"Homeproject.fr\" \/>\n<meta property=\"article:modified_time\" content=\"2026-05-04T16:50:32+00:00\" \/>\n<meta property=\"og:image\" content=\"https:\/\/homeproject.fr\/fr\/wp-content\/uploads\/2025\/01\/Carrelage-aspect-pierre-beige-Living-Ceramics-Beren-Biscuit-60x120-1.jpg\" \/>\n\t<meta property=\"og:image:width\" content=\"1500\" \/>\n\t<meta property=\"og:image:height\" content=\"1500\" \/>\n\t<meta property=\"og:image:type\" content=\"image\/jpeg\" \/>\n<meta name=\"twitter:card\" content=\"summary_large_image\" \/>\n<meta name=\"twitter:label1\" content=\"Dur\u00e9e de lecture estim\u00e9e\" \/>\n\t<meta name=\"twitter:data1\" content=\"2 minutes\" \/>\n<script type=\"application\/ld+json\" class=\"yoast-schema-graph\">{\"@context\":\"https:\\\/\\\/schema.org\",\"@graph\":[{\"@type\":\"WebPage\",\"@id\":\"https:\\\/\\\/homeproject.fr\\\/fr\\\/produit\\\/carrelage-aspect-pierre-living-ceramics-beren-biscuit-antiderapant-r11-60x120\\\/\",\"url\":\"https:\\\/\\\/homeproject.fr\\\/fr\\\/produit\\\/carrelage-aspect-pierre-living-ceramics-beren-biscuit-antiderapant-r11-60x120\\\/\",\"name\":\"Carrelage aspect pierre Living Ceramics BEREN BISCUIT Antid\u00e9rapant R11 60x120 - Homeproject.fr\",\"isPartOf\":{\"@id\":\"https:\\\/\\\/homeproject.fr\\\/fr\\\/#website\"},\"primaryImageOfPage\":{\"@id\":\"https:\\\/\\\/homeproject.fr\\\/fr\\\/produit\\\/carrelage-aspect-pierre-living-ceramics-beren-biscuit-antiderapant-r11-60x120\\\/#primaryimage\"},\"image\":{\"@id\":\"https:\\\/\\\/homeproject.fr\\\/fr\\\/produit\\\/carrelage-aspect-pierre-living-ceramics-beren-biscuit-antiderapant-r11-60x120\\\/#primaryimage\"},\"thumbnailUrl\":\"https:\\\/\\\/homeproject.fr\\\/fr\\\/wp-content\\\/uploads\\\/2025\\\/01\\\/Carrelage-aspect-pierre-beige-Living-Ceramics-Beren-Biscuit-60x120-1.jpg\",\"datePublished\":\"2025-01-13T17:56:51+00:00\",\"dateModified\":\"2026-05-04T16:50:32+00:00\",\"breadcrumb\":{\"@id\":\"https:\\\/\\\/homeproject.fr\\\/fr\\\/produit\\\/carrelage-aspect-pierre-living-ceramics-beren-biscuit-antiderapant-r11-60x120\\\/#breadcrumb\"},\"inLanguage\":\"fr-FR\",\"potentialAction\":[{\"@type\":\"ReadAction\",\"target\":[\"https:\\\/\\\/homeproject.fr\\\/fr\\\/produit\\\/carrelage-aspect-pierre-living-ceramics-beren-biscuit-antiderapant-r11-60x120\\\/\"]}]},{\"@type\":\"ImageObject\",\"inLanguage\":\"fr-FR\",\"@id\":\"https:\\\/\\\/homeproject.fr\\\/fr\\\/produit\\\/carrelage-aspect-pierre-living-ceramics-beren-biscuit-antiderapant-r11-60x120\\\/#primaryimage\",\"url\":\"https:\\\/\\\/homeproject.fr\\\/fr\\\/wp-content\\\/uploads\\\/2025\\\/01\\\/Carrelage-aspect-pierre-beige-Living-Ceramics-Beren-Biscuit-60x120-1.jpg\",\"contentUrl\":\"https:\\\/\\\/homeproject.fr\\\/fr\\\/wp-content\\\/uploads\\\/2025\\\/01\\\/Carrelage-aspect-pierre-beige-Living-Ceramics-Beren-Biscuit-60x120-1.jpg\",\"width\":1500,\"height\":1500},{\"@type\":\"BreadcrumbList\",\"@id\":\"https:\\\/\\\/homeproject.fr\\\/fr\\\/produit\\\/carrelage-aspect-pierre-living-ceramics-beren-biscuit-antiderapant-r11-60x120\\\/#breadcrumb\",\"itemListElement\":[{\"@type\":\"ListItem\",\"position\":1,\"name\":\"Accueil\",\"item\":\"https:\\\/\\\/homeproject.fr\\\/fr\\\/\"},{\"@type\":\"ListItem\",\"position\":2,\"name\":\"Boutique\",\"item\":\"https:\\\/\\\/homeproject.fr\\\/fr\\\/boutique\\\/\"},{\"@type\":\"ListItem\",\"position\":3,\"name\":\"Carrelage aspect pierre Living Ceramics BEREN BISCUIT Antid\u00e9rapant R11 60&#215;120\"}]},{\"@type\":\"WebSite\",\"@id\":\"https:\\\/\\\/homeproject.fr\\\/fr\\\/#website\",\"url\":\"https:\\\/\\\/homeproject.fr\\\/fr\\\/\",\"name\":\"Homeproject.fr\",\"description\":\"Offrez l&#039;exceptionnel \u00e0 vos espaces \u00e0 vivre\",\"publisher\":{\"@id\":\"https:\\\/\\\/homeproject.fr\\\/fr\\\/#organization\"},\"potentialAction\":[{\"@type\":\"SearchAction\",\"target\":{\"@type\":\"EntryPoint\",\"urlTemplate\":\"https:\\\/\\\/homeproject.fr\\\/fr\\\/?s={search_term_string}\"},\"query-input\":{\"@type\":\"PropertyValueSpecification\",\"valueRequired\":true,\"valueName\":\"search_term_string\"}}],\"inLanguage\":\"fr-FR\"},{\"@type\":\"Organization\",\"@id\":\"https:\\\/\\\/homeproject.fr\\\/fr\\\/#organization\",\"name\":\"Homeproject.fr\",\"url\":\"https:\\\/\\\/homeproject.fr\\\/fr\\\/\",\"logo\":{\"@type\":\"ImageObject\",\"inLanguage\":\"fr-FR\",\"@id\":\"https:\\\/\\\/homeproject.fr\\\/fr\\\/#\\\/schema\\\/logo\\\/image\\\/\",\"url\":\"https:\\\/\\\/homeproject.fr\\\/fr\\\/wp-content\\\/uploads\\\/2024\\\/12\\\/Logo_HomeProject-noir-2.png\",\"contentUrl\":\"https:\\\/\\\/homeproject.fr\\\/fr\\\/wp-content\\\/uploads\\\/2024\\\/12\\\/Logo_HomeProject-noir-2.png\",\"width\":300,\"height\":91,\"caption\":\"Homeproject.fr\"},\"image\":{\"@id\":\"https:\\\/\\\/homeproject.fr\\\/fr\\\/#\\\/schema\\\/logo\\\/image\\\/\"}}]}<\/script>\n<!-- \/ Yoast SEO plugin. -->","yoast_head_json":{"title":"Carrelage aspect pierre Living Ceramics BEREN BISCUIT Antid\u00e9rapant R11 60x120 - Homeproject.fr","robots":{"index":"index","follow":"follow","max-snippet":"max-snippet:-1","max-image-preview":"max-image-preview:large","max-video-preview":"max-video-preview:-1"},"canonical":"https:\/\/homeproject.fr\/fr\/produit\/carrelage-aspect-pierre-living-ceramics-beren-biscuit-antiderapant-r11-60x120\/","og_locale":"fr_FR","og_type":"article","og_title":"Carrelage aspect pierre Living Ceramics BEREN BISCUIT Antid\u00e9rapant R11 60x120 - Homeproject.fr","og_description":"D\u00e9couvrez le carrelage Living Ceramics Beren Biscuit 60x120 Antislip, l\u2019alliance parfaite entre design \u00e9pur\u00e9 et fonctionnalit\u00e9 avanc\u00e9e. Inspir\u00e9 des pierres calcaires naturelles, ce carrelage combine \u00e9l\u00e9gance intemporelle et performances techniques, id\u00e9al pour vos projets d\u2019am\u00e9nagement int\u00e9rieur et ext\u00e9rieur.","og_url":"https:\/\/homeproject.fr\/fr\/produit\/carrelage-aspect-pierre-living-ceramics-beren-biscuit-antiderapant-r11-60x120\/","og_site_name":"Homeproject.fr","article_modified_time":"2026-05-04T16:50:32+00:00","og_image":[{"width":1500,"height":1500,"url":"https:\/\/homeproject.fr\/fr\/wp-content\/uploads\/2025\/01\/Carrelage-aspect-pierre-beige-Living-Ceramics-Beren-Biscuit-60x120-1.jpg","type":"image\/jpeg"}],"twitter_card":"summary_large_image","twitter_misc":{"Dur\u00e9e de lecture estim\u00e9e":"2 minutes"},"schema":{"@context":"https:\/\/schema.org","@graph":[{"@type":"WebPage","@id":"https:\/\/homeproject.fr\/fr\/produit\/carrelage-aspect-pierre-living-ceramics-beren-biscuit-antiderapant-r11-60x120\/","url":"https:\/\/homeproject.fr\/fr\/produit\/carrelage-aspect-pierre-living-ceramics-beren-biscuit-antiderapant-r11-60x120\/","name":"Carrelage aspect pierre Living Ceramics BEREN BISCUIT Antid\u00e9rapant R11 60x120 - Homeproject.fr","isPartOf":{"@id":"https:\/\/homeproject.fr\/fr\/#website"},"primaryImageOfPage":{"@id":"https:\/\/homeproject.fr\/fr\/produit\/carrelage-aspect-pierre-living-ceramics-beren-biscuit-antiderapant-r11-60x120\/#primaryimage"},"image":{"@id":"https:\/\/homeproject.fr\/fr\/produit\/carrelage-aspect-pierre-living-ceramics-beren-biscuit-antiderapant-r11-60x120\/#primaryimage"},"thumbnailUrl":"https:\/\/homeproject.fr\/fr\/wp-content\/uploads\/2025\/01\/Carrelage-aspect-pierre-beige-Living-Ceramics-Beren-Biscuit-60x120-1.jpg","datePublished":"2025-01-13T17:56:51+00:00","dateModified":"2026-05-04T16:50:32+00:00","breadcrumb":{"@id":"https:\/\/homeproject.fr\/fr\/produit\/carrelage-aspect-pierre-living-ceramics-beren-biscuit-antiderapant-r11-60x120\/#breadcrumb"},"inLanguage":"fr-FR","potentialAction":[{"@type":"ReadAction","target":["https:\/\/homeproject.fr\/fr\/produit\/carrelage-aspect-pierre-living-ceramics-beren-biscuit-antiderapant-r11-60x120\/"]}]},{"@type":"ImageObject","inLanguage":"fr-FR","@id":"https:\/\/homeproject.fr\/fr\/produit\/carrelage-aspect-pierre-living-ceramics-beren-biscuit-antiderapant-r11-60x120\/#primaryimage","url":"https:\/\/homeproject.fr\/fr\/wp-content\/uploads\/2025\/01\/Carrelage-aspect-pierre-beige-Living-Ceramics-Beren-Biscuit-60x120-1.jpg","contentUrl":"https:\/\/homeproject.fr\/fr\/wp-content\/uploads\/2025\/01\/Carrelage-aspect-pierre-beige-Living-Ceramics-Beren-Biscuit-60x120-1.jpg","width":1500,"height":1500},{"@type":"BreadcrumbList","@id":"https:\/\/homeproject.fr\/fr\/produit\/carrelage-aspect-pierre-living-ceramics-beren-biscuit-antiderapant-r11-60x120\/#breadcrumb","itemListElement":[{"@type":"ListItem","position":1,"name":"Accueil","item":"https:\/\/homeproject.fr\/fr\/"},{"@type":"ListItem","position":2,"name":"Boutique","item":"https:\/\/homeproject.fr\/fr\/boutique\/"},{"@type":"ListItem","position":3,"name":"Carrelage aspect pierre Living Ceramics BEREN BISCUIT Antid\u00e9rapant R11 60&#215;120"}]},{"@type":"WebSite","@id":"https:\/\/homeproject.fr\/fr\/#website","url":"https:\/\/homeproject.fr\/fr\/","name":"Homeproject.fr","description":"Offrez l&#039;exceptionnel \u00e0 vos espaces \u00e0 vivre","publisher":{"@id":"https:\/\/homeproject.fr\/fr\/#organization"},"potentialAction":[{"@type":"SearchAction","target":{"@type":"EntryPoint","urlTemplate":"https:\/\/homeproject.fr\/fr\/?s={search_term_string}"},"query-input":{"@type":"PropertyValueSpecification","valueRequired":true,"valueName":"search_term_string"}}],"inLanguage":"fr-FR"},{"@type":"Organization","@id":"https:\/\/homeproject.fr\/fr\/#organization","name":"Homeproject.fr","url":"https:\/\/homeproject.fr\/fr\/","logo":{"@type":"ImageObject","inLanguage":"fr-FR","@id":"https:\/\/homeproject.fr\/fr\/#\/schema\/logo\/image\/","url":"https:\/\/homeproject.fr\/fr\/wp-content\/uploads\/2024\/12\/Logo_HomeProject-noir-2.png","contentUrl":"https:\/\/homeproject.fr\/fr\/wp-content\/uploads\/2024\/12\/Logo_HomeProject-noir-2.png","width":300,"height":91,"caption":"Homeproject.fr"},"image":{"@id":"https:\/\/homeproject.fr\/fr\/#\/schema\/logo\/image\/"}}]}},"_links":{"self":[{"href":"https:\/\/homeproject.fr\/fr\/wp-json\/wp\/v2\/product\/10395","targetHints":{"allow":["GET"]}}],"collection":[{"href":"https:\/\/homeproject.fr\/fr\/wp-json\/wp\/v2\/product"}],"about":[{"href":"https:\/\/homeproject.fr\/fr\/wp-json\/wp\/v2\/types\/product"}],"version-history":[{"count":1,"href":"https:\/\/homeproject.fr\/fr\/wp-json\/wp\/v2\/product\/10395\/revisions"}],"predecessor-version":[{"id":10396,"href":"https:\/\/homeproject.fr\/fr\/wp-json\/wp\/v2\/product\/10395\/revisions\/10396"}],"wp:featuredmedia":[{"embeddable":true,"href":"https:\/\/homeproject.fr\/fr\/wp-json\/wp\/v2\/media\/10389"}],"wp:attachment":[{"href":"https:\/\/homeproject.fr\/fr\/wp-json\/wp\/v2\/media?parent=10395"}],"wp:term":[{"taxonomy":"product_brand","embeddable":true,"href":"https:\/\/homeproject.fr\/fr\/wp-json\/wp\/v2\/product_brand?post=10395"},{"taxonomy":"product_cat","embeddable":true,"href":"https:\/\/homeproject.fr\/fr\/wp-json\/wp\/v2\/product_cat?post=10395"},{"taxonomy":"product_tag","embeddable":true,"href":"https:\/\/homeproject.fr\/fr\/wp-json\/wp\/v2\/product_tag?post=10395"}],"curies":[{"name":"wp","href":"https:\/\/api.w.org\/{rel}","templated":true}]}}