{"id":10094,"date":"2025-01-12T02:54:37","date_gmt":"2025-01-12T02:54:37","guid":{"rendered":"https:\/\/homeproject.fr\/fr\/?post_type=product&#038;p=10094"},"modified":"2025-01-12T03:08:31","modified_gmt":"2025-01-12T03:08:31","slug":"tapis-contemporain-poster-par-inkiostro-bianco","status":"publish","type":"product","link":"https:\/\/homeproject.fr\/fr\/produit\/tapis-contemporain-poster-par-inkiostro-bianco\/","title":{"rendered":"Tapis contemporain POSTER par Inkiostro Bianco"},"content":{"rendered":"<div class=\"flex-1 overflow-hidden @container\/thread\">\n<div class=\"h-full\">\n<div class=\"react-scroll-to-bottom--css-avwfw-79elbk h-full\">\n<div class=\"react-scroll-to-bottom--css-avwfw-1n7m0yu\">\n<div class=\"flex flex-col text-sm md:pb-9\">\n<article class=\"w-full scroll-mb-[var(--thread-trailing-height,150px)] text-token-text-primary focus-visible:outline-2 focus-visible:outline-offset-[-4px]\" dir=\"auto\" data-testid=\"conversation-turn-13\" data-scroll-anchor=\"true\">\n<div class=\"m-auto text-base py-[18px] px-3 md:px-4 w-full md:px-5 lg:px-4 xl:px-5\">\n<div class=\"mx-auto flex flex-1 gap-4 text-base md:gap-5 lg:gap-6 md:max-w-3xl lg:max-w-[40rem] xl:max-w-[48rem]\">\n<div class=\"group\/conversation-turn relative flex w-full min-w-0 flex-col agent-turn\">\n<div class=\"flex-col gap-1 md:gap-3\">\n<div class=\"flex max-w-full flex-col flex-grow\">\n<div class=\"min-h-8 text-message flex w-full flex-col items-end gap-2 whitespace-normal break-words text-start [.text-message+&]:mt-5\" dir=\"auto\" data-message-author-role=\"assistant\" data-message-id=\"dc5cab26-9697-46d2-b6fe-c8745ded277b\" data-message-model-slug=\"gpt-4o\">\n<div class=\"flex w-full flex-col gap-1 empty:hidden first:pt-[3px]\">\n<div class=\"markdown prose w-full break-words dark:prose-invert light\">\n<div class=\"flex max-w-full flex-col flex-grow\">\n<div class=\"min-h-8 text-message flex w-full flex-col items-end gap-2 whitespace-normal break-words text-start [.text-message+&]:mt-5\" dir=\"auto\" data-message-author-role=\"assistant\" data-message-id=\"2e086509-738a-440b-aa3a-0d6f593be17b\" data-message-model-slug=\"gpt-4o\">\n<div class=\"flex w-full flex-col gap-1 empty:hidden first:pt-[3px]\">\n<div class=\"markdown prose w-full break-words dark:prose-invert light\">\n<h3>Caract\u00e9ristiques principales :<\/h3>\n<p>\u2022Design artistique : Inspir\u00e9 par un collage graphique aux textures vari\u00e9es, le tapis Poster joue avec les contrastes de couleurs et de motifs pour un rendu captivant et moderne.<\/p>\n<p>\u2022Fabrication haut de gamme : Con\u00e7u en fils hypoallerg\u00e9niques et non toxiques, il est respectueux de l\u2019environnement et garantit durabilit\u00e9 et s\u00e9curit\u00e9.<\/p>\n<p>\u2022Polyvalence d\u2019utilisation : Gr\u00e2ce \u00e0 son format long et \u00e9troit, il s\u2019int\u00e8gre parfaitement dans des projets r\u00e9sidentiels, commerciaux ou professionnels.<\/p>\n<h3>Un tapis alliant style et fonctionnalit\u00e9 :<\/h3>\n<p>Le tapis Poster ne se limite pas \u00e0 une simple fonction d\u00e9corative : il transforme chaque espace en une v\u00e9ritable galerie d\u2019art. Son design asym\u00e9trique et ses finitions impeccables offrent une esth\u00e9tique hautement sophistiqu\u00e9e qui attire l\u2019\u0153il tout en cr\u00e9ant une ambiance harmonieuse.<\/p>\n<h3>Pourquoi choisir le tapis Poster ?<\/h3>\n<p>Avec ses dimensions distinctives et son design avant-gardiste, le tapis Poster est id\u00e9al pour :<\/p>\n<p>\u2022Habiller des couloirs ou des espaces \u00e9troits avec \u00e9l\u00e9gance.<\/p>\n<p>\u2022Ajouter une touche artistique dans des espaces modernes ou \u00e9clectiques.<\/p>\n<p>\u2022Cr\u00e9er des associations uniques avec des papiers peints ou autres \u00e9l\u00e9ments d\u00e9coratifs de la collection White Paper.<\/p>\n<p>Laissez le tapis Poster devenir la pi\u00e8ce ma\u00eetresse de vos int\u00e9rieurs et profitez d\u2019un design innovant sign\u00e9 Inkiostro Bianco. Disponible d\u00e8s maintenant en 300 x 100 cm.<\/p>\n<p><strong>D\u00e9couvrez les tapis INK.RUGS : une immersion sensorielle unique<\/strong><\/p>\n<p>Les tapis INK.RUGS ne sont pas de simples tapis : ce sont de v\u00e9ritables condens\u00e9s de sons, formes et couleurs. V\u00e9ritables \u0153uvres d\u2019art en mouvement, ils offrent une exp\u00e9rience immersive et sensorielle, cr\u00e9ant des connexions entre vos sens dans un v\u00e9ritable kal\u00e9idoscope d\u2019\u00e9motions.<\/p>\n<h3>Mat\u00e9riaux et fabrication<\/h3>\n<p>Les tapis INK.RUGS sont con\u00e7us avec des fils hypoallerg\u00e9niques et non toxiques. Ils sont robustes, faciles \u00e0 nettoyer, et exempts de substances nocives. Chaque \u00e9tape de leur production respecte l\u2019environnement, de la s\u00e9lection des mat\u00e9riaux aux technologies d\u2019impression utilis\u00e9es. Gr\u00e2ce \u00e0 leurs caract\u00e9ristiques techniques de haute qualit\u00e9, ils conviennent \u00e0 tous les types d\u2019espaces.<\/p>\n<p>Deux finitions disponibles :<\/p>\n<p><strong>1.Soft Touch<\/strong><\/p>\n<p>\u2022Composition : 100 % Polyamide PA 6.6<\/p>\n<p>\u2022Hauteur totale : 8 \u00e0 9 mm<\/p>\n<p>\u2022Densit\u00e9 : jusqu\u2019\u00e0 194 775 n\u0153uds\/m\u00b2<\/p>\n<p>\u2022Id\u00e9al pour un toucher doux et confortable.<\/p>\n<p><img fetchpriority=\"high\" decoding=\"async\" class=\"alignnone size-full wp-image-10071\" src=\"https:\/\/homeproject.fr\/fr\/wp-content\/uploads\/2025\/01\/IMG_9723.jpeg\" alt=\"\" width=\"1080\" height=\"1350\" srcset=\"https:\/\/homeproject.fr\/fr\/wp-content\/uploads\/2025\/01\/IMG_9723.jpeg 1080w, https:\/\/homeproject.fr\/fr\/wp-content\/uploads\/2025\/01\/IMG_9723-840x1050.jpeg 840w, https:\/\/homeproject.fr\/fr\/wp-content\/uploads\/2025\/01\/IMG_9723-240x300.jpeg 240w, https:\/\/homeproject.fr\/fr\/wp-content\/uploads\/2025\/01\/IMG_9723-819x1024.jpeg 819w, https:\/\/homeproject.fr\/fr\/wp-content\/uploads\/2025\/01\/IMG_9723-768x960.jpeg 768w, https:\/\/homeproject.fr\/fr\/wp-content\/uploads\/2025\/01\/IMG_9723-10x12.jpeg 10w\" sizes=\"(max-width: 1080px) 100vw, 1080px\" \/><\/p>\n<p><strong>2.Compact Touch<\/strong><\/p>\n<p>\u2022Composition : 100 % Polyamide PA 6<\/p>\n<p>\u2022Hauteur totale : 5,5 mm<\/p>\n<p>\u2022Densit\u00e9 : 213 000 n\u0153uds\/m\u00b2<\/p>\n<p>\u2022Une option compacte pour une allure moderne et \u00e9pur\u00e9e.<\/p>\n<p><img decoding=\"async\" class=\"alignnone wp-image-10070 size-full\" src=\"https:\/\/homeproject.fr\/fr\/wp-content\/uploads\/2025\/01\/IMG_9722.jpeg\" alt=\"\" width=\"448\" height=\"560\" srcset=\"https:\/\/homeproject.fr\/fr\/wp-content\/uploads\/2025\/01\/IMG_9722.jpeg 448w, https:\/\/homeproject.fr\/fr\/wp-content\/uploads\/2025\/01\/IMG_9722-240x300.jpeg 240w, https:\/\/homeproject.fr\/fr\/wp-content\/uploads\/2025\/01\/IMG_9722-10x12.jpeg 10w\" sizes=\"(max-width: 448px) 100vw, 448px\" \/><\/p>\n<p><strong>Finitions et formats personnalis\u00e9s<\/strong><\/p>\n<p>Une bordure est recommand\u00e9e pour prot\u00e9ger les tapis de l\u2019usure et des effilochages au fil du temps. Trois finitions sont propos\u00e9es :<\/p>\n<p>\u2022Ribbon : ruban \u00e9l\u00e9gant.<\/p>\n<p><strong><img decoding=\"async\" class=\"alignnone size-full wp-image-10072\" src=\"https:\/\/homeproject.fr\/fr\/wp-content\/uploads\/2025\/01\/IMG_9724.jpeg\" alt=\"\" width=\"448\" height=\"560\" srcset=\"https:\/\/homeproject.fr\/fr\/wp-content\/uploads\/2025\/01\/IMG_9724.jpeg 448w, https:\/\/homeproject.fr\/fr\/wp-content\/uploads\/2025\/01\/IMG_9724-240x300.jpeg 240w, https:\/\/homeproject.fr\/fr\/wp-content\/uploads\/2025\/01\/IMG_9724-10x12.jpeg 10w\" sizes=\"(max-width: 448px) 100vw, 448px\" \/><\/strong><\/p>\n<p>\u2022Overlook : finition en fil raffin\u00e9.<\/p>\n<p><img loading=\"lazy\" decoding=\"async\" class=\"alignnone size-full wp-image-10073\" src=\"https:\/\/homeproject.fr\/fr\/wp-content\/uploads\/2025\/01\/IMG_9725.jpeg\" alt=\"\" width=\"448\" height=\"560\" srcset=\"https:\/\/homeproject.fr\/fr\/wp-content\/uploads\/2025\/01\/IMG_9725.jpeg 448w, https:\/\/homeproject.fr\/fr\/wp-content\/uploads\/2025\/01\/IMG_9725-240x300.jpeg 240w, https:\/\/homeproject.fr\/fr\/wp-content\/uploads\/2025\/01\/IMG_9725-10x12.jpeg 10w\" sizes=\"(max-width: 448px) 100vw, 448px\" \/><\/p>\n<p>\u2022Luxury : une bordure haut de gamme.<\/p>\n<p><img loading=\"lazy\" decoding=\"async\" class=\"alignnone size-full wp-image-10074\" src=\"https:\/\/homeproject.fr\/fr\/wp-content\/uploads\/2025\/01\/IMG_9726.jpeg\" alt=\"\" width=\"448\" height=\"560\" srcset=\"https:\/\/homeproject.fr\/fr\/wp-content\/uploads\/2025\/01\/IMG_9726.jpeg 448w, https:\/\/homeproject.fr\/fr\/wp-content\/uploads\/2025\/01\/IMG_9726-240x300.jpeg 240w, https:\/\/homeproject.fr\/fr\/wp-content\/uploads\/2025\/01\/IMG_9726-10x12.jpeg 10w\" sizes=\"(max-width: 448px) 100vw, 448px\" \/><\/p>\n<h3>Un design polyvalent et personnalisable<\/h3>\n<p>Les tapis INK.RUGS s\u2019int\u00e8grent parfaitement dans les espaces r\u00e9sidentiels, h\u00f4tels, bureaux, commerces et bien plus encore. Le savoir-faire de notre \u00e9quipe, en collaboration avec Inkiostro Bianco, vous aide \u00e0 cr\u00e9er des associations uniques avec d\u2019autres \u00e9l\u00e9ments d\u00e9coratifs.<\/p>\n<p>Vous souhaitez associer votre tapis \u00e0 une tapisserie murale d\u2019Inkiostro Bianco ? Notre service de personnalisation peut ajuster les couleurs de votre papier peint pour qu\u2019il s\u2019harmonise avec le tapis choisi. Faites d\u2019INK.RUGS le point de d\u00e9part de votre projet d\u00e9coratif, et laissez Inkiostro Bianco s\u2019occuper du reste.<\/p>\n<p><strong>INK.RUGS : l\u2019art au sol pour transformer vos espaces.<\/strong><\/p>\n<p><strong style=\"font-family: inherit; font-size: 30px;\">Vous avez des questions ?<\/strong><\/p>\n<\/div>\n<\/div>\n<\/div>\n<\/div>\n<style id=\"wpforms-css-vars-3675\">\n\t\t\t\t#wpforms-3675 {\n\t\t\t\t\n\t\t\t}\n\t\t\t<\/style><div class=\"wpforms-container wpforms-container-full wpforms-render-modern\" id=\"wpforms-3675\"><form id=\"wpforms-form-3675\" class=\"wpforms-validate wpforms-form wpforms-ajax-form\" data-formid=\"3675\" method=\"post\" enctype=\"multipart\/form-data\" action=\"\/fr\/wp-json\/wp\/v2\/product\/10094\" data-token=\"d9cac57c667df8bc4c0070341ca78ed8\" data-token-time=\"1778545265\"><noscript class=\"wpforms-error-noscript\">Veuillez activer JavaScript dans votre navigateur pour remplir ce formulaire.<\/noscript><div id=\"wpforms-error-noscript\" style=\"display: none;\">Veuillez activer JavaScript dans votre navigateur pour remplir ce formulaire.<\/div><div class=\"wpforms-field-container\"><div id=\"wpforms-3675-field_3-container\" class=\"wpforms-field wpforms-field-name\" data-field-id=\"3\"><fieldset><legend class=\"wpforms-field-label\">Nom <span class=\"wpforms-required-label\" aria-hidden=\"true\">*<\/span><\/legend><div class=\"wpforms-field-row wpforms-field-medium\"><div class=\"wpforms-field-row-block wpforms-first wpforms-one-half\"><input type=\"text\" id=\"wpforms-3675-field_3\" class=\"wpforms-field-name-first wpforms-field-required\" name=\"wpforms[fields][3][first]\" aria-errormessage=\"wpforms-3675-field_3-error\" required><label for=\"wpforms-3675-field_3\" class=\"wpforms-field-sublabel after\">Pr\u00e9nom<\/label><\/div><div class=\"wpforms-field-row-block wpforms-one-half\"><input type=\"text\" id=\"wpforms-3675-field_3-last\" class=\"wpforms-field-name-last wpforms-field-required\" name=\"wpforms[fields][3][last]\" aria-errormessage=\"wpforms-3675-field_3-last-error\" required><label for=\"wpforms-3675-field_3-last\" class=\"wpforms-field-sublabel after\">Nom<\/label><\/div><\/div><\/fieldset><\/div><div id=\"wpforms-3675-field_4-container\" class=\"wpforms-field wpforms-field-email\" data-field-id=\"4\"><label class=\"wpforms-field-label\" for=\"wpforms-3675-field_4\">E-mail <span class=\"wpforms-required-label\" aria-hidden=\"true\">*<\/span><\/label><input type=\"email\" id=\"wpforms-3675-field_4\" class=\"wpforms-field-medium wpforms-field-required\" name=\"wpforms[fields][4]\" spellcheck=\"false\" aria-errormessage=\"wpforms-3675-field_4-error\" required><\/div>\t\t<div id=\"wpforms-3675-field_1-container\"\n\t\t\tclass=\"wpforms-field wpforms-field-text\"\n\t\t\tdata-field-type=\"text\"\n\t\t\tdata-field-id=\"1\"\n\t\t\t>\n\t\t\t<label class=\"wpforms-field-label\" for=\"wpforms-3675-field_1\" >Nom E-mail Message<\/label>\n\t\t\t<input type=\"text\" id=\"wpforms-3675-field_1\" class=\"wpforms-field-medium\" name=\"wpforms[fields][1]\" >\n\t\t<\/div>\n\t\t<div id=\"wpforms-3675-field_5-container\" class=\"wpforms-field wpforms-field-textarea\" data-field-id=\"5\"><label class=\"wpforms-field-label\" for=\"wpforms-3675-field_5\">Message <span class=\"wpforms-required-label\" aria-hidden=\"true\">*<\/span><\/label><textarea id=\"wpforms-3675-field_5\" class=\"wpforms-field-medium wpforms-field-required\" name=\"wpforms[fields][5]\" aria-errormessage=\"wpforms-3675-field_5-error\" required><\/textarea><\/div><script>\n\t\t\t\t( function() {\n\t\t\t\t\tconst style = document.createElement( 'style' );\n\t\t\t\t\tstyle.appendChild( document.createTextNode( '#wpforms-3675-field_1-container { position: absolute !important; overflow: hidden !important; display: inline !important; height: 1px !important; width: 1px !important; z-index: -1000 !important; padding: 0 !important; } #wpforms-3675-field_1-container input { visibility: hidden; } #wpforms-conversational-form-page #wpforms-3675-field_1-container label { counter-increment: none; }' ) );\n\t\t\t\t\tdocument.head.appendChild( style );\n\t\t\t\t\tdocument.currentScript?.remove();\n\t\t\t\t} )();\n\t\t\t<\/script><\/div><!-- .wpforms-field-container --><div class=\"wpforms-submit-container\" ><input type=\"hidden\" name=\"wpforms[id]\" value=\"3675\"><input type=\"hidden\" name=\"page_title\" value=\"\"><input type=\"hidden\" name=\"page_url\" value=\"https:\/\/homeproject.fr\/fr\/wp-json\/wp\/v2\/product\/10094\"><input type=\"hidden\" name=\"url_referer\" value=\"\"><button type=\"submit\" name=\"wpforms[submit]\" id=\"wpforms-submit-3675\" class=\"wpforms-submit\" data-alt-text=\"Envoi...\" data-submit-text=\"Envoyer\" aria-live=\"assertive\" value=\"wpforms-submit\">Envoyer<\/button><img loading=\"lazy\" decoding=\"async\" src=\"https:\/\/homeproject.fr\/fr\/wp-content\/plugins\/wpforms-lite\/assets\/images\/submit-spin.svg\" class=\"wpforms-submit-spinner\" style=\"display: none;\" width=\"26\" height=\"26\" alt=\"Chargement en cours\"><\/div><\/form><\/div>  <!-- .wpforms-container -->\n<\/div>\n<\/div>\n<\/div>\n<\/div>\n<\/div>\n<\/div>\n<\/div>\n<\/div>\n<\/article>\n<\/div>\n<\/div>\n<\/div>\n<\/div>\n<\/div>\n","protected":false},"excerpt":{"rendered":"<p>Le tapis Poster, sign\u00e9 Inkiostro Bianco, est une pi\u00e8ce d\u2019exception qui combine art et design contemporain. Avec ses dimensions g\u00e9n\u00e9reuses de 300 x 100 cm, ce tapis allong\u00e9 est parfait pour sublimer des espaces tels que des couloirs, halls d\u2019entr\u00e9e ou tout autre environnement n\u00e9cessitant une touche d\u2019\u00e9l\u00e9gance et d\u2019originalit\u00e9.<\/p>\n","protected":false},"featured_media":10110,"template":"","meta":{"_uf_show_specific_survey":0,"_uf_disable_surveys":false,"iawp_total_views":8},"product_brand":[],"product_cat":[349],"product_tag":[],"class_list":{"0":"post-10094","1":"product","2":"type-product","3":"status-publish","4":"has-post-thumbnail","6":"product_cat-tapis","7":"product_shipping_class-gros-colis-messagerie","8":"pa_collection-wow-rugs-par-inkiostro-bianco","9":"pa_marque-inkiostro-bianco","10":"pa_materiau-polyamide","11":"pa_materiau-polyester","13":"first","14":"instock","15":"taxable","16":"shipping-taxable","17":"purchasable","18":"product-type-variable"},"yoast_head":"<!-- This site is optimized with the Yoast SEO plugin v27.5 - https:\/\/yoast.com\/product\/yoast-seo-wordpress\/ -->\n<title>Tapis contemporain POSTER par Inkiostro Bianco - Homeproject.fr<\/title>\n<meta name=\"robots\" content=\"index, follow, max-snippet:-1, max-image-preview:large, max-video-preview:-1\" \/>\n<link rel=\"canonical\" href=\"https:\/\/homeproject.fr\/fr\/produit\/tapis-contemporain-poster-par-inkiostro-bianco\/\" \/>\n<meta property=\"og:locale\" content=\"fr_FR\" \/>\n<meta property=\"og:type\" content=\"article\" \/>\n<meta property=\"og:title\" content=\"Tapis contemporain POSTER par Inkiostro Bianco - Homeproject.fr\" \/>\n<meta property=\"og:description\" content=\"Le tapis Poster, sign\u00e9 Inkiostro Bianco, est une pi\u00e8ce d\u2019exception qui combine art et design contemporain. Avec ses dimensions g\u00e9n\u00e9reuses de 300 x 100 cm, ce tapis allong\u00e9 est parfait pour sublimer des espaces tels que des couloirs, halls d\u2019entr\u00e9e ou tout autre environnement n\u00e9cessitant une touche d\u2019\u00e9l\u00e9gance et d\u2019originalit\u00e9.\" \/>\n<meta property=\"og:url\" content=\"https:\/\/homeproject.fr\/fr\/produit\/tapis-contemporain-poster-par-inkiostro-bianco\/\" \/>\n<meta property=\"og:site_name\" content=\"Homeproject.fr\" \/>\n<meta property=\"article:modified_time\" content=\"2025-01-12T03:08:31+00:00\" \/>\n<meta property=\"og:image\" content=\"https:\/\/homeproject.fr\/fr\/wp-content\/uploads\/2025\/01\/Sans-titre-159.jpeg\" \/>\n\t<meta property=\"og:image:width\" content=\"1500\" \/>\n\t<meta property=\"og:image:height\" content=\"1500\" \/>\n\t<meta property=\"og:image:type\" content=\"image\/jpeg\" \/>\n<meta name=\"twitter:card\" content=\"summary_large_image\" \/>\n<meta name=\"twitter:label1\" content=\"Dur\u00e9e de lecture estim\u00e9e\" \/>\n\t<meta name=\"twitter:data1\" content=\"4 minutes\" \/>\n<script type=\"application\/ld+json\" class=\"yoast-schema-graph\">{\"@context\":\"https:\\\/\\\/schema.org\",\"@graph\":[{\"@type\":\"WebPage\",\"@id\":\"https:\\\/\\\/homeproject.fr\\\/fr\\\/produit\\\/tapis-contemporain-poster-par-inkiostro-bianco\\\/\",\"url\":\"https:\\\/\\\/homeproject.fr\\\/fr\\\/produit\\\/tapis-contemporain-poster-par-inkiostro-bianco\\\/\",\"name\":\"Tapis contemporain POSTER par Inkiostro Bianco - Homeproject.fr\",\"isPartOf\":{\"@id\":\"https:\\\/\\\/homeproject.fr\\\/fr\\\/#website\"},\"primaryImageOfPage\":{\"@id\":\"https:\\\/\\\/homeproject.fr\\\/fr\\\/produit\\\/tapis-contemporain-poster-par-inkiostro-bianco\\\/#primaryimage\"},\"image\":{\"@id\":\"https:\\\/\\\/homeproject.fr\\\/fr\\\/produit\\\/tapis-contemporain-poster-par-inkiostro-bianco\\\/#primaryimage\"},\"thumbnailUrl\":\"https:\\\/\\\/homeproject.fr\\\/fr\\\/wp-content\\\/uploads\\\/2025\\\/01\\\/Sans-titre-159.jpeg\",\"datePublished\":\"2025-01-12T02:54:37+00:00\",\"dateModified\":\"2025-01-12T03:08:31+00:00\",\"breadcrumb\":{\"@id\":\"https:\\\/\\\/homeproject.fr\\\/fr\\\/produit\\\/tapis-contemporain-poster-par-inkiostro-bianco\\\/#breadcrumb\"},\"inLanguage\":\"fr-FR\",\"potentialAction\":[{\"@type\":\"ReadAction\",\"target\":[\"https:\\\/\\\/homeproject.fr\\\/fr\\\/produit\\\/tapis-contemporain-poster-par-inkiostro-bianco\\\/\"]}]},{\"@type\":\"ImageObject\",\"inLanguage\":\"fr-FR\",\"@id\":\"https:\\\/\\\/homeproject.fr\\\/fr\\\/produit\\\/tapis-contemporain-poster-par-inkiostro-bianco\\\/#primaryimage\",\"url\":\"https:\\\/\\\/homeproject.fr\\\/fr\\\/wp-content\\\/uploads\\\/2025\\\/01\\\/Sans-titre-159.jpeg\",\"contentUrl\":\"https:\\\/\\\/homeproject.fr\\\/fr\\\/wp-content\\\/uploads\\\/2025\\\/01\\\/Sans-titre-159.jpeg\",\"width\":1500,\"height\":1500},{\"@type\":\"BreadcrumbList\",\"@id\":\"https:\\\/\\\/homeproject.fr\\\/fr\\\/produit\\\/tapis-contemporain-poster-par-inkiostro-bianco\\\/#breadcrumb\",\"itemListElement\":[{\"@type\":\"ListItem\",\"position\":1,\"name\":\"Accueil\",\"item\":\"https:\\\/\\\/homeproject.fr\\\/fr\\\/\"},{\"@type\":\"ListItem\",\"position\":2,\"name\":\"Boutique\",\"item\":\"https:\\\/\\\/homeproject.fr\\\/fr\\\/boutique\\\/\"},{\"@type\":\"ListItem\",\"position\":3,\"name\":\"Tapis contemporain POSTER par Inkiostro Bianco\"}]},{\"@type\":\"WebSite\",\"@id\":\"https:\\\/\\\/homeproject.fr\\\/fr\\\/#website\",\"url\":\"https:\\\/\\\/homeproject.fr\\\/fr\\\/\",\"name\":\"Homeproject.fr\",\"description\":\"Offrez l&#039;exceptionnel \u00e0 vos espaces \u00e0 vivre\",\"publisher\":{\"@id\":\"https:\\\/\\\/homeproject.fr\\\/fr\\\/#organization\"},\"potentialAction\":[{\"@type\":\"SearchAction\",\"target\":{\"@type\":\"EntryPoint\",\"urlTemplate\":\"https:\\\/\\\/homeproject.fr\\\/fr\\\/?s={search_term_string}\"},\"query-input\":{\"@type\":\"PropertyValueSpecification\",\"valueRequired\":true,\"valueName\":\"search_term_string\"}}],\"inLanguage\":\"fr-FR\"},{\"@type\":\"Organization\",\"@id\":\"https:\\\/\\\/homeproject.fr\\\/fr\\\/#organization\",\"name\":\"Homeproject.fr\",\"url\":\"https:\\\/\\\/homeproject.fr\\\/fr\\\/\",\"logo\":{\"@type\":\"ImageObject\",\"inLanguage\":\"fr-FR\",\"@id\":\"https:\\\/\\\/homeproject.fr\\\/fr\\\/#\\\/schema\\\/logo\\\/image\\\/\",\"url\":\"https:\\\/\\\/homeproject.fr\\\/fr\\\/wp-content\\\/uploads\\\/2024\\\/12\\\/Logo_HomeProject-noir-2.png\",\"contentUrl\":\"https:\\\/\\\/homeproject.fr\\\/fr\\\/wp-content\\\/uploads\\\/2024\\\/12\\\/Logo_HomeProject-noir-2.png\",\"width\":300,\"height\":91,\"caption\":\"Homeproject.fr\"},\"image\":{\"@id\":\"https:\\\/\\\/homeproject.fr\\\/fr\\\/#\\\/schema\\\/logo\\\/image\\\/\"}}]}<\/script>\n<!-- \/ Yoast SEO plugin. -->","yoast_head_json":{"title":"Tapis contemporain POSTER par Inkiostro Bianco - Homeproject.fr","robots":{"index":"index","follow":"follow","max-snippet":"max-snippet:-1","max-image-preview":"max-image-preview:large","max-video-preview":"max-video-preview:-1"},"canonical":"https:\/\/homeproject.fr\/fr\/produit\/tapis-contemporain-poster-par-inkiostro-bianco\/","og_locale":"fr_FR","og_type":"article","og_title":"Tapis contemporain POSTER par Inkiostro Bianco - Homeproject.fr","og_description":"Le tapis Poster, sign\u00e9 Inkiostro Bianco, est une pi\u00e8ce d\u2019exception qui combine art et design contemporain. Avec ses dimensions g\u00e9n\u00e9reuses de 300 x 100 cm, ce tapis allong\u00e9 est parfait pour sublimer des espaces tels que des couloirs, halls d\u2019entr\u00e9e ou tout autre environnement n\u00e9cessitant une touche d\u2019\u00e9l\u00e9gance et d\u2019originalit\u00e9.","og_url":"https:\/\/homeproject.fr\/fr\/produit\/tapis-contemporain-poster-par-inkiostro-bianco\/","og_site_name":"Homeproject.fr","article_modified_time":"2025-01-12T03:08:31+00:00","og_image":[{"width":1500,"height":1500,"url":"https:\/\/homeproject.fr\/fr\/wp-content\/uploads\/2025\/01\/Sans-titre-159.jpeg","type":"image\/jpeg"}],"twitter_card":"summary_large_image","twitter_misc":{"Dur\u00e9e de lecture estim\u00e9e":"4 minutes"},"schema":{"@context":"https:\/\/schema.org","@graph":[{"@type":"WebPage","@id":"https:\/\/homeproject.fr\/fr\/produit\/tapis-contemporain-poster-par-inkiostro-bianco\/","url":"https:\/\/homeproject.fr\/fr\/produit\/tapis-contemporain-poster-par-inkiostro-bianco\/","name":"Tapis contemporain POSTER par Inkiostro Bianco - Homeproject.fr","isPartOf":{"@id":"https:\/\/homeproject.fr\/fr\/#website"},"primaryImageOfPage":{"@id":"https:\/\/homeproject.fr\/fr\/produit\/tapis-contemporain-poster-par-inkiostro-bianco\/#primaryimage"},"image":{"@id":"https:\/\/homeproject.fr\/fr\/produit\/tapis-contemporain-poster-par-inkiostro-bianco\/#primaryimage"},"thumbnailUrl":"https:\/\/homeproject.fr\/fr\/wp-content\/uploads\/2025\/01\/Sans-titre-159.jpeg","datePublished":"2025-01-12T02:54:37+00:00","dateModified":"2025-01-12T03:08:31+00:00","breadcrumb":{"@id":"https:\/\/homeproject.fr\/fr\/produit\/tapis-contemporain-poster-par-inkiostro-bianco\/#breadcrumb"},"inLanguage":"fr-FR","potentialAction":[{"@type":"ReadAction","target":["https:\/\/homeproject.fr\/fr\/produit\/tapis-contemporain-poster-par-inkiostro-bianco\/"]}]},{"@type":"ImageObject","inLanguage":"fr-FR","@id":"https:\/\/homeproject.fr\/fr\/produit\/tapis-contemporain-poster-par-inkiostro-bianco\/#primaryimage","url":"https:\/\/homeproject.fr\/fr\/wp-content\/uploads\/2025\/01\/Sans-titre-159.jpeg","contentUrl":"https:\/\/homeproject.fr\/fr\/wp-content\/uploads\/2025\/01\/Sans-titre-159.jpeg","width":1500,"height":1500},{"@type":"BreadcrumbList","@id":"https:\/\/homeproject.fr\/fr\/produit\/tapis-contemporain-poster-par-inkiostro-bianco\/#breadcrumb","itemListElement":[{"@type":"ListItem","position":1,"name":"Accueil","item":"https:\/\/homeproject.fr\/fr\/"},{"@type":"ListItem","position":2,"name":"Boutique","item":"https:\/\/homeproject.fr\/fr\/boutique\/"},{"@type":"ListItem","position":3,"name":"Tapis contemporain POSTER par Inkiostro Bianco"}]},{"@type":"WebSite","@id":"https:\/\/homeproject.fr\/fr\/#website","url":"https:\/\/homeproject.fr\/fr\/","name":"Homeproject.fr","description":"Offrez l&#039;exceptionnel \u00e0 vos espaces \u00e0 vivre","publisher":{"@id":"https:\/\/homeproject.fr\/fr\/#organization"},"potentialAction":[{"@type":"SearchAction","target":{"@type":"EntryPoint","urlTemplate":"https:\/\/homeproject.fr\/fr\/?s={search_term_string}"},"query-input":{"@type":"PropertyValueSpecification","valueRequired":true,"valueName":"search_term_string"}}],"inLanguage":"fr-FR"},{"@type":"Organization","@id":"https:\/\/homeproject.fr\/fr\/#organization","name":"Homeproject.fr","url":"https:\/\/homeproject.fr\/fr\/","logo":{"@type":"ImageObject","inLanguage":"fr-FR","@id":"https:\/\/homeproject.fr\/fr\/#\/schema\/logo\/image\/","url":"https:\/\/homeproject.fr\/fr\/wp-content\/uploads\/2024\/12\/Logo_HomeProject-noir-2.png","contentUrl":"https:\/\/homeproject.fr\/fr\/wp-content\/uploads\/2024\/12\/Logo_HomeProject-noir-2.png","width":300,"height":91,"caption":"Homeproject.fr"},"image":{"@id":"https:\/\/homeproject.fr\/fr\/#\/schema\/logo\/image\/"}}]}},"_links":{"self":[{"href":"https:\/\/homeproject.fr\/fr\/wp-json\/wp\/v2\/product\/10094","targetHints":{"allow":["GET"]}}],"collection":[{"href":"https:\/\/homeproject.fr\/fr\/wp-json\/wp\/v2\/product"}],"about":[{"href":"https:\/\/homeproject.fr\/fr\/wp-json\/wp\/v2\/types\/product"}],"version-history":[{"count":2,"href":"https:\/\/homeproject.fr\/fr\/wp-json\/wp\/v2\/product\/10094\/revisions"}],"predecessor-version":[{"id":10112,"href":"https:\/\/homeproject.fr\/fr\/wp-json\/wp\/v2\/product\/10094\/revisions\/10112"}],"wp:featuredmedia":[{"embeddable":true,"href":"https:\/\/homeproject.fr\/fr\/wp-json\/wp\/v2\/media\/10110"}],"wp:attachment":[{"href":"https:\/\/homeproject.fr\/fr\/wp-json\/wp\/v2\/media?parent=10094"}],"wp:term":[{"taxonomy":"product_brand","embeddable":true,"href":"https:\/\/homeproject.fr\/fr\/wp-json\/wp\/v2\/product_brand?post=10094"},{"taxonomy":"product_cat","embeddable":true,"href":"https:\/\/homeproject.fr\/fr\/wp-json\/wp\/v2\/product_cat?post=10094"},{"taxonomy":"product_tag","embeddable":true,"href":"https:\/\/homeproject.fr\/fr\/wp-json\/wp\/v2\/product_tag?post=10094"}],"curies":[{"name":"wp","href":"https:\/\/api.w.org\/{rel}","templated":true}]}}